{"id":730,"date":"2024-04-15T23:12:11","date_gmt":"2024-04-15T21:12:11","guid":{"rendered":"https:\/\/www.artisanlocal.ch\/c\/entreprise-de-peintre-a-yverdon\/"},"modified":"2025-09-18T12:49:27","modified_gmt":"2025-09-18T10:49:27","slug":"entreprise-de-peintre-a-yverdon","status":"publish","type":"page","link":"https:\/\/www.artisanlocal.ch\/c\/entreprise-de-peintre-a-yverdon\/","title":{"rendered":"Peintre \u00e0 Yverdon-les-Bains"},"content":{"rendered":"<p>Besoin d&rsquo;un peintre \u00e0 Yverdon-les-Bains ? Artisanlocal vous propose des travaux de peinture int\u00e9rieurs et ext\u00e9rieurs. Notre \u00e9quipe s&rsquo;adapte \u00e0 votre emploi du temps et intervient rapidement chez vous \u00e0 Yverdon-les-Bains et dans les villes \u00e0 proximit\u00e9.<br \/>\n\r\n<div class=\"box\">\r\n            <div class=\"company-info\">\r\n            <img decoding=\"async\" class=\"company-info__logo\" src=\"https:\/\/www.artisanlocal.ch\/media\/cache\/thumb\/images\/companies\/62024bd5bf404401090995.png\" alt=\"Logo\">\r\n            <h2 class=\"company-info__name\">Roy fr\u00e8res SNC<\/h2>\r\n            <p class=\"company-info__business\">Entreprise de Peinture - Pl\u00e2trerie - Isolation<\/p>\r\n        <\/div>\r\n        <div class=\"company-contact\">\r\n            <p class=\"company-info__address\">Chemin de Cotty 13<\/p>\r\n                            <div class=\"links\">\r\n                                            <a class=\"btn has-accent-background-color js-phoneNumber\" href=\"tel:0796220493\" title=\"Appelez\" data-id=\"2932\" data-type=\"11\">079 622 04 93<\/a>\r\n                                                                <a class=\"btn has-accent-background-color\" href=\"https:\/\/roypeinture.ch\/\" target=\"_blank\" title=\"Voir le site internet\" data-id=\"2932\" data-type=\"20\">Site internet<\/a>\r\n                                    <\/div>\r\n                    <\/div>\r\n    \r\n            \r\n<form action=\"https:\/\/www.artisanlocal.ch\/c\/wp-admin\/admin-ajax.php\" method=\"post\" class=\"form-contact\" id=\"artisan_form_contact_company_inline\">\r\n    <div><input type=\"hidden\" name=\"action\" value=\"company_contact\"><\/div>\r\n    <div><input type=\"hidden\" name=\"nonce\" value=\"67a23a8c67\"><\/div>\r\n    <div><input type=\"hidden\" name=\"company_id\" value=\"2932\"><\/div>\r\n    <div><input type=\"hidden\" name=\"form_id\" value=\"artisan_form_contact_company_inline\"><\/div>\r\n    <div class=\"gglcptch gglcptch_v3 gglcptch_custom\"><input type=\"hidden\" id=\"g-recaptcha-response\" name=\"g-recaptcha-response\" \/><br \/><div class=\"gglcptch_error_text\">La p\u00e9riode de v\u00e9rification reCAPTCHA a expir\u00e9. Veuillez recharger la page.<\/div><\/div>    <div class=\"form-content\">\r\n        <div class=\"form-group\">\r\n            <label for=\"contact_firstName\" class=\"required\">Pr\u00e9nom<\/label>\r\n            <input type=\"text\" name=\"firstName\" class=\"form-control\" required>\r\n        <\/div>\r\n        <div class=\"form-group\">\r\n            <label for=\"contact_lastName\" class=\"required\">Nom<\/label>\r\n            <input type=\"text\" name=\"lastName\" class=\"form-control\" required>\r\n        <\/div>\r\n        <div class=\"form-group\">\r\n            <label for=\"contact_email\" class=\"required\">Email<\/label>\r\n            <input type=\"email\" name=\"email\" class=\"form-control\" required>\r\n        <\/div>\r\n        <div class=\"form-group\">\r\n            <label for=\"contact_phone\" class=\"required\">Num\u00e9ro de t\u00e9l\u00e9phone<\/label>\r\n            <input type=\"tel\" name=\"phone\" class=\"form-control\" placeholder=\"0787117165\" pattern=\"^[0-9]{10}$\" required>\r\n        <\/div>\r\n        <div class=\"form-group\">\r\n            <label for=\"contact_postalCode\" class=\"required\">Code postal et localit\u00e9<\/label>\r\n            <input type=\"text\" name=\"postalCode\" class=\"form-control\" required>\r\n        <\/div>\r\n        <div class=\"form-group\">\r\n            <label for=\"contact_address\" class=\"required\">Adresse<\/label>\r\n            <input type=\"text\" name=\"address\" class=\"form-control\" required>\r\n        <\/div>\r\n        <div class=\"full-width topic\">\r\n            <p class=\"required\">Je souhaite \u00eatre contact\u00e9 pour :<\/p>\r\n            <div class=\"form-check\">\r\n                <input type=\"radio\" name=\"topic\" value=\"D\u00e9pannage\" class=\"form-control\" required>\r\n                <label for=\"d\u00e9pannage\">D\u00e9pannage<\/label>\r\n            <\/div>\r\n            <div class=\"form-check\">\r\n                <input type=\"radio\" name=\"topic\" value=\"Entretien\" class=\"form-control\" required>\r\n                <label for=\"entretien\">Entretien<\/label>\r\n            <\/div>\r\n            <div class=\"form-check\">\r\n                <input type=\"radio\" name=\"topic\" value=\"R\u00e9novation\" class=\"form-control\" required>\r\n                <label for=\"r\u00e9novation\">R\u00e9novation<\/label>\r\n            <\/div>\r\n            <div class=\"form-check\">\r\n                <input type=\"radio\" name=\"topic\" value=\"Autre\" class=\"form-control\" required>\r\n                <label for=\"autre\">Autre<\/label>\r\n            <\/div>\r\n        <\/div>\r\n        <div class=\"form-group full-width\">\r\n            <label for=\"contact_message\">Message<\/label>\r\n            <textarea name=\"message\" rows=\"3\" class=\"form-control\"><\/textarea>\r\n        <\/div>\r\n    <\/div>\r\n    <div class=\"form-actions\">\r\n        <button class=\"wp-block-button__link has-accent-background-color\">Contacter<\/button>\r\n    <\/div>\r\n<\/form>\r\n<div class=\"form-feedback\"><\/div>    <\/div><\/p>\n<h2>Quelle est la gamme de prestations d&rsquo;Artisanlocal ?<\/h2>\n<ul>\n<li>Peinture int\u00e9rieure : sur les moulures, les murs, les plafonds, les portes, et dans des endroits comme la salle d&rsquo;eau, le salon et la chambre.<\/li>\n<li>Peinture ext\u00e9rieure : ajout d\u2019une nouvelle couche de peinture sur le bardage, la brique, le stuc, les terrasses, les cl\u00f4tures et les portes de garage.<\/li>\n<li>Peinture d\u00e9corative : pour cr\u00e9er des effets visuels comme le faux marbre, les patines, l&rsquo;effet vieilli, le faux bois et l&rsquo;effet oxyd\u00e9.<\/li>\n<li>Peinture pour cuisine : application d&rsquo;une couche de peinture, comme la peinture satin\u00e9e, qui est facile \u00e0 nettoyer.<\/li>\n<li>Les travaux d&rsquo;enduits d\u00e9coratifs : installation d&rsquo;enduits comme le tadelakt ou le b\u00e9ton cir\u00e9.<\/li>\n<li>Peinture d\u00e9corative : fabrication de fresques murales, d\u00e9coratives, artistiques, ext\u00e9rieures ou int\u00e9rieures.<\/li>\n<li>Peinture pour le ravalement de fa\u00e7ade : restauration de votre fa\u00e7ade ext\u00e9rieure, cr\u00e9pi, bardage, pose d&rsquo;enduit ou de peinture.<\/li>\n<li>Peinture sur zones en hauteur : dans des lieux compliqu\u00e9s comme les ponts, les usines ou les tours.<\/li>\n<li>Peinture de finition : pose des finitions sur les meubles de cuisine ou dans la salle d&rsquo;eau.<\/li>\n<li>Les services de r\u00e9novation et d&rsquo;installation : la pose de cloisons s\u00e8ches, le comblement des trous dans les murs ou la remise en \u00e9tat des fissures.<\/li>\n<li>Installation et enl\u00e8vement de l&rsquo;ancien de papier peint : changement et suppression de votre ancien papier peint.<\/li>\n<li>Peinture pour entreprise : les bureaux, restaurants, \u00e9coles, complexes sportifs et autres biens immobiliers commerciaux.<\/li>\n<li>Peinture pour b\u00e2timent : les immeubles, pour la pr\u00e9paration des zones \u00e0 peindre, la r\u00e9alisation des travaux de finition et l\u2019application des peintures et rev\u00eatements.<\/li>\n<\/ul>\n<h2>Comment fonctionne votre soci\u00e9t\u00e9 ?<\/h2>\n<h3>\u00c9tape 1\u00a0 : commandez une estimation<\/h3>\n<p>Demandez un devis en ligne ou par t\u00e9l\u00e9phone et recevez votre estimation rapidement.<\/p>\n<h3>\u00c9tape 2\u00a0 : \u00e9tudier votre devis<\/h3>\n<p>Soyez s\u00fbr que le devis que vous obtenez fixe correctement le prix de votre projet. En cas de questionnement sur votre devis, n&rsquo;h\u00e9sitez pas \u00e0 nous joindre pour obtenir des informations suppl\u00e9mentaires.<\/p>\n<h3>\u00c9tape 3\u00a0 : \u00e9tablir la date de d\u00e9marrage de votre projet<\/h3>\n<p>Apr\u00e8s la validation du devis, nous programmons ensemble le commencement de votre projet. Pour assurer la bonne r\u00e9ussite de votre chantier, nous vous mettons \u00e0 votre disposition un chef de projet.<\/p>\n<h2>Combien faut-il d\u00e9bourser pour une prestation de peinture \u00e0 Yverdon-les-Bains ?<\/h2>\n<p>Le tarif d&rsquo;une intervention est impact\u00e9 par l&rsquo;\u00e9tat de vos murs et plafonds. En moyenne, les prix se situent entre 60 et 70 francs suisses par heure. Le co\u00fbt de main-d&rsquo;\u0153uvre repr\u00e9sente environ 80% \u00e0 90% du montant total, tandis que le prix des travaux peinture ne constitue que 10% \u00e0 20% du montant.<\/p>\n<h2>Pourquoi choisir nos artisans peintres \u00e0 Yverdon-les-Bains ?<\/h2>\n<ul>\n<li>Accessibilit\u00e9 : situ\u00e9s \u00e0 Yverdon-les-Bains, nos artisans peintres arrivent d\u00e8s que possible \u00e0 votre domicile.<\/li>\n<li>Qualit\u00e9 : en choisissant notre entreprise, vous choisissez l&rsquo;excellence et le savoir-faire.<\/li>\n<li>Prix accessibles : nos montants sont \u00e9tudi\u00e9s selon vos d\u00e9sirs et vos moyens.<\/li>\n<li>Offres personnalis\u00e9es : nous prenons en compte les sp\u00e9cificit\u00e9s de votre projet de peinture dans le but de vous pr\u00e9senter des prestations personnalis\u00e9es.<\/li>\n<li>Le savoir-faire, nos artisans peintres \u00e0 Yverdon-les-Bains ont plusieurs expertises, telles que : le nettoyage et la pr\u00e9paration des zones avant l&rsquo;application de la peinture, la pose des diff\u00e9rentes couches et la r\u00e9alisation des finitions.<\/li>\n<\/ul>\n<h2>Foire aux questions<\/h2>\n<h3>Quel genre de peinture utilisez-vous ?<\/h3>\n<p>Nous utilisons des peintures premium. N\u00e9anmoins, nous pouvons utiliser la peinture que vous avez d\u00e9j\u00e0 achet\u00e9e.<\/p>\n<h3>Vos artisans peintres sont disponibles le week-end ?<\/h3>\n<p>Oui, notre soci\u00e9t\u00e9 intervient les week-ends \u00e0 Yverdon-les-Bains.<\/p>\n<h3>Les meubles sont-ils prot\u00e9g\u00e9s lors de l&rsquo;application de la peinture ?<\/h3>\n<p>Oui, nous prot\u00e9geons votre mobilier et votre \u00e9lectrom\u00e9nager pendant les travaux. Cependant, si vous avez des objets fragiles, nous vous conseillons d&rsquo;en aviser le chef de projet, nous prendrons plus de pr\u00e9cautions.<\/p>\n<h3>Que se passe-t-il si je ne suis pas satisfait du travail r\u00e9alis\u00e9 ?<\/h3>\n<p>Dans le cas o\u00f9 vous ne seriez pas satisfait \u00e0 100% de notre travail, nous interviendrons de nouveau \u00e0 votre domicile pour r\u00e9gler les manques jusqu&rsquo;\u00e0 ce que vous soyez combl\u00e9.<\/p>\n<h3>Vos devis sont-ils sans frais ?<\/h3>\n<p>Oui, nos devis sont gratuits. Nos techniciens peuvent se d\u00e9placer chez vous pour r\u00e9pondre \u00e0 vos questions et valider avec vous votre devis.<\/p>\n<h3>Vos services couvrent-ils aussi les villes aux alentours Yverdon-les-Bains ?<\/h3>\n<p>Oui, nous intervenons \u00e0 Yverdon-les-Bains, mais aussi dans les villes aux alentours, telles que :<\/p>\nOppens, Cheseaux-Nor\u00e9az, Cuarny, Villars-Epeney, Pomy, Cronay, Bioley-Magnoux, Donneloye, Gossens, M\u00e9zery-pr\u00e8s-Donneloye, Prahins, Ursins, Valeyres-sous-Ursins, Orzens, D\u00e9moret, Molondin, Epautheyres, Essertines-sur-Yverdon, Belmont-sur-Yverdon, Gressy, Suchy, Ependes VD, Essert-Pittet, Chamblon, Treycovagnes, Susc\u00e9vaz, Mathod, Valeyres-sous-Montagny, Montagny-pr\u00e8s-Yverdon, Champvent, Essert-sous-Champvent, Villars-sous-Champvent, Yvonand, Rovray, Chavannes-le-Ch\u00eane, Ch\u00eane-P\u00e2quier.\n","protected":false},"excerpt":{"rendered":"<p>Besoin d&rsquo;un peintre \u00e0 Yverdon-les-Bains ? Artisanlocal vous propose des travaux de peinture int\u00e9rieurs et ext\u00e9rieurs. Notre \u00e9quipe s&rsquo;adapte \u00e0 votre emploi du temps et intervient rapidement chez vous \u00e0 Yverdon-les-Bains et dans les villes \u00e0 proximit\u00e9. Quelle est la gamme de prestations d&rsquo;Artisanlocal ? Peinture int\u00e9rieure : sur les moulures, les murs, les plafonds, [&hellip;]<\/p>\n","protected":false},"author":4,"featured_media":2756,"parent":0,"menu_order":0,"comment_status":"closed","ping_status":"closed","template":"","meta":{"footnotes":""},"profession":[121],"location":[33],"canton":[113],"class_list":["post-730","page","type-page","status-publish","has-post-thumbnail","hentry","profession-peintre","location-yverdon-les-bains","canton-vd"],"yoast_head":"<!-- This site is optimized with the Yoast SEO Premium plugin v25.7.1 (Yoast SEO v27.3) - https:\/\/yoast.com\/product\/yoast-seo-premium-wordpress\/ -->\n<title>Peintre \u00e0 Yverdon-les-Bains - Artisanlocal<\/title>\n<meta name=\"robots\" content=\"index, follow, max-snippet:-1, max-image-preview:large, max-video-preview:-1\" \/>\n<link rel=\"canonical\" href=\"https:\/\/www.artisanlocal.ch\/c\/entreprise-de-peintre-a-yverdon\/\" \/>\n<meta property=\"og:locale\" content=\"fr_FR\" \/>\n<meta property=\"og:type\" content=\"article\" \/>\n<meta property=\"og:title\" content=\"Peintre \u00e0 Yverdon-les-Bains\" \/>\n<meta property=\"og:description\" content=\"Besoin d&rsquo;un peintre \u00e0 Yverdon-les-Bains ? Artisanlocal vous propose des travaux de peinture int\u00e9rieurs et ext\u00e9rieurs. Notre \u00e9quipe s&rsquo;adapte \u00e0 votre emploi du temps et intervient rapidement chez vous \u00e0 Yverdon-les-Bains et dans les villes \u00e0 proximit\u00e9. Quelle est la gamme de prestations d&rsquo;Artisanlocal ? Peinture int\u00e9rieure : sur les moulures, les murs, les plafonds, [&hellip;]\" \/>\n<meta property=\"og:url\" content=\"https:\/\/www.artisanlocal.ch\/c\/entreprise-de-peintre-a-yverdon\/\" \/>\n<meta property=\"og:site_name\" content=\"Artisanlocal\" \/>\n<meta property=\"article:modified_time\" content=\"2025-09-18T10:49:27+00:00\" \/>\n<meta property=\"og:image\" content=\"https:\/\/www.artisanlocal.ch\/c\/wp-content\/uploads\/2024\/10\/peintre.jpg\" \/>\n\t<meta property=\"og:image:width\" content=\"1920\" \/>\n\t<meta property=\"og:image:height\" content=\"300\" \/>\n\t<meta property=\"og:image:type\" content=\"image\/jpeg\" \/>\n<meta name=\"twitter:card\" content=\"summary_large_image\" \/>\n<meta name=\"twitter:label1\" content=\"Dur\u00e9e de lecture estim\u00e9e\" \/>\n\t<meta name=\"twitter:data1\" content=\"4 minutes\" \/>\n<script type=\"application\/ld+json\" class=\"yoast-schema-graph\">{\"@context\":\"https:\\\/\\\/schema.org\",\"@graph\":[{\"@type\":\"WebPage\",\"@id\":\"https:\\\/\\\/www.artisanlocal.ch\\\/c\\\/entreprise-de-peintre-a-yverdon\\\/\",\"url\":\"https:\\\/\\\/www.artisanlocal.ch\\\/c\\\/entreprise-de-peintre-a-yverdon\\\/\",\"name\":\"Peintre \u00e0 Yverdon-les-Bains - Artisanlocal\",\"isPartOf\":{\"@id\":\"https:\\\/\\\/www.artisanlocal.ch\\\/c\\\/#website\"},\"primaryImageOfPage\":{\"@id\":\"https:\\\/\\\/www.artisanlocal.ch\\\/c\\\/entreprise-de-peintre-a-yverdon\\\/#primaryimage\"},\"image\":{\"@id\":\"https:\\\/\\\/www.artisanlocal.ch\\\/c\\\/entreprise-de-peintre-a-yverdon\\\/#primaryimage\"},\"thumbnailUrl\":\"https:\\\/\\\/www.artisanlocal.ch\\\/c\\\/wp-content\\\/uploads\\\/2024\\\/10\\\/peintre.jpg\",\"datePublished\":\"2024-04-15T21:12:11+00:00\",\"dateModified\":\"2025-09-18T10:49:27+00:00\",\"breadcrumb\":{\"@id\":\"https:\\\/\\\/www.artisanlocal.ch\\\/c\\\/entreprise-de-peintre-a-yverdon\\\/#breadcrumb\"},\"inLanguage\":\"fr-FR\",\"potentialAction\":[{\"@type\":\"ReadAction\",\"target\":[\"https:\\\/\\\/www.artisanlocal.ch\\\/c\\\/entreprise-de-peintre-a-yverdon\\\/\"]}]},{\"@type\":\"ImageObject\",\"inLanguage\":\"fr-FR\",\"@id\":\"https:\\\/\\\/www.artisanlocal.ch\\\/c\\\/entreprise-de-peintre-a-yverdon\\\/#primaryimage\",\"url\":\"https:\\\/\\\/www.artisanlocal.ch\\\/c\\\/wp-content\\\/uploads\\\/2024\\\/10\\\/peintre.jpg\",\"contentUrl\":\"https:\\\/\\\/www.artisanlocal.ch\\\/c\\\/wp-content\\\/uploads\\\/2024\\\/10\\\/peintre.jpg\",\"width\":1920,\"height\":300},{\"@type\":\"BreadcrumbList\",\"@id\":\"https:\\\/\\\/www.artisanlocal.ch\\\/c\\\/entreprise-de-peintre-a-yverdon\\\/#breadcrumb\",\"itemListElement\":[{\"@type\":\"ListItem\",\"position\":1,\"name\":\"Accueil\",\"item\":\"https:\\\/\\\/www.artisanlocal.ch\\\/c\\\/\"},{\"@type\":\"ListItem\",\"position\":2,\"name\":\"Peintre \u00e0 Yverdon\"}]},{\"@type\":\"WebSite\",\"@id\":\"https:\\\/\\\/www.artisanlocal.ch\\\/c\\\/#website\",\"url\":\"https:\\\/\\\/www.artisanlocal.ch\\\/c\\\/\",\"name\":\"Artisanlocal\",\"description\":\"\",\"publisher\":{\"@id\":\"https:\\\/\\\/www.artisanlocal.ch\\\/c\\\/#organization\"},\"potentialAction\":[{\"@type\":\"SearchAction\",\"target\":{\"@type\":\"EntryPoint\",\"urlTemplate\":\"https:\\\/\\\/www.artisanlocal.ch\\\/c\\\/?s={search_term_string}\"},\"query-input\":{\"@type\":\"PropertyValueSpecification\",\"valueRequired\":true,\"valueName\":\"search_term_string\"}}],\"inLanguage\":\"fr-FR\"},{\"@type\":\"Organization\",\"@id\":\"https:\\\/\\\/www.artisanlocal.ch\\\/c\\\/#organization\",\"name\":\"Artisanlocal\",\"url\":\"https:\\\/\\\/www.artisanlocal.ch\\\/c\\\/\",\"logo\":{\"@type\":\"ImageObject\",\"inLanguage\":\"fr-FR\",\"@id\":\"https:\\\/\\\/www.artisanlocal.ch\\\/c\\\/#\\\/schema\\\/logo\\\/image\\\/\",\"url\":\"https:\\\/\\\/www.artisanlocal.ch\\\/c\\\/wp-content\\\/uploads\\\/2024\\\/02\\\/logo-artisanlocal-h.svg\",\"contentUrl\":\"https:\\\/\\\/www.artisanlocal.ch\\\/c\\\/wp-content\\\/uploads\\\/2024\\\/02\\\/logo-artisanlocal-h.svg\",\"caption\":\"Artisanlocal\"},\"image\":{\"@id\":\"https:\\\/\\\/www.artisanlocal.ch\\\/c\\\/#\\\/schema\\\/logo\\\/image\\\/\"}}]}<\/script>\n<!-- \/ Yoast SEO Premium plugin. -->","yoast_head_json":{"title":"Peintre \u00e0 Yverdon-les-Bains - Artisanlocal","robots":{"index":"index","follow":"follow","max-snippet":"max-snippet:-1","max-image-preview":"max-image-preview:large","max-video-preview":"max-video-preview:-1"},"canonical":"https:\/\/www.artisanlocal.ch\/c\/entreprise-de-peintre-a-yverdon\/","og_locale":"fr_FR","og_type":"article","og_title":"Peintre \u00e0 Yverdon-les-Bains","og_description":"Besoin d&rsquo;un peintre \u00e0 Yverdon-les-Bains ? Artisanlocal vous propose des travaux de peinture int\u00e9rieurs et ext\u00e9rieurs. Notre \u00e9quipe s&rsquo;adapte \u00e0 votre emploi du temps et intervient rapidement chez vous \u00e0 Yverdon-les-Bains et dans les villes \u00e0 proximit\u00e9. Quelle est la gamme de prestations d&rsquo;Artisanlocal ? Peinture int\u00e9rieure : sur les moulures, les murs, les plafonds, [&hellip;]","og_url":"https:\/\/www.artisanlocal.ch\/c\/entreprise-de-peintre-a-yverdon\/","og_site_name":"Artisanlocal","article_modified_time":"2025-09-18T10:49:27+00:00","og_image":[{"width":1920,"height":300,"url":"https:\/\/www.artisanlocal.ch\/c\/wp-content\/uploads\/2024\/10\/peintre.jpg","type":"image\/jpeg"}],"twitter_card":"summary_large_image","twitter_misc":{"Dur\u00e9e de lecture estim\u00e9e":"4 minutes"},"schema":{"@context":"https:\/\/schema.org","@graph":[{"@type":"WebPage","@id":"https:\/\/www.artisanlocal.ch\/c\/entreprise-de-peintre-a-yverdon\/","url":"https:\/\/www.artisanlocal.ch\/c\/entreprise-de-peintre-a-yverdon\/","name":"Peintre \u00e0 Yverdon-les-Bains - Artisanlocal","isPartOf":{"@id":"https:\/\/www.artisanlocal.ch\/c\/#website"},"primaryImageOfPage":{"@id":"https:\/\/www.artisanlocal.ch\/c\/entreprise-de-peintre-a-yverdon\/#primaryimage"},"image":{"@id":"https:\/\/www.artisanlocal.ch\/c\/entreprise-de-peintre-a-yverdon\/#primaryimage"},"thumbnailUrl":"https:\/\/www.artisanlocal.ch\/c\/wp-content\/uploads\/2024\/10\/peintre.jpg","datePublished":"2024-04-15T21:12:11+00:00","dateModified":"2025-09-18T10:49:27+00:00","breadcrumb":{"@id":"https:\/\/www.artisanlocal.ch\/c\/entreprise-de-peintre-a-yverdon\/#breadcrumb"},"inLanguage":"fr-FR","potentialAction":[{"@type":"ReadAction","target":["https:\/\/www.artisanlocal.ch\/c\/entreprise-de-peintre-a-yverdon\/"]}]},{"@type":"ImageObject","inLanguage":"fr-FR","@id":"https:\/\/www.artisanlocal.ch\/c\/entreprise-de-peintre-a-yverdon\/#primaryimage","url":"https:\/\/www.artisanlocal.ch\/c\/wp-content\/uploads\/2024\/10\/peintre.jpg","contentUrl":"https:\/\/www.artisanlocal.ch\/c\/wp-content\/uploads\/2024\/10\/peintre.jpg","width":1920,"height":300},{"@type":"BreadcrumbList","@id":"https:\/\/www.artisanlocal.ch\/c\/entreprise-de-peintre-a-yverdon\/#breadcrumb","itemListElement":[{"@type":"ListItem","position":1,"name":"Accueil","item":"https:\/\/www.artisanlocal.ch\/c\/"},{"@type":"ListItem","position":2,"name":"Peintre \u00e0 Yverdon"}]},{"@type":"WebSite","@id":"https:\/\/www.artisanlocal.ch\/c\/#website","url":"https:\/\/www.artisanlocal.ch\/c\/","name":"Artisanlocal","description":"","publisher":{"@id":"https:\/\/www.artisanlocal.ch\/c\/#organization"},"potentialAction":[{"@type":"SearchAction","target":{"@type":"EntryPoint","urlTemplate":"https:\/\/www.artisanlocal.ch\/c\/?s={search_term_string}"},"query-input":{"@type":"PropertyValueSpecification","valueRequired":true,"valueName":"search_term_string"}}],"inLanguage":"fr-FR"},{"@type":"Organization","@id":"https:\/\/www.artisanlocal.ch\/c\/#organization","name":"Artisanlocal","url":"https:\/\/www.artisanlocal.ch\/c\/","logo":{"@type":"ImageObject","inLanguage":"fr-FR","@id":"https:\/\/www.artisanlocal.ch\/c\/#\/schema\/logo\/image\/","url":"https:\/\/www.artisanlocal.ch\/c\/wp-content\/uploads\/2024\/02\/logo-artisanlocal-h.svg","contentUrl":"https:\/\/www.artisanlocal.ch\/c\/wp-content\/uploads\/2024\/02\/logo-artisanlocal-h.svg","caption":"Artisanlocal"},"image":{"@id":"https:\/\/www.artisanlocal.ch\/c\/#\/schema\/logo\/image\/"}}]}},"_links":{"self":[{"href":"https:\/\/www.artisanlocal.ch\/c\/wp-json\/wp\/v2\/pages\/730","targetHints":{"allow":["GET"]}}],"collection":[{"href":"https:\/\/www.artisanlocal.ch\/c\/wp-json\/wp\/v2\/pages"}],"about":[{"href":"https:\/\/www.artisanlocal.ch\/c\/wp-json\/wp\/v2\/types\/page"}],"author":[{"embeddable":true,"href":"https:\/\/www.artisanlocal.ch\/c\/wp-json\/wp\/v2\/users\/4"}],"replies":[{"embeddable":true,"href":"https:\/\/www.artisanlocal.ch\/c\/wp-json\/wp\/v2\/comments?post=730"}],"version-history":[{"count":0,"href":"https:\/\/www.artisanlocal.ch\/c\/wp-json\/wp\/v2\/pages\/730\/revisions"}],"wp:featuredmedia":[{"embeddable":true,"href":"https:\/\/www.artisanlocal.ch\/c\/wp-json\/wp\/v2\/media\/2756"}],"wp:attachment":[{"href":"https:\/\/www.artisanlocal.ch\/c\/wp-json\/wp\/v2\/media?parent=730"}],"wp:term":[{"taxonomy":"profession","embeddable":true,"href":"https:\/\/www.artisanlocal.ch\/c\/wp-json\/wp\/v2\/profession?post=730"},{"taxonomy":"location","embeddable":true,"href":"https:\/\/www.artisanlocal.ch\/c\/wp-json\/wp\/v2\/location?post=730"},{"taxonomy":"canton","embeddable":true,"href":"https:\/\/www.artisanlocal.ch\/c\/wp-json\/wp\/v2\/canton?post=730"}],"curies":[{"name":"wp","href":"https:\/\/api.w.org\/{rel}","templated":true}]}}