{"id":731,"date":"2024-04-15T22:17:58","date_gmt":"2024-04-15T20:17:58","guid":{"rendered":"https:\/\/www.artisanlocal.ch\/c\/engager-le-meilleur-peintre-a-martigny\/"},"modified":"2025-09-17T09:21:44","modified_gmt":"2025-09-17T07:21:44","slug":"engager-le-meilleur-peintre-a-martigny","status":"publish","type":"page","link":"https:\/\/www.artisanlocal.ch\/c\/engager-le-meilleur-peintre-a-martigny\/","title":{"rendered":"Peintre \u00e0 Martigny"},"content":{"rendered":"<p>Vous avez besoin d&rsquo;un peintre \u00e0 Martigny ? Artisanlocal, propose des travaux de qualit\u00e9, de la pr\u00e9paration aux finitions de vos peintures, nous intervenons rapidement chez vous \u00e0 Martigny et dans les villes aux environs.<\/p>\n\r\n<div class=\"box\">\r\n            <div class=\"company-info\">\r\n            <img decoding=\"async\" class=\"company-info__logo\" src=\"https:\/\/www.artisanlocal.ch\/media\/cache\/thumb\/images\/companies\/64ae6f2f41b0d713948320.png\" alt=\"Logo\">\r\n            <h2 class=\"company-info__name\">JB Peinture - J\u00e9r\u00f4me B\u00e9trisey<\/h2>\r\n            <p class=\"company-info__business\">Entreprise de Peinture - Pl\u00e2trerie-peinture<\/p>\r\n        <\/div>\r\n        <div class=\"company-contact\">\r\n            <p class=\"company-info__address\">Avenue du Grand-St-Bernard 30<\/p>\r\n                            <div class=\"links\">\r\n                                            <a class=\"btn has-accent-background-color js-phoneNumber\" href=\"tel:0796896314\" title=\"Appelez\" data-id=\"10824\" data-type=\"11\">079 689 63 14<\/a>\r\n                                                        <\/div>\r\n                    <\/div>\r\n    \r\n            \r\n<form action=\"https:\/\/www.artisanlocal.ch\/c\/wp-admin\/admin-ajax.php\" method=\"post\" class=\"form-contact\" id=\"artisan_form_contact_company_inline\">\r\n    <div><input type=\"hidden\" name=\"action\" value=\"company_contact\"><\/div>\r\n    <div><input type=\"hidden\" name=\"nonce\" value=\"f071462bb9\"><\/div>\r\n    <div><input type=\"hidden\" name=\"company_id\" value=\"10824\"><\/div>\r\n    <div><input type=\"hidden\" name=\"form_id\" value=\"artisan_form_contact_company_inline\"><\/div>\r\n    <div class=\"gglcptch gglcptch_v3 gglcptch_custom\"><input type=\"hidden\" id=\"g-recaptcha-response\" name=\"g-recaptcha-response\" \/><br \/><div class=\"gglcptch_error_text\">La p\u00e9riode de v\u00e9rification reCAPTCHA a expir\u00e9. Veuillez recharger la page.<\/div><\/div>    <div class=\"form-content\">\r\n        <div class=\"form-group\">\r\n            <label for=\"contact_firstName\" class=\"required\">Pr\u00e9nom<\/label>\r\n            <input type=\"text\" name=\"firstName\" class=\"form-control\" required>\r\n        <\/div>\r\n        <div class=\"form-group\">\r\n            <label for=\"contact_lastName\" class=\"required\">Nom<\/label>\r\n            <input type=\"text\" name=\"lastName\" class=\"form-control\" required>\r\n        <\/div>\r\n        <div class=\"form-group\">\r\n            <label for=\"contact_email\" class=\"required\">Email<\/label>\r\n            <input type=\"email\" name=\"email\" class=\"form-control\" required>\r\n        <\/div>\r\n        <div class=\"form-group\">\r\n            <label for=\"contact_phone\" class=\"required\">Num\u00e9ro de t\u00e9l\u00e9phone<\/label>\r\n            <input type=\"tel\" name=\"phone\" class=\"form-control\" placeholder=\"0787117165\" pattern=\"^[0-9]{10}$\" required>\r\n        <\/div>\r\n        <div class=\"form-group\">\r\n            <label for=\"contact_postalCode\" class=\"required\">Code postal et localit\u00e9<\/label>\r\n            <input type=\"text\" name=\"postalCode\" class=\"form-control\" required>\r\n        <\/div>\r\n        <div class=\"form-group\">\r\n            <label for=\"contact_address\" class=\"required\">Adresse<\/label>\r\n            <input type=\"text\" name=\"address\" class=\"form-control\" required>\r\n        <\/div>\r\n        <div class=\"full-width topic\">\r\n            <p class=\"required\">Je souhaite \u00eatre contact\u00e9 pour :<\/p>\r\n            <div class=\"form-check\">\r\n                <input type=\"radio\" name=\"topic\" value=\"D\u00e9pannage\" class=\"form-control\" required>\r\n                <label for=\"d\u00e9pannage\">D\u00e9pannage<\/label>\r\n            <\/div>\r\n            <div class=\"form-check\">\r\n                <input type=\"radio\" name=\"topic\" value=\"Entretien\" class=\"form-control\" required>\r\n                <label for=\"entretien\">Entretien<\/label>\r\n            <\/div>\r\n            <div class=\"form-check\">\r\n                <input type=\"radio\" name=\"topic\" value=\"R\u00e9novation\" class=\"form-control\" required>\r\n                <label for=\"r\u00e9novation\">R\u00e9novation<\/label>\r\n            <\/div>\r\n            <div class=\"form-check\">\r\n                <input type=\"radio\" name=\"topic\" value=\"Autre\" class=\"form-control\" required>\r\n                <label for=\"autre\">Autre<\/label>\r\n            <\/div>\r\n        <\/div>\r\n        <div class=\"form-group full-width\">\r\n            <label for=\"contact_message\">Message<\/label>\r\n            <textarea name=\"message\" rows=\"3\" class=\"form-control\"><\/textarea>\r\n        <\/div>\r\n    <\/div>\r\n    <div class=\"form-actions\">\r\n        <button class=\"wp-block-button__link has-accent-background-color\">Contacter<\/button>\r\n    <\/div>\r\n<\/form>\r\n<div class=\"form-feedback\"><\/div>    <\/div>\n<h2>Quels sont les services que votre entreprise propose ?<\/h2>\n<ul>\n<li>La peinture int\u00e9rieure : sur vos murs, portes, moulures, et plafonds, ou dans des pi\u00e8ces sp\u00e9cifiques telles que votre salon, chambre, ou salle d&rsquo;eau.<\/li>\n<li>Peindre l&rsquo;ext\u00e9rieur : sur les terrasses, les cl\u00f4tures, le bardage, les briques, le stuc et les portes de garage.<\/li>\n<li>Les travaux de peinture d\u00e9corative : effets visuels comme le faux marbre, l&rsquo;effet oxyd\u00e9, les patines, le faux bois et l&rsquo;effet vieilli.<\/li>\n<li>La peinture dans votre espace de cuisine : peinture finition satin\u00e9e qui est simple \u00e0 nettoyer.<\/li>\n<li>Les enduits d\u00e9coratifs : ajout b\u00e9ton cir\u00e9 ou tadelakt, ou des enduits.<\/li>\n<li>Artiste peintre : peintures murales (d\u00e9corative, artistique, pour ext\u00e9rieur ou int\u00e9rieur).<\/li>\n<li>La peinture pour le ravalement de fa\u00e7ade : restauration de votre fa\u00e7ade ext\u00e9rieure cr\u00e9pi, bardage, pose d&rsquo;enduit ou de peinture.<\/li>\n<li>La peinture cordiste : sur des zones en hauteurs, nous intervenons dans les endroits compliqu\u00e9s d\u2019acc\u00e8s, comme les ponts, \u00e9oliennes, tours, ou usines.<\/li>\n<li>La peinture de finition : application d\u2019une couche de finition dans votre salle d&rsquo;eau ou sur vos meubles pr\u00e9sents dans votre cuisine.<\/li>\n<li>Les travaux de r\u00e9novation et d&rsquo;installation : l&rsquo;installation de cloisons s\u00e8ches, le comblement des trous dans les cloisons ou la remise en \u00e9tat des fissures.<\/li>\n<li>Les services d&rsquo;enl\u00e8vement et de pose de tapisserie : l&rsquo;enl\u00e8vement et la mise en place d&rsquo;un nouveau rev\u00eatement mural.<\/li>\n<li>La peinture pour les entreprises : pour les h\u00f4tels, espaces de travail, complexes sportifs, \u00e9coles et autres biens immobiliers commerciaux.<\/li>\n<li>La peinture pour b\u00e2timent : pour la pr\u00e9paration des murs et plafonds avant la peinture, la r\u00e9alisation des travaux de finition et l\u2019application des peintures et rev\u00eatements.<\/li>\n<\/ul>\n<h2>Quel est le mode de fonctionnement de votre entreprise ?<\/h2>\n<p>Nous avons \u00e9labor\u00e9 une m\u00e9thodologie pour r\u00e9pondre de mani\u00e8re pr\u00e9cise aux attentes de nos clients.<\/p>\n<h3>\u00c9tape 1\u00a0 : recevez un devis<\/h3>\n<p>Recevez une estimation gratuite par t\u00e9l\u00e9phone ou en ligne et obtenez un devis de vos travaux rapidement.<\/p>\n<h3>\u00c9tape 2\u00a0 : \u00e9tudiez votre devis<\/h3>\n<p>Ayez la garantie que le devis que vous recevez fixe bien le prix de vos travaux. En cas de probl\u00e9matique sur une partie de votre estimation, n&rsquo;h\u00e9sitez pas \u00e0 nous contacter pour obtenir plus de d\u00e9tails.<\/p>\n<h3>\u00c9tape 3\u00a0 : fixez la date de d\u00e9marrage de votre r\u00e9novation de peinture<\/h3>\n<p>Apr\u00e8s la validation du devis, nous programmons ensemble le d\u00e9but de votre r\u00e9novation. Pour assurer la bonne r\u00e9ussite de votre chantier, nous vous attribuons un chef de projet d\u00e9di\u00e9.<\/p>\n<h2>Quel est le prix d&rsquo;une prestation de peinture \u00e0 Martigny ?<\/h2>\n<p>Le montant du service est impact\u00e9 par l&rsquo;\u00e9tat de vos plafonds et vos murs. En g\u00e9n\u00e9ral, les prix oscillent entre 60 et 70 CHF par heure. \u00c0 peu pr\u00e8s 80% \u00e0 90% du prix sont attribu\u00e9s \u00e0 la main-d&rsquo;\u0153uvre, alors que la peinture ne repr\u00e9sente que 10% \u00e0 20% du budget.<\/p>\n<h2>Pourquoi choisir notre entreprise de peinture \u00e0 Martigny ? ?<\/h2>\n<ul>\n<li>Accessibilit\u00e9 : nos peintres professionnels sont disponibles en continu \u00e0 Martigny pour r\u00e9pondre rapidement \u00e0 vos d\u00e9sirs.<\/li>\n<li>Qualit\u00e9 : en choisissant notre entreprise, vous optez pour l&rsquo;excellence et le professionnalisme.<\/li>\n<li>Tarifs \u00e9conomiques : nous mettons en place des montants attractifs, adapt\u00e9s \u00e0 vos moyens et \u00e0 vos volont\u00e9s.<\/li>\n<li>Offres sur mesure : nous prenons en consid\u00e9ration les caract\u00e9ristiques de votre projet de peinture afin de vous offrir des solutions personnalis\u00e9es.<\/li>\n<li>Le savoir-faire, nos artisans peintres \u00e0 Martigny ma\u00eetrisent une large gamme de qualifications, comme : la pr\u00e9paration avant la pose de peinture, la pose des diff\u00e9rentes couches et la r\u00e9alisation des finitions.<\/li>\n<\/ul>\n<h2>Questions fr\u00e9quentes<\/h2>\n<h3>Quelle peinture utilisez-vous ?<\/h3>\n<p>Nous utilisons des peintures premium. Les pots de peinture que vous avez en stock peuvent \u00eatre aussi appliqu\u00e9s par nos peintres.<\/p>\n<h3>Vos peintres sont disponibles le week-end ?<\/h3>\n<p>Oui, nous sommes disponibles le samedi et le dimanche \u00e0 Martigny.<\/p>\n<h3>Prot\u00e9gez-vous mon mobilier ?<\/h3>\n<p>Oui, nous amenons le mat\u00e9riel n\u00e9cessaire afin de garantir que votre mobilier et votre \u00e9lectrom\u00e9nager soient pr\u00e9serv\u00e9s durant notre intervention. Toutefois, si vous avez des objets fragiles, nous vous pr\u00e9conisons d&rsquo;en avertir le chef de projet, nous mettrons en \u0153uvre des mesures suppl\u00e9mentaires.<\/p>\n<h3>Quels sont les recours si j&rsquo;estime le travail accompli incomplet ?<\/h3>\n<p>Dans le cas o\u00f9 vous ne seriez pas satisfait \u00e0 100% de notre travail, nous interviendrons de nouveau \u00e0 votre domicile pour r\u00e9soudre les probl\u00e8mes tant que vous ne serez pas satisfait.<\/p>\n<h3>Vos devis sont-ils sans frais ?<\/h3>\n<p>Oui, nos devis sont 100% gratuits, sans frais cach\u00e9s. Nos techniciens se d\u00e9placent \u00e0 votre domicile afin de r\u00e9pondre \u00e0 vos demandes et valider avec vous votre estimation.<\/p>\n<h3>Vos services couvrent-ils aussi les villes aux alentours Martigny ?<\/h3>\n<p>Oui, nous intervenons \u00e0 Martigny, mais aussi dans les villes, comme :<\/p>\nCharrat, Saxon, Riddes, Dugny (Leytron), Leytron, Montagnon (Leytron), Produit (Leytron), Saillon, Is\u00e9rables, Auddes-sur-Riddes, La Tzoumaz, Martigny-Croix, Fully, Chemin, Ravoire, Trient, Bovernier, Les Valettes (Bovernier), Chamoille (Sembrancher), La Garde (Sembrancher), Sembrancher, Vens (Sembrancher), Bruson, Le Ch\u00e2ble VS, Verbier, Orsi\u00e8res, Champex-Lac, Cries (Voll\u00e8ges), Voll\u00e8ges, Levron, Praz-de-Fort, La Fouly VS, Chandonne (Liddes), Chez Petit (Liddes), Dranse (Liddes), Fontaine Dessous (Liddes), Fontaine Dessus (Liddes), Fornex (Liddes), Les Moulins VS (Liddes), Liddes, Palasuit (Liddes), Petit Vich\u00e8res (Liddes), Rive Haute (Liddes), Vich\u00e8res (Liddes), Bourg-St-Pierre, Champsec, Verseg\u00e8res, Fionnay, Lourtier, Sarreyer, Mayens-de-Chamoson, Ovronnaz.\n","protected":false},"excerpt":{"rendered":"<p>Vous avez besoin d&rsquo;un peintre \u00e0 Martigny ? Artisanlocal, propose des travaux de qualit\u00e9, de la pr\u00e9paration aux finitions de vos peintures, nous intervenons rapidement chez vous \u00e0 Martigny et dans les villes aux environs. Quels sont les services que votre entreprise propose ? La peinture int\u00e9rieure : sur vos murs, portes, moulures, et plafonds, [&hellip;]<\/p>\n","protected":false},"author":4,"featured_media":2756,"parent":0,"menu_order":0,"comment_status":"closed","ping_status":"closed","template":"","meta":{"footnotes":""},"profession":[121],"location":[23],"canton":[110],"class_list":["post-731","page","type-page","status-publish","has-post-thumbnail","hentry","profession-peintre","location-martigny","canton-vs"],"yoast_head":"<!-- This site is optimized with the Yoast SEO Premium plugin v25.7.1 (Yoast SEO v27.4) - https:\/\/yoast.com\/product\/yoast-seo-premium-wordpress\/ -->\n<title>Peintre \u00e0 Martigny - Artisanlocal<\/title>\n<meta name=\"robots\" content=\"index, follow, max-snippet:-1, max-image-preview:large, max-video-preview:-1\" \/>\n<link rel=\"canonical\" href=\"https:\/\/www.artisanlocal.ch\/c\/engager-le-meilleur-peintre-a-martigny\/\" \/>\n<meta property=\"og:locale\" content=\"fr_FR\" \/>\n<meta property=\"og:type\" content=\"article\" \/>\n<meta property=\"og:title\" content=\"Peintre \u00e0 Martigny\" \/>\n<meta property=\"og:description\" content=\"Vous avez besoin d&rsquo;un peintre \u00e0 Martigny ? Artisanlocal, propose des travaux de qualit\u00e9, de la pr\u00e9paration aux finitions de vos peintures, nous intervenons rapidement chez vous \u00e0 Martigny et dans les villes aux environs. Quels sont les services que votre entreprise propose ? La peinture int\u00e9rieure : sur vos murs, portes, moulures, et plafonds, [&hellip;]\" \/>\n<meta property=\"og:url\" content=\"https:\/\/www.artisanlocal.ch\/c\/engager-le-meilleur-peintre-a-martigny\/\" \/>\n<meta property=\"og:site_name\" content=\"Artisanlocal\" \/>\n<meta property=\"article:modified_time\" content=\"2025-09-17T07:21:44+00:00\" \/>\n<meta property=\"og:image\" content=\"https:\/\/www.artisanlocal.ch\/c\/wp-content\/uploads\/2024\/10\/peintre.jpg\" \/>\n\t<meta property=\"og:image:width\" content=\"1920\" \/>\n\t<meta property=\"og:image:height\" content=\"300\" \/>\n\t<meta property=\"og:image:type\" content=\"image\/jpeg\" \/>\n<meta name=\"twitter:card\" content=\"summary_large_image\" \/>\n<meta name=\"twitter:label1\" content=\"Dur\u00e9e de lecture estim\u00e9e\" \/>\n\t<meta name=\"twitter:data1\" content=\"5 minutes\" \/>\n<script type=\"application\/ld+json\" class=\"yoast-schema-graph\">{\"@context\":\"https:\\\/\\\/schema.org\",\"@graph\":[{\"@type\":\"WebPage\",\"@id\":\"https:\\\/\\\/www.artisanlocal.ch\\\/c\\\/engager-le-meilleur-peintre-a-martigny\\\/\",\"url\":\"https:\\\/\\\/www.artisanlocal.ch\\\/c\\\/engager-le-meilleur-peintre-a-martigny\\\/\",\"name\":\"Peintre \u00e0 Martigny - Artisanlocal\",\"isPartOf\":{\"@id\":\"https:\\\/\\\/www.artisanlocal.ch\\\/c\\\/#website\"},\"primaryImageOfPage\":{\"@id\":\"https:\\\/\\\/www.artisanlocal.ch\\\/c\\\/engager-le-meilleur-peintre-a-martigny\\\/#primaryimage\"},\"image\":{\"@id\":\"https:\\\/\\\/www.artisanlocal.ch\\\/c\\\/engager-le-meilleur-peintre-a-martigny\\\/#primaryimage\"},\"thumbnailUrl\":\"https:\\\/\\\/www.artisanlocal.ch\\\/c\\\/wp-content\\\/uploads\\\/2024\\\/10\\\/peintre.jpg\",\"datePublished\":\"2024-04-15T20:17:58+00:00\",\"dateModified\":\"2025-09-17T07:21:44+00:00\",\"breadcrumb\":{\"@id\":\"https:\\\/\\\/www.artisanlocal.ch\\\/c\\\/engager-le-meilleur-peintre-a-martigny\\\/#breadcrumb\"},\"inLanguage\":\"fr-FR\",\"potentialAction\":[{\"@type\":\"ReadAction\",\"target\":[\"https:\\\/\\\/www.artisanlocal.ch\\\/c\\\/engager-le-meilleur-peintre-a-martigny\\\/\"]}]},{\"@type\":\"ImageObject\",\"inLanguage\":\"fr-FR\",\"@id\":\"https:\\\/\\\/www.artisanlocal.ch\\\/c\\\/engager-le-meilleur-peintre-a-martigny\\\/#primaryimage\",\"url\":\"https:\\\/\\\/www.artisanlocal.ch\\\/c\\\/wp-content\\\/uploads\\\/2024\\\/10\\\/peintre.jpg\",\"contentUrl\":\"https:\\\/\\\/www.artisanlocal.ch\\\/c\\\/wp-content\\\/uploads\\\/2024\\\/10\\\/peintre.jpg\",\"width\":1920,\"height\":300},{\"@type\":\"BreadcrumbList\",\"@id\":\"https:\\\/\\\/www.artisanlocal.ch\\\/c\\\/engager-le-meilleur-peintre-a-martigny\\\/#breadcrumb\",\"itemListElement\":[{\"@type\":\"ListItem\",\"position\":1,\"name\":\"Accueil\",\"item\":\"https:\\\/\\\/www.artisanlocal.ch\\\/c\\\/\"},{\"@type\":\"ListItem\",\"position\":2,\"name\":\"Peintre \u00e0 Martigny\"}]},{\"@type\":\"WebSite\",\"@id\":\"https:\\\/\\\/www.artisanlocal.ch\\\/c\\\/#website\",\"url\":\"https:\\\/\\\/www.artisanlocal.ch\\\/c\\\/\",\"name\":\"Artisanlocal\",\"description\":\"\",\"publisher\":{\"@id\":\"https:\\\/\\\/www.artisanlocal.ch\\\/c\\\/#organization\"},\"potentialAction\":[{\"@type\":\"SearchAction\",\"target\":{\"@type\":\"EntryPoint\",\"urlTemplate\":\"https:\\\/\\\/www.artisanlocal.ch\\\/c\\\/?s={search_term_string}\"},\"query-input\":{\"@type\":\"PropertyValueSpecification\",\"valueRequired\":true,\"valueName\":\"search_term_string\"}}],\"inLanguage\":\"fr-FR\"},{\"@type\":\"Organization\",\"@id\":\"https:\\\/\\\/www.artisanlocal.ch\\\/c\\\/#organization\",\"name\":\"Artisanlocal\",\"url\":\"https:\\\/\\\/www.artisanlocal.ch\\\/c\\\/\",\"logo\":{\"@type\":\"ImageObject\",\"inLanguage\":\"fr-FR\",\"@id\":\"https:\\\/\\\/www.artisanlocal.ch\\\/c\\\/#\\\/schema\\\/logo\\\/image\\\/\",\"url\":\"https:\\\/\\\/www.artisanlocal.ch\\\/c\\\/wp-content\\\/uploads\\\/2024\\\/02\\\/logo-artisanlocal-h.svg\",\"contentUrl\":\"https:\\\/\\\/www.artisanlocal.ch\\\/c\\\/wp-content\\\/uploads\\\/2024\\\/02\\\/logo-artisanlocal-h.svg\",\"caption\":\"Artisanlocal\"},\"image\":{\"@id\":\"https:\\\/\\\/www.artisanlocal.ch\\\/c\\\/#\\\/schema\\\/logo\\\/image\\\/\"}}]}<\/script>\n<!-- \/ Yoast SEO Premium plugin. -->","yoast_head_json":{"title":"Peintre \u00e0 Martigny - Artisanlocal","robots":{"index":"index","follow":"follow","max-snippet":"max-snippet:-1","max-image-preview":"max-image-preview:large","max-video-preview":"max-video-preview:-1"},"canonical":"https:\/\/www.artisanlocal.ch\/c\/engager-le-meilleur-peintre-a-martigny\/","og_locale":"fr_FR","og_type":"article","og_title":"Peintre \u00e0 Martigny","og_description":"Vous avez besoin d&rsquo;un peintre \u00e0 Martigny ? Artisanlocal, propose des travaux de qualit\u00e9, de la pr\u00e9paration aux finitions de vos peintures, nous intervenons rapidement chez vous \u00e0 Martigny et dans les villes aux environs. Quels sont les services que votre entreprise propose ? La peinture int\u00e9rieure : sur vos murs, portes, moulures, et plafonds, [&hellip;]","og_url":"https:\/\/www.artisanlocal.ch\/c\/engager-le-meilleur-peintre-a-martigny\/","og_site_name":"Artisanlocal","article_modified_time":"2025-09-17T07:21:44+00:00","og_image":[{"width":1920,"height":300,"url":"https:\/\/www.artisanlocal.ch\/c\/wp-content\/uploads\/2024\/10\/peintre.jpg","type":"image\/jpeg"}],"twitter_card":"summary_large_image","twitter_misc":{"Dur\u00e9e de lecture estim\u00e9e":"5 minutes"},"schema":{"@context":"https:\/\/schema.org","@graph":[{"@type":"WebPage","@id":"https:\/\/www.artisanlocal.ch\/c\/engager-le-meilleur-peintre-a-martigny\/","url":"https:\/\/www.artisanlocal.ch\/c\/engager-le-meilleur-peintre-a-martigny\/","name":"Peintre \u00e0 Martigny - Artisanlocal","isPartOf":{"@id":"https:\/\/www.artisanlocal.ch\/c\/#website"},"primaryImageOfPage":{"@id":"https:\/\/www.artisanlocal.ch\/c\/engager-le-meilleur-peintre-a-martigny\/#primaryimage"},"image":{"@id":"https:\/\/www.artisanlocal.ch\/c\/engager-le-meilleur-peintre-a-martigny\/#primaryimage"},"thumbnailUrl":"https:\/\/www.artisanlocal.ch\/c\/wp-content\/uploads\/2024\/10\/peintre.jpg","datePublished":"2024-04-15T20:17:58+00:00","dateModified":"2025-09-17T07:21:44+00:00","breadcrumb":{"@id":"https:\/\/www.artisanlocal.ch\/c\/engager-le-meilleur-peintre-a-martigny\/#breadcrumb"},"inLanguage":"fr-FR","potentialAction":[{"@type":"ReadAction","target":["https:\/\/www.artisanlocal.ch\/c\/engager-le-meilleur-peintre-a-martigny\/"]}]},{"@type":"ImageObject","inLanguage":"fr-FR","@id":"https:\/\/www.artisanlocal.ch\/c\/engager-le-meilleur-peintre-a-martigny\/#primaryimage","url":"https:\/\/www.artisanlocal.ch\/c\/wp-content\/uploads\/2024\/10\/peintre.jpg","contentUrl":"https:\/\/www.artisanlocal.ch\/c\/wp-content\/uploads\/2024\/10\/peintre.jpg","width":1920,"height":300},{"@type":"BreadcrumbList","@id":"https:\/\/www.artisanlocal.ch\/c\/engager-le-meilleur-peintre-a-martigny\/#breadcrumb","itemListElement":[{"@type":"ListItem","position":1,"name":"Accueil","item":"https:\/\/www.artisanlocal.ch\/c\/"},{"@type":"ListItem","position":2,"name":"Peintre \u00e0 Martigny"}]},{"@type":"WebSite","@id":"https:\/\/www.artisanlocal.ch\/c\/#website","url":"https:\/\/www.artisanlocal.ch\/c\/","name":"Artisanlocal","description":"","publisher":{"@id":"https:\/\/www.artisanlocal.ch\/c\/#organization"},"potentialAction":[{"@type":"SearchAction","target":{"@type":"EntryPoint","urlTemplate":"https:\/\/www.artisanlocal.ch\/c\/?s={search_term_string}"},"query-input":{"@type":"PropertyValueSpecification","valueRequired":true,"valueName":"search_term_string"}}],"inLanguage":"fr-FR"},{"@type":"Organization","@id":"https:\/\/www.artisanlocal.ch\/c\/#organization","name":"Artisanlocal","url":"https:\/\/www.artisanlocal.ch\/c\/","logo":{"@type":"ImageObject","inLanguage":"fr-FR","@id":"https:\/\/www.artisanlocal.ch\/c\/#\/schema\/logo\/image\/","url":"https:\/\/www.artisanlocal.ch\/c\/wp-content\/uploads\/2024\/02\/logo-artisanlocal-h.svg","contentUrl":"https:\/\/www.artisanlocal.ch\/c\/wp-content\/uploads\/2024\/02\/logo-artisanlocal-h.svg","caption":"Artisanlocal"},"image":{"@id":"https:\/\/www.artisanlocal.ch\/c\/#\/schema\/logo\/image\/"}}]}},"_links":{"self":[{"href":"https:\/\/www.artisanlocal.ch\/c\/wp-json\/wp\/v2\/pages\/731","targetHints":{"allow":["GET"]}}],"collection":[{"href":"https:\/\/www.artisanlocal.ch\/c\/wp-json\/wp\/v2\/pages"}],"about":[{"href":"https:\/\/www.artisanlocal.ch\/c\/wp-json\/wp\/v2\/types\/page"}],"author":[{"embeddable":true,"href":"https:\/\/www.artisanlocal.ch\/c\/wp-json\/wp\/v2\/users\/4"}],"replies":[{"embeddable":true,"href":"https:\/\/www.artisanlocal.ch\/c\/wp-json\/wp\/v2\/comments?post=731"}],"version-history":[{"count":0,"href":"https:\/\/www.artisanlocal.ch\/c\/wp-json\/wp\/v2\/pages\/731\/revisions"}],"wp:featuredmedia":[{"embeddable":true,"href":"https:\/\/www.artisanlocal.ch\/c\/wp-json\/wp\/v2\/media\/2756"}],"wp:attachment":[{"href":"https:\/\/www.artisanlocal.ch\/c\/wp-json\/wp\/v2\/media?parent=731"}],"wp:term":[{"taxonomy":"profession","embeddable":true,"href":"https:\/\/www.artisanlocal.ch\/c\/wp-json\/wp\/v2\/profession?post=731"},{"taxonomy":"location","embeddable":true,"href":"https:\/\/www.artisanlocal.ch\/c\/wp-json\/wp\/v2\/location?post=731"},{"taxonomy":"canton","embeddable":true,"href":"https:\/\/www.artisanlocal.ch\/c\/wp-json\/wp\/v2\/canton?post=731"}],"curies":[{"name":"wp","href":"https:\/\/api.w.org\/{rel}","templated":true}]}}