{"id":732,"date":"2024-04-16T00:43:47","date_gmt":"2024-04-15T22:43:47","guid":{"rendered":"https:\/\/www.artisanlocal.ch\/c\/societe-de-peintre-a-monthey\/"},"modified":"2025-09-18T12:15:10","modified_gmt":"2025-09-18T10:15:10","slug":"societe-de-peintre-a-monthey","status":"publish","type":"page","link":"https:\/\/www.artisanlocal.ch\/c\/societe-de-peintre-a-monthey\/","title":{"rendered":"Peintre \u00e0 Monthey"},"content":{"rendered":"<p>Besoin d&rsquo;un peintre \u00e0 Monthey ? Atisanlocal r\u00e9alise la peinture de votre habitation et de votre ext\u00e9rieur, nous nous adaptons \u00e0 vos horaires et nous rapidement chez vous \u00e0 Monthey et dans les villes \u00e0 proximit\u00e9.<\/p>\n\r\n<div class=\"box\">\r\n    <h2 class=\"text-dark\">Nous cherchons un <em class=\"text-primary\">Peintre<\/em> dans la r\u00e9gion de <em class=\"text-primary\">Monthey<\/em>  en exclusivit\u00e9, afin de proposer vos services \u00e0 nos clients propri\u00e9taires.<\/h2>\r\n    <p>Une opportunit\u00e9 unique pour booster votre activit\u00e9 \u00e0 <strong>Monthey<\/strong> et aux alentours dans votre domaine (Peintre).<\/p>\r\n    <p>Nous travaillons en exclusivit\u00e9 avec qu'une soci\u00e9t\u00e9 par m\u00e9tier et par r\u00e9gion. <br>Votre entreprise est pr\u00e9sente sur tous les documents immobiliers. Afin d'\u00eatre mieux vu sur le net, vous \u00eates \u00e9galement visible sur nos deux sites et sur les pages de r\u00e9f\u00e9rencement de votre r\u00e9gion.<\/p>\r\n    <a href=\"\/contact\" class=\"wp-block-button__link has-accent-background-color has-text-align-center wp-element-button\">R\u00e9server<\/a>\r\n<\/div>\n<h2>Quels sont les services qu&rsquo;Artisanlocal propose ?<\/h2>\n<ul>\n<li>Peinture int\u00e9rieure : sur vos murs, plafonds, portes, moulures, ou dans vos pi\u00e8ces, comme votre salle d&rsquo;eau, salon ou chambre.<\/li>\n<li>Peinture ext\u00e9rieure : ajout d\u2019une nouvelle couche de peinture sur le bardage, le stuc, la brique, les cl\u00f4tures, les terrasses et les portes de votre parking.<\/li>\n<li>Peinture d\u00e9corative : afin de concevoir des effets visuels comme le faux marbre, l&rsquo;effet oxyd\u00e9, les patines, le faux bois et l&rsquo;effet vieilli.<\/li>\n<li>Peinture de votre cuisine : application d&rsquo;une couche de peinture, comme la peinture satin\u00e9e, qui se nettoie facilement.<\/li>\n<li>Les travaux d&rsquo;enduits d\u00e9coratifs : pose d&rsquo;enduits comme le b\u00e9ton cir\u00e9 ou le tadelakt.<\/li>\n<li>Peinture artistique : conception de fresques murales, d\u00e9coratives, artistiques, ext\u00e9rieures ou int\u00e9rieures.<\/li>\n<li>Peinture pour le ravalement de fa\u00e7ade : restauration de votre fa\u00e7ade ext\u00e9rieure, pose d&rsquo;enduit, peinture, bardage ou cr\u00e9pi.<\/li>\n<li>Peinture cordiste : services de peinture sur des zones en hauteurs, nous intervenons dans les endroits difficiles d\u2019acc\u00e8s, comme les usines, tours, ponts ou \u00e9oliennes.<\/li>\n<li>Finition de peinture : ajout d\u2019une peinture de finition sur vos meubles de cuisine ou de votre salle de bain.<\/li>\n<li>Restauration et installation : r\u00e9paration des fissures dans vos murs, colmatage des trous dans les murs et la pose de cloisons s\u00e8ches neuves.<\/li>\n<li>Installation et enl\u00e8vement de l&rsquo;ancien de papier peint : changement et suppression de votre ancien papier peint.<\/li>\n<li>Peinture pour entreprise : pour les bureaux, restaurants, \u00e9coles, studios de sports et autres biens immobiliers commerciaux.<\/li>\n<li>Peinture pour b\u00e2timent : nos peintres op\u00e8rent aussi dans les immeubles, pour la pr\u00e9paration des murs et plafonds avant les travaux de peinture, la r\u00e9alisation des finitions et l\u2019application des rev\u00eatements\/peintures.<\/li>\n<\/ul>\n<h2>Comment votre entreprise fonctionne ?<\/h2>\n<p>Dans notre entreprise, nous avons d\u00e9velopp\u00e9 un syst\u00e8me \u00e9tape par \u00e9tape pour r\u00e9pondre aux demandes de nos partenaires.<\/p>\n<h3>\u00c9tape 1\u00a0 : commandez un devis<\/h3>\n<p>Contactez-nous pour commander un devis gratuit par t\u00e9l\u00e9phone ou en ligne.<\/p>\n<h3>\u00c9tape 2\u00a0 : analysez en d\u00e9tail votre estimation<\/h3>\n<p>Assurez-vous que le devis que vous recevez fixe bien le prix de votre projet. Si vous avez un doute, contacter notre entreprise pour obtenir plus d&rsquo;informations sur les \u00e9l\u00e9ments de votre estimation.<\/p>\n<h3>\u00c9tape 3\u00a0 : organisez la date de commencement de votre projet<\/h3>\n<p>D\u00e8s que vous avez valid\u00e9 le devis, nous d\u00e9cidons ensemble la date de d\u00e9marrage de votre projet. Afin d&rsquo;assurer le succ\u00e8s de votre projet, nous vous mettons \u00e0 votre disposition un chef de projet.<\/p>\n<h2>Combien faut-il d\u00e9bourser pour une prestation de peinture \u00e0 Monthey ?<\/h2>\n<p>Le tarif du service est influenc\u00e9 par l&rsquo;\u00e9tat de vos murs et plafonds. En r\u00e8gle g\u00e9n\u00e9rale, les montants sont compris entre 60 et 70 CHF par heure. Le co\u00fbt de main-d&rsquo;\u0153uvre repr\u00e9sente environ 80% \u00e0 90% du prix, tandis que le prix de la peinture ne constitue que 10% \u00e0 20% du prix.<\/p>\n<h2>Pourquoi choisir notre entreprise de peinture \u00e0 Monthey ? ?<\/h2>\n<ul>\n<li>Disponibilit\u00e9 : nos peintres sont joignables en continu \u00e0 Monthey pour r\u00e9pondre rapidement \u00e0 vos besoins.<\/li>\n<li>Excellence : en faisant appel \u00e0 nos services, vous avez la garantie de b\u00e9n\u00e9ficier de prestations de qualit\u00e9, r\u00e9alis\u00e9es avec professionnalisme et s\u00e9rieux.<\/li>\n<li>Co\u00fbts comp\u00e9titifs : nous proposons des tarifs attractifs, adapt\u00e9s \u00e0 vos demandes et \u00e0 vos moyens financiers.<\/li>\n<li>Offres sur mesure : nous prenons en compte les sp\u00e9cificit\u00e9s de votre projet afin de vous offrir des prestations personnalis\u00e9es.<\/li>\n<li>Les capacit\u00e9s, nos sp\u00e9cialistes de la peinture \u00e0 Monthey ont de multiples comp\u00e9tences, comme : la pr\u00e9paration avant l&rsquo;application de la peinture, la pose des diff\u00e9rentes couches et la mise en \u0153uvre des finitions.<\/li>\n<\/ul>\n<h2>Foire aux questions<\/h2>\n<h3>Quelle peinture avez-vous l&rsquo;habitude d&rsquo;utiliser ?<\/h3>\n<p>Nous s\u00e9lectionnons que des peintures premium. Il est possible pour nos peintres d&rsquo;utiliser les pots que vous avez en stock.<\/p>\n<h3>Votre \u00e9quipe est-elle disponible le week-end ?<\/h3>\n<p>Oui, nos \u00e9quipes sont joignables le samedi et le dimanche \u00e0 Monthey.<\/p>\n<h3>Les meubles sont-ils prot\u00e9g\u00e9s lors de votre intervention ?<\/h3>\n<p>Oui, nous amenons le mat\u00e9riel n\u00e9cessaire pour garantir que vos meubles et votre \u00e9quipement \u00e9lectrom\u00e9nager soient pr\u00e9serv\u00e9s pendant nos travaux. N\u00e9anmoins, si vous avez des objets susceptibles de se briser, nous vous pr\u00e9conisons d&rsquo;en informer notre \u00e9quipe d&rsquo;artisans, nous mettrons en \u0153uvre des mesures suppl\u00e9mentaires.<\/p>\n<h3>Quelles sont les solutions si j&rsquo;estime le travail effectu\u00e9 insuffisant ?<\/h3>\n<p>Si vous n&rsquo;\u00eates pas content \u00e0 100% des r\u00e9sultats, nous interviendrons de nouveau \u00e0 votre domicile pour corriger les probl\u00e8mes tant que vous ne serez pas satisfait.<\/p>\n<h3>Fournissez-vous des devis gratuits ?<\/h3>\n<p>Oui, nos devis sont gratuits. Si vous voulez plus d&rsquo;informations, un technicien se rend \u00e0 votre foyer dans le but de valider votre estimation avec vous.<\/p>\n<h3>Votre soci\u00e9t\u00e9 intervient-elle dans les villes proches de Monthey ?<\/h3>\n<p>Oui, Artisalocal intervient \u00e0 Monthey, et \u00e9galement dans les villes proches, comme :<\/p>\nCollombey, Massongex, Cho\u00ebx, Les Giettes, Troistorrents, Champoussin, Les Crosets, Val-d'Illiez, Champ\u00e9ry, Morgins, Mex VS, St-Maurice, V\u00e9rossaz, Morcles, Muraz (Collombey), Vionnaz, Miex, Vouvry, Bouveret, Les Evouettes, St-Gingolph, Torgon, Evionnaz, Collonges, Vernayaz, Dor\u00e9naz, Les Granges (Salvan), Salvan, Le Tr\u00e9tien, Les Mar\u00e9cottes, Finhaut, Le Ch\u00e2telard VS.\n","protected":false},"excerpt":{"rendered":"<p>Besoin d&rsquo;un peintre \u00e0 Monthey ? Atisanlocal r\u00e9alise la peinture de votre habitation et de votre ext\u00e9rieur, nous nous adaptons \u00e0 vos horaires et nous rapidement chez vous \u00e0 Monthey et dans les villes \u00e0 proximit\u00e9. Quels sont les services qu&rsquo;Artisanlocal propose ? Peinture int\u00e9rieure : sur vos murs, plafonds, portes, moulures, ou dans vos [&hellip;]<\/p>\n","protected":false},"author":4,"featured_media":2756,"parent":0,"menu_order":0,"comment_status":"closed","ping_status":"closed","template":"","meta":{"footnotes":""},"profession":[121],"location":[71],"canton":[110],"class_list":["post-732","page","type-page","status-publish","has-post-thumbnail","hentry","profession-peintre","location-monthey","canton-vs"],"yoast_head":"<!-- This site is optimized with the Yoast SEO Premium plugin v25.7.1 (Yoast SEO v27.4) - https:\/\/yoast.com\/product\/yoast-seo-premium-wordpress\/ -->\n<title>Peintre \u00e0 Monthey - Artisanlocal<\/title>\n<meta name=\"robots\" content=\"index, follow, max-snippet:-1, max-image-preview:large, max-video-preview:-1\" \/>\n<link rel=\"canonical\" href=\"https:\/\/www.artisanlocal.ch\/c\/societe-de-peintre-a-monthey\/\" \/>\n<meta property=\"og:locale\" content=\"fr_FR\" \/>\n<meta property=\"og:type\" content=\"article\" \/>\n<meta property=\"og:title\" content=\"Peintre \u00e0 Monthey\" \/>\n<meta property=\"og:description\" content=\"Besoin d&rsquo;un peintre \u00e0 Monthey ? Atisanlocal r\u00e9alise la peinture de votre habitation et de votre ext\u00e9rieur, nous nous adaptons \u00e0 vos horaires et nous rapidement chez vous \u00e0 Monthey et dans les villes \u00e0 proximit\u00e9. Quels sont les services qu&rsquo;Artisanlocal propose ? Peinture int\u00e9rieure : sur vos murs, plafonds, portes, moulures, ou dans vos [&hellip;]\" \/>\n<meta property=\"og:url\" content=\"https:\/\/www.artisanlocal.ch\/c\/societe-de-peintre-a-monthey\/\" \/>\n<meta property=\"og:site_name\" content=\"Artisanlocal\" \/>\n<meta property=\"article:modified_time\" content=\"2025-09-18T10:15:10+00:00\" \/>\n<meta property=\"og:image\" content=\"https:\/\/www.artisanlocal.ch\/c\/wp-content\/uploads\/2024\/10\/peintre.jpg\" \/>\n\t<meta property=\"og:image:width\" content=\"1920\" \/>\n\t<meta property=\"og:image:height\" content=\"300\" \/>\n\t<meta property=\"og:image:type\" content=\"image\/jpeg\" \/>\n<meta name=\"twitter:card\" content=\"summary_large_image\" \/>\n<meta name=\"twitter:label1\" content=\"Dur\u00e9e de lecture estim\u00e9e\" \/>\n\t<meta name=\"twitter:data1\" content=\"5 minutes\" \/>\n<script type=\"application\/ld+json\" class=\"yoast-schema-graph\">{\"@context\":\"https:\\\/\\\/schema.org\",\"@graph\":[{\"@type\":\"WebPage\",\"@id\":\"https:\\\/\\\/www.artisanlocal.ch\\\/c\\\/societe-de-peintre-a-monthey\\\/\",\"url\":\"https:\\\/\\\/www.artisanlocal.ch\\\/c\\\/societe-de-peintre-a-monthey\\\/\",\"name\":\"Peintre \u00e0 Monthey - Artisanlocal\",\"isPartOf\":{\"@id\":\"https:\\\/\\\/www.artisanlocal.ch\\\/c\\\/#website\"},\"primaryImageOfPage\":{\"@id\":\"https:\\\/\\\/www.artisanlocal.ch\\\/c\\\/societe-de-peintre-a-monthey\\\/#primaryimage\"},\"image\":{\"@id\":\"https:\\\/\\\/www.artisanlocal.ch\\\/c\\\/societe-de-peintre-a-monthey\\\/#primaryimage\"},\"thumbnailUrl\":\"https:\\\/\\\/www.artisanlocal.ch\\\/c\\\/wp-content\\\/uploads\\\/2024\\\/10\\\/peintre.jpg\",\"datePublished\":\"2024-04-15T22:43:47+00:00\",\"dateModified\":\"2025-09-18T10:15:10+00:00\",\"breadcrumb\":{\"@id\":\"https:\\\/\\\/www.artisanlocal.ch\\\/c\\\/societe-de-peintre-a-monthey\\\/#breadcrumb\"},\"inLanguage\":\"fr-FR\",\"potentialAction\":[{\"@type\":\"ReadAction\",\"target\":[\"https:\\\/\\\/www.artisanlocal.ch\\\/c\\\/societe-de-peintre-a-monthey\\\/\"]}]},{\"@type\":\"ImageObject\",\"inLanguage\":\"fr-FR\",\"@id\":\"https:\\\/\\\/www.artisanlocal.ch\\\/c\\\/societe-de-peintre-a-monthey\\\/#primaryimage\",\"url\":\"https:\\\/\\\/www.artisanlocal.ch\\\/c\\\/wp-content\\\/uploads\\\/2024\\\/10\\\/peintre.jpg\",\"contentUrl\":\"https:\\\/\\\/www.artisanlocal.ch\\\/c\\\/wp-content\\\/uploads\\\/2024\\\/10\\\/peintre.jpg\",\"width\":1920,\"height\":300},{\"@type\":\"BreadcrumbList\",\"@id\":\"https:\\\/\\\/www.artisanlocal.ch\\\/c\\\/societe-de-peintre-a-monthey\\\/#breadcrumb\",\"itemListElement\":[{\"@type\":\"ListItem\",\"position\":1,\"name\":\"Accueil\",\"item\":\"https:\\\/\\\/www.artisanlocal.ch\\\/c\\\/\"},{\"@type\":\"ListItem\",\"position\":2,\"name\":\"Peintre \u00e0 Monthey\"}]},{\"@type\":\"WebSite\",\"@id\":\"https:\\\/\\\/www.artisanlocal.ch\\\/c\\\/#website\",\"url\":\"https:\\\/\\\/www.artisanlocal.ch\\\/c\\\/\",\"name\":\"Artisanlocal\",\"description\":\"\",\"publisher\":{\"@id\":\"https:\\\/\\\/www.artisanlocal.ch\\\/c\\\/#organization\"},\"potentialAction\":[{\"@type\":\"SearchAction\",\"target\":{\"@type\":\"EntryPoint\",\"urlTemplate\":\"https:\\\/\\\/www.artisanlocal.ch\\\/c\\\/?s={search_term_string}\"},\"query-input\":{\"@type\":\"PropertyValueSpecification\",\"valueRequired\":true,\"valueName\":\"search_term_string\"}}],\"inLanguage\":\"fr-FR\"},{\"@type\":\"Organization\",\"@id\":\"https:\\\/\\\/www.artisanlocal.ch\\\/c\\\/#organization\",\"name\":\"Artisanlocal\",\"url\":\"https:\\\/\\\/www.artisanlocal.ch\\\/c\\\/\",\"logo\":{\"@type\":\"ImageObject\",\"inLanguage\":\"fr-FR\",\"@id\":\"https:\\\/\\\/www.artisanlocal.ch\\\/c\\\/#\\\/schema\\\/logo\\\/image\\\/\",\"url\":\"https:\\\/\\\/www.artisanlocal.ch\\\/c\\\/wp-content\\\/uploads\\\/2024\\\/02\\\/logo-artisanlocal-h.svg\",\"contentUrl\":\"https:\\\/\\\/www.artisanlocal.ch\\\/c\\\/wp-content\\\/uploads\\\/2024\\\/02\\\/logo-artisanlocal-h.svg\",\"caption\":\"Artisanlocal\"},\"image\":{\"@id\":\"https:\\\/\\\/www.artisanlocal.ch\\\/c\\\/#\\\/schema\\\/logo\\\/image\\\/\"}}]}<\/script>\n<!-- \/ Yoast SEO Premium plugin. -->","yoast_head_json":{"title":"Peintre \u00e0 Monthey - Artisanlocal","robots":{"index":"index","follow":"follow","max-snippet":"max-snippet:-1","max-image-preview":"max-image-preview:large","max-video-preview":"max-video-preview:-1"},"canonical":"https:\/\/www.artisanlocal.ch\/c\/societe-de-peintre-a-monthey\/","og_locale":"fr_FR","og_type":"article","og_title":"Peintre \u00e0 Monthey","og_description":"Besoin d&rsquo;un peintre \u00e0 Monthey ? Atisanlocal r\u00e9alise la peinture de votre habitation et de votre ext\u00e9rieur, nous nous adaptons \u00e0 vos horaires et nous rapidement chez vous \u00e0 Monthey et dans les villes \u00e0 proximit\u00e9. Quels sont les services qu&rsquo;Artisanlocal propose ? Peinture int\u00e9rieure : sur vos murs, plafonds, portes, moulures, ou dans vos [&hellip;]","og_url":"https:\/\/www.artisanlocal.ch\/c\/societe-de-peintre-a-monthey\/","og_site_name":"Artisanlocal","article_modified_time":"2025-09-18T10:15:10+00:00","og_image":[{"width":1920,"height":300,"url":"https:\/\/www.artisanlocal.ch\/c\/wp-content\/uploads\/2024\/10\/peintre.jpg","type":"image\/jpeg"}],"twitter_card":"summary_large_image","twitter_misc":{"Dur\u00e9e de lecture estim\u00e9e":"5 minutes"},"schema":{"@context":"https:\/\/schema.org","@graph":[{"@type":"WebPage","@id":"https:\/\/www.artisanlocal.ch\/c\/societe-de-peintre-a-monthey\/","url":"https:\/\/www.artisanlocal.ch\/c\/societe-de-peintre-a-monthey\/","name":"Peintre \u00e0 Monthey - Artisanlocal","isPartOf":{"@id":"https:\/\/www.artisanlocal.ch\/c\/#website"},"primaryImageOfPage":{"@id":"https:\/\/www.artisanlocal.ch\/c\/societe-de-peintre-a-monthey\/#primaryimage"},"image":{"@id":"https:\/\/www.artisanlocal.ch\/c\/societe-de-peintre-a-monthey\/#primaryimage"},"thumbnailUrl":"https:\/\/www.artisanlocal.ch\/c\/wp-content\/uploads\/2024\/10\/peintre.jpg","datePublished":"2024-04-15T22:43:47+00:00","dateModified":"2025-09-18T10:15:10+00:00","breadcrumb":{"@id":"https:\/\/www.artisanlocal.ch\/c\/societe-de-peintre-a-monthey\/#breadcrumb"},"inLanguage":"fr-FR","potentialAction":[{"@type":"ReadAction","target":["https:\/\/www.artisanlocal.ch\/c\/societe-de-peintre-a-monthey\/"]}]},{"@type":"ImageObject","inLanguage":"fr-FR","@id":"https:\/\/www.artisanlocal.ch\/c\/societe-de-peintre-a-monthey\/#primaryimage","url":"https:\/\/www.artisanlocal.ch\/c\/wp-content\/uploads\/2024\/10\/peintre.jpg","contentUrl":"https:\/\/www.artisanlocal.ch\/c\/wp-content\/uploads\/2024\/10\/peintre.jpg","width":1920,"height":300},{"@type":"BreadcrumbList","@id":"https:\/\/www.artisanlocal.ch\/c\/societe-de-peintre-a-monthey\/#breadcrumb","itemListElement":[{"@type":"ListItem","position":1,"name":"Accueil","item":"https:\/\/www.artisanlocal.ch\/c\/"},{"@type":"ListItem","position":2,"name":"Peintre \u00e0 Monthey"}]},{"@type":"WebSite","@id":"https:\/\/www.artisanlocal.ch\/c\/#website","url":"https:\/\/www.artisanlocal.ch\/c\/","name":"Artisanlocal","description":"","publisher":{"@id":"https:\/\/www.artisanlocal.ch\/c\/#organization"},"potentialAction":[{"@type":"SearchAction","target":{"@type":"EntryPoint","urlTemplate":"https:\/\/www.artisanlocal.ch\/c\/?s={search_term_string}"},"query-input":{"@type":"PropertyValueSpecification","valueRequired":true,"valueName":"search_term_string"}}],"inLanguage":"fr-FR"},{"@type":"Organization","@id":"https:\/\/www.artisanlocal.ch\/c\/#organization","name":"Artisanlocal","url":"https:\/\/www.artisanlocal.ch\/c\/","logo":{"@type":"ImageObject","inLanguage":"fr-FR","@id":"https:\/\/www.artisanlocal.ch\/c\/#\/schema\/logo\/image\/","url":"https:\/\/www.artisanlocal.ch\/c\/wp-content\/uploads\/2024\/02\/logo-artisanlocal-h.svg","contentUrl":"https:\/\/www.artisanlocal.ch\/c\/wp-content\/uploads\/2024\/02\/logo-artisanlocal-h.svg","caption":"Artisanlocal"},"image":{"@id":"https:\/\/www.artisanlocal.ch\/c\/#\/schema\/logo\/image\/"}}]}},"_links":{"self":[{"href":"https:\/\/www.artisanlocal.ch\/c\/wp-json\/wp\/v2\/pages\/732","targetHints":{"allow":["GET"]}}],"collection":[{"href":"https:\/\/www.artisanlocal.ch\/c\/wp-json\/wp\/v2\/pages"}],"about":[{"href":"https:\/\/www.artisanlocal.ch\/c\/wp-json\/wp\/v2\/types\/page"}],"author":[{"embeddable":true,"href":"https:\/\/www.artisanlocal.ch\/c\/wp-json\/wp\/v2\/users\/4"}],"replies":[{"embeddable":true,"href":"https:\/\/www.artisanlocal.ch\/c\/wp-json\/wp\/v2\/comments?post=732"}],"version-history":[{"count":0,"href":"https:\/\/www.artisanlocal.ch\/c\/wp-json\/wp\/v2\/pages\/732\/revisions"}],"wp:featuredmedia":[{"embeddable":true,"href":"https:\/\/www.artisanlocal.ch\/c\/wp-json\/wp\/v2\/media\/2756"}],"wp:attachment":[{"href":"https:\/\/www.artisanlocal.ch\/c\/wp-json\/wp\/v2\/media?parent=732"}],"wp:term":[{"taxonomy":"profession","embeddable":true,"href":"https:\/\/www.artisanlocal.ch\/c\/wp-json\/wp\/v2\/profession?post=732"},{"taxonomy":"location","embeddable":true,"href":"https:\/\/www.artisanlocal.ch\/c\/wp-json\/wp\/v2\/location?post=732"},{"taxonomy":"canton","embeddable":true,"href":"https:\/\/www.artisanlocal.ch\/c\/wp-json\/wp\/v2\/canton?post=732"}],"curies":[{"name":"wp","href":"https:\/\/api.w.org\/{rel}","templated":true}]}}