{"id":734,"date":"2024-04-15T16:38:57","date_gmt":"2024-04-15T14:38:57","guid":{"rendered":"https:\/\/www.artisanlocal.ch\/c\/engager-le-meilleur-peintre-a-conthey\/"},"modified":"2025-09-17T09:07:30","modified_gmt":"2025-09-17T07:07:30","slug":"engager-le-meilleur-peintre-a-conthey","status":"publish","type":"page","link":"https:\/\/www.artisanlocal.ch\/c\/engager-le-meilleur-peintre-a-conthey\/","title":{"rendered":"Peintre \u00e0 Conthey"},"content":{"rendered":"<p>Vous avez besoin d&rsquo;un peintre \u00e0 Conthey ? Artisanlocal r\u00e9nove la peinture de votre ext\u00e9rieur et de votre int\u00e9rieur, nous intervenons rapidement chez vous et dans les villes aux alentours.<\/p>\n\r\n<div class=\"box\">\r\n            <div class=\"company-info\">\r\n            <img decoding=\"async\" class=\"company-info__logo\" src=\"https:\/\/www.artisanlocal.ch\/media\/cache\/thumb\/images\/companies\/adk-style-sarl.jpg\" alt=\"Logo\">\r\n            <h2 class=\"company-info__name\">ADK Style S\u00e0rl<\/h2>\r\n            <p class=\"company-info__business\">Peinture - Pl\u00e2trerie - Isolation - D\u00e9coration<\/p>\r\n        <\/div>\r\n        <div class=\"company-contact\">\r\n            <p class=\"company-info__address\">Rue de la Chapelle 20<\/p>\r\n                            <div class=\"links\">\r\n                                            <a class=\"btn has-accent-background-color js-phoneNumber\" href=\"tel:0796273333\" title=\"Appelez\" data-id=\"34606\" data-type=\"11\">079 627 33 33<\/a>\r\n                                                                <a class=\"btn has-accent-background-color\" href=\"https:\/\/www.adkstyle.ch\/\" target=\"_blank\" title=\"Voir le site internet\" data-id=\"34606\" data-type=\"20\">Site internet<\/a>\r\n                                    <\/div>\r\n                    <\/div>\r\n    \r\n            \r\n<form action=\"https:\/\/www.artisanlocal.ch\/c\/wp-admin\/admin-ajax.php\" method=\"post\" class=\"form-contact\" id=\"artisan_form_contact_company_inline\">\r\n    <div><input type=\"hidden\" name=\"action\" value=\"company_contact\"><\/div>\r\n    <div><input type=\"hidden\" name=\"nonce\" value=\"622c770a9c\"><\/div>\r\n    <div><input type=\"hidden\" name=\"company_id\" value=\"34606\"><\/div>\r\n    <div><input type=\"hidden\" name=\"form_id\" value=\"artisan_form_contact_company_inline\"><\/div>\r\n    <div class=\"gglcptch gglcptch_v3 gglcptch_custom\"><input type=\"hidden\" id=\"g-recaptcha-response\" name=\"g-recaptcha-response\" \/><br \/><div class=\"gglcptch_error_text\">La p\u00e9riode de v\u00e9rification reCAPTCHA a expir\u00e9. Veuillez recharger la page.<\/div><\/div>    <div class=\"form-content\">\r\n        <div class=\"form-group\">\r\n            <label for=\"contact_firstName\" class=\"required\">Pr\u00e9nom<\/label>\r\n            <input type=\"text\" name=\"firstName\" class=\"form-control\" required>\r\n        <\/div>\r\n        <div class=\"form-group\">\r\n            <label for=\"contact_lastName\" class=\"required\">Nom<\/label>\r\n            <input type=\"text\" name=\"lastName\" class=\"form-control\" required>\r\n        <\/div>\r\n        <div class=\"form-group\">\r\n            <label for=\"contact_email\" class=\"required\">Email<\/label>\r\n            <input type=\"email\" name=\"email\" class=\"form-control\" required>\r\n        <\/div>\r\n        <div class=\"form-group\">\r\n            <label for=\"contact_phone\" class=\"required\">Num\u00e9ro de t\u00e9l\u00e9phone<\/label>\r\n            <input type=\"tel\" name=\"phone\" class=\"form-control\" placeholder=\"0787117165\" pattern=\"^[0-9]{10}$\" required>\r\n        <\/div>\r\n        <div class=\"form-group\">\r\n            <label for=\"contact_postalCode\" class=\"required\">Code postal et localit\u00e9<\/label>\r\n            <input type=\"text\" name=\"postalCode\" class=\"form-control\" required>\r\n        <\/div>\r\n        <div class=\"form-group\">\r\n            <label for=\"contact_address\" class=\"required\">Adresse<\/label>\r\n            <input type=\"text\" name=\"address\" class=\"form-control\" required>\r\n        <\/div>\r\n        <div class=\"full-width topic\">\r\n            <p class=\"required\">Je souhaite \u00eatre contact\u00e9 pour :<\/p>\r\n            <div class=\"form-check\">\r\n                <input type=\"radio\" name=\"topic\" value=\"D\u00e9pannage\" class=\"form-control\" required>\r\n                <label for=\"d\u00e9pannage\">D\u00e9pannage<\/label>\r\n            <\/div>\r\n            <div class=\"form-check\">\r\n                <input type=\"radio\" name=\"topic\" value=\"Entretien\" class=\"form-control\" required>\r\n                <label for=\"entretien\">Entretien<\/label>\r\n            <\/div>\r\n            <div class=\"form-check\">\r\n                <input type=\"radio\" name=\"topic\" value=\"R\u00e9novation\" class=\"form-control\" required>\r\n                <label for=\"r\u00e9novation\">R\u00e9novation<\/label>\r\n            <\/div>\r\n            <div class=\"form-check\">\r\n                <input type=\"radio\" name=\"topic\" value=\"Autre\" class=\"form-control\" required>\r\n                <label for=\"autre\">Autre<\/label>\r\n            <\/div>\r\n        <\/div>\r\n        <div class=\"form-group full-width\">\r\n            <label for=\"contact_message\">Message<\/label>\r\n            <textarea name=\"message\" rows=\"3\" class=\"form-control\"><\/textarea>\r\n        <\/div>\r\n    <\/div>\r\n    <div class=\"form-actions\">\r\n        <button class=\"wp-block-button__link has-accent-background-color\">Contacter<\/button>\r\n    <\/div>\r\n<\/form>\r\n<div class=\"form-feedback\"><\/div>    <\/div>\n<h2>Quels sont les services d&rsquo;Artisanlocal ?<\/h2>\n<ul>\n<li>La peinture des espaces int\u00e9rieurs : sur vos murs, plafonds, portes, moulures, ou dans vos pi\u00e8ces, comme votre salle de bain, salon ou chambre.<\/li>\n<li>La pose de peinture dans votre ext\u00e9rieur : application d&rsquo;une nouvelle couche de peinture sur les terrasses, les cl\u00f4tures, le bardage, les briques, le stuc et les portes de votre parking.<\/li>\n<li>La peinture d\u00e9corative : cr\u00e9ation des effets, tels que le faux marbre, l&rsquo;effet oxyd\u00e9, le faux bois, les patines et l&rsquo;effet vieilli.<\/li>\n<li>Les travaux de peinture \u00e0 l&rsquo;int\u00e9rieur de votre cuisine : pose d&rsquo;une couche, comme la peinture finition satin\u00e9e, qui se lave facilement.<\/li>\n<li>L&rsquo;utilisation d&rsquo;enduits d\u00e9coratifs : ajout des enduits, comme le b\u00e9ton cir\u00e9, ou tadelakt.<\/li>\n<li>Artiste peintre : cr\u00e9ation de fresques murales (d\u00e9corative, artistique, pour ext\u00e9rieur ou int\u00e9rieur).<\/li>\n<li>Peintre en ravalement de fa\u00e7ade : restauration des fa\u00e7ades de b\u00e2timents avec bardage, enduit, peinture ou cr\u00e9pi.<\/li>\n<li>La pose de peinture en hauteur : nos artisans peintres interviennent dans des emplacements compliqu\u00e9s comme les ponts, les usines, ou les tours.<\/li>\n<li>Peinture de finition : application d\u2019une couche de finition dans votre salle de bain ou sur vos meubles pr\u00e9sents dans votre cuisine.<\/li>\n<li>Installation et remise en \u00e9tat : colmatage des fissures, colmatage des trous dans les murs, ou encore mise en place de cloisons s\u00e8ches.<\/li>\n<li>Les travaux de d\u00e9collage et de mise en place de papier peint : l&rsquo;enl\u00e8vement et la mise en place d&rsquo;une nouvelle d\u00e9coration murale.<\/li>\n<li>Les services de peinture pour les magasins : pour les \u00e9coles, bureaux, b\u00e2timents d&rsquo;affaires, \u00e9tablissements gastronomique et salles de sports.<\/li>\n<li>Les travaux de peintures pour b\u00e2timents : notre entreprise pr\u00e9pare les murs et plafonds \u00e0 peindre, et nous effectuons les finitions et appliquons la peinture.<\/li>\n<\/ul>\n<h2>De quelle fa\u00e7on marche votre soci\u00e9t\u00e9 ?<\/h2>\n<p>Nous avons cr\u00e9\u00e9 un processus pour r\u00e9pondre de mani\u00e8re pr\u00e9cise aux attentes de nos clients.<\/p>\n<h3>\u00c9tape 1\u00a0 : demander un devis<\/h3>\n<p>Commandez un devis sans frais par t\u00e9l\u00e9phone ou en ligne dans un d\u00e9lai de 24 heures.<\/p>\n<h3>\u00c9tape 2\u00a0 : \u00e9tudier votre estimation<\/h3>\n<p>Soyez assur\u00e9 que le devis que vous recevez fixe correctement le prix de votre projet. En cas de questionnement sur votre estimation, n&rsquo;h\u00e9sitez pas \u00e0 nous joindre pour avoir des informations en plus.<\/p>\n<h3>\u00c9tape 3\u00a0 : d\u00e9terminer la date de commencement de votre projet de peinture<\/h3>\n<p>Apr\u00e8s avoir valid\u00e9 le devis, nous programmons ensemble le commencement de votre projet. Pour assurer le succ\u00e8s de votre projet, nous vous attribuons un chef de projet.<\/p>\n<h2>Quel est le montant d&rsquo;un service de peinture \u00e0 Conthey ?<\/h2>\n<p>Le montant du service est influenc\u00e9 par l&rsquo;\u00e9tat de vos plafonds et de vos murs. En r\u00e8gle g\u00e9n\u00e9rale, les montants sont compris entre 60 et 70 francs suisses par heure. Environ 80% \u00e0 90% du montant total sont octroy\u00e9s \u00e0 la main-d&rsquo;\u0153uvre, tandis que la peinture ne repr\u00e9sente que 10% \u00e0 20% de l&rsquo;enveloppe financi\u00e8re.<\/p>\n<h2>Pourquoi s\u00e9lectionner nos artisans peintres \u00e0 Conthey ? ?<\/h2>\n<ul>\n<li>Disponibilit\u00e9 : nos peintres sont joignables en continu \u00e0 Conthey afin de r\u00e9pondre d\u00e8s que possible \u00e0 vos besoins.<\/li>\n<li>Qualit\u00e9 : en choisissant notre soci\u00e9t\u00e9, vous choisissez la qualit\u00e9 et le professionnalisme.<\/li>\n<li>Tarifs comp\u00e9titifs : nos prix sont comp\u00e9titifs et fix\u00e9s selon vos besoins et vos moyens.<\/li>\n<li>Services sur mesure : nous \u00e9tudions votre projet pour cr\u00e9er une offre personnalis\u00e9e.<\/li>\n<li>Les capacit\u00e9s, nos artisans peintres \u00e0 Conthey ont de nombreuses comp\u00e9tences, comme : la pr\u00e9paration des zones avant l&rsquo;application de la peinture, l&rsquo;application des diff\u00e9rentes couches et la r\u00e9alisation des finitions.<\/li>\n<\/ul>\n<h2>Questions fr\u00e9quentes<\/h2>\n<h3>Quelle peinture est-ce que vous utilisez ?<\/h3>\n<p>Nous utilisons uniquement des peintures de qualit\u00e9. Il est possible pour nos artisans peintres d&rsquo;utiliser les pots que vous avez achet\u00e9s.<\/p>\n<h3>Est-ce que vos peintres sont disponibles le week-end ?<\/h3>\n<p>Oui, nos \u00e9quipes sont disponibles le week-end \u00e0 Conthey.<\/p>\n<h3>Prot\u00e9gez-vous les meubles ?<\/h3>\n<p>Oui, nous amenons l&rsquo;\u00e9quipement n\u00e9cessaire pour prot\u00e9ger vos meubles et votre \u00e9lectrom\u00e9nager durant nos travaux de peinture. N\u00e9anmoins, si vous avez des objets susceptibles de se briser, nous vous conseillons d&rsquo;en avertir le chef de projet, nous mettrons en \u0153uvre des mesures suppl\u00e9mentaires.<\/p>\n<h3>Quelles sont les solutions si je ne suis pas satisfait du travail accompli ?<\/h3>\n<p>Dans le cas o\u00f9 vous ne seriez pas content \u00e0 100% des r\u00e9sultats, nous reviendrons pour corriger les probl\u00e8mes tant que vous ne serez pas satisfait.<\/p>\n<h3>Fournissez-vous des devis gratuits ?<\/h3>\n<p>Nos devis sont gratuits et sans engagements. Nos artisans peuvent se d\u00e9placer chez vous afin de r\u00e9pondre \u00e0 vos demandes et valider avec vous votre estimation.<\/p>\n<h3>Vos services s&rsquo;\u00e9tendent-ils aux villes proches de Conthey ?<\/h3>\n<p>Oui, notre entreprise effectue des interventions \u00e0 Conthey, et dans les villes proches, telles que :<\/p>\nSion, Chamoson, Grugnay (Chamoson), Les V\u00e9rines (Chamoson), N\u00e9miaz (Chamoson), St-Pierre-de-Clages, Ardon, St-L\u00e9onard, Uvrier, Vernami\u00e8ge, Pont-de-la-Morge (Sion), V\u00e9troz, Savi\u00e8se, Bramois, Mase, Eison (St-Martin), Liez (St-Martin), St-Martin VS, Suen (St-Martin), Trogne (St-Martin), Champlan (Grimisuat), Grimisuat, Nax, Arbaz, St-S\u00e9verin, Aven, Daillon, Erde, Vex, Euseigne, Evol\u00e8ne, Lanna, La Tour VS, Les Haud\u00e8res, La Forclaz VS, La Sage, Villa (Evol\u00e8ne), Arolla, H\u00e9r\u00e9mence, Les Collons, Thyon, Arvillard (Salins), Mis\u00e9riez (Salins), Pravidondaz (Salins), Salins, Turin (Salins), Cr\u00eate-\u00e0-l'Oeil (Les Agettes), La Vernaz (Les Agettes), Les Agettes, Les Mayens-de-Sion, Cl\u00e8bes (Nendaz), Veysonnaz, Aproz (Nendaz), Baar (Nendaz), Basse-Nendaz, Beuson (Nendaz), Bieudron (Nendaz), Brignon (Nendaz), Cond\u00e9mines (Nendaz), Fey (Nendaz), Saclentse, Haute-Nendaz, Siviez (Nendaz), Sornard (Nendaz).\n","protected":false},"excerpt":{"rendered":"<p>Vous avez besoin d&rsquo;un peintre \u00e0 Conthey ? Artisanlocal r\u00e9nove la peinture de votre ext\u00e9rieur et de votre int\u00e9rieur, nous intervenons rapidement chez vous et dans les villes aux alentours. Quels sont les services d&rsquo;Artisanlocal ? La peinture des espaces int\u00e9rieurs : sur vos murs, plafonds, portes, moulures, ou dans vos pi\u00e8ces, comme votre salle [&hellip;]<\/p>\n","protected":false},"author":4,"featured_media":2756,"parent":0,"menu_order":0,"comment_status":"closed","ping_status":"closed","template":"","meta":{"footnotes":""},"profession":[121],"location":[26],"canton":[110],"class_list":["post-734","page","type-page","status-publish","has-post-thumbnail","hentry","profession-peintre","location-conthey","canton-vs"],"yoast_head":"<!-- This site is optimized with the Yoast SEO Premium plugin v25.7.1 (Yoast SEO v27.4) - https:\/\/yoast.com\/product\/yoast-seo-premium-wordpress\/ -->\n<title>Peintre \u00e0 Conthey - Artisanlocal<\/title>\n<meta name=\"robots\" content=\"index, follow, max-snippet:-1, max-image-preview:large, max-video-preview:-1\" \/>\n<link rel=\"canonical\" href=\"https:\/\/www.artisanlocal.ch\/c\/engager-le-meilleur-peintre-a-conthey\/\" \/>\n<meta property=\"og:locale\" content=\"fr_FR\" \/>\n<meta property=\"og:type\" content=\"article\" \/>\n<meta property=\"og:title\" content=\"Peintre \u00e0 Conthey\" \/>\n<meta property=\"og:description\" content=\"Vous avez besoin d&rsquo;un peintre \u00e0 Conthey ? Artisanlocal r\u00e9nove la peinture de votre ext\u00e9rieur et de votre int\u00e9rieur, nous intervenons rapidement chez vous et dans les villes aux alentours. Quels sont les services d&rsquo;Artisanlocal ? La peinture des espaces int\u00e9rieurs : sur vos murs, plafonds, portes, moulures, ou dans vos pi\u00e8ces, comme votre salle [&hellip;]\" \/>\n<meta property=\"og:url\" content=\"https:\/\/www.artisanlocal.ch\/c\/engager-le-meilleur-peintre-a-conthey\/\" \/>\n<meta property=\"og:site_name\" content=\"Artisanlocal\" \/>\n<meta property=\"article:modified_time\" content=\"2025-09-17T07:07:30+00:00\" \/>\n<meta property=\"og:image\" content=\"https:\/\/www.artisanlocal.ch\/c\/wp-content\/uploads\/2024\/10\/peintre.jpg\" \/>\n\t<meta property=\"og:image:width\" content=\"1920\" \/>\n\t<meta property=\"og:image:height\" content=\"300\" \/>\n\t<meta property=\"og:image:type\" content=\"image\/jpeg\" \/>\n<meta name=\"twitter:card\" content=\"summary_large_image\" \/>\n<meta name=\"twitter:label1\" content=\"Dur\u00e9e de lecture estim\u00e9e\" \/>\n\t<meta name=\"twitter:data1\" content=\"5 minutes\" \/>\n<script type=\"application\/ld+json\" class=\"yoast-schema-graph\">{\"@context\":\"https:\\\/\\\/schema.org\",\"@graph\":[{\"@type\":\"WebPage\",\"@id\":\"https:\\\/\\\/www.artisanlocal.ch\\\/c\\\/engager-le-meilleur-peintre-a-conthey\\\/\",\"url\":\"https:\\\/\\\/www.artisanlocal.ch\\\/c\\\/engager-le-meilleur-peintre-a-conthey\\\/\",\"name\":\"Peintre \u00e0 Conthey - Artisanlocal\",\"isPartOf\":{\"@id\":\"https:\\\/\\\/www.artisanlocal.ch\\\/c\\\/#website\"},\"primaryImageOfPage\":{\"@id\":\"https:\\\/\\\/www.artisanlocal.ch\\\/c\\\/engager-le-meilleur-peintre-a-conthey\\\/#primaryimage\"},\"image\":{\"@id\":\"https:\\\/\\\/www.artisanlocal.ch\\\/c\\\/engager-le-meilleur-peintre-a-conthey\\\/#primaryimage\"},\"thumbnailUrl\":\"https:\\\/\\\/www.artisanlocal.ch\\\/c\\\/wp-content\\\/uploads\\\/2024\\\/10\\\/peintre.jpg\",\"datePublished\":\"2024-04-15T14:38:57+00:00\",\"dateModified\":\"2025-09-17T07:07:30+00:00\",\"breadcrumb\":{\"@id\":\"https:\\\/\\\/www.artisanlocal.ch\\\/c\\\/engager-le-meilleur-peintre-a-conthey\\\/#breadcrumb\"},\"inLanguage\":\"fr-FR\",\"potentialAction\":[{\"@type\":\"ReadAction\",\"target\":[\"https:\\\/\\\/www.artisanlocal.ch\\\/c\\\/engager-le-meilleur-peintre-a-conthey\\\/\"]}]},{\"@type\":\"ImageObject\",\"inLanguage\":\"fr-FR\",\"@id\":\"https:\\\/\\\/www.artisanlocal.ch\\\/c\\\/engager-le-meilleur-peintre-a-conthey\\\/#primaryimage\",\"url\":\"https:\\\/\\\/www.artisanlocal.ch\\\/c\\\/wp-content\\\/uploads\\\/2024\\\/10\\\/peintre.jpg\",\"contentUrl\":\"https:\\\/\\\/www.artisanlocal.ch\\\/c\\\/wp-content\\\/uploads\\\/2024\\\/10\\\/peintre.jpg\",\"width\":1920,\"height\":300},{\"@type\":\"BreadcrumbList\",\"@id\":\"https:\\\/\\\/www.artisanlocal.ch\\\/c\\\/engager-le-meilleur-peintre-a-conthey\\\/#breadcrumb\",\"itemListElement\":[{\"@type\":\"ListItem\",\"position\":1,\"name\":\"Accueil\",\"item\":\"https:\\\/\\\/www.artisanlocal.ch\\\/c\\\/\"},{\"@type\":\"ListItem\",\"position\":2,\"name\":\"Peintre \u00e0 Conthey\"}]},{\"@type\":\"WebSite\",\"@id\":\"https:\\\/\\\/www.artisanlocal.ch\\\/c\\\/#website\",\"url\":\"https:\\\/\\\/www.artisanlocal.ch\\\/c\\\/\",\"name\":\"Artisanlocal\",\"description\":\"\",\"publisher\":{\"@id\":\"https:\\\/\\\/www.artisanlocal.ch\\\/c\\\/#organization\"},\"potentialAction\":[{\"@type\":\"SearchAction\",\"target\":{\"@type\":\"EntryPoint\",\"urlTemplate\":\"https:\\\/\\\/www.artisanlocal.ch\\\/c\\\/?s={search_term_string}\"},\"query-input\":{\"@type\":\"PropertyValueSpecification\",\"valueRequired\":true,\"valueName\":\"search_term_string\"}}],\"inLanguage\":\"fr-FR\"},{\"@type\":\"Organization\",\"@id\":\"https:\\\/\\\/www.artisanlocal.ch\\\/c\\\/#organization\",\"name\":\"Artisanlocal\",\"url\":\"https:\\\/\\\/www.artisanlocal.ch\\\/c\\\/\",\"logo\":{\"@type\":\"ImageObject\",\"inLanguage\":\"fr-FR\",\"@id\":\"https:\\\/\\\/www.artisanlocal.ch\\\/c\\\/#\\\/schema\\\/logo\\\/image\\\/\",\"url\":\"https:\\\/\\\/www.artisanlocal.ch\\\/c\\\/wp-content\\\/uploads\\\/2024\\\/02\\\/logo-artisanlocal-h.svg\",\"contentUrl\":\"https:\\\/\\\/www.artisanlocal.ch\\\/c\\\/wp-content\\\/uploads\\\/2024\\\/02\\\/logo-artisanlocal-h.svg\",\"caption\":\"Artisanlocal\"},\"image\":{\"@id\":\"https:\\\/\\\/www.artisanlocal.ch\\\/c\\\/#\\\/schema\\\/logo\\\/image\\\/\"}}]}<\/script>\n<!-- \/ Yoast SEO Premium plugin. -->","yoast_head_json":{"title":"Peintre \u00e0 Conthey - Artisanlocal","robots":{"index":"index","follow":"follow","max-snippet":"max-snippet:-1","max-image-preview":"max-image-preview:large","max-video-preview":"max-video-preview:-1"},"canonical":"https:\/\/www.artisanlocal.ch\/c\/engager-le-meilleur-peintre-a-conthey\/","og_locale":"fr_FR","og_type":"article","og_title":"Peintre \u00e0 Conthey","og_description":"Vous avez besoin d&rsquo;un peintre \u00e0 Conthey ? Artisanlocal r\u00e9nove la peinture de votre ext\u00e9rieur et de votre int\u00e9rieur, nous intervenons rapidement chez vous et dans les villes aux alentours. Quels sont les services d&rsquo;Artisanlocal ? La peinture des espaces int\u00e9rieurs : sur vos murs, plafonds, portes, moulures, ou dans vos pi\u00e8ces, comme votre salle [&hellip;]","og_url":"https:\/\/www.artisanlocal.ch\/c\/engager-le-meilleur-peintre-a-conthey\/","og_site_name":"Artisanlocal","article_modified_time":"2025-09-17T07:07:30+00:00","og_image":[{"width":1920,"height":300,"url":"https:\/\/www.artisanlocal.ch\/c\/wp-content\/uploads\/2024\/10\/peintre.jpg","type":"image\/jpeg"}],"twitter_card":"summary_large_image","twitter_misc":{"Dur\u00e9e de lecture estim\u00e9e":"5 minutes"},"schema":{"@context":"https:\/\/schema.org","@graph":[{"@type":"WebPage","@id":"https:\/\/www.artisanlocal.ch\/c\/engager-le-meilleur-peintre-a-conthey\/","url":"https:\/\/www.artisanlocal.ch\/c\/engager-le-meilleur-peintre-a-conthey\/","name":"Peintre \u00e0 Conthey - Artisanlocal","isPartOf":{"@id":"https:\/\/www.artisanlocal.ch\/c\/#website"},"primaryImageOfPage":{"@id":"https:\/\/www.artisanlocal.ch\/c\/engager-le-meilleur-peintre-a-conthey\/#primaryimage"},"image":{"@id":"https:\/\/www.artisanlocal.ch\/c\/engager-le-meilleur-peintre-a-conthey\/#primaryimage"},"thumbnailUrl":"https:\/\/www.artisanlocal.ch\/c\/wp-content\/uploads\/2024\/10\/peintre.jpg","datePublished":"2024-04-15T14:38:57+00:00","dateModified":"2025-09-17T07:07:30+00:00","breadcrumb":{"@id":"https:\/\/www.artisanlocal.ch\/c\/engager-le-meilleur-peintre-a-conthey\/#breadcrumb"},"inLanguage":"fr-FR","potentialAction":[{"@type":"ReadAction","target":["https:\/\/www.artisanlocal.ch\/c\/engager-le-meilleur-peintre-a-conthey\/"]}]},{"@type":"ImageObject","inLanguage":"fr-FR","@id":"https:\/\/www.artisanlocal.ch\/c\/engager-le-meilleur-peintre-a-conthey\/#primaryimage","url":"https:\/\/www.artisanlocal.ch\/c\/wp-content\/uploads\/2024\/10\/peintre.jpg","contentUrl":"https:\/\/www.artisanlocal.ch\/c\/wp-content\/uploads\/2024\/10\/peintre.jpg","width":1920,"height":300},{"@type":"BreadcrumbList","@id":"https:\/\/www.artisanlocal.ch\/c\/engager-le-meilleur-peintre-a-conthey\/#breadcrumb","itemListElement":[{"@type":"ListItem","position":1,"name":"Accueil","item":"https:\/\/www.artisanlocal.ch\/c\/"},{"@type":"ListItem","position":2,"name":"Peintre \u00e0 Conthey"}]},{"@type":"WebSite","@id":"https:\/\/www.artisanlocal.ch\/c\/#website","url":"https:\/\/www.artisanlocal.ch\/c\/","name":"Artisanlocal","description":"","publisher":{"@id":"https:\/\/www.artisanlocal.ch\/c\/#organization"},"potentialAction":[{"@type":"SearchAction","target":{"@type":"EntryPoint","urlTemplate":"https:\/\/www.artisanlocal.ch\/c\/?s={search_term_string}"},"query-input":{"@type":"PropertyValueSpecification","valueRequired":true,"valueName":"search_term_string"}}],"inLanguage":"fr-FR"},{"@type":"Organization","@id":"https:\/\/www.artisanlocal.ch\/c\/#organization","name":"Artisanlocal","url":"https:\/\/www.artisanlocal.ch\/c\/","logo":{"@type":"ImageObject","inLanguage":"fr-FR","@id":"https:\/\/www.artisanlocal.ch\/c\/#\/schema\/logo\/image\/","url":"https:\/\/www.artisanlocal.ch\/c\/wp-content\/uploads\/2024\/02\/logo-artisanlocal-h.svg","contentUrl":"https:\/\/www.artisanlocal.ch\/c\/wp-content\/uploads\/2024\/02\/logo-artisanlocal-h.svg","caption":"Artisanlocal"},"image":{"@id":"https:\/\/www.artisanlocal.ch\/c\/#\/schema\/logo\/image\/"}}]}},"_links":{"self":[{"href":"https:\/\/www.artisanlocal.ch\/c\/wp-json\/wp\/v2\/pages\/734","targetHints":{"allow":["GET"]}}],"collection":[{"href":"https:\/\/www.artisanlocal.ch\/c\/wp-json\/wp\/v2\/pages"}],"about":[{"href":"https:\/\/www.artisanlocal.ch\/c\/wp-json\/wp\/v2\/types\/page"}],"author":[{"embeddable":true,"href":"https:\/\/www.artisanlocal.ch\/c\/wp-json\/wp\/v2\/users\/4"}],"replies":[{"embeddable":true,"href":"https:\/\/www.artisanlocal.ch\/c\/wp-json\/wp\/v2\/comments?post=734"}],"version-history":[{"count":0,"href":"https:\/\/www.artisanlocal.ch\/c\/wp-json\/wp\/v2\/pages\/734\/revisions"}],"wp:featuredmedia":[{"embeddable":true,"href":"https:\/\/www.artisanlocal.ch\/c\/wp-json\/wp\/v2\/media\/2756"}],"wp:attachment":[{"href":"https:\/\/www.artisanlocal.ch\/c\/wp-json\/wp\/v2\/media?parent=734"}],"wp:term":[{"taxonomy":"profession","embeddable":true,"href":"https:\/\/www.artisanlocal.ch\/c\/wp-json\/wp\/v2\/profession?post=734"},{"taxonomy":"location","embeddable":true,"href":"https:\/\/www.artisanlocal.ch\/c\/wp-json\/wp\/v2\/location?post=734"},{"taxonomy":"canton","embeddable":true,"href":"https:\/\/www.artisanlocal.ch\/c\/wp-json\/wp\/v2\/canton?post=734"}],"curies":[{"name":"wp","href":"https:\/\/api.w.org\/{rel}","templated":true}]}}