{"id":735,"date":"2024-04-15T05:05:51","date_gmt":"2024-04-15T03:05:51","guid":{"rendered":"https:\/\/www.artisanlocal.ch\/c\/entreprise-de-peintre-a-chatel-st-denis\/"},"modified":"2025-09-17T12:31:51","modified_gmt":"2025-09-17T10:31:51","slug":"entreprise-de-peintre-a-chatel-st-denis","status":"publish","type":"page","link":"https:\/\/www.artisanlocal.ch\/c\/entreprise-de-peintre-a-chatel-st-denis\/","title":{"rendered":"Peintre \u00e0 Ch\u00e2tel-St-Denis"},"content":{"rendered":"<p>Besoin d&rsquo;un peintre \u00e0 Ch\u00e2tel-St-Denis ? Artisanlocal propose des services de peintures \u00e0 Ch\u00e2tel-St-Denis et dans les villes proches.<br \/>\n\r\n<div class=\"box\">\r\n            <div class=\"company-info\">\r\n            <img decoding=\"async\" class=\"company-info__logo\" src=\"https:\/\/www.artisanlocal.ch\/media\/cache\/thumb\/images\/companies\/672b3d1d12346800244201.png\" alt=\"Logo\">\r\n            <h2 class=\"company-info__name\">H.S Peinture<\/h2>\r\n            <p class=\"company-info__business\">Peinture - Pl\u00e2trerie - Papiers peints - Fa\u00e7ades<\/p>\r\n        <\/div>\r\n        <div class=\"company-contact\">\r\n            <p class=\"company-info__address\">Chemin de Crey-Derrey 109<\/p>\r\n                            <div class=\"links\">\r\n                                            <a class=\"btn has-accent-background-color js-phoneNumber\" href=\"tel:0763429408\" title=\"Appelez\" data-id=\"11406\" data-type=\"11\">076 342 94 08<\/a>\r\n                                                        <\/div>\r\n                    <\/div>\r\n    \r\n            \r\n<form action=\"https:\/\/www.artisanlocal.ch\/c\/wp-admin\/admin-ajax.php\" method=\"post\" class=\"form-contact\" id=\"artisan_form_contact_company_inline\">\r\n    <div><input type=\"hidden\" name=\"action\" value=\"company_contact\"><\/div>\r\n    <div><input type=\"hidden\" name=\"nonce\" value=\"ce3305ca91\"><\/div>\r\n    <div><input type=\"hidden\" name=\"company_id\" value=\"11406\"><\/div>\r\n    <div><input type=\"hidden\" name=\"form_id\" value=\"artisan_form_contact_company_inline\"><\/div>\r\n    <div class=\"gglcptch gglcptch_v3 gglcptch_custom\"><input type=\"hidden\" id=\"g-recaptcha-response\" name=\"g-recaptcha-response\" \/><br \/><div class=\"gglcptch_error_text\">La p\u00e9riode de v\u00e9rification reCAPTCHA a expir\u00e9. Veuillez recharger la page.<\/div><\/div>    <div class=\"form-content\">\r\n        <div class=\"form-group\">\r\n            <label for=\"contact_firstName\" class=\"required\">Pr\u00e9nom<\/label>\r\n            <input type=\"text\" name=\"firstName\" class=\"form-control\" required>\r\n        <\/div>\r\n        <div class=\"form-group\">\r\n            <label for=\"contact_lastName\" class=\"required\">Nom<\/label>\r\n            <input type=\"text\" name=\"lastName\" class=\"form-control\" required>\r\n        <\/div>\r\n        <div class=\"form-group\">\r\n            <label for=\"contact_email\" class=\"required\">Email<\/label>\r\n            <input type=\"email\" name=\"email\" class=\"form-control\" required>\r\n        <\/div>\r\n        <div class=\"form-group\">\r\n            <label for=\"contact_phone\" class=\"required\">Num\u00e9ro de t\u00e9l\u00e9phone<\/label>\r\n            <input type=\"tel\" name=\"phone\" class=\"form-control\" placeholder=\"0787117165\" pattern=\"^[0-9]{10}$\" required>\r\n        <\/div>\r\n        <div class=\"form-group\">\r\n            <label for=\"contact_postalCode\" class=\"required\">Code postal et localit\u00e9<\/label>\r\n            <input type=\"text\" name=\"postalCode\" class=\"form-control\" required>\r\n        <\/div>\r\n        <div class=\"form-group\">\r\n            <label for=\"contact_address\" class=\"required\">Adresse<\/label>\r\n            <input type=\"text\" name=\"address\" class=\"form-control\" required>\r\n        <\/div>\r\n        <div class=\"full-width topic\">\r\n            <p class=\"required\">Je souhaite \u00eatre contact\u00e9 pour :<\/p>\r\n            <div class=\"form-check\">\r\n                <input type=\"radio\" name=\"topic\" value=\"D\u00e9pannage\" class=\"form-control\" required>\r\n                <label for=\"d\u00e9pannage\">D\u00e9pannage<\/label>\r\n            <\/div>\r\n            <div class=\"form-check\">\r\n                <input type=\"radio\" name=\"topic\" value=\"Entretien\" class=\"form-control\" required>\r\n                <label for=\"entretien\">Entretien<\/label>\r\n            <\/div>\r\n            <div class=\"form-check\">\r\n                <input type=\"radio\" name=\"topic\" value=\"R\u00e9novation\" class=\"form-control\" required>\r\n                <label for=\"r\u00e9novation\">R\u00e9novation<\/label>\r\n            <\/div>\r\n            <div class=\"form-check\">\r\n                <input type=\"radio\" name=\"topic\" value=\"Autre\" class=\"form-control\" required>\r\n                <label for=\"autre\">Autre<\/label>\r\n            <\/div>\r\n        <\/div>\r\n        <div class=\"form-group full-width\">\r\n            <label for=\"contact_message\">Message<\/label>\r\n            <textarea name=\"message\" rows=\"3\" class=\"form-control\"><\/textarea>\r\n        <\/div>\r\n    <\/div>\r\n    <div class=\"form-actions\">\r\n        <button class=\"wp-block-button__link has-accent-background-color\">Contacter<\/button>\r\n    <\/div>\r\n<\/form>\r\n<div class=\"form-feedback\"><\/div>    <\/div><\/p>\n<h2>Quelle est la gamme de prestations d&rsquo;Artisanlocal ?<\/h2>\n<ul>\n<li>Peinture int\u00e9rieure : sur vos portes, moulures, murs, et plafonds, ou dans les autres pi\u00e8ces de votre habitation telles que votre chambre, salon, ou salle d&rsquo;eau.<\/li>\n<li>Peinture ext\u00e9rieure : ajout d&rsquo;une nouvelle couche de peinture sur les terrasses, le bardage, les cl\u00f4tures, les briques, le stuc et les portes de garage.<\/li>\n<li>Peinture d\u00e9corative : afin de concevoir des effets visuels comme le faux marbre, les patines, l&rsquo;effet vieilli, le faux bois et l&rsquo;effet oxyd\u00e9.<\/li>\n<li>Peinture de cuisine : ajout d&rsquo;une couche peinture d\u00e9corative telle que la peinture satin\u00e9e qui est simple \u00e0 nettoyer.<\/li>\n<li>L&rsquo;utilisation d&rsquo;enduits d\u00e9coratifs : ajout des enduits, comme le b\u00e9ton cir\u00e9, ou tadelakt.<\/li>\n<li>Peinture artistique : fabrication de fresques murales d\u00e9coratives, artistiques, int\u00e9rieures ou ext\u00e9rieures.<\/li>\n<li>Peinture de ravalement de fa\u00e7ade : restauration, r\u00e9novation des fa\u00e7ades de b\u00e2timents avec enduit, bardage, cr\u00e9pi ou peinture.<\/li>\n<li>Peinture sur zones en hauteur : nos peintres op\u00e8rent dans des lieux difficiles comme les ponts, les usines, ou les tours.<\/li>\n<li>Peinture de finition : ajout d\u2019une couche de finition sur vos meubles de coin cuisine ou de votre salle de bain.<\/li>\n<li>R\u00e9paration et installation : colmatage des fissures, colmatage des creux dans les murs, et l&rsquo;installation de cloisons s\u00e8ches neuves.<\/li>\n<li>Les services d&rsquo;enl\u00e8vement et de mise en place de papier peint : l&rsquo;enl\u00e8vement et la pose d&rsquo;un rev\u00eatement mural.<\/li>\n<li>Peinture pour les entreprises : pour les locaux commerciaux, restaurants, \u00e9tablissement scolaire, complexes sportifs et autres biens immobiliers pour les professionnels.<\/li>\n<li>Peinture pour les b\u00e2timents : nous pr\u00e9parons les supports \u00e0 peindre, et nous r\u00e9alisons les finitions et appliquons la peinture.<\/li>\n<\/ul>\n<h2>De quelle mani\u00e8re fonctionne votre entreprise ?<\/h2>\n<p>Pour r\u00e9pondre de la meilleure mani\u00e8re possible \u00e0 votre probl\u00e9matique, nous avons cr\u00e9\u00e9 un processus :<\/p>\n<h3>\u00c9tape 1\u00a0 : le devis<\/h3>\n<p>Obtenez devis sans frais en ligne ou par t\u00e9l\u00e9phone et obtenez un devis de vos travaux rapidement.<\/p>\n<h3>\u00c9tape 2\u00a0 : analyse de votre devis<\/h3>\n<p>Assurez-vous que l&rsquo;estimation que vous obtenez fixe correctement le prix de vos travaux. Si vous avez des questions, contactez-nous pour en savoir plus sur les d\u00e9tails de votre estimation.<\/p>\n<h3>\u00c9tape 3\u00a0 : d\u00e9but de votre projet<\/h3>\n<p>Apr\u00e8s avoir valid\u00e9 le devis, nous programmons ensemble le d\u00e9but de votre projet de r\u00e9novation. Pour assurer la bonne r\u00e9ussite de votre chantier, nous vous mettons \u00e0 votre disposition un chef de projet.<\/p>\n<h2>Quel est le prix d&rsquo;une prestation de peinture \u00e0 Ch\u00e2tel-St-Denis ?<\/h2>\n<p>Le prix d\u00e9pend des zones \u00e0 peindre. G\u00e9n\u00e9ralement, les prix se situent entre 60 et 70 CHF par heure. Le co\u00fbt de main-d&rsquo;\u0153uvre repr\u00e9sente environ 80% \u00e0 90% du montant total, tandis que le montant de la peinture ne constitue que 10% \u00e0 20% du montant.<\/p>\n<h2>Pourquoi choisir nos artisans peintres \u00e0 Ch\u00e2tel-St-Denis ?<\/h2>\n<ul>\n<li>Disponibilit\u00e9 : nos peintres sont accessibles en continu \u00e0 Ch\u00e2tel-St-Denis pour r\u00e9pondre rapidement \u00e0 vos attentes.<\/li>\n<li>Qualit\u00e9 : en choisissant Artisanlocal, vous choisissez l&rsquo;excellence et le savoir-faire.<\/li>\n<li>Tarifs : nos tarifs sont \u00e9valu\u00e9s en tenant compte de vos besoins et vos moyens financiers.<\/li>\n<li>Prestations sur mesure : nous prenons en consid\u00e9ration les sp\u00e9cificit\u00e9s de votre projet afin de vous proposer des prestations personnalis\u00e9es.<\/li>\n<li>Les comp\u00e9tences, nos peintres professionnels \u00e0 Ch\u00e2tel-St-Denis ma\u00eetrisent un large \u00e9ventail de qualifications, telles que : la pr\u00e9paration avant les travaux de peinture, la pose des diff\u00e9rentes couches et la r\u00e9alisation des touches finales.<\/li>\n<\/ul>\n<h2>Foire aux questions<\/h2>\n<h3>Quel type de peinture utilisez-vous ?<\/h3>\n<p>Nous utilisons des peintures premium. Il est possible pour nos peintres d&rsquo;utiliser les pots que vous avez achet\u00e9s.<\/p>\n<h3>Votre entreprise est-elle ouverte le week-end ?<\/h3>\n<p>Oui, notre entreprise est joignable les week-ends \u00e0 Ch\u00e2tel-St-Denis et dans les villes alentours.<\/p>\n<h3>Les meubles sont-ils prot\u00e9g\u00e9s lors de la pose de la peinture ?<\/h3>\n<p>Oui, avant la pose de la peinture, nous prot\u00e9geons vos appareils \u00e9lectrom\u00e9nagers et vos meubles. N\u00e9anmoins, si vous avez des objets fragiles, nous vous conseillons d&rsquo;en avertir le chef de projet, nous prendrons plus de pr\u00e9cautions.<\/p>\n<h3>Que va-t-il arriver si je ne suis pas satisfait du travail r\u00e9alis\u00e9 ?<\/h3>\n<p>Si vous n&rsquo;\u00eates pas content de notre travail, nous interviendrons de nouveau chez vous pour am\u00e9liorer le travail r\u00e9alis\u00e9.<\/p>\n<h3>Vos devis sont-ils gratuits ?<\/h3>\n<p>Oui, nos devis sont 100% gratuits et sans engagements. Si vous d\u00e9sirez aller plus loin, un artisan peintre se d\u00e9place chez vous pour analyser en d\u00e9tail votre projet et valider le devis avec vous.<\/p>\n<h3>Votre soci\u00e9t\u00e9 intervient-elle pr\u00e8s de Ch\u00e2tel-St-Denis ?<\/h3>\n<p>Oui, nous intervenons \u00e0 Ch\u00e2tel-St-Denis, et aussi dans les villes proches, telles que :<\/p>\nBesencens, Fiaug\u00e8res, St-Martin FR, Granges (Veveyse), Bossonnens, Attalens, Tatroz, Remaufens, Les Paccots, Semsales, Grattavache, La Verrerie, Progens, Bouloz, Pont (Veveyse), Porsel.\n","protected":false},"excerpt":{"rendered":"<p>Besoin d&rsquo;un peintre \u00e0 Ch\u00e2tel-St-Denis ? Artisanlocal propose des services de peintures \u00e0 Ch\u00e2tel-St-Denis et dans les villes proches. Quelle est la gamme de prestations d&rsquo;Artisanlocal ? Peinture int\u00e9rieure : sur vos portes, moulures, murs, et plafonds, ou dans les autres pi\u00e8ces de votre habitation telles que votre chambre, salon, ou salle d&rsquo;eau. Peinture ext\u00e9rieure [&hellip;]<\/p>\n","protected":false},"author":4,"featured_media":2756,"parent":0,"menu_order":0,"comment_status":"closed","ping_status":"closed","template":"","meta":{"footnotes":""},"profession":[121],"location":[52],"canton":[109],"class_list":["post-735","page","type-page","status-publish","has-post-thumbnail","hentry","profession-peintre","location-chatel-st-denis","canton-fr"],"yoast_head":"<!-- This site is optimized with the Yoast SEO Premium plugin v25.7.1 (Yoast SEO v27.4) - https:\/\/yoast.com\/product\/yoast-seo-premium-wordpress\/ -->\n<title>Peintre \u00e0 Ch\u00e2tel-St-Denis - Artisanlocal<\/title>\n<meta name=\"robots\" content=\"index, follow, max-snippet:-1, max-image-preview:large, max-video-preview:-1\" \/>\n<link rel=\"canonical\" href=\"https:\/\/www.artisanlocal.ch\/c\/entreprise-de-peintre-a-chatel-st-denis\/\" \/>\n<meta property=\"og:locale\" content=\"fr_FR\" \/>\n<meta property=\"og:type\" content=\"article\" \/>\n<meta property=\"og:title\" content=\"Peintre \u00e0 Ch\u00e2tel-St-Denis\" \/>\n<meta property=\"og:description\" content=\"Besoin d&rsquo;un peintre \u00e0 Ch\u00e2tel-St-Denis ? Artisanlocal propose des services de peintures \u00e0 Ch\u00e2tel-St-Denis et dans les villes proches. Quelle est la gamme de prestations d&rsquo;Artisanlocal ? Peinture int\u00e9rieure : sur vos portes, moulures, murs, et plafonds, ou dans les autres pi\u00e8ces de votre habitation telles que votre chambre, salon, ou salle d&rsquo;eau. Peinture ext\u00e9rieure [&hellip;]\" \/>\n<meta property=\"og:url\" content=\"https:\/\/www.artisanlocal.ch\/c\/entreprise-de-peintre-a-chatel-st-denis\/\" \/>\n<meta property=\"og:site_name\" content=\"Artisanlocal\" \/>\n<meta property=\"article:modified_time\" content=\"2025-09-17T10:31:51+00:00\" \/>\n<meta property=\"og:image\" content=\"https:\/\/www.artisanlocal.ch\/c\/wp-content\/uploads\/2024\/10\/peintre.jpg\" \/>\n\t<meta property=\"og:image:width\" content=\"1920\" \/>\n\t<meta property=\"og:image:height\" content=\"300\" \/>\n\t<meta property=\"og:image:type\" content=\"image\/jpeg\" \/>\n<meta name=\"twitter:card\" content=\"summary_large_image\" \/>\n<meta name=\"twitter:label1\" content=\"Dur\u00e9e de lecture estim\u00e9e\" \/>\n\t<meta name=\"twitter:data1\" content=\"4 minutes\" \/>\n<script type=\"application\/ld+json\" class=\"yoast-schema-graph\">{\"@context\":\"https:\\\/\\\/schema.org\",\"@graph\":[{\"@type\":\"WebPage\",\"@id\":\"https:\\\/\\\/www.artisanlocal.ch\\\/c\\\/entreprise-de-peintre-a-chatel-st-denis\\\/\",\"url\":\"https:\\\/\\\/www.artisanlocal.ch\\\/c\\\/entreprise-de-peintre-a-chatel-st-denis\\\/\",\"name\":\"Peintre \u00e0 Ch\u00e2tel-St-Denis - Artisanlocal\",\"isPartOf\":{\"@id\":\"https:\\\/\\\/www.artisanlocal.ch\\\/c\\\/#website\"},\"primaryImageOfPage\":{\"@id\":\"https:\\\/\\\/www.artisanlocal.ch\\\/c\\\/entreprise-de-peintre-a-chatel-st-denis\\\/#primaryimage\"},\"image\":{\"@id\":\"https:\\\/\\\/www.artisanlocal.ch\\\/c\\\/entreprise-de-peintre-a-chatel-st-denis\\\/#primaryimage\"},\"thumbnailUrl\":\"https:\\\/\\\/www.artisanlocal.ch\\\/c\\\/wp-content\\\/uploads\\\/2024\\\/10\\\/peintre.jpg\",\"datePublished\":\"2024-04-15T03:05:51+00:00\",\"dateModified\":\"2025-09-17T10:31:51+00:00\",\"breadcrumb\":{\"@id\":\"https:\\\/\\\/www.artisanlocal.ch\\\/c\\\/entreprise-de-peintre-a-chatel-st-denis\\\/#breadcrumb\"},\"inLanguage\":\"fr-FR\",\"potentialAction\":[{\"@type\":\"ReadAction\",\"target\":[\"https:\\\/\\\/www.artisanlocal.ch\\\/c\\\/entreprise-de-peintre-a-chatel-st-denis\\\/\"]}]},{\"@type\":\"ImageObject\",\"inLanguage\":\"fr-FR\",\"@id\":\"https:\\\/\\\/www.artisanlocal.ch\\\/c\\\/entreprise-de-peintre-a-chatel-st-denis\\\/#primaryimage\",\"url\":\"https:\\\/\\\/www.artisanlocal.ch\\\/c\\\/wp-content\\\/uploads\\\/2024\\\/10\\\/peintre.jpg\",\"contentUrl\":\"https:\\\/\\\/www.artisanlocal.ch\\\/c\\\/wp-content\\\/uploads\\\/2024\\\/10\\\/peintre.jpg\",\"width\":1920,\"height\":300},{\"@type\":\"BreadcrumbList\",\"@id\":\"https:\\\/\\\/www.artisanlocal.ch\\\/c\\\/entreprise-de-peintre-a-chatel-st-denis\\\/#breadcrumb\",\"itemListElement\":[{\"@type\":\"ListItem\",\"position\":1,\"name\":\"Accueil\",\"item\":\"https:\\\/\\\/www.artisanlocal.ch\\\/c\\\/\"},{\"@type\":\"ListItem\",\"position\":2,\"name\":\"Peintre \u00e0 Ch\u00e2tel-St-Denis\"}]},{\"@type\":\"WebSite\",\"@id\":\"https:\\\/\\\/www.artisanlocal.ch\\\/c\\\/#website\",\"url\":\"https:\\\/\\\/www.artisanlocal.ch\\\/c\\\/\",\"name\":\"Artisanlocal\",\"description\":\"\",\"publisher\":{\"@id\":\"https:\\\/\\\/www.artisanlocal.ch\\\/c\\\/#organization\"},\"potentialAction\":[{\"@type\":\"SearchAction\",\"target\":{\"@type\":\"EntryPoint\",\"urlTemplate\":\"https:\\\/\\\/www.artisanlocal.ch\\\/c\\\/?s={search_term_string}\"},\"query-input\":{\"@type\":\"PropertyValueSpecification\",\"valueRequired\":true,\"valueName\":\"search_term_string\"}}],\"inLanguage\":\"fr-FR\"},{\"@type\":\"Organization\",\"@id\":\"https:\\\/\\\/www.artisanlocal.ch\\\/c\\\/#organization\",\"name\":\"Artisanlocal\",\"url\":\"https:\\\/\\\/www.artisanlocal.ch\\\/c\\\/\",\"logo\":{\"@type\":\"ImageObject\",\"inLanguage\":\"fr-FR\",\"@id\":\"https:\\\/\\\/www.artisanlocal.ch\\\/c\\\/#\\\/schema\\\/logo\\\/image\\\/\",\"url\":\"https:\\\/\\\/www.artisanlocal.ch\\\/c\\\/wp-content\\\/uploads\\\/2024\\\/02\\\/logo-artisanlocal-h.svg\",\"contentUrl\":\"https:\\\/\\\/www.artisanlocal.ch\\\/c\\\/wp-content\\\/uploads\\\/2024\\\/02\\\/logo-artisanlocal-h.svg\",\"caption\":\"Artisanlocal\"},\"image\":{\"@id\":\"https:\\\/\\\/www.artisanlocal.ch\\\/c\\\/#\\\/schema\\\/logo\\\/image\\\/\"}}]}<\/script>\n<!-- \/ Yoast SEO Premium plugin. -->","yoast_head_json":{"title":"Peintre \u00e0 Ch\u00e2tel-St-Denis - Artisanlocal","robots":{"index":"index","follow":"follow","max-snippet":"max-snippet:-1","max-image-preview":"max-image-preview:large","max-video-preview":"max-video-preview:-1"},"canonical":"https:\/\/www.artisanlocal.ch\/c\/entreprise-de-peintre-a-chatel-st-denis\/","og_locale":"fr_FR","og_type":"article","og_title":"Peintre \u00e0 Ch\u00e2tel-St-Denis","og_description":"Besoin d&rsquo;un peintre \u00e0 Ch\u00e2tel-St-Denis ? Artisanlocal propose des services de peintures \u00e0 Ch\u00e2tel-St-Denis et dans les villes proches. Quelle est la gamme de prestations d&rsquo;Artisanlocal ? Peinture int\u00e9rieure : sur vos portes, moulures, murs, et plafonds, ou dans les autres pi\u00e8ces de votre habitation telles que votre chambre, salon, ou salle d&rsquo;eau. Peinture ext\u00e9rieure [&hellip;]","og_url":"https:\/\/www.artisanlocal.ch\/c\/entreprise-de-peintre-a-chatel-st-denis\/","og_site_name":"Artisanlocal","article_modified_time":"2025-09-17T10:31:51+00:00","og_image":[{"width":1920,"height":300,"url":"https:\/\/www.artisanlocal.ch\/c\/wp-content\/uploads\/2024\/10\/peintre.jpg","type":"image\/jpeg"}],"twitter_card":"summary_large_image","twitter_misc":{"Dur\u00e9e de lecture estim\u00e9e":"4 minutes"},"schema":{"@context":"https:\/\/schema.org","@graph":[{"@type":"WebPage","@id":"https:\/\/www.artisanlocal.ch\/c\/entreprise-de-peintre-a-chatel-st-denis\/","url":"https:\/\/www.artisanlocal.ch\/c\/entreprise-de-peintre-a-chatel-st-denis\/","name":"Peintre \u00e0 Ch\u00e2tel-St-Denis - Artisanlocal","isPartOf":{"@id":"https:\/\/www.artisanlocal.ch\/c\/#website"},"primaryImageOfPage":{"@id":"https:\/\/www.artisanlocal.ch\/c\/entreprise-de-peintre-a-chatel-st-denis\/#primaryimage"},"image":{"@id":"https:\/\/www.artisanlocal.ch\/c\/entreprise-de-peintre-a-chatel-st-denis\/#primaryimage"},"thumbnailUrl":"https:\/\/www.artisanlocal.ch\/c\/wp-content\/uploads\/2024\/10\/peintre.jpg","datePublished":"2024-04-15T03:05:51+00:00","dateModified":"2025-09-17T10:31:51+00:00","breadcrumb":{"@id":"https:\/\/www.artisanlocal.ch\/c\/entreprise-de-peintre-a-chatel-st-denis\/#breadcrumb"},"inLanguage":"fr-FR","potentialAction":[{"@type":"ReadAction","target":["https:\/\/www.artisanlocal.ch\/c\/entreprise-de-peintre-a-chatel-st-denis\/"]}]},{"@type":"ImageObject","inLanguage":"fr-FR","@id":"https:\/\/www.artisanlocal.ch\/c\/entreprise-de-peintre-a-chatel-st-denis\/#primaryimage","url":"https:\/\/www.artisanlocal.ch\/c\/wp-content\/uploads\/2024\/10\/peintre.jpg","contentUrl":"https:\/\/www.artisanlocal.ch\/c\/wp-content\/uploads\/2024\/10\/peintre.jpg","width":1920,"height":300},{"@type":"BreadcrumbList","@id":"https:\/\/www.artisanlocal.ch\/c\/entreprise-de-peintre-a-chatel-st-denis\/#breadcrumb","itemListElement":[{"@type":"ListItem","position":1,"name":"Accueil","item":"https:\/\/www.artisanlocal.ch\/c\/"},{"@type":"ListItem","position":2,"name":"Peintre \u00e0 Ch\u00e2tel-St-Denis"}]},{"@type":"WebSite","@id":"https:\/\/www.artisanlocal.ch\/c\/#website","url":"https:\/\/www.artisanlocal.ch\/c\/","name":"Artisanlocal","description":"","publisher":{"@id":"https:\/\/www.artisanlocal.ch\/c\/#organization"},"potentialAction":[{"@type":"SearchAction","target":{"@type":"EntryPoint","urlTemplate":"https:\/\/www.artisanlocal.ch\/c\/?s={search_term_string}"},"query-input":{"@type":"PropertyValueSpecification","valueRequired":true,"valueName":"search_term_string"}}],"inLanguage":"fr-FR"},{"@type":"Organization","@id":"https:\/\/www.artisanlocal.ch\/c\/#organization","name":"Artisanlocal","url":"https:\/\/www.artisanlocal.ch\/c\/","logo":{"@type":"ImageObject","inLanguage":"fr-FR","@id":"https:\/\/www.artisanlocal.ch\/c\/#\/schema\/logo\/image\/","url":"https:\/\/www.artisanlocal.ch\/c\/wp-content\/uploads\/2024\/02\/logo-artisanlocal-h.svg","contentUrl":"https:\/\/www.artisanlocal.ch\/c\/wp-content\/uploads\/2024\/02\/logo-artisanlocal-h.svg","caption":"Artisanlocal"},"image":{"@id":"https:\/\/www.artisanlocal.ch\/c\/#\/schema\/logo\/image\/"}}]}},"_links":{"self":[{"href":"https:\/\/www.artisanlocal.ch\/c\/wp-json\/wp\/v2\/pages\/735","targetHints":{"allow":["GET"]}}],"collection":[{"href":"https:\/\/www.artisanlocal.ch\/c\/wp-json\/wp\/v2\/pages"}],"about":[{"href":"https:\/\/www.artisanlocal.ch\/c\/wp-json\/wp\/v2\/types\/page"}],"author":[{"embeddable":true,"href":"https:\/\/www.artisanlocal.ch\/c\/wp-json\/wp\/v2\/users\/4"}],"replies":[{"embeddable":true,"href":"https:\/\/www.artisanlocal.ch\/c\/wp-json\/wp\/v2\/comments?post=735"}],"version-history":[{"count":0,"href":"https:\/\/www.artisanlocal.ch\/c\/wp-json\/wp\/v2\/pages\/735\/revisions"}],"wp:featuredmedia":[{"embeddable":true,"href":"https:\/\/www.artisanlocal.ch\/c\/wp-json\/wp\/v2\/media\/2756"}],"wp:attachment":[{"href":"https:\/\/www.artisanlocal.ch\/c\/wp-json\/wp\/v2\/media?parent=735"}],"wp:term":[{"taxonomy":"profession","embeddable":true,"href":"https:\/\/www.artisanlocal.ch\/c\/wp-json\/wp\/v2\/profession?post=735"},{"taxonomy":"location","embeddable":true,"href":"https:\/\/www.artisanlocal.ch\/c\/wp-json\/wp\/v2\/location?post=735"},{"taxonomy":"canton","embeddable":true,"href":"https:\/\/www.artisanlocal.ch\/c\/wp-json\/wp\/v2\/canton?post=735"}],"curies":[{"name":"wp","href":"https:\/\/api.w.org\/{rel}","templated":true}]}}