{"id":736,"date":"2024-04-15T13:32:40","date_gmt":"2024-04-15T11:32:40","guid":{"rendered":"https:\/\/www.artisanlocal.ch\/c\/trouver-le-meilleur-peintre-dans-le-canton-de-geneve\/"},"modified":"2025-11-06T12:39:52","modified_gmt":"2025-11-06T11:39:52","slug":"trouver-le-meilleur-peintre-dans-le-canton-de-geneve","status":"publish","type":"page","link":"https:\/\/www.artisanlocal.ch\/c\/trouver-le-meilleur-peintre-dans-le-canton-de-geneve\/","title":{"rendered":"Trouver le meilleur peintre dans le canton de Gen\u00e8ve"},"content":{"rendered":"<p>Vous avez besoin de donner \u00e0 l&rsquo;int\u00e9rieur de votre habitation ou de votre commerce une nouvelle couleur ? Demandez l&rsquo;intervention d&rsquo;Artisanlocal, nous proposons des travaux de qualit\u00e9, de l&rsquo;\u00e9tude aux finitions, nous nous adaptons \u00e0 vos horaires et nous intervenons rapidement chez vous, dans le canton de Gen\u00e8ve et dans les localit\u00e9s aux alentours.<\/p>\n<h2>Quels sont les travaux que votre entreprise propose ?<\/h2>\n<ul>\n<li>Peinture int\u00e9rieure : sur les moulures, les murs, les plafonds, les portes, et dans des endroits comme la salle de bain, le salon et la chambre.<\/li>\n<li>Peinture ext\u00e9rieure : ajout d&rsquo;une nouvelle couche de peinture sur les terrasses, les cl\u00f4tures, le bardage, les portes de garage, le stuc et la brique.<\/li>\n<li>Peinture d\u00e9corative : cr\u00e9ation des effets, tels que le faux marbre, l&rsquo;effet oxyd\u00e9, le faux bois, les patines et l&rsquo;effet vieilli.<\/li>\n<li>Peinture dans votre coin cuisine : pose d\u2019une couche peinture d\u00e9corative telle que la peinture satin\u00e9e qui est simple \u00e0 nettoyer.<\/li>\n<li>Les projets d&rsquo;enduits d\u00e9coratifs : mise en place d&rsquo;enduits comme le tadelakt ou le b\u00e9ton cir\u00e9.<\/li>\n<li>Artiste peintre : r\u00e9alisation de peintures murales (ext\u00e9rieur, int\u00e9rieur, artistique ou d\u00e9corative).<\/li>\n<li>Peinture de ravalement de fa\u00e7ade : am\u00e9lioration esth\u00e9tique de la face avant du b\u00e2timent, pose d&rsquo;enduit, peinture, bardage ou cr\u00e9pi.<\/li>\n<li>Peinture cordiste : services de peinture en hauteur, nous intervenons dans les lieus difficiles d\u2019acc\u00e8s, comme les usines, tours, ponts ou \u00e9oliennes.<\/li>\n<li>Peinture de finition : application d\u2019une couche de finition dans votre salle d&rsquo;eau ou sur vos meubles de cuisines.<\/li>\n<li>Les services d&rsquo;installation et de r\u00e9novation : le comblement des br\u00e8ches dans vos murs, la mise en place de placo ou la r\u00e9paration des creux dans les murs.<\/li>\n<li>Suppression et pose de papier peint : \u00e9limination et changement de votre ancien papier peint.<\/li>\n<li>Peinture pour les soci\u00e9t\u00e9s : pour les espaces de travail, restaurants, \u00e9tablissement scolaire, complexes sportifs et autres biens immobiliers, pour les professionnels.<\/li>\n<li>Peinture pour immeubles : notre entreprise pr\u00e9pare les supports \u00e0 peindre, et nous effectuons les finitions et posons la peinture.<\/li>\n<\/ul>\n<h2>Comment fonctionne votre entreprise ?<\/h2>\n<p>Dans notre entreprise, nous avons cr\u00e9\u00e9 un syst\u00e8me \u00e9tape par \u00e9tape afin de r\u00e9pondre aux demandes de nos partenaires.<\/p>\n<h3>\u00c9tape 1\u00a0 : commandez un devis<\/h3>\n<p>Obtenez un devis gratuit par t\u00e9l\u00e9phone ou en ligne et recevez une estimation de vos travaux de peintures dans les 24 heures.<\/p>\n<h3>\u00c9tape 2\u00a0 : examinez votre estimation<\/h3>\n<p>Assurez-vous que l&rsquo;estimation que vous recevez fixe correctement le prix de votre projet. En cas d&rsquo;interrogation sur votre devis, n&rsquo;h\u00e9sitez pas \u00e0 nous contacter pour avoir des informations suppl\u00e9mentaires.<\/p>\n<h3>\u00c9tape 3\u00a0 : planifiez la date de d\u00e9but de votre projet peinture<\/h3>\n<p>Apr\u00e8s la validation du devis, nous programmons ensemble le commencement de votre projet. Afin d&rsquo;assurer le succ\u00e8s de votre chantier, nous vous mettons \u00e0 votre disposition un chef de projet.<\/p>\n<h2>Combien faut-il payer pour une prestation de peinture dans le canton de Gen\u00e8ve ?<\/h2>\n<p>Le prix d&rsquo;une intervention est influenc\u00e9 par l&rsquo;\u00e9tat de vos plafonds et vos murs. En r\u00e8gle g\u00e9n\u00e9rale, les tarifs varient entre 60 et 70 francs suisses par heure. \u00c0 peu pr\u00e8s 80% \u00e0 90% du montant total sont allou\u00e9s \u00e0 la main-d&rsquo;\u0153uvre, alors que la peinture ne repr\u00e9sente que 10% \u00e0 20% de l&rsquo;enveloppe financi\u00e8re.<\/p>\n<h2>Quels sont les b\u00e9n\u00e9fices de faire appel \u00e0 Artisanlocal ?<\/h2>\n<ul>\n<li>Disponibilit\u00e9 : nos peintres sont joignables en continu dans le canton de Gen\u00e8ve afin de r\u00e9pondre rapidement \u00e0 vos besoins.<\/li>\n<li>Qualit\u00e9 : en choisissant notre entreprise, vous choisissez la qualit\u00e9 et le professionnalisme.<\/li>\n<li>Prix accessibles : nous proposons des montants attractifs, adapt\u00e9s \u00e0 votre budget et \u00e0 vos exigences.<\/li>\n<li>Prestation sur mesure : nous prenons en consid\u00e9ration les caract\u00e9ristiques de votre projet de peinture dans le but de vous proposer une prestation sur-mesure.<\/li>\n<li>Le savoir-faire, nos peintres professionnels dans le canton de Gen\u00e8ve ma\u00eetrisent une gamme d&rsquo;expertises, tels que : la pr\u00e9paration des surfaces avant la pose de la peinture, l&rsquo;application des multiples couches et la r\u00e9alisation des finitions.<\/li>\n<\/ul>\n<h2>Questions fr\u00e9quentes<\/h2>\n<h3>Quel genre de peinture utilisez-vous ?<\/h3>\n<p>Nous utilisons uniquement des peintures haut de gamme. Les pots de peinture que vous avez achet\u00e9s peuvent \u00eatre aussi employ\u00e9s par nos artisans peintres.<\/p>\n<h3>Est-ce que vos peintres sont disponibles le week-end ?<\/h3>\n<p>Oui, notre entreprise est disponible les week-ends dans le canton de Gen\u00e8ve.<\/p>\n<h3>Assurez-vous la protection de mon mobilier ?<\/h3>\n<p>Oui, avant la pose de la peinture, nous couvrons vos appareils \u00e9lectrom\u00e9nagers et vos meubles. Notifiez-nous avant de commencer, tous vos objets cassables, notre soci\u00e9t\u00e9 adoptera des mesures de s\u00e9curit\u00e9 renforc\u00e9es.<\/p>\n<h3>Quels sont les recours si j&rsquo;estime le travail effectu\u00e9 insuffisant ?<\/h3>\n<p>Si notre prestation ne vous satisfait pas, nous nous engageons \u00e0 effectuer les ajustements n\u00e9cessaires jusqu&rsquo;\u00e0 ce que vous soyez satisfait.<\/p>\n<h3>Fournissez-vous des devis gratuits ?<\/h3>\n<p>Nos devis sont gratuits. Nos peintres peuvent se d\u00e9placer chez vous dans le but de r\u00e9pondre \u00e0 vos interrogations et valider avec vous votre estimation.<\/p>\n<h3>La soci\u00e9t\u00e9 Artisanlocal r\u00e9alise-t-elle des travaux de peintures dans le canton de Gen\u00e8ve et les villes proches ?<\/h3>\n<p>Oui, Artisalocal effectue des interventions dans le canton de Gen\u00e8ve, et dans les villes proches, telles que :<\/p>\nGen\u00e8ve, Grand-Lancy, Petit-Lancy, Onex, A\u00efre, V\u00e9senaz, Cologny, Ch\u00eane-Bougeries, Ch\u00eane-Bourg, Th\u00f4nex, Carouge GE, Les Acacias, Plan-les-Ouates, Conches, Confignon, Bernex, Vessy, Cartigny, Avully, Puplinge, Presinge, Choulex, Collonge-Bellerive, Corsier GE, Ani\u00e8res, Hermance, Gy, Meinier, Vandoeuvres, Jussy, Veyrier, Troinex, La Croix-de-Rozon, Perly, Chancy, Athenaz (Avusy), Soral, Laconnex, Aire-la-Ville, Vernier, Cointrin, Meyrin, Le Grand-Saconnex, Ch\u00e2telaine, Le Lignon, Les Avanchets, Collex, Satigny, Russin, Dardagny, La Plaine, Chamb\u00e9sy.\n","protected":false},"excerpt":{"rendered":"<p>Vous avez besoin de donner \u00e0 l&rsquo;int\u00e9rieur de votre habitation ou de votre commerce une nouvelle couleur ? Demandez l&rsquo;intervention d&rsquo;Artisanlocal, nous proposons des travaux de qualit\u00e9, de l&rsquo;\u00e9tude aux finitions, nous nous adaptons \u00e0 vos horaires et nous intervenons rapidement chez vous, dans le canton de Gen\u00e8ve et dans les localit\u00e9s aux alentours. Quels [&hellip;]<\/p>\n","protected":false},"author":4,"featured_media":2756,"parent":0,"menu_order":0,"comment_status":"closed","ping_status":"closed","template":"wp-custom-template-page-canton","meta":{"footnotes":""},"profession":[121],"location":[],"canton":[112],"class_list":["post-736","page","type-page","status-publish","has-post-thumbnail","hentry","profession-peintre","canton-ge"],"yoast_head":"<!-- This site is optimized with the Yoast SEO Premium plugin v25.7.1 (Yoast SEO v27.3) - https:\/\/yoast.com\/product\/yoast-seo-premium-wordpress\/ -->\n<title>Trouver le meilleur peintre dans le canton de Gen\u00e8ve - Artisanlocal<\/title>\n<meta name=\"robots\" content=\"index, follow, max-snippet:-1, max-image-preview:large, max-video-preview:-1\" \/>\n<link rel=\"canonical\" href=\"https:\/\/www.artisanlocal.ch\/c\/trouver-le-meilleur-peintre-dans-le-canton-de-geneve\/\" \/>\n<meta property=\"og:locale\" content=\"fr_FR\" \/>\n<meta property=\"og:type\" content=\"article\" \/>\n<meta property=\"og:title\" content=\"Trouver le meilleur peintre dans le canton de Gen\u00e8ve\" \/>\n<meta property=\"og:description\" content=\"Vous avez besoin de donner \u00e0 l&rsquo;int\u00e9rieur de votre habitation ou de votre commerce une nouvelle couleur ? Demandez l&rsquo;intervention d&rsquo;Artisanlocal, nous proposons des travaux de qualit\u00e9, de l&rsquo;\u00e9tude aux finitions, nous nous adaptons \u00e0 vos horaires et nous intervenons rapidement chez vous, dans le canton de Gen\u00e8ve et dans les localit\u00e9s aux alentours. Quels [&hellip;]\" \/>\n<meta property=\"og:url\" content=\"https:\/\/www.artisanlocal.ch\/c\/trouver-le-meilleur-peintre-dans-le-canton-de-geneve\/\" \/>\n<meta property=\"og:site_name\" content=\"Artisanlocal\" \/>\n<meta property=\"article:modified_time\" content=\"2025-11-06T11:39:52+00:00\" \/>\n<meta property=\"og:image\" content=\"https:\/\/www.artisanlocal.ch\/c\/wp-content\/uploads\/2024\/10\/peintre.jpg\" \/>\n\t<meta property=\"og:image:width\" content=\"1920\" \/>\n\t<meta property=\"og:image:height\" content=\"300\" \/>\n\t<meta property=\"og:image:type\" content=\"image\/jpeg\" \/>\n<meta name=\"twitter:card\" content=\"summary_large_image\" \/>\n<meta name=\"twitter:label1\" content=\"Dur\u00e9e de lecture estim\u00e9e\" \/>\n\t<meta name=\"twitter:data1\" content=\"5 minutes\" \/>\n<script type=\"application\/ld+json\" class=\"yoast-schema-graph\">{\"@context\":\"https:\\\/\\\/schema.org\",\"@graph\":[{\"@type\":\"WebPage\",\"@id\":\"https:\\\/\\\/www.artisanlocal.ch\\\/c\\\/trouver-le-meilleur-peintre-dans-le-canton-de-geneve\\\/\",\"url\":\"https:\\\/\\\/www.artisanlocal.ch\\\/c\\\/trouver-le-meilleur-peintre-dans-le-canton-de-geneve\\\/\",\"name\":\"Trouver le meilleur peintre dans le canton de Gen\u00e8ve - Artisanlocal\",\"isPartOf\":{\"@id\":\"https:\\\/\\\/www.artisanlocal.ch\\\/c\\\/#website\"},\"primaryImageOfPage\":{\"@id\":\"https:\\\/\\\/www.artisanlocal.ch\\\/c\\\/trouver-le-meilleur-peintre-dans-le-canton-de-geneve\\\/#primaryimage\"},\"image\":{\"@id\":\"https:\\\/\\\/www.artisanlocal.ch\\\/c\\\/trouver-le-meilleur-peintre-dans-le-canton-de-geneve\\\/#primaryimage\"},\"thumbnailUrl\":\"https:\\\/\\\/www.artisanlocal.ch\\\/c\\\/wp-content\\\/uploads\\\/2024\\\/10\\\/peintre.jpg\",\"datePublished\":\"2024-04-15T11:32:40+00:00\",\"dateModified\":\"2025-11-06T11:39:52+00:00\",\"breadcrumb\":{\"@id\":\"https:\\\/\\\/www.artisanlocal.ch\\\/c\\\/trouver-le-meilleur-peintre-dans-le-canton-de-geneve\\\/#breadcrumb\"},\"inLanguage\":\"fr-FR\",\"potentialAction\":[{\"@type\":\"ReadAction\",\"target\":[\"https:\\\/\\\/www.artisanlocal.ch\\\/c\\\/trouver-le-meilleur-peintre-dans-le-canton-de-geneve\\\/\"]}]},{\"@type\":\"ImageObject\",\"inLanguage\":\"fr-FR\",\"@id\":\"https:\\\/\\\/www.artisanlocal.ch\\\/c\\\/trouver-le-meilleur-peintre-dans-le-canton-de-geneve\\\/#primaryimage\",\"url\":\"https:\\\/\\\/www.artisanlocal.ch\\\/c\\\/wp-content\\\/uploads\\\/2024\\\/10\\\/peintre.jpg\",\"contentUrl\":\"https:\\\/\\\/www.artisanlocal.ch\\\/c\\\/wp-content\\\/uploads\\\/2024\\\/10\\\/peintre.jpg\",\"width\":1920,\"height\":300},{\"@type\":\"BreadcrumbList\",\"@id\":\"https:\\\/\\\/www.artisanlocal.ch\\\/c\\\/trouver-le-meilleur-peintre-dans-le-canton-de-geneve\\\/#breadcrumb\",\"itemListElement\":[{\"@type\":\"ListItem\",\"position\":1,\"name\":\"Accueil\",\"item\":\"https:\\\/\\\/www.artisanlocal.ch\\\/c\\\/\"},{\"@type\":\"ListItem\",\"position\":2,\"name\":\"Trouver le meilleur peintre dans le canton de Gen\u00e8ve\"}]},{\"@type\":\"WebSite\",\"@id\":\"https:\\\/\\\/www.artisanlocal.ch\\\/c\\\/#website\",\"url\":\"https:\\\/\\\/www.artisanlocal.ch\\\/c\\\/\",\"name\":\"Artisanlocal\",\"description\":\"\",\"publisher\":{\"@id\":\"https:\\\/\\\/www.artisanlocal.ch\\\/c\\\/#organization\"},\"potentialAction\":[{\"@type\":\"SearchAction\",\"target\":{\"@type\":\"EntryPoint\",\"urlTemplate\":\"https:\\\/\\\/www.artisanlocal.ch\\\/c\\\/?s={search_term_string}\"},\"query-input\":{\"@type\":\"PropertyValueSpecification\",\"valueRequired\":true,\"valueName\":\"search_term_string\"}}],\"inLanguage\":\"fr-FR\"},{\"@type\":\"Organization\",\"@id\":\"https:\\\/\\\/www.artisanlocal.ch\\\/c\\\/#organization\",\"name\":\"Artisanlocal\",\"url\":\"https:\\\/\\\/www.artisanlocal.ch\\\/c\\\/\",\"logo\":{\"@type\":\"ImageObject\",\"inLanguage\":\"fr-FR\",\"@id\":\"https:\\\/\\\/www.artisanlocal.ch\\\/c\\\/#\\\/schema\\\/logo\\\/image\\\/\",\"url\":\"https:\\\/\\\/www.artisanlocal.ch\\\/c\\\/wp-content\\\/uploads\\\/2024\\\/02\\\/logo-artisanlocal-h.svg\",\"contentUrl\":\"https:\\\/\\\/www.artisanlocal.ch\\\/c\\\/wp-content\\\/uploads\\\/2024\\\/02\\\/logo-artisanlocal-h.svg\",\"caption\":\"Artisanlocal\"},\"image\":{\"@id\":\"https:\\\/\\\/www.artisanlocal.ch\\\/c\\\/#\\\/schema\\\/logo\\\/image\\\/\"}}]}<\/script>\n<!-- \/ Yoast SEO Premium plugin. -->","yoast_head_json":{"title":"Trouver le meilleur peintre dans le canton de Gen\u00e8ve - Artisanlocal","robots":{"index":"index","follow":"follow","max-snippet":"max-snippet:-1","max-image-preview":"max-image-preview:large","max-video-preview":"max-video-preview:-1"},"canonical":"https:\/\/www.artisanlocal.ch\/c\/trouver-le-meilleur-peintre-dans-le-canton-de-geneve\/","og_locale":"fr_FR","og_type":"article","og_title":"Trouver le meilleur peintre dans le canton de Gen\u00e8ve","og_description":"Vous avez besoin de donner \u00e0 l&rsquo;int\u00e9rieur de votre habitation ou de votre commerce une nouvelle couleur ? Demandez l&rsquo;intervention d&rsquo;Artisanlocal, nous proposons des travaux de qualit\u00e9, de l&rsquo;\u00e9tude aux finitions, nous nous adaptons \u00e0 vos horaires et nous intervenons rapidement chez vous, dans le canton de Gen\u00e8ve et dans les localit\u00e9s aux alentours. Quels [&hellip;]","og_url":"https:\/\/www.artisanlocal.ch\/c\/trouver-le-meilleur-peintre-dans-le-canton-de-geneve\/","og_site_name":"Artisanlocal","article_modified_time":"2025-11-06T11:39:52+00:00","og_image":[{"width":1920,"height":300,"url":"https:\/\/www.artisanlocal.ch\/c\/wp-content\/uploads\/2024\/10\/peintre.jpg","type":"image\/jpeg"}],"twitter_card":"summary_large_image","twitter_misc":{"Dur\u00e9e de lecture estim\u00e9e":"5 minutes"},"schema":{"@context":"https:\/\/schema.org","@graph":[{"@type":"WebPage","@id":"https:\/\/www.artisanlocal.ch\/c\/trouver-le-meilleur-peintre-dans-le-canton-de-geneve\/","url":"https:\/\/www.artisanlocal.ch\/c\/trouver-le-meilleur-peintre-dans-le-canton-de-geneve\/","name":"Trouver le meilleur peintre dans le canton de Gen\u00e8ve - Artisanlocal","isPartOf":{"@id":"https:\/\/www.artisanlocal.ch\/c\/#website"},"primaryImageOfPage":{"@id":"https:\/\/www.artisanlocal.ch\/c\/trouver-le-meilleur-peintre-dans-le-canton-de-geneve\/#primaryimage"},"image":{"@id":"https:\/\/www.artisanlocal.ch\/c\/trouver-le-meilleur-peintre-dans-le-canton-de-geneve\/#primaryimage"},"thumbnailUrl":"https:\/\/www.artisanlocal.ch\/c\/wp-content\/uploads\/2024\/10\/peintre.jpg","datePublished":"2024-04-15T11:32:40+00:00","dateModified":"2025-11-06T11:39:52+00:00","breadcrumb":{"@id":"https:\/\/www.artisanlocal.ch\/c\/trouver-le-meilleur-peintre-dans-le-canton-de-geneve\/#breadcrumb"},"inLanguage":"fr-FR","potentialAction":[{"@type":"ReadAction","target":["https:\/\/www.artisanlocal.ch\/c\/trouver-le-meilleur-peintre-dans-le-canton-de-geneve\/"]}]},{"@type":"ImageObject","inLanguage":"fr-FR","@id":"https:\/\/www.artisanlocal.ch\/c\/trouver-le-meilleur-peintre-dans-le-canton-de-geneve\/#primaryimage","url":"https:\/\/www.artisanlocal.ch\/c\/wp-content\/uploads\/2024\/10\/peintre.jpg","contentUrl":"https:\/\/www.artisanlocal.ch\/c\/wp-content\/uploads\/2024\/10\/peintre.jpg","width":1920,"height":300},{"@type":"BreadcrumbList","@id":"https:\/\/www.artisanlocal.ch\/c\/trouver-le-meilleur-peintre-dans-le-canton-de-geneve\/#breadcrumb","itemListElement":[{"@type":"ListItem","position":1,"name":"Accueil","item":"https:\/\/www.artisanlocal.ch\/c\/"},{"@type":"ListItem","position":2,"name":"Trouver le meilleur peintre dans le canton de Gen\u00e8ve"}]},{"@type":"WebSite","@id":"https:\/\/www.artisanlocal.ch\/c\/#website","url":"https:\/\/www.artisanlocal.ch\/c\/","name":"Artisanlocal","description":"","publisher":{"@id":"https:\/\/www.artisanlocal.ch\/c\/#organization"},"potentialAction":[{"@type":"SearchAction","target":{"@type":"EntryPoint","urlTemplate":"https:\/\/www.artisanlocal.ch\/c\/?s={search_term_string}"},"query-input":{"@type":"PropertyValueSpecification","valueRequired":true,"valueName":"search_term_string"}}],"inLanguage":"fr-FR"},{"@type":"Organization","@id":"https:\/\/www.artisanlocal.ch\/c\/#organization","name":"Artisanlocal","url":"https:\/\/www.artisanlocal.ch\/c\/","logo":{"@type":"ImageObject","inLanguage":"fr-FR","@id":"https:\/\/www.artisanlocal.ch\/c\/#\/schema\/logo\/image\/","url":"https:\/\/www.artisanlocal.ch\/c\/wp-content\/uploads\/2024\/02\/logo-artisanlocal-h.svg","contentUrl":"https:\/\/www.artisanlocal.ch\/c\/wp-content\/uploads\/2024\/02\/logo-artisanlocal-h.svg","caption":"Artisanlocal"},"image":{"@id":"https:\/\/www.artisanlocal.ch\/c\/#\/schema\/logo\/image\/"}}]}},"_links":{"self":[{"href":"https:\/\/www.artisanlocal.ch\/c\/wp-json\/wp\/v2\/pages\/736","targetHints":{"allow":["GET"]}}],"collection":[{"href":"https:\/\/www.artisanlocal.ch\/c\/wp-json\/wp\/v2\/pages"}],"about":[{"href":"https:\/\/www.artisanlocal.ch\/c\/wp-json\/wp\/v2\/types\/page"}],"author":[{"embeddable":true,"href":"https:\/\/www.artisanlocal.ch\/c\/wp-json\/wp\/v2\/users\/4"}],"replies":[{"embeddable":true,"href":"https:\/\/www.artisanlocal.ch\/c\/wp-json\/wp\/v2\/comments?post=736"}],"version-history":[{"count":0,"href":"https:\/\/www.artisanlocal.ch\/c\/wp-json\/wp\/v2\/pages\/736\/revisions"}],"wp:featuredmedia":[{"embeddable":true,"href":"https:\/\/www.artisanlocal.ch\/c\/wp-json\/wp\/v2\/media\/2756"}],"wp:attachment":[{"href":"https:\/\/www.artisanlocal.ch\/c\/wp-json\/wp\/v2\/media?parent=736"}],"wp:term":[{"taxonomy":"profession","embeddable":true,"href":"https:\/\/www.artisanlocal.ch\/c\/wp-json\/wp\/v2\/profession?post=736"},{"taxonomy":"location","embeddable":true,"href":"https:\/\/www.artisanlocal.ch\/c\/wp-json\/wp\/v2\/location?post=736"},{"taxonomy":"canton","embeddable":true,"href":"https:\/\/www.artisanlocal.ch\/c\/wp-json\/wp\/v2\/canton?post=736"}],"curies":[{"name":"wp","href":"https:\/\/api.w.org\/{rel}","templated":true}]}}