{"id":737,"date":"2024-04-16T16:34:38","date_gmt":"2024-04-16T14:34:38","guid":{"rendered":"https:\/\/www.artisanlocal.ch\/c\/entreprise-de-peinture-a-la-chaux-de-fonds-artisanlocal-effectue-tous-vos-travaux-en-peinture\/"},"modified":"2025-09-18T15:00:19","modified_gmt":"2025-09-18T13:00:19","slug":"entreprise-de-peinture-a-la-chaux-de-fonds-artisanlocal-effectue-tous-vos-travaux-en-peinture","status":"publish","type":"page","link":"https:\/\/www.artisanlocal.ch\/c\/entreprise-de-peinture-a-la-chaux-de-fonds-artisanlocal-effectue-tous-vos-travaux-en-peinture\/","title":{"rendered":"Peintre \u00e0 La Chaux-de-Fonds"},"content":{"rendered":"<p>Besoin d&rsquo;un peintre \u00e0 La Chaux-de-Fonds ? Artisanlocal repeint votre habitation ou vos locaux, notre \u00e9quipe s&rsquo;accorde \u00e0 votre emploi du temps et intervient rapidement dans votre foyer \u00e0 La Chaux-de-Fonds et dans toutes les villes \u00e0 proximit\u00e9.<br \/>\n\r\n<div class=\"box\">\r\n            <div class=\"company-info\">\r\n            <img decoding=\"async\" class=\"company-info__logo\" src=\"https:\/\/www.artisanlocal.ch\/media\/cache\/thumb\/images\/companies\/68ac12a9e70ec908510173.jpg\" alt=\"Logo\">\r\n            <h2 class=\"company-info__name\">Atelier d'Acanthe L\u00e9na Migliorini<\/h2>\r\n            <p class=\"company-info__business\">Entreprise de peinture (int\u00e9rieur et ext\u00e9rieur) - D\u00e9coration - B\u00e9ton cir\u00e9 - R\u00e9novation<\/p>\r\n        <\/div>\r\n        <div class=\"company-contact\">\r\n            <p class=\"company-info__address\">Rue de Bel-Air 3<\/p>\r\n                            <div class=\"links\">\r\n                                            <a class=\"btn has-accent-background-color js-phoneNumber\" href=\"tel:0789252217\" title=\"Appelez\" data-id=\"10885\" data-type=\"11\">078 925 22 17<\/a>\r\n                                                        <\/div>\r\n                    <\/div>\r\n    \r\n            \r\n<form action=\"https:\/\/www.artisanlocal.ch\/c\/wp-admin\/admin-ajax.php\" method=\"post\" class=\"form-contact\" id=\"artisan_form_contact_company_inline\">\r\n    <div><input type=\"hidden\" name=\"action\" value=\"company_contact\"><\/div>\r\n    <div><input type=\"hidden\" name=\"nonce\" value=\"972bc58192\"><\/div>\r\n    <div><input type=\"hidden\" name=\"company_id\" value=\"10885\"><\/div>\r\n    <div><input type=\"hidden\" name=\"form_id\" value=\"artisan_form_contact_company_inline\"><\/div>\r\n    <div class=\"gglcptch gglcptch_v3 gglcptch_custom\"><input type=\"hidden\" id=\"g-recaptcha-response\" name=\"g-recaptcha-response\" \/><br \/><div class=\"gglcptch_error_text\">La p\u00e9riode de v\u00e9rification reCAPTCHA a expir\u00e9. Veuillez recharger la page.<\/div><\/div>    <div class=\"form-content\">\r\n        <div class=\"form-group\">\r\n            <label for=\"contact_firstName\" class=\"required\">Pr\u00e9nom<\/label>\r\n            <input type=\"text\" name=\"firstName\" class=\"form-control\" required>\r\n        <\/div>\r\n        <div class=\"form-group\">\r\n            <label for=\"contact_lastName\" class=\"required\">Nom<\/label>\r\n            <input type=\"text\" name=\"lastName\" class=\"form-control\" required>\r\n        <\/div>\r\n        <div class=\"form-group\">\r\n            <label for=\"contact_email\" class=\"required\">Email<\/label>\r\n            <input type=\"email\" name=\"email\" class=\"form-control\" required>\r\n        <\/div>\r\n        <div class=\"form-group\">\r\n            <label for=\"contact_phone\" class=\"required\">Num\u00e9ro de t\u00e9l\u00e9phone<\/label>\r\n            <input type=\"tel\" name=\"phone\" class=\"form-control\" placeholder=\"0787117165\" pattern=\"^[0-9]{10}$\" required>\r\n        <\/div>\r\n        <div class=\"form-group\">\r\n            <label for=\"contact_postalCode\" class=\"required\">Code postal et localit\u00e9<\/label>\r\n            <input type=\"text\" name=\"postalCode\" class=\"form-control\" required>\r\n        <\/div>\r\n        <div class=\"form-group\">\r\n            <label for=\"contact_address\" class=\"required\">Adresse<\/label>\r\n            <input type=\"text\" name=\"address\" class=\"form-control\" required>\r\n        <\/div>\r\n        <div class=\"full-width topic\">\r\n            <p class=\"required\">Je souhaite \u00eatre contact\u00e9 pour :<\/p>\r\n            <div class=\"form-check\">\r\n                <input type=\"radio\" name=\"topic\" value=\"D\u00e9pannage\" class=\"form-control\" required>\r\n                <label for=\"d\u00e9pannage\">D\u00e9pannage<\/label>\r\n            <\/div>\r\n            <div class=\"form-check\">\r\n                <input type=\"radio\" name=\"topic\" value=\"Entretien\" class=\"form-control\" required>\r\n                <label for=\"entretien\">Entretien<\/label>\r\n            <\/div>\r\n            <div class=\"form-check\">\r\n                <input type=\"radio\" name=\"topic\" value=\"R\u00e9novation\" class=\"form-control\" required>\r\n                <label for=\"r\u00e9novation\">R\u00e9novation<\/label>\r\n            <\/div>\r\n            <div class=\"form-check\">\r\n                <input type=\"radio\" name=\"topic\" value=\"Autre\" class=\"form-control\" required>\r\n                <label for=\"autre\">Autre<\/label>\r\n            <\/div>\r\n        <\/div>\r\n        <div class=\"form-group full-width\">\r\n            <label for=\"contact_message\">Message<\/label>\r\n            <textarea name=\"message\" rows=\"3\" class=\"form-control\"><\/textarea>\r\n        <\/div>\r\n    <\/div>\r\n    <div class=\"form-actions\">\r\n        <button class=\"wp-block-button__link has-accent-background-color\">Contacter<\/button>\r\n    <\/div>\r\n<\/form>\r\n<div class=\"form-feedback\"><\/div>    <\/div><\/p>\n<h2>Quelle est la gamme de prestations d&rsquo;Artisanlocal ?<\/h2>\n<ul>\n<li>Peinture int\u00e9rieure : sur vos portes, moulures, murs, et plafonds, ou dans les autres pi\u00e8ces de votre habitation telles que votre chambre, salon ou salle d&rsquo;eau.<\/li>\n<li>Peinture ext\u00e9rieure : ajout d&rsquo;une nouvelle couche de peinture sur les portes de garage, les briques, les terrasses, les bardages, les cl\u00f4tures et le stuc.<\/li>\n<li>Peinture d\u00e9corative : pour concevoir des effets visuels comme le faux marbre, les patines, l&rsquo;effet vieilli, le faux bois et l&rsquo;effet oxyd\u00e9.<\/li>\n<li>Peinture dans votre cuisine : ajout d&rsquo;une couche peinture d\u00e9corative comme la peinture satin\u00e9e qui est facilement nettoyable.<\/li>\n<li>Peinture d\u00e9corative : pose d&rsquo;enduits comme le b\u00e9ton cir\u00e9 ou le tadelakt.<\/li>\n<li>Peinture artistique : fabrication de fresques murales, d\u00e9coratives, artistiques, ext\u00e9rieures ou int\u00e9rieures.<\/li>\n<li>Peinture pour le ravalement de fa\u00e7ade : am\u00e9lioration esth\u00e9tique de la face avant du b\u00e2timent, cr\u00e9pi, bardage, pose d&rsquo;enduit ou de peinture.<\/li>\n<li>Peinture cordiste : travaux de peinture sur des zones en hauteurs, nous op\u00e9rons dans les coins difficiles d\u2019acc\u00e8s, comme les usines, tours, ponts ou \u00e9oliennes.<\/li>\n<li>Peinture de finition : application des finitions sur le mobilier de cuisine ou dans la salle de bain.<\/li>\n<li>Les travaux d&rsquo;installation et de restauration : le colmatage des br\u00e8ches dans vos murs, la mise en place de votre placo, ou le rebouchage des creux dans les murs.<\/li>\n<li>Suppression et installation de papier peint : \u00e9limination et remplacement de votre ancien papier peint.<\/li>\n<li>Peinture pour magasin : pour les \u00e9coles, bureaux, espaces commerciaux, \u00e9tablissements gastronomiques et salles de sports.<\/li>\n<li>Peinture pour b\u00e2timent : de la pr\u00e9paration des zones \u00e0 peindre, \u00e0 la r\u00e9alisation des travaux de finition et l\u2019application des peintures et rev\u00eatements.<\/li>\n<\/ul>\n<h2>Comment fonctionne votre entreprise ?<\/h2>\n<p>Nous avons cr\u00e9\u00e9 une m\u00e9thodologie pour r\u00e9pondre de mani\u00e8re pr\u00e9cise aux d\u00e9sirs de nos clients.<\/p>\n<h3>\u00c9tape 1\u00a0 : demander une estimation<\/h3>\n<p>Obtenez une estimation gratuite en ligne ou par t\u00e9l\u00e9phone et recevez une estimation de vos travaux de peintures rapidement.<\/p>\n<h3>\u00c9tape 2\u00a0 : examiner votre devis<\/h3>\n<p>Soyez s\u00fbr que le devis que vous obtenez d\u00e9finit bien le co\u00fbt de votre projet de peinture. Si vous avez des questions, contacter notre entreprise pour obtenir plus d&rsquo;informations sur les \u00e9l\u00e9ments de votre estimation.<\/p>\n<h3>\u00c9tape 3\u00a0 : fixer la date de d\u00e9marrage de votre projet<\/h3>\n<p>D\u00e8s que vous avez valid\u00e9 et sign\u00e9 le devis, nous fixons ensemble la date de commencement de votre projet. Pour arriver \u00e0 vos objectifs, vous avez \u00e0 disposition un chef de projet.<\/p>\n<h2>Que faut-il d\u00e9penser pour des travaux de peinture \u00e0 La Chaux-de-Fonds ?<\/h2>\n<p>Le co\u00fbt des travaux repose sur l&rsquo;\u00e9tat des surfaces \u00e0 peindre. G\u00e9n\u00e9ralement, les montants sont compris entre 60 et 70 francs suisses par heure. \u00c0 peu pr\u00e8s 80% \u00e0 90% du co\u00fbt total sont allou\u00e9s \u00e0 la main-d&rsquo;\u0153uvre, alors que la peinture ne repr\u00e9sente que 10% \u00e0 20% de l&rsquo;enveloppe financi\u00e8re.<\/p>\n<h2>Pourquoi choisir notre entreprise de peinture \u00e0 La Chaux-de-Fonds ?<\/h2>\n<ul>\n<li>Accessibilit\u00e9 : nos peintres sont joignables en continu \u00e0 La Chaux-de-Fonds afin de r\u00e9pondre d\u00e8s que possible \u00e0 vos attentes.<\/li>\n<li>Qualit\u00e9 : en faisant appel \u00e0 nos services, vous avez la garantie de profiter de prestations de qualit\u00e9, effectu\u00e9es avec soin et professionnalisme.<\/li>\n<li>Tarifs avantageux : nous proposons des montants attractifs, adapt\u00e9s \u00e0 vos exigences et \u00e0 votre enveloppe budg\u00e9taire.<\/li>\n<li>Offres sur mesure : nous prenons en compte les sp\u00e9cificit\u00e9s de votre projet pour vous proposer des solutions adapt\u00e9es.<\/li>\n<li>Les comp\u00e9tences, nos experts de la peinture \u00e0 La Chaux-de-Fonds ont des comp\u00e9tences vari\u00e9es, comme : la pr\u00e9paration avant l&rsquo;application de la peinture, la pose des multiples couches et la mise en \u0153uvre des finitions.<\/li>\n<\/ul>\n<h2>Questions fr\u00e9quentes<\/h2>\n<h3>Quel genre de peinture utilisez-vous ?<\/h3>\n<p>Nous employons seulement des peintures premium. N\u00e9anmoins, nous pouvons employer la peinture que vous avez d\u00e9j\u00e0 en stock.<\/p>\n<h3>Est-ce que vos peintres sont joignables le week-end ?<\/h3>\n<p>Oui, nos \u00e9quipes sont disponibles le week-end \u00e0 La Chaux-de-Fonds.<\/p>\n<h3>Prot\u00e9gez-vous mon mobilier ?<\/h3>\n<p>Oui, avant la pose de la peinture, nous prot\u00e9geons vos mobiliers et \u00e9lectrom\u00e9nagers. Cependant, si vous avez des objets susceptibles de se briser, nous vous pr\u00e9conisons d&rsquo;en informer notre \u00e9quipe, nous prendrons plus de pr\u00e9cautions.<\/p>\n<h3>Que va-t-il arriver si je ne suis pas content du travail effectu\u00e9 ?<\/h3>\n<p>Si vous n&rsquo;\u00eates pas satisfait \u00e0 100% des r\u00e9sultats, nous reviendrons pour corriger les probl\u00e8mes tant que vous ne serez pas satisfait.<\/p>\n<h3>Vos devis sont-ils sans frais ?<\/h3>\n<p>Oui, nos devis sont 100% gratuits et sans engagements. Nos artisans peintres peuvent se d\u00e9placer \u00e0 votre domicile dans le but de r\u00e9pondre \u00e0 vos questions et confirmer avec vous votre devis.<\/p>\n<h3>Votre entreprise intervient-elle aux environs de La Chaux-de-Fonds ?<\/h3>\n<p>Oui, nous intervenons \u00e0 La Chaux-de-Fonds, mais aussi dans les villes proches, telles que :<\/p>\nMontmollin, Montezillon, Valangin, Boudevilliers, Fontaines NE, Fontainemelon, La Vue-des-Alpes, Cernier, Ch\u00e9zard-St-Martin, Les Vieux-Pr\u00e9s, Dombresson, Villiers, Le P\u00e2quier NE, Engollon, Fenin, Saules, Vilars NE, Savagnier, Chaumont, Les Geneveys-sur-Coffrane, Coffrane, Les Hauts-Geneveys, La Sagne NE, Le Cr\u00eat-du-Locle, Les Planchettes, La Cibourg, Les Emibois, Le Cerneux-Veusil, Les Pommerats, Goumois, Montfavergier.\n","protected":false},"excerpt":{"rendered":"<p>Besoin d&rsquo;un peintre \u00e0 La Chaux-de-Fonds ? Artisanlocal repeint votre habitation ou vos locaux, notre \u00e9quipe s&rsquo;accorde \u00e0 votre emploi du temps et intervient rapidement dans votre foyer \u00e0 La Chaux-de-Fonds et dans toutes les villes \u00e0 proximit\u00e9. Quelle est la gamme de prestations d&rsquo;Artisanlocal ? Peinture int\u00e9rieure : sur vos portes, moulures, murs, et [&hellip;]<\/p>\n","protected":false},"author":4,"featured_media":2756,"parent":0,"menu_order":0,"comment_status":"closed","ping_status":"closed","template":"","meta":{"footnotes":""},"profession":[121],"location":[18],"canton":[114],"class_list":["post-737","page","type-page","status-publish","has-post-thumbnail","hentry","profession-peintre","location-la-chaux-de-fonds","canton-ne"],"yoast_head":"<!-- This site is optimized with the Yoast SEO Premium plugin v25.7.1 (Yoast SEO v27.4) - https:\/\/yoast.com\/product\/yoast-seo-premium-wordpress\/ -->\n<title>Peintre \u00e0 La Chaux-de-Fonds - Artisanlocal<\/title>\n<meta name=\"robots\" content=\"index, follow, max-snippet:-1, max-image-preview:large, max-video-preview:-1\" \/>\n<link rel=\"canonical\" href=\"https:\/\/www.artisanlocal.ch\/c\/entreprise-de-peinture-a-la-chaux-de-fonds-artisanlocal-effectue-tous-vos-travaux-en-peinture\/\" \/>\n<meta property=\"og:locale\" content=\"fr_FR\" \/>\n<meta property=\"og:type\" content=\"article\" \/>\n<meta property=\"og:title\" content=\"Peintre \u00e0 La Chaux-de-Fonds\" \/>\n<meta property=\"og:description\" content=\"Besoin d&rsquo;un peintre \u00e0 La Chaux-de-Fonds ? Artisanlocal repeint votre habitation ou vos locaux, notre \u00e9quipe s&rsquo;accorde \u00e0 votre emploi du temps et intervient rapidement dans votre foyer \u00e0 La Chaux-de-Fonds et dans toutes les villes \u00e0 proximit\u00e9. Quelle est la gamme de prestations d&rsquo;Artisanlocal ? Peinture int\u00e9rieure : sur vos portes, moulures, murs, et [&hellip;]\" \/>\n<meta property=\"og:url\" content=\"https:\/\/www.artisanlocal.ch\/c\/entreprise-de-peinture-a-la-chaux-de-fonds-artisanlocal-effectue-tous-vos-travaux-en-peinture\/\" \/>\n<meta property=\"og:site_name\" content=\"Artisanlocal\" \/>\n<meta property=\"article:modified_time\" content=\"2025-09-18T13:00:19+00:00\" \/>\n<meta property=\"og:image\" content=\"https:\/\/www.artisanlocal.ch\/c\/wp-content\/uploads\/2024\/10\/peintre.jpg\" \/>\n\t<meta property=\"og:image:width\" content=\"1920\" \/>\n\t<meta property=\"og:image:height\" content=\"300\" \/>\n\t<meta property=\"og:image:type\" content=\"image\/jpeg\" \/>\n<meta name=\"twitter:card\" content=\"summary_large_image\" \/>\n<meta name=\"twitter:label1\" content=\"Dur\u00e9e de lecture estim\u00e9e\" \/>\n\t<meta name=\"twitter:data1\" content=\"5 minutes\" \/>\n<script type=\"application\/ld+json\" class=\"yoast-schema-graph\">{\"@context\":\"https:\\\/\\\/schema.org\",\"@graph\":[{\"@type\":\"WebPage\",\"@id\":\"https:\\\/\\\/www.artisanlocal.ch\\\/c\\\/entreprise-de-peinture-a-la-chaux-de-fonds-artisanlocal-effectue-tous-vos-travaux-en-peinture\\\/\",\"url\":\"https:\\\/\\\/www.artisanlocal.ch\\\/c\\\/entreprise-de-peinture-a-la-chaux-de-fonds-artisanlocal-effectue-tous-vos-travaux-en-peinture\\\/\",\"name\":\"Peintre \u00e0 La Chaux-de-Fonds - Artisanlocal\",\"isPartOf\":{\"@id\":\"https:\\\/\\\/www.artisanlocal.ch\\\/c\\\/#website\"},\"primaryImageOfPage\":{\"@id\":\"https:\\\/\\\/www.artisanlocal.ch\\\/c\\\/entreprise-de-peinture-a-la-chaux-de-fonds-artisanlocal-effectue-tous-vos-travaux-en-peinture\\\/#primaryimage\"},\"image\":{\"@id\":\"https:\\\/\\\/www.artisanlocal.ch\\\/c\\\/entreprise-de-peinture-a-la-chaux-de-fonds-artisanlocal-effectue-tous-vos-travaux-en-peinture\\\/#primaryimage\"},\"thumbnailUrl\":\"https:\\\/\\\/www.artisanlocal.ch\\\/c\\\/wp-content\\\/uploads\\\/2024\\\/10\\\/peintre.jpg\",\"datePublished\":\"2024-04-16T14:34:38+00:00\",\"dateModified\":\"2025-09-18T13:00:19+00:00\",\"breadcrumb\":{\"@id\":\"https:\\\/\\\/www.artisanlocal.ch\\\/c\\\/entreprise-de-peinture-a-la-chaux-de-fonds-artisanlocal-effectue-tous-vos-travaux-en-peinture\\\/#breadcrumb\"},\"inLanguage\":\"fr-FR\",\"potentialAction\":[{\"@type\":\"ReadAction\",\"target\":[\"https:\\\/\\\/www.artisanlocal.ch\\\/c\\\/entreprise-de-peinture-a-la-chaux-de-fonds-artisanlocal-effectue-tous-vos-travaux-en-peinture\\\/\"]}]},{\"@type\":\"ImageObject\",\"inLanguage\":\"fr-FR\",\"@id\":\"https:\\\/\\\/www.artisanlocal.ch\\\/c\\\/entreprise-de-peinture-a-la-chaux-de-fonds-artisanlocal-effectue-tous-vos-travaux-en-peinture\\\/#primaryimage\",\"url\":\"https:\\\/\\\/www.artisanlocal.ch\\\/c\\\/wp-content\\\/uploads\\\/2024\\\/10\\\/peintre.jpg\",\"contentUrl\":\"https:\\\/\\\/www.artisanlocal.ch\\\/c\\\/wp-content\\\/uploads\\\/2024\\\/10\\\/peintre.jpg\",\"width\":1920,\"height\":300},{\"@type\":\"BreadcrumbList\",\"@id\":\"https:\\\/\\\/www.artisanlocal.ch\\\/c\\\/entreprise-de-peinture-a-la-chaux-de-fonds-artisanlocal-effectue-tous-vos-travaux-en-peinture\\\/#breadcrumb\",\"itemListElement\":[{\"@type\":\"ListItem\",\"position\":1,\"name\":\"Accueil\",\"item\":\"https:\\\/\\\/www.artisanlocal.ch\\\/c\\\/\"},{\"@type\":\"ListItem\",\"position\":2,\"name\":\"Peintre \u00e0 La Chaux-de-Fonds\"}]},{\"@type\":\"WebSite\",\"@id\":\"https:\\\/\\\/www.artisanlocal.ch\\\/c\\\/#website\",\"url\":\"https:\\\/\\\/www.artisanlocal.ch\\\/c\\\/\",\"name\":\"Artisanlocal\",\"description\":\"\",\"publisher\":{\"@id\":\"https:\\\/\\\/www.artisanlocal.ch\\\/c\\\/#organization\"},\"potentialAction\":[{\"@type\":\"SearchAction\",\"target\":{\"@type\":\"EntryPoint\",\"urlTemplate\":\"https:\\\/\\\/www.artisanlocal.ch\\\/c\\\/?s={search_term_string}\"},\"query-input\":{\"@type\":\"PropertyValueSpecification\",\"valueRequired\":true,\"valueName\":\"search_term_string\"}}],\"inLanguage\":\"fr-FR\"},{\"@type\":\"Organization\",\"@id\":\"https:\\\/\\\/www.artisanlocal.ch\\\/c\\\/#organization\",\"name\":\"Artisanlocal\",\"url\":\"https:\\\/\\\/www.artisanlocal.ch\\\/c\\\/\",\"logo\":{\"@type\":\"ImageObject\",\"inLanguage\":\"fr-FR\",\"@id\":\"https:\\\/\\\/www.artisanlocal.ch\\\/c\\\/#\\\/schema\\\/logo\\\/image\\\/\",\"url\":\"https:\\\/\\\/www.artisanlocal.ch\\\/c\\\/wp-content\\\/uploads\\\/2024\\\/02\\\/logo-artisanlocal-h.svg\",\"contentUrl\":\"https:\\\/\\\/www.artisanlocal.ch\\\/c\\\/wp-content\\\/uploads\\\/2024\\\/02\\\/logo-artisanlocal-h.svg\",\"caption\":\"Artisanlocal\"},\"image\":{\"@id\":\"https:\\\/\\\/www.artisanlocal.ch\\\/c\\\/#\\\/schema\\\/logo\\\/image\\\/\"}}]}<\/script>\n<!-- \/ Yoast SEO Premium plugin. -->","yoast_head_json":{"title":"Peintre \u00e0 La Chaux-de-Fonds - Artisanlocal","robots":{"index":"index","follow":"follow","max-snippet":"max-snippet:-1","max-image-preview":"max-image-preview:large","max-video-preview":"max-video-preview:-1"},"canonical":"https:\/\/www.artisanlocal.ch\/c\/entreprise-de-peinture-a-la-chaux-de-fonds-artisanlocal-effectue-tous-vos-travaux-en-peinture\/","og_locale":"fr_FR","og_type":"article","og_title":"Peintre \u00e0 La Chaux-de-Fonds","og_description":"Besoin d&rsquo;un peintre \u00e0 La Chaux-de-Fonds ? Artisanlocal repeint votre habitation ou vos locaux, notre \u00e9quipe s&rsquo;accorde \u00e0 votre emploi du temps et intervient rapidement dans votre foyer \u00e0 La Chaux-de-Fonds et dans toutes les villes \u00e0 proximit\u00e9. Quelle est la gamme de prestations d&rsquo;Artisanlocal ? Peinture int\u00e9rieure : sur vos portes, moulures, murs, et [&hellip;]","og_url":"https:\/\/www.artisanlocal.ch\/c\/entreprise-de-peinture-a-la-chaux-de-fonds-artisanlocal-effectue-tous-vos-travaux-en-peinture\/","og_site_name":"Artisanlocal","article_modified_time":"2025-09-18T13:00:19+00:00","og_image":[{"width":1920,"height":300,"url":"https:\/\/www.artisanlocal.ch\/c\/wp-content\/uploads\/2024\/10\/peintre.jpg","type":"image\/jpeg"}],"twitter_card":"summary_large_image","twitter_misc":{"Dur\u00e9e de lecture estim\u00e9e":"5 minutes"},"schema":{"@context":"https:\/\/schema.org","@graph":[{"@type":"WebPage","@id":"https:\/\/www.artisanlocal.ch\/c\/entreprise-de-peinture-a-la-chaux-de-fonds-artisanlocal-effectue-tous-vos-travaux-en-peinture\/","url":"https:\/\/www.artisanlocal.ch\/c\/entreprise-de-peinture-a-la-chaux-de-fonds-artisanlocal-effectue-tous-vos-travaux-en-peinture\/","name":"Peintre \u00e0 La Chaux-de-Fonds - Artisanlocal","isPartOf":{"@id":"https:\/\/www.artisanlocal.ch\/c\/#website"},"primaryImageOfPage":{"@id":"https:\/\/www.artisanlocal.ch\/c\/entreprise-de-peinture-a-la-chaux-de-fonds-artisanlocal-effectue-tous-vos-travaux-en-peinture\/#primaryimage"},"image":{"@id":"https:\/\/www.artisanlocal.ch\/c\/entreprise-de-peinture-a-la-chaux-de-fonds-artisanlocal-effectue-tous-vos-travaux-en-peinture\/#primaryimage"},"thumbnailUrl":"https:\/\/www.artisanlocal.ch\/c\/wp-content\/uploads\/2024\/10\/peintre.jpg","datePublished":"2024-04-16T14:34:38+00:00","dateModified":"2025-09-18T13:00:19+00:00","breadcrumb":{"@id":"https:\/\/www.artisanlocal.ch\/c\/entreprise-de-peinture-a-la-chaux-de-fonds-artisanlocal-effectue-tous-vos-travaux-en-peinture\/#breadcrumb"},"inLanguage":"fr-FR","potentialAction":[{"@type":"ReadAction","target":["https:\/\/www.artisanlocal.ch\/c\/entreprise-de-peinture-a-la-chaux-de-fonds-artisanlocal-effectue-tous-vos-travaux-en-peinture\/"]}]},{"@type":"ImageObject","inLanguage":"fr-FR","@id":"https:\/\/www.artisanlocal.ch\/c\/entreprise-de-peinture-a-la-chaux-de-fonds-artisanlocal-effectue-tous-vos-travaux-en-peinture\/#primaryimage","url":"https:\/\/www.artisanlocal.ch\/c\/wp-content\/uploads\/2024\/10\/peintre.jpg","contentUrl":"https:\/\/www.artisanlocal.ch\/c\/wp-content\/uploads\/2024\/10\/peintre.jpg","width":1920,"height":300},{"@type":"BreadcrumbList","@id":"https:\/\/www.artisanlocal.ch\/c\/entreprise-de-peinture-a-la-chaux-de-fonds-artisanlocal-effectue-tous-vos-travaux-en-peinture\/#breadcrumb","itemListElement":[{"@type":"ListItem","position":1,"name":"Accueil","item":"https:\/\/www.artisanlocal.ch\/c\/"},{"@type":"ListItem","position":2,"name":"Peintre \u00e0 La Chaux-de-Fonds"}]},{"@type":"WebSite","@id":"https:\/\/www.artisanlocal.ch\/c\/#website","url":"https:\/\/www.artisanlocal.ch\/c\/","name":"Artisanlocal","description":"","publisher":{"@id":"https:\/\/www.artisanlocal.ch\/c\/#organization"},"potentialAction":[{"@type":"SearchAction","target":{"@type":"EntryPoint","urlTemplate":"https:\/\/www.artisanlocal.ch\/c\/?s={search_term_string}"},"query-input":{"@type":"PropertyValueSpecification","valueRequired":true,"valueName":"search_term_string"}}],"inLanguage":"fr-FR"},{"@type":"Organization","@id":"https:\/\/www.artisanlocal.ch\/c\/#organization","name":"Artisanlocal","url":"https:\/\/www.artisanlocal.ch\/c\/","logo":{"@type":"ImageObject","inLanguage":"fr-FR","@id":"https:\/\/www.artisanlocal.ch\/c\/#\/schema\/logo\/image\/","url":"https:\/\/www.artisanlocal.ch\/c\/wp-content\/uploads\/2024\/02\/logo-artisanlocal-h.svg","contentUrl":"https:\/\/www.artisanlocal.ch\/c\/wp-content\/uploads\/2024\/02\/logo-artisanlocal-h.svg","caption":"Artisanlocal"},"image":{"@id":"https:\/\/www.artisanlocal.ch\/c\/#\/schema\/logo\/image\/"}}]}},"_links":{"self":[{"href":"https:\/\/www.artisanlocal.ch\/c\/wp-json\/wp\/v2\/pages\/737","targetHints":{"allow":["GET"]}}],"collection":[{"href":"https:\/\/www.artisanlocal.ch\/c\/wp-json\/wp\/v2\/pages"}],"about":[{"href":"https:\/\/www.artisanlocal.ch\/c\/wp-json\/wp\/v2\/types\/page"}],"author":[{"embeddable":true,"href":"https:\/\/www.artisanlocal.ch\/c\/wp-json\/wp\/v2\/users\/4"}],"replies":[{"embeddable":true,"href":"https:\/\/www.artisanlocal.ch\/c\/wp-json\/wp\/v2\/comments?post=737"}],"version-history":[{"count":0,"href":"https:\/\/www.artisanlocal.ch\/c\/wp-json\/wp\/v2\/pages\/737\/revisions"}],"wp:featuredmedia":[{"embeddable":true,"href":"https:\/\/www.artisanlocal.ch\/c\/wp-json\/wp\/v2\/media\/2756"}],"wp:attachment":[{"href":"https:\/\/www.artisanlocal.ch\/c\/wp-json\/wp\/v2\/media?parent=737"}],"wp:term":[{"taxonomy":"profession","embeddable":true,"href":"https:\/\/www.artisanlocal.ch\/c\/wp-json\/wp\/v2\/profession?post=737"},{"taxonomy":"location","embeddable":true,"href":"https:\/\/www.artisanlocal.ch\/c\/wp-json\/wp\/v2\/location?post=737"},{"taxonomy":"canton","embeddable":true,"href":"https:\/\/www.artisanlocal.ch\/c\/wp-json\/wp\/v2\/canton?post=737"}],"curies":[{"name":"wp","href":"https:\/\/api.w.org\/{rel}","templated":true}]}}