{"id":742,"date":"2024-04-16T03:36:24","date_gmt":"2024-04-16T01:36:24","guid":{"rendered":"https:\/\/www.artisanlocal.ch\/c\/entreprise-artisanale-de-peinture-a-payerne-artisanlocal-realise-tous-vos-projets-en-peinture\/"},"modified":"2025-09-18T12:29:16","modified_gmt":"2025-09-18T10:29:16","slug":"entreprise-artisanale-de-peinture-a-payerne-artisanlocal-realise-tous-vos-projets-en-peinture","status":"publish","type":"page","link":"https:\/\/www.artisanlocal.ch\/c\/entreprise-artisanale-de-peinture-a-payerne-artisanlocal-realise-tous-vos-projets-en-peinture\/","title":{"rendered":"Entreprise de peinture \u00e0 Payerne"},"content":{"rendered":"<p>Besoin d&rsquo;une entreprise de peinture \u00e0 Payerne ? Faites appel \u00e0 Artisanlocal, nous proposons des services de qualit\u00e9, de l&rsquo;\u00e9tude aux finitions. Si vous \u00eates un Payernois, nous intervenons rapidement chez vous et aussi dans les villes \u00e0 proximit\u00e9.<br \/>\n\r\n<div class=\"box\">\r\n            <div class=\"company-info\">\r\n            <img decoding=\"async\" class=\"company-info__logo\" src=\"https:\/\/www.artisanlocal.ch\/media\/cache\/thumb\/images\/companies\/69bc102834422443458744.png\" alt=\"Logo\">\r\n            <h2 class=\"company-info__name\">Perseghini SA<\/h2>\r\n            <p class=\"company-info__business\">Peinture int\u00e9rieure et ext\u00e9rieure - Pl\u00e2trerie - Isolation p\u00e9riph\u00e9rique - Chape liquide<\/p>\r\n        <\/div>\r\n        <div class=\"company-contact\">\r\n            <p class=\"company-info__address\">Le Piolet 37<\/p>\r\n                            <div class=\"links\">\r\n                                            <a class=\"btn has-accent-background-color js-phoneNumber\" href=\"tel:0266632031\" title=\"Appelez\" data-id=\"34551\" data-type=\"11\">026 663 20 31<\/a>\r\n                                                                <a class=\"btn has-accent-background-color\" href=\"https:\/\/perseghini.ch\/\" target=\"_blank\" title=\"Voir le site internet\" data-id=\"34551\" data-type=\"20\">Site internet<\/a>\r\n                                    <\/div>\r\n                    <\/div>\r\n    \r\n            \r\n<form action=\"https:\/\/www.artisanlocal.ch\/c\/wp-admin\/admin-ajax.php\" method=\"post\" class=\"form-contact\" id=\"artisan_form_contact_company_inline\">\r\n    <div><input type=\"hidden\" name=\"action\" value=\"company_contact\"><\/div>\r\n    <div><input type=\"hidden\" name=\"nonce\" value=\"67a23a8c67\"><\/div>\r\n    <div><input type=\"hidden\" name=\"company_id\" value=\"34551\"><\/div>\r\n    <div><input type=\"hidden\" name=\"form_id\" value=\"artisan_form_contact_company_inline\"><\/div>\r\n    <div class=\"gglcptch gglcptch_v3 gglcptch_custom\"><input type=\"hidden\" id=\"g-recaptcha-response\" name=\"g-recaptcha-response\" \/><br \/><div class=\"gglcptch_error_text\">La p\u00e9riode de v\u00e9rification reCAPTCHA a expir\u00e9. Veuillez recharger la page.<\/div><\/div>    <div class=\"form-content\">\r\n        <div class=\"form-group\">\r\n            <label for=\"contact_firstName\" class=\"required\">Pr\u00e9nom<\/label>\r\n            <input type=\"text\" name=\"firstName\" class=\"form-control\" required>\r\n        <\/div>\r\n        <div class=\"form-group\">\r\n            <label for=\"contact_lastName\" class=\"required\">Nom<\/label>\r\n            <input type=\"text\" name=\"lastName\" class=\"form-control\" required>\r\n        <\/div>\r\n        <div class=\"form-group\">\r\n            <label for=\"contact_email\" class=\"required\">Email<\/label>\r\n            <input type=\"email\" name=\"email\" class=\"form-control\" required>\r\n        <\/div>\r\n        <div class=\"form-group\">\r\n            <label for=\"contact_phone\" class=\"required\">Num\u00e9ro de t\u00e9l\u00e9phone<\/label>\r\n            <input type=\"tel\" name=\"phone\" class=\"form-control\" placeholder=\"0787117165\" pattern=\"^[0-9]{10}$\" required>\r\n        <\/div>\r\n        <div class=\"form-group\">\r\n            <label for=\"contact_postalCode\" class=\"required\">Code postal et localit\u00e9<\/label>\r\n            <input type=\"text\" name=\"postalCode\" class=\"form-control\" required>\r\n        <\/div>\r\n        <div class=\"form-group\">\r\n            <label for=\"contact_address\" class=\"required\">Adresse<\/label>\r\n            <input type=\"text\" name=\"address\" class=\"form-control\" required>\r\n        <\/div>\r\n        <div class=\"full-width topic\">\r\n            <p class=\"required\">Je souhaite \u00eatre contact\u00e9 pour :<\/p>\r\n            <div class=\"form-check\">\r\n                <input type=\"radio\" name=\"topic\" value=\"D\u00e9pannage\" class=\"form-control\" required>\r\n                <label for=\"d\u00e9pannage\">D\u00e9pannage<\/label>\r\n            <\/div>\r\n            <div class=\"form-check\">\r\n                <input type=\"radio\" name=\"topic\" value=\"Entretien\" class=\"form-control\" required>\r\n                <label for=\"entretien\">Entretien<\/label>\r\n            <\/div>\r\n            <div class=\"form-check\">\r\n                <input type=\"radio\" name=\"topic\" value=\"R\u00e9novation\" class=\"form-control\" required>\r\n                <label for=\"r\u00e9novation\">R\u00e9novation<\/label>\r\n            <\/div>\r\n            <div class=\"form-check\">\r\n                <input type=\"radio\" name=\"topic\" value=\"Autre\" class=\"form-control\" required>\r\n                <label for=\"autre\">Autre<\/label>\r\n            <\/div>\r\n        <\/div>\r\n        <div class=\"form-group full-width\">\r\n            <label for=\"contact_message\">Message<\/label>\r\n            <textarea name=\"message\" rows=\"3\" class=\"form-control\"><\/textarea>\r\n        <\/div>\r\n    <\/div>\r\n    <div class=\"form-actions\">\r\n        <button class=\"wp-block-button__link has-accent-background-color\">Contacter<\/button>\r\n    <\/div>\r\n<\/form>\r\n<div class=\"form-feedback\"><\/div>    <\/div><\/p>\n<h2>Quelles sont les services d&rsquo;Artisanlocal ?<\/h2>\n<ul>\n<li>Peinture int\u00e9rieure : sur les moulures, les murs, les plafonds, les portes d&rsquo;entr\u00e9es, et dans des endroits comme la salle de bain, le salon et la chambre.<\/li>\n<li>Peinture ext\u00e9rieure : pose d&rsquo;une nouvelle couche de peinture sur les portes de garage, les briques, les terrasses, les bardages, les cl\u00f4tures et le stuc.<\/li>\n<li>Peinture d\u00e9corative : cr\u00e9ation des effets, tels que le faux marbre, les patines, l&rsquo;effet vieilli, le faux bois et l&rsquo;effet oxyd\u00e9.<\/li>\n<li>Peinture pour cuisine : pose d&rsquo;une couche, comme la peinture satin\u00e9e, qui est facile \u00e0 nettoyer.<\/li>\n<li>L&rsquo;utilisation d&rsquo;enduits d\u00e9coratifs : ajout b\u00e9ton cir\u00e9 ou tadelakt, ou des enduits.<\/li>\n<li>Artiste peintre : r\u00e9alisation de peintures murales (ext\u00e9rieur, int\u00e9rieur, artistique ou d\u00e9corative).<\/li>\n<li>Peinture pour le ravalement de fa\u00e7ade : restauration, r\u00e9novation des fa\u00e7ades de b\u00e2timents avec enduit, bardage, cr\u00e9pi ou peinture.<\/li>\n<li>Peinture en hauteur : nos artisans peintres interviennent dans des emplacements compliqu\u00e9s comme les ponts, les usines ou les buildings.<\/li>\n<li>Finition de peinture : ajout d&rsquo;une couche de finition sur votre mobilier de coin cuisine ou de votre salle de bain.<\/li>\n<li>Les services de r\u00e9novation et d&rsquo;installation : la pose de cloisons s\u00e8ches, le comblement des trous dans les murs ou la r\u00e9novation des fissures.<\/li>\n<li>Les services de d\u00e9collage et de mise en place de tapisserie : l&rsquo;enl\u00e8vement et la mise en place d&rsquo;un nouveau rev\u00eatement mural.<\/li>\n<li>Peinture commerciale : pour les bureaux, restaurants, \u00e9coles, complexes sportifs et autres biens immobiliers pour les professionnels.<\/li>\n<li>Peinture de b\u00e2timent : nos artisans peintres op\u00e8rent aussi dans les immeubles, pour la pr\u00e9paration des zones avant les travaux de peinture, la r\u00e9alisation des finitions et l\u2019application des peintures et rev\u00eatements.<\/li>\n<\/ul>\n<h2>Comment votre entreprise fonctionne ?<\/h2>\n<h3>\u00c9tape 1\u00a0 : commandez un devis<\/h3>\n<p>Recevez devis sans frais en ligne ou par t\u00e9l\u00e9phone et obtenez une estimation de vos travaux de peintures rapidement.<\/p>\n<h3>\u00c9tape 2\u00a0 : analysez votre devis<\/h3>\n<p>Assurez-vous que l&rsquo;estimation que vous obtenez fixe correctement le prix de vos travaux. Si vous avez des questions, contacter notre entreprise pour obtenir plus d&rsquo;informations sur les \u00e9l\u00e9ments de votre estimation.<\/p>\n<h3>\u00c9tape 3\u00a0 : planifiez la date de d\u00e9but de votre projet<\/h3>\n<p>Apr\u00e8s avoir valid\u00e9 le devis, nous planifions ensemble le commencement de votre projet. Pour arriver \u00e0 vos objectifs, nous vous mettons \u00e0 disposition un chef de projet.<\/p>\n<h2>Quel est le tarif d&rsquo;une prestation de peinture \u00e0 Payerne ?<\/h2>\n<p>Le prix des travaux repose sur l&rsquo;\u00e9tat des zones \u00e0 peindre. Le plus souvent, les montants oscillent entre 60 et 70 CHF par heure. \u00c0 peu pr\u00e8s 80% \u00e0 90% du montant total sont attribu\u00e9s \u00e0 la main-d&rsquo;\u0153uvre, tandis que la peinture ne pr\u00e9sente que 10% \u00e0 20% du budget.<\/p>\n<h2>Pourquoi choisir nos artisans peintres \u00e0 Payerne ?<\/h2>\n<ul>\n<li>Disponibilit\u00e9 : install\u00e9s \u00e0 Payerne, nos peintres arrivent rapidement dans votre foyer.<\/li>\n<li>Excellence : en choisissant notre soci\u00e9t\u00e9, vous optez pour l&rsquo;excellence et le savoir-faire.<\/li>\n<li>Prix comp\u00e9titifs : nous mettons en place des montants comp\u00e9titifs, adapt\u00e9s \u00e0 vos moyens et \u00e0 vos demandes.<\/li>\n<li>Offres personnalis\u00e9es : nous prenons en compte les caract\u00e9ristiques de votre r\u00e9novation de peinture afin de vous pr\u00e9senter des prestations sur-mesure.<\/li>\n<li>Les capacit\u00e9s, nos peintres \u00e0 Payerne ont plusieurs expertises, comme : la pr\u00e9paration avant les travaux de peinture, la pose des multiples couches et la mise en \u0153uvre des finitions.<\/li>\n<\/ul>\n<h2>FAQ<\/h2>\n<h3>Quelle peinture avez-vous l&rsquo;habitude d&rsquo;utiliser ?<\/h3>\n<p>Nous choisissons que des peintures de haute qualit\u00e9. Toutefois, nous pouvons utiliser la peinture que vous avez d\u00e9j\u00e0 en stock.<\/p>\n<h3>Vos peintres sont joignables le week-end ?<\/h3>\n<p>Oui, nos \u00e9quipes sont disponibles le samedi et le dimanche \u00e0 Payerne et dans les villes aux environs.<\/p>\n<h3>Assurez-vous la protection des meubles ?<\/h3>\n<p>Oui, avant les travaux, nous couvrons votre \u00e9lectrom\u00e9nager et vos meubles. Notifiez-nous avant de commencer, tous vos objets sensibles, notre soci\u00e9t\u00e9 prendra des pr\u00e9cautions additionnelles.<\/p>\n<h3>Que se passe-t-il si je ne suis pas satisfait du travail accompli ?<\/h3>\n<p>Si notre travail ne vous satisfait pas, nous nous engageons \u00e0 effectuer les modifications n\u00e9cessaires jusqu&rsquo;\u00e0 ce que vous soyez satisfait.<\/p>\n<h3>Fournissez-vous des estimations gratuites ?<\/h3>\n<p>Oui, nos devis sont gratuits. Si vous souhaitez plus d&rsquo;informations, un artisan se d\u00e9place chez vous pour r\u00e9pondre \u00e0 toutes vos questions et valider le devis avec vous.<\/p>\n<h3>Votre entreprise effectue-t-elle des travaux dans les villes proches de Payerne ?<\/h3>\n<p>Oui, notre entreprise intervient \u00e0 Payerne, et dans les villes proches, comme :<\/p>\nCheyres, Estavayer-le-Lac, Bollion, Lully FR, Seiry, Ch\u00e2tillon FR, Font, Ch\u00e2bles FR, Autavaux, Forel FR, Montbrelloz, Cugy FR, Vesin, Frasses, Montet (Broye), Aumont, Granges-de-Vesin, Nuvilly, Murist, F\u00e9tigny, M\u00e9ni\u00e8res, Treytorrens (Payerne), Bussy FR, Morens FR, S\u00e9vaz, Rueyres-les-Pr\u00e9s, Grandcour, Chevroux, Vers-chez-Perrin, Trey, Ch\u00e2tonnaye, Corcelles-pr\u00e8s-Payerne, Missy, Cerniat FR, Middes, Cousset, Montagny-les-Monts, Grandsivaz, Mannens, Montagny-la-Ville.\n","protected":false},"excerpt":{"rendered":"<p>Besoin d&rsquo;une entreprise de peinture \u00e0 Payerne ? Faites appel \u00e0 Artisanlocal, nous proposons des services de qualit\u00e9, de l&rsquo;\u00e9tude aux finitions. Si vous \u00eates un Payernois, nous intervenons rapidement chez vous et aussi dans les villes \u00e0 proximit\u00e9. Quelles sont les services d&rsquo;Artisanlocal ? Peinture int\u00e9rieure : sur les moulures, les murs, les plafonds, [&hellip;]<\/p>\n","protected":false},"author":4,"featured_media":2756,"parent":0,"menu_order":0,"comment_status":"closed","ping_status":"closed","template":"","meta":{"footnotes":""},"profession":[121],"location":[13],"canton":[113],"class_list":["post-742","page","type-page","status-publish","has-post-thumbnail","hentry","profession-peintre","location-payerne","canton-vd"],"yoast_head":"<!-- This site is optimized with the Yoast SEO Premium plugin v25.7.1 (Yoast SEO v27.3) - https:\/\/yoast.com\/product\/yoast-seo-premium-wordpress\/ -->\n<title>Entreprise de peinture \u00e0 Payerne - Artisanlocal<\/title>\n<meta name=\"robots\" content=\"index, follow, max-snippet:-1, max-image-preview:large, max-video-preview:-1\" \/>\n<link rel=\"canonical\" href=\"https:\/\/www.artisanlocal.ch\/c\/entreprise-artisanale-de-peinture-a-payerne-artisanlocal-realise-tous-vos-projets-en-peinture\/\" \/>\n<meta property=\"og:locale\" content=\"fr_FR\" \/>\n<meta property=\"og:type\" content=\"article\" \/>\n<meta property=\"og:title\" content=\"Entreprise de peinture \u00e0 Payerne\" \/>\n<meta property=\"og:description\" content=\"Besoin d&rsquo;une entreprise de peinture \u00e0 Payerne ? Faites appel \u00e0 Artisanlocal, nous proposons des services de qualit\u00e9, de l&rsquo;\u00e9tude aux finitions. Si vous \u00eates un Payernois, nous intervenons rapidement chez vous et aussi dans les villes \u00e0 proximit\u00e9. Quelles sont les services d&rsquo;Artisanlocal ? Peinture int\u00e9rieure : sur les moulures, les murs, les plafonds, [&hellip;]\" \/>\n<meta property=\"og:url\" content=\"https:\/\/www.artisanlocal.ch\/c\/entreprise-artisanale-de-peinture-a-payerne-artisanlocal-realise-tous-vos-projets-en-peinture\/\" \/>\n<meta property=\"og:site_name\" content=\"Artisanlocal\" \/>\n<meta property=\"article:modified_time\" content=\"2025-09-18T10:29:16+00:00\" \/>\n<meta property=\"og:image\" content=\"https:\/\/www.artisanlocal.ch\/c\/wp-content\/uploads\/2024\/10\/peintre.jpg\" \/>\n\t<meta property=\"og:image:width\" content=\"1920\" \/>\n\t<meta property=\"og:image:height\" content=\"300\" \/>\n\t<meta property=\"og:image:type\" content=\"image\/jpeg\" \/>\n<meta name=\"twitter:card\" content=\"summary_large_image\" \/>\n<meta name=\"twitter:label1\" content=\"Dur\u00e9e de lecture estim\u00e9e\" \/>\n\t<meta name=\"twitter:data1\" content=\"4 minutes\" \/>\n<script type=\"application\/ld+json\" class=\"yoast-schema-graph\">{\"@context\":\"https:\\\/\\\/schema.org\",\"@graph\":[{\"@type\":\"WebPage\",\"@id\":\"https:\\\/\\\/www.artisanlocal.ch\\\/c\\\/entreprise-artisanale-de-peinture-a-payerne-artisanlocal-realise-tous-vos-projets-en-peinture\\\/\",\"url\":\"https:\\\/\\\/www.artisanlocal.ch\\\/c\\\/entreprise-artisanale-de-peinture-a-payerne-artisanlocal-realise-tous-vos-projets-en-peinture\\\/\",\"name\":\"Entreprise de peinture \u00e0 Payerne - Artisanlocal\",\"isPartOf\":{\"@id\":\"https:\\\/\\\/www.artisanlocal.ch\\\/c\\\/#website\"},\"primaryImageOfPage\":{\"@id\":\"https:\\\/\\\/www.artisanlocal.ch\\\/c\\\/entreprise-artisanale-de-peinture-a-payerne-artisanlocal-realise-tous-vos-projets-en-peinture\\\/#primaryimage\"},\"image\":{\"@id\":\"https:\\\/\\\/www.artisanlocal.ch\\\/c\\\/entreprise-artisanale-de-peinture-a-payerne-artisanlocal-realise-tous-vos-projets-en-peinture\\\/#primaryimage\"},\"thumbnailUrl\":\"https:\\\/\\\/www.artisanlocal.ch\\\/c\\\/wp-content\\\/uploads\\\/2024\\\/10\\\/peintre.jpg\",\"datePublished\":\"2024-04-16T01:36:24+00:00\",\"dateModified\":\"2025-09-18T10:29:16+00:00\",\"breadcrumb\":{\"@id\":\"https:\\\/\\\/www.artisanlocal.ch\\\/c\\\/entreprise-artisanale-de-peinture-a-payerne-artisanlocal-realise-tous-vos-projets-en-peinture\\\/#breadcrumb\"},\"inLanguage\":\"fr-FR\",\"potentialAction\":[{\"@type\":\"ReadAction\",\"target\":[\"https:\\\/\\\/www.artisanlocal.ch\\\/c\\\/entreprise-artisanale-de-peinture-a-payerne-artisanlocal-realise-tous-vos-projets-en-peinture\\\/\"]}]},{\"@type\":\"ImageObject\",\"inLanguage\":\"fr-FR\",\"@id\":\"https:\\\/\\\/www.artisanlocal.ch\\\/c\\\/entreprise-artisanale-de-peinture-a-payerne-artisanlocal-realise-tous-vos-projets-en-peinture\\\/#primaryimage\",\"url\":\"https:\\\/\\\/www.artisanlocal.ch\\\/c\\\/wp-content\\\/uploads\\\/2024\\\/10\\\/peintre.jpg\",\"contentUrl\":\"https:\\\/\\\/www.artisanlocal.ch\\\/c\\\/wp-content\\\/uploads\\\/2024\\\/10\\\/peintre.jpg\",\"width\":1920,\"height\":300},{\"@type\":\"BreadcrumbList\",\"@id\":\"https:\\\/\\\/www.artisanlocal.ch\\\/c\\\/entreprise-artisanale-de-peinture-a-payerne-artisanlocal-realise-tous-vos-projets-en-peinture\\\/#breadcrumb\",\"itemListElement\":[{\"@type\":\"ListItem\",\"position\":1,\"name\":\"Accueil\",\"item\":\"https:\\\/\\\/www.artisanlocal.ch\\\/c\\\/\"},{\"@type\":\"ListItem\",\"position\":2,\"name\":\"Entreprise de peinture \u00e0 Payerne\"}]},{\"@type\":\"WebSite\",\"@id\":\"https:\\\/\\\/www.artisanlocal.ch\\\/c\\\/#website\",\"url\":\"https:\\\/\\\/www.artisanlocal.ch\\\/c\\\/\",\"name\":\"Artisanlocal\",\"description\":\"\",\"publisher\":{\"@id\":\"https:\\\/\\\/www.artisanlocal.ch\\\/c\\\/#organization\"},\"potentialAction\":[{\"@type\":\"SearchAction\",\"target\":{\"@type\":\"EntryPoint\",\"urlTemplate\":\"https:\\\/\\\/www.artisanlocal.ch\\\/c\\\/?s={search_term_string}\"},\"query-input\":{\"@type\":\"PropertyValueSpecification\",\"valueRequired\":true,\"valueName\":\"search_term_string\"}}],\"inLanguage\":\"fr-FR\"},{\"@type\":\"Organization\",\"@id\":\"https:\\\/\\\/www.artisanlocal.ch\\\/c\\\/#organization\",\"name\":\"Artisanlocal\",\"url\":\"https:\\\/\\\/www.artisanlocal.ch\\\/c\\\/\",\"logo\":{\"@type\":\"ImageObject\",\"inLanguage\":\"fr-FR\",\"@id\":\"https:\\\/\\\/www.artisanlocal.ch\\\/c\\\/#\\\/schema\\\/logo\\\/image\\\/\",\"url\":\"https:\\\/\\\/www.artisanlocal.ch\\\/c\\\/wp-content\\\/uploads\\\/2024\\\/02\\\/logo-artisanlocal-h.svg\",\"contentUrl\":\"https:\\\/\\\/www.artisanlocal.ch\\\/c\\\/wp-content\\\/uploads\\\/2024\\\/02\\\/logo-artisanlocal-h.svg\",\"caption\":\"Artisanlocal\"},\"image\":{\"@id\":\"https:\\\/\\\/www.artisanlocal.ch\\\/c\\\/#\\\/schema\\\/logo\\\/image\\\/\"}}]}<\/script>\n<!-- \/ Yoast SEO Premium plugin. -->","yoast_head_json":{"title":"Entreprise de peinture \u00e0 Payerne - Artisanlocal","robots":{"index":"index","follow":"follow","max-snippet":"max-snippet:-1","max-image-preview":"max-image-preview:large","max-video-preview":"max-video-preview:-1"},"canonical":"https:\/\/www.artisanlocal.ch\/c\/entreprise-artisanale-de-peinture-a-payerne-artisanlocal-realise-tous-vos-projets-en-peinture\/","og_locale":"fr_FR","og_type":"article","og_title":"Entreprise de peinture \u00e0 Payerne","og_description":"Besoin d&rsquo;une entreprise de peinture \u00e0 Payerne ? Faites appel \u00e0 Artisanlocal, nous proposons des services de qualit\u00e9, de l&rsquo;\u00e9tude aux finitions. Si vous \u00eates un Payernois, nous intervenons rapidement chez vous et aussi dans les villes \u00e0 proximit\u00e9. Quelles sont les services d&rsquo;Artisanlocal ? Peinture int\u00e9rieure : sur les moulures, les murs, les plafonds, [&hellip;]","og_url":"https:\/\/www.artisanlocal.ch\/c\/entreprise-artisanale-de-peinture-a-payerne-artisanlocal-realise-tous-vos-projets-en-peinture\/","og_site_name":"Artisanlocal","article_modified_time":"2025-09-18T10:29:16+00:00","og_image":[{"width":1920,"height":300,"url":"https:\/\/www.artisanlocal.ch\/c\/wp-content\/uploads\/2024\/10\/peintre.jpg","type":"image\/jpeg"}],"twitter_card":"summary_large_image","twitter_misc":{"Dur\u00e9e de lecture estim\u00e9e":"4 minutes"},"schema":{"@context":"https:\/\/schema.org","@graph":[{"@type":"WebPage","@id":"https:\/\/www.artisanlocal.ch\/c\/entreprise-artisanale-de-peinture-a-payerne-artisanlocal-realise-tous-vos-projets-en-peinture\/","url":"https:\/\/www.artisanlocal.ch\/c\/entreprise-artisanale-de-peinture-a-payerne-artisanlocal-realise-tous-vos-projets-en-peinture\/","name":"Entreprise de peinture \u00e0 Payerne - Artisanlocal","isPartOf":{"@id":"https:\/\/www.artisanlocal.ch\/c\/#website"},"primaryImageOfPage":{"@id":"https:\/\/www.artisanlocal.ch\/c\/entreprise-artisanale-de-peinture-a-payerne-artisanlocal-realise-tous-vos-projets-en-peinture\/#primaryimage"},"image":{"@id":"https:\/\/www.artisanlocal.ch\/c\/entreprise-artisanale-de-peinture-a-payerne-artisanlocal-realise-tous-vos-projets-en-peinture\/#primaryimage"},"thumbnailUrl":"https:\/\/www.artisanlocal.ch\/c\/wp-content\/uploads\/2024\/10\/peintre.jpg","datePublished":"2024-04-16T01:36:24+00:00","dateModified":"2025-09-18T10:29:16+00:00","breadcrumb":{"@id":"https:\/\/www.artisanlocal.ch\/c\/entreprise-artisanale-de-peinture-a-payerne-artisanlocal-realise-tous-vos-projets-en-peinture\/#breadcrumb"},"inLanguage":"fr-FR","potentialAction":[{"@type":"ReadAction","target":["https:\/\/www.artisanlocal.ch\/c\/entreprise-artisanale-de-peinture-a-payerne-artisanlocal-realise-tous-vos-projets-en-peinture\/"]}]},{"@type":"ImageObject","inLanguage":"fr-FR","@id":"https:\/\/www.artisanlocal.ch\/c\/entreprise-artisanale-de-peinture-a-payerne-artisanlocal-realise-tous-vos-projets-en-peinture\/#primaryimage","url":"https:\/\/www.artisanlocal.ch\/c\/wp-content\/uploads\/2024\/10\/peintre.jpg","contentUrl":"https:\/\/www.artisanlocal.ch\/c\/wp-content\/uploads\/2024\/10\/peintre.jpg","width":1920,"height":300},{"@type":"BreadcrumbList","@id":"https:\/\/www.artisanlocal.ch\/c\/entreprise-artisanale-de-peinture-a-payerne-artisanlocal-realise-tous-vos-projets-en-peinture\/#breadcrumb","itemListElement":[{"@type":"ListItem","position":1,"name":"Accueil","item":"https:\/\/www.artisanlocal.ch\/c\/"},{"@type":"ListItem","position":2,"name":"Entreprise de peinture \u00e0 Payerne"}]},{"@type":"WebSite","@id":"https:\/\/www.artisanlocal.ch\/c\/#website","url":"https:\/\/www.artisanlocal.ch\/c\/","name":"Artisanlocal","description":"","publisher":{"@id":"https:\/\/www.artisanlocal.ch\/c\/#organization"},"potentialAction":[{"@type":"SearchAction","target":{"@type":"EntryPoint","urlTemplate":"https:\/\/www.artisanlocal.ch\/c\/?s={search_term_string}"},"query-input":{"@type":"PropertyValueSpecification","valueRequired":true,"valueName":"search_term_string"}}],"inLanguage":"fr-FR"},{"@type":"Organization","@id":"https:\/\/www.artisanlocal.ch\/c\/#organization","name":"Artisanlocal","url":"https:\/\/www.artisanlocal.ch\/c\/","logo":{"@type":"ImageObject","inLanguage":"fr-FR","@id":"https:\/\/www.artisanlocal.ch\/c\/#\/schema\/logo\/image\/","url":"https:\/\/www.artisanlocal.ch\/c\/wp-content\/uploads\/2024\/02\/logo-artisanlocal-h.svg","contentUrl":"https:\/\/www.artisanlocal.ch\/c\/wp-content\/uploads\/2024\/02\/logo-artisanlocal-h.svg","caption":"Artisanlocal"},"image":{"@id":"https:\/\/www.artisanlocal.ch\/c\/#\/schema\/logo\/image\/"}}]}},"_links":{"self":[{"href":"https:\/\/www.artisanlocal.ch\/c\/wp-json\/wp\/v2\/pages\/742","targetHints":{"allow":["GET"]}}],"collection":[{"href":"https:\/\/www.artisanlocal.ch\/c\/wp-json\/wp\/v2\/pages"}],"about":[{"href":"https:\/\/www.artisanlocal.ch\/c\/wp-json\/wp\/v2\/types\/page"}],"author":[{"embeddable":true,"href":"https:\/\/www.artisanlocal.ch\/c\/wp-json\/wp\/v2\/users\/4"}],"replies":[{"embeddable":true,"href":"https:\/\/www.artisanlocal.ch\/c\/wp-json\/wp\/v2\/comments?post=742"}],"version-history":[{"count":0,"href":"https:\/\/www.artisanlocal.ch\/c\/wp-json\/wp\/v2\/pages\/742\/revisions"}],"wp:featuredmedia":[{"embeddable":true,"href":"https:\/\/www.artisanlocal.ch\/c\/wp-json\/wp\/v2\/media\/2756"}],"wp:attachment":[{"href":"https:\/\/www.artisanlocal.ch\/c\/wp-json\/wp\/v2\/media?parent=742"}],"wp:term":[{"taxonomy":"profession","embeddable":true,"href":"https:\/\/www.artisanlocal.ch\/c\/wp-json\/wp\/v2\/profession?post=742"},{"taxonomy":"location","embeddable":true,"href":"https:\/\/www.artisanlocal.ch\/c\/wp-json\/wp\/v2\/location?post=742"},{"taxonomy":"canton","embeddable":true,"href":"https:\/\/www.artisanlocal.ch\/c\/wp-json\/wp\/v2\/canton?post=742"}],"curies":[{"name":"wp","href":"https:\/\/api.w.org\/{rel}","templated":true}]}}