{"id":743,"date":"2024-04-15T07:51:00","date_gmt":"2024-04-15T05:51:00","guid":{"rendered":"https:\/\/www.artisanlocal.ch\/c\/entreprise-de-peinture-a-sion-artisanlocal-effectue-tous-vos-travaux-de-peinture\/"},"modified":"2025-09-18T12:39:54","modified_gmt":"2025-09-18T10:39:54","slug":"entreprise-de-peinture-a-sion-artisanlocal-effectue-tous-vos-travaux-de-peinture","status":"publish","type":"page","link":"https:\/\/www.artisanlocal.ch\/c\/entreprise-de-peinture-a-sion-artisanlocal-effectue-tous-vos-travaux-de-peinture\/","title":{"rendered":"Peintre \u00e0 Sion"},"content":{"rendered":"<p>Besoin d&rsquo;un peintre \u00e0 Sion ? Artisanlocal vous propose des services de qualit\u00e9, de l&rsquo;\u00e9tude de votre projet aux finitions. Nos peintres s&rsquo;adaptent \u00e0 votre emploi du temps et interviennent rapidement chez vous \u00e0 Sion et dans les villes aux alentours.<br \/>\n\r\n<div class=\"box\">\r\n            <div class=\"company-info\">\r\n            <img decoding=\"async\" class=\"company-info__logo\" src=\"https:\/\/www.artisanlocal.ch\/media\/cache\/thumb\/images\/companies\/adk-style-sarl.jpg\" alt=\"Logo\">\r\n            <h2 class=\"company-info__name\">ADK Style S\u00e0rl<\/h2>\r\n            <p class=\"company-info__business\">Peinture - Pl\u00e2trerie - Isolation - D\u00e9coration<\/p>\r\n        <\/div>\r\n        <div class=\"company-contact\">\r\n            <p class=\"company-info__address\">Rue de la Chapelle 20<\/p>\r\n                            <div class=\"links\">\r\n                                            <a class=\"btn has-accent-background-color js-phoneNumber\" href=\"tel:0796273333\" title=\"Appelez\" data-id=\"34606\" data-type=\"11\">079 627 33 33<\/a>\r\n                                                                <a class=\"btn has-accent-background-color\" href=\"https:\/\/www.adkstyle.ch\/\" target=\"_blank\" title=\"Voir le site internet\" data-id=\"34606\" data-type=\"20\">Site internet<\/a>\r\n                                    <\/div>\r\n                    <\/div>\r\n    \r\n            \r\n<form action=\"https:\/\/www.artisanlocal.ch\/c\/wp-admin\/admin-ajax.php\" method=\"post\" class=\"form-contact\" id=\"artisan_form_contact_company_inline\">\r\n    <div><input type=\"hidden\" name=\"action\" value=\"company_contact\"><\/div>\r\n    <div><input type=\"hidden\" name=\"nonce\" value=\"f071462bb9\"><\/div>\r\n    <div><input type=\"hidden\" name=\"company_id\" value=\"34606\"><\/div>\r\n    <div><input type=\"hidden\" name=\"form_id\" value=\"artisan_form_contact_company_inline\"><\/div>\r\n    <div class=\"gglcptch gglcptch_v3 gglcptch_custom\"><input type=\"hidden\" id=\"g-recaptcha-response\" name=\"g-recaptcha-response\" \/><br \/><div class=\"gglcptch_error_text\">La p\u00e9riode de v\u00e9rification reCAPTCHA a expir\u00e9. Veuillez recharger la page.<\/div><\/div>    <div class=\"form-content\">\r\n        <div class=\"form-group\">\r\n            <label for=\"contact_firstName\" class=\"required\">Pr\u00e9nom<\/label>\r\n            <input type=\"text\" name=\"firstName\" class=\"form-control\" required>\r\n        <\/div>\r\n        <div class=\"form-group\">\r\n            <label for=\"contact_lastName\" class=\"required\">Nom<\/label>\r\n            <input type=\"text\" name=\"lastName\" class=\"form-control\" required>\r\n        <\/div>\r\n        <div class=\"form-group\">\r\n            <label for=\"contact_email\" class=\"required\">Email<\/label>\r\n            <input type=\"email\" name=\"email\" class=\"form-control\" required>\r\n        <\/div>\r\n        <div class=\"form-group\">\r\n            <label for=\"contact_phone\" class=\"required\">Num\u00e9ro de t\u00e9l\u00e9phone<\/label>\r\n            <input type=\"tel\" name=\"phone\" class=\"form-control\" placeholder=\"0787117165\" pattern=\"^[0-9]{10}$\" required>\r\n        <\/div>\r\n        <div class=\"form-group\">\r\n            <label for=\"contact_postalCode\" class=\"required\">Code postal et localit\u00e9<\/label>\r\n            <input type=\"text\" name=\"postalCode\" class=\"form-control\" required>\r\n        <\/div>\r\n        <div class=\"form-group\">\r\n            <label for=\"contact_address\" class=\"required\">Adresse<\/label>\r\n            <input type=\"text\" name=\"address\" class=\"form-control\" required>\r\n        <\/div>\r\n        <div class=\"full-width topic\">\r\n            <p class=\"required\">Je souhaite \u00eatre contact\u00e9 pour :<\/p>\r\n            <div class=\"form-check\">\r\n                <input type=\"radio\" name=\"topic\" value=\"D\u00e9pannage\" class=\"form-control\" required>\r\n                <label for=\"d\u00e9pannage\">D\u00e9pannage<\/label>\r\n            <\/div>\r\n            <div class=\"form-check\">\r\n                <input type=\"radio\" name=\"topic\" value=\"Entretien\" class=\"form-control\" required>\r\n                <label for=\"entretien\">Entretien<\/label>\r\n            <\/div>\r\n            <div class=\"form-check\">\r\n                <input type=\"radio\" name=\"topic\" value=\"R\u00e9novation\" class=\"form-control\" required>\r\n                <label for=\"r\u00e9novation\">R\u00e9novation<\/label>\r\n            <\/div>\r\n            <div class=\"form-check\">\r\n                <input type=\"radio\" name=\"topic\" value=\"Autre\" class=\"form-control\" required>\r\n                <label for=\"autre\">Autre<\/label>\r\n            <\/div>\r\n        <\/div>\r\n        <div class=\"form-group full-width\">\r\n            <label for=\"contact_message\">Message<\/label>\r\n            <textarea name=\"message\" rows=\"3\" class=\"form-control\"><\/textarea>\r\n        <\/div>\r\n    <\/div>\r\n    <div class=\"form-actions\">\r\n        <button class=\"wp-block-button__link has-accent-background-color\">Contacter<\/button>\r\n    <\/div>\r\n<\/form>\r\n<div class=\"form-feedback\"><\/div>    <\/div><\/p>\n<h2>Quels sont les services d&rsquo;Artisanlocal ?<\/h2>\n<ul>\n<li>Peinture int\u00e9rieure : sur vos portes, moulures, murs, et plafonds, ou dans les autres pi\u00e8ces de votre habitation telles que votre chambre, salon ou salle d&rsquo;eau.<\/li>\n<li>Peinture ext\u00e9rieure : ajout d\u2019une nouvelle couche de peinture sur les terrasses, les cl\u00f4tures, le bardage, les portes de garage, la brique et le stuc.<\/li>\n<li>Peinture d\u00e9corative : pour concevoir des effets visuels comme le faux marbre, les patines, l&rsquo;effet vieilli, le faux bois et l&rsquo;effet oxyd\u00e9.<\/li>\n<li>Peinture pour cuisine : pose d&rsquo;une couche de peinture, comme la peinture finition satin\u00e9e, qui se lave facilement.<\/li>\n<li>Les travaux d&rsquo;enduits d\u00e9coratifs : installation d&rsquo;enduits comme le tadelakt ou le b\u00e9ton cir\u00e9.<\/li>\n<li>Peinture d\u00e9corative artistique : r\u00e9alisation de fresques murales, artistiques, d\u00e9coratives, int\u00e9rieures ou ext\u00e9rieures.<\/li>\n<li>Peinture pour le ravalement de fa\u00e7ade : restauration des fa\u00e7ades de b\u00e2timents avec bardage, enduit, peinture ou cr\u00e9pi.<\/li>\n<li>Peinture cordiste : travaux de peinture sur des zones en hauteurs, nous op\u00e9rons dans les lieux inaccessibles d\u2019acc\u00e8s, comme les usines, tours, ponts ou \u00e9oliennes.<\/li>\n<li>Peinture de finition : pose des finitions sur les meubles de cuisine ou dans la salle de bain.<\/li>\n<li>Les travaux de r\u00e9novation et d&rsquo;installation : le colmatage des fissures, l&rsquo;installation de nouvelles plaques de pl\u00e2tre, ou le rebouchage des creux dans les murs.<\/li>\n<li>Suppression et installation de papier peint : retrait et changement de votre ancien papier peint.<\/li>\n<li>Peinture pour soci\u00e9t\u00e9 : pour les espaces de bureau, restaurants, \u00e9tablissement \u00e9ducatif, complexes sportifs et autres locaux commerciaux.<\/li>\n<li>Peinture pour immeuble : nous pr\u00e9parons les supports \u00e0 peindre, et nous r\u00e9alisons les finitions et posons la peinture.<\/li>\n<\/ul>\n<h2>Quel est le processus de fonctionnement de votre entreprise ?<\/h2>\n<h3>\u00c9tape 1\u00a0 : demander un devis<\/h3>\n<p>Demandez une estimation gratuite en ligne ou par t\u00e9l\u00e9phone et obtenez une estimation de vos travaux de peintures rapidement.<\/p>\n<h3>\u00c9tape 2\u00a0 : analyser votre devis<\/h3>\n<p>Ayez la garantie que le devis que vous obtenez fixe bien le prix de votre projet. En cas de probl\u00e9matique sur une partie de votre devis, n&rsquo;h\u00e9sitez pas \u00e0 nous joindre pour avoir des informations suppl\u00e9mentaires.<\/p>\n<h3>\u00c9tape 3\u00a0 : planifier la date de d\u00e9but de votre projet<\/h3>\n<p>Apr\u00e8s avoir valid\u00e9 le devis, nous planifions ensemble le commencement de votre r\u00e9novation. Afin d&rsquo;assurer la bonne r\u00e9ussite de votre projet, nous vous assignons un chef de projet d\u00e9di\u00e9.<\/p>\n<h2>Quel est le montant d&rsquo;une prestation de peinture \u00e0 Sion ?<\/h2>\n<p>Le tarif de notre prestation est impact\u00e9 par l&rsquo;\u00e9tat de vos plafonds et vos murs. En g\u00e9n\u00e9ral, les montants se situent entre 60 et 70 francs suisses par heure. \u00c0 peu pr\u00e8s 80% \u00e0 90% du prix total sont octroy\u00e9s \u00e0 la main-d&rsquo;\u0153uvre, alors que la peinture ne repr\u00e9sente que 10% \u00e0 20% du budget.<\/p>\n<h2>Quelles sont les raisons de choisir nos peintres \u00e0 Sion ?<\/h2>\n<ul>\n<li>Accessibilit\u00e9 : install\u00e9s \u00e0 Sion, nos peintres op\u00e8rent rapidement \u00e0 votre domicile.<\/li>\n<li>Qualit\u00e9 : en choisissant notre entreprise, vous choisissez l&rsquo;excellence et le savoir-faire.<\/li>\n<li>Tarifs attractifs : nous mettons en place des prix attractifs, adapt\u00e9s \u00e0 vos demandes et \u00e0 votre budget.<\/li>\n<li>Offres sur mesure : nous prenons en consid\u00e9ration les particularit\u00e9s de votre projet dans le but de vous soumettre des solutions adapt\u00e9es.<\/li>\n<li>Les comp\u00e9tences, nos artisans peintres \u00e0 Sion ont de nombreuses comp\u00e9tences, telles que : la pr\u00e9paration avant l&rsquo;application de la peinture, la pose des diff\u00e9rentes couches et la r\u00e9alisation des touches finales.<\/li>\n<\/ul>\n<h2>FAQ<\/h2>\n<h3>Quelle peinture est-ce que vous utilisez ?<\/h3>\n<p>Nous s\u00e9lectionnons que des peintures de haute qualit\u00e9. Cependant, nous pouvons appliquer la peinture que vous avez d\u00e9j\u00e0 achet\u00e9e.<\/p>\n<h3>Votre \u00e9quipe est-elle ouverte le week-end ?<\/h3>\n<p>Oui, notre soci\u00e9t\u00e9 intervient les samedis et les dimanches \u00e0 Sion et dans les villes aux environs.<\/p>\n<h3>Prot\u00e9gez-vous mon int\u00e9rieur ?<\/h3>\n<p>Oui, nous apportons l&rsquo;\u00e9quipement n\u00e9cessaire pour garantir que vos meubles et votre \u00e9quipement \u00e9lectrom\u00e9nager soient prot\u00e9g\u00e9s pendant nos travaux de peinture. Cependant, si vous avez des objets susceptibles de se briser, nous vous conseillons d&rsquo;en aviser notre \u00e9quipe d&rsquo;artisans, nous mettrons en \u0153uvre des mesures suppl\u00e9mentaires.<\/p>\n<h3>Que va-t-il arriver si je ne suis pas content du travail effectu\u00e9 ?<\/h3>\n<p>Dans le cas o\u00f9 vous ne seriez pas satisfait \u00e0 100% des r\u00e9sultats, nous reviendrons pour corriger les probl\u00e8mes jusqu&rsquo;\u00e0 ce que vous soyez satisfait.<\/p>\n<h3>Vos devis sont-ils gratuits ?<\/h3>\n<p>Oui, nos devis sont gratuits. Si vous d\u00e9sirez aller plus loin, un artisan peintre se d\u00e9place chez vous afin de valider le devis avec vous.<\/p>\n<h3>L&rsquo;entreprise Artisanlocal effectue-t-elle des travaux de peintures pr\u00e8s de Sion ?<\/h3>\n<p>Oui, notre soci\u00e9t\u00e9 intervient \u00e0 Sion, mais aussi dans les villes proches, comme :<\/p>\nChamoson, Grugnay (Chamoson), Les V\u00e9rines (Chamoson), N\u00e9miaz (Chamoson), St-Pierre-de-Clages, Ardon, St-L\u00e9onard, Uvrier, Vernami\u00e8ge, Pont-de-la-Morge (Sion), V\u00e9troz, Conthey, Savi\u00e8se, Bramois, Mase, Eison (St-Martin), Liez (St-Martin), St-Martin VS, Suen (St-Martin), Trogne (St-Martin), Champlan (Grimisuat), Grimisuat, Nax, Arbaz, St-S\u00e9verin, Aven, Daillon, Erde, Vex, Euseigne, Evol\u00e8ne, Lanna, La Tour VS, Les Haud\u00e8res, La Forclaz VS, La Sage, Villa (Evol\u00e8ne), Arolla, H\u00e9r\u00e9mence, Les Collons, Thyon, Arvillard (Salins), Mis\u00e9riez (Salins), Pravidondaz (Salins), Salins, Turin (Salins), Cr\u00eate-\u00e0-l'Oeil (Les Agettes), La Vernaz (Les Agettes), Les Agettes, Les Mayens-de-Sion, Cl\u00e8bes (Nendaz), Veysonnaz, Aproz (Nendaz), Baar (Nendaz), Basse-Nendaz, Beuson (Nendaz), Bieudron (Nendaz), Brignon (Nendaz), Cond\u00e9mines (Nendaz), Fey (Nendaz), Saclentse, Haute-Nendaz, Siviez (Nendaz), Sornard (Nendaz).\n","protected":false},"excerpt":{"rendered":"<p>Besoin d&rsquo;un peintre \u00e0 Sion ? Artisanlocal vous propose des services de qualit\u00e9, de l&rsquo;\u00e9tude de votre projet aux finitions. Nos peintres s&rsquo;adaptent \u00e0 votre emploi du temps et interviennent rapidement chez vous \u00e0 Sion et dans les villes aux alentours. Quels sont les services d&rsquo;Artisanlocal ? Peinture int\u00e9rieure : sur vos portes, moulures, murs, [&hellip;]<\/p>\n","protected":false},"author":4,"featured_media":2756,"parent":0,"menu_order":0,"comment_status":"closed","ping_status":"closed","template":"","meta":{"footnotes":""},"profession":[121],"location":[105],"canton":[110],"class_list":["post-743","page","type-page","status-publish","has-post-thumbnail","hentry","profession-peintre","location-sion","canton-vs"],"yoast_head":"<!-- This site is optimized with the Yoast SEO Premium plugin v25.7.1 (Yoast SEO v27.4) - https:\/\/yoast.com\/product\/yoast-seo-premium-wordpress\/ -->\n<title>Peintre \u00e0 Sion - Artisanlocal<\/title>\n<meta name=\"robots\" content=\"index, follow, max-snippet:-1, max-image-preview:large, max-video-preview:-1\" \/>\n<link rel=\"canonical\" href=\"https:\/\/www.artisanlocal.ch\/c\/entreprise-de-peinture-a-sion-artisanlocal-effectue-tous-vos-travaux-de-peinture\/\" \/>\n<meta property=\"og:locale\" content=\"fr_FR\" \/>\n<meta property=\"og:type\" content=\"article\" \/>\n<meta property=\"og:title\" content=\"Peintre \u00e0 Sion\" \/>\n<meta property=\"og:description\" content=\"Besoin d&rsquo;un peintre \u00e0 Sion ? Artisanlocal vous propose des services de qualit\u00e9, de l&rsquo;\u00e9tude de votre projet aux finitions. Nos peintres s&rsquo;adaptent \u00e0 votre emploi du temps et interviennent rapidement chez vous \u00e0 Sion et dans les villes aux alentours. Quels sont les services d&rsquo;Artisanlocal ? Peinture int\u00e9rieure : sur vos portes, moulures, murs, [&hellip;]\" \/>\n<meta property=\"og:url\" content=\"https:\/\/www.artisanlocal.ch\/c\/entreprise-de-peinture-a-sion-artisanlocal-effectue-tous-vos-travaux-de-peinture\/\" \/>\n<meta property=\"og:site_name\" content=\"Artisanlocal\" \/>\n<meta property=\"article:modified_time\" content=\"2025-09-18T10:39:54+00:00\" \/>\n<meta property=\"og:image\" content=\"https:\/\/www.artisanlocal.ch\/c\/wp-content\/uploads\/2024\/10\/peintre.jpg\" \/>\n\t<meta property=\"og:image:width\" content=\"1920\" \/>\n\t<meta property=\"og:image:height\" content=\"300\" \/>\n\t<meta property=\"og:image:type\" content=\"image\/jpeg\" \/>\n<meta name=\"twitter:card\" content=\"summary_large_image\" \/>\n<meta name=\"twitter:label1\" content=\"Dur\u00e9e de lecture estim\u00e9e\" \/>\n\t<meta name=\"twitter:data1\" content=\"5 minutes\" \/>\n<script type=\"application\/ld+json\" class=\"yoast-schema-graph\">{\"@context\":\"https:\\\/\\\/schema.org\",\"@graph\":[{\"@type\":\"WebPage\",\"@id\":\"https:\\\/\\\/www.artisanlocal.ch\\\/c\\\/entreprise-de-peinture-a-sion-artisanlocal-effectue-tous-vos-travaux-de-peinture\\\/\",\"url\":\"https:\\\/\\\/www.artisanlocal.ch\\\/c\\\/entreprise-de-peinture-a-sion-artisanlocal-effectue-tous-vos-travaux-de-peinture\\\/\",\"name\":\"Peintre \u00e0 Sion - Artisanlocal\",\"isPartOf\":{\"@id\":\"https:\\\/\\\/www.artisanlocal.ch\\\/c\\\/#website\"},\"primaryImageOfPage\":{\"@id\":\"https:\\\/\\\/www.artisanlocal.ch\\\/c\\\/entreprise-de-peinture-a-sion-artisanlocal-effectue-tous-vos-travaux-de-peinture\\\/#primaryimage\"},\"image\":{\"@id\":\"https:\\\/\\\/www.artisanlocal.ch\\\/c\\\/entreprise-de-peinture-a-sion-artisanlocal-effectue-tous-vos-travaux-de-peinture\\\/#primaryimage\"},\"thumbnailUrl\":\"https:\\\/\\\/www.artisanlocal.ch\\\/c\\\/wp-content\\\/uploads\\\/2024\\\/10\\\/peintre.jpg\",\"datePublished\":\"2024-04-15T05:51:00+00:00\",\"dateModified\":\"2025-09-18T10:39:54+00:00\",\"breadcrumb\":{\"@id\":\"https:\\\/\\\/www.artisanlocal.ch\\\/c\\\/entreprise-de-peinture-a-sion-artisanlocal-effectue-tous-vos-travaux-de-peinture\\\/#breadcrumb\"},\"inLanguage\":\"fr-FR\",\"potentialAction\":[{\"@type\":\"ReadAction\",\"target\":[\"https:\\\/\\\/www.artisanlocal.ch\\\/c\\\/entreprise-de-peinture-a-sion-artisanlocal-effectue-tous-vos-travaux-de-peinture\\\/\"]}]},{\"@type\":\"ImageObject\",\"inLanguage\":\"fr-FR\",\"@id\":\"https:\\\/\\\/www.artisanlocal.ch\\\/c\\\/entreprise-de-peinture-a-sion-artisanlocal-effectue-tous-vos-travaux-de-peinture\\\/#primaryimage\",\"url\":\"https:\\\/\\\/www.artisanlocal.ch\\\/c\\\/wp-content\\\/uploads\\\/2024\\\/10\\\/peintre.jpg\",\"contentUrl\":\"https:\\\/\\\/www.artisanlocal.ch\\\/c\\\/wp-content\\\/uploads\\\/2024\\\/10\\\/peintre.jpg\",\"width\":1920,\"height\":300},{\"@type\":\"BreadcrumbList\",\"@id\":\"https:\\\/\\\/www.artisanlocal.ch\\\/c\\\/entreprise-de-peinture-a-sion-artisanlocal-effectue-tous-vos-travaux-de-peinture\\\/#breadcrumb\",\"itemListElement\":[{\"@type\":\"ListItem\",\"position\":1,\"name\":\"Accueil\",\"item\":\"https:\\\/\\\/www.artisanlocal.ch\\\/c\\\/\"},{\"@type\":\"ListItem\",\"position\":2,\"name\":\"Peintre \u00e0 Sion\"}]},{\"@type\":\"WebSite\",\"@id\":\"https:\\\/\\\/www.artisanlocal.ch\\\/c\\\/#website\",\"url\":\"https:\\\/\\\/www.artisanlocal.ch\\\/c\\\/\",\"name\":\"Artisanlocal\",\"description\":\"\",\"publisher\":{\"@id\":\"https:\\\/\\\/www.artisanlocal.ch\\\/c\\\/#organization\"},\"potentialAction\":[{\"@type\":\"SearchAction\",\"target\":{\"@type\":\"EntryPoint\",\"urlTemplate\":\"https:\\\/\\\/www.artisanlocal.ch\\\/c\\\/?s={search_term_string}\"},\"query-input\":{\"@type\":\"PropertyValueSpecification\",\"valueRequired\":true,\"valueName\":\"search_term_string\"}}],\"inLanguage\":\"fr-FR\"},{\"@type\":\"Organization\",\"@id\":\"https:\\\/\\\/www.artisanlocal.ch\\\/c\\\/#organization\",\"name\":\"Artisanlocal\",\"url\":\"https:\\\/\\\/www.artisanlocal.ch\\\/c\\\/\",\"logo\":{\"@type\":\"ImageObject\",\"inLanguage\":\"fr-FR\",\"@id\":\"https:\\\/\\\/www.artisanlocal.ch\\\/c\\\/#\\\/schema\\\/logo\\\/image\\\/\",\"url\":\"https:\\\/\\\/www.artisanlocal.ch\\\/c\\\/wp-content\\\/uploads\\\/2024\\\/02\\\/logo-artisanlocal-h.svg\",\"contentUrl\":\"https:\\\/\\\/www.artisanlocal.ch\\\/c\\\/wp-content\\\/uploads\\\/2024\\\/02\\\/logo-artisanlocal-h.svg\",\"caption\":\"Artisanlocal\"},\"image\":{\"@id\":\"https:\\\/\\\/www.artisanlocal.ch\\\/c\\\/#\\\/schema\\\/logo\\\/image\\\/\"}}]}<\/script>\n<!-- \/ Yoast SEO Premium plugin. -->","yoast_head_json":{"title":"Peintre \u00e0 Sion - Artisanlocal","robots":{"index":"index","follow":"follow","max-snippet":"max-snippet:-1","max-image-preview":"max-image-preview:large","max-video-preview":"max-video-preview:-1"},"canonical":"https:\/\/www.artisanlocal.ch\/c\/entreprise-de-peinture-a-sion-artisanlocal-effectue-tous-vos-travaux-de-peinture\/","og_locale":"fr_FR","og_type":"article","og_title":"Peintre \u00e0 Sion","og_description":"Besoin d&rsquo;un peintre \u00e0 Sion ? Artisanlocal vous propose des services de qualit\u00e9, de l&rsquo;\u00e9tude de votre projet aux finitions. Nos peintres s&rsquo;adaptent \u00e0 votre emploi du temps et interviennent rapidement chez vous \u00e0 Sion et dans les villes aux alentours. Quels sont les services d&rsquo;Artisanlocal ? Peinture int\u00e9rieure : sur vos portes, moulures, murs, [&hellip;]","og_url":"https:\/\/www.artisanlocal.ch\/c\/entreprise-de-peinture-a-sion-artisanlocal-effectue-tous-vos-travaux-de-peinture\/","og_site_name":"Artisanlocal","article_modified_time":"2025-09-18T10:39:54+00:00","og_image":[{"width":1920,"height":300,"url":"https:\/\/www.artisanlocal.ch\/c\/wp-content\/uploads\/2024\/10\/peintre.jpg","type":"image\/jpeg"}],"twitter_card":"summary_large_image","twitter_misc":{"Dur\u00e9e de lecture estim\u00e9e":"5 minutes"},"schema":{"@context":"https:\/\/schema.org","@graph":[{"@type":"WebPage","@id":"https:\/\/www.artisanlocal.ch\/c\/entreprise-de-peinture-a-sion-artisanlocal-effectue-tous-vos-travaux-de-peinture\/","url":"https:\/\/www.artisanlocal.ch\/c\/entreprise-de-peinture-a-sion-artisanlocal-effectue-tous-vos-travaux-de-peinture\/","name":"Peintre \u00e0 Sion - Artisanlocal","isPartOf":{"@id":"https:\/\/www.artisanlocal.ch\/c\/#website"},"primaryImageOfPage":{"@id":"https:\/\/www.artisanlocal.ch\/c\/entreprise-de-peinture-a-sion-artisanlocal-effectue-tous-vos-travaux-de-peinture\/#primaryimage"},"image":{"@id":"https:\/\/www.artisanlocal.ch\/c\/entreprise-de-peinture-a-sion-artisanlocal-effectue-tous-vos-travaux-de-peinture\/#primaryimage"},"thumbnailUrl":"https:\/\/www.artisanlocal.ch\/c\/wp-content\/uploads\/2024\/10\/peintre.jpg","datePublished":"2024-04-15T05:51:00+00:00","dateModified":"2025-09-18T10:39:54+00:00","breadcrumb":{"@id":"https:\/\/www.artisanlocal.ch\/c\/entreprise-de-peinture-a-sion-artisanlocal-effectue-tous-vos-travaux-de-peinture\/#breadcrumb"},"inLanguage":"fr-FR","potentialAction":[{"@type":"ReadAction","target":["https:\/\/www.artisanlocal.ch\/c\/entreprise-de-peinture-a-sion-artisanlocal-effectue-tous-vos-travaux-de-peinture\/"]}]},{"@type":"ImageObject","inLanguage":"fr-FR","@id":"https:\/\/www.artisanlocal.ch\/c\/entreprise-de-peinture-a-sion-artisanlocal-effectue-tous-vos-travaux-de-peinture\/#primaryimage","url":"https:\/\/www.artisanlocal.ch\/c\/wp-content\/uploads\/2024\/10\/peintre.jpg","contentUrl":"https:\/\/www.artisanlocal.ch\/c\/wp-content\/uploads\/2024\/10\/peintre.jpg","width":1920,"height":300},{"@type":"BreadcrumbList","@id":"https:\/\/www.artisanlocal.ch\/c\/entreprise-de-peinture-a-sion-artisanlocal-effectue-tous-vos-travaux-de-peinture\/#breadcrumb","itemListElement":[{"@type":"ListItem","position":1,"name":"Accueil","item":"https:\/\/www.artisanlocal.ch\/c\/"},{"@type":"ListItem","position":2,"name":"Peintre \u00e0 Sion"}]},{"@type":"WebSite","@id":"https:\/\/www.artisanlocal.ch\/c\/#website","url":"https:\/\/www.artisanlocal.ch\/c\/","name":"Artisanlocal","description":"","publisher":{"@id":"https:\/\/www.artisanlocal.ch\/c\/#organization"},"potentialAction":[{"@type":"SearchAction","target":{"@type":"EntryPoint","urlTemplate":"https:\/\/www.artisanlocal.ch\/c\/?s={search_term_string}"},"query-input":{"@type":"PropertyValueSpecification","valueRequired":true,"valueName":"search_term_string"}}],"inLanguage":"fr-FR"},{"@type":"Organization","@id":"https:\/\/www.artisanlocal.ch\/c\/#organization","name":"Artisanlocal","url":"https:\/\/www.artisanlocal.ch\/c\/","logo":{"@type":"ImageObject","inLanguage":"fr-FR","@id":"https:\/\/www.artisanlocal.ch\/c\/#\/schema\/logo\/image\/","url":"https:\/\/www.artisanlocal.ch\/c\/wp-content\/uploads\/2024\/02\/logo-artisanlocal-h.svg","contentUrl":"https:\/\/www.artisanlocal.ch\/c\/wp-content\/uploads\/2024\/02\/logo-artisanlocal-h.svg","caption":"Artisanlocal"},"image":{"@id":"https:\/\/www.artisanlocal.ch\/c\/#\/schema\/logo\/image\/"}}]}},"_links":{"self":[{"href":"https:\/\/www.artisanlocal.ch\/c\/wp-json\/wp\/v2\/pages\/743","targetHints":{"allow":["GET"]}}],"collection":[{"href":"https:\/\/www.artisanlocal.ch\/c\/wp-json\/wp\/v2\/pages"}],"about":[{"href":"https:\/\/www.artisanlocal.ch\/c\/wp-json\/wp\/v2\/types\/page"}],"author":[{"embeddable":true,"href":"https:\/\/www.artisanlocal.ch\/c\/wp-json\/wp\/v2\/users\/4"}],"replies":[{"embeddable":true,"href":"https:\/\/www.artisanlocal.ch\/c\/wp-json\/wp\/v2\/comments?post=743"}],"version-history":[{"count":0,"href":"https:\/\/www.artisanlocal.ch\/c\/wp-json\/wp\/v2\/pages\/743\/revisions"}],"wp:featuredmedia":[{"embeddable":true,"href":"https:\/\/www.artisanlocal.ch\/c\/wp-json\/wp\/v2\/media\/2756"}],"wp:attachment":[{"href":"https:\/\/www.artisanlocal.ch\/c\/wp-json\/wp\/v2\/media?parent=743"}],"wp:term":[{"taxonomy":"profession","embeddable":true,"href":"https:\/\/www.artisanlocal.ch\/c\/wp-json\/wp\/v2\/profession?post=743"},{"taxonomy":"location","embeddable":true,"href":"https:\/\/www.artisanlocal.ch\/c\/wp-json\/wp\/v2\/location?post=743"},{"taxonomy":"canton","embeddable":true,"href":"https:\/\/www.artisanlocal.ch\/c\/wp-json\/wp\/v2\/canton?post=743"}],"curies":[{"name":"wp","href":"https:\/\/api.w.org\/{rel}","templated":true}]}}