{"id":744,"date":"2024-04-16T03:44:36","date_gmt":"2024-04-16T01:44:36","guid":{"rendered":"https:\/\/www.artisanlocal.ch\/c\/societe-artisanale-de-peinture-a-meyrin-artisanlocal-effectue-tous-vos-projets-en-peinture\/"},"modified":"2025-10-22T20:01:14","modified_gmt":"2025-10-22T18:01:14","slug":"societe-artisanale-de-peinture-a-meyrin-artisanlocal-effectue-tous-vos-projets-en-peinture","status":"publish","type":"page","link":"https:\/\/www.artisanlocal.ch\/c\/societe-artisanale-de-peinture-a-meyrin-artisanlocal-effectue-tous-vos-projets-en-peinture\/","title":{"rendered":"Peintre \u00e0 Meyrin"},"content":{"rendered":"<p>Besoin d&rsquo;un peintre \u00e0 Meyrin ? Artisanlocal propose des services de qualit\u00e9, de l&rsquo;\u00e9tude aux finitions de vos peintures, nous nous adaptons \u00e0 vos horaires et nous intervenons rapidement dans votre foyer \u00e0 Meyrin et dans les villes proches.<br \/>\n\r\n<div class=\"box\">\r\n            <div class=\"company-info\">\r\n            <img decoding=\"async\" class=\"company-info__logo\" src=\"https:\/\/www.artisanlocal.ch\/media\/cache\/thumb\/images\/companies\/renov-immeuble.png\" alt=\"Logo\">\r\n            <h2 class=\"company-info__name\">Renov-Immeuble<\/h2>\r\n            <p class=\"company-info__business\">Entreprise de peinture - Papiers peints - Fa\u00e7ades<\/p>\r\n        <\/div>\r\n        <div class=\"company-contact\">\r\n            <p class=\"company-info__address\">Avenue De-Luserna 38<\/p>\r\n                            <div class=\"links\">\r\n                                            <a class=\"btn has-accent-background-color js-phoneNumber\" href=\"tel:0792006267\" title=\"Appelez\" data-id=\"9395\" data-type=\"11\">079 200 62 67<\/a>\r\n                                                                <a class=\"btn has-accent-background-color\" href=\"http:\/\/www.renov-immeuble.ch\/\" target=\"_blank\" title=\"Voir le site internet\" data-id=\"9395\" data-type=\"20\">Site internet<\/a>\r\n                                    <\/div>\r\n                    <\/div>\r\n    \r\n            \r\n<form action=\"https:\/\/www.artisanlocal.ch\/c\/wp-admin\/admin-ajax.php\" method=\"post\" class=\"form-contact\" id=\"artisan_form_contact_company_inline\">\r\n    <div><input type=\"hidden\" name=\"action\" value=\"company_contact\"><\/div>\r\n    <div><input type=\"hidden\" name=\"nonce\" value=\"bee5a54407\"><\/div>\r\n    <div><input type=\"hidden\" name=\"company_id\" value=\"9395\"><\/div>\r\n    <div><input type=\"hidden\" name=\"form_id\" value=\"artisan_form_contact_company_inline\"><\/div>\r\n    <div class=\"gglcptch gglcptch_v3 gglcptch_custom\"><input type=\"hidden\" id=\"g-recaptcha-response\" name=\"g-recaptcha-response\" \/><br \/><div class=\"gglcptch_error_text\">La p\u00e9riode de v\u00e9rification reCAPTCHA a expir\u00e9. Veuillez recharger la page.<\/div><\/div>    <div class=\"form-content\">\r\n        <div class=\"form-group\">\r\n            <label for=\"contact_firstName\" class=\"required\">Pr\u00e9nom<\/label>\r\n            <input type=\"text\" name=\"firstName\" class=\"form-control\" required>\r\n        <\/div>\r\n        <div class=\"form-group\">\r\n            <label for=\"contact_lastName\" class=\"required\">Nom<\/label>\r\n            <input type=\"text\" name=\"lastName\" class=\"form-control\" required>\r\n        <\/div>\r\n        <div class=\"form-group\">\r\n            <label for=\"contact_email\" class=\"required\">Email<\/label>\r\n            <input type=\"email\" name=\"email\" class=\"form-control\" required>\r\n        <\/div>\r\n        <div class=\"form-group\">\r\n            <label for=\"contact_phone\" class=\"required\">Num\u00e9ro de t\u00e9l\u00e9phone<\/label>\r\n            <input type=\"tel\" name=\"phone\" class=\"form-control\" placeholder=\"0787117165\" pattern=\"^[0-9]{10}$\" required>\r\n        <\/div>\r\n        <div class=\"form-group\">\r\n            <label for=\"contact_postalCode\" class=\"required\">Code postal et localit\u00e9<\/label>\r\n            <input type=\"text\" name=\"postalCode\" class=\"form-control\" required>\r\n        <\/div>\r\n        <div class=\"form-group\">\r\n            <label for=\"contact_address\" class=\"required\">Adresse<\/label>\r\n            <input type=\"text\" name=\"address\" class=\"form-control\" required>\r\n        <\/div>\r\n        <div class=\"full-width topic\">\r\n            <p class=\"required\">Je souhaite \u00eatre contact\u00e9 pour :<\/p>\r\n            <div class=\"form-check\">\r\n                <input type=\"radio\" name=\"topic\" value=\"D\u00e9pannage\" class=\"form-control\" required>\r\n                <label for=\"d\u00e9pannage\">D\u00e9pannage<\/label>\r\n            <\/div>\r\n            <div class=\"form-check\">\r\n                <input type=\"radio\" name=\"topic\" value=\"Entretien\" class=\"form-control\" required>\r\n                <label for=\"entretien\">Entretien<\/label>\r\n            <\/div>\r\n            <div class=\"form-check\">\r\n                <input type=\"radio\" name=\"topic\" value=\"R\u00e9novation\" class=\"form-control\" required>\r\n                <label for=\"r\u00e9novation\">R\u00e9novation<\/label>\r\n            <\/div>\r\n            <div class=\"form-check\">\r\n                <input type=\"radio\" name=\"topic\" value=\"Autre\" class=\"form-control\" required>\r\n                <label for=\"autre\">Autre<\/label>\r\n            <\/div>\r\n        <\/div>\r\n        <div class=\"form-group full-width\">\r\n            <label for=\"contact_message\">Message<\/label>\r\n            <textarea name=\"message\" rows=\"3\" class=\"form-control\"><\/textarea>\r\n        <\/div>\r\n    <\/div>\r\n    <div class=\"form-actions\">\r\n        <button class=\"wp-block-button__link has-accent-background-color\">Contacter<\/button>\r\n    <\/div>\r\n<\/form>\r\n<div class=\"form-feedback\"><\/div>    <\/div><\/p>\n<h2>Quels sont les services d&rsquo;Artisanlocal ?<\/h2>\n<ul>\n<li>Peinture int\u00e9rieure : sur vos murs, portes, moulures, et plafonds, ou dans des pi\u00e8ces sp\u00e9cifiques telles que votre chambre, salon ou salle de bain.<\/li>\n<li>Peinture ext\u00e9rieure : sur les terrasses, les cl\u00f4tures, le bardage, les portes de garage, le stuc et la brique.<\/li>\n<li>Peinture d\u00e9corative : faux marbre, les patines, l&rsquo;effet vieilli, le faux bois et l&rsquo;effet oxyd\u00e9.<\/li>\n<li>Peinture de cuisine : comme la finition satin\u00e9e.<\/li>\n<li>L&rsquo;utilisation d&rsquo;enduits d\u00e9coratifs : b\u00e9ton cir\u00e9, ou tadelakt.<\/li>\n<li>Peinture d\u00e9corative : fresques murales, artistiques, d\u00e9coratives, ext\u00e9rieures ou int\u00e9rieures.<\/li>\n<li>Peinture pour le ravalement de fa\u00e7ade : ext\u00e9rieure, cr\u00e9pi, bardage, pose d&rsquo;enduit ou de peinture.<\/li>\n<li>Peintre cordiste : travaux de peinture en hauteur, nous op\u00e9rons dans les endroits difficiles d\u2019acc\u00e8s, comme les usines, tours, ponts ou \u00e9oliennes.<\/li>\n<li>Peinture de finition : application des finitions sur les meubles de cuisine ou dans la salle de bain.<\/li>\n<li>Les travaux d&rsquo;installation et de restauration : le colmatage des br\u00e8ches dans vos murs, l&rsquo;installation de votre placo, ou la r\u00e9paration des creux dans les murs.<\/li>\n<li>Les travaux de d\u00e9collage et de mise en place de tapisserie : le retrait et l&rsquo;installation d&rsquo;une nouvelle tapisserie murale.<\/li>\n<li>Peinture pour soci\u00e9t\u00e9 : bureaux, restaurants, \u00e9tablissement \u00e9ducatif, complexes sportifs et autres biens immobiliers commerciaux.<\/li>\n<li>Peintures pour immeuble : pr\u00e9paration des supports \u00e0 peindre, r\u00e9alisations des finitions et pose des couches de peinture.<\/li>\n<\/ul>\n<h2>Comment fonctionne votre soci\u00e9t\u00e9 ?<\/h2>\n<ol>\n<li>Demandez-nous un devis en ligne ou par t\u00e9l\u00e9phone et recevez un devis de vos travaux rapidement.<\/li>\n<li>Examiner votre devis, si vous avez un doute, contacter notre entreprise pour obtenir plus d&rsquo;informations sur votre devis.<\/li>\n<li>D\u00e9terminer la date de commencement de votre r\u00e9novation de peinture.<\/li>\n<\/ol>\n<h2>Combien faut-il d\u00e9penser pour un service de peinture \u00e0 Meyrin ?<\/h2>\n<p>Le prix des travaux d\u00e9pend de l&rsquo;\u00e9tat des surfaces \u00e0 peindre. Le plus souvent, les tarifs se situent entre 60 et 70 francs suisses par heure. Le co\u00fbt de main-d&rsquo;\u0153uvre repr\u00e9sente environ 80% \u00e0 90% du montant total, tandis que le prix des travaux peinture ne compose que 10% \u00e0 20% du tarif.<\/p>\n<h2>Pourquoi choisir nos peintres \u00e0 Meyrin ?<\/h2>\n<ul>\n<li>Disponibilit\u00e9 : nos artisans peintres sont disponibles rapidement \u00e0 Meyrin pour r\u00e9pondre rapidement \u00e0 vos besoins.<\/li>\n<li>Tarifs comp\u00e9titifs : nous avons des prix comp\u00e9titifs, adapt\u00e9s \u00e0 votre budget et \u00e0 vos attentes.<\/li>\n<li>Prestations sur mesure : nous analysons votre projet de peinture de mani\u00e8re \u00e0 cr\u00e9er une prestation sur mesure.<\/li>\n<li>Les comp\u00e9tences : nos peintres \u00e0 Meyrin ont une large gamme d&rsquo;expertises, nettoyage, pr\u00e9paration des surfaces avant l&rsquo;application de la peinture, pose des multiples couches et r\u00e9alisation des finitions.<\/li>\n<\/ul>\n<h2>FAQ<\/h2>\n<h3>Quel type de peinture utilisez-vous ?<\/h3>\n<p>Nous utilisons uniquement des peintures premium. Il est aussi possible pour nos peintres d&rsquo;utiliser les pots que vous avez en stock.<\/p>\n<h3>Votre soci\u00e9t\u00e9 est-elle ouverte le week-end ?<\/h3>\n<p>Oui, nos \u00e9quipes sont disponibles le week-end.<\/p>\n<h3>Les meubles sont-ils prot\u00e9g\u00e9s lors de votre intervention ?<\/h3>\n<p>Oui, avant l&rsquo;application de la peinture, nous prot\u00e9geons votre mobilier. Toutefois, si vous avez des objets fragiles, nous vous pr\u00e9conisons d&rsquo;en informer notre \u00e9quipe, nous mettrons en \u0153uvre des mesures suppl\u00e9mentaires.<\/p>\n<h3>Que se passe-t-il si je ne suis pas content du travail r\u00e9alis\u00e9 ?<\/h3>\n<p>Si notre prestation ne vous satisfait pas, nous prenons l&rsquo;engagement d&rsquo;effectuer les corrections n\u00e9cessaires jusqu&rsquo;\u00e0 ce que vous soyez satisfait.<\/p>\n<h3>Proposez-vous des devis gratuits ?<\/h3>\n<p>Oui, nos devis sont 100% gratuits. Nos techniciens peuvent se d\u00e9placer chez vous pour r\u00e9pondre \u00e0 vos demandes et valider avec vous votre devis.<\/p>\n<h3>Votre entreprise intervient-elle dans les villes proches de Meyrin ?<\/h3>\n<p>Oui, notre entreprise intervient \u00e0 Meyrin, et aussi dans les villes proches, telles que :<\/p>\nGen\u00e8ve, Vernier, Cointrin, Le Grand-Saconnex, Ch\u00e2telaine, Le Lignon, Les Avanchets, Collex, Satigny, Russin, Dardagny, La Plaine, Chamb\u00e9sy.\n","protected":false},"excerpt":{"rendered":"<p>Besoin d&rsquo;un peintre \u00e0 Meyrin ? Artisanlocal propose des services de qualit\u00e9, de l&rsquo;\u00e9tude aux finitions de vos peintures, nous nous adaptons \u00e0 vos horaires et nous intervenons rapidement dans votre foyer \u00e0 Meyrin et dans les villes proches. Quels sont les services d&rsquo;Artisanlocal ? Peinture int\u00e9rieure : sur vos murs, portes, moulures, et plafonds, [&hellip;]<\/p>\n","protected":false},"author":4,"featured_media":2756,"parent":0,"menu_order":0,"comment_status":"closed","ping_status":"closed","template":"","meta":{"footnotes":""},"profession":[121],"location":[50],"canton":[112],"class_list":["post-744","page","type-page","status-publish","has-post-thumbnail","hentry","profession-peintre","location-meyrin","canton-ge"],"yoast_head":"<!-- This site is optimized with the Yoast SEO Premium plugin v25.7.1 (Yoast SEO v27.3) - https:\/\/yoast.com\/product\/yoast-seo-premium-wordpress\/ -->\n<title>Peintre \u00e0 Meyrin - Artisanlocal<\/title>\n<meta name=\"robots\" content=\"index, follow, max-snippet:-1, max-image-preview:large, max-video-preview:-1\" \/>\n<link rel=\"canonical\" href=\"https:\/\/www.artisanlocal.ch\/c\/societe-artisanale-de-peinture-a-meyrin-artisanlocal-effectue-tous-vos-projets-en-peinture\/\" \/>\n<meta property=\"og:locale\" content=\"fr_FR\" \/>\n<meta property=\"og:type\" content=\"article\" \/>\n<meta property=\"og:title\" content=\"Peintre \u00e0 Meyrin\" \/>\n<meta property=\"og:description\" content=\"Besoin d&rsquo;un peintre \u00e0 Meyrin ? Artisanlocal propose des services de qualit\u00e9, de l&rsquo;\u00e9tude aux finitions de vos peintures, nous nous adaptons \u00e0 vos horaires et nous intervenons rapidement dans votre foyer \u00e0 Meyrin et dans les villes proches. Quels sont les services d&rsquo;Artisanlocal ? Peinture int\u00e9rieure : sur vos murs, portes, moulures, et plafonds, [&hellip;]\" \/>\n<meta property=\"og:url\" content=\"https:\/\/www.artisanlocal.ch\/c\/societe-artisanale-de-peinture-a-meyrin-artisanlocal-effectue-tous-vos-projets-en-peinture\/\" \/>\n<meta property=\"og:site_name\" content=\"Artisanlocal\" \/>\n<meta property=\"article:modified_time\" content=\"2025-10-22T18:01:14+00:00\" \/>\n<meta property=\"og:image\" content=\"https:\/\/www.artisanlocal.ch\/c\/wp-content\/uploads\/2024\/10\/peintre.jpg\" \/>\n\t<meta property=\"og:image:width\" content=\"1920\" \/>\n\t<meta property=\"og:image:height\" content=\"300\" \/>\n\t<meta property=\"og:image:type\" content=\"image\/jpeg\" \/>\n<meta name=\"twitter:card\" content=\"summary_large_image\" \/>\n<meta name=\"twitter:label1\" content=\"Dur\u00e9e de lecture estim\u00e9e\" \/>\n\t<meta name=\"twitter:data1\" content=\"4 minutes\" \/>\n<script type=\"application\/ld+json\" class=\"yoast-schema-graph\">{\"@context\":\"https:\\\/\\\/schema.org\",\"@graph\":[{\"@type\":\"WebPage\",\"@id\":\"https:\\\/\\\/www.artisanlocal.ch\\\/c\\\/societe-artisanale-de-peinture-a-meyrin-artisanlocal-effectue-tous-vos-projets-en-peinture\\\/\",\"url\":\"https:\\\/\\\/www.artisanlocal.ch\\\/c\\\/societe-artisanale-de-peinture-a-meyrin-artisanlocal-effectue-tous-vos-projets-en-peinture\\\/\",\"name\":\"Peintre \u00e0 Meyrin - Artisanlocal\",\"isPartOf\":{\"@id\":\"https:\\\/\\\/www.artisanlocal.ch\\\/c\\\/#website\"},\"primaryImageOfPage\":{\"@id\":\"https:\\\/\\\/www.artisanlocal.ch\\\/c\\\/societe-artisanale-de-peinture-a-meyrin-artisanlocal-effectue-tous-vos-projets-en-peinture\\\/#primaryimage\"},\"image\":{\"@id\":\"https:\\\/\\\/www.artisanlocal.ch\\\/c\\\/societe-artisanale-de-peinture-a-meyrin-artisanlocal-effectue-tous-vos-projets-en-peinture\\\/#primaryimage\"},\"thumbnailUrl\":\"https:\\\/\\\/www.artisanlocal.ch\\\/c\\\/wp-content\\\/uploads\\\/2024\\\/10\\\/peintre.jpg\",\"datePublished\":\"2024-04-16T01:44:36+00:00\",\"dateModified\":\"2025-10-22T18:01:14+00:00\",\"breadcrumb\":{\"@id\":\"https:\\\/\\\/www.artisanlocal.ch\\\/c\\\/societe-artisanale-de-peinture-a-meyrin-artisanlocal-effectue-tous-vos-projets-en-peinture\\\/#breadcrumb\"},\"inLanguage\":\"fr-FR\",\"potentialAction\":[{\"@type\":\"ReadAction\",\"target\":[\"https:\\\/\\\/www.artisanlocal.ch\\\/c\\\/societe-artisanale-de-peinture-a-meyrin-artisanlocal-effectue-tous-vos-projets-en-peinture\\\/\"]}]},{\"@type\":\"ImageObject\",\"inLanguage\":\"fr-FR\",\"@id\":\"https:\\\/\\\/www.artisanlocal.ch\\\/c\\\/societe-artisanale-de-peinture-a-meyrin-artisanlocal-effectue-tous-vos-projets-en-peinture\\\/#primaryimage\",\"url\":\"https:\\\/\\\/www.artisanlocal.ch\\\/c\\\/wp-content\\\/uploads\\\/2024\\\/10\\\/peintre.jpg\",\"contentUrl\":\"https:\\\/\\\/www.artisanlocal.ch\\\/c\\\/wp-content\\\/uploads\\\/2024\\\/10\\\/peintre.jpg\",\"width\":1920,\"height\":300},{\"@type\":\"BreadcrumbList\",\"@id\":\"https:\\\/\\\/www.artisanlocal.ch\\\/c\\\/societe-artisanale-de-peinture-a-meyrin-artisanlocal-effectue-tous-vos-projets-en-peinture\\\/#breadcrumb\",\"itemListElement\":[{\"@type\":\"ListItem\",\"position\":1,\"name\":\"Accueil\",\"item\":\"https:\\\/\\\/www.artisanlocal.ch\\\/c\\\/\"},{\"@type\":\"ListItem\",\"position\":2,\"name\":\"Peintre \u00e0 Meyrin\"}]},{\"@type\":\"WebSite\",\"@id\":\"https:\\\/\\\/www.artisanlocal.ch\\\/c\\\/#website\",\"url\":\"https:\\\/\\\/www.artisanlocal.ch\\\/c\\\/\",\"name\":\"Artisanlocal\",\"description\":\"\",\"publisher\":{\"@id\":\"https:\\\/\\\/www.artisanlocal.ch\\\/c\\\/#organization\"},\"potentialAction\":[{\"@type\":\"SearchAction\",\"target\":{\"@type\":\"EntryPoint\",\"urlTemplate\":\"https:\\\/\\\/www.artisanlocal.ch\\\/c\\\/?s={search_term_string}\"},\"query-input\":{\"@type\":\"PropertyValueSpecification\",\"valueRequired\":true,\"valueName\":\"search_term_string\"}}],\"inLanguage\":\"fr-FR\"},{\"@type\":\"Organization\",\"@id\":\"https:\\\/\\\/www.artisanlocal.ch\\\/c\\\/#organization\",\"name\":\"Artisanlocal\",\"url\":\"https:\\\/\\\/www.artisanlocal.ch\\\/c\\\/\",\"logo\":{\"@type\":\"ImageObject\",\"inLanguage\":\"fr-FR\",\"@id\":\"https:\\\/\\\/www.artisanlocal.ch\\\/c\\\/#\\\/schema\\\/logo\\\/image\\\/\",\"url\":\"https:\\\/\\\/www.artisanlocal.ch\\\/c\\\/wp-content\\\/uploads\\\/2024\\\/02\\\/logo-artisanlocal-h.svg\",\"contentUrl\":\"https:\\\/\\\/www.artisanlocal.ch\\\/c\\\/wp-content\\\/uploads\\\/2024\\\/02\\\/logo-artisanlocal-h.svg\",\"caption\":\"Artisanlocal\"},\"image\":{\"@id\":\"https:\\\/\\\/www.artisanlocal.ch\\\/c\\\/#\\\/schema\\\/logo\\\/image\\\/\"}}]}<\/script>\n<!-- \/ Yoast SEO Premium plugin. -->","yoast_head_json":{"title":"Peintre \u00e0 Meyrin - Artisanlocal","robots":{"index":"index","follow":"follow","max-snippet":"max-snippet:-1","max-image-preview":"max-image-preview:large","max-video-preview":"max-video-preview:-1"},"canonical":"https:\/\/www.artisanlocal.ch\/c\/societe-artisanale-de-peinture-a-meyrin-artisanlocal-effectue-tous-vos-projets-en-peinture\/","og_locale":"fr_FR","og_type":"article","og_title":"Peintre \u00e0 Meyrin","og_description":"Besoin d&rsquo;un peintre \u00e0 Meyrin ? Artisanlocal propose des services de qualit\u00e9, de l&rsquo;\u00e9tude aux finitions de vos peintures, nous nous adaptons \u00e0 vos horaires et nous intervenons rapidement dans votre foyer \u00e0 Meyrin et dans les villes proches. Quels sont les services d&rsquo;Artisanlocal ? Peinture int\u00e9rieure : sur vos murs, portes, moulures, et plafonds, [&hellip;]","og_url":"https:\/\/www.artisanlocal.ch\/c\/societe-artisanale-de-peinture-a-meyrin-artisanlocal-effectue-tous-vos-projets-en-peinture\/","og_site_name":"Artisanlocal","article_modified_time":"2025-10-22T18:01:14+00:00","og_image":[{"width":1920,"height":300,"url":"https:\/\/www.artisanlocal.ch\/c\/wp-content\/uploads\/2024\/10\/peintre.jpg","type":"image\/jpeg"}],"twitter_card":"summary_large_image","twitter_misc":{"Dur\u00e9e de lecture estim\u00e9e":"4 minutes"},"schema":{"@context":"https:\/\/schema.org","@graph":[{"@type":"WebPage","@id":"https:\/\/www.artisanlocal.ch\/c\/societe-artisanale-de-peinture-a-meyrin-artisanlocal-effectue-tous-vos-projets-en-peinture\/","url":"https:\/\/www.artisanlocal.ch\/c\/societe-artisanale-de-peinture-a-meyrin-artisanlocal-effectue-tous-vos-projets-en-peinture\/","name":"Peintre \u00e0 Meyrin - Artisanlocal","isPartOf":{"@id":"https:\/\/www.artisanlocal.ch\/c\/#website"},"primaryImageOfPage":{"@id":"https:\/\/www.artisanlocal.ch\/c\/societe-artisanale-de-peinture-a-meyrin-artisanlocal-effectue-tous-vos-projets-en-peinture\/#primaryimage"},"image":{"@id":"https:\/\/www.artisanlocal.ch\/c\/societe-artisanale-de-peinture-a-meyrin-artisanlocal-effectue-tous-vos-projets-en-peinture\/#primaryimage"},"thumbnailUrl":"https:\/\/www.artisanlocal.ch\/c\/wp-content\/uploads\/2024\/10\/peintre.jpg","datePublished":"2024-04-16T01:44:36+00:00","dateModified":"2025-10-22T18:01:14+00:00","breadcrumb":{"@id":"https:\/\/www.artisanlocal.ch\/c\/societe-artisanale-de-peinture-a-meyrin-artisanlocal-effectue-tous-vos-projets-en-peinture\/#breadcrumb"},"inLanguage":"fr-FR","potentialAction":[{"@type":"ReadAction","target":["https:\/\/www.artisanlocal.ch\/c\/societe-artisanale-de-peinture-a-meyrin-artisanlocal-effectue-tous-vos-projets-en-peinture\/"]}]},{"@type":"ImageObject","inLanguage":"fr-FR","@id":"https:\/\/www.artisanlocal.ch\/c\/societe-artisanale-de-peinture-a-meyrin-artisanlocal-effectue-tous-vos-projets-en-peinture\/#primaryimage","url":"https:\/\/www.artisanlocal.ch\/c\/wp-content\/uploads\/2024\/10\/peintre.jpg","contentUrl":"https:\/\/www.artisanlocal.ch\/c\/wp-content\/uploads\/2024\/10\/peintre.jpg","width":1920,"height":300},{"@type":"BreadcrumbList","@id":"https:\/\/www.artisanlocal.ch\/c\/societe-artisanale-de-peinture-a-meyrin-artisanlocal-effectue-tous-vos-projets-en-peinture\/#breadcrumb","itemListElement":[{"@type":"ListItem","position":1,"name":"Accueil","item":"https:\/\/www.artisanlocal.ch\/c\/"},{"@type":"ListItem","position":2,"name":"Peintre \u00e0 Meyrin"}]},{"@type":"WebSite","@id":"https:\/\/www.artisanlocal.ch\/c\/#website","url":"https:\/\/www.artisanlocal.ch\/c\/","name":"Artisanlocal","description":"","publisher":{"@id":"https:\/\/www.artisanlocal.ch\/c\/#organization"},"potentialAction":[{"@type":"SearchAction","target":{"@type":"EntryPoint","urlTemplate":"https:\/\/www.artisanlocal.ch\/c\/?s={search_term_string}"},"query-input":{"@type":"PropertyValueSpecification","valueRequired":true,"valueName":"search_term_string"}}],"inLanguage":"fr-FR"},{"@type":"Organization","@id":"https:\/\/www.artisanlocal.ch\/c\/#organization","name":"Artisanlocal","url":"https:\/\/www.artisanlocal.ch\/c\/","logo":{"@type":"ImageObject","inLanguage":"fr-FR","@id":"https:\/\/www.artisanlocal.ch\/c\/#\/schema\/logo\/image\/","url":"https:\/\/www.artisanlocal.ch\/c\/wp-content\/uploads\/2024\/02\/logo-artisanlocal-h.svg","contentUrl":"https:\/\/www.artisanlocal.ch\/c\/wp-content\/uploads\/2024\/02\/logo-artisanlocal-h.svg","caption":"Artisanlocal"},"image":{"@id":"https:\/\/www.artisanlocal.ch\/c\/#\/schema\/logo\/image\/"}}]}},"_links":{"self":[{"href":"https:\/\/www.artisanlocal.ch\/c\/wp-json\/wp\/v2\/pages\/744","targetHints":{"allow":["GET"]}}],"collection":[{"href":"https:\/\/www.artisanlocal.ch\/c\/wp-json\/wp\/v2\/pages"}],"about":[{"href":"https:\/\/www.artisanlocal.ch\/c\/wp-json\/wp\/v2\/types\/page"}],"author":[{"embeddable":true,"href":"https:\/\/www.artisanlocal.ch\/c\/wp-json\/wp\/v2\/users\/4"}],"replies":[{"embeddable":true,"href":"https:\/\/www.artisanlocal.ch\/c\/wp-json\/wp\/v2\/comments?post=744"}],"version-history":[{"count":0,"href":"https:\/\/www.artisanlocal.ch\/c\/wp-json\/wp\/v2\/pages\/744\/revisions"}],"wp:featuredmedia":[{"embeddable":true,"href":"https:\/\/www.artisanlocal.ch\/c\/wp-json\/wp\/v2\/media\/2756"}],"wp:attachment":[{"href":"https:\/\/www.artisanlocal.ch\/c\/wp-json\/wp\/v2\/media?parent=744"}],"wp:term":[{"taxonomy":"profession","embeddable":true,"href":"https:\/\/www.artisanlocal.ch\/c\/wp-json\/wp\/v2\/profession?post=744"},{"taxonomy":"location","embeddable":true,"href":"https:\/\/www.artisanlocal.ch\/c\/wp-json\/wp\/v2\/location?post=744"},{"taxonomy":"canton","embeddable":true,"href":"https:\/\/www.artisanlocal.ch\/c\/wp-json\/wp\/v2\/canton?post=744"}],"curies":[{"name":"wp","href":"https:\/\/api.w.org\/{rel}","templated":true}]}}