{"id":745,"date":"2024-04-16T03:30:00","date_gmt":"2024-04-16T01:30:00","guid":{"rendered":"https:\/\/www.artisanlocal.ch\/c\/artisan-peintre-a-carouge\/"},"modified":"2025-09-18T19:56:20","modified_gmt":"2025-09-18T17:56:20","slug":"artisan-peintre-a-carouge","status":"publish","type":"page","link":"https:\/\/www.artisanlocal.ch\/c\/artisan-peintre-a-carouge\/","title":{"rendered":"Peinture \u00e0 Carouge GE"},"content":{"rendered":"<p>Vos plafonds et murs ont besoin d&rsquo;une nouvelle couche de peinture ? Artisanlocal r\u00e9alise tous vos travaux de peinture \u00e0 Carouge GE. Notre entreprise intervient rapidement chez vous et aussi dans les localit\u00e9s proches.<br \/>\n\r\n<div class=\"box\">\r\n            <div class=\"company-info\">\r\n            <img decoding=\"async\" class=\"company-info__logo\" src=\"https:\/\/www.artisanlocal.ch\/media\/cache\/thumb\/images\/companies\/68b9371590c04837652221.png\" alt=\"Logo\">\r\n            <h2 class=\"company-info__name\">Oliveira da Costa Antonio S\u00e0rl<\/h2>\r\n            <p class=\"company-info__business\">Entreprise de peinture - Papiers peints - Carrelage<\/p>\r\n        <\/div>\r\n        <div class=\"company-contact\">\r\n            <p class=\"company-info__address\">Route des Jeunes 4ter<\/p>\r\n                            <div class=\"links\">\r\n                                            <a class=\"btn has-accent-background-color js-phoneNumber\" href=\"tel:0763179793\" title=\"Appelez\" data-id=\"6710\" data-type=\"11\">076 317 97 93<\/a>\r\n                                                        <\/div>\r\n                    <\/div>\r\n    \r\n            \r\n<form action=\"https:\/\/www.artisanlocal.ch\/c\/wp-admin\/admin-ajax.php\" method=\"post\" class=\"form-contact\" id=\"artisan_form_contact_company_inline\">\r\n    <div><input type=\"hidden\" name=\"action\" value=\"company_contact\"><\/div>\r\n    <div><input type=\"hidden\" name=\"nonce\" value=\"bee5a54407\"><\/div>\r\n    <div><input type=\"hidden\" name=\"company_id\" value=\"6710\"><\/div>\r\n    <div><input type=\"hidden\" name=\"form_id\" value=\"artisan_form_contact_company_inline\"><\/div>\r\n    <div class=\"gglcptch gglcptch_v3 gglcptch_custom\"><input type=\"hidden\" id=\"g-recaptcha-response\" name=\"g-recaptcha-response\" \/><br \/><div class=\"gglcptch_error_text\">La p\u00e9riode de v\u00e9rification reCAPTCHA a expir\u00e9. Veuillez recharger la page.<\/div><\/div>    <div class=\"form-content\">\r\n        <div class=\"form-group\">\r\n            <label for=\"contact_firstName\" class=\"required\">Pr\u00e9nom<\/label>\r\n            <input type=\"text\" name=\"firstName\" class=\"form-control\" required>\r\n        <\/div>\r\n        <div class=\"form-group\">\r\n            <label for=\"contact_lastName\" class=\"required\">Nom<\/label>\r\n            <input type=\"text\" name=\"lastName\" class=\"form-control\" required>\r\n        <\/div>\r\n        <div class=\"form-group\">\r\n            <label for=\"contact_email\" class=\"required\">Email<\/label>\r\n            <input type=\"email\" name=\"email\" class=\"form-control\" required>\r\n        <\/div>\r\n        <div class=\"form-group\">\r\n            <label for=\"contact_phone\" class=\"required\">Num\u00e9ro de t\u00e9l\u00e9phone<\/label>\r\n            <input type=\"tel\" name=\"phone\" class=\"form-control\" placeholder=\"0787117165\" pattern=\"^[0-9]{10}$\" required>\r\n        <\/div>\r\n        <div class=\"form-group\">\r\n            <label for=\"contact_postalCode\" class=\"required\">Code postal et localit\u00e9<\/label>\r\n            <input type=\"text\" name=\"postalCode\" class=\"form-control\" required>\r\n        <\/div>\r\n        <div class=\"form-group\">\r\n            <label for=\"contact_address\" class=\"required\">Adresse<\/label>\r\n            <input type=\"text\" name=\"address\" class=\"form-control\" required>\r\n        <\/div>\r\n        <div class=\"full-width topic\">\r\n            <p class=\"required\">Je souhaite \u00eatre contact\u00e9 pour :<\/p>\r\n            <div class=\"form-check\">\r\n                <input type=\"radio\" name=\"topic\" value=\"D\u00e9pannage\" class=\"form-control\" required>\r\n                <label for=\"d\u00e9pannage\">D\u00e9pannage<\/label>\r\n            <\/div>\r\n            <div class=\"form-check\">\r\n                <input type=\"radio\" name=\"topic\" value=\"Entretien\" class=\"form-control\" required>\r\n                <label for=\"entretien\">Entretien<\/label>\r\n            <\/div>\r\n            <div class=\"form-check\">\r\n                <input type=\"radio\" name=\"topic\" value=\"R\u00e9novation\" class=\"form-control\" required>\r\n                <label for=\"r\u00e9novation\">R\u00e9novation<\/label>\r\n            <\/div>\r\n            <div class=\"form-check\">\r\n                <input type=\"radio\" name=\"topic\" value=\"Autre\" class=\"form-control\" required>\r\n                <label for=\"autre\">Autre<\/label>\r\n            <\/div>\r\n        <\/div>\r\n        <div class=\"form-group full-width\">\r\n            <label for=\"contact_message\">Message<\/label>\r\n            <textarea name=\"message\" rows=\"3\" class=\"form-control\"><\/textarea>\r\n        <\/div>\r\n    <\/div>\r\n    <div class=\"form-actions\">\r\n        <button class=\"wp-block-button__link has-accent-background-color\">Contacter<\/button>\r\n    <\/div>\r\n<\/form>\r\n<div class=\"form-feedback\"><\/div>    <\/div><\/p>\n<h2>Quels sont les services que proposent Artisanlocal ?<\/h2>\n<ul>\n<li>Peinture int\u00e9rieure : pour les murs, les plafonds, les moulures, les portes, et dans des lieux comme la salle d&rsquo;eau, le salon et la chambre.<\/li>\n<li>Peinture ext\u00e9rieure : pour les portes de garage, les terrasses, les briques, les bardages, le stuc et les cl\u00f4tures.<\/li>\n<li>Peinture d\u00e9corative : faux marbre, l&rsquo;effet oxyd\u00e9, les patines, le faux bois et l&rsquo;effet vieilli.<\/li>\n<li>Peinture de cuisine : finition satin\u00e9e.<\/li>\n<li>L&rsquo;utilisation d&rsquo;enduits d\u00e9coratifs : b\u00e9ton cir\u00e9, ou tadelakt.<\/li>\n<li>Artiste peintre : conception de fresques murales (ext\u00e9rieur, int\u00e9rieur, artistique ou d\u00e9corative).<\/li>\n<li>Peinture pour le ravalement de fa\u00e7ade : pose d&rsquo;enduit, bardage ou cr\u00e9pi.<\/li>\n<li>Peintre cordiste : travaux de peinture en hauteur, nous intervenons dans les lieus compliqu\u00e9s d\u2019acc\u00e8s, comme les usines, tours, ponts ou \u00e9oliennes.<\/li>\n<li>Peinture de finition : dans votre salle d&rsquo;eau ou sur vos meubles de cuisine.<\/li>\n<li>Les travaux d&rsquo;installation et de restauration : cloisons s\u00e8ches, rebouchage des trous dans les murs ou la r\u00e9novation des fissures.<\/li>\n<li>Retrait et pose de papier peint : \u00e9limination et remplacement de votre ancien papier peint.<\/li>\n<li>Peinture pour les professionnelles : pour les \u00e9tablissements scolaires, bureaux, b\u00e2timents d&rsquo;affaires, restaurants et salles de sports.<\/li>\n<li>Peinture pour b\u00e2timent : nos peintres op\u00e8rent aussi dans les immeubles, pour la pr\u00e9paration des murs et plafonds avant les travaux de peinture, la r\u00e9alisation des travaux de finition et l\u2019application des rev\u00eatements\/peintures.<\/li>\n<\/ul>\n<h2>De quelle mani\u00e8re fonctionne votre soci\u00e9t\u00e9 ?<\/h2>\n<p>Chez Artisanlocal, nous avons cr\u00e9\u00e9 un processus pour r\u00e9pondre aux attentes de nos partenaires.<\/p>\n<h3>\u00c9tape 1\u00a0 : demandez un devis<\/h3>\n<p>Demandez-nous un devis gratuit en ligne ou par t\u00e9l\u00e9phone et obtenez une estimation de vos travaux de peintures dans les 24 heures.<\/p>\n<h3>\u00c9tape 2\u00a0 : \u00e9tudiez en d\u00e9tail le devis<\/h3>\n<p>Ayez la garantie que le devis que vous obtenez d\u00e9termine correctement le prix de vos travaux. En cas de questions, n&rsquo;h\u00e9sitez pas \u00e0 nous contacter pour obtenir des informations compl\u00e9mentaires.<\/p>\n<h3>\u00c9tape 3\u00a0 : fixez la date de commencement<\/h3>\n<p>Une fois que vous avez valid\u00e9 notre devis, nous fixons la date de commencement de votre projet. Afin d&rsquo;assurer la bonne r\u00e9ussite de votre projet, nous vous assignons un chef de projet.<\/p>\n<h2>Combien faut-il payer pour une prestation de peinture \u00e0 Carouge GE ?<\/h2>\n<p>Le prix du service est impact\u00e9 par l&rsquo;\u00e9tat des surfaces \u00e0 peindre. G\u00e9n\u00e9ralement, les prix sont compris entre 60 et 70 CHF par heure. La main-d&rsquo;\u0153uvre constitue environ 80% \u00e0 90% du montant, tandis que le prix de la peinture ne compose que 10% \u00e0 20% du tarif.<\/p>\n<h2>Pourquoi choisir nos peintres \u00e0 Carouge GE ?<\/h2>\n<ul>\n<li>Disponibilit\u00e9 : implant\u00e9s \u00e0 Carouge GE, nos artisans peintres op\u00e8rent rapidement chez vous.<\/li>\n<li>Excellence : en faisant appel \u00e0 notre entreprise, vous avez la garantie de b\u00e9n\u00e9ficier de prestations de qualit\u00e9, effectu\u00e9es avec soin et professionnalisme.<\/li>\n<li>Prix accessibles : nos montants sont \u00e9tudi\u00e9s en fonction de vos besoins et vos moyens financiers.<\/li>\n<li>Services sur mesure : nous prenons en consid\u00e9ration les caract\u00e9ristiques de votre projet pour vous soumettre des solutions personnalis\u00e9es.<\/li>\n<li>Le savoir-faire, nos peintres \u00e0 Carouge GE ont plusieurs expertises, telles que : le lavage et la pr\u00e9paration des surfaces avant la pose de la peinture, l&rsquo;application des multiples couches et la mise en \u0153uvre des touches finales.<\/li>\n<\/ul>\n<h2>Foire aux questions<\/h2>\n<h3>Quelle marque de peinture avez-vous l&rsquo;habitude d&rsquo;utiliser ?<\/h3>\n<p>Nous utilisons des peintures haut de gamme. N\u00e9anmoins, nous pouvons utiliser la peinture que vous avez d\u00e9j\u00e0 en stock.<\/p>\n<h3>Votre entreprise est-elle joignable le week-end ?<\/h3>\n<p>Oui, notre soci\u00e9t\u00e9 intervient les week-ends \u00e0 Carouge GE.<\/p>\n<h3>Assurez-vous la protection des meubles ?<\/h3>\n<p>Oui, nous prot\u00e9geons votre mobilier et votre \u00e9lectrom\u00e9nager durant les travaux. Signalez-nous, tous vos objets fragiles, notre entreprise adoptera des mesures additionnelles.<\/p>\n<h3>Que va-t-il arriver si je ne suis pas content du travail effectu\u00e9 ?<\/h3>\n<p>Si vous n&rsquo;\u00eates pas satisfait de notre travail, nos artisans interviennent de nouveau \u00e0 votre domicile pour r\u00e9gler la situation.<\/p>\n<h3>Vos devis sont-ils gratuits ?<\/h3>\n<p>Oui, nos devis sont gratuits et sans engagements. Si vous voulez plus d&rsquo;informations, un technicien se d\u00e9place chez vous pour expliquer le devis.<\/p>\n<h3>Votre entreprise intervient-elle pr\u00e8s de Carouge GE ?<\/h3>\n<p>Oui, Artisanlocal r\u00e9alise des travaux de peintures \u00e0 Carouge GE, mais aussi dans les villes, comme :<\/p>\nGen\u00e8ve, Grand-Lancy, Petit-Lancy, Onex, A\u00efre, V\u00e9senaz, Cologny, Ch\u00eane-Bougeries, Ch\u00eane-Bourg, Th\u00f4nex, Les Acacias, Plan-les-Ouates, Conches, Confignon, Bernex, Vessy, Cartigny, Avully, Puplinge, Presinge, Choulex, Collonge-Bellerive, Corsier GE, Ani\u00e8res, Hermance, Gy, Meinier, Vandoeuvres, Jussy, Veyrier, Troinex, La Croix-de-Rozon, Perly, Chancy, Athenaz (Avusy), Soral, Laconnex, Aire-la-Ville.\n","protected":false},"excerpt":{"rendered":"<p>Vos plafonds et murs ont besoin d&rsquo;une nouvelle couche de peinture ? Artisanlocal r\u00e9alise tous vos travaux de peinture \u00e0 Carouge GE. Notre entreprise intervient rapidement chez vous et aussi dans les localit\u00e9s proches. Quels sont les services que proposent Artisanlocal ? Peinture int\u00e9rieure : pour les murs, les plafonds, les moulures, les portes, et [&hellip;]<\/p>\n","protected":false},"author":4,"featured_media":2756,"parent":0,"menu_order":0,"comment_status":"closed","ping_status":"closed","template":"","meta":{"footnotes":""},"profession":[121],"location":[96],"canton":[112],"class_list":["post-745","page","type-page","status-publish","has-post-thumbnail","hentry","profession-peintre","location-carouge-ge","canton-ge"],"yoast_head":"<!-- This site is optimized with the Yoast SEO Premium plugin v25.7.1 (Yoast SEO v27.3) - https:\/\/yoast.com\/product\/yoast-seo-premium-wordpress\/ -->\n<title>Peinture \u00e0 Carouge GE - Artisanlocal<\/title>\n<meta name=\"robots\" content=\"index, follow, max-snippet:-1, max-image-preview:large, max-video-preview:-1\" \/>\n<link rel=\"canonical\" href=\"https:\/\/www.artisanlocal.ch\/c\/artisan-peintre-a-carouge\/\" \/>\n<meta property=\"og:locale\" content=\"fr_FR\" \/>\n<meta property=\"og:type\" content=\"article\" \/>\n<meta property=\"og:title\" content=\"Peinture \u00e0 Carouge GE\" \/>\n<meta property=\"og:description\" content=\"Vos plafonds et murs ont besoin d&rsquo;une nouvelle couche de peinture ? Artisanlocal r\u00e9alise tous vos travaux de peinture \u00e0 Carouge GE. Notre entreprise intervient rapidement chez vous et aussi dans les localit\u00e9s proches. Quels sont les services que proposent Artisanlocal ? Peinture int\u00e9rieure : pour les murs, les plafonds, les moulures, les portes, et [&hellip;]\" \/>\n<meta property=\"og:url\" content=\"https:\/\/www.artisanlocal.ch\/c\/artisan-peintre-a-carouge\/\" \/>\n<meta property=\"og:site_name\" content=\"Artisanlocal\" \/>\n<meta property=\"article:modified_time\" content=\"2025-09-18T17:56:20+00:00\" \/>\n<meta property=\"og:image\" content=\"https:\/\/www.artisanlocal.ch\/c\/wp-content\/uploads\/2024\/10\/peintre.jpg\" \/>\n\t<meta property=\"og:image:width\" content=\"1920\" \/>\n\t<meta property=\"og:image:height\" content=\"300\" \/>\n\t<meta property=\"og:image:type\" content=\"image\/jpeg\" \/>\n<meta name=\"twitter:card\" content=\"summary_large_image\" \/>\n<meta name=\"twitter:label1\" content=\"Dur\u00e9e de lecture estim\u00e9e\" \/>\n\t<meta name=\"twitter:data1\" content=\"4 minutes\" \/>\n<script type=\"application\/ld+json\" class=\"yoast-schema-graph\">{\"@context\":\"https:\\\/\\\/schema.org\",\"@graph\":[{\"@type\":\"WebPage\",\"@id\":\"https:\\\/\\\/www.artisanlocal.ch\\\/c\\\/artisan-peintre-a-carouge\\\/\",\"url\":\"https:\\\/\\\/www.artisanlocal.ch\\\/c\\\/artisan-peintre-a-carouge\\\/\",\"name\":\"Peinture \u00e0 Carouge GE - Artisanlocal\",\"isPartOf\":{\"@id\":\"https:\\\/\\\/www.artisanlocal.ch\\\/c\\\/#website\"},\"primaryImageOfPage\":{\"@id\":\"https:\\\/\\\/www.artisanlocal.ch\\\/c\\\/artisan-peintre-a-carouge\\\/#primaryimage\"},\"image\":{\"@id\":\"https:\\\/\\\/www.artisanlocal.ch\\\/c\\\/artisan-peintre-a-carouge\\\/#primaryimage\"},\"thumbnailUrl\":\"https:\\\/\\\/www.artisanlocal.ch\\\/c\\\/wp-content\\\/uploads\\\/2024\\\/10\\\/peintre.jpg\",\"datePublished\":\"2024-04-16T01:30:00+00:00\",\"dateModified\":\"2025-09-18T17:56:20+00:00\",\"breadcrumb\":{\"@id\":\"https:\\\/\\\/www.artisanlocal.ch\\\/c\\\/artisan-peintre-a-carouge\\\/#breadcrumb\"},\"inLanguage\":\"fr-FR\",\"potentialAction\":[{\"@type\":\"ReadAction\",\"target\":[\"https:\\\/\\\/www.artisanlocal.ch\\\/c\\\/artisan-peintre-a-carouge\\\/\"]}]},{\"@type\":\"ImageObject\",\"inLanguage\":\"fr-FR\",\"@id\":\"https:\\\/\\\/www.artisanlocal.ch\\\/c\\\/artisan-peintre-a-carouge\\\/#primaryimage\",\"url\":\"https:\\\/\\\/www.artisanlocal.ch\\\/c\\\/wp-content\\\/uploads\\\/2024\\\/10\\\/peintre.jpg\",\"contentUrl\":\"https:\\\/\\\/www.artisanlocal.ch\\\/c\\\/wp-content\\\/uploads\\\/2024\\\/10\\\/peintre.jpg\",\"width\":1920,\"height\":300},{\"@type\":\"BreadcrumbList\",\"@id\":\"https:\\\/\\\/www.artisanlocal.ch\\\/c\\\/artisan-peintre-a-carouge\\\/#breadcrumb\",\"itemListElement\":[{\"@type\":\"ListItem\",\"position\":1,\"name\":\"Accueil\",\"item\":\"https:\\\/\\\/www.artisanlocal.ch\\\/c\\\/\"},{\"@type\":\"ListItem\",\"position\":2,\"name\":\"Peinture \u00e0 Carouge\"}]},{\"@type\":\"WebSite\",\"@id\":\"https:\\\/\\\/www.artisanlocal.ch\\\/c\\\/#website\",\"url\":\"https:\\\/\\\/www.artisanlocal.ch\\\/c\\\/\",\"name\":\"Artisanlocal\",\"description\":\"\",\"publisher\":{\"@id\":\"https:\\\/\\\/www.artisanlocal.ch\\\/c\\\/#organization\"},\"potentialAction\":[{\"@type\":\"SearchAction\",\"target\":{\"@type\":\"EntryPoint\",\"urlTemplate\":\"https:\\\/\\\/www.artisanlocal.ch\\\/c\\\/?s={search_term_string}\"},\"query-input\":{\"@type\":\"PropertyValueSpecification\",\"valueRequired\":true,\"valueName\":\"search_term_string\"}}],\"inLanguage\":\"fr-FR\"},{\"@type\":\"Organization\",\"@id\":\"https:\\\/\\\/www.artisanlocal.ch\\\/c\\\/#organization\",\"name\":\"Artisanlocal\",\"url\":\"https:\\\/\\\/www.artisanlocal.ch\\\/c\\\/\",\"logo\":{\"@type\":\"ImageObject\",\"inLanguage\":\"fr-FR\",\"@id\":\"https:\\\/\\\/www.artisanlocal.ch\\\/c\\\/#\\\/schema\\\/logo\\\/image\\\/\",\"url\":\"https:\\\/\\\/www.artisanlocal.ch\\\/c\\\/wp-content\\\/uploads\\\/2024\\\/02\\\/logo-artisanlocal-h.svg\",\"contentUrl\":\"https:\\\/\\\/www.artisanlocal.ch\\\/c\\\/wp-content\\\/uploads\\\/2024\\\/02\\\/logo-artisanlocal-h.svg\",\"caption\":\"Artisanlocal\"},\"image\":{\"@id\":\"https:\\\/\\\/www.artisanlocal.ch\\\/c\\\/#\\\/schema\\\/logo\\\/image\\\/\"}}]}<\/script>\n<!-- \/ Yoast SEO Premium plugin. -->","yoast_head_json":{"title":"Peinture \u00e0 Carouge GE - Artisanlocal","robots":{"index":"index","follow":"follow","max-snippet":"max-snippet:-1","max-image-preview":"max-image-preview:large","max-video-preview":"max-video-preview:-1"},"canonical":"https:\/\/www.artisanlocal.ch\/c\/artisan-peintre-a-carouge\/","og_locale":"fr_FR","og_type":"article","og_title":"Peinture \u00e0 Carouge GE","og_description":"Vos plafonds et murs ont besoin d&rsquo;une nouvelle couche de peinture ? Artisanlocal r\u00e9alise tous vos travaux de peinture \u00e0 Carouge GE. Notre entreprise intervient rapidement chez vous et aussi dans les localit\u00e9s proches. Quels sont les services que proposent Artisanlocal ? Peinture int\u00e9rieure : pour les murs, les plafonds, les moulures, les portes, et [&hellip;]","og_url":"https:\/\/www.artisanlocal.ch\/c\/artisan-peintre-a-carouge\/","og_site_name":"Artisanlocal","article_modified_time":"2025-09-18T17:56:20+00:00","og_image":[{"width":1920,"height":300,"url":"https:\/\/www.artisanlocal.ch\/c\/wp-content\/uploads\/2024\/10\/peintre.jpg","type":"image\/jpeg"}],"twitter_card":"summary_large_image","twitter_misc":{"Dur\u00e9e de lecture estim\u00e9e":"4 minutes"},"schema":{"@context":"https:\/\/schema.org","@graph":[{"@type":"WebPage","@id":"https:\/\/www.artisanlocal.ch\/c\/artisan-peintre-a-carouge\/","url":"https:\/\/www.artisanlocal.ch\/c\/artisan-peintre-a-carouge\/","name":"Peinture \u00e0 Carouge GE - Artisanlocal","isPartOf":{"@id":"https:\/\/www.artisanlocal.ch\/c\/#website"},"primaryImageOfPage":{"@id":"https:\/\/www.artisanlocal.ch\/c\/artisan-peintre-a-carouge\/#primaryimage"},"image":{"@id":"https:\/\/www.artisanlocal.ch\/c\/artisan-peintre-a-carouge\/#primaryimage"},"thumbnailUrl":"https:\/\/www.artisanlocal.ch\/c\/wp-content\/uploads\/2024\/10\/peintre.jpg","datePublished":"2024-04-16T01:30:00+00:00","dateModified":"2025-09-18T17:56:20+00:00","breadcrumb":{"@id":"https:\/\/www.artisanlocal.ch\/c\/artisan-peintre-a-carouge\/#breadcrumb"},"inLanguage":"fr-FR","potentialAction":[{"@type":"ReadAction","target":["https:\/\/www.artisanlocal.ch\/c\/artisan-peintre-a-carouge\/"]}]},{"@type":"ImageObject","inLanguage":"fr-FR","@id":"https:\/\/www.artisanlocal.ch\/c\/artisan-peintre-a-carouge\/#primaryimage","url":"https:\/\/www.artisanlocal.ch\/c\/wp-content\/uploads\/2024\/10\/peintre.jpg","contentUrl":"https:\/\/www.artisanlocal.ch\/c\/wp-content\/uploads\/2024\/10\/peintre.jpg","width":1920,"height":300},{"@type":"BreadcrumbList","@id":"https:\/\/www.artisanlocal.ch\/c\/artisan-peintre-a-carouge\/#breadcrumb","itemListElement":[{"@type":"ListItem","position":1,"name":"Accueil","item":"https:\/\/www.artisanlocal.ch\/c\/"},{"@type":"ListItem","position":2,"name":"Peinture \u00e0 Carouge"}]},{"@type":"WebSite","@id":"https:\/\/www.artisanlocal.ch\/c\/#website","url":"https:\/\/www.artisanlocal.ch\/c\/","name":"Artisanlocal","description":"","publisher":{"@id":"https:\/\/www.artisanlocal.ch\/c\/#organization"},"potentialAction":[{"@type":"SearchAction","target":{"@type":"EntryPoint","urlTemplate":"https:\/\/www.artisanlocal.ch\/c\/?s={search_term_string}"},"query-input":{"@type":"PropertyValueSpecification","valueRequired":true,"valueName":"search_term_string"}}],"inLanguage":"fr-FR"},{"@type":"Organization","@id":"https:\/\/www.artisanlocal.ch\/c\/#organization","name":"Artisanlocal","url":"https:\/\/www.artisanlocal.ch\/c\/","logo":{"@type":"ImageObject","inLanguage":"fr-FR","@id":"https:\/\/www.artisanlocal.ch\/c\/#\/schema\/logo\/image\/","url":"https:\/\/www.artisanlocal.ch\/c\/wp-content\/uploads\/2024\/02\/logo-artisanlocal-h.svg","contentUrl":"https:\/\/www.artisanlocal.ch\/c\/wp-content\/uploads\/2024\/02\/logo-artisanlocal-h.svg","caption":"Artisanlocal"},"image":{"@id":"https:\/\/www.artisanlocal.ch\/c\/#\/schema\/logo\/image\/"}}]}},"_links":{"self":[{"href":"https:\/\/www.artisanlocal.ch\/c\/wp-json\/wp\/v2\/pages\/745","targetHints":{"allow":["GET"]}}],"collection":[{"href":"https:\/\/www.artisanlocal.ch\/c\/wp-json\/wp\/v2\/pages"}],"about":[{"href":"https:\/\/www.artisanlocal.ch\/c\/wp-json\/wp\/v2\/types\/page"}],"author":[{"embeddable":true,"href":"https:\/\/www.artisanlocal.ch\/c\/wp-json\/wp\/v2\/users\/4"}],"replies":[{"embeddable":true,"href":"https:\/\/www.artisanlocal.ch\/c\/wp-json\/wp\/v2\/comments?post=745"}],"version-history":[{"count":0,"href":"https:\/\/www.artisanlocal.ch\/c\/wp-json\/wp\/v2\/pages\/745\/revisions"}],"wp:featuredmedia":[{"embeddable":true,"href":"https:\/\/www.artisanlocal.ch\/c\/wp-json\/wp\/v2\/media\/2756"}],"wp:attachment":[{"href":"https:\/\/www.artisanlocal.ch\/c\/wp-json\/wp\/v2\/media?parent=745"}],"wp:term":[{"taxonomy":"profession","embeddable":true,"href":"https:\/\/www.artisanlocal.ch\/c\/wp-json\/wp\/v2\/profession?post=745"},{"taxonomy":"location","embeddable":true,"href":"https:\/\/www.artisanlocal.ch\/c\/wp-json\/wp\/v2\/location?post=745"},{"taxonomy":"canton","embeddable":true,"href":"https:\/\/www.artisanlocal.ch\/c\/wp-json\/wp\/v2\/canton?post=745"}],"curies":[{"name":"wp","href":"https:\/\/api.w.org\/{rel}","templated":true}]}}