{"id":748,"date":"2024-04-16T15:36:24","date_gmt":"2024-04-16T13:36:24","guid":{"rendered":"https:\/\/www.artisanlocal.ch\/c\/societe-de-peintre-a-penthalaz\/"},"modified":"2025-09-18T12:34:03","modified_gmt":"2025-09-18T10:34:03","slug":"societe-de-peintre-a-penthalaz","status":"publish","type":"page","link":"https:\/\/www.artisanlocal.ch\/c\/societe-de-peintre-a-penthalaz\/","title":{"rendered":"Peintre \u00e0 Penthalaz"},"content":{"rendered":"<p>Besoin d&rsquo;un peintre \u00e0 Penthalaz ? Contactez Artisanlocal, nous proposons des services de qualit\u00e9, de la pr\u00e9paration aux finitions de vos peintures, nous nous adaptons \u00e0 vos horaires et nous intervenons rapidement chez vous \u00e0 Penthalaz et dans les villes aux alentours.<\/p>\n\r\n<div class=\"box\">\r\n            <div class=\"company-info\">\r\n            <img decoding=\"async\" class=\"company-info__logo\" src=\"https:\/\/www.artisanlocal.ch\/media\/cache\/thumb\/images\/companies\/67c5735cb7708626022379.png\" alt=\"Logo\">\r\n            <h2 class=\"company-info__name\">Eco R\u00e9no S\u00e0rl<\/h2>\r\n            <p class=\"company-info__business\">Entreprise de peinture - Pl\u00e2trerie - R\u00e9novation<\/p>\r\n        <\/div>\r\n        <div class=\"company-contact\">\r\n            <p class=\"company-info__address\">Rue de l'Industrie 12<\/p>\r\n                            <div class=\"links\">\r\n                                            <a class=\"btn has-accent-background-color js-phoneNumber\" href=\"tel:0794599596\" title=\"Appelez\" data-id=\"2837\" data-type=\"11\">079 459 95 96<\/a>\r\n                                                        <\/div>\r\n                    <\/div>\r\n    \r\n            \r\n<form action=\"https:\/\/www.artisanlocal.ch\/c\/wp-admin\/admin-ajax.php\" method=\"post\" class=\"form-contact\" id=\"artisan_form_contact_company_inline\">\r\n    <div><input type=\"hidden\" name=\"action\" value=\"company_contact\"><\/div>\r\n    <div><input type=\"hidden\" name=\"nonce\" value=\"67a23a8c67\"><\/div>\r\n    <div><input type=\"hidden\" name=\"company_id\" value=\"2837\"><\/div>\r\n    <div><input type=\"hidden\" name=\"form_id\" value=\"artisan_form_contact_company_inline\"><\/div>\r\n    <div class=\"gglcptch gglcptch_v3 gglcptch_custom\"><input type=\"hidden\" id=\"g-recaptcha-response\" name=\"g-recaptcha-response\" \/><br \/><div class=\"gglcptch_error_text\">La p\u00e9riode de v\u00e9rification reCAPTCHA a expir\u00e9. Veuillez recharger la page.<\/div><\/div>    <div class=\"form-content\">\r\n        <div class=\"form-group\">\r\n            <label for=\"contact_firstName\" class=\"required\">Pr\u00e9nom<\/label>\r\n            <input type=\"text\" name=\"firstName\" class=\"form-control\" required>\r\n        <\/div>\r\n        <div class=\"form-group\">\r\n            <label for=\"contact_lastName\" class=\"required\">Nom<\/label>\r\n            <input type=\"text\" name=\"lastName\" class=\"form-control\" required>\r\n        <\/div>\r\n        <div class=\"form-group\">\r\n            <label for=\"contact_email\" class=\"required\">Email<\/label>\r\n            <input type=\"email\" name=\"email\" class=\"form-control\" required>\r\n        <\/div>\r\n        <div class=\"form-group\">\r\n            <label for=\"contact_phone\" class=\"required\">Num\u00e9ro de t\u00e9l\u00e9phone<\/label>\r\n            <input type=\"tel\" name=\"phone\" class=\"form-control\" placeholder=\"0787117165\" pattern=\"^[0-9]{10}$\" required>\r\n        <\/div>\r\n        <div class=\"form-group\">\r\n            <label for=\"contact_postalCode\" class=\"required\">Code postal et localit\u00e9<\/label>\r\n            <input type=\"text\" name=\"postalCode\" class=\"form-control\" required>\r\n        <\/div>\r\n        <div class=\"form-group\">\r\n            <label for=\"contact_address\" class=\"required\">Adresse<\/label>\r\n            <input type=\"text\" name=\"address\" class=\"form-control\" required>\r\n        <\/div>\r\n        <div class=\"full-width topic\">\r\n            <p class=\"required\">Je souhaite \u00eatre contact\u00e9 pour :<\/p>\r\n            <div class=\"form-check\">\r\n                <input type=\"radio\" name=\"topic\" value=\"D\u00e9pannage\" class=\"form-control\" required>\r\n                <label for=\"d\u00e9pannage\">D\u00e9pannage<\/label>\r\n            <\/div>\r\n            <div class=\"form-check\">\r\n                <input type=\"radio\" name=\"topic\" value=\"Entretien\" class=\"form-control\" required>\r\n                <label for=\"entretien\">Entretien<\/label>\r\n            <\/div>\r\n            <div class=\"form-check\">\r\n                <input type=\"radio\" name=\"topic\" value=\"R\u00e9novation\" class=\"form-control\" required>\r\n                <label for=\"r\u00e9novation\">R\u00e9novation<\/label>\r\n            <\/div>\r\n            <div class=\"form-check\">\r\n                <input type=\"radio\" name=\"topic\" value=\"Autre\" class=\"form-control\" required>\r\n                <label for=\"autre\">Autre<\/label>\r\n            <\/div>\r\n        <\/div>\r\n        <div class=\"form-group full-width\">\r\n            <label for=\"contact_message\">Message<\/label>\r\n            <textarea name=\"message\" rows=\"3\" class=\"form-control\"><\/textarea>\r\n        <\/div>\r\n    <\/div>\r\n    <div class=\"form-actions\">\r\n        <button class=\"wp-block-button__link has-accent-background-color\">Contacter<\/button>\r\n    <\/div>\r\n<\/form>\r\n<div class=\"form-feedback\"><\/div>    <\/div>\n<h2>Quels sont les services que votre soci\u00e9t\u00e9 propose ?<\/h2>\n<ul>\n<li>Peinture int\u00e9rieure : sur vos plafonds, murs, moulures, portes, ou dans vos pi\u00e8ces, comme votre salle de bain, chambre ou salon.<\/li>\n<li>Peinture ext\u00e9rieure : application d&rsquo;une nouvelle couche de peinture sur les terrasses, le bardage, les cl\u00f4tures, les briques, le stuc et les portes de votre parking.<\/li>\n<li>Peinture d\u00e9corative : pour cr\u00e9er des effets visuels comme le faux marbre, les patines, l&rsquo;effet vieilli, le faux bois et l&rsquo;effet oxyd\u00e9.<\/li>\n<li>Peinture pour cuisine : application d&rsquo;une couche, comme la peinture satin\u00e9e, qui est facile \u00e0 nettoyer.<\/li>\n<li>Les enduits d\u00e9coratifs : ajout b\u00e9ton cir\u00e9 ou tadelakt, ou des enduits.<\/li>\n<li>Peinture d\u00e9corative : r\u00e9alisation de fresques murales, artistiques, d\u00e9coratives, int\u00e9rieures ou ext\u00e9rieures.<\/li>\n<li>Peinture pour ravalement de fa\u00e7ade : restauration des fa\u00e7ades de b\u00e2timents avec bardage, enduit, peinture ou cr\u00e9pi.<\/li>\n<li>La pose de peinture sur des zones en hauteur : nos artisans peintres op\u00e8rent dans des emplacements difficiles comme les ponts, les usines ou les tours.<\/li>\n<li>Finition de peinture : application d\u2019une peinture de finition sur votre mobilier de coin cuisine ou de votre salle d&rsquo;eau.<\/li>\n<li>Les services d&rsquo;installation et de r\u00e9novation : le comblement des fissures, la mise en place de votre placo, ou le rebouchage des trous dans les murs.<\/li>\n<li>Installation et suppression de l&rsquo;ancien de votre tapisserie : changement et d\u00e9collage de votre ancien papier peint.<\/li>\n<li>Peinture pour les professionnelles : pour les espaces de travail, restaurants, \u00e9coles, complexes sportifs et autres biens immobiliers pour les professionnels.<\/li>\n<li>Peinture pour b\u00e2timent : pour la pr\u00e9paration des surfaces avant la peinture, la r\u00e9alisation des travaux de finition et la pose des peintures et rev\u00eatements.<\/li>\n<\/ul>\n<h2>Quel est le mode de fonctionnement de votre entreprise ?<\/h2>\n<p>Nous avons cr\u00e9\u00e9 une m\u00e9thodologie pour r\u00e9pondre de fa\u00e7on pr\u00e9cise aux d\u00e9sirs de nos clients.<\/p>\n<h3>\u00c9tape 1\u00a0 : recevez un devis<\/h3>\n<p>Recevez devis sans frais en ligne ou par t\u00e9l\u00e9phone et obtenez un devis de vos travaux rapidement.<\/p>\n<h3>\u00c9tape 2\u00a0 : examinez votre devis<\/h3>\n<p>Soyez s\u00fbr que le devis que vous obtenez d\u00e9finit correctement le montant de votre projet de peinture. Si vous avez un doute, contactez-nous pour obtenir plus d&rsquo;informations sur les \u00e9l\u00e9ments de votre devis.<\/p>\n<h3>\u00c9tape 3\u00a0 : programmez la date de d\u00e9but de votre projet<\/h3>\n<p>D\u00e8s que vous avez approuv\u00e9 le devis, nous fixons ensemble la date de d\u00e9marrage de votre projet. Pour atteindre vos objectifs, nous vous attribuons un chef de projet.<\/p>\n<h2>Quel est le montant d&rsquo;un service de peinture \u00e0 Penthalaz ?<\/h2>\n<p>Le prix du service est impact\u00e9 par l&rsquo;\u00e9tat de vos murs et plafonds. G\u00e9n\u00e9ralement, les prix varient entre 60 et 70 CHF par heure. La main-d&rsquo;\u0153uvre constitue environ 80% \u00e0 90% du prix total, tandis que le prix des travaux peinture ne constitue que 10% \u00e0 20% du prix.<\/p>\n<h2>Pourquoi choisir nos peintres \u00e0 Penthalaz ?<\/h2>\n<ul>\n<li>Disponibilit\u00e9 : localis\u00e9s \u00e0 Penthalaz, nos artisans peintres arrivent d\u00e8s que possible dans votre foyer.<\/li>\n<li>Excellence : en choisissant notre entreprise, vous choisissez la qualit\u00e9 et le savoir-faire.<\/li>\n<li>Prix abordables : nous avez des prix comp\u00e9titifs, adapt\u00e9s \u00e0 vos moyens et \u00e0 vos demandes.<\/li>\n<li>Prestations adapt\u00e9es : nous prenons en consid\u00e9ration les caract\u00e9ristiques de votre projet afin de vous offrir des prestations adapt\u00e9es.<\/li>\n<li>Expertise de nos peintres \u00e0 Penthalaz, comme : la pr\u00e9paration avant la pose de peinture, l&rsquo;application des multiples couches et la mise en \u0153uvre des finitions.<\/li>\n<\/ul>\n<h2>FAQ<\/h2>\n<h3>Quelle peinture est-ce que vous utilisez ?<\/h3>\n<p>Nous appliquons uniquement des peintures haut de gamme. Les pots de peinture que vous avez pay\u00e9s peuvent \u00eatre aussi appliqu\u00e9s par nos peintres.<\/p>\n<h3>Votre \u00e9quipe est-elle disponible le week-end ?<\/h3>\n<p>Oui, notre entreprise est disponible les week-ends \u00e0 Penthalaz.<\/p>\n<h3>Les meubles sont-ils couverts lors de votre intervention ?<\/h3>\n<p>Oui, nous apportons le mat\u00e9riel n\u00e9cessaire pour garantir que vos meubles et votre \u00e9lectrom\u00e9nager soient pr\u00e9serv\u00e9s durant nos travaux. Notifiez-nous avant de commencer, tous vos objets fragiles, notre entreprise adoptera des mesures additionnelles.<\/p>\n<h3>Quelles sont les solutions si je trouve le travail effectu\u00e9 insuffisant ?<\/h3>\n<p>Dans le cas o\u00f9 vous ne seriez pas satisfait de notre travail, nous interviendrons de nouveau \u00e0 votre domicile pour corriger les manques jusqu&rsquo;\u00e0 ce que vous soyez satisfait.<\/p>\n<h3>Vos devis sont gratuits ?<\/h3>\n<p>Oui, nos devis sont 100% gratuits et sans engagements. Nos peintres peuvent se d\u00e9placer dans votre foyer pour r\u00e9pondre \u00e0 vos questions et valider le devis avec vous.<\/p>\n<h3>Vos services s&rsquo;\u00e9tendent-ils aux villes proches de Penthalaz ?<\/h3>\n<p>Oui, nous op\u00e9rons \u00e0 Penthalaz, mais aussi dans les villes proches, comme :<\/p>\nMex VD, Boussens, Bournens, Sullens, Bettens, Cottens VD, Grancy, Gollion, S\u00e9very, Pampigny, Montricher, Chavannes-le-Veyron, Cuarnens, L'Isle, La Coudre, Villars-Bozon, Mauraz, Moiry VD, Mont-la-Ville, Vufflens-la-Ville, Penthaz, Allens, Cossonay-Ville, Dizy, Senarclens, Daillens, Lussery-Villars, La Chaux (Cossonay), Ecl\u00e9pens, Ferreyres, La Sarraz, Chevilly, Orny, Pompaples.\n","protected":false},"excerpt":{"rendered":"<p>Besoin d&rsquo;un peintre \u00e0 Penthalaz ? Contactez Artisanlocal, nous proposons des services de qualit\u00e9, de la pr\u00e9paration aux finitions de vos peintures, nous nous adaptons \u00e0 vos horaires et nous intervenons rapidement chez vous \u00e0 Penthalaz et dans les villes aux alentours. Quels sont les services que votre soci\u00e9t\u00e9 propose ? Peinture int\u00e9rieure : sur [&hellip;]<\/p>\n","protected":false},"author":4,"featured_media":2756,"parent":0,"menu_order":0,"comment_status":"closed","ping_status":"closed","template":"","meta":{"footnotes":""},"profession":[121],"location":[99],"canton":[113],"class_list":["post-748","page","type-page","status-publish","has-post-thumbnail","hentry","profession-peintre","location-penthalaz","canton-vd"],"yoast_head":"<!-- This site is optimized with the Yoast SEO Premium plugin v25.7.1 (Yoast SEO v27.3) - https:\/\/yoast.com\/product\/yoast-seo-premium-wordpress\/ -->\n<title>Peintre \u00e0 Penthalaz - Artisanlocal<\/title>\n<meta name=\"robots\" content=\"index, follow, max-snippet:-1, max-image-preview:large, max-video-preview:-1\" \/>\n<link rel=\"canonical\" href=\"https:\/\/www.artisanlocal.ch\/c\/societe-de-peintre-a-penthalaz\/\" \/>\n<meta property=\"og:locale\" content=\"fr_FR\" \/>\n<meta property=\"og:type\" content=\"article\" \/>\n<meta property=\"og:title\" content=\"Peintre \u00e0 Penthalaz\" \/>\n<meta property=\"og:description\" content=\"Besoin d&rsquo;un peintre \u00e0 Penthalaz ? Contactez Artisanlocal, nous proposons des services de qualit\u00e9, de la pr\u00e9paration aux finitions de vos peintures, nous nous adaptons \u00e0 vos horaires et nous intervenons rapidement chez vous \u00e0 Penthalaz et dans les villes aux alentours. Quels sont les services que votre soci\u00e9t\u00e9 propose ? Peinture int\u00e9rieure : sur [&hellip;]\" \/>\n<meta property=\"og:url\" content=\"https:\/\/www.artisanlocal.ch\/c\/societe-de-peintre-a-penthalaz\/\" \/>\n<meta property=\"og:site_name\" content=\"Artisanlocal\" \/>\n<meta property=\"article:modified_time\" content=\"2025-09-18T10:34:03+00:00\" \/>\n<meta property=\"og:image\" content=\"https:\/\/www.artisanlocal.ch\/c\/wp-content\/uploads\/2024\/10\/peintre.jpg\" \/>\n\t<meta property=\"og:image:width\" content=\"1920\" \/>\n\t<meta property=\"og:image:height\" content=\"300\" \/>\n\t<meta property=\"og:image:type\" content=\"image\/jpeg\" \/>\n<meta name=\"twitter:card\" content=\"summary_large_image\" \/>\n<meta name=\"twitter:label1\" content=\"Dur\u00e9e de lecture estim\u00e9e\" \/>\n\t<meta name=\"twitter:data1\" content=\"5 minutes\" \/>\n<script type=\"application\/ld+json\" class=\"yoast-schema-graph\">{\"@context\":\"https:\\\/\\\/schema.org\",\"@graph\":[{\"@type\":\"WebPage\",\"@id\":\"https:\\\/\\\/www.artisanlocal.ch\\\/c\\\/societe-de-peintre-a-penthalaz\\\/\",\"url\":\"https:\\\/\\\/www.artisanlocal.ch\\\/c\\\/societe-de-peintre-a-penthalaz\\\/\",\"name\":\"Peintre \u00e0 Penthalaz - Artisanlocal\",\"isPartOf\":{\"@id\":\"https:\\\/\\\/www.artisanlocal.ch\\\/c\\\/#website\"},\"primaryImageOfPage\":{\"@id\":\"https:\\\/\\\/www.artisanlocal.ch\\\/c\\\/societe-de-peintre-a-penthalaz\\\/#primaryimage\"},\"image\":{\"@id\":\"https:\\\/\\\/www.artisanlocal.ch\\\/c\\\/societe-de-peintre-a-penthalaz\\\/#primaryimage\"},\"thumbnailUrl\":\"https:\\\/\\\/www.artisanlocal.ch\\\/c\\\/wp-content\\\/uploads\\\/2024\\\/10\\\/peintre.jpg\",\"datePublished\":\"2024-04-16T13:36:24+00:00\",\"dateModified\":\"2025-09-18T10:34:03+00:00\",\"breadcrumb\":{\"@id\":\"https:\\\/\\\/www.artisanlocal.ch\\\/c\\\/societe-de-peintre-a-penthalaz\\\/#breadcrumb\"},\"inLanguage\":\"fr-FR\",\"potentialAction\":[{\"@type\":\"ReadAction\",\"target\":[\"https:\\\/\\\/www.artisanlocal.ch\\\/c\\\/societe-de-peintre-a-penthalaz\\\/\"]}]},{\"@type\":\"ImageObject\",\"inLanguage\":\"fr-FR\",\"@id\":\"https:\\\/\\\/www.artisanlocal.ch\\\/c\\\/societe-de-peintre-a-penthalaz\\\/#primaryimage\",\"url\":\"https:\\\/\\\/www.artisanlocal.ch\\\/c\\\/wp-content\\\/uploads\\\/2024\\\/10\\\/peintre.jpg\",\"contentUrl\":\"https:\\\/\\\/www.artisanlocal.ch\\\/c\\\/wp-content\\\/uploads\\\/2024\\\/10\\\/peintre.jpg\",\"width\":1920,\"height\":300},{\"@type\":\"BreadcrumbList\",\"@id\":\"https:\\\/\\\/www.artisanlocal.ch\\\/c\\\/societe-de-peintre-a-penthalaz\\\/#breadcrumb\",\"itemListElement\":[{\"@type\":\"ListItem\",\"position\":1,\"name\":\"Accueil\",\"item\":\"https:\\\/\\\/www.artisanlocal.ch\\\/c\\\/\"},{\"@type\":\"ListItem\",\"position\":2,\"name\":\"Peintre \u00e0 Penthalaz\"}]},{\"@type\":\"WebSite\",\"@id\":\"https:\\\/\\\/www.artisanlocal.ch\\\/c\\\/#website\",\"url\":\"https:\\\/\\\/www.artisanlocal.ch\\\/c\\\/\",\"name\":\"Artisanlocal\",\"description\":\"\",\"publisher\":{\"@id\":\"https:\\\/\\\/www.artisanlocal.ch\\\/c\\\/#organization\"},\"potentialAction\":[{\"@type\":\"SearchAction\",\"target\":{\"@type\":\"EntryPoint\",\"urlTemplate\":\"https:\\\/\\\/www.artisanlocal.ch\\\/c\\\/?s={search_term_string}\"},\"query-input\":{\"@type\":\"PropertyValueSpecification\",\"valueRequired\":true,\"valueName\":\"search_term_string\"}}],\"inLanguage\":\"fr-FR\"},{\"@type\":\"Organization\",\"@id\":\"https:\\\/\\\/www.artisanlocal.ch\\\/c\\\/#organization\",\"name\":\"Artisanlocal\",\"url\":\"https:\\\/\\\/www.artisanlocal.ch\\\/c\\\/\",\"logo\":{\"@type\":\"ImageObject\",\"inLanguage\":\"fr-FR\",\"@id\":\"https:\\\/\\\/www.artisanlocal.ch\\\/c\\\/#\\\/schema\\\/logo\\\/image\\\/\",\"url\":\"https:\\\/\\\/www.artisanlocal.ch\\\/c\\\/wp-content\\\/uploads\\\/2024\\\/02\\\/logo-artisanlocal-h.svg\",\"contentUrl\":\"https:\\\/\\\/www.artisanlocal.ch\\\/c\\\/wp-content\\\/uploads\\\/2024\\\/02\\\/logo-artisanlocal-h.svg\",\"caption\":\"Artisanlocal\"},\"image\":{\"@id\":\"https:\\\/\\\/www.artisanlocal.ch\\\/c\\\/#\\\/schema\\\/logo\\\/image\\\/\"}}]}<\/script>\n<!-- \/ Yoast SEO Premium plugin. -->","yoast_head_json":{"title":"Peintre \u00e0 Penthalaz - Artisanlocal","robots":{"index":"index","follow":"follow","max-snippet":"max-snippet:-1","max-image-preview":"max-image-preview:large","max-video-preview":"max-video-preview:-1"},"canonical":"https:\/\/www.artisanlocal.ch\/c\/societe-de-peintre-a-penthalaz\/","og_locale":"fr_FR","og_type":"article","og_title":"Peintre \u00e0 Penthalaz","og_description":"Besoin d&rsquo;un peintre \u00e0 Penthalaz ? Contactez Artisanlocal, nous proposons des services de qualit\u00e9, de la pr\u00e9paration aux finitions de vos peintures, nous nous adaptons \u00e0 vos horaires et nous intervenons rapidement chez vous \u00e0 Penthalaz et dans les villes aux alentours. Quels sont les services que votre soci\u00e9t\u00e9 propose ? Peinture int\u00e9rieure : sur [&hellip;]","og_url":"https:\/\/www.artisanlocal.ch\/c\/societe-de-peintre-a-penthalaz\/","og_site_name":"Artisanlocal","article_modified_time":"2025-09-18T10:34:03+00:00","og_image":[{"width":1920,"height":300,"url":"https:\/\/www.artisanlocal.ch\/c\/wp-content\/uploads\/2024\/10\/peintre.jpg","type":"image\/jpeg"}],"twitter_card":"summary_large_image","twitter_misc":{"Dur\u00e9e de lecture estim\u00e9e":"5 minutes"},"schema":{"@context":"https:\/\/schema.org","@graph":[{"@type":"WebPage","@id":"https:\/\/www.artisanlocal.ch\/c\/societe-de-peintre-a-penthalaz\/","url":"https:\/\/www.artisanlocal.ch\/c\/societe-de-peintre-a-penthalaz\/","name":"Peintre \u00e0 Penthalaz - Artisanlocal","isPartOf":{"@id":"https:\/\/www.artisanlocal.ch\/c\/#website"},"primaryImageOfPage":{"@id":"https:\/\/www.artisanlocal.ch\/c\/societe-de-peintre-a-penthalaz\/#primaryimage"},"image":{"@id":"https:\/\/www.artisanlocal.ch\/c\/societe-de-peintre-a-penthalaz\/#primaryimage"},"thumbnailUrl":"https:\/\/www.artisanlocal.ch\/c\/wp-content\/uploads\/2024\/10\/peintre.jpg","datePublished":"2024-04-16T13:36:24+00:00","dateModified":"2025-09-18T10:34:03+00:00","breadcrumb":{"@id":"https:\/\/www.artisanlocal.ch\/c\/societe-de-peintre-a-penthalaz\/#breadcrumb"},"inLanguage":"fr-FR","potentialAction":[{"@type":"ReadAction","target":["https:\/\/www.artisanlocal.ch\/c\/societe-de-peintre-a-penthalaz\/"]}]},{"@type":"ImageObject","inLanguage":"fr-FR","@id":"https:\/\/www.artisanlocal.ch\/c\/societe-de-peintre-a-penthalaz\/#primaryimage","url":"https:\/\/www.artisanlocal.ch\/c\/wp-content\/uploads\/2024\/10\/peintre.jpg","contentUrl":"https:\/\/www.artisanlocal.ch\/c\/wp-content\/uploads\/2024\/10\/peintre.jpg","width":1920,"height":300},{"@type":"BreadcrumbList","@id":"https:\/\/www.artisanlocal.ch\/c\/societe-de-peintre-a-penthalaz\/#breadcrumb","itemListElement":[{"@type":"ListItem","position":1,"name":"Accueil","item":"https:\/\/www.artisanlocal.ch\/c\/"},{"@type":"ListItem","position":2,"name":"Peintre \u00e0 Penthalaz"}]},{"@type":"WebSite","@id":"https:\/\/www.artisanlocal.ch\/c\/#website","url":"https:\/\/www.artisanlocal.ch\/c\/","name":"Artisanlocal","description":"","publisher":{"@id":"https:\/\/www.artisanlocal.ch\/c\/#organization"},"potentialAction":[{"@type":"SearchAction","target":{"@type":"EntryPoint","urlTemplate":"https:\/\/www.artisanlocal.ch\/c\/?s={search_term_string}"},"query-input":{"@type":"PropertyValueSpecification","valueRequired":true,"valueName":"search_term_string"}}],"inLanguage":"fr-FR"},{"@type":"Organization","@id":"https:\/\/www.artisanlocal.ch\/c\/#organization","name":"Artisanlocal","url":"https:\/\/www.artisanlocal.ch\/c\/","logo":{"@type":"ImageObject","inLanguage":"fr-FR","@id":"https:\/\/www.artisanlocal.ch\/c\/#\/schema\/logo\/image\/","url":"https:\/\/www.artisanlocal.ch\/c\/wp-content\/uploads\/2024\/02\/logo-artisanlocal-h.svg","contentUrl":"https:\/\/www.artisanlocal.ch\/c\/wp-content\/uploads\/2024\/02\/logo-artisanlocal-h.svg","caption":"Artisanlocal"},"image":{"@id":"https:\/\/www.artisanlocal.ch\/c\/#\/schema\/logo\/image\/"}}]}},"_links":{"self":[{"href":"https:\/\/www.artisanlocal.ch\/c\/wp-json\/wp\/v2\/pages\/748","targetHints":{"allow":["GET"]}}],"collection":[{"href":"https:\/\/www.artisanlocal.ch\/c\/wp-json\/wp\/v2\/pages"}],"about":[{"href":"https:\/\/www.artisanlocal.ch\/c\/wp-json\/wp\/v2\/types\/page"}],"author":[{"embeddable":true,"href":"https:\/\/www.artisanlocal.ch\/c\/wp-json\/wp\/v2\/users\/4"}],"replies":[{"embeddable":true,"href":"https:\/\/www.artisanlocal.ch\/c\/wp-json\/wp\/v2\/comments?post=748"}],"version-history":[{"count":0,"href":"https:\/\/www.artisanlocal.ch\/c\/wp-json\/wp\/v2\/pages\/748\/revisions"}],"wp:featuredmedia":[{"embeddable":true,"href":"https:\/\/www.artisanlocal.ch\/c\/wp-json\/wp\/v2\/media\/2756"}],"wp:attachment":[{"href":"https:\/\/www.artisanlocal.ch\/c\/wp-json\/wp\/v2\/media?parent=748"}],"wp:term":[{"taxonomy":"profession","embeddable":true,"href":"https:\/\/www.artisanlocal.ch\/c\/wp-json\/wp\/v2\/profession?post=748"},{"taxonomy":"location","embeddable":true,"href":"https:\/\/www.artisanlocal.ch\/c\/wp-json\/wp\/v2\/location?post=748"},{"taxonomy":"canton","embeddable":true,"href":"https:\/\/www.artisanlocal.ch\/c\/wp-json\/wp\/v2\/canton?post=748"}],"curies":[{"name":"wp","href":"https:\/\/api.w.org\/{rel}","templated":true}]}}