{"id":749,"date":"2024-04-16T23:37:37","date_gmt":"2024-04-16T21:37:37","guid":{"rendered":"https:\/\/www.artisanlocal.ch\/c\/societe-de-peintre-a-grandson\/"},"modified":"2025-11-27T15:52:08","modified_gmt":"2025-11-27T14:52:08","slug":"societe-de-peintre-a-grandson","status":"publish","type":"page","link":"https:\/\/www.artisanlocal.ch\/c\/societe-de-peintre-a-grandson\/","title":{"rendered":"Entreprise de Peinture \u00e0 Grandson"},"content":{"rendered":"<p>Besoin d&rsquo;une entreprise de peinture \u00e0 Grandson ? Artisanlocal propose des services de peinture int\u00e9rieure et ext\u00e9rieure \u00e0 Granson et dans les villes proches.<br \/>\n\r\n<div class=\"box\">\r\n            <div class=\"company-info\">\r\n            <img decoding=\"async\" class=\"company-info__logo\" src=\"https:\/\/www.artisanlocal.ch\/media\/cache\/thumb\/images\/companies\/62024bd5bf404401090995.png\" alt=\"Logo\">\r\n            <h2 class=\"company-info__name\">Roy fr\u00e8res SNC<\/h2>\r\n            <p class=\"company-info__business\">Entreprise de Peinture - Pl\u00e2trerie - Isolation<\/p>\r\n        <\/div>\r\n        <div class=\"company-contact\">\r\n            <p class=\"company-info__address\">Chemin de Cotty 13<\/p>\r\n                            <div class=\"links\">\r\n                                            <a class=\"btn has-accent-background-color js-phoneNumber\" href=\"tel:0796220493\" title=\"Appelez\" data-id=\"2932\" data-type=\"11\">079 622 04 93<\/a>\r\n                                                                <a class=\"btn has-accent-background-color\" href=\"https:\/\/roypeinture.ch\/\" target=\"_blank\" title=\"Voir le site internet\" data-id=\"2932\" data-type=\"20\">Site internet<\/a>\r\n                                    <\/div>\r\n                    <\/div>\r\n    \r\n            \r\n<form action=\"https:\/\/www.artisanlocal.ch\/c\/wp-admin\/admin-ajax.php\" method=\"post\" class=\"form-contact\" id=\"artisan_form_contact_company_inline\">\r\n    <div><input type=\"hidden\" name=\"action\" value=\"company_contact\"><\/div>\r\n    <div><input type=\"hidden\" name=\"nonce\" value=\"67a23a8c67\"><\/div>\r\n    <div><input type=\"hidden\" name=\"company_id\" value=\"2932\"><\/div>\r\n    <div><input type=\"hidden\" name=\"form_id\" value=\"artisan_form_contact_company_inline\"><\/div>\r\n    <div class=\"gglcptch gglcptch_v3 gglcptch_custom\"><input type=\"hidden\" id=\"g-recaptcha-response\" name=\"g-recaptcha-response\" \/><br \/><div class=\"gglcptch_error_text\">La p\u00e9riode de v\u00e9rification reCAPTCHA a expir\u00e9. Veuillez recharger la page.<\/div><\/div>    <div class=\"form-content\">\r\n        <div class=\"form-group\">\r\n            <label for=\"contact_firstName\" class=\"required\">Pr\u00e9nom<\/label>\r\n            <input type=\"text\" name=\"firstName\" class=\"form-control\" required>\r\n        <\/div>\r\n        <div class=\"form-group\">\r\n            <label for=\"contact_lastName\" class=\"required\">Nom<\/label>\r\n            <input type=\"text\" name=\"lastName\" class=\"form-control\" required>\r\n        <\/div>\r\n        <div class=\"form-group\">\r\n            <label for=\"contact_email\" class=\"required\">Email<\/label>\r\n            <input type=\"email\" name=\"email\" class=\"form-control\" required>\r\n        <\/div>\r\n        <div class=\"form-group\">\r\n            <label for=\"contact_phone\" class=\"required\">Num\u00e9ro de t\u00e9l\u00e9phone<\/label>\r\n            <input type=\"tel\" name=\"phone\" class=\"form-control\" placeholder=\"0787117165\" pattern=\"^[0-9]{10}$\" required>\r\n        <\/div>\r\n        <div class=\"form-group\">\r\n            <label for=\"contact_postalCode\" class=\"required\">Code postal et localit\u00e9<\/label>\r\n            <input type=\"text\" name=\"postalCode\" class=\"form-control\" required>\r\n        <\/div>\r\n        <div class=\"form-group\">\r\n            <label for=\"contact_address\" class=\"required\">Adresse<\/label>\r\n            <input type=\"text\" name=\"address\" class=\"form-control\" required>\r\n        <\/div>\r\n        <div class=\"full-width topic\">\r\n            <p class=\"required\">Je souhaite \u00eatre contact\u00e9 pour :<\/p>\r\n            <div class=\"form-check\">\r\n                <input type=\"radio\" name=\"topic\" value=\"D\u00e9pannage\" class=\"form-control\" required>\r\n                <label for=\"d\u00e9pannage\">D\u00e9pannage<\/label>\r\n            <\/div>\r\n            <div class=\"form-check\">\r\n                <input type=\"radio\" name=\"topic\" value=\"Entretien\" class=\"form-control\" required>\r\n                <label for=\"entretien\">Entretien<\/label>\r\n            <\/div>\r\n            <div class=\"form-check\">\r\n                <input type=\"radio\" name=\"topic\" value=\"R\u00e9novation\" class=\"form-control\" required>\r\n                <label for=\"r\u00e9novation\">R\u00e9novation<\/label>\r\n            <\/div>\r\n            <div class=\"form-check\">\r\n                <input type=\"radio\" name=\"topic\" value=\"Autre\" class=\"form-control\" required>\r\n                <label for=\"autre\">Autre<\/label>\r\n            <\/div>\r\n        <\/div>\r\n        <div class=\"form-group full-width\">\r\n            <label for=\"contact_message\">Message<\/label>\r\n            <textarea name=\"message\" rows=\"3\" class=\"form-control\"><\/textarea>\r\n        <\/div>\r\n    <\/div>\r\n    <div class=\"form-actions\">\r\n        <button class=\"wp-block-button__link has-accent-background-color\">Contacter<\/button>\r\n    <\/div>\r\n<\/form>\r\n<div class=\"form-feedback\"><\/div>    <\/div><\/p>\n<h2>Quels sont les services d&rsquo;Artisanlocal ?<\/h2>\n<ul>\n<li>Peinture int\u00e9rieure : portes, moulures, murs, plafonds, salons, chambres, ou salles de bain.<\/li>\n<li>Peinture ext\u00e9rieure : bardages, stucs, briques, cl\u00f4tures, terrasses et portes de garage.<\/li>\n<li>Peinture d\u00e9corative : faux marbre, patines, effets vieilli, faux bois et effets oxyd\u00e9.<\/li>\n<li>Peinture pour cuisine : peinture satin\u00e9e et finition.<\/li>\n<li>Enduits d\u00e9coratifs : b\u00e9ton cir\u00e9 ou tadelakt.<\/li>\n<li>Peinture artistique : fresques murales, d\u00e9coratives, artistiques, ext\u00e9rieures ou int\u00e9rieures.<\/li>\n<li>Peinture ravalement de fa\u00e7ade : fa\u00e7ade ext\u00e9rieure, cr\u00e9pi, bardage, pose d&rsquo;enduit ou de peinture.<\/li>\n<li>Peintre cordiste : zones en hauteurs, et endroits compliqu\u00e9s d\u2019acc\u00e8s, comme les usines, tours, ponts ou \u00e9oliennes.<\/li>\n<li>Finition de peinture : peinture de finition dans votre salle de bain ou votre cuisine.<\/li>\n<li>Installation et r\u00e9novation : cloisons s\u00e8ches, rebouchage de trous cloisons et des fissures.<\/li>\n<li>Installation et suppression de l&rsquo;ancien de papier peint : \u00e9limination et changement de votre ancien papier peint.<\/li>\n<li>Peinture pour entreprise : pour les espaces de bureau, restaurants, \u00e9tablissement \u00e9ducatif, complexes sportifs et autres locaux commerciaux.<\/li>\n<li>Peinture pour b\u00e2timent : nous pr\u00e9parons les murs et plafonds \u00e0 peindre, et nous effectuons les finitions et appliquons la peinture.<\/li>\n<\/ul>\n<h2>Quel est le mode de fonctionnement de votre soci\u00e9t\u00e9 ?<\/h2>\n<h3>\u00c9tape 1\u00a0 : commandez une estimation<\/h3>\n<p>Commandez un devis sans frais en ligne ou par t\u00e9l\u00e9phone.<\/p>\n<h3>\u00c9tape 2\u00a0 : examinez en d\u00e9tail votre devis<\/h3>\n<p>Assurez-vous que le devis que vous obtenez d\u00e9termine correctement le prix de votre projet. Si vous avez un doute, contactez-nous pour obtenir plus d&rsquo;informations sur les d\u00e9tails de votre devis.<\/p>\n<h3>\u00c9tape 3\u00a0 : d\u00e9terminez la date de lancement de votre projet de peinture<\/h3>\n<p>D\u00e8s que vous avez approuv\u00e9 le devis, nous d\u00e9terminons ensemble la date de d\u00e9marrage de votre projet. Pour atteindre vos objectifs, nous vous attribuons un chef de projet.<\/p>\n<h2>Combien faut-il d\u00e9penser pour des travaux de peinture \u00e0 Grandson ?<\/h2>\n<p>Le prix d&rsquo;une prestation de peinture d\u00e9pend principalement de l&rsquo;\u00e9tat des zones \u00e0 peindre. En g\u00e9n\u00e9ral, les prix se situent entre 60 et 70 CHF par heure. Environ 80% \u00e0 90% du prix sont attribu\u00e9s \u00e0 la main-d&rsquo;\u0153uvre, alors que la peinture ne repr\u00e9sente que 10% \u00e0 20% de l&rsquo;enveloppe financi\u00e8re.<\/p>\n<h2>Pourquoi choisir nos peintres \u00e0 Grandson ?<\/h2>\n<ul>\n<li>Disponibilit\u00e9 : localis\u00e9s \u00e0 Grandson, nos peintres interviennent rapidement dans votre foyer.<\/li>\n<li>Excellence : en choisissant notre soci\u00e9t\u00e9, vous choisissez la qualit\u00e9 et le savoir-faire.<\/li>\n<li>Co\u00fbts comp\u00e9titifs : nos tarifs sont \u00e9tudi\u00e9s en fonction de vos d\u00e9sirs et vos moyens financiers.<\/li>\n<li>Services personnalis\u00e9s : nous prenons en compte les particularit\u00e9s de votre projet de peinture pour vous soumettre des solutions sur-mesure.<\/li>\n<li>Le savoir-faire, nos artisans peintres \u00e0 Grandson ont plusieurs comp\u00e9tences, telles que : la pr\u00e9paration avant les travaux de peinture, la pose des diff\u00e9rentes couches et la r\u00e9alisation des finitions.<\/li>\n<\/ul>\n<h2>Questions fr\u00e9quentes<\/h2>\n<h3>Quel type de peinture utilisez-vous ?<\/h3>\n<p>Nous utilisons que des peintures de haute qualit\u00e9. Il est possible pour nos artisans peintres d&rsquo;utiliser les peintures que vous avez en stock.<\/p>\n<h3>Est-ce que vos peintres sont disponibles le week-end ?<\/h3>\n<p>Oui, nos \u00e9quipes sont joignables le week-end \u00e0 Grandson.<\/p>\n<h3>Les meubles sont-ils couverts lors de l&rsquo;application de la peinture ?<\/h3>\n<p>Oui, nous amenons l&rsquo;\u00e9quipement n\u00e9cessaire pour prot\u00e9ger vos meubles et votre \u00e9lectrom\u00e9nager pendant nos travaux. Toutefois, si vous avez des objets susceptibles de se briser, nous vous recommandons d&rsquo;en avertir le chef de projet, nous mettrons en \u0153uvre des mesures suppl\u00e9mentaires.<\/p>\n<h3>Que va-t-il arriver si je ne suis pas content du travail r\u00e9alis\u00e9 ?<\/h3>\n<p>Si notre prestation ne vous satisfait pas, nous prenons l&rsquo;engagement d&rsquo;effectuer les modifications n\u00e9cessaires jusqu&rsquo;\u00e0 ce que vous soyez satisfait.<\/p>\n<h3>Vos devis sont-ils gratuits ?<\/h3>\n<p>Oui, nos devis sont gratuits et sans engagements. Nos techniciens peuvent se d\u00e9placer dans votre foyer dans le but de r\u00e9pondre \u00e0 vos demandes et confirmer avec vous votre estimation.<\/p>\n<h3>Vos services s&rsquo;\u00e9tendent-ils aux villes proches de Grandson ?<\/h3>\n<p>Oui, notre entreprise intervient \u00e0 Grandson, mais aussi dans les villes proches, telles que :<\/p>\nFiez, Fontaines-sur-Grandson, Grandevent, Fontanezier, Romairon, Vaugondry, Villars-Burquin, Champagne, Onnens VD, Concise, Corcelles-pr\u00e8s-Concise, Bonvillars, Mutrux, Provence, Giez, Orges, Novalles, Vugelles-La Mothe, Vuiteboeuf, La Sagne (Ste-croix), Le Ch\u00e2teau-de-Ste-Croix, Ste-Croix, Les Rasses, Bullet, Mauborget, L'Auberson, La Vraconnaz.\n","protected":false},"excerpt":{"rendered":"<p>Besoin d&rsquo;une entreprise de peinture \u00e0 Grandson ? Artisanlocal propose des services de peinture int\u00e9rieure et ext\u00e9rieure \u00e0 Granson et dans les villes proches. Quels sont les services d&rsquo;Artisanlocal ? Peinture int\u00e9rieure : portes, moulures, murs, plafonds, salons, chambres, ou salles de bain. Peinture ext\u00e9rieure : bardages, stucs, briques, cl\u00f4tures, terrasses et portes de garage. [&hellip;]<\/p>\n","protected":false},"author":4,"featured_media":2756,"parent":0,"menu_order":0,"comment_status":"closed","ping_status":"closed","template":"","meta":{"footnotes":""},"profession":[121],"location":[66],"canton":[113],"class_list":["post-749","page","type-page","status-publish","has-post-thumbnail","hentry","profession-peintre","location-grandson","canton-vd"],"yoast_head":"<!-- This site is optimized with the Yoast SEO Premium plugin v25.7.1 (Yoast SEO v27.3) - https:\/\/yoast.com\/product\/yoast-seo-premium-wordpress\/ -->\n<title>Entreprise de Peinture \u00e0 Grandson - Artisanlocal<\/title>\n<meta name=\"robots\" content=\"index, follow, max-snippet:-1, max-image-preview:large, max-video-preview:-1\" \/>\n<link rel=\"canonical\" href=\"https:\/\/www.artisanlocal.ch\/c\/societe-de-peintre-a-grandson\/\" \/>\n<meta property=\"og:locale\" content=\"fr_FR\" \/>\n<meta property=\"og:type\" content=\"article\" \/>\n<meta property=\"og:title\" content=\"Entreprise de Peinture \u00e0 Grandson\" \/>\n<meta property=\"og:description\" content=\"Besoin d&rsquo;une entreprise de peinture \u00e0 Grandson ? Artisanlocal propose des services de peinture int\u00e9rieure et ext\u00e9rieure \u00e0 Granson et dans les villes proches. Quels sont les services d&rsquo;Artisanlocal ? Peinture int\u00e9rieure : portes, moulures, murs, plafonds, salons, chambres, ou salles de bain. Peinture ext\u00e9rieure : bardages, stucs, briques, cl\u00f4tures, terrasses et portes de garage. [&hellip;]\" \/>\n<meta property=\"og:url\" content=\"https:\/\/www.artisanlocal.ch\/c\/societe-de-peintre-a-grandson\/\" \/>\n<meta property=\"og:site_name\" content=\"Artisanlocal\" \/>\n<meta property=\"article:modified_time\" content=\"2025-11-27T14:52:08+00:00\" \/>\n<meta property=\"og:image\" content=\"https:\/\/www.artisanlocal.ch\/c\/wp-content\/uploads\/2024\/10\/peintre.jpg\" \/>\n\t<meta property=\"og:image:width\" content=\"1920\" \/>\n\t<meta property=\"og:image:height\" content=\"300\" \/>\n\t<meta property=\"og:image:type\" content=\"image\/jpeg\" \/>\n<meta name=\"twitter:card\" content=\"summary_large_image\" \/>\n<meta name=\"twitter:label1\" content=\"Dur\u00e9e de lecture estim\u00e9e\" \/>\n\t<meta name=\"twitter:data1\" content=\"4 minutes\" \/>\n<script type=\"application\/ld+json\" class=\"yoast-schema-graph\">{\"@context\":\"https:\\\/\\\/schema.org\",\"@graph\":[{\"@type\":\"WebPage\",\"@id\":\"https:\\\/\\\/www.artisanlocal.ch\\\/c\\\/societe-de-peintre-a-grandson\\\/\",\"url\":\"https:\\\/\\\/www.artisanlocal.ch\\\/c\\\/societe-de-peintre-a-grandson\\\/\",\"name\":\"Entreprise de Peinture \u00e0 Grandson - Artisanlocal\",\"isPartOf\":{\"@id\":\"https:\\\/\\\/www.artisanlocal.ch\\\/c\\\/#website\"},\"primaryImageOfPage\":{\"@id\":\"https:\\\/\\\/www.artisanlocal.ch\\\/c\\\/societe-de-peintre-a-grandson\\\/#primaryimage\"},\"image\":{\"@id\":\"https:\\\/\\\/www.artisanlocal.ch\\\/c\\\/societe-de-peintre-a-grandson\\\/#primaryimage\"},\"thumbnailUrl\":\"https:\\\/\\\/www.artisanlocal.ch\\\/c\\\/wp-content\\\/uploads\\\/2024\\\/10\\\/peintre.jpg\",\"datePublished\":\"2024-04-16T21:37:37+00:00\",\"dateModified\":\"2025-11-27T14:52:08+00:00\",\"breadcrumb\":{\"@id\":\"https:\\\/\\\/www.artisanlocal.ch\\\/c\\\/societe-de-peintre-a-grandson\\\/#breadcrumb\"},\"inLanguage\":\"fr-FR\",\"potentialAction\":[{\"@type\":\"ReadAction\",\"target\":[\"https:\\\/\\\/www.artisanlocal.ch\\\/c\\\/societe-de-peintre-a-grandson\\\/\"]}]},{\"@type\":\"ImageObject\",\"inLanguage\":\"fr-FR\",\"@id\":\"https:\\\/\\\/www.artisanlocal.ch\\\/c\\\/societe-de-peintre-a-grandson\\\/#primaryimage\",\"url\":\"https:\\\/\\\/www.artisanlocal.ch\\\/c\\\/wp-content\\\/uploads\\\/2024\\\/10\\\/peintre.jpg\",\"contentUrl\":\"https:\\\/\\\/www.artisanlocal.ch\\\/c\\\/wp-content\\\/uploads\\\/2024\\\/10\\\/peintre.jpg\",\"width\":1920,\"height\":300},{\"@type\":\"BreadcrumbList\",\"@id\":\"https:\\\/\\\/www.artisanlocal.ch\\\/c\\\/societe-de-peintre-a-grandson\\\/#breadcrumb\",\"itemListElement\":[{\"@type\":\"ListItem\",\"position\":1,\"name\":\"Accueil\",\"item\":\"https:\\\/\\\/www.artisanlocal.ch\\\/c\\\/\"},{\"@type\":\"ListItem\",\"position\":2,\"name\":\"Entreprise de Peinture \u00e0 Grandson\"}]},{\"@type\":\"WebSite\",\"@id\":\"https:\\\/\\\/www.artisanlocal.ch\\\/c\\\/#website\",\"url\":\"https:\\\/\\\/www.artisanlocal.ch\\\/c\\\/\",\"name\":\"Artisanlocal\",\"description\":\"\",\"publisher\":{\"@id\":\"https:\\\/\\\/www.artisanlocal.ch\\\/c\\\/#organization\"},\"potentialAction\":[{\"@type\":\"SearchAction\",\"target\":{\"@type\":\"EntryPoint\",\"urlTemplate\":\"https:\\\/\\\/www.artisanlocal.ch\\\/c\\\/?s={search_term_string}\"},\"query-input\":{\"@type\":\"PropertyValueSpecification\",\"valueRequired\":true,\"valueName\":\"search_term_string\"}}],\"inLanguage\":\"fr-FR\"},{\"@type\":\"Organization\",\"@id\":\"https:\\\/\\\/www.artisanlocal.ch\\\/c\\\/#organization\",\"name\":\"Artisanlocal\",\"url\":\"https:\\\/\\\/www.artisanlocal.ch\\\/c\\\/\",\"logo\":{\"@type\":\"ImageObject\",\"inLanguage\":\"fr-FR\",\"@id\":\"https:\\\/\\\/www.artisanlocal.ch\\\/c\\\/#\\\/schema\\\/logo\\\/image\\\/\",\"url\":\"https:\\\/\\\/www.artisanlocal.ch\\\/c\\\/wp-content\\\/uploads\\\/2024\\\/02\\\/logo-artisanlocal-h.svg\",\"contentUrl\":\"https:\\\/\\\/www.artisanlocal.ch\\\/c\\\/wp-content\\\/uploads\\\/2024\\\/02\\\/logo-artisanlocal-h.svg\",\"caption\":\"Artisanlocal\"},\"image\":{\"@id\":\"https:\\\/\\\/www.artisanlocal.ch\\\/c\\\/#\\\/schema\\\/logo\\\/image\\\/\"}}]}<\/script>\n<!-- \/ Yoast SEO Premium plugin. -->","yoast_head_json":{"title":"Entreprise de Peinture \u00e0 Grandson - Artisanlocal","robots":{"index":"index","follow":"follow","max-snippet":"max-snippet:-1","max-image-preview":"max-image-preview:large","max-video-preview":"max-video-preview:-1"},"canonical":"https:\/\/www.artisanlocal.ch\/c\/societe-de-peintre-a-grandson\/","og_locale":"fr_FR","og_type":"article","og_title":"Entreprise de Peinture \u00e0 Grandson","og_description":"Besoin d&rsquo;une entreprise de peinture \u00e0 Grandson ? Artisanlocal propose des services de peinture int\u00e9rieure et ext\u00e9rieure \u00e0 Granson et dans les villes proches. Quels sont les services d&rsquo;Artisanlocal ? Peinture int\u00e9rieure : portes, moulures, murs, plafonds, salons, chambres, ou salles de bain. Peinture ext\u00e9rieure : bardages, stucs, briques, cl\u00f4tures, terrasses et portes de garage. [&hellip;]","og_url":"https:\/\/www.artisanlocal.ch\/c\/societe-de-peintre-a-grandson\/","og_site_name":"Artisanlocal","article_modified_time":"2025-11-27T14:52:08+00:00","og_image":[{"width":1920,"height":300,"url":"https:\/\/www.artisanlocal.ch\/c\/wp-content\/uploads\/2024\/10\/peintre.jpg","type":"image\/jpeg"}],"twitter_card":"summary_large_image","twitter_misc":{"Dur\u00e9e de lecture estim\u00e9e":"4 minutes"},"schema":{"@context":"https:\/\/schema.org","@graph":[{"@type":"WebPage","@id":"https:\/\/www.artisanlocal.ch\/c\/societe-de-peintre-a-grandson\/","url":"https:\/\/www.artisanlocal.ch\/c\/societe-de-peintre-a-grandson\/","name":"Entreprise de Peinture \u00e0 Grandson - Artisanlocal","isPartOf":{"@id":"https:\/\/www.artisanlocal.ch\/c\/#website"},"primaryImageOfPage":{"@id":"https:\/\/www.artisanlocal.ch\/c\/societe-de-peintre-a-grandson\/#primaryimage"},"image":{"@id":"https:\/\/www.artisanlocal.ch\/c\/societe-de-peintre-a-grandson\/#primaryimage"},"thumbnailUrl":"https:\/\/www.artisanlocal.ch\/c\/wp-content\/uploads\/2024\/10\/peintre.jpg","datePublished":"2024-04-16T21:37:37+00:00","dateModified":"2025-11-27T14:52:08+00:00","breadcrumb":{"@id":"https:\/\/www.artisanlocal.ch\/c\/societe-de-peintre-a-grandson\/#breadcrumb"},"inLanguage":"fr-FR","potentialAction":[{"@type":"ReadAction","target":["https:\/\/www.artisanlocal.ch\/c\/societe-de-peintre-a-grandson\/"]}]},{"@type":"ImageObject","inLanguage":"fr-FR","@id":"https:\/\/www.artisanlocal.ch\/c\/societe-de-peintre-a-grandson\/#primaryimage","url":"https:\/\/www.artisanlocal.ch\/c\/wp-content\/uploads\/2024\/10\/peintre.jpg","contentUrl":"https:\/\/www.artisanlocal.ch\/c\/wp-content\/uploads\/2024\/10\/peintre.jpg","width":1920,"height":300},{"@type":"BreadcrumbList","@id":"https:\/\/www.artisanlocal.ch\/c\/societe-de-peintre-a-grandson\/#breadcrumb","itemListElement":[{"@type":"ListItem","position":1,"name":"Accueil","item":"https:\/\/www.artisanlocal.ch\/c\/"},{"@type":"ListItem","position":2,"name":"Entreprise de Peinture \u00e0 Grandson"}]},{"@type":"WebSite","@id":"https:\/\/www.artisanlocal.ch\/c\/#website","url":"https:\/\/www.artisanlocal.ch\/c\/","name":"Artisanlocal","description":"","publisher":{"@id":"https:\/\/www.artisanlocal.ch\/c\/#organization"},"potentialAction":[{"@type":"SearchAction","target":{"@type":"EntryPoint","urlTemplate":"https:\/\/www.artisanlocal.ch\/c\/?s={search_term_string}"},"query-input":{"@type":"PropertyValueSpecification","valueRequired":true,"valueName":"search_term_string"}}],"inLanguage":"fr-FR"},{"@type":"Organization","@id":"https:\/\/www.artisanlocal.ch\/c\/#organization","name":"Artisanlocal","url":"https:\/\/www.artisanlocal.ch\/c\/","logo":{"@type":"ImageObject","inLanguage":"fr-FR","@id":"https:\/\/www.artisanlocal.ch\/c\/#\/schema\/logo\/image\/","url":"https:\/\/www.artisanlocal.ch\/c\/wp-content\/uploads\/2024\/02\/logo-artisanlocal-h.svg","contentUrl":"https:\/\/www.artisanlocal.ch\/c\/wp-content\/uploads\/2024\/02\/logo-artisanlocal-h.svg","caption":"Artisanlocal"},"image":{"@id":"https:\/\/www.artisanlocal.ch\/c\/#\/schema\/logo\/image\/"}}]}},"_links":{"self":[{"href":"https:\/\/www.artisanlocal.ch\/c\/wp-json\/wp\/v2\/pages\/749","targetHints":{"allow":["GET"]}}],"collection":[{"href":"https:\/\/www.artisanlocal.ch\/c\/wp-json\/wp\/v2\/pages"}],"about":[{"href":"https:\/\/www.artisanlocal.ch\/c\/wp-json\/wp\/v2\/types\/page"}],"author":[{"embeddable":true,"href":"https:\/\/www.artisanlocal.ch\/c\/wp-json\/wp\/v2\/users\/4"}],"replies":[{"embeddable":true,"href":"https:\/\/www.artisanlocal.ch\/c\/wp-json\/wp\/v2\/comments?post=749"}],"version-history":[{"count":0,"href":"https:\/\/www.artisanlocal.ch\/c\/wp-json\/wp\/v2\/pages\/749\/revisions"}],"wp:featuredmedia":[{"embeddable":true,"href":"https:\/\/www.artisanlocal.ch\/c\/wp-json\/wp\/v2\/media\/2756"}],"wp:attachment":[{"href":"https:\/\/www.artisanlocal.ch\/c\/wp-json\/wp\/v2\/media?parent=749"}],"wp:term":[{"taxonomy":"profession","embeddable":true,"href":"https:\/\/www.artisanlocal.ch\/c\/wp-json\/wp\/v2\/profession?post=749"},{"taxonomy":"location","embeddable":true,"href":"https:\/\/www.artisanlocal.ch\/c\/wp-json\/wp\/v2\/location?post=749"},{"taxonomy":"canton","embeddable":true,"href":"https:\/\/www.artisanlocal.ch\/c\/wp-json\/wp\/v2\/canton?post=749"}],"curies":[{"name":"wp","href":"https:\/\/api.w.org\/{rel}","templated":true}]}}