{"id":750,"date":"2024-04-16T11:53:47","date_gmt":"2024-04-16T09:53:47","guid":{"rendered":"https:\/\/www.artisanlocal.ch\/c\/trouver-le-meilleur-peintre-a-epalinges\/"},"modified":"2025-09-18T13:10:32","modified_gmt":"2025-09-18T11:10:32","slug":"trouver-le-meilleur-peintre-a-epalinges","status":"publish","type":"page","link":"https:\/\/www.artisanlocal.ch\/c\/trouver-le-meilleur-peintre-a-epalinges\/","title":{"rendered":"Peintre \u00e0 Epalinges"},"content":{"rendered":"<p>Besoin d&rsquo;un peintre \u00e0 Epalinge ? Artisanlocal r\u00e9alise la r\u00e9novation de votre int\u00e9rieur et de votre ext\u00e9rieur, nous nous adaptons \u00e0 vos horaires et intervenons rapidement chez vous \u00e0 Epalinges et dans les villes aux environs.<\/p>\n\r\n<div class=\"box\">\r\n            <div class=\"company-info\">\r\n            <img decoding=\"async\" class=\"company-info__logo\" src=\"https:\/\/www.artisanlocal.ch\/media\/cache\/thumb\/images\/companies\/699d785bb3dc4045674931.png\" alt=\"Logo\">\r\n            <h2 class=\"company-info__name\">Maliqi R\u00e9novation<\/h2>\r\n            <p class=\"company-info__business\">Peinture int\u00e9rieure et ext\u00e9rieure (murs, plafonds, boiseries) - Remise en \u00e9tat apr\u00e8s travaux ou d\u00e9part locataire - Pose de plaques de pl\u00e2tre et cloisons - Travaux de pl\u00e2trerie et lissage de surfaces - R\u00e9novation<\/p>\r\n        <\/div>\r\n        <div class=\"company-contact\">\r\n            <p class=\"company-info__address\">Chemin en craux 18<\/p>\r\n                            <div class=\"links\">\r\n                                            <a class=\"btn has-accent-background-color js-phoneNumber\" href=\"tel:0798231315\" title=\"Appelez\" data-id=\"38852\" data-type=\"11\">079 823 13 15<\/a>\r\n                                                        <\/div>\r\n                    <\/div>\r\n    \r\n            \r\n<form action=\"https:\/\/www.artisanlocal.ch\/c\/wp-admin\/admin-ajax.php\" method=\"post\" class=\"form-contact\" id=\"artisan_form_contact_company_inline\">\r\n    <div><input type=\"hidden\" name=\"action\" value=\"company_contact\"><\/div>\r\n    <div><input type=\"hidden\" name=\"nonce\" value=\"67a23a8c67\"><\/div>\r\n    <div><input type=\"hidden\" name=\"company_id\" value=\"38852\"><\/div>\r\n    <div><input type=\"hidden\" name=\"form_id\" value=\"artisan_form_contact_company_inline\"><\/div>\r\n    <div class=\"gglcptch gglcptch_v3 gglcptch_custom\"><input type=\"hidden\" id=\"g-recaptcha-response\" name=\"g-recaptcha-response\" \/><br \/><div class=\"gglcptch_error_text\">La p\u00e9riode de v\u00e9rification reCAPTCHA a expir\u00e9. Veuillez recharger la page.<\/div><\/div>    <div class=\"form-content\">\r\n        <div class=\"form-group\">\r\n            <label for=\"contact_firstName\" class=\"required\">Pr\u00e9nom<\/label>\r\n            <input type=\"text\" name=\"firstName\" class=\"form-control\" required>\r\n        <\/div>\r\n        <div class=\"form-group\">\r\n            <label for=\"contact_lastName\" class=\"required\">Nom<\/label>\r\n            <input type=\"text\" name=\"lastName\" class=\"form-control\" required>\r\n        <\/div>\r\n        <div class=\"form-group\">\r\n            <label for=\"contact_email\" class=\"required\">Email<\/label>\r\n            <input type=\"email\" name=\"email\" class=\"form-control\" required>\r\n        <\/div>\r\n        <div class=\"form-group\">\r\n            <label for=\"contact_phone\" class=\"required\">Num\u00e9ro de t\u00e9l\u00e9phone<\/label>\r\n            <input type=\"tel\" name=\"phone\" class=\"form-control\" placeholder=\"0787117165\" pattern=\"^[0-9]{10}$\" required>\r\n        <\/div>\r\n        <div class=\"form-group\">\r\n            <label for=\"contact_postalCode\" class=\"required\">Code postal et localit\u00e9<\/label>\r\n            <input type=\"text\" name=\"postalCode\" class=\"form-control\" required>\r\n        <\/div>\r\n        <div class=\"form-group\">\r\n            <label for=\"contact_address\" class=\"required\">Adresse<\/label>\r\n            <input type=\"text\" name=\"address\" class=\"form-control\" required>\r\n        <\/div>\r\n        <div class=\"full-width topic\">\r\n            <p class=\"required\">Je souhaite \u00eatre contact\u00e9 pour :<\/p>\r\n            <div class=\"form-check\">\r\n                <input type=\"radio\" name=\"topic\" value=\"D\u00e9pannage\" class=\"form-control\" required>\r\n                <label for=\"d\u00e9pannage\">D\u00e9pannage<\/label>\r\n            <\/div>\r\n            <div class=\"form-check\">\r\n                <input type=\"radio\" name=\"topic\" value=\"Entretien\" class=\"form-control\" required>\r\n                <label for=\"entretien\">Entretien<\/label>\r\n            <\/div>\r\n            <div class=\"form-check\">\r\n                <input type=\"radio\" name=\"topic\" value=\"R\u00e9novation\" class=\"form-control\" required>\r\n                <label for=\"r\u00e9novation\">R\u00e9novation<\/label>\r\n            <\/div>\r\n            <div class=\"form-check\">\r\n                <input type=\"radio\" name=\"topic\" value=\"Autre\" class=\"form-control\" required>\r\n                <label for=\"autre\">Autre<\/label>\r\n            <\/div>\r\n        <\/div>\r\n        <div class=\"form-group full-width\">\r\n            <label for=\"contact_message\">Message<\/label>\r\n            <textarea name=\"message\" rows=\"3\" class=\"form-control\"><\/textarea>\r\n        <\/div>\r\n    <\/div>\r\n    <div class=\"form-actions\">\r\n        <button class=\"wp-block-button__link has-accent-background-color\">Contacter<\/button>\r\n    <\/div>\r\n<\/form>\r\n<div class=\"form-feedback\"><\/div>    <\/div>\n<h2>Quels sont services d&rsquo;Artisanlocal ?<\/h2>\n<ul>\n<li>Peinture int\u00e9rieure : sur vos portes, moulures, murs, et plafonds, ou dans des pi\u00e8ces sp\u00e9cifiques telles que votre chambre, salon ou salle d&rsquo;eau.<\/li>\n<li>Peinture ext\u00e9rieure : pose d&rsquo;une nouvelle couche de peinture sur le bardage, le stuc, la brique, les terrasses, les cl\u00f4tures et les portes de votre parking.<\/li>\n<li>Peinture d\u00e9corative : cr\u00e9ation d\u2019effets, comme le faux marbre, patines, effet vieilli, faux bois, effet oxyd\u00e9.<\/li>\n<li>Peinture pour cuisine : application d&rsquo;une couche de peinture, comme la peinture satin\u00e9e, qui se lave facilement.<\/li>\n<li>L&rsquo;utilisation d&rsquo;enduits d\u00e9coratifs : ajout b\u00e9ton cir\u00e9 ou tadelakt, ou des enduits.<\/li>\n<li>Peinture d\u00e9corative : r\u00e9alisation de fresques murales, d\u00e9coratives, artistiques, ext\u00e9rieures ou int\u00e9rieures.<\/li>\n<li>Peinture de ravalement de fa\u00e7ade : am\u00e9lioration esth\u00e9tique de votre fa\u00e7ade ext\u00e9rieure, pose d&rsquo;enduit, peinture, bardage ou cr\u00e9pi.<\/li>\n<li>Peinture en hauteur : nos artisans peintres interviennent dans des environnements compliqu\u00e9s comme les ponts, les usines ou les tours.<\/li>\n<li>Finition de peinture : ajout d\u2019une couche de finition sur votre mobilier de cuisine ou de votre salle d&rsquo;eau.<\/li>\n<li>Les travaux d&rsquo;installation et de restauration : le comblement des br\u00e8ches dans vos murs, l&rsquo;installation de votre placo, ou la r\u00e9paration des trous dans les murs.<\/li>\n<li>Installation et suppression de l&rsquo;ancien de votre papier peint : remplacement et suppression de votre ancien papier peint.<\/li>\n<li>Peinture pour entreprise : restaurants, bureaux, complexes sportifs, \u00e9coles et autres locaux commerciaux.<\/li>\n<li>Peinture pour b\u00e2timent : pour la pr\u00e9paration des zones avant la peinture, la r\u00e9alisation des finitions et l\u2019application des peintures et rev\u00eatements.<\/li>\n<\/ul>\n<h2>Comment marche votre entreprise ?<\/h2>\n<p>Chez Artisanlocal, nous avons d\u00e9velopp\u00e9 un syst\u00e8me \u00e9tape par \u00e9tape afin de r\u00e9pondre aux demandes de nos partenaires.<\/p>\n<h3>\u00c9tape 1\u00a0 : recevez un devis<\/h3>\n<p>Demandez-nous un devis en ligne ou par t\u00e9l\u00e9phone et obtenez un devis de vos travaux de peintures rapidement.<\/p>\n<h3>\u00c9tape 2\u00a0 : analysez en d\u00e9tail votre estimation<\/h3>\n<p>Soyez s\u00fbr que le devis que vous recevez d\u00e9termine correctement le montant de votre projet. Si vous avez des questions, contacter notre soci\u00e9t\u00e9 pour en savoir plus sur les \u00e9l\u00e9ments de votre devis.<\/p>\n<h3>\u00c9tape 3\u00a0 : commencez votre projet de peinture<\/h3>\n<p>Une fois que vous avez valid\u00e9 le devis, nous fixons ensemble la date de d\u00e9marrage de votre r\u00e9novation. Pour assurer la bonne r\u00e9ussite de votre projet, vous avez un chef de projet d\u00e9di\u00e9.<\/p>\n<h2>Que faut-il d\u00e9penser pour une prestation de peinture \u00e0 Epalinges ?<\/h2>\n<p>Le montant de notre prestation est impact\u00e9 par l&rsquo;\u00e9tat de vos plafonds et vos murs. G\u00e9n\u00e9ralement, les montants sont compris entre 60 et 70 francs suisses par heure. Environ 80% \u00e0 90% du montant total sont attribu\u00e9s \u00e0 la main-d&rsquo;\u0153uvre, alors que la peinture ne repr\u00e9sente que 10% \u00e0 20% du budget.<\/p>\n<h2>Pourquoi choisir nos peintres \u00e0 Epalinges ?<\/h2>\n<ul>\n<li>Disponibilit\u00e9 : situ\u00e9s \u00e0 Epalinges, nos peintres arrivent rapidement chez vous.<\/li>\n<li>Excellence : en choisissant nos services, vous avez la garantie de profiter de prestations de qualit\u00e9, r\u00e9alis\u00e9es avec soin et professionnalisme.<\/li>\n<li>Prix comp\u00e9titifs : nous mettons en place des montants attractifs, adapt\u00e9s \u00e0 vos demandes et \u00e0 votre enveloppe budg\u00e9taire.<\/li>\n<li>Offres sur mesure : nous prenons en consid\u00e9ration les caract\u00e9ristiques de votre projet pour vous pr\u00e9senter des prestations sur-mesure.<\/li>\n<li>Le savoir-faire, nos peintres professionnels \u00e0 Epalinges ont de nombreuses expertises, comme : la pr\u00e9paration des surfaces avant l&rsquo;application de la peinture, l&rsquo;application des multiples couches et la r\u00e9alisation des finitions.<\/li>\n<\/ul>\n<h2>Questions fr\u00e9quentes<\/h2>\n<h3>Quelle marque peinture est-ce que vous utilisez ?<\/h3>\n<p>Nous choisissons que des peintures de qualit\u00e9 sup\u00e9rieure. Cependant, nous pouvons appliquer la peinture que vous avez d\u00e9j\u00e0 achet\u00e9e.<\/p>\n<h3>Votre entreprise est-elle disponible le week-end ?<\/h3>\n<p>Oui, nos \u00e9quipes sont joignables le samedi et le dimanche \u00e0 Epalinges et dans les villes alentours.<\/p>\n<h3>Assurez-vous la protection des meubles ?<\/h3>\n<p>Oui, avant les travaux, nous couvrons votre \u00e9lectrom\u00e9nager et vos meubles. Signalez-nous, tous vos objets cassables, notre \u00e9quipe prendra des pr\u00e9cautions compl\u00e9mentaires.<\/p>\n<h3>Que faire si les travaux de peinture effectu\u00e9s ne r\u00e9pondent pas \u00e0 mes besoins ?<\/h3>\n<p>Si notre prestation ne vous satisfait pas, nous prenons l&rsquo;engagement d&rsquo;effectuer les modifications n\u00e9cessaires jusqu&rsquo;\u00e0 ce que vous soyez satisfait.<\/p>\n<h3>Vos devis sont-ils sans frais ?<\/h3>\n<p>Oui, nos devis sont gratuits et sans engagements. Si vous souhaitez plus d&rsquo;informations, un peintre se d\u00e9place chez vous pour valider le devis.<\/p>\n<h3>La soci\u00e9t\u00e9 Artisanlocal r\u00e9alise-t-elle des travaux pr\u00e8s de Epalinges ?<\/h3>\n<p>Oui, notre entreprise op\u00e8re \u00e0 Epalinges, mais aussi dans les villes proches, comme :<\/p>\nRomanel-sur-Lausanne, Cheseaux-sur-Lausanne, Le Mont-sur-Lausanne, Bretigny-sur-Morrens, Cugy VD, Morrens VD, Froideville.\n","protected":false},"excerpt":{"rendered":"<p>Besoin d&rsquo;un peintre \u00e0 Epalinge ? Artisanlocal r\u00e9alise la r\u00e9novation de votre int\u00e9rieur et de votre ext\u00e9rieur, nous nous adaptons \u00e0 vos horaires et intervenons rapidement chez vous \u00e0 Epalinges et dans les villes aux environs. Quels sont services d&rsquo;Artisanlocal ? Peinture int\u00e9rieure : sur vos portes, moulures, murs, et plafonds, ou dans des pi\u00e8ces [&hellip;]<\/p>\n","protected":false},"author":4,"featured_media":2756,"parent":0,"menu_order":0,"comment_status":"closed","ping_status":"closed","template":"","meta":{"footnotes":""},"profession":[121],"location":[74],"canton":[113],"class_list":["post-750","page","type-page","status-publish","has-post-thumbnail","hentry","profession-peintre","location-epalinges","canton-vd"],"yoast_head":"<!-- This site is optimized with the Yoast SEO Premium plugin v25.7.1 (Yoast SEO v27.3) - https:\/\/yoast.com\/product\/yoast-seo-premium-wordpress\/ -->\n<title>Peintre \u00e0 Epalinges - Artisanlocal<\/title>\n<meta name=\"robots\" content=\"index, follow, max-snippet:-1, max-image-preview:large, max-video-preview:-1\" \/>\n<link rel=\"canonical\" href=\"https:\/\/www.artisanlocal.ch\/c\/trouver-le-meilleur-peintre-a-epalinges\/\" \/>\n<meta property=\"og:locale\" content=\"fr_FR\" \/>\n<meta property=\"og:type\" content=\"article\" \/>\n<meta property=\"og:title\" content=\"Peintre \u00e0 Epalinges\" \/>\n<meta property=\"og:description\" content=\"Besoin d&rsquo;un peintre \u00e0 Epalinge ? Artisanlocal r\u00e9alise la r\u00e9novation de votre int\u00e9rieur et de votre ext\u00e9rieur, nous nous adaptons \u00e0 vos horaires et intervenons rapidement chez vous \u00e0 Epalinges et dans les villes aux environs. Quels sont services d&rsquo;Artisanlocal ? Peinture int\u00e9rieure : sur vos portes, moulures, murs, et plafonds, ou dans des pi\u00e8ces [&hellip;]\" \/>\n<meta property=\"og:url\" content=\"https:\/\/www.artisanlocal.ch\/c\/trouver-le-meilleur-peintre-a-epalinges\/\" \/>\n<meta property=\"og:site_name\" content=\"Artisanlocal\" \/>\n<meta property=\"article:modified_time\" content=\"2025-09-18T11:10:32+00:00\" \/>\n<meta property=\"og:image\" content=\"https:\/\/www.artisanlocal.ch\/c\/wp-content\/uploads\/2024\/10\/peintre.jpg\" \/>\n\t<meta property=\"og:image:width\" content=\"1920\" \/>\n\t<meta property=\"og:image:height\" content=\"300\" \/>\n\t<meta property=\"og:image:type\" content=\"image\/jpeg\" \/>\n<meta name=\"twitter:card\" content=\"summary_large_image\" \/>\n<meta name=\"twitter:label1\" content=\"Dur\u00e9e de lecture estim\u00e9e\" \/>\n\t<meta name=\"twitter:data1\" content=\"4 minutes\" \/>\n<script type=\"application\/ld+json\" class=\"yoast-schema-graph\">{\"@context\":\"https:\\\/\\\/schema.org\",\"@graph\":[{\"@type\":\"WebPage\",\"@id\":\"https:\\\/\\\/www.artisanlocal.ch\\\/c\\\/trouver-le-meilleur-peintre-a-epalinges\\\/\",\"url\":\"https:\\\/\\\/www.artisanlocal.ch\\\/c\\\/trouver-le-meilleur-peintre-a-epalinges\\\/\",\"name\":\"Peintre \u00e0 Epalinges - Artisanlocal\",\"isPartOf\":{\"@id\":\"https:\\\/\\\/www.artisanlocal.ch\\\/c\\\/#website\"},\"primaryImageOfPage\":{\"@id\":\"https:\\\/\\\/www.artisanlocal.ch\\\/c\\\/trouver-le-meilleur-peintre-a-epalinges\\\/#primaryimage\"},\"image\":{\"@id\":\"https:\\\/\\\/www.artisanlocal.ch\\\/c\\\/trouver-le-meilleur-peintre-a-epalinges\\\/#primaryimage\"},\"thumbnailUrl\":\"https:\\\/\\\/www.artisanlocal.ch\\\/c\\\/wp-content\\\/uploads\\\/2024\\\/10\\\/peintre.jpg\",\"datePublished\":\"2024-04-16T09:53:47+00:00\",\"dateModified\":\"2025-09-18T11:10:32+00:00\",\"breadcrumb\":{\"@id\":\"https:\\\/\\\/www.artisanlocal.ch\\\/c\\\/trouver-le-meilleur-peintre-a-epalinges\\\/#breadcrumb\"},\"inLanguage\":\"fr-FR\",\"potentialAction\":[{\"@type\":\"ReadAction\",\"target\":[\"https:\\\/\\\/www.artisanlocal.ch\\\/c\\\/trouver-le-meilleur-peintre-a-epalinges\\\/\"]}]},{\"@type\":\"ImageObject\",\"inLanguage\":\"fr-FR\",\"@id\":\"https:\\\/\\\/www.artisanlocal.ch\\\/c\\\/trouver-le-meilleur-peintre-a-epalinges\\\/#primaryimage\",\"url\":\"https:\\\/\\\/www.artisanlocal.ch\\\/c\\\/wp-content\\\/uploads\\\/2024\\\/10\\\/peintre.jpg\",\"contentUrl\":\"https:\\\/\\\/www.artisanlocal.ch\\\/c\\\/wp-content\\\/uploads\\\/2024\\\/10\\\/peintre.jpg\",\"width\":1920,\"height\":300},{\"@type\":\"BreadcrumbList\",\"@id\":\"https:\\\/\\\/www.artisanlocal.ch\\\/c\\\/trouver-le-meilleur-peintre-a-epalinges\\\/#breadcrumb\",\"itemListElement\":[{\"@type\":\"ListItem\",\"position\":1,\"name\":\"Accueil\",\"item\":\"https:\\\/\\\/www.artisanlocal.ch\\\/c\\\/\"},{\"@type\":\"ListItem\",\"position\":2,\"name\":\"Peintre \u00e0 Epalinges\"}]},{\"@type\":\"WebSite\",\"@id\":\"https:\\\/\\\/www.artisanlocal.ch\\\/c\\\/#website\",\"url\":\"https:\\\/\\\/www.artisanlocal.ch\\\/c\\\/\",\"name\":\"Artisanlocal\",\"description\":\"\",\"publisher\":{\"@id\":\"https:\\\/\\\/www.artisanlocal.ch\\\/c\\\/#organization\"},\"potentialAction\":[{\"@type\":\"SearchAction\",\"target\":{\"@type\":\"EntryPoint\",\"urlTemplate\":\"https:\\\/\\\/www.artisanlocal.ch\\\/c\\\/?s={search_term_string}\"},\"query-input\":{\"@type\":\"PropertyValueSpecification\",\"valueRequired\":true,\"valueName\":\"search_term_string\"}}],\"inLanguage\":\"fr-FR\"},{\"@type\":\"Organization\",\"@id\":\"https:\\\/\\\/www.artisanlocal.ch\\\/c\\\/#organization\",\"name\":\"Artisanlocal\",\"url\":\"https:\\\/\\\/www.artisanlocal.ch\\\/c\\\/\",\"logo\":{\"@type\":\"ImageObject\",\"inLanguage\":\"fr-FR\",\"@id\":\"https:\\\/\\\/www.artisanlocal.ch\\\/c\\\/#\\\/schema\\\/logo\\\/image\\\/\",\"url\":\"https:\\\/\\\/www.artisanlocal.ch\\\/c\\\/wp-content\\\/uploads\\\/2024\\\/02\\\/logo-artisanlocal-h.svg\",\"contentUrl\":\"https:\\\/\\\/www.artisanlocal.ch\\\/c\\\/wp-content\\\/uploads\\\/2024\\\/02\\\/logo-artisanlocal-h.svg\",\"caption\":\"Artisanlocal\"},\"image\":{\"@id\":\"https:\\\/\\\/www.artisanlocal.ch\\\/c\\\/#\\\/schema\\\/logo\\\/image\\\/\"}}]}<\/script>\n<!-- \/ Yoast SEO Premium plugin. -->","yoast_head_json":{"title":"Peintre \u00e0 Epalinges - Artisanlocal","robots":{"index":"index","follow":"follow","max-snippet":"max-snippet:-1","max-image-preview":"max-image-preview:large","max-video-preview":"max-video-preview:-1"},"canonical":"https:\/\/www.artisanlocal.ch\/c\/trouver-le-meilleur-peintre-a-epalinges\/","og_locale":"fr_FR","og_type":"article","og_title":"Peintre \u00e0 Epalinges","og_description":"Besoin d&rsquo;un peintre \u00e0 Epalinge ? Artisanlocal r\u00e9alise la r\u00e9novation de votre int\u00e9rieur et de votre ext\u00e9rieur, nous nous adaptons \u00e0 vos horaires et intervenons rapidement chez vous \u00e0 Epalinges et dans les villes aux environs. Quels sont services d&rsquo;Artisanlocal ? Peinture int\u00e9rieure : sur vos portes, moulures, murs, et plafonds, ou dans des pi\u00e8ces [&hellip;]","og_url":"https:\/\/www.artisanlocal.ch\/c\/trouver-le-meilleur-peintre-a-epalinges\/","og_site_name":"Artisanlocal","article_modified_time":"2025-09-18T11:10:32+00:00","og_image":[{"width":1920,"height":300,"url":"https:\/\/www.artisanlocal.ch\/c\/wp-content\/uploads\/2024\/10\/peintre.jpg","type":"image\/jpeg"}],"twitter_card":"summary_large_image","twitter_misc":{"Dur\u00e9e de lecture estim\u00e9e":"4 minutes"},"schema":{"@context":"https:\/\/schema.org","@graph":[{"@type":"WebPage","@id":"https:\/\/www.artisanlocal.ch\/c\/trouver-le-meilleur-peintre-a-epalinges\/","url":"https:\/\/www.artisanlocal.ch\/c\/trouver-le-meilleur-peintre-a-epalinges\/","name":"Peintre \u00e0 Epalinges - Artisanlocal","isPartOf":{"@id":"https:\/\/www.artisanlocal.ch\/c\/#website"},"primaryImageOfPage":{"@id":"https:\/\/www.artisanlocal.ch\/c\/trouver-le-meilleur-peintre-a-epalinges\/#primaryimage"},"image":{"@id":"https:\/\/www.artisanlocal.ch\/c\/trouver-le-meilleur-peintre-a-epalinges\/#primaryimage"},"thumbnailUrl":"https:\/\/www.artisanlocal.ch\/c\/wp-content\/uploads\/2024\/10\/peintre.jpg","datePublished":"2024-04-16T09:53:47+00:00","dateModified":"2025-09-18T11:10:32+00:00","breadcrumb":{"@id":"https:\/\/www.artisanlocal.ch\/c\/trouver-le-meilleur-peintre-a-epalinges\/#breadcrumb"},"inLanguage":"fr-FR","potentialAction":[{"@type":"ReadAction","target":["https:\/\/www.artisanlocal.ch\/c\/trouver-le-meilleur-peintre-a-epalinges\/"]}]},{"@type":"ImageObject","inLanguage":"fr-FR","@id":"https:\/\/www.artisanlocal.ch\/c\/trouver-le-meilleur-peintre-a-epalinges\/#primaryimage","url":"https:\/\/www.artisanlocal.ch\/c\/wp-content\/uploads\/2024\/10\/peintre.jpg","contentUrl":"https:\/\/www.artisanlocal.ch\/c\/wp-content\/uploads\/2024\/10\/peintre.jpg","width":1920,"height":300},{"@type":"BreadcrumbList","@id":"https:\/\/www.artisanlocal.ch\/c\/trouver-le-meilleur-peintre-a-epalinges\/#breadcrumb","itemListElement":[{"@type":"ListItem","position":1,"name":"Accueil","item":"https:\/\/www.artisanlocal.ch\/c\/"},{"@type":"ListItem","position":2,"name":"Peintre \u00e0 Epalinges"}]},{"@type":"WebSite","@id":"https:\/\/www.artisanlocal.ch\/c\/#website","url":"https:\/\/www.artisanlocal.ch\/c\/","name":"Artisanlocal","description":"","publisher":{"@id":"https:\/\/www.artisanlocal.ch\/c\/#organization"},"potentialAction":[{"@type":"SearchAction","target":{"@type":"EntryPoint","urlTemplate":"https:\/\/www.artisanlocal.ch\/c\/?s={search_term_string}"},"query-input":{"@type":"PropertyValueSpecification","valueRequired":true,"valueName":"search_term_string"}}],"inLanguage":"fr-FR"},{"@type":"Organization","@id":"https:\/\/www.artisanlocal.ch\/c\/#organization","name":"Artisanlocal","url":"https:\/\/www.artisanlocal.ch\/c\/","logo":{"@type":"ImageObject","inLanguage":"fr-FR","@id":"https:\/\/www.artisanlocal.ch\/c\/#\/schema\/logo\/image\/","url":"https:\/\/www.artisanlocal.ch\/c\/wp-content\/uploads\/2024\/02\/logo-artisanlocal-h.svg","contentUrl":"https:\/\/www.artisanlocal.ch\/c\/wp-content\/uploads\/2024\/02\/logo-artisanlocal-h.svg","caption":"Artisanlocal"},"image":{"@id":"https:\/\/www.artisanlocal.ch\/c\/#\/schema\/logo\/image\/"}}]}},"_links":{"self":[{"href":"https:\/\/www.artisanlocal.ch\/c\/wp-json\/wp\/v2\/pages\/750","targetHints":{"allow":["GET"]}}],"collection":[{"href":"https:\/\/www.artisanlocal.ch\/c\/wp-json\/wp\/v2\/pages"}],"about":[{"href":"https:\/\/www.artisanlocal.ch\/c\/wp-json\/wp\/v2\/types\/page"}],"author":[{"embeddable":true,"href":"https:\/\/www.artisanlocal.ch\/c\/wp-json\/wp\/v2\/users\/4"}],"replies":[{"embeddable":true,"href":"https:\/\/www.artisanlocal.ch\/c\/wp-json\/wp\/v2\/comments?post=750"}],"version-history":[{"count":0,"href":"https:\/\/www.artisanlocal.ch\/c\/wp-json\/wp\/v2\/pages\/750\/revisions"}],"wp:featuredmedia":[{"embeddable":true,"href":"https:\/\/www.artisanlocal.ch\/c\/wp-json\/wp\/v2\/media\/2756"}],"wp:attachment":[{"href":"https:\/\/www.artisanlocal.ch\/c\/wp-json\/wp\/v2\/media?parent=750"}],"wp:term":[{"taxonomy":"profession","embeddable":true,"href":"https:\/\/www.artisanlocal.ch\/c\/wp-json\/wp\/v2\/profession?post=750"},{"taxonomy":"location","embeddable":true,"href":"https:\/\/www.artisanlocal.ch\/c\/wp-json\/wp\/v2\/location?post=750"},{"taxonomy":"canton","embeddable":true,"href":"https:\/\/www.artisanlocal.ch\/c\/wp-json\/wp\/v2\/canton?post=750"}],"curies":[{"name":"wp","href":"https:\/\/api.w.org\/{rel}","templated":true}]}}