{"id":751,"date":"2024-04-16T01:20:31","date_gmt":"2024-04-15T23:20:31","guid":{"rendered":"https:\/\/www.artisanlocal.ch\/c\/artisan-peintre-a-pully\/"},"modified":"2025-11-07T11:18:35","modified_gmt":"2025-11-07T10:18:35","slug":"artisan-peintre-a-pully","status":"publish","type":"page","link":"https:\/\/www.artisanlocal.ch\/c\/artisan-peintre-a-pully\/","title":{"rendered":"Peintre \u00e0 Pully"},"content":{"rendered":"<p>Besoin d&rsquo;un peintre \u00e0 Pully ? Artisanlocal intervient pour tous vos travaux de peinture, de l&rsquo;\u00e9tude aux finitions, nous nous adaptons \u00e0 votre emploi du temps et nous intervenons rapidement chez vous \u00e0 Pully et dans les villes aux alentours.<\/p>\n\r\n<div class=\"box\">\r\n            <div class=\"company-info\">\r\n            <img decoding=\"async\" class=\"company-info__logo\" src=\"https:\/\/www.artisanlocal.ch\/media\/cache\/thumb\/images\/companies\/67e1b2efb4d80686890645.png\" alt=\"Logo\">\r\n            <h2 class=\"company-info__name\">Devaux Peinture<\/h2>\r\n            <p class=\"company-info__business\">Entreprise de peinture<\/p>\r\n        <\/div>\r\n        <div class=\"company-contact\">\r\n            <p class=\"company-info__address\">Rte de Montheron 59<\/p>\r\n                            <div class=\"links\">\r\n                                            <a class=\"btn has-accent-background-color js-phoneNumber\" href=\"tel:0779731441\" title=\"Appelez\" data-id=\"25386\" data-type=\"11\">077 973 14 41<\/a>\r\n                                                                <a class=\"btn has-accent-background-color\" href=\"https:\/\/devauxpeinture.ch\/\" target=\"_blank\" title=\"Voir le site internet\" data-id=\"25386\" data-type=\"20\">Site internet<\/a>\r\n                                    <\/div>\r\n                    <\/div>\r\n    \r\n            \r\n<form action=\"https:\/\/www.artisanlocal.ch\/c\/wp-admin\/admin-ajax.php\" method=\"post\" class=\"form-contact\" id=\"artisan_form_contact_company_inline\">\r\n    <div><input type=\"hidden\" name=\"action\" value=\"company_contact\"><\/div>\r\n    <div><input type=\"hidden\" name=\"nonce\" value=\"67a23a8c67\"><\/div>\r\n    <div><input type=\"hidden\" name=\"company_id\" value=\"25386\"><\/div>\r\n    <div><input type=\"hidden\" name=\"form_id\" value=\"artisan_form_contact_company_inline\"><\/div>\r\n    <div class=\"gglcptch gglcptch_v3 gglcptch_custom\"><input type=\"hidden\" id=\"g-recaptcha-response\" name=\"g-recaptcha-response\" \/><br \/><div class=\"gglcptch_error_text\">La p\u00e9riode de v\u00e9rification reCAPTCHA a expir\u00e9. Veuillez recharger la page.<\/div><\/div>    <div class=\"form-content\">\r\n        <div class=\"form-group\">\r\n            <label for=\"contact_firstName\" class=\"required\">Pr\u00e9nom<\/label>\r\n            <input type=\"text\" name=\"firstName\" class=\"form-control\" required>\r\n        <\/div>\r\n        <div class=\"form-group\">\r\n            <label for=\"contact_lastName\" class=\"required\">Nom<\/label>\r\n            <input type=\"text\" name=\"lastName\" class=\"form-control\" required>\r\n        <\/div>\r\n        <div class=\"form-group\">\r\n            <label for=\"contact_email\" class=\"required\">Email<\/label>\r\n            <input type=\"email\" name=\"email\" class=\"form-control\" required>\r\n        <\/div>\r\n        <div class=\"form-group\">\r\n            <label for=\"contact_phone\" class=\"required\">Num\u00e9ro de t\u00e9l\u00e9phone<\/label>\r\n            <input type=\"tel\" name=\"phone\" class=\"form-control\" placeholder=\"0787117165\" pattern=\"^[0-9]{10}$\" required>\r\n        <\/div>\r\n        <div class=\"form-group\">\r\n            <label for=\"contact_postalCode\" class=\"required\">Code postal et localit\u00e9<\/label>\r\n            <input type=\"text\" name=\"postalCode\" class=\"form-control\" required>\r\n        <\/div>\r\n        <div class=\"form-group\">\r\n            <label for=\"contact_address\" class=\"required\">Adresse<\/label>\r\n            <input type=\"text\" name=\"address\" class=\"form-control\" required>\r\n        <\/div>\r\n        <div class=\"full-width topic\">\r\n            <p class=\"required\">Je souhaite \u00eatre contact\u00e9 pour :<\/p>\r\n            <div class=\"form-check\">\r\n                <input type=\"radio\" name=\"topic\" value=\"D\u00e9pannage\" class=\"form-control\" required>\r\n                <label for=\"d\u00e9pannage\">D\u00e9pannage<\/label>\r\n            <\/div>\r\n            <div class=\"form-check\">\r\n                <input type=\"radio\" name=\"topic\" value=\"Entretien\" class=\"form-control\" required>\r\n                <label for=\"entretien\">Entretien<\/label>\r\n            <\/div>\r\n            <div class=\"form-check\">\r\n                <input type=\"radio\" name=\"topic\" value=\"R\u00e9novation\" class=\"form-control\" required>\r\n                <label for=\"r\u00e9novation\">R\u00e9novation<\/label>\r\n            <\/div>\r\n            <div class=\"form-check\">\r\n                <input type=\"radio\" name=\"topic\" value=\"Autre\" class=\"form-control\" required>\r\n                <label for=\"autre\">Autre<\/label>\r\n            <\/div>\r\n        <\/div>\r\n        <div class=\"form-group full-width\">\r\n            <label for=\"contact_message\">Message<\/label>\r\n            <textarea name=\"message\" rows=\"3\" class=\"form-control\"><\/textarea>\r\n        <\/div>\r\n    <\/div>\r\n    <div class=\"form-actions\">\r\n        <button class=\"wp-block-button__link has-accent-background-color\">Contacter<\/button>\r\n    <\/div>\r\n<\/form>\r\n<div class=\"form-feedback\"><\/div>    <\/div>\n<h2>Nos services \u00e0 Pully<\/h2>\n<ul>\n<li>Peinture int\u00e9rieure : sur vos portes, moulures, murs, et plafonds, ou dans les autres pi\u00e8ces de votre habitation telles que votre salon, chambre, ou salle de bain.<\/li>\n<li>Peinture ext\u00e9rieure : sur portes de garage, terrasses, briques, bardages, cl\u00f4tures et stuc.<\/li>\n<li>Peinture d\u00e9corative : faux marbre, patines, effet vieilli, faux bois et effet oxyd\u00e9.<\/li>\n<li>Peinture de cuisine : finition satin\u00e9e.<\/li>\n<li>Enduits d\u00e9coratifs : b\u00e9ton cir\u00e9 ou le tadelakt.<\/li>\n<li>Peinture artistique : conception de fresques murales, d\u00e9coratives, artistiques, ext\u00e9rieures ou int\u00e9rieures.<\/li>\n<li>Peinture de ravalement de fa\u00e7ade : restauration des fa\u00e7ades de b\u00e2timents avec bardage, enduit, peinture ou cr\u00e9pi.<\/li>\n<li>Peinture cordiste : dans les endroits inaccessibles d\u2019acc\u00e8s, comme les ponts, \u00e9oliennes, tours, ou usines.<\/li>\n<li>Peinture de finition : sur les meubles de cuisine ou dans la salle d&rsquo;eau.<\/li>\n<li>R\u00e9paration de vos murs : colmatage des fissures, colmatage des creux dans les murs, ou encore mise en place de cloisons s\u00e8ches.<\/li>\n<li>Installation et suppression de papier peint : \u00e9limination et changement de votre ancienne tapisserie.<\/li>\n<li>Peinture pour commerces : pour les locaux commerciaux, restaurants, \u00e9tablissement scolaire, salles de sports et autres propri\u00e9t\u00e9s commerciales.<\/li>\n<li>Peinture pour b\u00e2timents : pr\u00e9paration des surfaces avant la peinture, et r\u00e9alisation des finitions et la pose des rev\u00eatements\/peintures.<\/li>\n<\/ul>\n<h2>Comment marche votre soci\u00e9t\u00e9 ?<\/h2>\n<p>Dans notre entreprise, nous avons d\u00e9velopp\u00e9 un processus pour r\u00e9pondre aux demandes de nos clients.<\/p>\n<h3>\u00c9tape 1\u00a0 : prise de contact et devis<\/h3>\n<p>Prenez contact avec notre peintre par email ou t\u00e9l\u00e9phone et recevez un devis gratuit et d\u00e9taill\u00e9.<\/p>\n<h3>\u00c9tape 2\u00a0 : analyser votre devis<\/h3>\n<p>Ayez la garantie que le devis que vous obtenez fixe bien le prix de votre projet. Si vous avez un doute, contactez-nous pour obtenir plus d&rsquo;informations sur les \u00e9l\u00e9ments de votre estimation.<\/p>\n<h3>\u00c9tape 3\u00a0 : fixer la date de d\u00e9but<\/h3>\n<p>Une fois que vous avez valid\u00e9 le devis, nous d\u00e9cidons ensemble la date de d\u00e9marrage de votre projet.<\/p>\n<h2>Quel est le prix d&rsquo;un service de peinture \u00e0 Pully ?<\/h2>\n<p>Le prix d\u00e9pend principalement de l&rsquo;\u00e9tat des surfaces \u00e0 peindre. En moyenne, les tarifs sont compris entre 60 et 70 CHF par heure. \u00c0 peu pr\u00e8s 80% \u00e0 90% du montant total est allou\u00e9 \u00e0 la main-d&rsquo;\u0153uvre, alors que la peinture ne repr\u00e9sente que 10% \u00e0 20%.<\/p>\n<h2>Quels sont les avantages de faire appel \u00e0 Artisanlocal ?<\/h2>\n<ul>\n<li>Disponibilit\u00e9 : install\u00e9 \u00e0 Pully, Artisanlocal intervient rapidement dans votre foyer.<\/li>\n<li>Exp\u00e9rience : nos peintres sont exp\u00e9riment\u00e9s.<\/li>\n<li>Prix attractifs : nous proposons des prix attractifs, adapt\u00e9s \u00e0 vos exigences et \u00e0 vos moyens financiers.<\/li>\n<li>Services sur mesure : nous analysons votre projet pour vous proposer un service personnalis\u00e9.<\/li>\n<\/ul>\n<h2>FAQ<\/h2>\n<h3>Quel type de peinture utilisez-vous ?<\/h3>\n<p>Nous utilisons que des peintures de qualit\u00e9. Cependant, nous pouvons utiliser la peinture que vous avez d\u00e9j\u00e0 achet\u00e9e.<\/p>\n<h3>Votre soci\u00e9t\u00e9 est-elle joignable le week-end ?<\/h3>\n<p>Oui, notre entreprise est disponible les week-ends.<\/p>\n<h3>Assurez-vous la protection de mon mobilier ?<\/h3>\n<p>Oui, nous prot\u00e9geons votre mobilier et votre \u00e9lectrom\u00e9nager durant notre intervention. Informez-nous de vos objets fragiles, notre \u00e9quipe prendra des pr\u00e9cautions suppl\u00e9mentaires.<\/p>\n<h3>Que se passe-t-il si je ne suis pas content du travail effectu\u00e9 ?<\/h3>\n<p>Si notre prestation ne vous satisfait pas, nous prenons l&rsquo;engagement d&rsquo;effectuer les ajustements n\u00e9cessaires jusqu&rsquo;\u00e0 ce que vous soyez satisfait.<\/p>\n<h3>Vos devis sont-ils gratuits ?<\/h3>\n<p>Oui, nos devis sont 100% gratuits et sans engagements.<\/p>\n<h3>Vos services s&rsquo;\u00e9tendent-ils aux villes proches de Pully ?<\/h3>\n<p>Oui, Artisalocal intervient \u00e0 Pully, mais aussi dans les villes proches, comme :<\/p>\nLes Monts-de-Pully, La Croix (Lutry), Belmont-sur-Lausanne, La Conversion, Paudex, Lutry.\n","protected":false},"excerpt":{"rendered":"<p>Besoin d&rsquo;un peintre \u00e0 Pully ? Artisanlocal intervient pour tous vos travaux de peinture, de l&rsquo;\u00e9tude aux finitions, nous nous adaptons \u00e0 votre emploi du temps et nous intervenons rapidement chez vous \u00e0 Pully et dans les villes aux alentours. Nos services \u00e0 Pully Peinture int\u00e9rieure : sur vos portes, moulures, murs, et plafonds, ou [&hellip;]<\/p>\n","protected":false},"author":4,"featured_media":2756,"parent":0,"menu_order":0,"comment_status":"closed","ping_status":"closed","template":"","meta":{"footnotes":""},"profession":[121],"location":[80],"canton":[113],"class_list":["post-751","page","type-page","status-publish","has-post-thumbnail","hentry","profession-peintre","location-pully","canton-vd"],"yoast_head":"<!-- This site is optimized with the Yoast SEO Premium plugin v25.7.1 (Yoast SEO v27.3) - https:\/\/yoast.com\/product\/yoast-seo-premium-wordpress\/ -->\n<title>Peintre \u00e0 Pully - Artisanlocal<\/title>\n<meta name=\"robots\" content=\"index, follow, max-snippet:-1, max-image-preview:large, max-video-preview:-1\" \/>\n<link rel=\"canonical\" href=\"https:\/\/www.artisanlocal.ch\/c\/artisan-peintre-a-pully\/\" \/>\n<meta property=\"og:locale\" content=\"fr_FR\" \/>\n<meta property=\"og:type\" content=\"article\" \/>\n<meta property=\"og:title\" content=\"Peintre \u00e0 Pully\" \/>\n<meta property=\"og:description\" content=\"Besoin d&rsquo;un peintre \u00e0 Pully ? Artisanlocal intervient pour tous vos travaux de peinture, de l&rsquo;\u00e9tude aux finitions, nous nous adaptons \u00e0 votre emploi du temps et nous intervenons rapidement chez vous \u00e0 Pully et dans les villes aux alentours. Nos services \u00e0 Pully Peinture int\u00e9rieure : sur vos portes, moulures, murs, et plafonds, ou [&hellip;]\" \/>\n<meta property=\"og:url\" content=\"https:\/\/www.artisanlocal.ch\/c\/artisan-peintre-a-pully\/\" \/>\n<meta property=\"og:site_name\" content=\"Artisanlocal\" \/>\n<meta property=\"article:modified_time\" content=\"2025-11-07T10:18:35+00:00\" \/>\n<meta property=\"og:image\" content=\"https:\/\/www.artisanlocal.ch\/c\/wp-content\/uploads\/2024\/10\/peintre.jpg\" \/>\n\t<meta property=\"og:image:width\" content=\"1920\" \/>\n\t<meta property=\"og:image:height\" content=\"300\" \/>\n\t<meta property=\"og:image:type\" content=\"image\/jpeg\" \/>\n<meta name=\"twitter:card\" content=\"summary_large_image\" \/>\n<meta name=\"twitter:label1\" content=\"Dur\u00e9e de lecture estim\u00e9e\" \/>\n\t<meta name=\"twitter:data1\" content=\"4 minutes\" \/>\n<script type=\"application\/ld+json\" class=\"yoast-schema-graph\">{\"@context\":\"https:\\\/\\\/schema.org\",\"@graph\":[{\"@type\":\"WebPage\",\"@id\":\"https:\\\/\\\/www.artisanlocal.ch\\\/c\\\/artisan-peintre-a-pully\\\/\",\"url\":\"https:\\\/\\\/www.artisanlocal.ch\\\/c\\\/artisan-peintre-a-pully\\\/\",\"name\":\"Peintre \u00e0 Pully - Artisanlocal\",\"isPartOf\":{\"@id\":\"https:\\\/\\\/www.artisanlocal.ch\\\/c\\\/#website\"},\"primaryImageOfPage\":{\"@id\":\"https:\\\/\\\/www.artisanlocal.ch\\\/c\\\/artisan-peintre-a-pully\\\/#primaryimage\"},\"image\":{\"@id\":\"https:\\\/\\\/www.artisanlocal.ch\\\/c\\\/artisan-peintre-a-pully\\\/#primaryimage\"},\"thumbnailUrl\":\"https:\\\/\\\/www.artisanlocal.ch\\\/c\\\/wp-content\\\/uploads\\\/2024\\\/10\\\/peintre.jpg\",\"datePublished\":\"2024-04-15T23:20:31+00:00\",\"dateModified\":\"2025-11-07T10:18:35+00:00\",\"breadcrumb\":{\"@id\":\"https:\\\/\\\/www.artisanlocal.ch\\\/c\\\/artisan-peintre-a-pully\\\/#breadcrumb\"},\"inLanguage\":\"fr-FR\",\"potentialAction\":[{\"@type\":\"ReadAction\",\"target\":[\"https:\\\/\\\/www.artisanlocal.ch\\\/c\\\/artisan-peintre-a-pully\\\/\"]}]},{\"@type\":\"ImageObject\",\"inLanguage\":\"fr-FR\",\"@id\":\"https:\\\/\\\/www.artisanlocal.ch\\\/c\\\/artisan-peintre-a-pully\\\/#primaryimage\",\"url\":\"https:\\\/\\\/www.artisanlocal.ch\\\/c\\\/wp-content\\\/uploads\\\/2024\\\/10\\\/peintre.jpg\",\"contentUrl\":\"https:\\\/\\\/www.artisanlocal.ch\\\/c\\\/wp-content\\\/uploads\\\/2024\\\/10\\\/peintre.jpg\",\"width\":1920,\"height\":300},{\"@type\":\"BreadcrumbList\",\"@id\":\"https:\\\/\\\/www.artisanlocal.ch\\\/c\\\/artisan-peintre-a-pully\\\/#breadcrumb\",\"itemListElement\":[{\"@type\":\"ListItem\",\"position\":1,\"name\":\"Accueil\",\"item\":\"https:\\\/\\\/www.artisanlocal.ch\\\/c\\\/\"},{\"@type\":\"ListItem\",\"position\":2,\"name\":\"Peintre \u00e0 Pully\"}]},{\"@type\":\"WebSite\",\"@id\":\"https:\\\/\\\/www.artisanlocal.ch\\\/c\\\/#website\",\"url\":\"https:\\\/\\\/www.artisanlocal.ch\\\/c\\\/\",\"name\":\"Artisanlocal\",\"description\":\"\",\"publisher\":{\"@id\":\"https:\\\/\\\/www.artisanlocal.ch\\\/c\\\/#organization\"},\"potentialAction\":[{\"@type\":\"SearchAction\",\"target\":{\"@type\":\"EntryPoint\",\"urlTemplate\":\"https:\\\/\\\/www.artisanlocal.ch\\\/c\\\/?s={search_term_string}\"},\"query-input\":{\"@type\":\"PropertyValueSpecification\",\"valueRequired\":true,\"valueName\":\"search_term_string\"}}],\"inLanguage\":\"fr-FR\"},{\"@type\":\"Organization\",\"@id\":\"https:\\\/\\\/www.artisanlocal.ch\\\/c\\\/#organization\",\"name\":\"Artisanlocal\",\"url\":\"https:\\\/\\\/www.artisanlocal.ch\\\/c\\\/\",\"logo\":{\"@type\":\"ImageObject\",\"inLanguage\":\"fr-FR\",\"@id\":\"https:\\\/\\\/www.artisanlocal.ch\\\/c\\\/#\\\/schema\\\/logo\\\/image\\\/\",\"url\":\"https:\\\/\\\/www.artisanlocal.ch\\\/c\\\/wp-content\\\/uploads\\\/2024\\\/02\\\/logo-artisanlocal-h.svg\",\"contentUrl\":\"https:\\\/\\\/www.artisanlocal.ch\\\/c\\\/wp-content\\\/uploads\\\/2024\\\/02\\\/logo-artisanlocal-h.svg\",\"caption\":\"Artisanlocal\"},\"image\":{\"@id\":\"https:\\\/\\\/www.artisanlocal.ch\\\/c\\\/#\\\/schema\\\/logo\\\/image\\\/\"}}]}<\/script>\n<!-- \/ Yoast SEO Premium plugin. -->","yoast_head_json":{"title":"Peintre \u00e0 Pully - Artisanlocal","robots":{"index":"index","follow":"follow","max-snippet":"max-snippet:-1","max-image-preview":"max-image-preview:large","max-video-preview":"max-video-preview:-1"},"canonical":"https:\/\/www.artisanlocal.ch\/c\/artisan-peintre-a-pully\/","og_locale":"fr_FR","og_type":"article","og_title":"Peintre \u00e0 Pully","og_description":"Besoin d&rsquo;un peintre \u00e0 Pully ? Artisanlocal intervient pour tous vos travaux de peinture, de l&rsquo;\u00e9tude aux finitions, nous nous adaptons \u00e0 votre emploi du temps et nous intervenons rapidement chez vous \u00e0 Pully et dans les villes aux alentours. Nos services \u00e0 Pully Peinture int\u00e9rieure : sur vos portes, moulures, murs, et plafonds, ou [&hellip;]","og_url":"https:\/\/www.artisanlocal.ch\/c\/artisan-peintre-a-pully\/","og_site_name":"Artisanlocal","article_modified_time":"2025-11-07T10:18:35+00:00","og_image":[{"width":1920,"height":300,"url":"https:\/\/www.artisanlocal.ch\/c\/wp-content\/uploads\/2024\/10\/peintre.jpg","type":"image\/jpeg"}],"twitter_card":"summary_large_image","twitter_misc":{"Dur\u00e9e de lecture estim\u00e9e":"4 minutes"},"schema":{"@context":"https:\/\/schema.org","@graph":[{"@type":"WebPage","@id":"https:\/\/www.artisanlocal.ch\/c\/artisan-peintre-a-pully\/","url":"https:\/\/www.artisanlocal.ch\/c\/artisan-peintre-a-pully\/","name":"Peintre \u00e0 Pully - Artisanlocal","isPartOf":{"@id":"https:\/\/www.artisanlocal.ch\/c\/#website"},"primaryImageOfPage":{"@id":"https:\/\/www.artisanlocal.ch\/c\/artisan-peintre-a-pully\/#primaryimage"},"image":{"@id":"https:\/\/www.artisanlocal.ch\/c\/artisan-peintre-a-pully\/#primaryimage"},"thumbnailUrl":"https:\/\/www.artisanlocal.ch\/c\/wp-content\/uploads\/2024\/10\/peintre.jpg","datePublished":"2024-04-15T23:20:31+00:00","dateModified":"2025-11-07T10:18:35+00:00","breadcrumb":{"@id":"https:\/\/www.artisanlocal.ch\/c\/artisan-peintre-a-pully\/#breadcrumb"},"inLanguage":"fr-FR","potentialAction":[{"@type":"ReadAction","target":["https:\/\/www.artisanlocal.ch\/c\/artisan-peintre-a-pully\/"]}]},{"@type":"ImageObject","inLanguage":"fr-FR","@id":"https:\/\/www.artisanlocal.ch\/c\/artisan-peintre-a-pully\/#primaryimage","url":"https:\/\/www.artisanlocal.ch\/c\/wp-content\/uploads\/2024\/10\/peintre.jpg","contentUrl":"https:\/\/www.artisanlocal.ch\/c\/wp-content\/uploads\/2024\/10\/peintre.jpg","width":1920,"height":300},{"@type":"BreadcrumbList","@id":"https:\/\/www.artisanlocal.ch\/c\/artisan-peintre-a-pully\/#breadcrumb","itemListElement":[{"@type":"ListItem","position":1,"name":"Accueil","item":"https:\/\/www.artisanlocal.ch\/c\/"},{"@type":"ListItem","position":2,"name":"Peintre \u00e0 Pully"}]},{"@type":"WebSite","@id":"https:\/\/www.artisanlocal.ch\/c\/#website","url":"https:\/\/www.artisanlocal.ch\/c\/","name":"Artisanlocal","description":"","publisher":{"@id":"https:\/\/www.artisanlocal.ch\/c\/#organization"},"potentialAction":[{"@type":"SearchAction","target":{"@type":"EntryPoint","urlTemplate":"https:\/\/www.artisanlocal.ch\/c\/?s={search_term_string}"},"query-input":{"@type":"PropertyValueSpecification","valueRequired":true,"valueName":"search_term_string"}}],"inLanguage":"fr-FR"},{"@type":"Organization","@id":"https:\/\/www.artisanlocal.ch\/c\/#organization","name":"Artisanlocal","url":"https:\/\/www.artisanlocal.ch\/c\/","logo":{"@type":"ImageObject","inLanguage":"fr-FR","@id":"https:\/\/www.artisanlocal.ch\/c\/#\/schema\/logo\/image\/","url":"https:\/\/www.artisanlocal.ch\/c\/wp-content\/uploads\/2024\/02\/logo-artisanlocal-h.svg","contentUrl":"https:\/\/www.artisanlocal.ch\/c\/wp-content\/uploads\/2024\/02\/logo-artisanlocal-h.svg","caption":"Artisanlocal"},"image":{"@id":"https:\/\/www.artisanlocal.ch\/c\/#\/schema\/logo\/image\/"}}]}},"_links":{"self":[{"href":"https:\/\/www.artisanlocal.ch\/c\/wp-json\/wp\/v2\/pages\/751","targetHints":{"allow":["GET"]}}],"collection":[{"href":"https:\/\/www.artisanlocal.ch\/c\/wp-json\/wp\/v2\/pages"}],"about":[{"href":"https:\/\/www.artisanlocal.ch\/c\/wp-json\/wp\/v2\/types\/page"}],"author":[{"embeddable":true,"href":"https:\/\/www.artisanlocal.ch\/c\/wp-json\/wp\/v2\/users\/4"}],"replies":[{"embeddable":true,"href":"https:\/\/www.artisanlocal.ch\/c\/wp-json\/wp\/v2\/comments?post=751"}],"version-history":[{"count":0,"href":"https:\/\/www.artisanlocal.ch\/c\/wp-json\/wp\/v2\/pages\/751\/revisions"}],"wp:featuredmedia":[{"embeddable":true,"href":"https:\/\/www.artisanlocal.ch\/c\/wp-json\/wp\/v2\/media\/2756"}],"wp:attachment":[{"href":"https:\/\/www.artisanlocal.ch\/c\/wp-json\/wp\/v2\/media?parent=751"}],"wp:term":[{"taxonomy":"profession","embeddable":true,"href":"https:\/\/www.artisanlocal.ch\/c\/wp-json\/wp\/v2\/profession?post=751"},{"taxonomy":"location","embeddable":true,"href":"https:\/\/www.artisanlocal.ch\/c\/wp-json\/wp\/v2\/location?post=751"},{"taxonomy":"canton","embeddable":true,"href":"https:\/\/www.artisanlocal.ch\/c\/wp-json\/wp\/v2\/canton?post=751"}],"curies":[{"name":"wp","href":"https:\/\/api.w.org\/{rel}","templated":true}]}}