{"id":752,"date":"2024-04-16T00:24:28","date_gmt":"2024-04-15T22:24:28","guid":{"rendered":"https:\/\/www.artisanlocal.ch\/c\/trouver-le-meilleur-peintre-a-prilly\/"},"modified":"2025-09-17T19:49:03","modified_gmt":"2025-09-17T17:49:03","slug":"trouver-le-meilleur-peintre-a-prilly","status":"publish","type":"page","link":"https:\/\/www.artisanlocal.ch\/c\/trouver-le-meilleur-peintre-a-prilly\/","title":{"rendered":"Peintre \u00e0 Prilly"},"content":{"rendered":"<p>Besoin d&rsquo;un peintre \u00e0 Prilly ? Artisanlocal effectue tous vos travaux de peinture int\u00e9rieure\/ext\u00e9rieure et intervient rapidement dans votre foyer \u00e0 Prilly.<\/p>\n\r\n<div class=\"box\">\r\n            <div class=\"company-info\">\r\n            <img decoding=\"async\" class=\"company-info__logo\" src=\"https:\/\/www.artisanlocal.ch\/media\/cache\/thumb\/images\/companies\/62611d5f9953b292173054.png\" alt=\"Logo\">\r\n            <h2 class=\"company-info__name\">Di Salvo St\u00e9phane<\/h2>\r\n            <p class=\"company-info__business\">Pl\u00e2trerie - Peinture - R\u00e9novation - Papiers peints - Fa\u00e7ades<\/p>\r\n        <\/div>\r\n        <div class=\"company-contact\">\r\n            <p class=\"company-info__address\">Chemin de Bourg-Dessus 9<\/p>\r\n                            <div class=\"links\">\r\n                                            <a class=\"btn has-accent-background-color js-phoneNumber\" href=\"tel:0794180161\" title=\"Appelez\" data-id=\"2907\" data-type=\"11\">079 418 01 61<\/a>\r\n                                                                <a class=\"btn has-accent-background-color\" href=\"https:\/\/www.disalvo-peinture-renens.ch\/\" target=\"_blank\" title=\"Voir le site internet\" data-id=\"2907\" data-type=\"20\">Site internet<\/a>\r\n                                    <\/div>\r\n                    <\/div>\r\n    \r\n            \r\n<form action=\"https:\/\/www.artisanlocal.ch\/c\/wp-admin\/admin-ajax.php\" method=\"post\" class=\"form-contact\" id=\"artisan_form_contact_company_inline\">\r\n    <div><input type=\"hidden\" name=\"action\" value=\"company_contact\"><\/div>\r\n    <div><input type=\"hidden\" name=\"nonce\" value=\"67a23a8c67\"><\/div>\r\n    <div><input type=\"hidden\" name=\"company_id\" value=\"2907\"><\/div>\r\n    <div><input type=\"hidden\" name=\"form_id\" value=\"artisan_form_contact_company_inline\"><\/div>\r\n    <div class=\"gglcptch gglcptch_v3 gglcptch_custom\"><input type=\"hidden\" id=\"g-recaptcha-response\" name=\"g-recaptcha-response\" \/><br \/><div class=\"gglcptch_error_text\">La p\u00e9riode de v\u00e9rification reCAPTCHA a expir\u00e9. Veuillez recharger la page.<\/div><\/div>    <div class=\"form-content\">\r\n        <div class=\"form-group\">\r\n            <label for=\"contact_firstName\" class=\"required\">Pr\u00e9nom<\/label>\r\n            <input type=\"text\" name=\"firstName\" class=\"form-control\" required>\r\n        <\/div>\r\n        <div class=\"form-group\">\r\n            <label for=\"contact_lastName\" class=\"required\">Nom<\/label>\r\n            <input type=\"text\" name=\"lastName\" class=\"form-control\" required>\r\n        <\/div>\r\n        <div class=\"form-group\">\r\n            <label for=\"contact_email\" class=\"required\">Email<\/label>\r\n            <input type=\"email\" name=\"email\" class=\"form-control\" required>\r\n        <\/div>\r\n        <div class=\"form-group\">\r\n            <label for=\"contact_phone\" class=\"required\">Num\u00e9ro de t\u00e9l\u00e9phone<\/label>\r\n            <input type=\"tel\" name=\"phone\" class=\"form-control\" placeholder=\"0787117165\" pattern=\"^[0-9]{10}$\" required>\r\n        <\/div>\r\n        <div class=\"form-group\">\r\n            <label for=\"contact_postalCode\" class=\"required\">Code postal et localit\u00e9<\/label>\r\n            <input type=\"text\" name=\"postalCode\" class=\"form-control\" required>\r\n        <\/div>\r\n        <div class=\"form-group\">\r\n            <label for=\"contact_address\" class=\"required\">Adresse<\/label>\r\n            <input type=\"text\" name=\"address\" class=\"form-control\" required>\r\n        <\/div>\r\n        <div class=\"full-width topic\">\r\n            <p class=\"required\">Je souhaite \u00eatre contact\u00e9 pour :<\/p>\r\n            <div class=\"form-check\">\r\n                <input type=\"radio\" name=\"topic\" value=\"D\u00e9pannage\" class=\"form-control\" required>\r\n                <label for=\"d\u00e9pannage\">D\u00e9pannage<\/label>\r\n            <\/div>\r\n            <div class=\"form-check\">\r\n                <input type=\"radio\" name=\"topic\" value=\"Entretien\" class=\"form-control\" required>\r\n                <label for=\"entretien\">Entretien<\/label>\r\n            <\/div>\r\n            <div class=\"form-check\">\r\n                <input type=\"radio\" name=\"topic\" value=\"R\u00e9novation\" class=\"form-control\" required>\r\n                <label for=\"r\u00e9novation\">R\u00e9novation<\/label>\r\n            <\/div>\r\n            <div class=\"form-check\">\r\n                <input type=\"radio\" name=\"topic\" value=\"Autre\" class=\"form-control\" required>\r\n                <label for=\"autre\">Autre<\/label>\r\n            <\/div>\r\n        <\/div>\r\n        <div class=\"form-group full-width\">\r\n            <label for=\"contact_message\">Message<\/label>\r\n            <textarea name=\"message\" rows=\"3\" class=\"form-control\"><\/textarea>\r\n        <\/div>\r\n    <\/div>\r\n    <div class=\"form-actions\">\r\n        <button class=\"wp-block-button__link has-accent-background-color\">Contacter<\/button>\r\n    <\/div>\r\n<\/form>\r\n<div class=\"form-feedback\"><\/div>    <\/div>\n<h2>Quels sont les services que votre entreprise propose ?<\/h2>\n<ul>\n<li>Peinture int\u00e9rieure : les moulures, les murs, les plafonds, les portes d&rsquo;entr\u00e9es, et dans des endroits comme la salle d&rsquo;eau, la chambre et le salon.<\/li>\n<li>Peinture ext\u00e9rieure : application d&rsquo;une nouvelle couche de peinture sur les terrasses, les cl\u00f4tures, le bardage, les briques, le stuc et les portes de votre parking.<\/li>\n<li>Peinture d\u00e9corative : afin de cr\u00e9er des effets visuels comme le faux marbre, l&rsquo;effet oxyd\u00e9, les patines, le faux bois et l&rsquo;effet vieilli.<\/li>\n<li>Peinture dans votre cuisine : application d&rsquo;une couche, comme la peinture satin\u00e9e, qui se lave facilement.<\/li>\n<li>L&rsquo;utilisation d&rsquo;enduits d\u00e9coratifs : ajout b\u00e9ton cir\u00e9 ou tadelakt, ou des enduits.<\/li>\n<li>Artiste peintre : r\u00e9alisation de peintures murales (ext\u00e9rieur, int\u00e9rieur, artistique ou d\u00e9corative).<\/li>\n<li>Peinture pour le ravalement de fa\u00e7ade : restauration, r\u00e9novation des fa\u00e7ades de b\u00e2timents avec enduit, bardage, cr\u00e9pi ou peinture.<\/li>\n<li>Peinture en hauteur : nos artisans peintres interviennent dans des environnements compliqu\u00e9s comme les usines, les tours ou les ponts.<\/li>\n<li>Peinture de finition : ajout d\u2019une peinture de finition dans votre salle d&rsquo;eau ou sur vos meubles de cuisines.<\/li>\n<li>Les travaux de r\u00e9novation et d&rsquo;installation : le colmatage des fissures, la mise en place de votre placo, ou la r\u00e9paration des creux dans les murs.<\/li>\n<li>Retrait et pose de papier peint : changement et suppression de votre ancien papier peint.<\/li>\n<li>Peinture pour les soci\u00e9t\u00e9s : pour les \u00e9tablissements scolaire, local commercial, espaces commerciaux, restaurants et salles de sports.<\/li>\n<li>Peinture pour les b\u00e2timents : nos peintres interviennent aussi dans les b\u00e2timents, pour la pr\u00e9paration des zones \u00e0 peindre, la r\u00e9alisation des travaux de finition et l\u2019application des peintures et rev\u00eatements.<\/li>\n<\/ul>\n<h2>Comment votre soci\u00e9t\u00e9 fonctionne ?<\/h2>\n<p>Dans notre soci\u00e9t\u00e9, nous avons cr\u00e9\u00e9 un syst\u00e8me \u00e9tape par \u00e9tape afin de r\u00e9pondre aux demandes de nos clients.<\/p>\n<h3>\u00c9tape 1\u00a0 : commander un devis<\/h3>\n<p>Obtenez un devis gratuit par t\u00e9l\u00e9phone ou en ligne et recevez une estimation de vos travaux en moins de 24 heures.<\/p>\n<h3>\u00c9tape 2\u00a0 : analyser votre estimation<\/h3>\n<p>Assurez-vous que le devis que vous obtenez fixe bien le prix de votre projet. Si vous avez un doute, contactez-nous pour obtenir plus d&rsquo;informations sur les d\u00e9tails de votre estimation.<\/p>\n<h3>\u00c9tape 3\u00a0 : organiser la date de commencement de votre projet peinture<\/h3>\n<p>Une fois que vous avez valid\u00e9 le devis, nous d\u00e9terminons ensemble la date de d\u00e9part de votre projet. Pour atteindre vos objectifs, vous avez un chef de projet d\u00e9di\u00e9.<\/p>\n<h2>Quel est le prix d&rsquo;une prestation de peinture \u00e0 Prilly ?<\/h2>\n<p>Le co\u00fbt des travaux d\u00e9pend principalement de l&rsquo;\u00e9tat des zones \u00e0 r\u00e9nover. En moyenne, les tarifs sont compris entre 60 et 70 CHF par heure. La main-d&rsquo;\u0153uvre repr\u00e9sente environ 80% \u00e0 90% du prix, tandis que le montant de la peinture ne repr\u00e9sente que 10% \u00e0 20% du tarif.<\/p>\n<h2>Quelles sont les raisons de choisir nos peintres \u00e0 Prilly ?<\/h2>\n<ul>\n<li>Accessibilit\u00e9 : nos peintres sont disponibles en continu \u00e0 Prilly pour r\u00e9pondre rapidement \u00e0 vos besoins.<\/li>\n<li>Excellence : en faisant appel \u00e0 notre entreprise, vous avez l&rsquo;assurance de profiter de prestations de qualit\u00e9, effectu\u00e9es avec professionnalisme et s\u00e9rieux.<\/li>\n<li>Tarifs \u00e9conomiques : nous proposons des tarifs attractifs, adapt\u00e9s \u00e0 vos moyens et \u00e0 vos demandes.<\/li>\n<li>Prestations personnalis\u00e9es : nous prenons en consid\u00e9ration les caract\u00e9ristiques de votre projet afin de vous soumettre des solutions sur-mesure.<\/li>\n<li>Le savoir-faire, nos experts de la peinture \u00e0 Prilly ont plusieurs comp\u00e9tences, telles que : la pr\u00e9paration avant les travaux de peinture, l&rsquo;application des multiples couches et la mise en \u0153uvre des touches finales.<\/li>\n<\/ul>\n<h2>FAQ<\/h2>\n<h3>Quel genre de peinture utilisez-vous ?<\/h3>\n<p>Nous choisissons que des peintures de qualit\u00e9 sup\u00e9rieure. Les pots de peinture que vous avez en stock peuvent \u00eatre aussi appliqu\u00e9s par nos artisans peintres.<\/p>\n<h3>Vos peintres sont disponibles le week-end ?<\/h3>\n<p>Oui, nous sommes disponibles le week-end \u00e0 Prilly.<\/p>\n<h3>Les meubles sont-ils couverts lors de l&rsquo;application de la peinture ?<\/h3>\n<p>Oui, avant les travaux, nous couvrons votre mobilier et votre \u00e9lectrom\u00e9nager. N\u00e9anmoins, si vous avez des objets susceptibles de se briser, nous vous pr\u00e9conisons d&rsquo;en aviser notre \u00e9quipe d&rsquo;artisans, nous mettrons en \u0153uvre des mesures suppl\u00e9mentaires.<\/p>\n<h3>Que faire si les travaux image effectu\u00e9s ne satisfont pas \u00e0 mes d\u00e9sirs ?<\/h3>\n<p>Si vous n&rsquo;\u00eates pas satisfait des r\u00e9sultats, nous interviendrons de nouveau chez vous pour r\u00e9soudre les manques jusqu&rsquo;\u00e0 ce que vous soyez combl\u00e9.<\/p>\n<h3>Fournissez-vous des devis gratuits ?<\/h3>\n<p>Nos devis sont gratuits et sans engagements. Nos peintres se d\u00e9placent chez vous dans le but de r\u00e9pondre \u00e0 vos questions et valider avec vous votre devis.<\/p>\n<h3>La soci\u00e9t\u00e9 Artisanlocal r\u00e9alise-t-elle des travaux pr\u00e8s de Prilly ?<\/h3>\n<p>Oui, nous intervenons \u00e0 Prilly, et aussi dans les villes proches, telles que :<\/p>\nJouxtens-M\u00e9zery, Renens VD, Crissier.\n","protected":false},"excerpt":{"rendered":"<p>Besoin d&rsquo;un peintre \u00e0 Prilly ? Artisanlocal effectue tous vos travaux de peinture int\u00e9rieure\/ext\u00e9rieure et intervient rapidement dans votre foyer \u00e0 Prilly. Quels sont les services que votre entreprise propose ? Peinture int\u00e9rieure : les moulures, les murs, les plafonds, les portes d&rsquo;entr\u00e9es, et dans des endroits comme la salle d&rsquo;eau, la chambre et le [&hellip;]<\/p>\n","protected":false},"author":4,"featured_media":2756,"parent":0,"menu_order":0,"comment_status":"closed","ping_status":"closed","template":"","meta":{"footnotes":""},"profession":[121],"location":[68],"canton":[113],"class_list":["post-752","page","type-page","status-publish","has-post-thumbnail","hentry","profession-peintre","location-prilly","canton-vd"],"yoast_head":"<!-- This site is optimized with the Yoast SEO Premium plugin v25.7.1 (Yoast SEO v27.3) - https:\/\/yoast.com\/product\/yoast-seo-premium-wordpress\/ -->\n<title>Peintre \u00e0 Prilly - Artisanlocal<\/title>\n<meta name=\"robots\" content=\"index, follow, max-snippet:-1, max-image-preview:large, max-video-preview:-1\" \/>\n<link rel=\"canonical\" href=\"https:\/\/www.artisanlocal.ch\/c\/trouver-le-meilleur-peintre-a-prilly\/\" \/>\n<meta property=\"og:locale\" content=\"fr_FR\" \/>\n<meta property=\"og:type\" content=\"article\" \/>\n<meta property=\"og:title\" content=\"Peintre \u00e0 Prilly\" \/>\n<meta property=\"og:description\" content=\"Besoin d&rsquo;un peintre \u00e0 Prilly ? Artisanlocal effectue tous vos travaux de peinture int\u00e9rieure\/ext\u00e9rieure et intervient rapidement dans votre foyer \u00e0 Prilly. Quels sont les services que votre entreprise propose ? Peinture int\u00e9rieure : les moulures, les murs, les plafonds, les portes d&rsquo;entr\u00e9es, et dans des endroits comme la salle d&rsquo;eau, la chambre et le [&hellip;]\" \/>\n<meta property=\"og:url\" content=\"https:\/\/www.artisanlocal.ch\/c\/trouver-le-meilleur-peintre-a-prilly\/\" \/>\n<meta property=\"og:site_name\" content=\"Artisanlocal\" \/>\n<meta property=\"article:modified_time\" content=\"2025-09-17T17:49:03+00:00\" \/>\n<meta property=\"og:image\" content=\"https:\/\/www.artisanlocal.ch\/c\/wp-content\/uploads\/2024\/10\/peintre.jpg\" \/>\n\t<meta property=\"og:image:width\" content=\"1920\" \/>\n\t<meta property=\"og:image:height\" content=\"300\" \/>\n\t<meta property=\"og:image:type\" content=\"image\/jpeg\" \/>\n<meta name=\"twitter:card\" content=\"summary_large_image\" \/>\n<meta name=\"twitter:label1\" content=\"Dur\u00e9e de lecture estim\u00e9e\" \/>\n\t<meta name=\"twitter:data1\" content=\"5 minutes\" \/>\n<script type=\"application\/ld+json\" class=\"yoast-schema-graph\">{\"@context\":\"https:\\\/\\\/schema.org\",\"@graph\":[{\"@type\":\"WebPage\",\"@id\":\"https:\\\/\\\/www.artisanlocal.ch\\\/c\\\/trouver-le-meilleur-peintre-a-prilly\\\/\",\"url\":\"https:\\\/\\\/www.artisanlocal.ch\\\/c\\\/trouver-le-meilleur-peintre-a-prilly\\\/\",\"name\":\"Peintre \u00e0 Prilly - Artisanlocal\",\"isPartOf\":{\"@id\":\"https:\\\/\\\/www.artisanlocal.ch\\\/c\\\/#website\"},\"primaryImageOfPage\":{\"@id\":\"https:\\\/\\\/www.artisanlocal.ch\\\/c\\\/trouver-le-meilleur-peintre-a-prilly\\\/#primaryimage\"},\"image\":{\"@id\":\"https:\\\/\\\/www.artisanlocal.ch\\\/c\\\/trouver-le-meilleur-peintre-a-prilly\\\/#primaryimage\"},\"thumbnailUrl\":\"https:\\\/\\\/www.artisanlocal.ch\\\/c\\\/wp-content\\\/uploads\\\/2024\\\/10\\\/peintre.jpg\",\"datePublished\":\"2024-04-15T22:24:28+00:00\",\"dateModified\":\"2025-09-17T17:49:03+00:00\",\"breadcrumb\":{\"@id\":\"https:\\\/\\\/www.artisanlocal.ch\\\/c\\\/trouver-le-meilleur-peintre-a-prilly\\\/#breadcrumb\"},\"inLanguage\":\"fr-FR\",\"potentialAction\":[{\"@type\":\"ReadAction\",\"target\":[\"https:\\\/\\\/www.artisanlocal.ch\\\/c\\\/trouver-le-meilleur-peintre-a-prilly\\\/\"]}]},{\"@type\":\"ImageObject\",\"inLanguage\":\"fr-FR\",\"@id\":\"https:\\\/\\\/www.artisanlocal.ch\\\/c\\\/trouver-le-meilleur-peintre-a-prilly\\\/#primaryimage\",\"url\":\"https:\\\/\\\/www.artisanlocal.ch\\\/c\\\/wp-content\\\/uploads\\\/2024\\\/10\\\/peintre.jpg\",\"contentUrl\":\"https:\\\/\\\/www.artisanlocal.ch\\\/c\\\/wp-content\\\/uploads\\\/2024\\\/10\\\/peintre.jpg\",\"width\":1920,\"height\":300},{\"@type\":\"BreadcrumbList\",\"@id\":\"https:\\\/\\\/www.artisanlocal.ch\\\/c\\\/trouver-le-meilleur-peintre-a-prilly\\\/#breadcrumb\",\"itemListElement\":[{\"@type\":\"ListItem\",\"position\":1,\"name\":\"Accueil\",\"item\":\"https:\\\/\\\/www.artisanlocal.ch\\\/c\\\/\"},{\"@type\":\"ListItem\",\"position\":2,\"name\":\"Peintre \u00e0 Prilly\"}]},{\"@type\":\"WebSite\",\"@id\":\"https:\\\/\\\/www.artisanlocal.ch\\\/c\\\/#website\",\"url\":\"https:\\\/\\\/www.artisanlocal.ch\\\/c\\\/\",\"name\":\"Artisanlocal\",\"description\":\"\",\"publisher\":{\"@id\":\"https:\\\/\\\/www.artisanlocal.ch\\\/c\\\/#organization\"},\"potentialAction\":[{\"@type\":\"SearchAction\",\"target\":{\"@type\":\"EntryPoint\",\"urlTemplate\":\"https:\\\/\\\/www.artisanlocal.ch\\\/c\\\/?s={search_term_string}\"},\"query-input\":{\"@type\":\"PropertyValueSpecification\",\"valueRequired\":true,\"valueName\":\"search_term_string\"}}],\"inLanguage\":\"fr-FR\"},{\"@type\":\"Organization\",\"@id\":\"https:\\\/\\\/www.artisanlocal.ch\\\/c\\\/#organization\",\"name\":\"Artisanlocal\",\"url\":\"https:\\\/\\\/www.artisanlocal.ch\\\/c\\\/\",\"logo\":{\"@type\":\"ImageObject\",\"inLanguage\":\"fr-FR\",\"@id\":\"https:\\\/\\\/www.artisanlocal.ch\\\/c\\\/#\\\/schema\\\/logo\\\/image\\\/\",\"url\":\"https:\\\/\\\/www.artisanlocal.ch\\\/c\\\/wp-content\\\/uploads\\\/2024\\\/02\\\/logo-artisanlocal-h.svg\",\"contentUrl\":\"https:\\\/\\\/www.artisanlocal.ch\\\/c\\\/wp-content\\\/uploads\\\/2024\\\/02\\\/logo-artisanlocal-h.svg\",\"caption\":\"Artisanlocal\"},\"image\":{\"@id\":\"https:\\\/\\\/www.artisanlocal.ch\\\/c\\\/#\\\/schema\\\/logo\\\/image\\\/\"}}]}<\/script>\n<!-- \/ Yoast SEO Premium plugin. -->","yoast_head_json":{"title":"Peintre \u00e0 Prilly - Artisanlocal","robots":{"index":"index","follow":"follow","max-snippet":"max-snippet:-1","max-image-preview":"max-image-preview:large","max-video-preview":"max-video-preview:-1"},"canonical":"https:\/\/www.artisanlocal.ch\/c\/trouver-le-meilleur-peintre-a-prilly\/","og_locale":"fr_FR","og_type":"article","og_title":"Peintre \u00e0 Prilly","og_description":"Besoin d&rsquo;un peintre \u00e0 Prilly ? Artisanlocal effectue tous vos travaux de peinture int\u00e9rieure\/ext\u00e9rieure et intervient rapidement dans votre foyer \u00e0 Prilly. Quels sont les services que votre entreprise propose ? Peinture int\u00e9rieure : les moulures, les murs, les plafonds, les portes d&rsquo;entr\u00e9es, et dans des endroits comme la salle d&rsquo;eau, la chambre et le [&hellip;]","og_url":"https:\/\/www.artisanlocal.ch\/c\/trouver-le-meilleur-peintre-a-prilly\/","og_site_name":"Artisanlocal","article_modified_time":"2025-09-17T17:49:03+00:00","og_image":[{"width":1920,"height":300,"url":"https:\/\/www.artisanlocal.ch\/c\/wp-content\/uploads\/2024\/10\/peintre.jpg","type":"image\/jpeg"}],"twitter_card":"summary_large_image","twitter_misc":{"Dur\u00e9e de lecture estim\u00e9e":"5 minutes"},"schema":{"@context":"https:\/\/schema.org","@graph":[{"@type":"WebPage","@id":"https:\/\/www.artisanlocal.ch\/c\/trouver-le-meilleur-peintre-a-prilly\/","url":"https:\/\/www.artisanlocal.ch\/c\/trouver-le-meilleur-peintre-a-prilly\/","name":"Peintre \u00e0 Prilly - Artisanlocal","isPartOf":{"@id":"https:\/\/www.artisanlocal.ch\/c\/#website"},"primaryImageOfPage":{"@id":"https:\/\/www.artisanlocal.ch\/c\/trouver-le-meilleur-peintre-a-prilly\/#primaryimage"},"image":{"@id":"https:\/\/www.artisanlocal.ch\/c\/trouver-le-meilleur-peintre-a-prilly\/#primaryimage"},"thumbnailUrl":"https:\/\/www.artisanlocal.ch\/c\/wp-content\/uploads\/2024\/10\/peintre.jpg","datePublished":"2024-04-15T22:24:28+00:00","dateModified":"2025-09-17T17:49:03+00:00","breadcrumb":{"@id":"https:\/\/www.artisanlocal.ch\/c\/trouver-le-meilleur-peintre-a-prilly\/#breadcrumb"},"inLanguage":"fr-FR","potentialAction":[{"@type":"ReadAction","target":["https:\/\/www.artisanlocal.ch\/c\/trouver-le-meilleur-peintre-a-prilly\/"]}]},{"@type":"ImageObject","inLanguage":"fr-FR","@id":"https:\/\/www.artisanlocal.ch\/c\/trouver-le-meilleur-peintre-a-prilly\/#primaryimage","url":"https:\/\/www.artisanlocal.ch\/c\/wp-content\/uploads\/2024\/10\/peintre.jpg","contentUrl":"https:\/\/www.artisanlocal.ch\/c\/wp-content\/uploads\/2024\/10\/peintre.jpg","width":1920,"height":300},{"@type":"BreadcrumbList","@id":"https:\/\/www.artisanlocal.ch\/c\/trouver-le-meilleur-peintre-a-prilly\/#breadcrumb","itemListElement":[{"@type":"ListItem","position":1,"name":"Accueil","item":"https:\/\/www.artisanlocal.ch\/c\/"},{"@type":"ListItem","position":2,"name":"Peintre \u00e0 Prilly"}]},{"@type":"WebSite","@id":"https:\/\/www.artisanlocal.ch\/c\/#website","url":"https:\/\/www.artisanlocal.ch\/c\/","name":"Artisanlocal","description":"","publisher":{"@id":"https:\/\/www.artisanlocal.ch\/c\/#organization"},"potentialAction":[{"@type":"SearchAction","target":{"@type":"EntryPoint","urlTemplate":"https:\/\/www.artisanlocal.ch\/c\/?s={search_term_string}"},"query-input":{"@type":"PropertyValueSpecification","valueRequired":true,"valueName":"search_term_string"}}],"inLanguage":"fr-FR"},{"@type":"Organization","@id":"https:\/\/www.artisanlocal.ch\/c\/#organization","name":"Artisanlocal","url":"https:\/\/www.artisanlocal.ch\/c\/","logo":{"@type":"ImageObject","inLanguage":"fr-FR","@id":"https:\/\/www.artisanlocal.ch\/c\/#\/schema\/logo\/image\/","url":"https:\/\/www.artisanlocal.ch\/c\/wp-content\/uploads\/2024\/02\/logo-artisanlocal-h.svg","contentUrl":"https:\/\/www.artisanlocal.ch\/c\/wp-content\/uploads\/2024\/02\/logo-artisanlocal-h.svg","caption":"Artisanlocal"},"image":{"@id":"https:\/\/www.artisanlocal.ch\/c\/#\/schema\/logo\/image\/"}}]}},"_links":{"self":[{"href":"https:\/\/www.artisanlocal.ch\/c\/wp-json\/wp\/v2\/pages\/752","targetHints":{"allow":["GET"]}}],"collection":[{"href":"https:\/\/www.artisanlocal.ch\/c\/wp-json\/wp\/v2\/pages"}],"about":[{"href":"https:\/\/www.artisanlocal.ch\/c\/wp-json\/wp\/v2\/types\/page"}],"author":[{"embeddable":true,"href":"https:\/\/www.artisanlocal.ch\/c\/wp-json\/wp\/v2\/users\/4"}],"replies":[{"embeddable":true,"href":"https:\/\/www.artisanlocal.ch\/c\/wp-json\/wp\/v2\/comments?post=752"}],"version-history":[{"count":0,"href":"https:\/\/www.artisanlocal.ch\/c\/wp-json\/wp\/v2\/pages\/752\/revisions"}],"wp:featuredmedia":[{"embeddable":true,"href":"https:\/\/www.artisanlocal.ch\/c\/wp-json\/wp\/v2\/media\/2756"}],"wp:attachment":[{"href":"https:\/\/www.artisanlocal.ch\/c\/wp-json\/wp\/v2\/media?parent=752"}],"wp:term":[{"taxonomy":"profession","embeddable":true,"href":"https:\/\/www.artisanlocal.ch\/c\/wp-json\/wp\/v2\/profession?post=752"},{"taxonomy":"location","embeddable":true,"href":"https:\/\/www.artisanlocal.ch\/c\/wp-json\/wp\/v2\/location?post=752"},{"taxonomy":"canton","embeddable":true,"href":"https:\/\/www.artisanlocal.ch\/c\/wp-json\/wp\/v2\/canton?post=752"}],"curies":[{"name":"wp","href":"https:\/\/api.w.org\/{rel}","templated":true}]}}