{"id":753,"date":"2024-04-15T00:49:58","date_gmt":"2024-04-14T22:49:58","guid":{"rendered":"https:\/\/www.artisanlocal.ch\/c\/entreprise-de-peintre-a-bussigny-pres-lausanne\/"},"modified":"2025-10-23T13:24:45","modified_gmt":"2025-10-23T11:24:45","slug":"entreprise-de-peintre-a-bussigny-pres-lausanne","status":"publish","type":"page","link":"https:\/\/www.artisanlocal.ch\/c\/entreprise-de-peintre-a-bussigny-pres-lausanne\/","title":{"rendered":"Peintre \u00e0 Bussigny"},"content":{"rendered":"<p>Besoin d&rsquo;un peintre \u00e0 Bussigny ? Artisanlocal intervient chez vous \u00e0 Bussigny et dans les villes aux alentours pour repeindre votre int\u00e9rieur et ext\u00e9rieur.<\/p>\n\r\n<div class=\"box\">\r\n            <div class=\"company-info\">\r\n            <img decoding=\"async\" class=\"company-info__logo\" src=\"https:\/\/www.artisanlocal.ch\/media\/cache\/thumb\/images\/companies\/zen-peinture.png\" alt=\"Logo\">\r\n            <h2 class=\"company-info__name\">Zen Peinture<\/h2>\r\n            <p class=\"company-info__business\">Entreprise de peinture<\/p>\r\n        <\/div>\r\n        <div class=\"company-contact\">\r\n            <p class=\"company-info__address\">Chemin du Croset 9<\/p>\r\n                            <div class=\"links\">\r\n                                            <a class=\"btn has-accent-background-color js-phoneNumber\" href=\"tel:0765865892\" title=\"Appelez\" data-id=\"1733\" data-type=\"11\">076 586 58 92<\/a>\r\n                                                                <a class=\"btn has-accent-background-color\" href=\"http:\/\/zen-peinture.ch\/\" target=\"_blank\" title=\"Voir le site internet\" data-id=\"1733\" data-type=\"20\">Site internet<\/a>\r\n                                    <\/div>\r\n                    <\/div>\r\n    \r\n            \r\n<form action=\"https:\/\/www.artisanlocal.ch\/c\/wp-admin\/admin-ajax.php\" method=\"post\" class=\"form-contact\" id=\"artisan_form_contact_company_inline\">\r\n    <div><input type=\"hidden\" name=\"action\" value=\"company_contact\"><\/div>\r\n    <div><input type=\"hidden\" name=\"nonce\" value=\"67a23a8c67\"><\/div>\r\n    <div><input type=\"hidden\" name=\"company_id\" value=\"1733\"><\/div>\r\n    <div><input type=\"hidden\" name=\"form_id\" value=\"artisan_form_contact_company_inline\"><\/div>\r\n    <div class=\"gglcptch gglcptch_v3 gglcptch_custom\"><input type=\"hidden\" id=\"g-recaptcha-response\" name=\"g-recaptcha-response\" \/><br \/><div class=\"gglcptch_error_text\">La p\u00e9riode de v\u00e9rification reCAPTCHA a expir\u00e9. Veuillez recharger la page.<\/div><\/div>    <div class=\"form-content\">\r\n        <div class=\"form-group\">\r\n            <label for=\"contact_firstName\" class=\"required\">Pr\u00e9nom<\/label>\r\n            <input type=\"text\" name=\"firstName\" class=\"form-control\" required>\r\n        <\/div>\r\n        <div class=\"form-group\">\r\n            <label for=\"contact_lastName\" class=\"required\">Nom<\/label>\r\n            <input type=\"text\" name=\"lastName\" class=\"form-control\" required>\r\n        <\/div>\r\n        <div class=\"form-group\">\r\n            <label for=\"contact_email\" class=\"required\">Email<\/label>\r\n            <input type=\"email\" name=\"email\" class=\"form-control\" required>\r\n        <\/div>\r\n        <div class=\"form-group\">\r\n            <label for=\"contact_phone\" class=\"required\">Num\u00e9ro de t\u00e9l\u00e9phone<\/label>\r\n            <input type=\"tel\" name=\"phone\" class=\"form-control\" placeholder=\"0787117165\" pattern=\"^[0-9]{10}$\" required>\r\n        <\/div>\r\n        <div class=\"form-group\">\r\n            <label for=\"contact_postalCode\" class=\"required\">Code postal et localit\u00e9<\/label>\r\n            <input type=\"text\" name=\"postalCode\" class=\"form-control\" required>\r\n        <\/div>\r\n        <div class=\"form-group\">\r\n            <label for=\"contact_address\" class=\"required\">Adresse<\/label>\r\n            <input type=\"text\" name=\"address\" class=\"form-control\" required>\r\n        <\/div>\r\n        <div class=\"full-width topic\">\r\n            <p class=\"required\">Je souhaite \u00eatre contact\u00e9 pour :<\/p>\r\n            <div class=\"form-check\">\r\n                <input type=\"radio\" name=\"topic\" value=\"D\u00e9pannage\" class=\"form-control\" required>\r\n                <label for=\"d\u00e9pannage\">D\u00e9pannage<\/label>\r\n            <\/div>\r\n            <div class=\"form-check\">\r\n                <input type=\"radio\" name=\"topic\" value=\"Entretien\" class=\"form-control\" required>\r\n                <label for=\"entretien\">Entretien<\/label>\r\n            <\/div>\r\n            <div class=\"form-check\">\r\n                <input type=\"radio\" name=\"topic\" value=\"R\u00e9novation\" class=\"form-control\" required>\r\n                <label for=\"r\u00e9novation\">R\u00e9novation<\/label>\r\n            <\/div>\r\n            <div class=\"form-check\">\r\n                <input type=\"radio\" name=\"topic\" value=\"Autre\" class=\"form-control\" required>\r\n                <label for=\"autre\">Autre<\/label>\r\n            <\/div>\r\n        <\/div>\r\n        <div class=\"form-group full-width\">\r\n            <label for=\"contact_message\">Message<\/label>\r\n            <textarea name=\"message\" rows=\"3\" class=\"form-control\"><\/textarea>\r\n        <\/div>\r\n    <\/div>\r\n    <div class=\"form-actions\">\r\n        <button class=\"wp-block-button__link has-accent-background-color\">Contacter<\/button>\r\n    <\/div>\r\n<\/form>\r\n<div class=\"form-feedback\"><\/div>    <\/div>\n<h2>Quels sont les services que votre entreprise propose ?<\/h2>\n<ul>\n<li>Peinture int\u00e9rieure : murs, plafonds, moulures, portes, salle d&rsquo;eau, salon et chambre.<\/li>\n<li>Peinture ext\u00e9rieure : pose d&rsquo;une nouvelle couche de peinture sur terrasses, bardage, cl\u00f4tures, briques, stuc et portes.<\/li>\n<li>Peinture d\u00e9corative : effets visuels, faux marbre, patines, effet vieilli, faux bois et effet oxyd\u00e9.<\/li>\n<li>Peinture de cuisine et finition.<\/li>\n<li>Enduits d\u00e9coratifs : b\u00e9ton cir\u00e9 ou tadelakt.<\/li>\n<li>Artiste peintre : conception de fresques murales (d\u00e9corative, artistique, pour ext\u00e9rieur ou int\u00e9rieur).<\/li>\n<li>Peinture pour ravalement de fa\u00e7ade : restauration de la face avant de b\u00e2timent, pose d&rsquo;enduit, peinture, bardage ou cr\u00e9pi.<\/li>\n<li>Peinture en hauteur : usines, tours ou ponts.<\/li>\n<li>Peinture de finition : meubles de cuisine ou dans la salle de bain.<\/li>\n<li>R\u00e9novation et installation : de cloisons s\u00e8ches, comblement des creux ou r\u00e9paration des fissures.<\/li>\n<li>D\u00e9collage et pose de tapisserie : retrait et installation de rev\u00eatement mural.<\/li>\n<li>Peinture pour les professionnels : bureaux, restaurants, \u00e9coles, complexes sportifs et autres locaux commerciaux.<\/li>\n<li>Peinture pour b\u00e2timent : pr\u00e9paration des murs et plafonds \u00e0 peindre, et r\u00e9alisation des finitions.<\/li>\n<\/ul>\n<h2>Comment votre soci\u00e9t\u00e9 marche ?<\/h2>\n<p>Nous avons con\u00e7u un processus simple pour r\u00e9pondre aux besoins de nos clients.<\/p>\n<h3>\u00c9tape 1\u00a0 : demander une estimation<\/h3>\n<p>Obtenez une estimation gratuite en ligne ou par t\u00e9l\u00e9phone et recevez une estimation de vos travaux rapidement.<\/p>\n<h3>\u00c9tape 2\u00a0 : analyser en d\u00e9tail votre estimation<\/h3>\n<p>Soyez assur\u00e9 que le devis que vous obtenez d\u00e9finit bien le co\u00fbt de votre projet de peinture. Si vous avez un doute, contacter notre entreprise pour en savoir plus sur les d\u00e9tails de votre estimation.<\/p>\n<h3>\u00c9tape 3\u00a0 : \u00e9tablir la date de lancement de votre projet<\/h3>\n<p>D\u00e8s que vous avez valid\u00e9 l&rsquo;estimation, nous fixons ensemble la date de d\u00e9marrage de votre r\u00e9novation. Afin d&rsquo;assurer la bonne r\u00e9ussite, nous mettons \u00e0 votre disposition un chef de projet.<\/p>\n<h2>Combien faut-il payer pour un service de peinture \u00e0 Bussigny ?<\/h2>\n<p>Le prix varie en fonction de l&rsquo;\u00e9tat des surfaces \u00e0 r\u00e9nover. Le plus souvent, les prix se situent entre 60 et 70 francs suisses par heure. Environ 80% \u00e0 90% du co\u00fbt total sont allou\u00e9s \u00e0 la main-d&rsquo;\u0153uvre, alors que la peinture ne pr\u00e9sente que 10% \u00e0 20% du budget.<\/p>\n<h2>Quelles sont les raisons de choisir nos peintres \u00e0 Bussigny ?<\/h2>\n<ul>\n<li>Disponibilit\u00e9 : nos peintres sont joignables en continu \u00e0 Bussigny pour r\u00e9pondre rapidement \u00e0 vos besoins.<\/li>\n<li>Excellence : en choisissant notre entreprise, vous optez pour l&rsquo;excellence et le savoir-faire.<\/li>\n<li>Tarifs avantageux : nos prix sont calcul\u00e9s en fonction de vos besoins et vos moyens financiers.<\/li>\n<li>Prestations sur mesure : nous \u00e9tudions votre projet de mani\u00e8re \u00e0 vous proposer une prestation sur mesure.<\/li>\n<li>Les comp\u00e9tences, nos artisans peintres \u00e0 Bussigny ont de multiples expertises, comme : le nettoyage et la pr\u00e9paration des surfaces avant l&rsquo;application de la peinture et la r\u00e9alisation des finitions.<\/li>\n<\/ul>\n<h2>Foire aux questions<\/h2>\n<h3>Quelle marque peinture est-ce que vous utilisez ?<\/h3>\n<p>Nous utilisons exclusivement des peintures premium. Cependant, nous pouvons utiliser la peinture que vous avez d\u00e9j\u00e0 en stock.<\/p>\n<h3>Votre soci\u00e9t\u00e9 est-elle disponible le week-end ?<\/h3>\n<p>Oui, nos \u00e9quipes sont disponibles le week-end \u00e0 Bussigny et dans les villes alentours.<\/p>\n<h3>Prot\u00e9gez-vous mon mobilier ?<\/h3>\n<p>Oui, avant l&rsquo;application de la peinture, nous couvrons vos appareils \u00e9lectrom\u00e9nagers et vos meubles. Cependant, si vous poss\u00e9dez des objets fragiles, nous vous conseillons d&rsquo;en avertir le chef de projet, nous prendrons plus de pr\u00e9cautions.<\/p>\n<h3>Quelles sont les solutions si je trouve le travail effectu\u00e9 insuffisant ?<\/h3>\n<p>Si notre travail ne vous satisfait pas, nous prenons l&rsquo;engagement d&rsquo;effectuer les modifications n\u00e9cessaires jusqu&rsquo;\u00e0 ce que vous soyez satisfait.<\/p>\n<h3>Proposez-vous des devis gratuits ?<\/h3>\n<p>Oui, nos devis sont gratuits et sans engagements. Un peintre se d\u00e9place \u00e0 votre domicile pour r\u00e9pondre \u00e0 vos questions et confirmer avec vous votre devis.<\/p>\n<h3>Votre entreprise r\u00e9alise-t-elle des travaux dans les villes proches de Bussigny ?<\/h3>\n<p>Oui, nous intervenons \u00e0 Bussigny, et aussi dans les villes proches, comme :<\/p>\nChavannes-pr\u00e8s-Renens, Ecublens VD, St-Sulpice VD, Denges, Echandens, Lonay, Pr\u00e9verenges, Villars-Ste-Croix, Morges, Echichens, St-Saphorin-sur-Morges, Colombier VD, Vullierens, Bremblens, Romanel-sur-Morges, Aclens, Monnaz, Vaux-sur-Morges, Clarmont, Reverolle, Tolochenaz, Lully VD, Chigny, Vufflens-le-Ch\u00e2teau, Denens, Bussy-Chardonney, St-Prex, Lussy-sur-Morges.\n","protected":false},"excerpt":{"rendered":"<p>Besoin d&rsquo;un peintre \u00e0 Bussigny ? Artisanlocal intervient chez vous \u00e0 Bussigny et dans les villes aux alentours pour repeindre votre int\u00e9rieur et ext\u00e9rieur. Quels sont les services que votre entreprise propose ? Peinture int\u00e9rieure : murs, plafonds, moulures, portes, salle d&rsquo;eau, salon et chambre. Peinture ext\u00e9rieure : pose d&rsquo;une nouvelle couche de peinture sur [&hellip;]<\/p>\n","protected":false},"author":4,"featured_media":2756,"parent":0,"menu_order":0,"comment_status":"closed","ping_status":"closed","template":"","meta":{"footnotes":""},"profession":[121],"location":[5],"canton":[113],"class_list":["post-753","page","type-page","status-publish","has-post-thumbnail","hentry","profession-peintre","location-bussigny","canton-vd"],"yoast_head":"<!-- This site is optimized with the Yoast SEO Premium plugin v25.7.1 (Yoast SEO v27.3) - https:\/\/yoast.com\/product\/yoast-seo-premium-wordpress\/ -->\n<title>Peintre \u00e0 Bussigny - Artisanlocal<\/title>\n<meta name=\"robots\" content=\"index, follow, max-snippet:-1, max-image-preview:large, max-video-preview:-1\" \/>\n<link rel=\"canonical\" href=\"https:\/\/www.artisanlocal.ch\/c\/entreprise-de-peintre-a-bussigny-pres-lausanne\/\" \/>\n<meta property=\"og:locale\" content=\"fr_FR\" \/>\n<meta property=\"og:type\" content=\"article\" \/>\n<meta property=\"og:title\" content=\"Peintre \u00e0 Bussigny\" \/>\n<meta property=\"og:description\" content=\"Besoin d&rsquo;un peintre \u00e0 Bussigny ? Artisanlocal intervient chez vous \u00e0 Bussigny et dans les villes aux alentours pour repeindre votre int\u00e9rieur et ext\u00e9rieur. Quels sont les services que votre entreprise propose ? Peinture int\u00e9rieure : murs, plafonds, moulures, portes, salle d&rsquo;eau, salon et chambre. Peinture ext\u00e9rieure : pose d&rsquo;une nouvelle couche de peinture sur [&hellip;]\" \/>\n<meta property=\"og:url\" content=\"https:\/\/www.artisanlocal.ch\/c\/entreprise-de-peintre-a-bussigny-pres-lausanne\/\" \/>\n<meta property=\"og:site_name\" content=\"Artisanlocal\" \/>\n<meta property=\"article:modified_time\" content=\"2025-10-23T11:24:45+00:00\" \/>\n<meta property=\"og:image\" content=\"https:\/\/www.artisanlocal.ch\/c\/wp-content\/uploads\/2024\/10\/peintre.jpg\" \/>\n\t<meta property=\"og:image:width\" content=\"1920\" \/>\n\t<meta property=\"og:image:height\" content=\"300\" \/>\n\t<meta property=\"og:image:type\" content=\"image\/jpeg\" \/>\n<meta name=\"twitter:card\" content=\"summary_large_image\" \/>\n<meta name=\"twitter:label1\" content=\"Dur\u00e9e de lecture estim\u00e9e\" \/>\n\t<meta name=\"twitter:data1\" content=\"4 minutes\" \/>\n<script type=\"application\/ld+json\" class=\"yoast-schema-graph\">{\"@context\":\"https:\\\/\\\/schema.org\",\"@graph\":[{\"@type\":\"WebPage\",\"@id\":\"https:\\\/\\\/www.artisanlocal.ch\\\/c\\\/entreprise-de-peintre-a-bussigny-pres-lausanne\\\/\",\"url\":\"https:\\\/\\\/www.artisanlocal.ch\\\/c\\\/entreprise-de-peintre-a-bussigny-pres-lausanne\\\/\",\"name\":\"Peintre \u00e0 Bussigny - Artisanlocal\",\"isPartOf\":{\"@id\":\"https:\\\/\\\/www.artisanlocal.ch\\\/c\\\/#website\"},\"primaryImageOfPage\":{\"@id\":\"https:\\\/\\\/www.artisanlocal.ch\\\/c\\\/entreprise-de-peintre-a-bussigny-pres-lausanne\\\/#primaryimage\"},\"image\":{\"@id\":\"https:\\\/\\\/www.artisanlocal.ch\\\/c\\\/entreprise-de-peintre-a-bussigny-pres-lausanne\\\/#primaryimage\"},\"thumbnailUrl\":\"https:\\\/\\\/www.artisanlocal.ch\\\/c\\\/wp-content\\\/uploads\\\/2024\\\/10\\\/peintre.jpg\",\"datePublished\":\"2024-04-14T22:49:58+00:00\",\"dateModified\":\"2025-10-23T11:24:45+00:00\",\"breadcrumb\":{\"@id\":\"https:\\\/\\\/www.artisanlocal.ch\\\/c\\\/entreprise-de-peintre-a-bussigny-pres-lausanne\\\/#breadcrumb\"},\"inLanguage\":\"fr-FR\",\"potentialAction\":[{\"@type\":\"ReadAction\",\"target\":[\"https:\\\/\\\/www.artisanlocal.ch\\\/c\\\/entreprise-de-peintre-a-bussigny-pres-lausanne\\\/\"]}]},{\"@type\":\"ImageObject\",\"inLanguage\":\"fr-FR\",\"@id\":\"https:\\\/\\\/www.artisanlocal.ch\\\/c\\\/entreprise-de-peintre-a-bussigny-pres-lausanne\\\/#primaryimage\",\"url\":\"https:\\\/\\\/www.artisanlocal.ch\\\/c\\\/wp-content\\\/uploads\\\/2024\\\/10\\\/peintre.jpg\",\"contentUrl\":\"https:\\\/\\\/www.artisanlocal.ch\\\/c\\\/wp-content\\\/uploads\\\/2024\\\/10\\\/peintre.jpg\",\"width\":1920,\"height\":300},{\"@type\":\"BreadcrumbList\",\"@id\":\"https:\\\/\\\/www.artisanlocal.ch\\\/c\\\/entreprise-de-peintre-a-bussigny-pres-lausanne\\\/#breadcrumb\",\"itemListElement\":[{\"@type\":\"ListItem\",\"position\":1,\"name\":\"Accueil\",\"item\":\"https:\\\/\\\/www.artisanlocal.ch\\\/c\\\/\"},{\"@type\":\"ListItem\",\"position\":2,\"name\":\"Peintre \u00e0 Bussigny-pr\u00e8s-Lausanne\"}]},{\"@type\":\"WebSite\",\"@id\":\"https:\\\/\\\/www.artisanlocal.ch\\\/c\\\/#website\",\"url\":\"https:\\\/\\\/www.artisanlocal.ch\\\/c\\\/\",\"name\":\"Artisanlocal\",\"description\":\"\",\"publisher\":{\"@id\":\"https:\\\/\\\/www.artisanlocal.ch\\\/c\\\/#organization\"},\"potentialAction\":[{\"@type\":\"SearchAction\",\"target\":{\"@type\":\"EntryPoint\",\"urlTemplate\":\"https:\\\/\\\/www.artisanlocal.ch\\\/c\\\/?s={search_term_string}\"},\"query-input\":{\"@type\":\"PropertyValueSpecification\",\"valueRequired\":true,\"valueName\":\"search_term_string\"}}],\"inLanguage\":\"fr-FR\"},{\"@type\":\"Organization\",\"@id\":\"https:\\\/\\\/www.artisanlocal.ch\\\/c\\\/#organization\",\"name\":\"Artisanlocal\",\"url\":\"https:\\\/\\\/www.artisanlocal.ch\\\/c\\\/\",\"logo\":{\"@type\":\"ImageObject\",\"inLanguage\":\"fr-FR\",\"@id\":\"https:\\\/\\\/www.artisanlocal.ch\\\/c\\\/#\\\/schema\\\/logo\\\/image\\\/\",\"url\":\"https:\\\/\\\/www.artisanlocal.ch\\\/c\\\/wp-content\\\/uploads\\\/2024\\\/02\\\/logo-artisanlocal-h.svg\",\"contentUrl\":\"https:\\\/\\\/www.artisanlocal.ch\\\/c\\\/wp-content\\\/uploads\\\/2024\\\/02\\\/logo-artisanlocal-h.svg\",\"caption\":\"Artisanlocal\"},\"image\":{\"@id\":\"https:\\\/\\\/www.artisanlocal.ch\\\/c\\\/#\\\/schema\\\/logo\\\/image\\\/\"}}]}<\/script>\n<!-- \/ Yoast SEO Premium plugin. -->","yoast_head_json":{"title":"Peintre \u00e0 Bussigny - Artisanlocal","robots":{"index":"index","follow":"follow","max-snippet":"max-snippet:-1","max-image-preview":"max-image-preview:large","max-video-preview":"max-video-preview:-1"},"canonical":"https:\/\/www.artisanlocal.ch\/c\/entreprise-de-peintre-a-bussigny-pres-lausanne\/","og_locale":"fr_FR","og_type":"article","og_title":"Peintre \u00e0 Bussigny","og_description":"Besoin d&rsquo;un peintre \u00e0 Bussigny ? Artisanlocal intervient chez vous \u00e0 Bussigny et dans les villes aux alentours pour repeindre votre int\u00e9rieur et ext\u00e9rieur. Quels sont les services que votre entreprise propose ? Peinture int\u00e9rieure : murs, plafonds, moulures, portes, salle d&rsquo;eau, salon et chambre. Peinture ext\u00e9rieure : pose d&rsquo;une nouvelle couche de peinture sur [&hellip;]","og_url":"https:\/\/www.artisanlocal.ch\/c\/entreprise-de-peintre-a-bussigny-pres-lausanne\/","og_site_name":"Artisanlocal","article_modified_time":"2025-10-23T11:24:45+00:00","og_image":[{"width":1920,"height":300,"url":"https:\/\/www.artisanlocal.ch\/c\/wp-content\/uploads\/2024\/10\/peintre.jpg","type":"image\/jpeg"}],"twitter_card":"summary_large_image","twitter_misc":{"Dur\u00e9e de lecture estim\u00e9e":"4 minutes"},"schema":{"@context":"https:\/\/schema.org","@graph":[{"@type":"WebPage","@id":"https:\/\/www.artisanlocal.ch\/c\/entreprise-de-peintre-a-bussigny-pres-lausanne\/","url":"https:\/\/www.artisanlocal.ch\/c\/entreprise-de-peintre-a-bussigny-pres-lausanne\/","name":"Peintre \u00e0 Bussigny - Artisanlocal","isPartOf":{"@id":"https:\/\/www.artisanlocal.ch\/c\/#website"},"primaryImageOfPage":{"@id":"https:\/\/www.artisanlocal.ch\/c\/entreprise-de-peintre-a-bussigny-pres-lausanne\/#primaryimage"},"image":{"@id":"https:\/\/www.artisanlocal.ch\/c\/entreprise-de-peintre-a-bussigny-pres-lausanne\/#primaryimage"},"thumbnailUrl":"https:\/\/www.artisanlocal.ch\/c\/wp-content\/uploads\/2024\/10\/peintre.jpg","datePublished":"2024-04-14T22:49:58+00:00","dateModified":"2025-10-23T11:24:45+00:00","breadcrumb":{"@id":"https:\/\/www.artisanlocal.ch\/c\/entreprise-de-peintre-a-bussigny-pres-lausanne\/#breadcrumb"},"inLanguage":"fr-FR","potentialAction":[{"@type":"ReadAction","target":["https:\/\/www.artisanlocal.ch\/c\/entreprise-de-peintre-a-bussigny-pres-lausanne\/"]}]},{"@type":"ImageObject","inLanguage":"fr-FR","@id":"https:\/\/www.artisanlocal.ch\/c\/entreprise-de-peintre-a-bussigny-pres-lausanne\/#primaryimage","url":"https:\/\/www.artisanlocal.ch\/c\/wp-content\/uploads\/2024\/10\/peintre.jpg","contentUrl":"https:\/\/www.artisanlocal.ch\/c\/wp-content\/uploads\/2024\/10\/peintre.jpg","width":1920,"height":300},{"@type":"BreadcrumbList","@id":"https:\/\/www.artisanlocal.ch\/c\/entreprise-de-peintre-a-bussigny-pres-lausanne\/#breadcrumb","itemListElement":[{"@type":"ListItem","position":1,"name":"Accueil","item":"https:\/\/www.artisanlocal.ch\/c\/"},{"@type":"ListItem","position":2,"name":"Peintre \u00e0 Bussigny-pr\u00e8s-Lausanne"}]},{"@type":"WebSite","@id":"https:\/\/www.artisanlocal.ch\/c\/#website","url":"https:\/\/www.artisanlocal.ch\/c\/","name":"Artisanlocal","description":"","publisher":{"@id":"https:\/\/www.artisanlocal.ch\/c\/#organization"},"potentialAction":[{"@type":"SearchAction","target":{"@type":"EntryPoint","urlTemplate":"https:\/\/www.artisanlocal.ch\/c\/?s={search_term_string}"},"query-input":{"@type":"PropertyValueSpecification","valueRequired":true,"valueName":"search_term_string"}}],"inLanguage":"fr-FR"},{"@type":"Organization","@id":"https:\/\/www.artisanlocal.ch\/c\/#organization","name":"Artisanlocal","url":"https:\/\/www.artisanlocal.ch\/c\/","logo":{"@type":"ImageObject","inLanguage":"fr-FR","@id":"https:\/\/www.artisanlocal.ch\/c\/#\/schema\/logo\/image\/","url":"https:\/\/www.artisanlocal.ch\/c\/wp-content\/uploads\/2024\/02\/logo-artisanlocal-h.svg","contentUrl":"https:\/\/www.artisanlocal.ch\/c\/wp-content\/uploads\/2024\/02\/logo-artisanlocal-h.svg","caption":"Artisanlocal"},"image":{"@id":"https:\/\/www.artisanlocal.ch\/c\/#\/schema\/logo\/image\/"}}]}},"_links":{"self":[{"href":"https:\/\/www.artisanlocal.ch\/c\/wp-json\/wp\/v2\/pages\/753","targetHints":{"allow":["GET"]}}],"collection":[{"href":"https:\/\/www.artisanlocal.ch\/c\/wp-json\/wp\/v2\/pages"}],"about":[{"href":"https:\/\/www.artisanlocal.ch\/c\/wp-json\/wp\/v2\/types\/page"}],"author":[{"embeddable":true,"href":"https:\/\/www.artisanlocal.ch\/c\/wp-json\/wp\/v2\/users\/4"}],"replies":[{"embeddable":true,"href":"https:\/\/www.artisanlocal.ch\/c\/wp-json\/wp\/v2\/comments?post=753"}],"version-history":[{"count":0,"href":"https:\/\/www.artisanlocal.ch\/c\/wp-json\/wp\/v2\/pages\/753\/revisions"}],"wp:featuredmedia":[{"embeddable":true,"href":"https:\/\/www.artisanlocal.ch\/c\/wp-json\/wp\/v2\/media\/2756"}],"wp:attachment":[{"href":"https:\/\/www.artisanlocal.ch\/c\/wp-json\/wp\/v2\/media?parent=753"}],"wp:term":[{"taxonomy":"profession","embeddable":true,"href":"https:\/\/www.artisanlocal.ch\/c\/wp-json\/wp\/v2\/profession?post=753"},{"taxonomy":"location","embeddable":true,"href":"https:\/\/www.artisanlocal.ch\/c\/wp-json\/wp\/v2\/location?post=753"},{"taxonomy":"canton","embeddable":true,"href":"https:\/\/www.artisanlocal.ch\/c\/wp-json\/wp\/v2\/canton?post=753"}],"curies":[{"name":"wp","href":"https:\/\/api.w.org\/{rel}","templated":true}]}}