{"id":754,"date":"2024-04-16T12:21:40","date_gmt":"2024-04-16T10:21:40","guid":{"rendered":"https:\/\/www.artisanlocal.ch\/c\/entreprise-de-peintre-a-gland\/"},"modified":"2025-09-17T11:59:29","modified_gmt":"2025-09-17T09:59:29","slug":"entreprise-de-peintre-a-gland","status":"publish","type":"page","link":"https:\/\/www.artisanlocal.ch\/c\/entreprise-de-peintre-a-gland\/","title":{"rendered":"Peintre \u00e0 Gland"},"content":{"rendered":"<p>Besoin d&rsquo;un peintre \u00e0 Gland ? Faites appel \u00e0 Artisanlocal, nous proposons des services de qualit\u00e9, de l&rsquo;\u00e9tude aux finitions, si vous \u00eates un Glandois, nous intervenons rapidement \u00e0 votre domicile et aussi dans les villes proches.<\/p>\n\r\n<div class=\"box\">\r\n    <h2 class=\"text-dark\">Nous cherchons un <em class=\"text-primary\">Peintre<\/em> dans la r\u00e9gion de <em class=\"text-primary\">Gland<\/em>  en exclusivit\u00e9, afin de proposer vos services \u00e0 nos clients propri\u00e9taires.<\/h2>\r\n    <p>Une opportunit\u00e9 unique pour booster votre activit\u00e9 \u00e0 <strong>Gland<\/strong> et aux alentours dans votre domaine (Peintre).<\/p>\r\n    <p>Nous travaillons en exclusivit\u00e9 avec qu'une soci\u00e9t\u00e9 par m\u00e9tier et par r\u00e9gion. <br>Votre entreprise est pr\u00e9sente sur tous les documents immobiliers. Afin d'\u00eatre mieux vu sur le net, vous \u00eates \u00e9galement visible sur nos deux sites et sur les pages de r\u00e9f\u00e9rencement de votre r\u00e9gion.<\/p>\r\n    <a href=\"\/contact\" class=\"wp-block-button__link has-accent-background-color has-text-align-center wp-element-button\">R\u00e9server<\/a>\r\n<\/div>\n<h2>Quels sont les services qu&rsquo;Artisanlocal ?<\/h2>\n<ul>\n<li>Peinture int\u00e9rieure : les moulures, les murs, les plafonds, les portes d&rsquo;entr\u00e9es, et dans des endroits comme la salle d&rsquo;eau, la chambre et le salon.<\/li>\n<li>Peinture ext\u00e9rieure : pose d&rsquo;une nouvelle couche de peinture sur les terrasses, les cl\u00f4tures, le bardage, les portes de garage, le stuc et la brique.<\/li>\n<li>Peinture d\u00e9corative : cr\u00e9ation d\u2019effets, comme le faux marbre, effet vieilli, patines, faux bois, effet oxyd\u00e9.<\/li>\n<li>Peinture de coin cuisine : application d&rsquo;une couche, comme la peinture satin\u00e9e, qui est facile \u00e0 nettoyer.<\/li>\n<li>Les enduits d\u00e9coratifs : ajout b\u00e9ton cir\u00e9 ou tadelakt, ou des enduits.<\/li>\n<li>Peinture d\u00e9corative artistique : fabrication de fresques murales artistiques, d\u00e9coratives, ext\u00e9rieures ou int\u00e9rieures.<\/li>\n<li>Peinture pour le ravalement de fa\u00e7ade : r\u00e9novation de la face avant du b\u00e2timent, pose d&rsquo;enduit, peinture, bardage ou cr\u00e9pi.<\/li>\n<li>Peinture sur des zones en hauteur : nos peintres op\u00e8rent dans des emplacements compliqu\u00e9s comme les ponts, les usines ou les tours.<\/li>\n<li>Peinture de finition : application d\u2019une couche de finition sur vos meubles de coin cuisine ou de votre salle d&rsquo;eau.<\/li>\n<li>Installation et remise en \u00e9tat : colmatage des fissures dans vos murs, colmatage des trous dans les murs et la pose de cloisons s\u00e8ches neuves.<\/li>\n<li>Installation et retrait de l&rsquo;ancien de votre tapisserie : suppression et remplacement de votre ancienne tapisserie.<\/li>\n<li>Peinture pour votre entreprise : pour les bureaux, restaurants, \u00e9coles, studios de sports et autres locaux commerciaux.<\/li>\n<li>Peinture pour immeuble : nos artisans peintres interviennent aussi dans les b\u00e2timents, pour la pr\u00e9paration des surfaces avant les travaux de peinture, la r\u00e9alisation des finitions et l\u2019application des rev\u00eatements\/peintures.<\/li>\n<\/ul>\n<h2>Comment fonctionne votre soci\u00e9t\u00e9 ?<\/h2>\n<p>Nous avons \u00e9labor\u00e9 une m\u00e9thodologie dans le but de r\u00e9pondre avec pr\u00e9cision aux attentes de nos clients.<\/p>\n<h3>\u00c9tape 1\u00a0 : commander un devis<\/h3>\n<p>Obtenez un devis gratuit en ligne ou par t\u00e9l\u00e9phone et obtenez une estimation de vos travaux de peintures rapidement.<\/p>\n<h3>\u00c9tape 2\u00a0 : analyser en d\u00e9tail votre estimation<\/h3>\n<p>Ayez la garantie que l&rsquo;estimation que vous obtenez d\u00e9termine correctement le prix de vos travaux. Si vous avez des questions, contacter notre soci\u00e9t\u00e9 pour obtenir plus d&rsquo;informations sur les d\u00e9tails de votre devis.<\/p>\n<h3>\u00c9tape 3\u00a0 : planifier la date de d\u00e9but de votre projet peinture<\/h3>\n<p>Une fois que vous avez confirm\u00e9 le devis, nous d\u00e9terminons ensemble la date de commencement de votre r\u00e9novation. Pour assurer la bonne r\u00e9ussite de votre chantier, nous vous assignons un chef de projet d\u00e9di\u00e9.<\/p>\n<h2>Quel est le montant d&rsquo;un service de peinture \u00e0 Gland ?<\/h2>\n<p>Le montant d&rsquo;une intervention est influenc\u00e9 par l&rsquo;\u00e9tat de vos plafonds et vos murs. En moyenne, les tarifs varient entre 60 et 70 CHF par heure. \u00c0 peu pr\u00e8s 80% \u00e0 90% du montant sont attribu\u00e9s \u00e0 la main-d&rsquo;\u0153uvre, tandis que la peinture ne repr\u00e9sente que 10% \u00e0 20% du budget.<\/p>\n<h2>Quels sont les b\u00e9n\u00e9fices de faire appel \u00e0 Artisanlocal ?<\/h2>\n<ul>\n<li>Accessibilit\u00e9 : situ\u00e9s \u00e0 Gland, nos peintres interviennent rapidement chez vous.<\/li>\n<li>Excellence : en choisissant notre entreprise, vous optez pour l&rsquo;excellence et le professionnalisme.<\/li>\n<li>Tarifs avantageux : nous proposons des prix comp\u00e9titifs, adapt\u00e9s \u00e0 vos moyens et \u00e0 vos attentes.<\/li>\n<li>Prestations sur mesure : nous analysons votre projet de peinture pour concevoir une offre adapt\u00e9e.<\/li>\n<li>Les comp\u00e9tences, nos sp\u00e9cialistes de la peinture \u00e0 Gland poss\u00e8dent une gamme d&rsquo;expertises, tels que : la pr\u00e9paration avant les travaux de peinture, la pose des diff\u00e9rentes couches et la mise en \u0153uvre des touches finales.<\/li>\n<\/ul>\n<h2>Foire aux questions<\/h2>\n<h3>Quelle peinture utilisez-vous ?<\/h3>\n<p>Nous utilisons seulement des peintures haut de gamme. N\u00e9anmoins, nous pouvons appliquer la peinture que vous avez d\u00e9j\u00e0 pay\u00e9e.<\/p>\n<h3>Votre soci\u00e9t\u00e9 est-elle ouverte le week-end ?<\/h3>\n<p>Oui, nos \u00e9quipes sont disponibles le samedi et le dimanche \u00e0 Gland.<\/p>\n<h3>Les meubles sont-ils prot\u00e9g\u00e9s lors de votre intervention ?<\/h3>\n<p>Oui, nous amenons l&rsquo;\u00e9quipement n\u00e9cessaire pour garantir que votre mobilier et votre \u00e9quipement \u00e9lectrom\u00e9nager soient pr\u00e9serv\u00e9s durant nos travaux. N\u00e9anmoins, si vous avez des objets fragiles, nous vous pr\u00e9conisons d&rsquo;en aviser le chef de projet, nous prendrons plus de pr\u00e9cautions.<\/p>\n<h3>Que faire si les travaux image effectu\u00e9s ne satisfont pas \u00e0 mes besoins ?<\/h3>\n<p>Si notre travail ne vous satisfait pas, nous prenons l&rsquo;engagement d&rsquo;effectuer les corrections n\u00e9cessaires jusqu&rsquo;\u00e0 ce que vous soyez satisfait.<\/p>\n<h3>Fournissez-vous des devis gratuits ?<\/h3>\n<p>Nos devis sont gratuits et sans engagements. Si vous souhaitez plus d&rsquo;informations, un technicien se rend \u00e0 votre foyer pour valider votre estimation avec vous.<\/p>\n<h3>Votre soci\u00e9t\u00e9 r\u00e9alise des interventions de peintures \u00e0 proximit\u00e9 de Gland ?<\/h3>\n<p>Oui, nous intervenons \u00e0 Gland, et aussi dans les villes proches, telles que :<\/p>\nPrangins, Nyon, Le Vaud, Eysins, Crassier, St-Cergue, La Cure, Duillier, Coinsins, Vich, Begnins, Bassins, Tr\u00e9lex, Givrins, Genolier, Arzier-Le Muids, Grens, Signy, Ch\u00e9serex, Gingins, Arnex-sur-Nyon, Borex, La Rippe, Crans VD.\n","protected":false},"excerpt":{"rendered":"<p>Besoin d&rsquo;un peintre \u00e0 Gland ? Faites appel \u00e0 Artisanlocal, nous proposons des services de qualit\u00e9, de l&rsquo;\u00e9tude aux finitions, si vous \u00eates un Glandois, nous intervenons rapidement \u00e0 votre domicile et aussi dans les villes proches. Quels sont les services qu&rsquo;Artisanlocal ? Peinture int\u00e9rieure : les moulures, les murs, les plafonds, les portes d&rsquo;entr\u00e9es, [&hellip;]<\/p>\n","protected":false},"author":4,"featured_media":2756,"parent":0,"menu_order":0,"comment_status":"closed","ping_status":"closed","template":"","meta":{"footnotes":""},"profession":[121],"location":[19],"canton":[113],"class_list":["post-754","page","type-page","status-publish","has-post-thumbnail","hentry","profession-peintre","location-gland","canton-vd"],"yoast_head":"<!-- This site is optimized with the Yoast SEO Premium plugin v25.7.1 (Yoast SEO v27.3) - https:\/\/yoast.com\/product\/yoast-seo-premium-wordpress\/ -->\n<title>Peintre \u00e0 Gland - Artisanlocal<\/title>\n<meta name=\"robots\" content=\"index, follow, max-snippet:-1, max-image-preview:large, max-video-preview:-1\" \/>\n<link rel=\"canonical\" href=\"https:\/\/www.artisanlocal.ch\/c\/entreprise-de-peintre-a-gland\/\" \/>\n<meta property=\"og:locale\" content=\"fr_FR\" \/>\n<meta property=\"og:type\" content=\"article\" \/>\n<meta property=\"og:title\" content=\"Peintre \u00e0 Gland\" \/>\n<meta property=\"og:description\" content=\"Besoin d&rsquo;un peintre \u00e0 Gland ? Faites appel \u00e0 Artisanlocal, nous proposons des services de qualit\u00e9, de l&rsquo;\u00e9tude aux finitions, si vous \u00eates un Glandois, nous intervenons rapidement \u00e0 votre domicile et aussi dans les villes proches. Quels sont les services qu&rsquo;Artisanlocal ? Peinture int\u00e9rieure : les moulures, les murs, les plafonds, les portes d&rsquo;entr\u00e9es, [&hellip;]\" \/>\n<meta property=\"og:url\" content=\"https:\/\/www.artisanlocal.ch\/c\/entreprise-de-peintre-a-gland\/\" \/>\n<meta property=\"og:site_name\" content=\"Artisanlocal\" \/>\n<meta property=\"article:modified_time\" content=\"2025-09-17T09:59:29+00:00\" \/>\n<meta property=\"og:image\" content=\"https:\/\/www.artisanlocal.ch\/c\/wp-content\/uploads\/2024\/10\/peintre.jpg\" \/>\n\t<meta property=\"og:image:width\" content=\"1920\" \/>\n\t<meta property=\"og:image:height\" content=\"300\" \/>\n\t<meta property=\"og:image:type\" content=\"image\/jpeg\" \/>\n<meta name=\"twitter:card\" content=\"summary_large_image\" \/>\n<meta name=\"twitter:label1\" content=\"Dur\u00e9e de lecture estim\u00e9e\" \/>\n\t<meta name=\"twitter:data1\" content=\"5 minutes\" \/>\n<script type=\"application\/ld+json\" class=\"yoast-schema-graph\">{\"@context\":\"https:\\\/\\\/schema.org\",\"@graph\":[{\"@type\":\"WebPage\",\"@id\":\"https:\\\/\\\/www.artisanlocal.ch\\\/c\\\/entreprise-de-peintre-a-gland\\\/\",\"url\":\"https:\\\/\\\/www.artisanlocal.ch\\\/c\\\/entreprise-de-peintre-a-gland\\\/\",\"name\":\"Peintre \u00e0 Gland - Artisanlocal\",\"isPartOf\":{\"@id\":\"https:\\\/\\\/www.artisanlocal.ch\\\/c\\\/#website\"},\"primaryImageOfPage\":{\"@id\":\"https:\\\/\\\/www.artisanlocal.ch\\\/c\\\/entreprise-de-peintre-a-gland\\\/#primaryimage\"},\"image\":{\"@id\":\"https:\\\/\\\/www.artisanlocal.ch\\\/c\\\/entreprise-de-peintre-a-gland\\\/#primaryimage\"},\"thumbnailUrl\":\"https:\\\/\\\/www.artisanlocal.ch\\\/c\\\/wp-content\\\/uploads\\\/2024\\\/10\\\/peintre.jpg\",\"datePublished\":\"2024-04-16T10:21:40+00:00\",\"dateModified\":\"2025-09-17T09:59:29+00:00\",\"breadcrumb\":{\"@id\":\"https:\\\/\\\/www.artisanlocal.ch\\\/c\\\/entreprise-de-peintre-a-gland\\\/#breadcrumb\"},\"inLanguage\":\"fr-FR\",\"potentialAction\":[{\"@type\":\"ReadAction\",\"target\":[\"https:\\\/\\\/www.artisanlocal.ch\\\/c\\\/entreprise-de-peintre-a-gland\\\/\"]}]},{\"@type\":\"ImageObject\",\"inLanguage\":\"fr-FR\",\"@id\":\"https:\\\/\\\/www.artisanlocal.ch\\\/c\\\/entreprise-de-peintre-a-gland\\\/#primaryimage\",\"url\":\"https:\\\/\\\/www.artisanlocal.ch\\\/c\\\/wp-content\\\/uploads\\\/2024\\\/10\\\/peintre.jpg\",\"contentUrl\":\"https:\\\/\\\/www.artisanlocal.ch\\\/c\\\/wp-content\\\/uploads\\\/2024\\\/10\\\/peintre.jpg\",\"width\":1920,\"height\":300},{\"@type\":\"BreadcrumbList\",\"@id\":\"https:\\\/\\\/www.artisanlocal.ch\\\/c\\\/entreprise-de-peintre-a-gland\\\/#breadcrumb\",\"itemListElement\":[{\"@type\":\"ListItem\",\"position\":1,\"name\":\"Accueil\",\"item\":\"https:\\\/\\\/www.artisanlocal.ch\\\/c\\\/\"},{\"@type\":\"ListItem\",\"position\":2,\"name\":\"Peintre \u00e0 Gland\"}]},{\"@type\":\"WebSite\",\"@id\":\"https:\\\/\\\/www.artisanlocal.ch\\\/c\\\/#website\",\"url\":\"https:\\\/\\\/www.artisanlocal.ch\\\/c\\\/\",\"name\":\"Artisanlocal\",\"description\":\"\",\"publisher\":{\"@id\":\"https:\\\/\\\/www.artisanlocal.ch\\\/c\\\/#organization\"},\"potentialAction\":[{\"@type\":\"SearchAction\",\"target\":{\"@type\":\"EntryPoint\",\"urlTemplate\":\"https:\\\/\\\/www.artisanlocal.ch\\\/c\\\/?s={search_term_string}\"},\"query-input\":{\"@type\":\"PropertyValueSpecification\",\"valueRequired\":true,\"valueName\":\"search_term_string\"}}],\"inLanguage\":\"fr-FR\"},{\"@type\":\"Organization\",\"@id\":\"https:\\\/\\\/www.artisanlocal.ch\\\/c\\\/#organization\",\"name\":\"Artisanlocal\",\"url\":\"https:\\\/\\\/www.artisanlocal.ch\\\/c\\\/\",\"logo\":{\"@type\":\"ImageObject\",\"inLanguage\":\"fr-FR\",\"@id\":\"https:\\\/\\\/www.artisanlocal.ch\\\/c\\\/#\\\/schema\\\/logo\\\/image\\\/\",\"url\":\"https:\\\/\\\/www.artisanlocal.ch\\\/c\\\/wp-content\\\/uploads\\\/2024\\\/02\\\/logo-artisanlocal-h.svg\",\"contentUrl\":\"https:\\\/\\\/www.artisanlocal.ch\\\/c\\\/wp-content\\\/uploads\\\/2024\\\/02\\\/logo-artisanlocal-h.svg\",\"caption\":\"Artisanlocal\"},\"image\":{\"@id\":\"https:\\\/\\\/www.artisanlocal.ch\\\/c\\\/#\\\/schema\\\/logo\\\/image\\\/\"}}]}<\/script>\n<!-- \/ Yoast SEO Premium plugin. -->","yoast_head_json":{"title":"Peintre \u00e0 Gland - Artisanlocal","robots":{"index":"index","follow":"follow","max-snippet":"max-snippet:-1","max-image-preview":"max-image-preview:large","max-video-preview":"max-video-preview:-1"},"canonical":"https:\/\/www.artisanlocal.ch\/c\/entreprise-de-peintre-a-gland\/","og_locale":"fr_FR","og_type":"article","og_title":"Peintre \u00e0 Gland","og_description":"Besoin d&rsquo;un peintre \u00e0 Gland ? Faites appel \u00e0 Artisanlocal, nous proposons des services de qualit\u00e9, de l&rsquo;\u00e9tude aux finitions, si vous \u00eates un Glandois, nous intervenons rapidement \u00e0 votre domicile et aussi dans les villes proches. Quels sont les services qu&rsquo;Artisanlocal ? Peinture int\u00e9rieure : les moulures, les murs, les plafonds, les portes d&rsquo;entr\u00e9es, [&hellip;]","og_url":"https:\/\/www.artisanlocal.ch\/c\/entreprise-de-peintre-a-gland\/","og_site_name":"Artisanlocal","article_modified_time":"2025-09-17T09:59:29+00:00","og_image":[{"width":1920,"height":300,"url":"https:\/\/www.artisanlocal.ch\/c\/wp-content\/uploads\/2024\/10\/peintre.jpg","type":"image\/jpeg"}],"twitter_card":"summary_large_image","twitter_misc":{"Dur\u00e9e de lecture estim\u00e9e":"5 minutes"},"schema":{"@context":"https:\/\/schema.org","@graph":[{"@type":"WebPage","@id":"https:\/\/www.artisanlocal.ch\/c\/entreprise-de-peintre-a-gland\/","url":"https:\/\/www.artisanlocal.ch\/c\/entreprise-de-peintre-a-gland\/","name":"Peintre \u00e0 Gland - Artisanlocal","isPartOf":{"@id":"https:\/\/www.artisanlocal.ch\/c\/#website"},"primaryImageOfPage":{"@id":"https:\/\/www.artisanlocal.ch\/c\/entreprise-de-peintre-a-gland\/#primaryimage"},"image":{"@id":"https:\/\/www.artisanlocal.ch\/c\/entreprise-de-peintre-a-gland\/#primaryimage"},"thumbnailUrl":"https:\/\/www.artisanlocal.ch\/c\/wp-content\/uploads\/2024\/10\/peintre.jpg","datePublished":"2024-04-16T10:21:40+00:00","dateModified":"2025-09-17T09:59:29+00:00","breadcrumb":{"@id":"https:\/\/www.artisanlocal.ch\/c\/entreprise-de-peintre-a-gland\/#breadcrumb"},"inLanguage":"fr-FR","potentialAction":[{"@type":"ReadAction","target":["https:\/\/www.artisanlocal.ch\/c\/entreprise-de-peintre-a-gland\/"]}]},{"@type":"ImageObject","inLanguage":"fr-FR","@id":"https:\/\/www.artisanlocal.ch\/c\/entreprise-de-peintre-a-gland\/#primaryimage","url":"https:\/\/www.artisanlocal.ch\/c\/wp-content\/uploads\/2024\/10\/peintre.jpg","contentUrl":"https:\/\/www.artisanlocal.ch\/c\/wp-content\/uploads\/2024\/10\/peintre.jpg","width":1920,"height":300},{"@type":"BreadcrumbList","@id":"https:\/\/www.artisanlocal.ch\/c\/entreprise-de-peintre-a-gland\/#breadcrumb","itemListElement":[{"@type":"ListItem","position":1,"name":"Accueil","item":"https:\/\/www.artisanlocal.ch\/c\/"},{"@type":"ListItem","position":2,"name":"Peintre \u00e0 Gland"}]},{"@type":"WebSite","@id":"https:\/\/www.artisanlocal.ch\/c\/#website","url":"https:\/\/www.artisanlocal.ch\/c\/","name":"Artisanlocal","description":"","publisher":{"@id":"https:\/\/www.artisanlocal.ch\/c\/#organization"},"potentialAction":[{"@type":"SearchAction","target":{"@type":"EntryPoint","urlTemplate":"https:\/\/www.artisanlocal.ch\/c\/?s={search_term_string}"},"query-input":{"@type":"PropertyValueSpecification","valueRequired":true,"valueName":"search_term_string"}}],"inLanguage":"fr-FR"},{"@type":"Organization","@id":"https:\/\/www.artisanlocal.ch\/c\/#organization","name":"Artisanlocal","url":"https:\/\/www.artisanlocal.ch\/c\/","logo":{"@type":"ImageObject","inLanguage":"fr-FR","@id":"https:\/\/www.artisanlocal.ch\/c\/#\/schema\/logo\/image\/","url":"https:\/\/www.artisanlocal.ch\/c\/wp-content\/uploads\/2024\/02\/logo-artisanlocal-h.svg","contentUrl":"https:\/\/www.artisanlocal.ch\/c\/wp-content\/uploads\/2024\/02\/logo-artisanlocal-h.svg","caption":"Artisanlocal"},"image":{"@id":"https:\/\/www.artisanlocal.ch\/c\/#\/schema\/logo\/image\/"}}]}},"_links":{"self":[{"href":"https:\/\/www.artisanlocal.ch\/c\/wp-json\/wp\/v2\/pages\/754","targetHints":{"allow":["GET"]}}],"collection":[{"href":"https:\/\/www.artisanlocal.ch\/c\/wp-json\/wp\/v2\/pages"}],"about":[{"href":"https:\/\/www.artisanlocal.ch\/c\/wp-json\/wp\/v2\/types\/page"}],"author":[{"embeddable":true,"href":"https:\/\/www.artisanlocal.ch\/c\/wp-json\/wp\/v2\/users\/4"}],"replies":[{"embeddable":true,"href":"https:\/\/www.artisanlocal.ch\/c\/wp-json\/wp\/v2\/comments?post=754"}],"version-history":[{"count":0,"href":"https:\/\/www.artisanlocal.ch\/c\/wp-json\/wp\/v2\/pages\/754\/revisions"}],"wp:featuredmedia":[{"embeddable":true,"href":"https:\/\/www.artisanlocal.ch\/c\/wp-json\/wp\/v2\/media\/2756"}],"wp:attachment":[{"href":"https:\/\/www.artisanlocal.ch\/c\/wp-json\/wp\/v2\/media?parent=754"}],"wp:term":[{"taxonomy":"profession","embeddable":true,"href":"https:\/\/www.artisanlocal.ch\/c\/wp-json\/wp\/v2\/profession?post=754"},{"taxonomy":"location","embeddable":true,"href":"https:\/\/www.artisanlocal.ch\/c\/wp-json\/wp\/v2\/location?post=754"},{"taxonomy":"canton","embeddable":true,"href":"https:\/\/www.artisanlocal.ch\/c\/wp-json\/wp\/v2\/canton?post=754"}],"curies":[{"name":"wp","href":"https:\/\/api.w.org\/{rel}","templated":true}]}}