{"id":755,"date":"2024-04-16T21:29:19","date_gmt":"2024-04-16T19:29:19","guid":{"rendered":"https:\/\/www.artisanlocal.ch\/c\/artisan-peintre-a-chavornay\/"},"modified":"2025-09-17T16:24:07","modified_gmt":"2025-09-17T14:24:07","slug":"artisan-peintre-a-chavornay","status":"publish","type":"page","link":"https:\/\/www.artisanlocal.ch\/c\/artisan-peintre-a-chavornay\/","title":{"rendered":"Peintre \u00e0 Chavornay"},"content":{"rendered":"<p>Besoin d&rsquo;une entreprise \u00e0 Chavornay ? Artisanlocal r\u00e9alise tous vos travaux de peinture.<br \/>\n\r\n<div class=\"box\">\r\n            <div class=\"company-info\">\r\n            <img decoding=\"async\" class=\"company-info__logo\" src=\"https:\/\/www.artisanlocal.ch\/media\/cache\/thumb\/images\/companies\/671660b270536878018751.png\" alt=\"Logo\">\r\n            <h2 class=\"company-info__name\">Neves peinture<\/h2>\r\n            <p class=\"company-info__business\">Peinture - Cr\u00e9pi - Papiers peints<\/p>\r\n        <\/div>\r\n        <div class=\"company-contact\">\r\n            <p class=\"company-info__address\">Grand'Rue 76<\/p>\r\n                            <div class=\"links\">\r\n                                            <a class=\"btn has-accent-background-color js-phoneNumber\" href=\"tel:0792942635\" title=\"Appelez\" data-id=\"25313\" data-type=\"11\">079 294 26 35<\/a>\r\n                                                                <a class=\"btn has-accent-background-color\" href=\"https:\/\/neves-peinture-33.webself.net\/\" target=\"_blank\" title=\"Voir le site internet\" data-id=\"25313\" data-type=\"20\">Site internet<\/a>\r\n                                    <\/div>\r\n                    <\/div>\r\n    \r\n            \r\n<form action=\"https:\/\/www.artisanlocal.ch\/c\/wp-admin\/admin-ajax.php\" method=\"post\" class=\"form-contact\" id=\"artisan_form_contact_company_inline\">\r\n    <div><input type=\"hidden\" name=\"action\" value=\"company_contact\"><\/div>\r\n    <div><input type=\"hidden\" name=\"nonce\" value=\"67a23a8c67\"><\/div>\r\n    <div><input type=\"hidden\" name=\"company_id\" value=\"25313\"><\/div>\r\n    <div><input type=\"hidden\" name=\"form_id\" value=\"artisan_form_contact_company_inline\"><\/div>\r\n    <div class=\"gglcptch gglcptch_v3 gglcptch_custom\"><input type=\"hidden\" id=\"g-recaptcha-response\" name=\"g-recaptcha-response\" \/><br \/><div class=\"gglcptch_error_text\">La p\u00e9riode de v\u00e9rification reCAPTCHA a expir\u00e9. Veuillez recharger la page.<\/div><\/div>    <div class=\"form-content\">\r\n        <div class=\"form-group\">\r\n            <label for=\"contact_firstName\" class=\"required\">Pr\u00e9nom<\/label>\r\n            <input type=\"text\" name=\"firstName\" class=\"form-control\" required>\r\n        <\/div>\r\n        <div class=\"form-group\">\r\n            <label for=\"contact_lastName\" class=\"required\">Nom<\/label>\r\n            <input type=\"text\" name=\"lastName\" class=\"form-control\" required>\r\n        <\/div>\r\n        <div class=\"form-group\">\r\n            <label for=\"contact_email\" class=\"required\">Email<\/label>\r\n            <input type=\"email\" name=\"email\" class=\"form-control\" required>\r\n        <\/div>\r\n        <div class=\"form-group\">\r\n            <label for=\"contact_phone\" class=\"required\">Num\u00e9ro de t\u00e9l\u00e9phone<\/label>\r\n            <input type=\"tel\" name=\"phone\" class=\"form-control\" placeholder=\"0787117165\" pattern=\"^[0-9]{10}$\" required>\r\n        <\/div>\r\n        <div class=\"form-group\">\r\n            <label for=\"contact_postalCode\" class=\"required\">Code postal et localit\u00e9<\/label>\r\n            <input type=\"text\" name=\"postalCode\" class=\"form-control\" required>\r\n        <\/div>\r\n        <div class=\"form-group\">\r\n            <label for=\"contact_address\" class=\"required\">Adresse<\/label>\r\n            <input type=\"text\" name=\"address\" class=\"form-control\" required>\r\n        <\/div>\r\n        <div class=\"full-width topic\">\r\n            <p class=\"required\">Je souhaite \u00eatre contact\u00e9 pour :<\/p>\r\n            <div class=\"form-check\">\r\n                <input type=\"radio\" name=\"topic\" value=\"D\u00e9pannage\" class=\"form-control\" required>\r\n                <label for=\"d\u00e9pannage\">D\u00e9pannage<\/label>\r\n            <\/div>\r\n            <div class=\"form-check\">\r\n                <input type=\"radio\" name=\"topic\" value=\"Entretien\" class=\"form-control\" required>\r\n                <label for=\"entretien\">Entretien<\/label>\r\n            <\/div>\r\n            <div class=\"form-check\">\r\n                <input type=\"radio\" name=\"topic\" value=\"R\u00e9novation\" class=\"form-control\" required>\r\n                <label for=\"r\u00e9novation\">R\u00e9novation<\/label>\r\n            <\/div>\r\n            <div class=\"form-check\">\r\n                <input type=\"radio\" name=\"topic\" value=\"Autre\" class=\"form-control\" required>\r\n                <label for=\"autre\">Autre<\/label>\r\n            <\/div>\r\n        <\/div>\r\n        <div class=\"form-group full-width\">\r\n            <label for=\"contact_message\">Message<\/label>\r\n            <textarea name=\"message\" rows=\"3\" class=\"form-control\"><\/textarea>\r\n        <\/div>\r\n    <\/div>\r\n    <div class=\"form-actions\">\r\n        <button class=\"wp-block-button__link has-accent-background-color\">Contacter<\/button>\r\n    <\/div>\r\n<\/form>\r\n<div class=\"form-feedback\"><\/div>    <\/div><\/p>\n<h2>Quels sont les services de peinture que votre soci\u00e9t\u00e9 proposent ?<\/h2>\n<ul>\n<li>Peinture int\u00e9rieure : sur vos murs, plafonds, portes, moulures, ou dans vos pi\u00e8ces, comme votre salle d&rsquo;eau, chambre ou salon.<\/li>\n<li>Peinture ext\u00e9rieure : sur les portes de garage, les terrasses, les briques, les bardages, les cl\u00f4tures et le stuc.<\/li>\n<li>Peinture d\u00e9corative : cr\u00e9ation d&rsquo;effets visuels comme le faux marbre, l&rsquo;effet oxyd\u00e9, les patines, le faux bois et l&rsquo;effet vieilli.<\/li>\n<li>Peinture dans votre cuisine : pose d&rsquo;une couche, et peinture de finition satin\u00e9e.<\/li>\n<li>Enduits d\u00e9coratifs : installation d&rsquo;enduits comme le b\u00e9ton cir\u00e9 ou le tadelakt.<\/li>\n<li>Peinture artistique : fabrication de fresques murales, d\u00e9coratives, artistiques, int\u00e9rieures ou ext\u00e9rieures.<\/li>\n<li>Peintre en ravalement de fa\u00e7ade : restauration des fa\u00e7ades de b\u00e2timents avec bardage, enduit, peinture ou cr\u00e9pi.<\/li>\n<li>Peinture en hauteur : sur usines, tours ou ponts.<\/li>\n<li>Peinture de finition : sur meubles de cuisine ou dans la salle d&rsquo;eau.<\/li>\n<li>R\u00e9paration et mise en place : colmatage des fissures, colmatage des trous dans les murs et l&rsquo;installation de cloisons s\u00e8ches neuves.<\/li>\n<li>Installation et suppression de l&rsquo;ancien de papier peint : retrait et remplacement de votre ancien papier peint.<\/li>\n<li>Peinture pour les entreprises : les \u00e9coles, locaux commerciaux, espaces commerciaux, \u00e9tablissements gastronomiques et complexes sportifs.<\/li>\n<li>Peinture pour les immeubles : pr\u00e9paration des zones \u00e0 peindre, r\u00e9alisation des travaux de finition et la pose des peintures et rev\u00eatements.<\/li>\n<\/ul>\n<h2>Comment marche votre soci\u00e9t\u00e9 ?<\/h2>\n<p>Chez Artisanlocal, nous avons d\u00e9velopp\u00e9 un syst\u00e8me \u00e9tape par \u00e9tape pour r\u00e9pondre aux besoins de nos partenaires.<\/p>\n<h3>\u00c9tape 1\u00a0 : demandez votre devis<\/h3>\n<p>Recevez un devis gratuit par t\u00e9l\u00e9phone ou en ligne et obtenez une estimation de vos travaux de peintures dans les 24 heures.<\/p>\n<h3>\u00c9tape 2\u00a0 : examinez votre devis<\/h3>\n<p>Soyez assur\u00e9 que le devis que vous obtenez d\u00e9finit correctement le prix de votre projet. Si vous avez des questions, contactez-nous pour obtenir plus d&rsquo;informations sur les d\u00e9tails de votre devis.<\/p>\n<h3>\u00c9tape 3\u00a0 : d\u00e9but de votre projet<\/h3>\n<p>Apr\u00e8s la validation du devis, nous programmons ensemble le commencement de votre projet. Pour arriver \u00e0 vos objectifs, vous avez \u00e0 disposition un chef de projet.<\/p>\n<h2>Combien faut-il payer pour une nouvelle peinture \u00e0 Chavornay ?<\/h2>\n<p>Le prix d&rsquo;une prestation de peinture repose sur l&rsquo;\u00e9tat des zones \u00e0 r\u00e9nover. En g\u00e9n\u00e9ral, les prix varient entre 60 et 70 francs suisses par heure. Le co\u00fbt de main-d&rsquo;\u0153uvre repr\u00e9sente environ 80% \u00e0 90% du prix total, tandis que le co\u00fbt de la peinture ne repr\u00e9sente que 10% \u00e0 20% du montant.<\/p>\n<h2>Pourquoi choisir nos peintres \u00e0 Chavornay ?<\/h2>\n<ul>\n<li>Disponibilit\u00e9 : nos peintres sont disponibles du lundi au samedi.<\/li>\n<li>Qualit\u00e9 : nous utilisons des peintures de qualit\u00e9.<\/li>\n<li>Prix comp\u00e9titifs : nos prix sont comp\u00e9titifs.<\/li>\n<li>Offres sur mesure : nous prenons en consid\u00e9ration les particularit\u00e9s de votre projet pour vous proposer une prestation sur mesure.<\/li>\n<li>Prestation compl\u00e8te \u00e0 Chavornay, nos peintres r\u00e9alisent : la pr\u00e9paration des surfaces avant l&rsquo;application de la peinture, la pose des multiples couches et la mise en \u0153uvre des finitions.<\/li>\n<\/ul>\n<h2>Foire aux questions<\/h2>\n<h3>Quelle peinture utilisez-vous ?<\/h3>\n<p>Nous utilisons des peintures de qualit\u00e9 sup\u00e9rieure. Toutefois, nous pouvons utiliser la peinture que vous avez d\u00e9j\u00e0 achet\u00e9e.<\/p>\n<h3>Vos artisans peintres sont joignables le week-end ?<\/h3>\n<p>Oui, nos \u00e9quipes sont disponibles du lundi au samedi \u00e0 Chavornay et dans les villes aux alentours.<\/p>\n<h3>Assurez-vous la protection des meubles ?<\/h3>\n<p>Oui, avant les travaux, nous prot\u00e9geons vos appareils \u00e9lectrom\u00e9nagers et vos meubles. N\u00e9anmoins, si vous avez des objets susceptibles de se briser, nous vous pr\u00e9conisons d&rsquo;en informer notre \u00e9quipe d&rsquo;artisans, nous prendrons plus de pr\u00e9cautions.<\/p>\n<h3>Que faire si les travaux de peinture accomplis ne r\u00e9pondent pas \u00e0 mes d\u00e9sirs ?<\/h3>\n<p>Si notre travail ne vous satisfait pas, nous prenons l&rsquo;engagement d&rsquo;effectuer les modifications n\u00e9cessaires jusqu&rsquo;\u00e0 ce que vous soyez satisfait.<\/p>\n<h3>Vos devis sont-ils gratuits ?<\/h3>\n<p>Oui, nos devis sont gratuits et sans engagements. Nos peintres peuvent se d\u00e9placer chez vous pour r\u00e9pondre \u00e0 vos questions et valider avec vous votre devis.<\/p>\n<h3>Votre entreprise r\u00e9alise-t-elle des travaux pr\u00e8s de Chavornay ?<\/h3>\n<p>Oui, notre entreprise intervient \u00e0 Chavornay, mais aussi dans les villes proches, comme :<\/p>\nLa Praz, Arnex-sur-Orbe, Croy, Romainm\u00f4tier, Premier, Vaulion, Juriens, Bretonni\u00e8res, Vallorbe, Ballaigues, Orbe, Agiez, Bofflens, Montcherand, L'Abergement, Sergey, La Russille, Les Cl\u00e9es, Lignerolle, Valeyres-sous-Rances, Bavois, Corcelles-sur-Chavornay, Rances, Baulmes.\n","protected":false},"excerpt":{"rendered":"<p>Besoin d&rsquo;une entreprise \u00e0 Chavornay ? Artisanlocal r\u00e9alise tous vos travaux de peinture. Quels sont les services de peinture que votre soci\u00e9t\u00e9 proposent ? Peinture int\u00e9rieure : sur vos murs, plafonds, portes, moulures, ou dans vos pi\u00e8ces, comme votre salle d&rsquo;eau, chambre ou salon. Peinture ext\u00e9rieure : sur les portes de garage, les terrasses, les [&hellip;]<\/p>\n","protected":false},"author":4,"featured_media":2756,"parent":0,"menu_order":0,"comment_status":"closed","ping_status":"closed","template":"","meta":{"footnotes":""},"profession":[121],"location":[86],"canton":[113],"class_list":["post-755","page","type-page","status-publish","has-post-thumbnail","hentry","profession-peintre","location-chavornay","canton-vd"],"yoast_head":"<!-- This site is optimized with the Yoast SEO Premium plugin v25.7.1 (Yoast SEO v27.3) - https:\/\/yoast.com\/product\/yoast-seo-premium-wordpress\/ -->\n<title>Peintre \u00e0 Chavornay - Artisanlocal<\/title>\n<meta name=\"robots\" content=\"index, follow, max-snippet:-1, max-image-preview:large, max-video-preview:-1\" \/>\n<link rel=\"canonical\" href=\"https:\/\/www.artisanlocal.ch\/c\/artisan-peintre-a-chavornay\/\" \/>\n<meta property=\"og:locale\" content=\"fr_FR\" \/>\n<meta property=\"og:type\" content=\"article\" \/>\n<meta property=\"og:title\" content=\"Peintre \u00e0 Chavornay\" \/>\n<meta property=\"og:description\" content=\"Besoin d&rsquo;une entreprise \u00e0 Chavornay ? Artisanlocal r\u00e9alise tous vos travaux de peinture. Quels sont les services de peinture que votre soci\u00e9t\u00e9 proposent ? Peinture int\u00e9rieure : sur vos murs, plafonds, portes, moulures, ou dans vos pi\u00e8ces, comme votre salle d&rsquo;eau, chambre ou salon. Peinture ext\u00e9rieure : sur les portes de garage, les terrasses, les [&hellip;]\" \/>\n<meta property=\"og:url\" content=\"https:\/\/www.artisanlocal.ch\/c\/artisan-peintre-a-chavornay\/\" \/>\n<meta property=\"og:site_name\" content=\"Artisanlocal\" \/>\n<meta property=\"article:modified_time\" content=\"2025-09-17T14:24:07+00:00\" \/>\n<meta property=\"og:image\" content=\"https:\/\/www.artisanlocal.ch\/c\/wp-content\/uploads\/2024\/10\/peintre.jpg\" \/>\n\t<meta property=\"og:image:width\" content=\"1920\" \/>\n\t<meta property=\"og:image:height\" content=\"300\" \/>\n\t<meta property=\"og:image:type\" content=\"image\/jpeg\" \/>\n<meta name=\"twitter:card\" content=\"summary_large_image\" \/>\n<meta name=\"twitter:label1\" content=\"Dur\u00e9e de lecture estim\u00e9e\" \/>\n\t<meta name=\"twitter:data1\" content=\"4 minutes\" \/>\n<script type=\"application\/ld+json\" class=\"yoast-schema-graph\">{\"@context\":\"https:\\\/\\\/schema.org\",\"@graph\":[{\"@type\":\"WebPage\",\"@id\":\"https:\\\/\\\/www.artisanlocal.ch\\\/c\\\/artisan-peintre-a-chavornay\\\/\",\"url\":\"https:\\\/\\\/www.artisanlocal.ch\\\/c\\\/artisan-peintre-a-chavornay\\\/\",\"name\":\"Peintre \u00e0 Chavornay - Artisanlocal\",\"isPartOf\":{\"@id\":\"https:\\\/\\\/www.artisanlocal.ch\\\/c\\\/#website\"},\"primaryImageOfPage\":{\"@id\":\"https:\\\/\\\/www.artisanlocal.ch\\\/c\\\/artisan-peintre-a-chavornay\\\/#primaryimage\"},\"image\":{\"@id\":\"https:\\\/\\\/www.artisanlocal.ch\\\/c\\\/artisan-peintre-a-chavornay\\\/#primaryimage\"},\"thumbnailUrl\":\"https:\\\/\\\/www.artisanlocal.ch\\\/c\\\/wp-content\\\/uploads\\\/2024\\\/10\\\/peintre.jpg\",\"datePublished\":\"2024-04-16T19:29:19+00:00\",\"dateModified\":\"2025-09-17T14:24:07+00:00\",\"breadcrumb\":{\"@id\":\"https:\\\/\\\/www.artisanlocal.ch\\\/c\\\/artisan-peintre-a-chavornay\\\/#breadcrumb\"},\"inLanguage\":\"fr-FR\",\"potentialAction\":[{\"@type\":\"ReadAction\",\"target\":[\"https:\\\/\\\/www.artisanlocal.ch\\\/c\\\/artisan-peintre-a-chavornay\\\/\"]}]},{\"@type\":\"ImageObject\",\"inLanguage\":\"fr-FR\",\"@id\":\"https:\\\/\\\/www.artisanlocal.ch\\\/c\\\/artisan-peintre-a-chavornay\\\/#primaryimage\",\"url\":\"https:\\\/\\\/www.artisanlocal.ch\\\/c\\\/wp-content\\\/uploads\\\/2024\\\/10\\\/peintre.jpg\",\"contentUrl\":\"https:\\\/\\\/www.artisanlocal.ch\\\/c\\\/wp-content\\\/uploads\\\/2024\\\/10\\\/peintre.jpg\",\"width\":1920,\"height\":300},{\"@type\":\"BreadcrumbList\",\"@id\":\"https:\\\/\\\/www.artisanlocal.ch\\\/c\\\/artisan-peintre-a-chavornay\\\/#breadcrumb\",\"itemListElement\":[{\"@type\":\"ListItem\",\"position\":1,\"name\":\"Accueil\",\"item\":\"https:\\\/\\\/www.artisanlocal.ch\\\/c\\\/\"},{\"@type\":\"ListItem\",\"position\":2,\"name\":\"Peintre \u00e0 Chavornay\"}]},{\"@type\":\"WebSite\",\"@id\":\"https:\\\/\\\/www.artisanlocal.ch\\\/c\\\/#website\",\"url\":\"https:\\\/\\\/www.artisanlocal.ch\\\/c\\\/\",\"name\":\"Artisanlocal\",\"description\":\"\",\"publisher\":{\"@id\":\"https:\\\/\\\/www.artisanlocal.ch\\\/c\\\/#organization\"},\"potentialAction\":[{\"@type\":\"SearchAction\",\"target\":{\"@type\":\"EntryPoint\",\"urlTemplate\":\"https:\\\/\\\/www.artisanlocal.ch\\\/c\\\/?s={search_term_string}\"},\"query-input\":{\"@type\":\"PropertyValueSpecification\",\"valueRequired\":true,\"valueName\":\"search_term_string\"}}],\"inLanguage\":\"fr-FR\"},{\"@type\":\"Organization\",\"@id\":\"https:\\\/\\\/www.artisanlocal.ch\\\/c\\\/#organization\",\"name\":\"Artisanlocal\",\"url\":\"https:\\\/\\\/www.artisanlocal.ch\\\/c\\\/\",\"logo\":{\"@type\":\"ImageObject\",\"inLanguage\":\"fr-FR\",\"@id\":\"https:\\\/\\\/www.artisanlocal.ch\\\/c\\\/#\\\/schema\\\/logo\\\/image\\\/\",\"url\":\"https:\\\/\\\/www.artisanlocal.ch\\\/c\\\/wp-content\\\/uploads\\\/2024\\\/02\\\/logo-artisanlocal-h.svg\",\"contentUrl\":\"https:\\\/\\\/www.artisanlocal.ch\\\/c\\\/wp-content\\\/uploads\\\/2024\\\/02\\\/logo-artisanlocal-h.svg\",\"caption\":\"Artisanlocal\"},\"image\":{\"@id\":\"https:\\\/\\\/www.artisanlocal.ch\\\/c\\\/#\\\/schema\\\/logo\\\/image\\\/\"}}]}<\/script>\n<!-- \/ Yoast SEO Premium plugin. -->","yoast_head_json":{"title":"Peintre \u00e0 Chavornay - Artisanlocal","robots":{"index":"index","follow":"follow","max-snippet":"max-snippet:-1","max-image-preview":"max-image-preview:large","max-video-preview":"max-video-preview:-1"},"canonical":"https:\/\/www.artisanlocal.ch\/c\/artisan-peintre-a-chavornay\/","og_locale":"fr_FR","og_type":"article","og_title":"Peintre \u00e0 Chavornay","og_description":"Besoin d&rsquo;une entreprise \u00e0 Chavornay ? Artisanlocal r\u00e9alise tous vos travaux de peinture. Quels sont les services de peinture que votre soci\u00e9t\u00e9 proposent ? Peinture int\u00e9rieure : sur vos murs, plafonds, portes, moulures, ou dans vos pi\u00e8ces, comme votre salle d&rsquo;eau, chambre ou salon. Peinture ext\u00e9rieure : sur les portes de garage, les terrasses, les [&hellip;]","og_url":"https:\/\/www.artisanlocal.ch\/c\/artisan-peintre-a-chavornay\/","og_site_name":"Artisanlocal","article_modified_time":"2025-09-17T14:24:07+00:00","og_image":[{"width":1920,"height":300,"url":"https:\/\/www.artisanlocal.ch\/c\/wp-content\/uploads\/2024\/10\/peintre.jpg","type":"image\/jpeg"}],"twitter_card":"summary_large_image","twitter_misc":{"Dur\u00e9e de lecture estim\u00e9e":"4 minutes"},"schema":{"@context":"https:\/\/schema.org","@graph":[{"@type":"WebPage","@id":"https:\/\/www.artisanlocal.ch\/c\/artisan-peintre-a-chavornay\/","url":"https:\/\/www.artisanlocal.ch\/c\/artisan-peintre-a-chavornay\/","name":"Peintre \u00e0 Chavornay - Artisanlocal","isPartOf":{"@id":"https:\/\/www.artisanlocal.ch\/c\/#website"},"primaryImageOfPage":{"@id":"https:\/\/www.artisanlocal.ch\/c\/artisan-peintre-a-chavornay\/#primaryimage"},"image":{"@id":"https:\/\/www.artisanlocal.ch\/c\/artisan-peintre-a-chavornay\/#primaryimage"},"thumbnailUrl":"https:\/\/www.artisanlocal.ch\/c\/wp-content\/uploads\/2024\/10\/peintre.jpg","datePublished":"2024-04-16T19:29:19+00:00","dateModified":"2025-09-17T14:24:07+00:00","breadcrumb":{"@id":"https:\/\/www.artisanlocal.ch\/c\/artisan-peintre-a-chavornay\/#breadcrumb"},"inLanguage":"fr-FR","potentialAction":[{"@type":"ReadAction","target":["https:\/\/www.artisanlocal.ch\/c\/artisan-peintre-a-chavornay\/"]}]},{"@type":"ImageObject","inLanguage":"fr-FR","@id":"https:\/\/www.artisanlocal.ch\/c\/artisan-peintre-a-chavornay\/#primaryimage","url":"https:\/\/www.artisanlocal.ch\/c\/wp-content\/uploads\/2024\/10\/peintre.jpg","contentUrl":"https:\/\/www.artisanlocal.ch\/c\/wp-content\/uploads\/2024\/10\/peintre.jpg","width":1920,"height":300},{"@type":"BreadcrumbList","@id":"https:\/\/www.artisanlocal.ch\/c\/artisan-peintre-a-chavornay\/#breadcrumb","itemListElement":[{"@type":"ListItem","position":1,"name":"Accueil","item":"https:\/\/www.artisanlocal.ch\/c\/"},{"@type":"ListItem","position":2,"name":"Peintre \u00e0 Chavornay"}]},{"@type":"WebSite","@id":"https:\/\/www.artisanlocal.ch\/c\/#website","url":"https:\/\/www.artisanlocal.ch\/c\/","name":"Artisanlocal","description":"","publisher":{"@id":"https:\/\/www.artisanlocal.ch\/c\/#organization"},"potentialAction":[{"@type":"SearchAction","target":{"@type":"EntryPoint","urlTemplate":"https:\/\/www.artisanlocal.ch\/c\/?s={search_term_string}"},"query-input":{"@type":"PropertyValueSpecification","valueRequired":true,"valueName":"search_term_string"}}],"inLanguage":"fr-FR"},{"@type":"Organization","@id":"https:\/\/www.artisanlocal.ch\/c\/#organization","name":"Artisanlocal","url":"https:\/\/www.artisanlocal.ch\/c\/","logo":{"@type":"ImageObject","inLanguage":"fr-FR","@id":"https:\/\/www.artisanlocal.ch\/c\/#\/schema\/logo\/image\/","url":"https:\/\/www.artisanlocal.ch\/c\/wp-content\/uploads\/2024\/02\/logo-artisanlocal-h.svg","contentUrl":"https:\/\/www.artisanlocal.ch\/c\/wp-content\/uploads\/2024\/02\/logo-artisanlocal-h.svg","caption":"Artisanlocal"},"image":{"@id":"https:\/\/www.artisanlocal.ch\/c\/#\/schema\/logo\/image\/"}}]}},"_links":{"self":[{"href":"https:\/\/www.artisanlocal.ch\/c\/wp-json\/wp\/v2\/pages\/755","targetHints":{"allow":["GET"]}}],"collection":[{"href":"https:\/\/www.artisanlocal.ch\/c\/wp-json\/wp\/v2\/pages"}],"about":[{"href":"https:\/\/www.artisanlocal.ch\/c\/wp-json\/wp\/v2\/types\/page"}],"author":[{"embeddable":true,"href":"https:\/\/www.artisanlocal.ch\/c\/wp-json\/wp\/v2\/users\/4"}],"replies":[{"embeddable":true,"href":"https:\/\/www.artisanlocal.ch\/c\/wp-json\/wp\/v2\/comments?post=755"}],"version-history":[{"count":0,"href":"https:\/\/www.artisanlocal.ch\/c\/wp-json\/wp\/v2\/pages\/755\/revisions"}],"wp:featuredmedia":[{"embeddable":true,"href":"https:\/\/www.artisanlocal.ch\/c\/wp-json\/wp\/v2\/media\/2756"}],"wp:attachment":[{"href":"https:\/\/www.artisanlocal.ch\/c\/wp-json\/wp\/v2\/media?parent=755"}],"wp:term":[{"taxonomy":"profession","embeddable":true,"href":"https:\/\/www.artisanlocal.ch\/c\/wp-json\/wp\/v2\/profession?post=755"},{"taxonomy":"location","embeddable":true,"href":"https:\/\/www.artisanlocal.ch\/c\/wp-json\/wp\/v2\/location?post=755"},{"taxonomy":"canton","embeddable":true,"href":"https:\/\/www.artisanlocal.ch\/c\/wp-json\/wp\/v2\/canton?post=755"}],"curies":[{"name":"wp","href":"https:\/\/api.w.org\/{rel}","templated":true}]}}