{"id":756,"date":"2024-04-16T08:57:09","date_gmt":"2024-04-16T06:57:09","guid":{"rendered":"https:\/\/www.artisanlocal.ch\/c\/trouver-le-meilleur-peintre-a-savigny\/"},"modified":"2025-11-27T13:33:16","modified_gmt":"2025-11-27T12:33:16","slug":"trouver-le-meilleur-peintre-a-savigny","status":"publish","type":"page","link":"https:\/\/www.artisanlocal.ch\/c\/trouver-le-meilleur-peintre-a-savigny\/","title":{"rendered":"Peintre \u00e0 Savigny"},"content":{"rendered":"<p>Besoin d&rsquo;un peintre \u00e0 Savigny ? Artisanlocal.ch r\u00e9alise tous vos travaux de peinture int\u00e9rieure et ext\u00e9rieure \u00e0 Savigny et dans les villes proches.<\/p>\n\r\n<div class=\"box\">\r\n            <div class=\"company-info\">\r\n            <img decoding=\"async\" class=\"company-info__logo\" src=\"https:\/\/www.artisanlocal.ch\/media\/cache\/thumb\/images\/companies\/68762654a0641657118997.png\" alt=\"Logo\">\r\n            <h2 class=\"company-info__name\">Lali SARL<\/h2>\r\n            <p class=\"company-info__business\">Peinture - Pl\u00e2trerie - Isolation - R\u00e9novation<\/p>\r\n        <\/div>\r\n        <div class=\"company-contact\">\r\n            <p class=\"company-info__address\">Route des Cullayes 4<\/p>\r\n                            <div class=\"links\">\r\n                                            <a class=\"btn has-accent-background-color js-phoneNumber\" href=\"tel:0764535518\" title=\"Appelez\" data-id=\"6264\" data-type=\"11\">076 453 55 18<\/a>\r\n                                                                <a class=\"btn has-accent-background-color\" href=\"https:\/\/lalirenov.ch\/\" target=\"_blank\" title=\"Voir le site internet\" data-id=\"6264\" data-type=\"20\">Site internet<\/a>\r\n                                    <\/div>\r\n                    <\/div>\r\n    \r\n            \r\n<form action=\"https:\/\/www.artisanlocal.ch\/c\/wp-admin\/admin-ajax.php\" method=\"post\" class=\"form-contact\" id=\"artisan_form_contact_company_inline\">\r\n    <div><input type=\"hidden\" name=\"action\" value=\"company_contact\"><\/div>\r\n    <div><input type=\"hidden\" name=\"nonce\" value=\"67a23a8c67\"><\/div>\r\n    <div><input type=\"hidden\" name=\"company_id\" value=\"6264\"><\/div>\r\n    <div><input type=\"hidden\" name=\"form_id\" value=\"artisan_form_contact_company_inline\"><\/div>\r\n    <div class=\"gglcptch gglcptch_v3 gglcptch_custom\"><input type=\"hidden\" id=\"g-recaptcha-response\" name=\"g-recaptcha-response\" \/><br \/><div class=\"gglcptch_error_text\">La p\u00e9riode de v\u00e9rification reCAPTCHA a expir\u00e9. Veuillez recharger la page.<\/div><\/div>    <div class=\"form-content\">\r\n        <div class=\"form-group\">\r\n            <label for=\"contact_firstName\" class=\"required\">Pr\u00e9nom<\/label>\r\n            <input type=\"text\" name=\"firstName\" class=\"form-control\" required>\r\n        <\/div>\r\n        <div class=\"form-group\">\r\n            <label for=\"contact_lastName\" class=\"required\">Nom<\/label>\r\n            <input type=\"text\" name=\"lastName\" class=\"form-control\" required>\r\n        <\/div>\r\n        <div class=\"form-group\">\r\n            <label for=\"contact_email\" class=\"required\">Email<\/label>\r\n            <input type=\"email\" name=\"email\" class=\"form-control\" required>\r\n        <\/div>\r\n        <div class=\"form-group\">\r\n            <label for=\"contact_phone\" class=\"required\">Num\u00e9ro de t\u00e9l\u00e9phone<\/label>\r\n            <input type=\"tel\" name=\"phone\" class=\"form-control\" placeholder=\"0787117165\" pattern=\"^[0-9]{10}$\" required>\r\n        <\/div>\r\n        <div class=\"form-group\">\r\n            <label for=\"contact_postalCode\" class=\"required\">Code postal et localit\u00e9<\/label>\r\n            <input type=\"text\" name=\"postalCode\" class=\"form-control\" required>\r\n        <\/div>\r\n        <div class=\"form-group\">\r\n            <label for=\"contact_address\" class=\"required\">Adresse<\/label>\r\n            <input type=\"text\" name=\"address\" class=\"form-control\" required>\r\n        <\/div>\r\n        <div class=\"full-width topic\">\r\n            <p class=\"required\">Je souhaite \u00eatre contact\u00e9 pour :<\/p>\r\n            <div class=\"form-check\">\r\n                <input type=\"radio\" name=\"topic\" value=\"D\u00e9pannage\" class=\"form-control\" required>\r\n                <label for=\"d\u00e9pannage\">D\u00e9pannage<\/label>\r\n            <\/div>\r\n            <div class=\"form-check\">\r\n                <input type=\"radio\" name=\"topic\" value=\"Entretien\" class=\"form-control\" required>\r\n                <label for=\"entretien\">Entretien<\/label>\r\n            <\/div>\r\n            <div class=\"form-check\">\r\n                <input type=\"radio\" name=\"topic\" value=\"R\u00e9novation\" class=\"form-control\" required>\r\n                <label for=\"r\u00e9novation\">R\u00e9novation<\/label>\r\n            <\/div>\r\n            <div class=\"form-check\">\r\n                <input type=\"radio\" name=\"topic\" value=\"Autre\" class=\"form-control\" required>\r\n                <label for=\"autre\">Autre<\/label>\r\n            <\/div>\r\n        <\/div>\r\n        <div class=\"form-group full-width\">\r\n            <label for=\"contact_message\">Message<\/label>\r\n            <textarea name=\"message\" rows=\"3\" class=\"form-control\"><\/textarea>\r\n        <\/div>\r\n    <\/div>\r\n    <div class=\"form-actions\">\r\n        <button class=\"wp-block-button__link has-accent-background-color\">Contacter<\/button>\r\n    <\/div>\r\n<\/form>\r\n<div class=\"form-feedback\"><\/div>    <\/div>\n<h2>Quels sont les services d&rsquo;Artisanlocal ?<\/h2>\n<ul>\n<li>Peinture int\u00e9rieure : murs, portes, moulures, plafonds, salons, chambres, ou salles de bain.<\/li>\n<li>Peinture ext\u00e9rieure : portes de garage, briques, terrasses, bardages et cl\u00f4tures.<\/li>\n<li>Peinture d\u00e9corative : faux marbre, effet oxyd\u00e9, patines, faux bois et effet vieilli.<\/li>\n<li>Peinture cuisine : satin\u00e9e et finition.<\/li>\n<li>Enduits d\u00e9coratifs : tadelakt ou b\u00e9ton cir\u00e9.<\/li>\n<li>Peinture artistique : fresques murales, d\u00e9coratives, artistiques, int\u00e9rieures ou ext\u00e9rieures.<\/li>\n<li>Peinture de ravalement de fa\u00e7ade : fa\u00e7ade ext\u00e9rieure, pose d&rsquo;enduit, bardage ou cr\u00e9pi.<\/li>\n<li>Peinture en hauteur : usines, tours ou ponts.<\/li>\n<li>Peinture de finition : mobilier de cuisine et salle de bain.<\/li>\n<li>Mise en place et r\u00e9paration : des fissures, colmatage des trous et mise en place de nouvelles cloisons s\u00e8ches.<\/li>\n<li>Enl\u00e8vement et pose de papier mural.<\/li>\n<li>Peinture professionnelle : \u00e9coles, bureaux, espaces commerciaux, restaurants et salles de sports.<\/li>\n<li>Peinture b\u00e2timent : pr\u00e9paration des supports \u00e0 peindre, finitions et pose de peinture.<\/li>\n<\/ul>\n<h2>Comment fonctionne votre entreprise ?<\/h2>\n<p>Chez Artisanlocal, nous avons con\u00e7u un processus pour r\u00e9pondre aux besoins de nos clients.<\/p>\n<h3>\u00c9tape 1\u00a0 : prise de contact et devis<\/h3>\n<p>Prenez contact avec nous par t\u00e9l\u00e9phone ou mail et obtenez un devis gratuit dans les 24 heures.<\/p>\n<h3>\u00c9tape 2\u00a0 : examiner votre devis<\/h3>\n<p>Soyez s\u00fbr que le devis que vous obtenez fixe bien le prix de votre projet. Si vous avez un doute, contactez-nous pour en savoir plus sur les \u00e9l\u00e9ments de votre devis.<\/p>\n<h3>\u00c9tape 3\u00a0 : organiser la date de commencement de votre projet<\/h3>\n<p>D\u00e8s que vous avez valid\u00e9 le devis, nous d\u00e9cidons ensemble de la date de d\u00e9marrage de votre projet.<\/p>\n<h2>Combien faut-il payer pour des travaux de peinture \u00e0 Savigny ?<\/h2>\n<p>Le prix des travaux est impact\u00e9 par l&rsquo;\u00e9tat de vos plafonds et vos murs. G\u00e9n\u00e9ralement, les tarifs oscillent entre 60 et 70 francs suisses par heure. Le co\u00fbt de main-d&rsquo;\u0153uvre constitue environ 80% \u00e0 90% du montant total, tandis que le prix des travaux peinture ne compose que 10% \u00e0 20% du montant.<\/p>\n<h2>Pourquoi choisir Artisanlocal ?<\/h2>\n<ul>\n<li>Accessibilit\u00e9 : situ\u00e9s \u00e0 Savigny, nos peintres interviennent rapidement chez vous.<\/li>\n<li>Excellence : en choisissant notre entreprise, vous avez la garantie de b\u00e9n\u00e9ficier de prestations de qualit\u00e9, effectu\u00e9es avec soin et professionnalisme.<\/li>\n<li>Prix abordables : nos prix sont fix\u00e9s en fonction de vos attentes et de votre budget.<\/li>\n<li>Services sur mesure : nous prenons en compte les sp\u00e9cificit\u00e9s de votre projet pour vous proposer une solution personnalis\u00e9e.<\/li>\n<li>Le savoir-faire de nos peintres qui ont r\u00e9alis\u00e9 de nombreux projets \u00e0 Savigny.<\/li>\n<\/ul>\n<h2>Questions fr\u00e9quentes<\/h2>\n<h3>Quelle peinture avez-vous l&rsquo;habitude d&rsquo;utiliser ?<\/h3>\n<p>Nous utilisons que des peintures de qualit\u00e9 sup\u00e9rieure. N\u00e9anmoins, les pots de peinture que vous avez achet\u00e9s peuvent \u00eatre aussi utilis\u00e9s.<\/p>\n<h3>Vos peintres sont joignables le week-end ?<\/h3>\n<p>Oui, nous sommes disponibles les week-ends.<\/p>\n<h3>Les meubles sont-ils prot\u00e9g\u00e9s lors de la pose de la peinture ?<\/h3>\n<p>Oui, avant la pose de la peinture, nous prot\u00e9geons votre \u00e9lectrom\u00e9nager et vos meubles. N\u00e9anmoins, si vous avez des objets susceptibles de se briser, nous vous pr\u00e9conisons d&rsquo;en informer notre \u00e9quipe, nous prendrons plus de pr\u00e9cautions.<\/p>\n<h3>Quelles sont les solutions si je trouve le travail r\u00e9alis\u00e9 insuffisant ?<\/h3>\n<p>Si notre travail ne vous satisfait pas, nous nous engageons \u00e0 effectuer les corrections n\u00e9cessaires jusqu&rsquo;\u00e0 ce que vous soyez satisfait.<\/p>\n<h3>Proposez-vous des devis gratuits ?<\/h3>\n<p>Oui, nos devis sont 100% gratuits et sans engagements. Si vous souhaitez aller plus loin, un peintre se d\u00e9place chez vous pour valider le devis.<\/p>\n<h3>La soci\u00e9t\u00e9 Artisanlocal effectue-t-elle des travaux de peintures pr\u00e8s de Savigny ?<\/h3>\n<p>Oui, notre soci\u00e9t\u00e9 intervient \u00e0 Savigny, mais aussi dans les villes proches, telles que :<\/p>\nPeney-le-Jorat, Forel (Lavaux), Mollie-Margot, Ferlens VD, Servion, Essertes, Les Cullayes, Montpreveyres, Corcelles-le-Jorat, M\u00e9zi\u00e8res VD, Carrouge VD, Vulliens, Ropraz, Les Tavernes, Les Thioleyres, Pal\u00e9zieux, Pal\u00e9zieux-Village, Oron-le-Ch\u00e2tel, Chapelle (Gl\u00e2ne), Bussigny-sur-Oron, Chesalles-sur-Oron, Ch\u00e2tillens, Oron-la-Ville, Vuibroye, Le Cr\u00eat-pr\u00e8s-Semsales, Ecoteaux, Maracon.\n","protected":false},"excerpt":{"rendered":"<p>Besoin d&rsquo;un peintre \u00e0 Savigny ? Artisanlocal.ch r\u00e9alise tous vos travaux de peinture int\u00e9rieure et ext\u00e9rieure \u00e0 Savigny et dans les villes proches. Quels sont les services d&rsquo;Artisanlocal ? Peinture int\u00e9rieure : murs, portes, moulures, plafonds, salons, chambres, ou salles de bain. Peinture ext\u00e9rieure : portes de garage, briques, terrasses, bardages et cl\u00f4tures. Peinture d\u00e9corative [&hellip;]<\/p>\n","protected":false},"author":4,"featured_media":2756,"parent":0,"menu_order":0,"comment_status":"closed","ping_status":"closed","template":"","meta":{"footnotes":""},"profession":[121],"location":[94],"canton":[113],"class_list":["post-756","page","type-page","status-publish","has-post-thumbnail","hentry","profession-peintre","location-savigny","canton-vd"],"yoast_head":"<!-- This site is optimized with the Yoast SEO Premium plugin v25.7.1 (Yoast SEO v27.3) - https:\/\/yoast.com\/product\/yoast-seo-premium-wordpress\/ -->\n<title>Peintre \u00e0 Savigny - Artisanlocal<\/title>\n<meta name=\"robots\" content=\"index, follow, max-snippet:-1, max-image-preview:large, max-video-preview:-1\" \/>\n<link rel=\"canonical\" href=\"https:\/\/www.artisanlocal.ch\/c\/trouver-le-meilleur-peintre-a-savigny\/\" \/>\n<meta property=\"og:locale\" content=\"fr_FR\" \/>\n<meta property=\"og:type\" content=\"article\" \/>\n<meta property=\"og:title\" content=\"Peintre \u00e0 Savigny\" \/>\n<meta property=\"og:description\" content=\"Besoin d&rsquo;un peintre \u00e0 Savigny ? Artisanlocal.ch r\u00e9alise tous vos travaux de peinture int\u00e9rieure et ext\u00e9rieure \u00e0 Savigny et dans les villes proches. Quels sont les services d&rsquo;Artisanlocal ? Peinture int\u00e9rieure : murs, portes, moulures, plafonds, salons, chambres, ou salles de bain. Peinture ext\u00e9rieure : portes de garage, briques, terrasses, bardages et cl\u00f4tures. Peinture d\u00e9corative [&hellip;]\" \/>\n<meta property=\"og:url\" content=\"https:\/\/www.artisanlocal.ch\/c\/trouver-le-meilleur-peintre-a-savigny\/\" \/>\n<meta property=\"og:site_name\" content=\"Artisanlocal\" \/>\n<meta property=\"article:modified_time\" content=\"2025-11-27T12:33:16+00:00\" \/>\n<meta property=\"og:image\" content=\"https:\/\/www.artisanlocal.ch\/c\/wp-content\/uploads\/2024\/10\/peintre.jpg\" \/>\n\t<meta property=\"og:image:width\" content=\"1920\" \/>\n\t<meta property=\"og:image:height\" content=\"300\" \/>\n\t<meta property=\"og:image:type\" content=\"image\/jpeg\" \/>\n<meta name=\"twitter:card\" content=\"summary_large_image\" \/>\n<meta name=\"twitter:label1\" content=\"Dur\u00e9e de lecture estim\u00e9e\" \/>\n\t<meta name=\"twitter:data1\" content=\"4 minutes\" \/>\n<script type=\"application\/ld+json\" class=\"yoast-schema-graph\">{\"@context\":\"https:\\\/\\\/schema.org\",\"@graph\":[{\"@type\":\"WebPage\",\"@id\":\"https:\\\/\\\/www.artisanlocal.ch\\\/c\\\/trouver-le-meilleur-peintre-a-savigny\\\/\",\"url\":\"https:\\\/\\\/www.artisanlocal.ch\\\/c\\\/trouver-le-meilleur-peintre-a-savigny\\\/\",\"name\":\"Peintre \u00e0 Savigny - Artisanlocal\",\"isPartOf\":{\"@id\":\"https:\\\/\\\/www.artisanlocal.ch\\\/c\\\/#website\"},\"primaryImageOfPage\":{\"@id\":\"https:\\\/\\\/www.artisanlocal.ch\\\/c\\\/trouver-le-meilleur-peintre-a-savigny\\\/#primaryimage\"},\"image\":{\"@id\":\"https:\\\/\\\/www.artisanlocal.ch\\\/c\\\/trouver-le-meilleur-peintre-a-savigny\\\/#primaryimage\"},\"thumbnailUrl\":\"https:\\\/\\\/www.artisanlocal.ch\\\/c\\\/wp-content\\\/uploads\\\/2024\\\/10\\\/peintre.jpg\",\"datePublished\":\"2024-04-16T06:57:09+00:00\",\"dateModified\":\"2025-11-27T12:33:16+00:00\",\"breadcrumb\":{\"@id\":\"https:\\\/\\\/www.artisanlocal.ch\\\/c\\\/trouver-le-meilleur-peintre-a-savigny\\\/#breadcrumb\"},\"inLanguage\":\"fr-FR\",\"potentialAction\":[{\"@type\":\"ReadAction\",\"target\":[\"https:\\\/\\\/www.artisanlocal.ch\\\/c\\\/trouver-le-meilleur-peintre-a-savigny\\\/\"]}]},{\"@type\":\"ImageObject\",\"inLanguage\":\"fr-FR\",\"@id\":\"https:\\\/\\\/www.artisanlocal.ch\\\/c\\\/trouver-le-meilleur-peintre-a-savigny\\\/#primaryimage\",\"url\":\"https:\\\/\\\/www.artisanlocal.ch\\\/c\\\/wp-content\\\/uploads\\\/2024\\\/10\\\/peintre.jpg\",\"contentUrl\":\"https:\\\/\\\/www.artisanlocal.ch\\\/c\\\/wp-content\\\/uploads\\\/2024\\\/10\\\/peintre.jpg\",\"width\":1920,\"height\":300},{\"@type\":\"BreadcrumbList\",\"@id\":\"https:\\\/\\\/www.artisanlocal.ch\\\/c\\\/trouver-le-meilleur-peintre-a-savigny\\\/#breadcrumb\",\"itemListElement\":[{\"@type\":\"ListItem\",\"position\":1,\"name\":\"Accueil\",\"item\":\"https:\\\/\\\/www.artisanlocal.ch\\\/c\\\/\"},{\"@type\":\"ListItem\",\"position\":2,\"name\":\"Peintre \u00e0 Savigny\"}]},{\"@type\":\"WebSite\",\"@id\":\"https:\\\/\\\/www.artisanlocal.ch\\\/c\\\/#website\",\"url\":\"https:\\\/\\\/www.artisanlocal.ch\\\/c\\\/\",\"name\":\"Artisanlocal\",\"description\":\"\",\"publisher\":{\"@id\":\"https:\\\/\\\/www.artisanlocal.ch\\\/c\\\/#organization\"},\"potentialAction\":[{\"@type\":\"SearchAction\",\"target\":{\"@type\":\"EntryPoint\",\"urlTemplate\":\"https:\\\/\\\/www.artisanlocal.ch\\\/c\\\/?s={search_term_string}\"},\"query-input\":{\"@type\":\"PropertyValueSpecification\",\"valueRequired\":true,\"valueName\":\"search_term_string\"}}],\"inLanguage\":\"fr-FR\"},{\"@type\":\"Organization\",\"@id\":\"https:\\\/\\\/www.artisanlocal.ch\\\/c\\\/#organization\",\"name\":\"Artisanlocal\",\"url\":\"https:\\\/\\\/www.artisanlocal.ch\\\/c\\\/\",\"logo\":{\"@type\":\"ImageObject\",\"inLanguage\":\"fr-FR\",\"@id\":\"https:\\\/\\\/www.artisanlocal.ch\\\/c\\\/#\\\/schema\\\/logo\\\/image\\\/\",\"url\":\"https:\\\/\\\/www.artisanlocal.ch\\\/c\\\/wp-content\\\/uploads\\\/2024\\\/02\\\/logo-artisanlocal-h.svg\",\"contentUrl\":\"https:\\\/\\\/www.artisanlocal.ch\\\/c\\\/wp-content\\\/uploads\\\/2024\\\/02\\\/logo-artisanlocal-h.svg\",\"caption\":\"Artisanlocal\"},\"image\":{\"@id\":\"https:\\\/\\\/www.artisanlocal.ch\\\/c\\\/#\\\/schema\\\/logo\\\/image\\\/\"}}]}<\/script>\n<!-- \/ Yoast SEO Premium plugin. -->","yoast_head_json":{"title":"Peintre \u00e0 Savigny - Artisanlocal","robots":{"index":"index","follow":"follow","max-snippet":"max-snippet:-1","max-image-preview":"max-image-preview:large","max-video-preview":"max-video-preview:-1"},"canonical":"https:\/\/www.artisanlocal.ch\/c\/trouver-le-meilleur-peintre-a-savigny\/","og_locale":"fr_FR","og_type":"article","og_title":"Peintre \u00e0 Savigny","og_description":"Besoin d&rsquo;un peintre \u00e0 Savigny ? Artisanlocal.ch r\u00e9alise tous vos travaux de peinture int\u00e9rieure et ext\u00e9rieure \u00e0 Savigny et dans les villes proches. Quels sont les services d&rsquo;Artisanlocal ? Peinture int\u00e9rieure : murs, portes, moulures, plafonds, salons, chambres, ou salles de bain. Peinture ext\u00e9rieure : portes de garage, briques, terrasses, bardages et cl\u00f4tures. Peinture d\u00e9corative [&hellip;]","og_url":"https:\/\/www.artisanlocal.ch\/c\/trouver-le-meilleur-peintre-a-savigny\/","og_site_name":"Artisanlocal","article_modified_time":"2025-11-27T12:33:16+00:00","og_image":[{"width":1920,"height":300,"url":"https:\/\/www.artisanlocal.ch\/c\/wp-content\/uploads\/2024\/10\/peintre.jpg","type":"image\/jpeg"}],"twitter_card":"summary_large_image","twitter_misc":{"Dur\u00e9e de lecture estim\u00e9e":"4 minutes"},"schema":{"@context":"https:\/\/schema.org","@graph":[{"@type":"WebPage","@id":"https:\/\/www.artisanlocal.ch\/c\/trouver-le-meilleur-peintre-a-savigny\/","url":"https:\/\/www.artisanlocal.ch\/c\/trouver-le-meilleur-peintre-a-savigny\/","name":"Peintre \u00e0 Savigny - Artisanlocal","isPartOf":{"@id":"https:\/\/www.artisanlocal.ch\/c\/#website"},"primaryImageOfPage":{"@id":"https:\/\/www.artisanlocal.ch\/c\/trouver-le-meilleur-peintre-a-savigny\/#primaryimage"},"image":{"@id":"https:\/\/www.artisanlocal.ch\/c\/trouver-le-meilleur-peintre-a-savigny\/#primaryimage"},"thumbnailUrl":"https:\/\/www.artisanlocal.ch\/c\/wp-content\/uploads\/2024\/10\/peintre.jpg","datePublished":"2024-04-16T06:57:09+00:00","dateModified":"2025-11-27T12:33:16+00:00","breadcrumb":{"@id":"https:\/\/www.artisanlocal.ch\/c\/trouver-le-meilleur-peintre-a-savigny\/#breadcrumb"},"inLanguage":"fr-FR","potentialAction":[{"@type":"ReadAction","target":["https:\/\/www.artisanlocal.ch\/c\/trouver-le-meilleur-peintre-a-savigny\/"]}]},{"@type":"ImageObject","inLanguage":"fr-FR","@id":"https:\/\/www.artisanlocal.ch\/c\/trouver-le-meilleur-peintre-a-savigny\/#primaryimage","url":"https:\/\/www.artisanlocal.ch\/c\/wp-content\/uploads\/2024\/10\/peintre.jpg","contentUrl":"https:\/\/www.artisanlocal.ch\/c\/wp-content\/uploads\/2024\/10\/peintre.jpg","width":1920,"height":300},{"@type":"BreadcrumbList","@id":"https:\/\/www.artisanlocal.ch\/c\/trouver-le-meilleur-peintre-a-savigny\/#breadcrumb","itemListElement":[{"@type":"ListItem","position":1,"name":"Accueil","item":"https:\/\/www.artisanlocal.ch\/c\/"},{"@type":"ListItem","position":2,"name":"Peintre \u00e0 Savigny"}]},{"@type":"WebSite","@id":"https:\/\/www.artisanlocal.ch\/c\/#website","url":"https:\/\/www.artisanlocal.ch\/c\/","name":"Artisanlocal","description":"","publisher":{"@id":"https:\/\/www.artisanlocal.ch\/c\/#organization"},"potentialAction":[{"@type":"SearchAction","target":{"@type":"EntryPoint","urlTemplate":"https:\/\/www.artisanlocal.ch\/c\/?s={search_term_string}"},"query-input":{"@type":"PropertyValueSpecification","valueRequired":true,"valueName":"search_term_string"}}],"inLanguage":"fr-FR"},{"@type":"Organization","@id":"https:\/\/www.artisanlocal.ch\/c\/#organization","name":"Artisanlocal","url":"https:\/\/www.artisanlocal.ch\/c\/","logo":{"@type":"ImageObject","inLanguage":"fr-FR","@id":"https:\/\/www.artisanlocal.ch\/c\/#\/schema\/logo\/image\/","url":"https:\/\/www.artisanlocal.ch\/c\/wp-content\/uploads\/2024\/02\/logo-artisanlocal-h.svg","contentUrl":"https:\/\/www.artisanlocal.ch\/c\/wp-content\/uploads\/2024\/02\/logo-artisanlocal-h.svg","caption":"Artisanlocal"},"image":{"@id":"https:\/\/www.artisanlocal.ch\/c\/#\/schema\/logo\/image\/"}}]}},"_links":{"self":[{"href":"https:\/\/www.artisanlocal.ch\/c\/wp-json\/wp\/v2\/pages\/756","targetHints":{"allow":["GET"]}}],"collection":[{"href":"https:\/\/www.artisanlocal.ch\/c\/wp-json\/wp\/v2\/pages"}],"about":[{"href":"https:\/\/www.artisanlocal.ch\/c\/wp-json\/wp\/v2\/types\/page"}],"author":[{"embeddable":true,"href":"https:\/\/www.artisanlocal.ch\/c\/wp-json\/wp\/v2\/users\/4"}],"replies":[{"embeddable":true,"href":"https:\/\/www.artisanlocal.ch\/c\/wp-json\/wp\/v2\/comments?post=756"}],"version-history":[{"count":0,"href":"https:\/\/www.artisanlocal.ch\/c\/wp-json\/wp\/v2\/pages\/756\/revisions"}],"wp:featuredmedia":[{"embeddable":true,"href":"https:\/\/www.artisanlocal.ch\/c\/wp-json\/wp\/v2\/media\/2756"}],"wp:attachment":[{"href":"https:\/\/www.artisanlocal.ch\/c\/wp-json\/wp\/v2\/media?parent=756"}],"wp:term":[{"taxonomy":"profession","embeddable":true,"href":"https:\/\/www.artisanlocal.ch\/c\/wp-json\/wp\/v2\/profession?post=756"},{"taxonomy":"location","embeddable":true,"href":"https:\/\/www.artisanlocal.ch\/c\/wp-json\/wp\/v2\/location?post=756"},{"taxonomy":"canton","embeddable":true,"href":"https:\/\/www.artisanlocal.ch\/c\/wp-json\/wp\/v2\/canton?post=756"}],"curies":[{"name":"wp","href":"https:\/\/api.w.org\/{rel}","templated":true}]}}