{"id":758,"date":"2024-04-15T19:02:44","date_gmt":"2024-04-15T17:02:44","guid":{"rendered":"https:\/\/www.artisanlocal.ch\/c\/entreprise-artisanale-de-peinture-a-chexbres-artisanlocal-realise-tous-vos-projets-de-peinture\/"},"modified":"2025-09-17T11:37:46","modified_gmt":"2025-09-17T09:37:46","slug":"entreprise-artisanale-de-peinture-a-chexbres-artisanlocal-realise-tous-vos-projets-de-peinture","status":"publish","type":"page","link":"https:\/\/www.artisanlocal.ch\/c\/entreprise-artisanale-de-peinture-a-chexbres-artisanlocal-realise-tous-vos-projets-de-peinture\/","title":{"rendered":"Peintre \u00e0 Chexbres"},"content":{"rendered":"<p>Votre peinture a besoin d&rsquo;une r\u00e9novation ? Nous r\u00e9alisons la peinture de votre ext\u00e9rieur ou de votre int\u00e9rieur \u00e0 Chexbres. Choisissez Artisanlocal pour la r\u00e9novation de votre maison, nous nous ajustons \u00e0 votre emploi du temps et nous intervenons rapidement chez vous \u00e0 Chexbres et dans les villes proches.<\/p>\n\r\n<div class=\"box\">\r\n            <div class=\"company-info\">\r\n            <img decoding=\"async\" class=\"company-info__logo\" src=\"https:\/\/www.artisanlocal.ch\/media\/cache\/thumb\/images\/companies\/687e356b45890617501541.png\" alt=\"Logo\">\r\n            <h2 class=\"company-info__name\">AM Peinture-R\u00e9novation S\u00e0rl<\/h2>\r\n            <p class=\"company-info__business\">Peinture (int\u00e9rieure, ext\u00e9rieure, \u00e9cologique, d\u00e9corative) - Pl\u00e2trerie - R\u00e9novation (int\u00e9rieure, de fa\u00e7ades) - Isolation - Am\u00e9nagement de nouveaux espaces (cr\u00e9ation, r\u00e9am\u00e9nagement)<\/p>\r\n        <\/div>\r\n        <div class=\"company-contact\">\r\n            <p class=\"company-info__address\">Rue du Cygne 5<\/p>\r\n                            <div class=\"links\">\r\n                                            <a class=\"btn has-accent-background-color js-phoneNumber\" href=\"tel:0763905414\" title=\"Appelez\" data-id=\"11225\" data-type=\"11\">076 390 54 14<\/a>\r\n                                                                <a class=\"btn has-accent-background-color\" href=\"https:\/\/peinture-renovation.ch\/\" target=\"_blank\" title=\"Voir le site internet\" data-id=\"11225\" data-type=\"20\">Site internet<\/a>\r\n                                    <\/div>\r\n                    <\/div>\r\n    \r\n            \r\n<form action=\"https:\/\/www.artisanlocal.ch\/c\/wp-admin\/admin-ajax.php\" method=\"post\" class=\"form-contact\" id=\"artisan_form_contact_company_inline\">\r\n    <div><input type=\"hidden\" name=\"action\" value=\"company_contact\"><\/div>\r\n    <div><input type=\"hidden\" name=\"nonce\" value=\"70f6a4bdea\"><\/div>\r\n    <div><input type=\"hidden\" name=\"company_id\" value=\"11225\"><\/div>\r\n    <div><input type=\"hidden\" name=\"form_id\" value=\"artisan_form_contact_company_inline\"><\/div>\r\n    <div class=\"gglcptch gglcptch_v3 gglcptch_custom\"><input type=\"hidden\" id=\"g-recaptcha-response\" name=\"g-recaptcha-response\" \/><br \/><div class=\"gglcptch_error_text\">La p\u00e9riode de v\u00e9rification reCAPTCHA a expir\u00e9. Veuillez recharger la page.<\/div><\/div>    <div class=\"form-content\">\r\n        <div class=\"form-group\">\r\n            <label for=\"contact_firstName\" class=\"required\">Pr\u00e9nom<\/label>\r\n            <input type=\"text\" name=\"firstName\" class=\"form-control\" required>\r\n        <\/div>\r\n        <div class=\"form-group\">\r\n            <label for=\"contact_lastName\" class=\"required\">Nom<\/label>\r\n            <input type=\"text\" name=\"lastName\" class=\"form-control\" required>\r\n        <\/div>\r\n        <div class=\"form-group\">\r\n            <label for=\"contact_email\" class=\"required\">Email<\/label>\r\n            <input type=\"email\" name=\"email\" class=\"form-control\" required>\r\n        <\/div>\r\n        <div class=\"form-group\">\r\n            <label for=\"contact_phone\" class=\"required\">Num\u00e9ro de t\u00e9l\u00e9phone<\/label>\r\n            <input type=\"tel\" name=\"phone\" class=\"form-control\" placeholder=\"0787117165\" pattern=\"^[0-9]{10}$\" required>\r\n        <\/div>\r\n        <div class=\"form-group\">\r\n            <label for=\"contact_postalCode\" class=\"required\">Code postal et localit\u00e9<\/label>\r\n            <input type=\"text\" name=\"postalCode\" class=\"form-control\" required>\r\n        <\/div>\r\n        <div class=\"form-group\">\r\n            <label for=\"contact_address\" class=\"required\">Adresse<\/label>\r\n            <input type=\"text\" name=\"address\" class=\"form-control\" required>\r\n        <\/div>\r\n        <div class=\"full-width topic\">\r\n            <p class=\"required\">Je souhaite \u00eatre contact\u00e9 pour :<\/p>\r\n            <div class=\"form-check\">\r\n                <input type=\"radio\" name=\"topic\" value=\"D\u00e9pannage\" class=\"form-control\" required>\r\n                <label for=\"d\u00e9pannage\">D\u00e9pannage<\/label>\r\n            <\/div>\r\n            <div class=\"form-check\">\r\n                <input type=\"radio\" name=\"topic\" value=\"Entretien\" class=\"form-control\" required>\r\n                <label for=\"entretien\">Entretien<\/label>\r\n            <\/div>\r\n            <div class=\"form-check\">\r\n                <input type=\"radio\" name=\"topic\" value=\"R\u00e9novation\" class=\"form-control\" required>\r\n                <label for=\"r\u00e9novation\">R\u00e9novation<\/label>\r\n            <\/div>\r\n            <div class=\"form-check\">\r\n                <input type=\"radio\" name=\"topic\" value=\"Autre\" class=\"form-control\" required>\r\n                <label for=\"autre\">Autre<\/label>\r\n            <\/div>\r\n        <\/div>\r\n        <div class=\"form-group full-width\">\r\n            <label for=\"contact_message\">Message<\/label>\r\n            <textarea name=\"message\" rows=\"3\" class=\"form-control\"><\/textarea>\r\n        <\/div>\r\n    <\/div>\r\n    <div class=\"form-actions\">\r\n        <button class=\"wp-block-button__link has-accent-background-color\">Contacter<\/button>\r\n    <\/div>\r\n<\/form>\r\n<div class=\"form-feedback\"><\/div>    <\/div>\n<h2>Quels sont les services d&rsquo;Artisanlocal ?<\/h2>\n<ul>\n<li>Peinture int\u00e9rieure : sur les moulures, les murs, les plafonds, les portes, et dans des lieux comme la salle d&rsquo;eau, le salon et la chambre.<\/li>\n<li>Peinture ext\u00e9rieure : application d&rsquo;une nouvelle couche de peinture sur les portes de garage, les terrasses, les briques, les bardages, les cl\u00f4tures et le stuc.<\/li>\n<li>Peinture d\u00e9corative : cr\u00e9ation d\u2019effets, comme le faux marbre, effet vieilli, patines, faux bois, effet oxyd\u00e9.<\/li>\n<li>Peinture pour cuisine : pose d&rsquo;une couche, comme la peinture finition satin\u00e9e, qui se nettoie facilement.<\/li>\n<li>Les projets d&rsquo;enduits d\u00e9coratifs : mise en place d&rsquo;enduits comme le tadelakt ou le b\u00e9ton cir\u00e9.<\/li>\n<li>Artiste peintre : r\u00e9alisation de fresques murales (d\u00e9corative, artistique, pour ext\u00e9rieur ou int\u00e9rieur).<\/li>\n<li>Peinture pour ravalement de fa\u00e7ade : r\u00e9novation de votre fa\u00e7ade ext\u00e9rieure cr\u00e9pi, bardage, pose d&rsquo;enduit ou de peinture.<\/li>\n<li>Peinture sur des zones en hauteur : nos peintres op\u00e8rent dans des environnements compliqu\u00e9s comme les usines, les tours, ou les ponts.<\/li>\n<li>Finition de peinture : application d\u2019une peinture de finition sur vos meubles de coin cuisine ou de votre salle d&rsquo;eau.<\/li>\n<li>Mise en place et restauration : r\u00e9paration des fissures, comblement des trous dans les murs, ou encore pose de cloisons s\u00e8ches.<\/li>\n<li>Les travaux d&rsquo;enl\u00e8vement et d&rsquo;installation de papier peint : le retrait et la mise en place d&rsquo;un nouveau rev\u00eatement mural.<\/li>\n<li>Peinture pour entreprises : pour les \u00e9coles, local commercial, espaces commerciaux, restaurants et salles de sports.<\/li>\n<li>Peinture pour immeuble : pour la pr\u00e9paration des murs et plafonds avant les travaux de peinture, la r\u00e9alisation des finitions et l\u2019application des rev\u00eatements\/peintures.<\/li>\n<\/ul>\n<h2>Comment fonctionne votre soci\u00e9t\u00e9 ?<\/h2>\n<p>Nous avons \u00e9labor\u00e9 une m\u00e9thodologie afin de r\u00e9pondre avec pr\u00e9cision aux attentes de nos clients.<\/p>\n<h3>\u00c9tape 1\u00a0 : recevez une estimation<\/h3>\n<p>Obtenez une estimation gratuite par t\u00e9l\u00e9phone ou en ligne et obtenez un devis de vos travaux en moins de 24 heures.<\/p>\n<h3>\u00c9tape 2\u00a0 : analysez votre estimation<\/h3>\n<p>Ayez la garantie que le devis que vous recevez d\u00e9termine correctement le prix de vos travaux. Si vous avez un doute, contactez-nous pour obtenir plus d&rsquo;informations sur les d\u00e9tails de votre devis.<\/p>\n<h3>\u00c9tape 3\u00a0 : d\u00e9terminez la date de d\u00e9marrage de votre r\u00e9novation<\/h3>\n<p>Apr\u00e8s avoir valid\u00e9 le devis, nous planifions ensemble le commencement de votre projet. Pour atteindre vos objectifs, nous vous mettons \u00e0 disposition un chef de projet.<\/p>\n<h2>Quel est le tarif d&rsquo;un service de peinture \u00e0 Chexbres ?<\/h2>\n<p>Le tarif de notre prestation est influenc\u00e9e par l&rsquo;\u00e9tat de vos plafonds et vos murs. En g\u00e9n\u00e9ral, les montants varient entre 60 et 70 CHF par heure. Le co\u00fbt de main-d&rsquo;\u0153uvre repr\u00e9sente environ 80% \u00e0 90% du montant total, tandis que le prix de la peinture ne constitue que 10% \u00e0 20% du prix.<\/p>\n<h2>Pourquoi s\u00e9lectionner notre entreprise de peinture \u00e0 Chexbres ? ?<\/h2>\n<ul>\n<li>Disponibilit\u00e9 : situ\u00e9s \u00e0 Chexbres, nos peintres arrivent d\u00e8s que possible chez vous.<\/li>\n<li>Excellence : en faisant appel \u00e0 notre entreprise de peinture, vous avez la garantie de b\u00e9n\u00e9ficier de prestations de qualit\u00e9, r\u00e9alis\u00e9es avec professionnalisme et s\u00e9rieux.<\/li>\n<li>Tarifs attractifs : nos prix sont calcul\u00e9s selon vos d\u00e9sirs et vos attentes.<\/li>\n<li>Prestations sur mesure : nous prenons en compte les particularit\u00e9s de votre r\u00e9novation de peinture afin de vous offrir des prestations sur-mesure.<\/li>\n<li>Le savoir-faire, nos artisans peintres \u00e0 Chexbres ont un large \u00e9ventail de qualifications, comme : la pr\u00e9paration avant les travaux de peinture, la pose des diff\u00e9rentes couches et la mise en \u0153uvre des finitions.<\/li>\n<\/ul>\n<h2>Foire aux questions<\/h2>\n<h3>Quelle peinture avez-vous l&rsquo;habitude d&rsquo;utiliser ?<\/h3>\n<p>Nous utilisons seulement des peintures haut de gamme. Cependant, nous pouvons employer la peinture que vous avez d\u00e9j\u00e0 pay\u00e9e.<\/p>\n<h3>Vos peintres sont joignables le week-end ?<\/h3>\n<p>Oui, notre soci\u00e9t\u00e9 intervient les samedis et les dimanches \u00e0 Chexbres.<\/p>\n<h3>Prot\u00e9gez-vous mon mobilier ?<\/h3>\n<p>Oui, avant les travaux, nous couvrons vos appareils \u00e9lectrom\u00e9nagers et vos meubles. Signalez-nous, tous vos objets fragiles, notre entreprise adoptera des mesures de s\u00e9curit\u00e9 renforc\u00e9es.<\/p>\n<h3>Que faire si les travaux de peinture r\u00e9alis\u00e9s ne satisfont pas \u00e0 mes d\u00e9sirs ?<\/h3>\n<p>Si notre prestation ne vous satisfait pas, nous prenons l&rsquo;engagement d&rsquo;effectuer les corrections n\u00e9cessaires jusqu&rsquo;\u00e0 ce que vous soyez satisfait.<\/p>\n<h3>Fournissez-vous des \u00e9valuations gratuites ?<\/h3>\n<p>Nos propositions commerciales sont gratuites et sans engagements. Nos peintres peuvent se d\u00e9placer \u00e0 votre domicile dans le but de r\u00e9pondre \u00e0 vos demandes et valider avec vous votre devis.<\/p>\n<h3>Vos services couvrent-ils aussi les villes aux alentours Chexbres ?<\/h3>\n<p>Oui, nous intervenons \u00e0 Chexbres, mais aussi dans les villes aux alentours, telles que :<\/p>\nPuidoux, Rivaz, St-Saphorin (Lavaux), Aran, Chenaux, Grandvaux, Cully, Villette (Lavaux), Riex, Epesses, Vevey, Le Mont-P\u00e8lerin, Corseaux, Chardonne, Corsier-sur-Vevey, Jongny, St-L\u00e9gier-La Chi\u00e9saz, Blonay, Les Monts-de-Corsier, Fenil-sur-Corsier, La Tour-de-Peilz, Clarens, Chailly-Montreux, Brent, Montreux, Territet, Veytaux, Chernex, Glion, Caux, Chamby, Villard-sur-Chamby, Les Avants.\n","protected":false},"excerpt":{"rendered":"<p>Votre peinture a besoin d&rsquo;une r\u00e9novation ? Nous r\u00e9alisons la peinture de votre ext\u00e9rieur ou de votre int\u00e9rieur \u00e0 Chexbres. Choisissez Artisanlocal pour la r\u00e9novation de votre maison, nous nous ajustons \u00e0 votre emploi du temps et nous intervenons rapidement chez vous \u00e0 Chexbres et dans les villes proches. Quels sont les services d&rsquo;Artisanlocal ? [&hellip;]<\/p>\n","protected":false},"author":4,"featured_media":2756,"parent":0,"menu_order":0,"comment_status":"closed","ping_status":"closed","template":"","meta":{"footnotes":""},"profession":[121],"location":[38],"canton":[113],"class_list":["post-758","page","type-page","status-publish","has-post-thumbnail","hentry","profession-peintre","location-chexbres","canton-vd"],"yoast_head":"<!-- This site is optimized with the Yoast SEO Premium plugin v25.7.1 (Yoast SEO v27.4) - https:\/\/yoast.com\/product\/yoast-seo-premium-wordpress\/ -->\n<title>Peintre \u00e0 Chexbres - Artisanlocal<\/title>\n<meta name=\"robots\" content=\"index, follow, max-snippet:-1, max-image-preview:large, max-video-preview:-1\" \/>\n<link rel=\"canonical\" href=\"https:\/\/www.artisanlocal.ch\/c\/entreprise-artisanale-de-peinture-a-chexbres-artisanlocal-realise-tous-vos-projets-de-peinture\/\" \/>\n<meta property=\"og:locale\" content=\"fr_FR\" \/>\n<meta property=\"og:type\" content=\"article\" \/>\n<meta property=\"og:title\" content=\"Peintre \u00e0 Chexbres\" \/>\n<meta property=\"og:description\" content=\"Votre peinture a besoin d&rsquo;une r\u00e9novation ? Nous r\u00e9alisons la peinture de votre ext\u00e9rieur ou de votre int\u00e9rieur \u00e0 Chexbres. Choisissez Artisanlocal pour la r\u00e9novation de votre maison, nous nous ajustons \u00e0 votre emploi du temps et nous intervenons rapidement chez vous \u00e0 Chexbres et dans les villes proches. Quels sont les services d&rsquo;Artisanlocal ? [&hellip;]\" \/>\n<meta property=\"og:url\" content=\"https:\/\/www.artisanlocal.ch\/c\/entreprise-artisanale-de-peinture-a-chexbres-artisanlocal-realise-tous-vos-projets-de-peinture\/\" \/>\n<meta property=\"og:site_name\" content=\"Artisanlocal\" \/>\n<meta property=\"article:modified_time\" content=\"2025-09-17T09:37:46+00:00\" \/>\n<meta property=\"og:image\" content=\"https:\/\/www.artisanlocal.ch\/c\/wp-content\/uploads\/2024\/10\/peintre.jpg\" \/>\n\t<meta property=\"og:image:width\" content=\"1920\" \/>\n\t<meta property=\"og:image:height\" content=\"300\" \/>\n\t<meta property=\"og:image:type\" content=\"image\/jpeg\" \/>\n<meta name=\"twitter:card\" content=\"summary_large_image\" \/>\n<meta name=\"twitter:label1\" content=\"Dur\u00e9e de lecture estim\u00e9e\" \/>\n\t<meta name=\"twitter:data1\" content=\"5 minutes\" \/>\n<script type=\"application\/ld+json\" class=\"yoast-schema-graph\">{\"@context\":\"https:\\\/\\\/schema.org\",\"@graph\":[{\"@type\":\"WebPage\",\"@id\":\"https:\\\/\\\/www.artisanlocal.ch\\\/c\\\/entreprise-artisanale-de-peinture-a-chexbres-artisanlocal-realise-tous-vos-projets-de-peinture\\\/\",\"url\":\"https:\\\/\\\/www.artisanlocal.ch\\\/c\\\/entreprise-artisanale-de-peinture-a-chexbres-artisanlocal-realise-tous-vos-projets-de-peinture\\\/\",\"name\":\"Peintre \u00e0 Chexbres - Artisanlocal\",\"isPartOf\":{\"@id\":\"https:\\\/\\\/www.artisanlocal.ch\\\/c\\\/#website\"},\"primaryImageOfPage\":{\"@id\":\"https:\\\/\\\/www.artisanlocal.ch\\\/c\\\/entreprise-artisanale-de-peinture-a-chexbres-artisanlocal-realise-tous-vos-projets-de-peinture\\\/#primaryimage\"},\"image\":{\"@id\":\"https:\\\/\\\/www.artisanlocal.ch\\\/c\\\/entreprise-artisanale-de-peinture-a-chexbres-artisanlocal-realise-tous-vos-projets-de-peinture\\\/#primaryimage\"},\"thumbnailUrl\":\"https:\\\/\\\/www.artisanlocal.ch\\\/c\\\/wp-content\\\/uploads\\\/2024\\\/10\\\/peintre.jpg\",\"datePublished\":\"2024-04-15T17:02:44+00:00\",\"dateModified\":\"2025-09-17T09:37:46+00:00\",\"breadcrumb\":{\"@id\":\"https:\\\/\\\/www.artisanlocal.ch\\\/c\\\/entreprise-artisanale-de-peinture-a-chexbres-artisanlocal-realise-tous-vos-projets-de-peinture\\\/#breadcrumb\"},\"inLanguage\":\"fr-FR\",\"potentialAction\":[{\"@type\":\"ReadAction\",\"target\":[\"https:\\\/\\\/www.artisanlocal.ch\\\/c\\\/entreprise-artisanale-de-peinture-a-chexbres-artisanlocal-realise-tous-vos-projets-de-peinture\\\/\"]}]},{\"@type\":\"ImageObject\",\"inLanguage\":\"fr-FR\",\"@id\":\"https:\\\/\\\/www.artisanlocal.ch\\\/c\\\/entreprise-artisanale-de-peinture-a-chexbres-artisanlocal-realise-tous-vos-projets-de-peinture\\\/#primaryimage\",\"url\":\"https:\\\/\\\/www.artisanlocal.ch\\\/c\\\/wp-content\\\/uploads\\\/2024\\\/10\\\/peintre.jpg\",\"contentUrl\":\"https:\\\/\\\/www.artisanlocal.ch\\\/c\\\/wp-content\\\/uploads\\\/2024\\\/10\\\/peintre.jpg\",\"width\":1920,\"height\":300},{\"@type\":\"BreadcrumbList\",\"@id\":\"https:\\\/\\\/www.artisanlocal.ch\\\/c\\\/entreprise-artisanale-de-peinture-a-chexbres-artisanlocal-realise-tous-vos-projets-de-peinture\\\/#breadcrumb\",\"itemListElement\":[{\"@type\":\"ListItem\",\"position\":1,\"name\":\"Accueil\",\"item\":\"https:\\\/\\\/www.artisanlocal.ch\\\/c\\\/\"},{\"@type\":\"ListItem\",\"position\":2,\"name\":\"Peintre \u00e0 Chexbres\"}]},{\"@type\":\"WebSite\",\"@id\":\"https:\\\/\\\/www.artisanlocal.ch\\\/c\\\/#website\",\"url\":\"https:\\\/\\\/www.artisanlocal.ch\\\/c\\\/\",\"name\":\"Artisanlocal\",\"description\":\"\",\"publisher\":{\"@id\":\"https:\\\/\\\/www.artisanlocal.ch\\\/c\\\/#organization\"},\"potentialAction\":[{\"@type\":\"SearchAction\",\"target\":{\"@type\":\"EntryPoint\",\"urlTemplate\":\"https:\\\/\\\/www.artisanlocal.ch\\\/c\\\/?s={search_term_string}\"},\"query-input\":{\"@type\":\"PropertyValueSpecification\",\"valueRequired\":true,\"valueName\":\"search_term_string\"}}],\"inLanguage\":\"fr-FR\"},{\"@type\":\"Organization\",\"@id\":\"https:\\\/\\\/www.artisanlocal.ch\\\/c\\\/#organization\",\"name\":\"Artisanlocal\",\"url\":\"https:\\\/\\\/www.artisanlocal.ch\\\/c\\\/\",\"logo\":{\"@type\":\"ImageObject\",\"inLanguage\":\"fr-FR\",\"@id\":\"https:\\\/\\\/www.artisanlocal.ch\\\/c\\\/#\\\/schema\\\/logo\\\/image\\\/\",\"url\":\"https:\\\/\\\/www.artisanlocal.ch\\\/c\\\/wp-content\\\/uploads\\\/2024\\\/02\\\/logo-artisanlocal-h.svg\",\"contentUrl\":\"https:\\\/\\\/www.artisanlocal.ch\\\/c\\\/wp-content\\\/uploads\\\/2024\\\/02\\\/logo-artisanlocal-h.svg\",\"caption\":\"Artisanlocal\"},\"image\":{\"@id\":\"https:\\\/\\\/www.artisanlocal.ch\\\/c\\\/#\\\/schema\\\/logo\\\/image\\\/\"}}]}<\/script>\n<!-- \/ Yoast SEO Premium plugin. -->","yoast_head_json":{"title":"Peintre \u00e0 Chexbres - Artisanlocal","robots":{"index":"index","follow":"follow","max-snippet":"max-snippet:-1","max-image-preview":"max-image-preview:large","max-video-preview":"max-video-preview:-1"},"canonical":"https:\/\/www.artisanlocal.ch\/c\/entreprise-artisanale-de-peinture-a-chexbres-artisanlocal-realise-tous-vos-projets-de-peinture\/","og_locale":"fr_FR","og_type":"article","og_title":"Peintre \u00e0 Chexbres","og_description":"Votre peinture a besoin d&rsquo;une r\u00e9novation ? Nous r\u00e9alisons la peinture de votre ext\u00e9rieur ou de votre int\u00e9rieur \u00e0 Chexbres. Choisissez Artisanlocal pour la r\u00e9novation de votre maison, nous nous ajustons \u00e0 votre emploi du temps et nous intervenons rapidement chez vous \u00e0 Chexbres et dans les villes proches. Quels sont les services d&rsquo;Artisanlocal ? [&hellip;]","og_url":"https:\/\/www.artisanlocal.ch\/c\/entreprise-artisanale-de-peinture-a-chexbres-artisanlocal-realise-tous-vos-projets-de-peinture\/","og_site_name":"Artisanlocal","article_modified_time":"2025-09-17T09:37:46+00:00","og_image":[{"width":1920,"height":300,"url":"https:\/\/www.artisanlocal.ch\/c\/wp-content\/uploads\/2024\/10\/peintre.jpg","type":"image\/jpeg"}],"twitter_card":"summary_large_image","twitter_misc":{"Dur\u00e9e de lecture estim\u00e9e":"5 minutes"},"schema":{"@context":"https:\/\/schema.org","@graph":[{"@type":"WebPage","@id":"https:\/\/www.artisanlocal.ch\/c\/entreprise-artisanale-de-peinture-a-chexbres-artisanlocal-realise-tous-vos-projets-de-peinture\/","url":"https:\/\/www.artisanlocal.ch\/c\/entreprise-artisanale-de-peinture-a-chexbres-artisanlocal-realise-tous-vos-projets-de-peinture\/","name":"Peintre \u00e0 Chexbres - Artisanlocal","isPartOf":{"@id":"https:\/\/www.artisanlocal.ch\/c\/#website"},"primaryImageOfPage":{"@id":"https:\/\/www.artisanlocal.ch\/c\/entreprise-artisanale-de-peinture-a-chexbres-artisanlocal-realise-tous-vos-projets-de-peinture\/#primaryimage"},"image":{"@id":"https:\/\/www.artisanlocal.ch\/c\/entreprise-artisanale-de-peinture-a-chexbres-artisanlocal-realise-tous-vos-projets-de-peinture\/#primaryimage"},"thumbnailUrl":"https:\/\/www.artisanlocal.ch\/c\/wp-content\/uploads\/2024\/10\/peintre.jpg","datePublished":"2024-04-15T17:02:44+00:00","dateModified":"2025-09-17T09:37:46+00:00","breadcrumb":{"@id":"https:\/\/www.artisanlocal.ch\/c\/entreprise-artisanale-de-peinture-a-chexbres-artisanlocal-realise-tous-vos-projets-de-peinture\/#breadcrumb"},"inLanguage":"fr-FR","potentialAction":[{"@type":"ReadAction","target":["https:\/\/www.artisanlocal.ch\/c\/entreprise-artisanale-de-peinture-a-chexbres-artisanlocal-realise-tous-vos-projets-de-peinture\/"]}]},{"@type":"ImageObject","inLanguage":"fr-FR","@id":"https:\/\/www.artisanlocal.ch\/c\/entreprise-artisanale-de-peinture-a-chexbres-artisanlocal-realise-tous-vos-projets-de-peinture\/#primaryimage","url":"https:\/\/www.artisanlocal.ch\/c\/wp-content\/uploads\/2024\/10\/peintre.jpg","contentUrl":"https:\/\/www.artisanlocal.ch\/c\/wp-content\/uploads\/2024\/10\/peintre.jpg","width":1920,"height":300},{"@type":"BreadcrumbList","@id":"https:\/\/www.artisanlocal.ch\/c\/entreprise-artisanale-de-peinture-a-chexbres-artisanlocal-realise-tous-vos-projets-de-peinture\/#breadcrumb","itemListElement":[{"@type":"ListItem","position":1,"name":"Accueil","item":"https:\/\/www.artisanlocal.ch\/c\/"},{"@type":"ListItem","position":2,"name":"Peintre \u00e0 Chexbres"}]},{"@type":"WebSite","@id":"https:\/\/www.artisanlocal.ch\/c\/#website","url":"https:\/\/www.artisanlocal.ch\/c\/","name":"Artisanlocal","description":"","publisher":{"@id":"https:\/\/www.artisanlocal.ch\/c\/#organization"},"potentialAction":[{"@type":"SearchAction","target":{"@type":"EntryPoint","urlTemplate":"https:\/\/www.artisanlocal.ch\/c\/?s={search_term_string}"},"query-input":{"@type":"PropertyValueSpecification","valueRequired":true,"valueName":"search_term_string"}}],"inLanguage":"fr-FR"},{"@type":"Organization","@id":"https:\/\/www.artisanlocal.ch\/c\/#organization","name":"Artisanlocal","url":"https:\/\/www.artisanlocal.ch\/c\/","logo":{"@type":"ImageObject","inLanguage":"fr-FR","@id":"https:\/\/www.artisanlocal.ch\/c\/#\/schema\/logo\/image\/","url":"https:\/\/www.artisanlocal.ch\/c\/wp-content\/uploads\/2024\/02\/logo-artisanlocal-h.svg","contentUrl":"https:\/\/www.artisanlocal.ch\/c\/wp-content\/uploads\/2024\/02\/logo-artisanlocal-h.svg","caption":"Artisanlocal"},"image":{"@id":"https:\/\/www.artisanlocal.ch\/c\/#\/schema\/logo\/image\/"}}]}},"_links":{"self":[{"href":"https:\/\/www.artisanlocal.ch\/c\/wp-json\/wp\/v2\/pages\/758","targetHints":{"allow":["GET"]}}],"collection":[{"href":"https:\/\/www.artisanlocal.ch\/c\/wp-json\/wp\/v2\/pages"}],"about":[{"href":"https:\/\/www.artisanlocal.ch\/c\/wp-json\/wp\/v2\/types\/page"}],"author":[{"embeddable":true,"href":"https:\/\/www.artisanlocal.ch\/c\/wp-json\/wp\/v2\/users\/4"}],"replies":[{"embeddable":true,"href":"https:\/\/www.artisanlocal.ch\/c\/wp-json\/wp\/v2\/comments?post=758"}],"version-history":[{"count":0,"href":"https:\/\/www.artisanlocal.ch\/c\/wp-json\/wp\/v2\/pages\/758\/revisions"}],"wp:featuredmedia":[{"embeddable":true,"href":"https:\/\/www.artisanlocal.ch\/c\/wp-json\/wp\/v2\/media\/2756"}],"wp:attachment":[{"href":"https:\/\/www.artisanlocal.ch\/c\/wp-json\/wp\/v2\/media?parent=758"}],"wp:term":[{"taxonomy":"profession","embeddable":true,"href":"https:\/\/www.artisanlocal.ch\/c\/wp-json\/wp\/v2\/profession?post=758"},{"taxonomy":"location","embeddable":true,"href":"https:\/\/www.artisanlocal.ch\/c\/wp-json\/wp\/v2\/location?post=758"},{"taxonomy":"canton","embeddable":true,"href":"https:\/\/www.artisanlocal.ch\/c\/wp-json\/wp\/v2\/canton?post=758"}],"curies":[{"name":"wp","href":"https:\/\/api.w.org\/{rel}","templated":true}]}}