{"id":759,"date":"2024-04-16T02:14:04","date_gmt":"2024-04-16T00:14:04","guid":{"rendered":"https:\/\/www.artisanlocal.ch\/c\/trouver-le-meilleur-peintre-a-saxon\/"},"modified":"2025-09-17T17:17:20","modified_gmt":"2025-09-17T15:17:20","slug":"trouver-le-meilleur-peintre-a-saxon","status":"publish","type":"page","link":"https:\/\/www.artisanlocal.ch\/c\/trouver-le-meilleur-peintre-a-saxon\/","title":{"rendered":"Peintre \u00e0 Saxon"},"content":{"rendered":"<p>Besoin d&rsquo;un peintre \u00e0 Saxon ? Artisanlocal r\u00e9alise tous vos travaux de peinture de votre ext\u00e9rieur ou de votre int\u00e9rieur \u00e0 Saxon. Artisanlocal r\u00e9alise vos travaux de peinture rapidement dans votre foyer \u00e0 Saxon et dans les villes proches.<\/p>\n\r\n<div class=\"box\">\r\n            <div class=\"company-info\">\r\n            <img decoding=\"async\" class=\"company-info__logo\" src=\"https:\/\/www.artisanlocal.ch\/media\/cache\/thumb\/images\/companies\/64ae6f2f41b0d713948320.png\" alt=\"Logo\">\r\n            <h2 class=\"company-info__name\">JB Peinture - J\u00e9r\u00f4me B\u00e9trisey<\/h2>\r\n            <p class=\"company-info__business\">Entreprise de Peinture - Pl\u00e2trerie-peinture<\/p>\r\n        <\/div>\r\n        <div class=\"company-contact\">\r\n            <p class=\"company-info__address\">Avenue du Grand-St-Bernard 30<\/p>\r\n                            <div class=\"links\">\r\n                                            <a class=\"btn has-accent-background-color js-phoneNumber\" href=\"tel:0796896314\" title=\"Appelez\" data-id=\"10824\" data-type=\"11\">079 689 63 14<\/a>\r\n                                                        <\/div>\r\n                    <\/div>\r\n    \r\n            \r\n<form action=\"https:\/\/www.artisanlocal.ch\/c\/wp-admin\/admin-ajax.php\" method=\"post\" class=\"form-contact\" id=\"artisan_form_contact_company_inline\">\r\n    <div><input type=\"hidden\" name=\"action\" value=\"company_contact\"><\/div>\r\n    <div><input type=\"hidden\" name=\"nonce\" value=\"f071462bb9\"><\/div>\r\n    <div><input type=\"hidden\" name=\"company_id\" value=\"10824\"><\/div>\r\n    <div><input type=\"hidden\" name=\"form_id\" value=\"artisan_form_contact_company_inline\"><\/div>\r\n    <div class=\"gglcptch gglcptch_v3 gglcptch_custom\"><input type=\"hidden\" id=\"g-recaptcha-response\" name=\"g-recaptcha-response\" \/><br \/><div class=\"gglcptch_error_text\">La p\u00e9riode de v\u00e9rification reCAPTCHA a expir\u00e9. Veuillez recharger la page.<\/div><\/div>    <div class=\"form-content\">\r\n        <div class=\"form-group\">\r\n            <label for=\"contact_firstName\" class=\"required\">Pr\u00e9nom<\/label>\r\n            <input type=\"text\" name=\"firstName\" class=\"form-control\" required>\r\n        <\/div>\r\n        <div class=\"form-group\">\r\n            <label for=\"contact_lastName\" class=\"required\">Nom<\/label>\r\n            <input type=\"text\" name=\"lastName\" class=\"form-control\" required>\r\n        <\/div>\r\n        <div class=\"form-group\">\r\n            <label for=\"contact_email\" class=\"required\">Email<\/label>\r\n            <input type=\"email\" name=\"email\" class=\"form-control\" required>\r\n        <\/div>\r\n        <div class=\"form-group\">\r\n            <label for=\"contact_phone\" class=\"required\">Num\u00e9ro de t\u00e9l\u00e9phone<\/label>\r\n            <input type=\"tel\" name=\"phone\" class=\"form-control\" placeholder=\"0787117165\" pattern=\"^[0-9]{10}$\" required>\r\n        <\/div>\r\n        <div class=\"form-group\">\r\n            <label for=\"contact_postalCode\" class=\"required\">Code postal et localit\u00e9<\/label>\r\n            <input type=\"text\" name=\"postalCode\" class=\"form-control\" required>\r\n        <\/div>\r\n        <div class=\"form-group\">\r\n            <label for=\"contact_address\" class=\"required\">Adresse<\/label>\r\n            <input type=\"text\" name=\"address\" class=\"form-control\" required>\r\n        <\/div>\r\n        <div class=\"full-width topic\">\r\n            <p class=\"required\">Je souhaite \u00eatre contact\u00e9 pour :<\/p>\r\n            <div class=\"form-check\">\r\n                <input type=\"radio\" name=\"topic\" value=\"D\u00e9pannage\" class=\"form-control\" required>\r\n                <label for=\"d\u00e9pannage\">D\u00e9pannage<\/label>\r\n            <\/div>\r\n            <div class=\"form-check\">\r\n                <input type=\"radio\" name=\"topic\" value=\"Entretien\" class=\"form-control\" required>\r\n                <label for=\"entretien\">Entretien<\/label>\r\n            <\/div>\r\n            <div class=\"form-check\">\r\n                <input type=\"radio\" name=\"topic\" value=\"R\u00e9novation\" class=\"form-control\" required>\r\n                <label for=\"r\u00e9novation\">R\u00e9novation<\/label>\r\n            <\/div>\r\n            <div class=\"form-check\">\r\n                <input type=\"radio\" name=\"topic\" value=\"Autre\" class=\"form-control\" required>\r\n                <label for=\"autre\">Autre<\/label>\r\n            <\/div>\r\n        <\/div>\r\n        <div class=\"form-group full-width\">\r\n            <label for=\"contact_message\">Message<\/label>\r\n            <textarea name=\"message\" rows=\"3\" class=\"form-control\"><\/textarea>\r\n        <\/div>\r\n    <\/div>\r\n    <div class=\"form-actions\">\r\n        <button class=\"wp-block-button__link has-accent-background-color\">Contacter<\/button>\r\n    <\/div>\r\n<\/form>\r\n<div class=\"form-feedback\"><\/div>    <\/div>\n<h2>Quels sont les services d&rsquo;Artisanlocal ?<\/h2>\n<ul>\n<li>Peinture int\u00e9rieure : sur les moulures, les murs, les plafonds, les portes, et dans des endroits comme la salle de bain, le salon et la chambre.<\/li>\n<li>Peinture ext\u00e9rieure : pose d&rsquo;une nouvelle couche de peinture sur le bardage, le stuc, la brique, les cl\u00f4tures, les terrasses et les portes de votre parking.<\/li>\n<li>Peinture d\u00e9corative : cr\u00e9ation d&rsquo;effets, comme le faux marbre, patines, effet vieilli, faux bois, effet oxyd\u00e9.<\/li>\n<li>Peinture dans votre cuisine : pose d&rsquo;une peinture d\u00e9corative telle que la peinture satin\u00e9e qui est simple \u00e0 nettoyer.<\/li>\n<li>L&rsquo;utilisation d&rsquo;enduits d\u00e9coratifs : ajout des enduits, comme le b\u00e9ton cir\u00e9, ou tadelakt.<\/li>\n<li>Artiste peintre : conception de peintures murales (d\u00e9corative, artistique, pour ext\u00e9rieur ou int\u00e9rieur).<\/li>\n<li>Peinture en ravalement de fa\u00e7ade : restauration des fa\u00e7ades de b\u00e2timents avec bardage, enduit, peinture ou cr\u00e9pi.<\/li>\n<li>Peinture cordiste : travaux de peinture en hauteur, nous intervenons dans les coins difficiles d\u2019acc\u00e8s, comme les usines, tours, ponts ou \u00e9oliennes.<\/li>\n<li>Peinture de finition : application d\u2019une couche de finition sur votre mobilier de coin cuisine ou de votre salle d&rsquo;eau.<\/li>\n<li>Mise en place et remise en \u00e9tat : colmatage des fissures dans vos murs, colmatage des creux dans les murs et l&rsquo;installation de cloisons s\u00e8ches neuves.<\/li>\n<li>Les services d&rsquo;enl\u00e8vement et de mise en place de papier peint : l&rsquo;enl\u00e8vement et la mise en place d&rsquo;un nouveau rev\u00eatement mural.<\/li>\n<li>Peinture pour votre soci\u00e9t\u00e9 : pour les h\u00f4tels, bureaux, complexes sportifs, \u00e9coles et autres biens immobiliers commerciaux.<\/li>\n<li>Peinture pour b\u00e2timent : nos artisans peintres op\u00e8rent aussi dans les b\u00e2timents, pour la pr\u00e9paration des murs et plafonds \u00e0 peindre, la r\u00e9alisation des finitions et l\u2019application des peintures et rev\u00eatements.<\/li>\n<\/ul>\n<h2>Comment fonctionne votre soci\u00e9t\u00e9 ?<\/h2>\n<p>Dans notre soci\u00e9t\u00e9, nous avons cr\u00e9\u00e9 un syst\u00e8me \u00e9tape par \u00e9tape pour r\u00e9pondre aux attentes de nos partenaires.<\/p>\n<h3>\u00c9tape 1\u00a0 : recevez un devis<\/h3>\n<p>Obtenez une estimation gratuite en ligne ou par t\u00e9l\u00e9phone et obtenez un devis de vos travaux en moins de 24 heures.<\/p>\n<h3>\u00c9tape 2\u00a0 : v\u00e9rifiez votre devis<\/h3>\n<p>Soyez s\u00fbr que le devis que vous obtenez d\u00e9finit bien le co\u00fbt de votre projet. En cas de probl\u00e9matique sur une partie de votre estimation, n&rsquo;h\u00e9sitez pas \u00e0 nous contacter pour avoir plus de d\u00e9tails.<\/p>\n<h3>\u00c9tape 3\u00a0 : organisez la date de d\u00e9but de votre projet<\/h3>\n<p>D\u00e8s que vous avez approuv\u00e9 le devis, nous fixons ensemble la date de d\u00e9marrage de votre projet. Pour arriver \u00e0 vos objectifs, nous vous mettons \u00e0 disposition un chef de projet.<\/p>\n<h2>Quel est le tarif d&rsquo;une prestation de peinture \u00e0 Saxon ?<\/h2>\n<p>Le montant de notre prestation est impact\u00e9 par l&rsquo;\u00e9tat de vos plafonds et vos murs. Le plus souvent, les prix varient entre 60 et 70 CHF par heure. Le co\u00fbt de main-d&rsquo;\u0153uvre repr\u00e9sente environ 80% \u00e0 90% du prix total, tandis que le montant de la peinture ne repr\u00e9sente que 10% \u00e0 20% du co\u00fbt.<\/p>\n<h2>Pourquoi choisir notre entreprise de peinture \u00e0 Saxon ? ?<\/h2>\n<ul>\n<li>Disponibilit\u00e9 : situ\u00e9s \u00e0 Saxon, nos artisans peintres interviennent rapidement dans votre foyer.<\/li>\n<li>Excellence : en choisissant notre entreprise, vous optez pour l&rsquo;excellence et le savoir-faire.<\/li>\n<li>Prix comp\u00e9titifs : nous proposons des prix comp\u00e9titifs, adapt\u00e9s \u00e0 vos demandes et \u00e0 votre enveloppe budg\u00e9taire.<\/li>\n<li>Prestations personnalis\u00e9es : nous prenons en compte les caract\u00e9ristiques de votre projet dans le but de vous pr\u00e9senter des prestations sur-mesure.<\/li>\n<li>Le savoir-faire, nos peintres \u00e0 Saxon ont de multiples comp\u00e9tences, tels que : la pr\u00e9paration avant les travaux de peinture, l&rsquo;application des diff\u00e9rentes couches et la mise en \u0153uvre des touches finales.<\/li>\n<\/ul>\n<h2>FAQ<\/h2>\n<h3>Quelle peinture avez-vous l&rsquo;habitude d&rsquo;utiliser ?<\/h3>\n<p>Nous appliquons uniquement des peintures premium. Cependant, nous pouvons appliquer la peinture que vous avez d\u00e9j\u00e0 achet\u00e9e.<\/p>\n<h3>Votre entreprise est-elle disponible le week-end ?<\/h3>\n<p>Oui, nous sommes joignables le week-end \u00e0 Saxon.<\/p>\n<h3>Prot\u00e9gez-vous mon mobilier ?<\/h3>\n<p>Absolument, nous apportons l&rsquo;\u00e9quipement n\u00e9cessaire pour garantir que votre mobilier et votre \u00e9lectrom\u00e9nager soient pr\u00e9serv\u00e9s pendant nos travaux. N\u00e9anmoins, si vous avez des objets susceptibles de se briser, nous vous conseillons d&rsquo;en avertir notre \u00e9quipe, nous mettrons en \u0153uvre des mesures suppl\u00e9mentaires.<\/p>\n<h3>Que faire si les travaux de peinture effectu\u00e9s ne satisfont pas \u00e0 mes d\u00e9sirs ?<\/h3>\n<p>Si vous n&rsquo;\u00eates pas content des r\u00e9sultats, nous reviendrons pour r\u00e9gler les manques tant que vous ne serez pas satisfait.<\/p>\n<h3>Vos devis sont-ils sans frais ?<\/h3>\n<p>Oui, nos devis sont 100% gratuits, sans frais cach\u00e9s. Si vous souhaitez plus d&rsquo;informations, un technicien se rend \u00e0 votre domicile dans le but de valider le devis avec vous.<\/p>\n<h3>Vos services couvrent-ils aussi les villes aux alentours Saxon ?<\/h3>\n<p>Certainement, nous op\u00e9rons \u00e0 Saxon, mais aussi dans les villes, comme :<\/p>\nCharrat, Riddes, Dugny (Leytron), Leytron, Montagnon (Leytron), Produit (Leytron), Saillon, Is\u00e9rables, Auddes-sur-Riddes, La Tzoumaz, Martigny, Martigny-Croix, Fully, Chemin, Ravoire, Trient, Bovernier, Les Valettes (Bovernier), Chamoille (Sembrancher), La Garde (Sembrancher), Sembrancher, Vens (Sembrancher), Bruson, Le Ch\u00e2ble VS, Verbier, Orsi\u00e8res, Champex-Lac, Cries (Voll\u00e8ges), Voll\u00e8ges, Levron, Praz-de-Fort, La Fouly VS, Chandonne (Liddes), Chez Petit (Liddes), Dranse (Liddes), Fontaine Dessous (Liddes), Fontaine Dessus (Liddes), Fornex (Liddes), Les Moulins VS (Liddes), Liddes, Palasuit (Liddes), Petit Vich\u00e8res (Liddes), Rive Haute (Liddes), Vich\u00e8res (Liddes), Bourg-St-Pierre, Champsec, Verseg\u00e8res, Fionnay, Lourtier, Sarreyer, Mayens-de-Chamoson, Ovronnaz.\n","protected":false},"excerpt":{"rendered":"<p>Besoin d&rsquo;un peintre \u00e0 Saxon ? Artisanlocal r\u00e9alise tous vos travaux de peinture de votre ext\u00e9rieur ou de votre int\u00e9rieur \u00e0 Saxon. Artisanlocal r\u00e9alise vos travaux de peinture rapidement dans votre foyer \u00e0 Saxon et dans les villes proches. Quels sont les services d&rsquo;Artisanlocal ? Peinture int\u00e9rieure : sur les moulures, les murs, les plafonds, [&hellip;]<\/p>\n","protected":false},"author":4,"featured_media":2756,"parent":0,"menu_order":0,"comment_status":"closed","ping_status":"closed","template":"","meta":{"footnotes":""},"profession":[121],"location":[39],"canton":[110],"class_list":["post-759","page","type-page","status-publish","has-post-thumbnail","hentry","profession-peintre","location-saxon","canton-vs"],"yoast_head":"<!-- This site is optimized with the Yoast SEO Premium plugin v25.7.1 (Yoast SEO v27.4) - https:\/\/yoast.com\/product\/yoast-seo-premium-wordpress\/ -->\n<title>Peintre \u00e0 Saxon - Artisanlocal<\/title>\n<meta name=\"robots\" content=\"index, follow, max-snippet:-1, max-image-preview:large, max-video-preview:-1\" \/>\n<link rel=\"canonical\" href=\"https:\/\/www.artisanlocal.ch\/c\/trouver-le-meilleur-peintre-a-saxon\/\" \/>\n<meta property=\"og:locale\" content=\"fr_FR\" \/>\n<meta property=\"og:type\" content=\"article\" \/>\n<meta property=\"og:title\" content=\"Peintre \u00e0 Saxon\" \/>\n<meta property=\"og:description\" content=\"Besoin d&rsquo;un peintre \u00e0 Saxon ? Artisanlocal r\u00e9alise tous vos travaux de peinture de votre ext\u00e9rieur ou de votre int\u00e9rieur \u00e0 Saxon. Artisanlocal r\u00e9alise vos travaux de peinture rapidement dans votre foyer \u00e0 Saxon et dans les villes proches. Quels sont les services d&rsquo;Artisanlocal ? Peinture int\u00e9rieure : sur les moulures, les murs, les plafonds, [&hellip;]\" \/>\n<meta property=\"og:url\" content=\"https:\/\/www.artisanlocal.ch\/c\/trouver-le-meilleur-peintre-a-saxon\/\" \/>\n<meta property=\"og:site_name\" content=\"Artisanlocal\" \/>\n<meta property=\"article:modified_time\" content=\"2025-09-17T15:17:20+00:00\" \/>\n<meta property=\"og:image\" content=\"https:\/\/www.artisanlocal.ch\/c\/wp-content\/uploads\/2024\/10\/peintre.jpg\" \/>\n\t<meta property=\"og:image:width\" content=\"1920\" \/>\n\t<meta property=\"og:image:height\" content=\"300\" \/>\n\t<meta property=\"og:image:type\" content=\"image\/jpeg\" \/>\n<meta name=\"twitter:card\" content=\"summary_large_image\" \/>\n<meta name=\"twitter:label1\" content=\"Dur\u00e9e de lecture estim\u00e9e\" \/>\n\t<meta name=\"twitter:data1\" content=\"5 minutes\" \/>\n<script type=\"application\/ld+json\" class=\"yoast-schema-graph\">{\"@context\":\"https:\\\/\\\/schema.org\",\"@graph\":[{\"@type\":\"WebPage\",\"@id\":\"https:\\\/\\\/www.artisanlocal.ch\\\/c\\\/trouver-le-meilleur-peintre-a-saxon\\\/\",\"url\":\"https:\\\/\\\/www.artisanlocal.ch\\\/c\\\/trouver-le-meilleur-peintre-a-saxon\\\/\",\"name\":\"Peintre \u00e0 Saxon - Artisanlocal\",\"isPartOf\":{\"@id\":\"https:\\\/\\\/www.artisanlocal.ch\\\/c\\\/#website\"},\"primaryImageOfPage\":{\"@id\":\"https:\\\/\\\/www.artisanlocal.ch\\\/c\\\/trouver-le-meilleur-peintre-a-saxon\\\/#primaryimage\"},\"image\":{\"@id\":\"https:\\\/\\\/www.artisanlocal.ch\\\/c\\\/trouver-le-meilleur-peintre-a-saxon\\\/#primaryimage\"},\"thumbnailUrl\":\"https:\\\/\\\/www.artisanlocal.ch\\\/c\\\/wp-content\\\/uploads\\\/2024\\\/10\\\/peintre.jpg\",\"datePublished\":\"2024-04-16T00:14:04+00:00\",\"dateModified\":\"2025-09-17T15:17:20+00:00\",\"breadcrumb\":{\"@id\":\"https:\\\/\\\/www.artisanlocal.ch\\\/c\\\/trouver-le-meilleur-peintre-a-saxon\\\/#breadcrumb\"},\"inLanguage\":\"fr-FR\",\"potentialAction\":[{\"@type\":\"ReadAction\",\"target\":[\"https:\\\/\\\/www.artisanlocal.ch\\\/c\\\/trouver-le-meilleur-peintre-a-saxon\\\/\"]}]},{\"@type\":\"ImageObject\",\"inLanguage\":\"fr-FR\",\"@id\":\"https:\\\/\\\/www.artisanlocal.ch\\\/c\\\/trouver-le-meilleur-peintre-a-saxon\\\/#primaryimage\",\"url\":\"https:\\\/\\\/www.artisanlocal.ch\\\/c\\\/wp-content\\\/uploads\\\/2024\\\/10\\\/peintre.jpg\",\"contentUrl\":\"https:\\\/\\\/www.artisanlocal.ch\\\/c\\\/wp-content\\\/uploads\\\/2024\\\/10\\\/peintre.jpg\",\"width\":1920,\"height\":300},{\"@type\":\"BreadcrumbList\",\"@id\":\"https:\\\/\\\/www.artisanlocal.ch\\\/c\\\/trouver-le-meilleur-peintre-a-saxon\\\/#breadcrumb\",\"itemListElement\":[{\"@type\":\"ListItem\",\"position\":1,\"name\":\"Accueil\",\"item\":\"https:\\\/\\\/www.artisanlocal.ch\\\/c\\\/\"},{\"@type\":\"ListItem\",\"position\":2,\"name\":\"Peintre \u00e0 Saxon\"}]},{\"@type\":\"WebSite\",\"@id\":\"https:\\\/\\\/www.artisanlocal.ch\\\/c\\\/#website\",\"url\":\"https:\\\/\\\/www.artisanlocal.ch\\\/c\\\/\",\"name\":\"Artisanlocal\",\"description\":\"\",\"publisher\":{\"@id\":\"https:\\\/\\\/www.artisanlocal.ch\\\/c\\\/#organization\"},\"potentialAction\":[{\"@type\":\"SearchAction\",\"target\":{\"@type\":\"EntryPoint\",\"urlTemplate\":\"https:\\\/\\\/www.artisanlocal.ch\\\/c\\\/?s={search_term_string}\"},\"query-input\":{\"@type\":\"PropertyValueSpecification\",\"valueRequired\":true,\"valueName\":\"search_term_string\"}}],\"inLanguage\":\"fr-FR\"},{\"@type\":\"Organization\",\"@id\":\"https:\\\/\\\/www.artisanlocal.ch\\\/c\\\/#organization\",\"name\":\"Artisanlocal\",\"url\":\"https:\\\/\\\/www.artisanlocal.ch\\\/c\\\/\",\"logo\":{\"@type\":\"ImageObject\",\"inLanguage\":\"fr-FR\",\"@id\":\"https:\\\/\\\/www.artisanlocal.ch\\\/c\\\/#\\\/schema\\\/logo\\\/image\\\/\",\"url\":\"https:\\\/\\\/www.artisanlocal.ch\\\/c\\\/wp-content\\\/uploads\\\/2024\\\/02\\\/logo-artisanlocal-h.svg\",\"contentUrl\":\"https:\\\/\\\/www.artisanlocal.ch\\\/c\\\/wp-content\\\/uploads\\\/2024\\\/02\\\/logo-artisanlocal-h.svg\",\"caption\":\"Artisanlocal\"},\"image\":{\"@id\":\"https:\\\/\\\/www.artisanlocal.ch\\\/c\\\/#\\\/schema\\\/logo\\\/image\\\/\"}}]}<\/script>\n<!-- \/ Yoast SEO Premium plugin. -->","yoast_head_json":{"title":"Peintre \u00e0 Saxon - Artisanlocal","robots":{"index":"index","follow":"follow","max-snippet":"max-snippet:-1","max-image-preview":"max-image-preview:large","max-video-preview":"max-video-preview:-1"},"canonical":"https:\/\/www.artisanlocal.ch\/c\/trouver-le-meilleur-peintre-a-saxon\/","og_locale":"fr_FR","og_type":"article","og_title":"Peintre \u00e0 Saxon","og_description":"Besoin d&rsquo;un peintre \u00e0 Saxon ? Artisanlocal r\u00e9alise tous vos travaux de peinture de votre ext\u00e9rieur ou de votre int\u00e9rieur \u00e0 Saxon. Artisanlocal r\u00e9alise vos travaux de peinture rapidement dans votre foyer \u00e0 Saxon et dans les villes proches. Quels sont les services d&rsquo;Artisanlocal ? Peinture int\u00e9rieure : sur les moulures, les murs, les plafonds, [&hellip;]","og_url":"https:\/\/www.artisanlocal.ch\/c\/trouver-le-meilleur-peintre-a-saxon\/","og_site_name":"Artisanlocal","article_modified_time":"2025-09-17T15:17:20+00:00","og_image":[{"width":1920,"height":300,"url":"https:\/\/www.artisanlocal.ch\/c\/wp-content\/uploads\/2024\/10\/peintre.jpg","type":"image\/jpeg"}],"twitter_card":"summary_large_image","twitter_misc":{"Dur\u00e9e de lecture estim\u00e9e":"5 minutes"},"schema":{"@context":"https:\/\/schema.org","@graph":[{"@type":"WebPage","@id":"https:\/\/www.artisanlocal.ch\/c\/trouver-le-meilleur-peintre-a-saxon\/","url":"https:\/\/www.artisanlocal.ch\/c\/trouver-le-meilleur-peintre-a-saxon\/","name":"Peintre \u00e0 Saxon - Artisanlocal","isPartOf":{"@id":"https:\/\/www.artisanlocal.ch\/c\/#website"},"primaryImageOfPage":{"@id":"https:\/\/www.artisanlocal.ch\/c\/trouver-le-meilleur-peintre-a-saxon\/#primaryimage"},"image":{"@id":"https:\/\/www.artisanlocal.ch\/c\/trouver-le-meilleur-peintre-a-saxon\/#primaryimage"},"thumbnailUrl":"https:\/\/www.artisanlocal.ch\/c\/wp-content\/uploads\/2024\/10\/peintre.jpg","datePublished":"2024-04-16T00:14:04+00:00","dateModified":"2025-09-17T15:17:20+00:00","breadcrumb":{"@id":"https:\/\/www.artisanlocal.ch\/c\/trouver-le-meilleur-peintre-a-saxon\/#breadcrumb"},"inLanguage":"fr-FR","potentialAction":[{"@type":"ReadAction","target":["https:\/\/www.artisanlocal.ch\/c\/trouver-le-meilleur-peintre-a-saxon\/"]}]},{"@type":"ImageObject","inLanguage":"fr-FR","@id":"https:\/\/www.artisanlocal.ch\/c\/trouver-le-meilleur-peintre-a-saxon\/#primaryimage","url":"https:\/\/www.artisanlocal.ch\/c\/wp-content\/uploads\/2024\/10\/peintre.jpg","contentUrl":"https:\/\/www.artisanlocal.ch\/c\/wp-content\/uploads\/2024\/10\/peintre.jpg","width":1920,"height":300},{"@type":"BreadcrumbList","@id":"https:\/\/www.artisanlocal.ch\/c\/trouver-le-meilleur-peintre-a-saxon\/#breadcrumb","itemListElement":[{"@type":"ListItem","position":1,"name":"Accueil","item":"https:\/\/www.artisanlocal.ch\/c\/"},{"@type":"ListItem","position":2,"name":"Peintre \u00e0 Saxon"}]},{"@type":"WebSite","@id":"https:\/\/www.artisanlocal.ch\/c\/#website","url":"https:\/\/www.artisanlocal.ch\/c\/","name":"Artisanlocal","description":"","publisher":{"@id":"https:\/\/www.artisanlocal.ch\/c\/#organization"},"potentialAction":[{"@type":"SearchAction","target":{"@type":"EntryPoint","urlTemplate":"https:\/\/www.artisanlocal.ch\/c\/?s={search_term_string}"},"query-input":{"@type":"PropertyValueSpecification","valueRequired":true,"valueName":"search_term_string"}}],"inLanguage":"fr-FR"},{"@type":"Organization","@id":"https:\/\/www.artisanlocal.ch\/c\/#organization","name":"Artisanlocal","url":"https:\/\/www.artisanlocal.ch\/c\/","logo":{"@type":"ImageObject","inLanguage":"fr-FR","@id":"https:\/\/www.artisanlocal.ch\/c\/#\/schema\/logo\/image\/","url":"https:\/\/www.artisanlocal.ch\/c\/wp-content\/uploads\/2024\/02\/logo-artisanlocal-h.svg","contentUrl":"https:\/\/www.artisanlocal.ch\/c\/wp-content\/uploads\/2024\/02\/logo-artisanlocal-h.svg","caption":"Artisanlocal"},"image":{"@id":"https:\/\/www.artisanlocal.ch\/c\/#\/schema\/logo\/image\/"}}]}},"_links":{"self":[{"href":"https:\/\/www.artisanlocal.ch\/c\/wp-json\/wp\/v2\/pages\/759","targetHints":{"allow":["GET"]}}],"collection":[{"href":"https:\/\/www.artisanlocal.ch\/c\/wp-json\/wp\/v2\/pages"}],"about":[{"href":"https:\/\/www.artisanlocal.ch\/c\/wp-json\/wp\/v2\/types\/page"}],"author":[{"embeddable":true,"href":"https:\/\/www.artisanlocal.ch\/c\/wp-json\/wp\/v2\/users\/4"}],"replies":[{"embeddable":true,"href":"https:\/\/www.artisanlocal.ch\/c\/wp-json\/wp\/v2\/comments?post=759"}],"version-history":[{"count":0,"href":"https:\/\/www.artisanlocal.ch\/c\/wp-json\/wp\/v2\/pages\/759\/revisions"}],"wp:featuredmedia":[{"embeddable":true,"href":"https:\/\/www.artisanlocal.ch\/c\/wp-json\/wp\/v2\/media\/2756"}],"wp:attachment":[{"href":"https:\/\/www.artisanlocal.ch\/c\/wp-json\/wp\/v2\/media?parent=759"}],"wp:term":[{"taxonomy":"profession","embeddable":true,"href":"https:\/\/www.artisanlocal.ch\/c\/wp-json\/wp\/v2\/profession?post=759"},{"taxonomy":"location","embeddable":true,"href":"https:\/\/www.artisanlocal.ch\/c\/wp-json\/wp\/v2\/location?post=759"},{"taxonomy":"canton","embeddable":true,"href":"https:\/\/www.artisanlocal.ch\/c\/wp-json\/wp\/v2\/canton?post=759"}],"curies":[{"name":"wp","href":"https:\/\/api.w.org\/{rel}","templated":true}]}}