{"id":761,"date":"2024-04-15T14:28:34","date_gmt":"2024-04-15T12:28:34","guid":{"rendered":"https:\/\/www.artisanlocal.ch\/c\/trouver-le-meilleur-peintre-a-romanel-sur-lausanne\/"},"modified":"2025-09-17T19:17:28","modified_gmt":"2025-09-17T17:17:28","slug":"trouver-le-meilleur-peintre-a-romanel-sur-lausanne","status":"publish","type":"page","link":"https:\/\/www.artisanlocal.ch\/c\/trouver-le-meilleur-peintre-a-romanel-sur-lausanne\/","title":{"rendered":"Peintre \u00e0 Romanel-sur-Lausanne"},"content":{"rendered":"<p>Besoin d&rsquo;un peintre \u00e0 Romanel-sur-Lausanne ? Faites appel \u00e0 Artisanlocal, nous prenons en charge la totalit\u00e9 des travaux, de l&rsquo;\u00e9tude aux finitions, nous intervenons chez vous \u00e0 Romanel-sur-Lausanne et dans les villes aux environs.<\/p>\n\r\n<div class=\"box\">\r\n            <div class=\"company-info\">\r\n            <img decoding=\"async\" class=\"company-info__logo\" src=\"https:\/\/www.artisanlocal.ch\/media\/cache\/thumb\/images\/companies\/699d785bb3dc4045674931.png\" alt=\"Logo\">\r\n            <h2 class=\"company-info__name\">Maliqi R\u00e9novation<\/h2>\r\n            <p class=\"company-info__business\">Peinture int\u00e9rieure et ext\u00e9rieure (murs, plafonds, boiseries) - Remise en \u00e9tat apr\u00e8s travaux ou d\u00e9part locataire - Pose de plaques de pl\u00e2tre et cloisons - Travaux de pl\u00e2trerie et lissage de surfaces - R\u00e9novation<\/p>\r\n        <\/div>\r\n        <div class=\"company-contact\">\r\n            <p class=\"company-info__address\">Chemin en craux 18<\/p>\r\n                            <div class=\"links\">\r\n                                            <a class=\"btn has-accent-background-color js-phoneNumber\" href=\"tel:0798231315\" title=\"Appelez\" data-id=\"38852\" data-type=\"11\">079 823 13 15<\/a>\r\n                                                        <\/div>\r\n                    <\/div>\r\n    \r\n            \r\n<form action=\"https:\/\/www.artisanlocal.ch\/c\/wp-admin\/admin-ajax.php\" method=\"post\" class=\"form-contact\" id=\"artisan_form_contact_company_inline\">\r\n    <div><input type=\"hidden\" name=\"action\" value=\"company_contact\"><\/div>\r\n    <div><input type=\"hidden\" name=\"nonce\" value=\"67a23a8c67\"><\/div>\r\n    <div><input type=\"hidden\" name=\"company_id\" value=\"38852\"><\/div>\r\n    <div><input type=\"hidden\" name=\"form_id\" value=\"artisan_form_contact_company_inline\"><\/div>\r\n    <div class=\"gglcptch gglcptch_v3 gglcptch_custom\"><input type=\"hidden\" id=\"g-recaptcha-response\" name=\"g-recaptcha-response\" \/><br \/><div class=\"gglcptch_error_text\">La p\u00e9riode de v\u00e9rification reCAPTCHA a expir\u00e9. Veuillez recharger la page.<\/div><\/div>    <div class=\"form-content\">\r\n        <div class=\"form-group\">\r\n            <label for=\"contact_firstName\" class=\"required\">Pr\u00e9nom<\/label>\r\n            <input type=\"text\" name=\"firstName\" class=\"form-control\" required>\r\n        <\/div>\r\n        <div class=\"form-group\">\r\n            <label for=\"contact_lastName\" class=\"required\">Nom<\/label>\r\n            <input type=\"text\" name=\"lastName\" class=\"form-control\" required>\r\n        <\/div>\r\n        <div class=\"form-group\">\r\n            <label for=\"contact_email\" class=\"required\">Email<\/label>\r\n            <input type=\"email\" name=\"email\" class=\"form-control\" required>\r\n        <\/div>\r\n        <div class=\"form-group\">\r\n            <label for=\"contact_phone\" class=\"required\">Num\u00e9ro de t\u00e9l\u00e9phone<\/label>\r\n            <input type=\"tel\" name=\"phone\" class=\"form-control\" placeholder=\"0787117165\" pattern=\"^[0-9]{10}$\" required>\r\n        <\/div>\r\n        <div class=\"form-group\">\r\n            <label for=\"contact_postalCode\" class=\"required\">Code postal et localit\u00e9<\/label>\r\n            <input type=\"text\" name=\"postalCode\" class=\"form-control\" required>\r\n        <\/div>\r\n        <div class=\"form-group\">\r\n            <label for=\"contact_address\" class=\"required\">Adresse<\/label>\r\n            <input type=\"text\" name=\"address\" class=\"form-control\" required>\r\n        <\/div>\r\n        <div class=\"full-width topic\">\r\n            <p class=\"required\">Je souhaite \u00eatre contact\u00e9 pour :<\/p>\r\n            <div class=\"form-check\">\r\n                <input type=\"radio\" name=\"topic\" value=\"D\u00e9pannage\" class=\"form-control\" required>\r\n                <label for=\"d\u00e9pannage\">D\u00e9pannage<\/label>\r\n            <\/div>\r\n            <div class=\"form-check\">\r\n                <input type=\"radio\" name=\"topic\" value=\"Entretien\" class=\"form-control\" required>\r\n                <label for=\"entretien\">Entretien<\/label>\r\n            <\/div>\r\n            <div class=\"form-check\">\r\n                <input type=\"radio\" name=\"topic\" value=\"R\u00e9novation\" class=\"form-control\" required>\r\n                <label for=\"r\u00e9novation\">R\u00e9novation<\/label>\r\n            <\/div>\r\n            <div class=\"form-check\">\r\n                <input type=\"radio\" name=\"topic\" value=\"Autre\" class=\"form-control\" required>\r\n                <label for=\"autre\">Autre<\/label>\r\n            <\/div>\r\n        <\/div>\r\n        <div class=\"form-group full-width\">\r\n            <label for=\"contact_message\">Message<\/label>\r\n            <textarea name=\"message\" rows=\"3\" class=\"form-control\"><\/textarea>\r\n        <\/div>\r\n    <\/div>\r\n    <div class=\"form-actions\">\r\n        <button class=\"wp-block-button__link has-accent-background-color\">Contacter<\/button>\r\n    <\/div>\r\n<\/form>\r\n<div class=\"form-feedback\"><\/div>    <\/div>\n<h2>Quels sont les services d&rsquo;Artisanlocal ?<\/h2>\n<ul>\n<li>Peinture int\u00e9rieure : sur les murs, les plafonds, les moulures, les portes, et dans des espaces comme la salle d&rsquo;eau, la chambre et le salon.<\/li>\n<li>Peinture ext\u00e9rieure : pose d&rsquo;une nouvelle couche de peinture sur les terrasses, les cl\u00f4tures, le bardage, les briques, le stuc et les portes de votre parking.<\/li>\n<li>Peinture d\u00e9corative : cr\u00e9ation des effets, tels que le faux marbre, les patines, l&rsquo;effet vieilli, le faux bois et l&rsquo;effet oxyd\u00e9.<\/li>\n<li>Peinture de cuisine : pose d&rsquo;une couche, comme la peinture satin\u00e9e, qui est facile \u00e0 nettoyer.<\/li>\n<li>Les projets d&rsquo;enduits d\u00e9coratifs : pose d&rsquo;enduits comme le tadelakt ou le b\u00e9ton cir\u00e9.<\/li>\n<li>Artiste peintre : conception de fresques murales (d\u00e9corative, artistique, pour ext\u00e9rieur ou int\u00e9rieur).<\/li>\n<li>Peinture de ravalement de fa\u00e7ade : restauration, r\u00e9novation des fa\u00e7ades de b\u00e2timents avec enduit, bardage, cr\u00e9pi ou peinture.<\/li>\n<li>Peinture sur zones en hauteur : nos artisans peintres interviennent dans des emplacements difficiles comme les ponts, les usines, ou les tours.<\/li>\n<li>Finition de peinture : application d&rsquo;une peinture de finition dans votre salle d&rsquo;eau ou sur vos meubles de cuisines.<\/li>\n<li>Mise en place et remise en \u00e9tat : r\u00e9paration des fissures, colmatage des creux dans les murs, ou encore installation de nouvelles cloisons s\u00e8ches.<\/li>\n<li>Les services d&rsquo;enl\u00e8vement et de mise en place de tapisserie : le retrait et la mise en place d&rsquo;un rev\u00eatement mural.<\/li>\n<li>Peinture pour entreprise : pour les h\u00f4tels, espaces de bureau, complexes sportifs, \u00e9tablissements \u00e9ducatifs et autres biens immobiliers commerciaux.<\/li>\n<li>Peintures pour b\u00e2timents : pr\u00e9paration des murs et plafonds \u00e0 peindre, et nous r\u00e9alisons les finitions et appliquons la peinture.<\/li>\n<\/ul>\n<h2>De quelle fa\u00e7on marche votre soci\u00e9t\u00e9 ?<\/h2>\n<p>Dans notre soci\u00e9t\u00e9, nous avons d\u00e9velopp\u00e9 un processus afin de r\u00e9pondre aux besoins de nos clients.<\/p>\n<h3>\u00c9tape 1\u00a0 : recevez un devis<\/h3>\n<p>Demandez-nous un devis sans frais en ligne ou par t\u00e9l\u00e9phone.<\/p>\n<h3>\u00c9tape 2\u00a0 : analysez votre estimation<\/h3>\n<p>Soyez assur\u00e9 que le devis que vous recevez fixe correctement le montant de votre projet. Si vous avez des questions, contacter notre entreprise pour obtenir plus d&rsquo;informations sur les \u00e9l\u00e9ments de votre devis.<\/p>\n<h3>\u00c9tape 3\u00a0 : d\u00e9terminez la date de lancement de votre r\u00e9novation<\/h3>\n<p>Une fois que vous avez valid\u00e9 l&rsquo;estimation, nous d\u00e9terminons ensemble la date de commencement de votre r\u00e9novation. Pour assurer la bonne r\u00e9ussite de votre chantier, nous vous assignons un chef de projet d\u00e9di\u00e9.<\/p>\n<h2>Quel est le prix d&rsquo;un service de peinture \u00e0 Romanel-sur-Lausanne ?<\/h2>\n<p>Le tarif du service est impact\u00e9 par l&rsquo;\u00e9tat de vos murs et plafonds. En g\u00e9n\u00e9ral, les tarifs varient entre 60 et 70 CHF par heure. Le co\u00fbt de main-d&rsquo;\u0153uvre constitue environ 80% \u00e0 90% du prix, tandis que le co\u00fbt des travaux peinture ne constitue que 10% \u00e0 20% du prix.<\/p>\n<h2>Pourquoi choisir Artisanlocal \u00e0 Romanel-sur-Lausanne ?<\/h2>\n<ul>\n<li>Accessibilit\u00e9 : install\u00e9s \u00e0 Romanel-sur-Lausanne, nos peintres interviennent rapidement dans votre foyer.<\/li>\n<li>Excellence : en choisissant nos services, vous avez la garantie de profiter de prestations de qualit\u00e9, effectu\u00e9es avec soin et professionnalisme.<\/li>\n<li>Co\u00fbts comp\u00e9titifs : nos tarifs sont calcul\u00e9s selon vos d\u00e9sirs et vos moyens.<\/li>\n<li>Services personnalis\u00e9s : nous prenons en consid\u00e9ration les particularit\u00e9s de votre projet pour vous soumettre des services personnalis\u00e9s.<\/li>\n<li>Le savoir-faire, nos peintres professionnels \u00e0 Romanel-sur-Lausanne poss\u00e8dent une gamme de comp\u00e9tences, comme : la pr\u00e9paration avant l&rsquo;application de la peinture, la pose des diff\u00e9rentes couches et la mise en \u0153uvre des finitions.<\/li>\n<\/ul>\n<h2>Questions fr\u00e9quentes<\/h2>\n<h3>Quelle peinture avez-vous l&rsquo;habitude d&rsquo;utiliser ?<\/h3>\n<p>Nous utilisons uniquement des peintures de qualit\u00e9. Les pots de peinture que vous avez achet\u00e9s peuvent \u00eatre aussi employ\u00e9s par nos peintres.<\/p>\n<h3>Est-ce que vos peintres sont joignables le week-end ?<\/h3>\n<p>Oui, nos \u00e9quipes sont disponibles le week-end \u00e0 Romanel-sur-Lausanne.<\/p>\n<h3>Prot\u00e9gez-vous mon int\u00e9rieur ?<\/h3>\n<p>Oui, avant les travaux, nous prot\u00e9geons vos mobiliers et \u00e9lectrom\u00e9nagers. N\u00e9anmoins, si vous avez des objets susceptibles de se briser, nous vous recommandons d&rsquo;en avertir notre \u00e9quipe d&rsquo;artisans, nous prendrons plus de pr\u00e9cautions.<\/p>\n<h3>Que faire si les travaux de peinture accomplis ne r\u00e9pondent pas \u00e0 mes besoins ?<\/h3>\n<p>Dans le cas o\u00f9 vous ne seriez pas content des r\u00e9sultats, nous reviendrons pour corriger les manques tant que vous ne serez pas satisfait.<\/p>\n<h3>Vos devis sont-ils sans frais ?<\/h3>\n<p>Oui, nos devis sont gratuits. Si vous souhaitez plus d&rsquo;informations, un technicien se rend \u00e0 votre domicile dans le but de valider le devis avec vous.<\/p>\n<h3>Votre entreprise r\u00e9alise-t-elle des travaux de peintures dans les alentours de Romanel-sur-Lausanne ?<\/h3>\n<p>Oui, nous op\u00e9rons \u00e0 Romanel-sur-Lausanne, mais aussi dans les villes aux alentours, telles que :<\/p>\nCheseaux-sur-Lausanne, Le Mont-sur-Lausanne, Bretigny-sur-Morrens, Cugy VD, Morrens VD, Froideville, Epalinges.\n","protected":false},"excerpt":{"rendered":"<p>Besoin d&rsquo;un peintre \u00e0 Romanel-sur-Lausanne ? Faites appel \u00e0 Artisanlocal, nous prenons en charge la totalit\u00e9 des travaux, de l&rsquo;\u00e9tude aux finitions, nous intervenons chez vous \u00e0 Romanel-sur-Lausanne et dans les villes aux environs. Quels sont les services d&rsquo;Artisanlocal ? Peinture int\u00e9rieure : sur les murs, les plafonds, les moulures, les portes, et dans des [&hellip;]<\/p>\n","protected":false},"author":4,"featured_media":2756,"parent":0,"menu_order":0,"comment_status":"closed","ping_status":"closed","template":"","meta":{"footnotes":""},"profession":[121],"location":[90],"canton":[113],"class_list":["post-761","page","type-page","status-publish","has-post-thumbnail","hentry","profession-peintre","location-romanel-sur-lausanne","canton-vd"],"yoast_head":"<!-- This site is optimized with the Yoast SEO Premium plugin v25.7.1 (Yoast SEO v27.3) - https:\/\/yoast.com\/product\/yoast-seo-premium-wordpress\/ -->\n<title>Peintre \u00e0 Romanel-sur-Lausanne - Artisanlocal<\/title>\n<meta name=\"robots\" content=\"index, follow, max-snippet:-1, max-image-preview:large, max-video-preview:-1\" \/>\n<link rel=\"canonical\" href=\"https:\/\/www.artisanlocal.ch\/c\/trouver-le-meilleur-peintre-a-romanel-sur-lausanne\/\" \/>\n<meta property=\"og:locale\" content=\"fr_FR\" \/>\n<meta property=\"og:type\" content=\"article\" \/>\n<meta property=\"og:title\" content=\"Peintre \u00e0 Romanel-sur-Lausanne\" \/>\n<meta property=\"og:description\" content=\"Besoin d&rsquo;un peintre \u00e0 Romanel-sur-Lausanne ? Faites appel \u00e0 Artisanlocal, nous prenons en charge la totalit\u00e9 des travaux, de l&rsquo;\u00e9tude aux finitions, nous intervenons chez vous \u00e0 Romanel-sur-Lausanne et dans les villes aux environs. Quels sont les services d&rsquo;Artisanlocal ? Peinture int\u00e9rieure : sur les murs, les plafonds, les moulures, les portes, et dans des [&hellip;]\" \/>\n<meta property=\"og:url\" content=\"https:\/\/www.artisanlocal.ch\/c\/trouver-le-meilleur-peintre-a-romanel-sur-lausanne\/\" \/>\n<meta property=\"og:site_name\" content=\"Artisanlocal\" \/>\n<meta property=\"article:modified_time\" content=\"2025-09-17T17:17:28+00:00\" \/>\n<meta property=\"og:image\" content=\"https:\/\/www.artisanlocal.ch\/c\/wp-content\/uploads\/2024\/10\/peintre.jpg\" \/>\n\t<meta property=\"og:image:width\" content=\"1920\" \/>\n\t<meta property=\"og:image:height\" content=\"300\" \/>\n\t<meta property=\"og:image:type\" content=\"image\/jpeg\" \/>\n<meta name=\"twitter:card\" content=\"summary_large_image\" \/>\n<meta name=\"twitter:label1\" content=\"Dur\u00e9e de lecture estim\u00e9e\" \/>\n\t<meta name=\"twitter:data1\" content=\"4 minutes\" \/>\n<script type=\"application\/ld+json\" class=\"yoast-schema-graph\">{\"@context\":\"https:\\\/\\\/schema.org\",\"@graph\":[{\"@type\":\"WebPage\",\"@id\":\"https:\\\/\\\/www.artisanlocal.ch\\\/c\\\/trouver-le-meilleur-peintre-a-romanel-sur-lausanne\\\/\",\"url\":\"https:\\\/\\\/www.artisanlocal.ch\\\/c\\\/trouver-le-meilleur-peintre-a-romanel-sur-lausanne\\\/\",\"name\":\"Peintre \u00e0 Romanel-sur-Lausanne - Artisanlocal\",\"isPartOf\":{\"@id\":\"https:\\\/\\\/www.artisanlocal.ch\\\/c\\\/#website\"},\"primaryImageOfPage\":{\"@id\":\"https:\\\/\\\/www.artisanlocal.ch\\\/c\\\/trouver-le-meilleur-peintre-a-romanel-sur-lausanne\\\/#primaryimage\"},\"image\":{\"@id\":\"https:\\\/\\\/www.artisanlocal.ch\\\/c\\\/trouver-le-meilleur-peintre-a-romanel-sur-lausanne\\\/#primaryimage\"},\"thumbnailUrl\":\"https:\\\/\\\/www.artisanlocal.ch\\\/c\\\/wp-content\\\/uploads\\\/2024\\\/10\\\/peintre.jpg\",\"datePublished\":\"2024-04-15T12:28:34+00:00\",\"dateModified\":\"2025-09-17T17:17:28+00:00\",\"breadcrumb\":{\"@id\":\"https:\\\/\\\/www.artisanlocal.ch\\\/c\\\/trouver-le-meilleur-peintre-a-romanel-sur-lausanne\\\/#breadcrumb\"},\"inLanguage\":\"fr-FR\",\"potentialAction\":[{\"@type\":\"ReadAction\",\"target\":[\"https:\\\/\\\/www.artisanlocal.ch\\\/c\\\/trouver-le-meilleur-peintre-a-romanel-sur-lausanne\\\/\"]}]},{\"@type\":\"ImageObject\",\"inLanguage\":\"fr-FR\",\"@id\":\"https:\\\/\\\/www.artisanlocal.ch\\\/c\\\/trouver-le-meilleur-peintre-a-romanel-sur-lausanne\\\/#primaryimage\",\"url\":\"https:\\\/\\\/www.artisanlocal.ch\\\/c\\\/wp-content\\\/uploads\\\/2024\\\/10\\\/peintre.jpg\",\"contentUrl\":\"https:\\\/\\\/www.artisanlocal.ch\\\/c\\\/wp-content\\\/uploads\\\/2024\\\/10\\\/peintre.jpg\",\"width\":1920,\"height\":300},{\"@type\":\"BreadcrumbList\",\"@id\":\"https:\\\/\\\/www.artisanlocal.ch\\\/c\\\/trouver-le-meilleur-peintre-a-romanel-sur-lausanne\\\/#breadcrumb\",\"itemListElement\":[{\"@type\":\"ListItem\",\"position\":1,\"name\":\"Accueil\",\"item\":\"https:\\\/\\\/www.artisanlocal.ch\\\/c\\\/\"},{\"@type\":\"ListItem\",\"position\":2,\"name\":\"Peintre \u00e0 Romanel-sur-Lausanne\"}]},{\"@type\":\"WebSite\",\"@id\":\"https:\\\/\\\/www.artisanlocal.ch\\\/c\\\/#website\",\"url\":\"https:\\\/\\\/www.artisanlocal.ch\\\/c\\\/\",\"name\":\"Artisanlocal\",\"description\":\"\",\"publisher\":{\"@id\":\"https:\\\/\\\/www.artisanlocal.ch\\\/c\\\/#organization\"},\"potentialAction\":[{\"@type\":\"SearchAction\",\"target\":{\"@type\":\"EntryPoint\",\"urlTemplate\":\"https:\\\/\\\/www.artisanlocal.ch\\\/c\\\/?s={search_term_string}\"},\"query-input\":{\"@type\":\"PropertyValueSpecification\",\"valueRequired\":true,\"valueName\":\"search_term_string\"}}],\"inLanguage\":\"fr-FR\"},{\"@type\":\"Organization\",\"@id\":\"https:\\\/\\\/www.artisanlocal.ch\\\/c\\\/#organization\",\"name\":\"Artisanlocal\",\"url\":\"https:\\\/\\\/www.artisanlocal.ch\\\/c\\\/\",\"logo\":{\"@type\":\"ImageObject\",\"inLanguage\":\"fr-FR\",\"@id\":\"https:\\\/\\\/www.artisanlocal.ch\\\/c\\\/#\\\/schema\\\/logo\\\/image\\\/\",\"url\":\"https:\\\/\\\/www.artisanlocal.ch\\\/c\\\/wp-content\\\/uploads\\\/2024\\\/02\\\/logo-artisanlocal-h.svg\",\"contentUrl\":\"https:\\\/\\\/www.artisanlocal.ch\\\/c\\\/wp-content\\\/uploads\\\/2024\\\/02\\\/logo-artisanlocal-h.svg\",\"caption\":\"Artisanlocal\"},\"image\":{\"@id\":\"https:\\\/\\\/www.artisanlocal.ch\\\/c\\\/#\\\/schema\\\/logo\\\/image\\\/\"}}]}<\/script>\n<!-- \/ Yoast SEO Premium plugin. -->","yoast_head_json":{"title":"Peintre \u00e0 Romanel-sur-Lausanne - Artisanlocal","robots":{"index":"index","follow":"follow","max-snippet":"max-snippet:-1","max-image-preview":"max-image-preview:large","max-video-preview":"max-video-preview:-1"},"canonical":"https:\/\/www.artisanlocal.ch\/c\/trouver-le-meilleur-peintre-a-romanel-sur-lausanne\/","og_locale":"fr_FR","og_type":"article","og_title":"Peintre \u00e0 Romanel-sur-Lausanne","og_description":"Besoin d&rsquo;un peintre \u00e0 Romanel-sur-Lausanne ? Faites appel \u00e0 Artisanlocal, nous prenons en charge la totalit\u00e9 des travaux, de l&rsquo;\u00e9tude aux finitions, nous intervenons chez vous \u00e0 Romanel-sur-Lausanne et dans les villes aux environs. Quels sont les services d&rsquo;Artisanlocal ? Peinture int\u00e9rieure : sur les murs, les plafonds, les moulures, les portes, et dans des [&hellip;]","og_url":"https:\/\/www.artisanlocal.ch\/c\/trouver-le-meilleur-peintre-a-romanel-sur-lausanne\/","og_site_name":"Artisanlocal","article_modified_time":"2025-09-17T17:17:28+00:00","og_image":[{"width":1920,"height":300,"url":"https:\/\/www.artisanlocal.ch\/c\/wp-content\/uploads\/2024\/10\/peintre.jpg","type":"image\/jpeg"}],"twitter_card":"summary_large_image","twitter_misc":{"Dur\u00e9e de lecture estim\u00e9e":"4 minutes"},"schema":{"@context":"https:\/\/schema.org","@graph":[{"@type":"WebPage","@id":"https:\/\/www.artisanlocal.ch\/c\/trouver-le-meilleur-peintre-a-romanel-sur-lausanne\/","url":"https:\/\/www.artisanlocal.ch\/c\/trouver-le-meilleur-peintre-a-romanel-sur-lausanne\/","name":"Peintre \u00e0 Romanel-sur-Lausanne - Artisanlocal","isPartOf":{"@id":"https:\/\/www.artisanlocal.ch\/c\/#website"},"primaryImageOfPage":{"@id":"https:\/\/www.artisanlocal.ch\/c\/trouver-le-meilleur-peintre-a-romanel-sur-lausanne\/#primaryimage"},"image":{"@id":"https:\/\/www.artisanlocal.ch\/c\/trouver-le-meilleur-peintre-a-romanel-sur-lausanne\/#primaryimage"},"thumbnailUrl":"https:\/\/www.artisanlocal.ch\/c\/wp-content\/uploads\/2024\/10\/peintre.jpg","datePublished":"2024-04-15T12:28:34+00:00","dateModified":"2025-09-17T17:17:28+00:00","breadcrumb":{"@id":"https:\/\/www.artisanlocal.ch\/c\/trouver-le-meilleur-peintre-a-romanel-sur-lausanne\/#breadcrumb"},"inLanguage":"fr-FR","potentialAction":[{"@type":"ReadAction","target":["https:\/\/www.artisanlocal.ch\/c\/trouver-le-meilleur-peintre-a-romanel-sur-lausanne\/"]}]},{"@type":"ImageObject","inLanguage":"fr-FR","@id":"https:\/\/www.artisanlocal.ch\/c\/trouver-le-meilleur-peintre-a-romanel-sur-lausanne\/#primaryimage","url":"https:\/\/www.artisanlocal.ch\/c\/wp-content\/uploads\/2024\/10\/peintre.jpg","contentUrl":"https:\/\/www.artisanlocal.ch\/c\/wp-content\/uploads\/2024\/10\/peintre.jpg","width":1920,"height":300},{"@type":"BreadcrumbList","@id":"https:\/\/www.artisanlocal.ch\/c\/trouver-le-meilleur-peintre-a-romanel-sur-lausanne\/#breadcrumb","itemListElement":[{"@type":"ListItem","position":1,"name":"Accueil","item":"https:\/\/www.artisanlocal.ch\/c\/"},{"@type":"ListItem","position":2,"name":"Peintre \u00e0 Romanel-sur-Lausanne"}]},{"@type":"WebSite","@id":"https:\/\/www.artisanlocal.ch\/c\/#website","url":"https:\/\/www.artisanlocal.ch\/c\/","name":"Artisanlocal","description":"","publisher":{"@id":"https:\/\/www.artisanlocal.ch\/c\/#organization"},"potentialAction":[{"@type":"SearchAction","target":{"@type":"EntryPoint","urlTemplate":"https:\/\/www.artisanlocal.ch\/c\/?s={search_term_string}"},"query-input":{"@type":"PropertyValueSpecification","valueRequired":true,"valueName":"search_term_string"}}],"inLanguage":"fr-FR"},{"@type":"Organization","@id":"https:\/\/www.artisanlocal.ch\/c\/#organization","name":"Artisanlocal","url":"https:\/\/www.artisanlocal.ch\/c\/","logo":{"@type":"ImageObject","inLanguage":"fr-FR","@id":"https:\/\/www.artisanlocal.ch\/c\/#\/schema\/logo\/image\/","url":"https:\/\/www.artisanlocal.ch\/c\/wp-content\/uploads\/2024\/02\/logo-artisanlocal-h.svg","contentUrl":"https:\/\/www.artisanlocal.ch\/c\/wp-content\/uploads\/2024\/02\/logo-artisanlocal-h.svg","caption":"Artisanlocal"},"image":{"@id":"https:\/\/www.artisanlocal.ch\/c\/#\/schema\/logo\/image\/"}}]}},"_links":{"self":[{"href":"https:\/\/www.artisanlocal.ch\/c\/wp-json\/wp\/v2\/pages\/761","targetHints":{"allow":["GET"]}}],"collection":[{"href":"https:\/\/www.artisanlocal.ch\/c\/wp-json\/wp\/v2\/pages"}],"about":[{"href":"https:\/\/www.artisanlocal.ch\/c\/wp-json\/wp\/v2\/types\/page"}],"author":[{"embeddable":true,"href":"https:\/\/www.artisanlocal.ch\/c\/wp-json\/wp\/v2\/users\/4"}],"replies":[{"embeddable":true,"href":"https:\/\/www.artisanlocal.ch\/c\/wp-json\/wp\/v2\/comments?post=761"}],"version-history":[{"count":0,"href":"https:\/\/www.artisanlocal.ch\/c\/wp-json\/wp\/v2\/pages\/761\/revisions"}],"wp:featuredmedia":[{"embeddable":true,"href":"https:\/\/www.artisanlocal.ch\/c\/wp-json\/wp\/v2\/media\/2756"}],"wp:attachment":[{"href":"https:\/\/www.artisanlocal.ch\/c\/wp-json\/wp\/v2\/media?parent=761"}],"wp:term":[{"taxonomy":"profession","embeddable":true,"href":"https:\/\/www.artisanlocal.ch\/c\/wp-json\/wp\/v2\/profession?post=761"},{"taxonomy":"location","embeddable":true,"href":"https:\/\/www.artisanlocal.ch\/c\/wp-json\/wp\/v2\/location?post=761"},{"taxonomy":"canton","embeddable":true,"href":"https:\/\/www.artisanlocal.ch\/c\/wp-json\/wp\/v2\/canton?post=761"}],"curies":[{"name":"wp","href":"https:\/\/api.w.org\/{rel}","templated":true}]}}