{"id":762,"date":"2024-04-16T22:13:51","date_gmt":"2024-04-16T20:13:51","guid":{"rendered":"https:\/\/www.artisanlocal.ch\/c\/entreprise-de-peintre-a-lutry\/"},"modified":"2025-11-27T13:14:39","modified_gmt":"2025-11-27T12:14:39","slug":"entreprise-de-peintre-a-lutry","status":"publish","type":"page","link":"https:\/\/www.artisanlocal.ch\/c\/entreprise-de-peintre-a-lutry\/","title":{"rendered":"Peintre \u00e0 Lutry"},"content":{"rendered":"<p>Besoin d&rsquo;un peintre \u00e0 Lutry ? Artisanlocal intervient pour tous vos travaux de peinture int\u00e9rieure et ext\u00e9rieure \u00e0 Lutry et dans les villes proches.<\/p>\n\r\n<div class=\"box\">\r\n            <div class=\"company-info\">\r\n            <img decoding=\"async\" class=\"company-info__logo\" src=\"https:\/\/www.artisanlocal.ch\/media\/cache\/thumb\/images\/companies\/67e1b2efb4d80686890645.png\" alt=\"Logo\">\r\n            <h2 class=\"company-info__name\">Devaux Peinture<\/h2>\r\n            <p class=\"company-info__business\">Entreprise de peinture<\/p>\r\n        <\/div>\r\n        <div class=\"company-contact\">\r\n            <p class=\"company-info__address\">Rte de Montheron 59<\/p>\r\n                            <div class=\"links\">\r\n                                            <a class=\"btn has-accent-background-color js-phoneNumber\" href=\"tel:0779731441\" title=\"Appelez\" data-id=\"25386\" data-type=\"11\">077 973 14 41<\/a>\r\n                                                                <a class=\"btn has-accent-background-color\" href=\"https:\/\/devauxpeinture.ch\/\" target=\"_blank\" title=\"Voir le site internet\" data-id=\"25386\" data-type=\"20\">Site internet<\/a>\r\n                                    <\/div>\r\n                    <\/div>\r\n    \r\n            \r\n<form action=\"https:\/\/www.artisanlocal.ch\/c\/wp-admin\/admin-ajax.php\" method=\"post\" class=\"form-contact\" id=\"artisan_form_contact_company_inline\">\r\n    <div><input type=\"hidden\" name=\"action\" value=\"company_contact\"><\/div>\r\n    <div><input type=\"hidden\" name=\"nonce\" value=\"67a23a8c67\"><\/div>\r\n    <div><input type=\"hidden\" name=\"company_id\" value=\"25386\"><\/div>\r\n    <div><input type=\"hidden\" name=\"form_id\" value=\"artisan_form_contact_company_inline\"><\/div>\r\n    <div class=\"gglcptch gglcptch_v3 gglcptch_custom\"><input type=\"hidden\" id=\"g-recaptcha-response\" name=\"g-recaptcha-response\" \/><br \/><div class=\"gglcptch_error_text\">La p\u00e9riode de v\u00e9rification reCAPTCHA a expir\u00e9. Veuillez recharger la page.<\/div><\/div>    <div class=\"form-content\">\r\n        <div class=\"form-group\">\r\n            <label for=\"contact_firstName\" class=\"required\">Pr\u00e9nom<\/label>\r\n            <input type=\"text\" name=\"firstName\" class=\"form-control\" required>\r\n        <\/div>\r\n        <div class=\"form-group\">\r\n            <label for=\"contact_lastName\" class=\"required\">Nom<\/label>\r\n            <input type=\"text\" name=\"lastName\" class=\"form-control\" required>\r\n        <\/div>\r\n        <div class=\"form-group\">\r\n            <label for=\"contact_email\" class=\"required\">Email<\/label>\r\n            <input type=\"email\" name=\"email\" class=\"form-control\" required>\r\n        <\/div>\r\n        <div class=\"form-group\">\r\n            <label for=\"contact_phone\" class=\"required\">Num\u00e9ro de t\u00e9l\u00e9phone<\/label>\r\n            <input type=\"tel\" name=\"phone\" class=\"form-control\" placeholder=\"0787117165\" pattern=\"^[0-9]{10}$\" required>\r\n        <\/div>\r\n        <div class=\"form-group\">\r\n            <label for=\"contact_postalCode\" class=\"required\">Code postal et localit\u00e9<\/label>\r\n            <input type=\"text\" name=\"postalCode\" class=\"form-control\" required>\r\n        <\/div>\r\n        <div class=\"form-group\">\r\n            <label for=\"contact_address\" class=\"required\">Adresse<\/label>\r\n            <input type=\"text\" name=\"address\" class=\"form-control\" required>\r\n        <\/div>\r\n        <div class=\"full-width topic\">\r\n            <p class=\"required\">Je souhaite \u00eatre contact\u00e9 pour :<\/p>\r\n            <div class=\"form-check\">\r\n                <input type=\"radio\" name=\"topic\" value=\"D\u00e9pannage\" class=\"form-control\" required>\r\n                <label for=\"d\u00e9pannage\">D\u00e9pannage<\/label>\r\n            <\/div>\r\n            <div class=\"form-check\">\r\n                <input type=\"radio\" name=\"topic\" value=\"Entretien\" class=\"form-control\" required>\r\n                <label for=\"entretien\">Entretien<\/label>\r\n            <\/div>\r\n            <div class=\"form-check\">\r\n                <input type=\"radio\" name=\"topic\" value=\"R\u00e9novation\" class=\"form-control\" required>\r\n                <label for=\"r\u00e9novation\">R\u00e9novation<\/label>\r\n            <\/div>\r\n            <div class=\"form-check\">\r\n                <input type=\"radio\" name=\"topic\" value=\"Autre\" class=\"form-control\" required>\r\n                <label for=\"autre\">Autre<\/label>\r\n            <\/div>\r\n        <\/div>\r\n        <div class=\"form-group full-width\">\r\n            <label for=\"contact_message\">Message<\/label>\r\n            <textarea name=\"message\" rows=\"3\" class=\"form-control\"><\/textarea>\r\n        <\/div>\r\n    <\/div>\r\n    <div class=\"form-actions\">\r\n        <button class=\"wp-block-button__link has-accent-background-color\">Contacter<\/button>\r\n    <\/div>\r\n<\/form>\r\n<div class=\"form-feedback\"><\/div>    <\/div>\n<h2>Quels sont les services que votre soci\u00e9t\u00e9 propose ?<\/h2>\n<ul>\n<li>Peinture int\u00e9rieure : murs, plafonds, moulures, portes d&rsquo;entr\u00e9es, salles de bain, chambres et salons.<\/li>\n<li>Peinture ext\u00e9rieure : portes de garage, terrasses, briques, bardages et cl\u00f4tures.<\/li>\n<li>Peinture d\u00e9corative : faux marbre, effet oxyd\u00e9, patines, faux bois et effet vieilli.<\/li>\n<li>Peinture de votre cuisine : peinture satin\u00e9e et finition.<\/li>\n<li>Enduits d\u00e9coratifs : b\u00e9ton cir\u00e9 ou tadelakt.<\/li>\n<li>Peinture d\u00e9corative artistique : fresques murales artistiques, d\u00e9coratives, ext\u00e9rieures ou int\u00e9rieures.<\/li>\n<li>Peinture ravalement de fa\u00e7ade : cr\u00e9pi, bardage, pose d&rsquo;enduit ou peinture.<\/li>\n<li>Peinture cordiste : zones en hauteurs, ponts, \u00e9oliennes, tours, ou usines.<\/li>\n<li>Peinture de finition : mobilier de cuisine ou dans salle de bain.<\/li>\n<li>R\u00e9paration et mise en place : des fissures, comblement des trous, ou encore pose de cloisons s\u00e8ches.<\/li>\n<li>Les travaux d&rsquo;enl\u00e8vement et d&rsquo;installation de tapisserie.<\/li>\n<li>Peinture pour entreprise : restaurants, bureaux, complexes sportifs, \u00e9tablissements \u00e9ducatifs et autres locaux commerciaux.<\/li>\n<li>Peinture pour immeuble : pr\u00e9paration des zones avant la peinture, la r\u00e9alisation des travaux de finition et l\u2019application des peintures et rev\u00eatements.<\/li>\n<\/ul>\n<h2>Comment votre soci\u00e9t\u00e9 fonctionne ?<\/h2>\n<p>Chez Artisanlocal.ch, nous avons d\u00e9velopp\u00e9 un syst\u00e8me \u00e9tape par \u00e9tape afin de r\u00e9pondre aux attentes de nos clients.<\/p>\n<h3>\u00c9tape 1\u00a0 : prise de contact et devis<\/h3>\n<p>Prenez contact avec nous et recevez un devis gratuit dans les 24 &#8211; 48 heures.<\/p>\n<h3>\u00c9tape 2\u00a0 : examiner en d\u00e9tail votre devis<\/h3>\n<p>Soyez assur\u00e9 que le devis que vous obtenez d\u00e9termine bien le co\u00fbt de vos travaux. Si vous avez un doute, contactez-nous pour obtenir plus d&rsquo;informations sur les d\u00e9tails de votre devis.<\/p>\n<h3>\u00c9tape 3\u00a0 : organiser la date de d\u00e9but de votre projet<\/h3>\n<p>Apr\u00e8s la validation du devis, nous planifions ensemble le d\u00e9but de votre projet. Pour arriver \u00e0 vos objectifs, vous avez un chef de projet d\u00e9di\u00e9.<\/p>\n<h2>Quel est le prix d&rsquo;un service de peinture \u00e0 Lutry ?<\/h2>\n<p>Le prix des travaux de peinture repose sur l&rsquo;\u00e9tat des zones \u00e0 peindre. En moyenne, les montants sont compris entre 60 et 70 CHF par heure. Environ 80% \u00e0 90% du co\u00fbt sont attribu\u00e9s \u00e0 la main-d&rsquo;\u0153uvre, alors que la peinture ne repr\u00e9sente que 10% \u00e0 20% du budget.<\/p>\n<h2>Pourquoi choisir nos peintres \u00e0 Lutry ?<\/h2>\n<ul>\n<li>Nos peintres sont disponibles en continu \u00e0 Lutry afin de r\u00e9pondre d\u00e8s que possible \u00e0 vos besoins.<\/li>\n<li>En choisissant notre entreprise, vous avez la garantie de b\u00e9n\u00e9ficier de prestations de qualit\u00e9, r\u00e9alis\u00e9es avec soin et professionnalisme.<\/li>\n<li>Nous prenons en compte les caract\u00e9ristiques de votre projet pour vous proposer des solutions personnalis\u00e9es.<\/li>\n<\/ul>\n<h2>Questions fr\u00e9quentes<\/h2>\n<h3>Quel type de peinture utilisez-vous ?<\/h3>\n<p>Nous utilisons uniquement des peintures premium. Cependant, nous pouvons utiliser la peinture que vous avez d\u00e9j\u00e0 achet\u00e9e.<\/p>\n<h3>Votre \u00e9quipe est-elle disponible le week-end ?<\/h3>\n<p>Oui, nous sommes joignables le samedi et le dimanche \u00e0 Lutry et dans les villes proches.<\/p>\n<h3>Assurez-vous la protection des meubles ?<\/h3>\n<p>Oui, nous apportons les protections n\u00e9cessaires pour prot\u00e9ger votre mobilier et votre \u00e9lectrom\u00e9nager durant nos travaux.<\/p>\n<h3>Que va-t-il arriver si je ne suis pas satisfait du travail r\u00e9alis\u00e9 ?<\/h3>\n<p>Si vous n&rsquo;\u00eates pas totalement satisfait de notre travail, nous reviendrons pour corriger la situation tant que vous ne serez pas satisfait.<\/p>\n<h3>Vos devis sont gratuits ?<\/h3>\n<p>Oui, nos devis sont 100% gratuits et sans frais cach\u00e9s. Nos peintres peuvent se d\u00e9placer chez vous pour r\u00e9pondre \u00e0 vos questions et valider avec vous le devis.<\/p>\n<h3>Artisanlocal intervient \u00e0 Lutry et dans les villes proches ?<\/h3>\n<p>Oui, Artisalocal intervient \u00e0 Lutry, et aussi dans les villes proches, telles que :<\/p>\nPully, Les Monts-de-Pully, La Croix (Lutry), Belmont-sur-Lausanne, La Conversion, Paudex.\n","protected":false},"excerpt":{"rendered":"<p>Besoin d&rsquo;un peintre \u00e0 Lutry ? Artisanlocal intervient pour tous vos travaux de peinture int\u00e9rieure et ext\u00e9rieure \u00e0 Lutry et dans les villes proches. Quels sont les services que votre soci\u00e9t\u00e9 propose ? Peinture int\u00e9rieure : murs, plafonds, moulures, portes d&rsquo;entr\u00e9es, salles de bain, chambres et salons. Peinture ext\u00e9rieure : portes de garage, terrasses, briques, [&hellip;]<\/p>\n","protected":false},"author":4,"featured_media":2756,"parent":0,"menu_order":0,"comment_status":"closed","ping_status":"closed","template":"","meta":{"footnotes":""},"profession":[121],"location":[55],"canton":[113],"class_list":["post-762","page","type-page","status-publish","has-post-thumbnail","hentry","profession-peintre","location-lutry","canton-vd"],"yoast_head":"<!-- This site is optimized with the Yoast SEO Premium plugin v25.7.1 (Yoast SEO v27.3) - https:\/\/yoast.com\/product\/yoast-seo-premium-wordpress\/ -->\n<title>Peintre \u00e0 Lutry - Artisanlocal<\/title>\n<meta name=\"robots\" content=\"index, follow, max-snippet:-1, max-image-preview:large, max-video-preview:-1\" \/>\n<link rel=\"canonical\" href=\"https:\/\/www.artisanlocal.ch\/c\/entreprise-de-peintre-a-lutry\/\" \/>\n<meta property=\"og:locale\" content=\"fr_FR\" \/>\n<meta property=\"og:type\" content=\"article\" \/>\n<meta property=\"og:title\" content=\"Peintre \u00e0 Lutry\" \/>\n<meta property=\"og:description\" content=\"Besoin d&rsquo;un peintre \u00e0 Lutry ? Artisanlocal intervient pour tous vos travaux de peinture int\u00e9rieure et ext\u00e9rieure \u00e0 Lutry et dans les villes proches. Quels sont les services que votre soci\u00e9t\u00e9 propose ? Peinture int\u00e9rieure : murs, plafonds, moulures, portes d&rsquo;entr\u00e9es, salles de bain, chambres et salons. Peinture ext\u00e9rieure : portes de garage, terrasses, briques, [&hellip;]\" \/>\n<meta property=\"og:url\" content=\"https:\/\/www.artisanlocal.ch\/c\/entreprise-de-peintre-a-lutry\/\" \/>\n<meta property=\"og:site_name\" content=\"Artisanlocal\" \/>\n<meta property=\"article:modified_time\" content=\"2025-11-27T12:14:39+00:00\" \/>\n<meta property=\"og:image\" content=\"https:\/\/www.artisanlocal.ch\/c\/wp-content\/uploads\/2024\/10\/peintre.jpg\" \/>\n\t<meta property=\"og:image:width\" content=\"1920\" \/>\n\t<meta property=\"og:image:height\" content=\"300\" \/>\n\t<meta property=\"og:image:type\" content=\"image\/jpeg\" \/>\n<meta name=\"twitter:card\" content=\"summary_large_image\" \/>\n<meta name=\"twitter:label1\" content=\"Dur\u00e9e de lecture estim\u00e9e\" \/>\n\t<meta name=\"twitter:data1\" content=\"4 minutes\" \/>\n<script type=\"application\/ld+json\" class=\"yoast-schema-graph\">{\"@context\":\"https:\\\/\\\/schema.org\",\"@graph\":[{\"@type\":\"WebPage\",\"@id\":\"https:\\\/\\\/www.artisanlocal.ch\\\/c\\\/entreprise-de-peintre-a-lutry\\\/\",\"url\":\"https:\\\/\\\/www.artisanlocal.ch\\\/c\\\/entreprise-de-peintre-a-lutry\\\/\",\"name\":\"Peintre \u00e0 Lutry - Artisanlocal\",\"isPartOf\":{\"@id\":\"https:\\\/\\\/www.artisanlocal.ch\\\/c\\\/#website\"},\"primaryImageOfPage\":{\"@id\":\"https:\\\/\\\/www.artisanlocal.ch\\\/c\\\/entreprise-de-peintre-a-lutry\\\/#primaryimage\"},\"image\":{\"@id\":\"https:\\\/\\\/www.artisanlocal.ch\\\/c\\\/entreprise-de-peintre-a-lutry\\\/#primaryimage\"},\"thumbnailUrl\":\"https:\\\/\\\/www.artisanlocal.ch\\\/c\\\/wp-content\\\/uploads\\\/2024\\\/10\\\/peintre.jpg\",\"datePublished\":\"2024-04-16T20:13:51+00:00\",\"dateModified\":\"2025-11-27T12:14:39+00:00\",\"breadcrumb\":{\"@id\":\"https:\\\/\\\/www.artisanlocal.ch\\\/c\\\/entreprise-de-peintre-a-lutry\\\/#breadcrumb\"},\"inLanguage\":\"fr-FR\",\"potentialAction\":[{\"@type\":\"ReadAction\",\"target\":[\"https:\\\/\\\/www.artisanlocal.ch\\\/c\\\/entreprise-de-peintre-a-lutry\\\/\"]}]},{\"@type\":\"ImageObject\",\"inLanguage\":\"fr-FR\",\"@id\":\"https:\\\/\\\/www.artisanlocal.ch\\\/c\\\/entreprise-de-peintre-a-lutry\\\/#primaryimage\",\"url\":\"https:\\\/\\\/www.artisanlocal.ch\\\/c\\\/wp-content\\\/uploads\\\/2024\\\/10\\\/peintre.jpg\",\"contentUrl\":\"https:\\\/\\\/www.artisanlocal.ch\\\/c\\\/wp-content\\\/uploads\\\/2024\\\/10\\\/peintre.jpg\",\"width\":1920,\"height\":300},{\"@type\":\"BreadcrumbList\",\"@id\":\"https:\\\/\\\/www.artisanlocal.ch\\\/c\\\/entreprise-de-peintre-a-lutry\\\/#breadcrumb\",\"itemListElement\":[{\"@type\":\"ListItem\",\"position\":1,\"name\":\"Accueil\",\"item\":\"https:\\\/\\\/www.artisanlocal.ch\\\/c\\\/\"},{\"@type\":\"ListItem\",\"position\":2,\"name\":\"Peintre \u00e0 Lutry\"}]},{\"@type\":\"WebSite\",\"@id\":\"https:\\\/\\\/www.artisanlocal.ch\\\/c\\\/#website\",\"url\":\"https:\\\/\\\/www.artisanlocal.ch\\\/c\\\/\",\"name\":\"Artisanlocal\",\"description\":\"\",\"publisher\":{\"@id\":\"https:\\\/\\\/www.artisanlocal.ch\\\/c\\\/#organization\"},\"potentialAction\":[{\"@type\":\"SearchAction\",\"target\":{\"@type\":\"EntryPoint\",\"urlTemplate\":\"https:\\\/\\\/www.artisanlocal.ch\\\/c\\\/?s={search_term_string}\"},\"query-input\":{\"@type\":\"PropertyValueSpecification\",\"valueRequired\":true,\"valueName\":\"search_term_string\"}}],\"inLanguage\":\"fr-FR\"},{\"@type\":\"Organization\",\"@id\":\"https:\\\/\\\/www.artisanlocal.ch\\\/c\\\/#organization\",\"name\":\"Artisanlocal\",\"url\":\"https:\\\/\\\/www.artisanlocal.ch\\\/c\\\/\",\"logo\":{\"@type\":\"ImageObject\",\"inLanguage\":\"fr-FR\",\"@id\":\"https:\\\/\\\/www.artisanlocal.ch\\\/c\\\/#\\\/schema\\\/logo\\\/image\\\/\",\"url\":\"https:\\\/\\\/www.artisanlocal.ch\\\/c\\\/wp-content\\\/uploads\\\/2024\\\/02\\\/logo-artisanlocal-h.svg\",\"contentUrl\":\"https:\\\/\\\/www.artisanlocal.ch\\\/c\\\/wp-content\\\/uploads\\\/2024\\\/02\\\/logo-artisanlocal-h.svg\",\"caption\":\"Artisanlocal\"},\"image\":{\"@id\":\"https:\\\/\\\/www.artisanlocal.ch\\\/c\\\/#\\\/schema\\\/logo\\\/image\\\/\"}}]}<\/script>\n<!-- \/ Yoast SEO Premium plugin. -->","yoast_head_json":{"title":"Peintre \u00e0 Lutry - Artisanlocal","robots":{"index":"index","follow":"follow","max-snippet":"max-snippet:-1","max-image-preview":"max-image-preview:large","max-video-preview":"max-video-preview:-1"},"canonical":"https:\/\/www.artisanlocal.ch\/c\/entreprise-de-peintre-a-lutry\/","og_locale":"fr_FR","og_type":"article","og_title":"Peintre \u00e0 Lutry","og_description":"Besoin d&rsquo;un peintre \u00e0 Lutry ? Artisanlocal intervient pour tous vos travaux de peinture int\u00e9rieure et ext\u00e9rieure \u00e0 Lutry et dans les villes proches. Quels sont les services que votre soci\u00e9t\u00e9 propose ? Peinture int\u00e9rieure : murs, plafonds, moulures, portes d&rsquo;entr\u00e9es, salles de bain, chambres et salons. Peinture ext\u00e9rieure : portes de garage, terrasses, briques, [&hellip;]","og_url":"https:\/\/www.artisanlocal.ch\/c\/entreprise-de-peintre-a-lutry\/","og_site_name":"Artisanlocal","article_modified_time":"2025-11-27T12:14:39+00:00","og_image":[{"width":1920,"height":300,"url":"https:\/\/www.artisanlocal.ch\/c\/wp-content\/uploads\/2024\/10\/peintre.jpg","type":"image\/jpeg"}],"twitter_card":"summary_large_image","twitter_misc":{"Dur\u00e9e de lecture estim\u00e9e":"4 minutes"},"schema":{"@context":"https:\/\/schema.org","@graph":[{"@type":"WebPage","@id":"https:\/\/www.artisanlocal.ch\/c\/entreprise-de-peintre-a-lutry\/","url":"https:\/\/www.artisanlocal.ch\/c\/entreprise-de-peintre-a-lutry\/","name":"Peintre \u00e0 Lutry - Artisanlocal","isPartOf":{"@id":"https:\/\/www.artisanlocal.ch\/c\/#website"},"primaryImageOfPage":{"@id":"https:\/\/www.artisanlocal.ch\/c\/entreprise-de-peintre-a-lutry\/#primaryimage"},"image":{"@id":"https:\/\/www.artisanlocal.ch\/c\/entreprise-de-peintre-a-lutry\/#primaryimage"},"thumbnailUrl":"https:\/\/www.artisanlocal.ch\/c\/wp-content\/uploads\/2024\/10\/peintre.jpg","datePublished":"2024-04-16T20:13:51+00:00","dateModified":"2025-11-27T12:14:39+00:00","breadcrumb":{"@id":"https:\/\/www.artisanlocal.ch\/c\/entreprise-de-peintre-a-lutry\/#breadcrumb"},"inLanguage":"fr-FR","potentialAction":[{"@type":"ReadAction","target":["https:\/\/www.artisanlocal.ch\/c\/entreprise-de-peintre-a-lutry\/"]}]},{"@type":"ImageObject","inLanguage":"fr-FR","@id":"https:\/\/www.artisanlocal.ch\/c\/entreprise-de-peintre-a-lutry\/#primaryimage","url":"https:\/\/www.artisanlocal.ch\/c\/wp-content\/uploads\/2024\/10\/peintre.jpg","contentUrl":"https:\/\/www.artisanlocal.ch\/c\/wp-content\/uploads\/2024\/10\/peintre.jpg","width":1920,"height":300},{"@type":"BreadcrumbList","@id":"https:\/\/www.artisanlocal.ch\/c\/entreprise-de-peintre-a-lutry\/#breadcrumb","itemListElement":[{"@type":"ListItem","position":1,"name":"Accueil","item":"https:\/\/www.artisanlocal.ch\/c\/"},{"@type":"ListItem","position":2,"name":"Peintre \u00e0 Lutry"}]},{"@type":"WebSite","@id":"https:\/\/www.artisanlocal.ch\/c\/#website","url":"https:\/\/www.artisanlocal.ch\/c\/","name":"Artisanlocal","description":"","publisher":{"@id":"https:\/\/www.artisanlocal.ch\/c\/#organization"},"potentialAction":[{"@type":"SearchAction","target":{"@type":"EntryPoint","urlTemplate":"https:\/\/www.artisanlocal.ch\/c\/?s={search_term_string}"},"query-input":{"@type":"PropertyValueSpecification","valueRequired":true,"valueName":"search_term_string"}}],"inLanguage":"fr-FR"},{"@type":"Organization","@id":"https:\/\/www.artisanlocal.ch\/c\/#organization","name":"Artisanlocal","url":"https:\/\/www.artisanlocal.ch\/c\/","logo":{"@type":"ImageObject","inLanguage":"fr-FR","@id":"https:\/\/www.artisanlocal.ch\/c\/#\/schema\/logo\/image\/","url":"https:\/\/www.artisanlocal.ch\/c\/wp-content\/uploads\/2024\/02\/logo-artisanlocal-h.svg","contentUrl":"https:\/\/www.artisanlocal.ch\/c\/wp-content\/uploads\/2024\/02\/logo-artisanlocal-h.svg","caption":"Artisanlocal"},"image":{"@id":"https:\/\/www.artisanlocal.ch\/c\/#\/schema\/logo\/image\/"}}]}},"_links":{"self":[{"href":"https:\/\/www.artisanlocal.ch\/c\/wp-json\/wp\/v2\/pages\/762","targetHints":{"allow":["GET"]}}],"collection":[{"href":"https:\/\/www.artisanlocal.ch\/c\/wp-json\/wp\/v2\/pages"}],"about":[{"href":"https:\/\/www.artisanlocal.ch\/c\/wp-json\/wp\/v2\/types\/page"}],"author":[{"embeddable":true,"href":"https:\/\/www.artisanlocal.ch\/c\/wp-json\/wp\/v2\/users\/4"}],"replies":[{"embeddable":true,"href":"https:\/\/www.artisanlocal.ch\/c\/wp-json\/wp\/v2\/comments?post=762"}],"version-history":[{"count":0,"href":"https:\/\/www.artisanlocal.ch\/c\/wp-json\/wp\/v2\/pages\/762\/revisions"}],"wp:featuredmedia":[{"embeddable":true,"href":"https:\/\/www.artisanlocal.ch\/c\/wp-json\/wp\/v2\/media\/2756"}],"wp:attachment":[{"href":"https:\/\/www.artisanlocal.ch\/c\/wp-json\/wp\/v2\/media?parent=762"}],"wp:term":[{"taxonomy":"profession","embeddable":true,"href":"https:\/\/www.artisanlocal.ch\/c\/wp-json\/wp\/v2\/profession?post=762"},{"taxonomy":"location","embeddable":true,"href":"https:\/\/www.artisanlocal.ch\/c\/wp-json\/wp\/v2\/location?post=762"},{"taxonomy":"canton","embeddable":true,"href":"https:\/\/www.artisanlocal.ch\/c\/wp-json\/wp\/v2\/canton?post=762"}],"curies":[{"name":"wp","href":"https:\/\/api.w.org\/{rel}","templated":true}]}}