{"id":763,"date":"2024-04-16T11:16:07","date_gmt":"2024-04-16T09:16:07","guid":{"rendered":"https:\/\/www.artisanlocal.ch\/c\/engager-le-meilleur-peintre-a-crissier\/"},"modified":"2025-09-17T09:14:47","modified_gmt":"2025-09-17T07:14:47","slug":"engager-le-meilleur-peintre-a-crissier","status":"publish","type":"page","link":"https:\/\/www.artisanlocal.ch\/c\/engager-le-meilleur-peintre-a-crissier\/","title":{"rendered":"Peintre \u00e0 Crissier"},"content":{"rendered":"<p>Besoin d&rsquo;un peintre \u00e0 Crissier ? Artisanlocal r\u00e9nove la peinture de votre appartement, maison ou entreprise, si vous \u00eates un Crissirois, nous intervenons rapidement chez vous et aussi dans les villes \u00e0 proximit\u00e9.<\/p>\n\r\n<div class=\"box\">\r\n            <div class=\"company-info\">\r\n            <img decoding=\"async\" class=\"company-info__logo\" src=\"https:\/\/www.artisanlocal.ch\/media\/cache\/thumb\/images\/companies\/62611d5f9953b292173054.png\" alt=\"Logo\">\r\n            <h2 class=\"company-info__name\">Di Salvo St\u00e9phane<\/h2>\r\n            <p class=\"company-info__business\">Pl\u00e2trerie - Peinture - R\u00e9novation - Papiers peints - Fa\u00e7ades<\/p>\r\n        <\/div>\r\n        <div class=\"company-contact\">\r\n            <p class=\"company-info__address\">Chemin de Bourg-Dessus 9<\/p>\r\n                            <div class=\"links\">\r\n                                            <a class=\"btn has-accent-background-color js-phoneNumber\" href=\"tel:0794180161\" title=\"Appelez\" data-id=\"2907\" data-type=\"11\">079 418 01 61<\/a>\r\n                                                                <a class=\"btn has-accent-background-color\" href=\"https:\/\/www.disalvo-peinture-renens.ch\/\" target=\"_blank\" title=\"Voir le site internet\" data-id=\"2907\" data-type=\"20\">Site internet<\/a>\r\n                                    <\/div>\r\n                    <\/div>\r\n    \r\n            \r\n<form action=\"https:\/\/www.artisanlocal.ch\/c\/wp-admin\/admin-ajax.php\" method=\"post\" class=\"form-contact\" id=\"artisan_form_contact_company_inline\">\r\n    <div><input type=\"hidden\" name=\"action\" value=\"company_contact\"><\/div>\r\n    <div><input type=\"hidden\" name=\"nonce\" value=\"67a23a8c67\"><\/div>\r\n    <div><input type=\"hidden\" name=\"company_id\" value=\"2907\"><\/div>\r\n    <div><input type=\"hidden\" name=\"form_id\" value=\"artisan_form_contact_company_inline\"><\/div>\r\n    <div class=\"gglcptch gglcptch_v3 gglcptch_custom\"><input type=\"hidden\" id=\"g-recaptcha-response\" name=\"g-recaptcha-response\" \/><br \/><div class=\"gglcptch_error_text\">La p\u00e9riode de v\u00e9rification reCAPTCHA a expir\u00e9. Veuillez recharger la page.<\/div><\/div>    <div class=\"form-content\">\r\n        <div class=\"form-group\">\r\n            <label for=\"contact_firstName\" class=\"required\">Pr\u00e9nom<\/label>\r\n            <input type=\"text\" name=\"firstName\" class=\"form-control\" required>\r\n        <\/div>\r\n        <div class=\"form-group\">\r\n            <label for=\"contact_lastName\" class=\"required\">Nom<\/label>\r\n            <input type=\"text\" name=\"lastName\" class=\"form-control\" required>\r\n        <\/div>\r\n        <div class=\"form-group\">\r\n            <label for=\"contact_email\" class=\"required\">Email<\/label>\r\n            <input type=\"email\" name=\"email\" class=\"form-control\" required>\r\n        <\/div>\r\n        <div class=\"form-group\">\r\n            <label for=\"contact_phone\" class=\"required\">Num\u00e9ro de t\u00e9l\u00e9phone<\/label>\r\n            <input type=\"tel\" name=\"phone\" class=\"form-control\" placeholder=\"0787117165\" pattern=\"^[0-9]{10}$\" required>\r\n        <\/div>\r\n        <div class=\"form-group\">\r\n            <label for=\"contact_postalCode\" class=\"required\">Code postal et localit\u00e9<\/label>\r\n            <input type=\"text\" name=\"postalCode\" class=\"form-control\" required>\r\n        <\/div>\r\n        <div class=\"form-group\">\r\n            <label for=\"contact_address\" class=\"required\">Adresse<\/label>\r\n            <input type=\"text\" name=\"address\" class=\"form-control\" required>\r\n        <\/div>\r\n        <div class=\"full-width topic\">\r\n            <p class=\"required\">Je souhaite \u00eatre contact\u00e9 pour :<\/p>\r\n            <div class=\"form-check\">\r\n                <input type=\"radio\" name=\"topic\" value=\"D\u00e9pannage\" class=\"form-control\" required>\r\n                <label for=\"d\u00e9pannage\">D\u00e9pannage<\/label>\r\n            <\/div>\r\n            <div class=\"form-check\">\r\n                <input type=\"radio\" name=\"topic\" value=\"Entretien\" class=\"form-control\" required>\r\n                <label for=\"entretien\">Entretien<\/label>\r\n            <\/div>\r\n            <div class=\"form-check\">\r\n                <input type=\"radio\" name=\"topic\" value=\"R\u00e9novation\" class=\"form-control\" required>\r\n                <label for=\"r\u00e9novation\">R\u00e9novation<\/label>\r\n            <\/div>\r\n            <div class=\"form-check\">\r\n                <input type=\"radio\" name=\"topic\" value=\"Autre\" class=\"form-control\" required>\r\n                <label for=\"autre\">Autre<\/label>\r\n            <\/div>\r\n        <\/div>\r\n        <div class=\"form-group full-width\">\r\n            <label for=\"contact_message\">Message<\/label>\r\n            <textarea name=\"message\" rows=\"3\" class=\"form-control\"><\/textarea>\r\n        <\/div>\r\n    <\/div>\r\n    <div class=\"form-actions\">\r\n        <button class=\"wp-block-button__link has-accent-background-color\">Contacter<\/button>\r\n    <\/div>\r\n<\/form>\r\n<div class=\"form-feedback\"><\/div>    <\/div>\n<h2>Quels sont les services qu&rsquo;Artisanlocal ?<\/h2>\n<ul>\n<li>La peinture des espaces int\u00e9rieurs : sur vos plafonds, murs, moulures, portes, ou dans vos pi\u00e8ces, comme votre salle de bain, salon ou chambre.<\/li>\n<li>La peinture des zones ext\u00e9rieures : sur le bardage, le stuc, la brique, les terrasses, les cl\u00f4tures et les portes de votre parking.<\/li>\n<li>La peinture d\u00e9corative : cr\u00e9ation d\u2019effets, comme le faux marbre, patines, effet vieilli, faux bois, effet oxyd\u00e9.<\/li>\n<li>La peinture dans votre cuisine : finition satin\u00e9e qui est simple \u00e0 nettoyer.<\/li>\n<li>Les projets d&rsquo;enduits d\u00e9coratifs : pose d&rsquo;enduits comme le tadelakt ou le b\u00e9ton cir\u00e9.<\/li>\n<li>Artiste peintre : conception de peintures murales (d\u00e9corative, artistique, pour ext\u00e9rieur ou int\u00e9rieur).<\/li>\n<li>La peinture en ravalement de fa\u00e7ade : restauration des fa\u00e7ades de b\u00e2timents avec bardage, enduit, peinture ou cr\u00e9pi.<\/li>\n<li>La peinture cordiste : travaux de peinture sur des zones en hauteurs, et les lieux compliqu\u00e9s d\u2019acc\u00e8s, comme les ponts, \u00e9oliennes, tours, ou usines.<\/li>\n<li>La peinture de finition : application d\u2019une couche de finition dans votre salle de bain ou sur vos meubles pr\u00e9sents dans votre cuisine.<\/li>\n<li>Les services de r\u00e9novation et d&rsquo;installation : le comblement des br\u00e8ches dans vos murs, la mise en place de votre placo, ou le rebouchage des creux dans les murs.<\/li>\n<li>Retrait et installation de papier peint : remplacement et suppression de votre ancienne tapisserie.<\/li>\n<li>La peinture pour les commerces : pour les \u00e9tablissements scolaire, local commercial, b\u00e2timents d&rsquo;affaires, restaurants et complexes sportifs.<\/li>\n<li>La peinture pour b\u00e2timent : nos peintres interviennent aussi dans les b\u00e2timents, pour la pr\u00e9paration des murs et plafonds \u00e0 peindre, la r\u00e9alisation des finitions et la pose des peintures et rev\u00eatements.<\/li>\n<\/ul>\n<h2>Quel est le mode de fonctionnement de votre entreprise ?<\/h2>\n<p>Nous avons cr\u00e9\u00e9 un processus pour r\u00e9pondre avec pr\u00e9cision aux attentes de nos clients.<\/p>\n<h3>\u00c9tape 1\u00a0 : commander une estimation<\/h3>\n<p>Obtenez devis sans frais par t\u00e9l\u00e9phone ou en ligne et obtenez un devis de vos travaux en moins de 24 heures.<\/p>\n<h3>\u00c9tape 2\u00a0 : \u00e9tudier en d\u00e9tail votre devis<\/h3>\n<p>Soyez s\u00fbr que le devis que vous recevez d\u00e9finit bien le prix de votre projet. Si vous avez des questions, contactez-nous pour obtenir plus d&rsquo;informations sur les \u00e9l\u00e9ments de votre estimation.<\/p>\n<h3>\u00c9tape 3\u00a0 : organiser la date de d\u00e9but de votre projet<\/h3>\n<p>D\u00e8s que vous avez approuv\u00e9 l&rsquo;estimation, nous d\u00e9terminons ensemble la date de commencement de votre projet. Afin d&rsquo;assurer la bonne r\u00e9ussite de votre chantier, nous vous attribuons un chef de projet.<\/p>\n<h2>Que faut-il d\u00e9bourser pour des travaux de peinture \u00e0 Crissier ?<\/h2>\n<p>Le prix du service est impact\u00e9 par l&rsquo;\u00e9tat de vos murs et plafonds. En g\u00e9n\u00e9ral, les tarifs varient entre 60 et 70 francs suisses par heure. La main-d&rsquo;\u0153uvre constitue environ 80% \u00e0 90% du montant, tandis que le montant de la peinture ne compose que 10% \u00e0 20% du montant.<\/p>\n<h2>Pourquoi choisir nos artisans peintres \u00e0 Crissier ?<\/h2>\n<ul>\n<li>Accessibilit\u00e9 : implant\u00e9s \u00e0 Crissier, nos peintres interviennent rapidement chez vous.<\/li>\n<li>Excellence : en choisissant notre entreprise, vous optez pour la qualit\u00e9 et le professionnalisme.<\/li>\n<li>Co\u00fbts comp\u00e9titifs : nos tarifs sont calcul\u00e9s en fonction de vos besoins et vos moyens financiers.<\/li>\n<li>Services sur mesure : nous prenons en consid\u00e9ration les particularit\u00e9s de votre projet dans le but de vous proposer des prestations sur-mesure.<\/li>\n<li>Le savoir-faire, nos peintres professionnels \u00e0 Crissier ont plusieurs expertises, comme : le lavage et la pr\u00e9paration des zones avant la pose de la peinture, la pose des multiples couches et la r\u00e9alisation des touches finales.<\/li>\n<\/ul>\n<h2>Questions fr\u00e9quentes<\/h2>\n<h3>Quelle peinture avez-vous l&rsquo;habitude d&rsquo;utiliser ?<\/h3>\n<p>Nous s\u00e9lectionnons que des peintures premium. Il est possible pour nos artisans peintres d&rsquo;utiliser les pots que vous avez en stock.<\/p>\n<h3>Votre entreprise est-elle disponible le week-end ?<\/h3>\n<p>Oui, notre soci\u00e9t\u00e9 est disponible les week-ends \u00e0 Crissier.<\/p>\n<h3>Les meubles sont-ils prot\u00e9g\u00e9s lors de votre intervention ?<\/h3>\n<p>Oui, nous amenons l&rsquo;\u00e9quipement n\u00e9cessaire pour garantir que votre mobilier et votre \u00e9lectrom\u00e9nager soient prot\u00e9g\u00e9s durant notre intervention. Notifiez-nous avant de commencer, tous vos objets cassables, notre soci\u00e9t\u00e9 prendra des pr\u00e9cautions suppl\u00e9mentaires.<\/p>\n<h3>Que va-t-il arriver si je ne suis pas satisfait du travail accompli ?<\/h3>\n<p>Dans le cas o\u00f9 vous ne seriez pas satisfait des r\u00e9sultats, nous interviendrons de nouveau \u00e0 votre domicile pour corriger les probl\u00e8mes jusqu&rsquo;\u00e0 ce que vous soyez satisfait.<\/p>\n<h3>Fournissez-vous des estimations gratuites ?<\/h3>\n<p>Oui, nos estimations sont gratuites et sans engagements. Nos peintres se d\u00e9placent dans votre foyer afin de r\u00e9pondre \u00e0 vos demandes et valider avec vous votre devis.<\/p>\n<h3>Votre soci\u00e9t\u00e9 r\u00e9alise des interventions de peintures pr\u00e8s de Crissier ?<\/h3>\n<p>Oui, Artisalocal intervient \u00e0 Crissier, mais aussi dans les villes proches, comme :<\/p>\nJouxtens-M\u00e9zery, Prilly, Renens VD.\n","protected":false},"excerpt":{"rendered":"<p>Besoin d&rsquo;un peintre \u00e0 Crissier ? Artisanlocal r\u00e9nove la peinture de votre appartement, maison ou entreprise, si vous \u00eates un Crissirois, nous intervenons rapidement chez vous et aussi dans les villes \u00e0 proximit\u00e9. Quels sont les services qu&rsquo;Artisanlocal ? La peinture des espaces int\u00e9rieurs : sur vos plafonds, murs, moulures, portes, ou dans vos pi\u00e8ces, [&hellip;]<\/p>\n","protected":false},"author":4,"featured_media":2756,"parent":0,"menu_order":0,"comment_status":"closed","ping_status":"closed","template":"","meta":{"footnotes":""},"profession":[121],"location":[65],"canton":[113],"class_list":["post-763","page","type-page","status-publish","has-post-thumbnail","hentry","profession-peintre","location-crissier","canton-vd"],"yoast_head":"<!-- This site is optimized with the Yoast SEO Premium plugin v25.7.1 (Yoast SEO v27.3) - https:\/\/yoast.com\/product\/yoast-seo-premium-wordpress\/ -->\n<title>Peintre \u00e0 Crissier - Artisanlocal<\/title>\n<meta name=\"robots\" content=\"index, follow, max-snippet:-1, max-image-preview:large, max-video-preview:-1\" \/>\n<link rel=\"canonical\" href=\"https:\/\/www.artisanlocal.ch\/c\/engager-le-meilleur-peintre-a-crissier\/\" \/>\n<meta property=\"og:locale\" content=\"fr_FR\" \/>\n<meta property=\"og:type\" content=\"article\" \/>\n<meta property=\"og:title\" content=\"Peintre \u00e0 Crissier\" \/>\n<meta property=\"og:description\" content=\"Besoin d&rsquo;un peintre \u00e0 Crissier ? Artisanlocal r\u00e9nove la peinture de votre appartement, maison ou entreprise, si vous \u00eates un Crissirois, nous intervenons rapidement chez vous et aussi dans les villes \u00e0 proximit\u00e9. Quels sont les services qu&rsquo;Artisanlocal ? La peinture des espaces int\u00e9rieurs : sur vos plafonds, murs, moulures, portes, ou dans vos pi\u00e8ces, [&hellip;]\" \/>\n<meta property=\"og:url\" content=\"https:\/\/www.artisanlocal.ch\/c\/engager-le-meilleur-peintre-a-crissier\/\" \/>\n<meta property=\"og:site_name\" content=\"Artisanlocal\" \/>\n<meta property=\"article:modified_time\" content=\"2025-09-17T07:14:47+00:00\" \/>\n<meta property=\"og:image\" content=\"https:\/\/www.artisanlocal.ch\/c\/wp-content\/uploads\/2024\/10\/peintre.jpg\" \/>\n\t<meta property=\"og:image:width\" content=\"1920\" \/>\n\t<meta property=\"og:image:height\" content=\"300\" \/>\n\t<meta property=\"og:image:type\" content=\"image\/jpeg\" \/>\n<meta name=\"twitter:card\" content=\"summary_large_image\" \/>\n<meta name=\"twitter:label1\" content=\"Dur\u00e9e de lecture estim\u00e9e\" \/>\n\t<meta name=\"twitter:data1\" content=\"5 minutes\" \/>\n<script type=\"application\/ld+json\" class=\"yoast-schema-graph\">{\"@context\":\"https:\\\/\\\/schema.org\",\"@graph\":[{\"@type\":\"WebPage\",\"@id\":\"https:\\\/\\\/www.artisanlocal.ch\\\/c\\\/engager-le-meilleur-peintre-a-crissier\\\/\",\"url\":\"https:\\\/\\\/www.artisanlocal.ch\\\/c\\\/engager-le-meilleur-peintre-a-crissier\\\/\",\"name\":\"Peintre \u00e0 Crissier - Artisanlocal\",\"isPartOf\":{\"@id\":\"https:\\\/\\\/www.artisanlocal.ch\\\/c\\\/#website\"},\"primaryImageOfPage\":{\"@id\":\"https:\\\/\\\/www.artisanlocal.ch\\\/c\\\/engager-le-meilleur-peintre-a-crissier\\\/#primaryimage\"},\"image\":{\"@id\":\"https:\\\/\\\/www.artisanlocal.ch\\\/c\\\/engager-le-meilleur-peintre-a-crissier\\\/#primaryimage\"},\"thumbnailUrl\":\"https:\\\/\\\/www.artisanlocal.ch\\\/c\\\/wp-content\\\/uploads\\\/2024\\\/10\\\/peintre.jpg\",\"datePublished\":\"2024-04-16T09:16:07+00:00\",\"dateModified\":\"2025-09-17T07:14:47+00:00\",\"breadcrumb\":{\"@id\":\"https:\\\/\\\/www.artisanlocal.ch\\\/c\\\/engager-le-meilleur-peintre-a-crissier\\\/#breadcrumb\"},\"inLanguage\":\"fr-FR\",\"potentialAction\":[{\"@type\":\"ReadAction\",\"target\":[\"https:\\\/\\\/www.artisanlocal.ch\\\/c\\\/engager-le-meilleur-peintre-a-crissier\\\/\"]}]},{\"@type\":\"ImageObject\",\"inLanguage\":\"fr-FR\",\"@id\":\"https:\\\/\\\/www.artisanlocal.ch\\\/c\\\/engager-le-meilleur-peintre-a-crissier\\\/#primaryimage\",\"url\":\"https:\\\/\\\/www.artisanlocal.ch\\\/c\\\/wp-content\\\/uploads\\\/2024\\\/10\\\/peintre.jpg\",\"contentUrl\":\"https:\\\/\\\/www.artisanlocal.ch\\\/c\\\/wp-content\\\/uploads\\\/2024\\\/10\\\/peintre.jpg\",\"width\":1920,\"height\":300},{\"@type\":\"BreadcrumbList\",\"@id\":\"https:\\\/\\\/www.artisanlocal.ch\\\/c\\\/engager-le-meilleur-peintre-a-crissier\\\/#breadcrumb\",\"itemListElement\":[{\"@type\":\"ListItem\",\"position\":1,\"name\":\"Accueil\",\"item\":\"https:\\\/\\\/www.artisanlocal.ch\\\/c\\\/\"},{\"@type\":\"ListItem\",\"position\":2,\"name\":\"Peintre \u00e0 Crissier\"}]},{\"@type\":\"WebSite\",\"@id\":\"https:\\\/\\\/www.artisanlocal.ch\\\/c\\\/#website\",\"url\":\"https:\\\/\\\/www.artisanlocal.ch\\\/c\\\/\",\"name\":\"Artisanlocal\",\"description\":\"\",\"publisher\":{\"@id\":\"https:\\\/\\\/www.artisanlocal.ch\\\/c\\\/#organization\"},\"potentialAction\":[{\"@type\":\"SearchAction\",\"target\":{\"@type\":\"EntryPoint\",\"urlTemplate\":\"https:\\\/\\\/www.artisanlocal.ch\\\/c\\\/?s={search_term_string}\"},\"query-input\":{\"@type\":\"PropertyValueSpecification\",\"valueRequired\":true,\"valueName\":\"search_term_string\"}}],\"inLanguage\":\"fr-FR\"},{\"@type\":\"Organization\",\"@id\":\"https:\\\/\\\/www.artisanlocal.ch\\\/c\\\/#organization\",\"name\":\"Artisanlocal\",\"url\":\"https:\\\/\\\/www.artisanlocal.ch\\\/c\\\/\",\"logo\":{\"@type\":\"ImageObject\",\"inLanguage\":\"fr-FR\",\"@id\":\"https:\\\/\\\/www.artisanlocal.ch\\\/c\\\/#\\\/schema\\\/logo\\\/image\\\/\",\"url\":\"https:\\\/\\\/www.artisanlocal.ch\\\/c\\\/wp-content\\\/uploads\\\/2024\\\/02\\\/logo-artisanlocal-h.svg\",\"contentUrl\":\"https:\\\/\\\/www.artisanlocal.ch\\\/c\\\/wp-content\\\/uploads\\\/2024\\\/02\\\/logo-artisanlocal-h.svg\",\"caption\":\"Artisanlocal\"},\"image\":{\"@id\":\"https:\\\/\\\/www.artisanlocal.ch\\\/c\\\/#\\\/schema\\\/logo\\\/image\\\/\"}}]}<\/script>\n<!-- \/ Yoast SEO Premium plugin. -->","yoast_head_json":{"title":"Peintre \u00e0 Crissier - Artisanlocal","robots":{"index":"index","follow":"follow","max-snippet":"max-snippet:-1","max-image-preview":"max-image-preview:large","max-video-preview":"max-video-preview:-1"},"canonical":"https:\/\/www.artisanlocal.ch\/c\/engager-le-meilleur-peintre-a-crissier\/","og_locale":"fr_FR","og_type":"article","og_title":"Peintre \u00e0 Crissier","og_description":"Besoin d&rsquo;un peintre \u00e0 Crissier ? Artisanlocal r\u00e9nove la peinture de votre appartement, maison ou entreprise, si vous \u00eates un Crissirois, nous intervenons rapidement chez vous et aussi dans les villes \u00e0 proximit\u00e9. Quels sont les services qu&rsquo;Artisanlocal ? La peinture des espaces int\u00e9rieurs : sur vos plafonds, murs, moulures, portes, ou dans vos pi\u00e8ces, [&hellip;]","og_url":"https:\/\/www.artisanlocal.ch\/c\/engager-le-meilleur-peintre-a-crissier\/","og_site_name":"Artisanlocal","article_modified_time":"2025-09-17T07:14:47+00:00","og_image":[{"width":1920,"height":300,"url":"https:\/\/www.artisanlocal.ch\/c\/wp-content\/uploads\/2024\/10\/peintre.jpg","type":"image\/jpeg"}],"twitter_card":"summary_large_image","twitter_misc":{"Dur\u00e9e de lecture estim\u00e9e":"5 minutes"},"schema":{"@context":"https:\/\/schema.org","@graph":[{"@type":"WebPage","@id":"https:\/\/www.artisanlocal.ch\/c\/engager-le-meilleur-peintre-a-crissier\/","url":"https:\/\/www.artisanlocal.ch\/c\/engager-le-meilleur-peintre-a-crissier\/","name":"Peintre \u00e0 Crissier - Artisanlocal","isPartOf":{"@id":"https:\/\/www.artisanlocal.ch\/c\/#website"},"primaryImageOfPage":{"@id":"https:\/\/www.artisanlocal.ch\/c\/engager-le-meilleur-peintre-a-crissier\/#primaryimage"},"image":{"@id":"https:\/\/www.artisanlocal.ch\/c\/engager-le-meilleur-peintre-a-crissier\/#primaryimage"},"thumbnailUrl":"https:\/\/www.artisanlocal.ch\/c\/wp-content\/uploads\/2024\/10\/peintre.jpg","datePublished":"2024-04-16T09:16:07+00:00","dateModified":"2025-09-17T07:14:47+00:00","breadcrumb":{"@id":"https:\/\/www.artisanlocal.ch\/c\/engager-le-meilleur-peintre-a-crissier\/#breadcrumb"},"inLanguage":"fr-FR","potentialAction":[{"@type":"ReadAction","target":["https:\/\/www.artisanlocal.ch\/c\/engager-le-meilleur-peintre-a-crissier\/"]}]},{"@type":"ImageObject","inLanguage":"fr-FR","@id":"https:\/\/www.artisanlocal.ch\/c\/engager-le-meilleur-peintre-a-crissier\/#primaryimage","url":"https:\/\/www.artisanlocal.ch\/c\/wp-content\/uploads\/2024\/10\/peintre.jpg","contentUrl":"https:\/\/www.artisanlocal.ch\/c\/wp-content\/uploads\/2024\/10\/peintre.jpg","width":1920,"height":300},{"@type":"BreadcrumbList","@id":"https:\/\/www.artisanlocal.ch\/c\/engager-le-meilleur-peintre-a-crissier\/#breadcrumb","itemListElement":[{"@type":"ListItem","position":1,"name":"Accueil","item":"https:\/\/www.artisanlocal.ch\/c\/"},{"@type":"ListItem","position":2,"name":"Peintre \u00e0 Crissier"}]},{"@type":"WebSite","@id":"https:\/\/www.artisanlocal.ch\/c\/#website","url":"https:\/\/www.artisanlocal.ch\/c\/","name":"Artisanlocal","description":"","publisher":{"@id":"https:\/\/www.artisanlocal.ch\/c\/#organization"},"potentialAction":[{"@type":"SearchAction","target":{"@type":"EntryPoint","urlTemplate":"https:\/\/www.artisanlocal.ch\/c\/?s={search_term_string}"},"query-input":{"@type":"PropertyValueSpecification","valueRequired":true,"valueName":"search_term_string"}}],"inLanguage":"fr-FR"},{"@type":"Organization","@id":"https:\/\/www.artisanlocal.ch\/c\/#organization","name":"Artisanlocal","url":"https:\/\/www.artisanlocal.ch\/c\/","logo":{"@type":"ImageObject","inLanguage":"fr-FR","@id":"https:\/\/www.artisanlocal.ch\/c\/#\/schema\/logo\/image\/","url":"https:\/\/www.artisanlocal.ch\/c\/wp-content\/uploads\/2024\/02\/logo-artisanlocal-h.svg","contentUrl":"https:\/\/www.artisanlocal.ch\/c\/wp-content\/uploads\/2024\/02\/logo-artisanlocal-h.svg","caption":"Artisanlocal"},"image":{"@id":"https:\/\/www.artisanlocal.ch\/c\/#\/schema\/logo\/image\/"}}]}},"_links":{"self":[{"href":"https:\/\/www.artisanlocal.ch\/c\/wp-json\/wp\/v2\/pages\/763","targetHints":{"allow":["GET"]}}],"collection":[{"href":"https:\/\/www.artisanlocal.ch\/c\/wp-json\/wp\/v2\/pages"}],"about":[{"href":"https:\/\/www.artisanlocal.ch\/c\/wp-json\/wp\/v2\/types\/page"}],"author":[{"embeddable":true,"href":"https:\/\/www.artisanlocal.ch\/c\/wp-json\/wp\/v2\/users\/4"}],"replies":[{"embeddable":true,"href":"https:\/\/www.artisanlocal.ch\/c\/wp-json\/wp\/v2\/comments?post=763"}],"version-history":[{"count":0,"href":"https:\/\/www.artisanlocal.ch\/c\/wp-json\/wp\/v2\/pages\/763\/revisions"}],"wp:featuredmedia":[{"embeddable":true,"href":"https:\/\/www.artisanlocal.ch\/c\/wp-json\/wp\/v2\/media\/2756"}],"wp:attachment":[{"href":"https:\/\/www.artisanlocal.ch\/c\/wp-json\/wp\/v2\/media?parent=763"}],"wp:term":[{"taxonomy":"profession","embeddable":true,"href":"https:\/\/www.artisanlocal.ch\/c\/wp-json\/wp\/v2\/profession?post=763"},{"taxonomy":"location","embeddable":true,"href":"https:\/\/www.artisanlocal.ch\/c\/wp-json\/wp\/v2\/location?post=763"},{"taxonomy":"canton","embeddable":true,"href":"https:\/\/www.artisanlocal.ch\/c\/wp-json\/wp\/v2\/canton?post=763"}],"curies":[{"name":"wp","href":"https:\/\/api.w.org\/{rel}","templated":true}]}}