{"id":764,"date":"2024-04-15T07:48:15","date_gmt":"2024-04-15T05:48:15","guid":{"rendered":"https:\/\/www.artisanlocal.ch\/c\/trouver-le-meilleur-peintre-a-forel\/"},"modified":"2025-10-22T20:27:49","modified_gmt":"2025-10-22T18:27:49","slug":"trouver-le-meilleur-peintre-a-forel","status":"publish","type":"page","link":"https:\/\/www.artisanlocal.ch\/c\/trouver-le-meilleur-peintre-a-forel\/","title":{"rendered":"Peintre \u00e0 Forel (Lavaux)"},"content":{"rendered":"<p>Besoin d&rsquo;un peintre \u00e0 Forel (Lavaux) ? Artisanlocal, vous propose des services de peinture \u00e0 Forel (Lavaux) et dans les villes proches.<\/p>\n\r\n<div class=\"box\">\r\n            <div class=\"company-info\">\r\n            <img decoding=\"async\" class=\"company-info__logo\" src=\"https:\/\/www.artisanlocal.ch\/media\/cache\/thumb\/images\/companies\/68762654a0641657118997.png\" alt=\"Logo\">\r\n            <h2 class=\"company-info__name\">Lali SARL<\/h2>\r\n            <p class=\"company-info__business\">Peinture - Pl\u00e2trerie - Isolation - R\u00e9novation<\/p>\r\n        <\/div>\r\n        <div class=\"company-contact\">\r\n            <p class=\"company-info__address\">Route des Cullayes 4<\/p>\r\n                            <div class=\"links\">\r\n                                            <a class=\"btn has-accent-background-color js-phoneNumber\" href=\"tel:0764535518\" title=\"Appelez\" data-id=\"6264\" data-type=\"11\">076 453 55 18<\/a>\r\n                                                                <a class=\"btn has-accent-background-color\" href=\"https:\/\/lalirenov.ch\/\" target=\"_blank\" title=\"Voir le site internet\" data-id=\"6264\" data-type=\"20\">Site internet<\/a>\r\n                                    <\/div>\r\n                    <\/div>\r\n    \r\n            \r\n<form action=\"https:\/\/www.artisanlocal.ch\/c\/wp-admin\/admin-ajax.php\" method=\"post\" class=\"form-contact\" id=\"artisan_form_contact_company_inline\">\r\n    <div><input type=\"hidden\" name=\"action\" value=\"company_contact\"><\/div>\r\n    <div><input type=\"hidden\" name=\"nonce\" value=\"f071462bb9\"><\/div>\r\n    <div><input type=\"hidden\" name=\"company_id\" value=\"6264\"><\/div>\r\n    <div><input type=\"hidden\" name=\"form_id\" value=\"artisan_form_contact_company_inline\"><\/div>\r\n    <div class=\"gglcptch gglcptch_v3 gglcptch_custom\"><input type=\"hidden\" id=\"g-recaptcha-response\" name=\"g-recaptcha-response\" \/><br \/><div class=\"gglcptch_error_text\">La p\u00e9riode de v\u00e9rification reCAPTCHA a expir\u00e9. Veuillez recharger la page.<\/div><\/div>    <div class=\"form-content\">\r\n        <div class=\"form-group\">\r\n            <label for=\"contact_firstName\" class=\"required\">Pr\u00e9nom<\/label>\r\n            <input type=\"text\" name=\"firstName\" class=\"form-control\" required>\r\n        <\/div>\r\n        <div class=\"form-group\">\r\n            <label for=\"contact_lastName\" class=\"required\">Nom<\/label>\r\n            <input type=\"text\" name=\"lastName\" class=\"form-control\" required>\r\n        <\/div>\r\n        <div class=\"form-group\">\r\n            <label for=\"contact_email\" class=\"required\">Email<\/label>\r\n            <input type=\"email\" name=\"email\" class=\"form-control\" required>\r\n        <\/div>\r\n        <div class=\"form-group\">\r\n            <label for=\"contact_phone\" class=\"required\">Num\u00e9ro de t\u00e9l\u00e9phone<\/label>\r\n            <input type=\"tel\" name=\"phone\" class=\"form-control\" placeholder=\"0787117165\" pattern=\"^[0-9]{10}$\" required>\r\n        <\/div>\r\n        <div class=\"form-group\">\r\n            <label for=\"contact_postalCode\" class=\"required\">Code postal et localit\u00e9<\/label>\r\n            <input type=\"text\" name=\"postalCode\" class=\"form-control\" required>\r\n        <\/div>\r\n        <div class=\"form-group\">\r\n            <label for=\"contact_address\" class=\"required\">Adresse<\/label>\r\n            <input type=\"text\" name=\"address\" class=\"form-control\" required>\r\n        <\/div>\r\n        <div class=\"full-width topic\">\r\n            <p class=\"required\">Je souhaite \u00eatre contact\u00e9 pour :<\/p>\r\n            <div class=\"form-check\">\r\n                <input type=\"radio\" name=\"topic\" value=\"D\u00e9pannage\" class=\"form-control\" required>\r\n                <label for=\"d\u00e9pannage\">D\u00e9pannage<\/label>\r\n            <\/div>\r\n            <div class=\"form-check\">\r\n                <input type=\"radio\" name=\"topic\" value=\"Entretien\" class=\"form-control\" required>\r\n                <label for=\"entretien\">Entretien<\/label>\r\n            <\/div>\r\n            <div class=\"form-check\">\r\n                <input type=\"radio\" name=\"topic\" value=\"R\u00e9novation\" class=\"form-control\" required>\r\n                <label for=\"r\u00e9novation\">R\u00e9novation<\/label>\r\n            <\/div>\r\n            <div class=\"form-check\">\r\n                <input type=\"radio\" name=\"topic\" value=\"Autre\" class=\"form-control\" required>\r\n                <label for=\"autre\">Autre<\/label>\r\n            <\/div>\r\n        <\/div>\r\n        <div class=\"form-group full-width\">\r\n            <label for=\"contact_message\">Message<\/label>\r\n            <textarea name=\"message\" rows=\"3\" class=\"form-control\"><\/textarea>\r\n        <\/div>\r\n    <\/div>\r\n    <div class=\"form-actions\">\r\n        <button class=\"wp-block-button__link has-accent-background-color\">Contacter<\/button>\r\n    <\/div>\r\n<\/form>\r\n<div class=\"form-feedback\"><\/div>    <\/div>\n<h2>Quels sont les services d&rsquo;Artisanlocal ?\u00a0<\/h2>\n<ul>\n<li>Peinture int\u00e9rieure : sur vos murs, portes, moulures, et plafonds, ou dans les autres pi\u00e8ces de votre habitation telles que votre salon, chambre, ou salle de bain.<\/li>\n<li>Peinture ext\u00e9rieure : ajout d\u2019une nouvelle couche de peinture sur le bardage, le stuc, la brique, les cl\u00f4tures, les terrasses et les portes de garage.<\/li>\n<li>Peinture d\u00e9corative : cr\u00e9ation d\u2019effets, comme le faux marbre, patines, effet vieilli, faux bois, effet oxyd\u00e9.<\/li>\n<li>Peinture pour votre cuisine : pose d&rsquo;une couche de peinture, comme la peinture satin\u00e9e, qui est facile \u00e0 nettoyer.<\/li>\n<li>Les travaux d&rsquo;enduits d\u00e9coratifs : pose d&rsquo;enduits comme le tadelakt ou le b\u00e9ton cir\u00e9.<\/li>\n<li>Peinture artistique : cr\u00e9ation de fresques murales artistiques, d\u00e9coratives, int\u00e9rieures ou ext\u00e9rieures.<\/li>\n<li>Peinture pour ravalement de fa\u00e7ade : restauration, r\u00e9novation des fa\u00e7ades de b\u00e2timents avec enduit, bardage, cr\u00e9pi ou peinture.<\/li>\n<li>Peintre cordiste : services de peinture en hauteur, nous op\u00e9rons dans les endroits compliqu\u00e9s d\u2019acc\u00e8s, comme les usines, tours, ponts ou \u00e9oliennes.<\/li>\n<li>Finition de peinture : application d\u2019une peinture de finition dans votre salle de bain ou sur vos meubles de cuisines.<\/li>\n<li>Les travaux d&rsquo;installation et de restauration : la pose de cloisons s\u00e8ches, le rebouchage des trous dans les cloisons ou la r\u00e9novation des fissures.<\/li>\n<li>Retrait et installation de votre tapisserie : changement et d\u00e9collage de votre ancienne tapisserie.<\/li>\n<li>Peinture pour commerce : les espaces de travail, restaurants, \u00e9tablissement scolaire, salles de sports et autres biens immobiliers pour les professionnels.<\/li>\n<li>Peintures pour b\u00e2timent : nous pr\u00e9parons les supports \u00e0 peindre, et nous r\u00e9alisons les finitions et posons la peinture.<\/li>\n<\/ul>\n<h2>De quelle mani\u00e8re fonctionne votre entreprise ?<\/h2>\n<ol>\n<li>Prise de contact en ligne ou par t\u00e9l\u00e9phone et obtenez un devis gratuit.<\/li>\n<li>Examiner et valider votre devis.<\/li>\n<li>D\u00e9finir la date de commencement de votre projet<\/li>\n<\/ol>\n<h2>Quel est le prix d&rsquo;un peintre \u00e0 Forel (Lavaux) ?<\/h2>\n<p>Le prix est impact\u00e9 par l&rsquo;\u00e9tat de vos murs et plafonds. G\u00e9n\u00e9ralement, le prix varie entre 60 et 70 CHF par heure. Le co\u00fbt de main-d&rsquo;\u0153uvre repr\u00e9sente environ 80% \u00e0 90% du prix total, tandis que le co\u00fbt de la peinture ne repr\u00e9sente que 10% \u00e0 20% du montant.<\/p>\n<h2>Pourquoi choisir notre entreprise \u00e0 Forel (Lavaux) ?\u00a0<\/h2>\n<ul>\n<li>Disponibilit\u00e9 : situ\u00e9s \u00e0 Forel (Lavaux), nos peintres interviennent rapidement chez vous.<\/li>\n<li>Prix abordables : nos prix sont comp\u00e9titifs et tiennent compte de vos moyens et attentes.<\/li>\n<li>Prestations sur mesure : nous \u00e9tudions votre projet pour vous proposer une prestation sur mesure.<\/li>\n<li>Le savoir-faire, nos sp\u00e9cialistes de la peinture \u00e0 Forel (Lavaux) ma\u00eetrisent un large \u00e9ventail de qualifications, comme : la pr\u00e9paration des zones avant la pose de la peinture, la pose des diff\u00e9rentes couches et la mise en \u0153uvre des touches finales.<\/li>\n<\/ul>\n<h2>FAQ<\/h2>\n<h3>Quelle peinture avez-vous l&rsquo;habitude d&rsquo;utiliser ?<\/h3>\n<p>Nous utilisons uniquement des peintures premium. Les pots de peinture que vous avez pay\u00e9s peuvent \u00eatre aussi appliqu\u00e9s par nos peintres.<\/p>\n<h3>Vos artisans peintres sont joignables le week-end ?<\/h3>\n<p>Oui, nous sommes disponibles les week-ends.<\/p>\n<h3>Prot\u00e9gez-vous les meubles ?<\/h3>\n<p>Oui, avant les travaux, nous prot\u00e9geons vos meubles. Signalez-nous, tous vos objets fragiles, notre \u00e9quipe adoptera des mesures additionnelles.<\/p>\n<h3>Que va-t-il arriver si je ne suis pas content du travail r\u00e9alis\u00e9 ?<\/h3>\n<p>Si vous n&rsquo;\u00eates pas satisfait des r\u00e9sultats, nous reviendrons pour r\u00e9gler les manques jusqu&rsquo;\u00e0 ce que vous soyez combl\u00e9.<\/p>\n<h3>Vos devis sont gratuits ?<\/h3>\n<p>Oui, nos devis sont gratuits. Nos peintres peuvent se d\u00e9placer chez vous, pour r\u00e9pondre \u00e0 vos interrogations et valider avec vous le devis.<\/p>\n<h3>Artisanlocal intervient \u00e0 Forel (Lavaux) et dans les villes proches ?<\/h3>\n<p>Oui, nous intervenons \u00e0 Forel (Lavaux), et dans les villes proches, comme :<\/p>\nPeney-le-Jorat, Mollie-Margot, Savigny, Ferlens VD, Servion, Essertes, Les Cullayes, Montpreveyres, Corcelles-le-Jorat, M\u00e9zi\u00e8res VD, Carrouge VD, Vulliens, Ropraz, Les Tavernes, Les Thioleyres, Pal\u00e9zieux, Pal\u00e9zieux-Village, Oron-le-Ch\u00e2tel, Chapelle (Gl\u00e2ne), Bussigny-sur-Oron, Chesalles-sur-Oron, Ch\u00e2tillens, Oron-la-Ville, Vuibroye, Le Cr\u00eat-pr\u00e8s-Semsales, Ecoteaux, Maracon.\n\n\n<p><\/p>\n","protected":false},"excerpt":{"rendered":"<p>Besoin d&rsquo;un peintre \u00e0 Forel (Lavaux) ? Artisanlocal, vous propose des services de peinture \u00e0 Forel (Lavaux) et dans les villes proches. Quels sont les services d&rsquo;Artisanlocal ?\u00a0 Peinture int\u00e9rieure : sur vos murs, portes, moulures, et plafonds, ou dans les autres pi\u00e8ces de votre habitation telles que votre salon, chambre, ou salle de bain. [&hellip;]<\/p>\n","protected":false},"author":4,"featured_media":2756,"parent":0,"menu_order":0,"comment_status":"closed","ping_status":"closed","template":"","meta":{"footnotes":""},"profession":[121],"location":[15],"canton":[113],"class_list":["post-764","page","type-page","status-publish","has-post-thumbnail","hentry","profession-peintre","location-forel-lavaux","canton-vd"],"yoast_head":"<!-- This site is optimized with the Yoast SEO Premium plugin v25.7.1 (Yoast SEO v27.4) - https:\/\/yoast.com\/product\/yoast-seo-premium-wordpress\/ -->\n<title>Peintre \u00e0 Forel (Lavaux) - Artisanlocal<\/title>\n<meta name=\"robots\" content=\"index, follow, max-snippet:-1, max-image-preview:large, max-video-preview:-1\" \/>\n<link rel=\"canonical\" href=\"https:\/\/www.artisanlocal.ch\/c\/trouver-le-meilleur-peintre-a-forel\/\" \/>\n<meta property=\"og:locale\" content=\"fr_FR\" \/>\n<meta property=\"og:type\" content=\"article\" \/>\n<meta property=\"og:title\" content=\"Peintre \u00e0 Forel (Lavaux)\" \/>\n<meta property=\"og:description\" content=\"Besoin d&rsquo;un peintre \u00e0 Forel (Lavaux) ? Artisanlocal, vous propose des services de peinture \u00e0 Forel (Lavaux) et dans les villes proches. Quels sont les services d&rsquo;Artisanlocal ?\u00a0 Peinture int\u00e9rieure : sur vos murs, portes, moulures, et plafonds, ou dans les autres pi\u00e8ces de votre habitation telles que votre salon, chambre, ou salle de bain. [&hellip;]\" \/>\n<meta property=\"og:url\" content=\"https:\/\/www.artisanlocal.ch\/c\/trouver-le-meilleur-peintre-a-forel\/\" \/>\n<meta property=\"og:site_name\" content=\"Artisanlocal\" \/>\n<meta property=\"article:modified_time\" content=\"2025-10-22T18:27:49+00:00\" \/>\n<meta property=\"og:image\" content=\"https:\/\/www.artisanlocal.ch\/c\/wp-content\/uploads\/2024\/10\/peintre.jpg\" \/>\n\t<meta property=\"og:image:width\" content=\"1920\" \/>\n\t<meta property=\"og:image:height\" content=\"300\" \/>\n\t<meta property=\"og:image:type\" content=\"image\/jpeg\" \/>\n<meta name=\"twitter:card\" content=\"summary_large_image\" \/>\n<meta name=\"twitter:label1\" content=\"Dur\u00e9e de lecture estim\u00e9e\" \/>\n\t<meta name=\"twitter:data1\" content=\"4 minutes\" \/>\n<script type=\"application\/ld+json\" class=\"yoast-schema-graph\">{\"@context\":\"https:\\\/\\\/schema.org\",\"@graph\":[{\"@type\":\"WebPage\",\"@id\":\"https:\\\/\\\/www.artisanlocal.ch\\\/c\\\/trouver-le-meilleur-peintre-a-forel\\\/\",\"url\":\"https:\\\/\\\/www.artisanlocal.ch\\\/c\\\/trouver-le-meilleur-peintre-a-forel\\\/\",\"name\":\"Peintre \u00e0 Forel (Lavaux) - Artisanlocal\",\"isPartOf\":{\"@id\":\"https:\\\/\\\/www.artisanlocal.ch\\\/c\\\/#website\"},\"primaryImageOfPage\":{\"@id\":\"https:\\\/\\\/www.artisanlocal.ch\\\/c\\\/trouver-le-meilleur-peintre-a-forel\\\/#primaryimage\"},\"image\":{\"@id\":\"https:\\\/\\\/www.artisanlocal.ch\\\/c\\\/trouver-le-meilleur-peintre-a-forel\\\/#primaryimage\"},\"thumbnailUrl\":\"https:\\\/\\\/www.artisanlocal.ch\\\/c\\\/wp-content\\\/uploads\\\/2024\\\/10\\\/peintre.jpg\",\"datePublished\":\"2024-04-15T05:48:15+00:00\",\"dateModified\":\"2025-10-22T18:27:49+00:00\",\"breadcrumb\":{\"@id\":\"https:\\\/\\\/www.artisanlocal.ch\\\/c\\\/trouver-le-meilleur-peintre-a-forel\\\/#breadcrumb\"},\"inLanguage\":\"fr-FR\",\"potentialAction\":[{\"@type\":\"ReadAction\",\"target\":[\"https:\\\/\\\/www.artisanlocal.ch\\\/c\\\/trouver-le-meilleur-peintre-a-forel\\\/\"]}]},{\"@type\":\"ImageObject\",\"inLanguage\":\"fr-FR\",\"@id\":\"https:\\\/\\\/www.artisanlocal.ch\\\/c\\\/trouver-le-meilleur-peintre-a-forel\\\/#primaryimage\",\"url\":\"https:\\\/\\\/www.artisanlocal.ch\\\/c\\\/wp-content\\\/uploads\\\/2024\\\/10\\\/peintre.jpg\",\"contentUrl\":\"https:\\\/\\\/www.artisanlocal.ch\\\/c\\\/wp-content\\\/uploads\\\/2024\\\/10\\\/peintre.jpg\",\"width\":1920,\"height\":300},{\"@type\":\"BreadcrumbList\",\"@id\":\"https:\\\/\\\/www.artisanlocal.ch\\\/c\\\/trouver-le-meilleur-peintre-a-forel\\\/#breadcrumb\",\"itemListElement\":[{\"@type\":\"ListItem\",\"position\":1,\"name\":\"Accueil\",\"item\":\"https:\\\/\\\/www.artisanlocal.ch\\\/c\\\/\"},{\"@type\":\"ListItem\",\"position\":2,\"name\":\"Peintre \u00e0 Forel\"}]},{\"@type\":\"WebSite\",\"@id\":\"https:\\\/\\\/www.artisanlocal.ch\\\/c\\\/#website\",\"url\":\"https:\\\/\\\/www.artisanlocal.ch\\\/c\\\/\",\"name\":\"Artisanlocal\",\"description\":\"\",\"publisher\":{\"@id\":\"https:\\\/\\\/www.artisanlocal.ch\\\/c\\\/#organization\"},\"potentialAction\":[{\"@type\":\"SearchAction\",\"target\":{\"@type\":\"EntryPoint\",\"urlTemplate\":\"https:\\\/\\\/www.artisanlocal.ch\\\/c\\\/?s={search_term_string}\"},\"query-input\":{\"@type\":\"PropertyValueSpecification\",\"valueRequired\":true,\"valueName\":\"search_term_string\"}}],\"inLanguage\":\"fr-FR\"},{\"@type\":\"Organization\",\"@id\":\"https:\\\/\\\/www.artisanlocal.ch\\\/c\\\/#organization\",\"name\":\"Artisanlocal\",\"url\":\"https:\\\/\\\/www.artisanlocal.ch\\\/c\\\/\",\"logo\":{\"@type\":\"ImageObject\",\"inLanguage\":\"fr-FR\",\"@id\":\"https:\\\/\\\/www.artisanlocal.ch\\\/c\\\/#\\\/schema\\\/logo\\\/image\\\/\",\"url\":\"https:\\\/\\\/www.artisanlocal.ch\\\/c\\\/wp-content\\\/uploads\\\/2024\\\/02\\\/logo-artisanlocal-h.svg\",\"contentUrl\":\"https:\\\/\\\/www.artisanlocal.ch\\\/c\\\/wp-content\\\/uploads\\\/2024\\\/02\\\/logo-artisanlocal-h.svg\",\"caption\":\"Artisanlocal\"},\"image\":{\"@id\":\"https:\\\/\\\/www.artisanlocal.ch\\\/c\\\/#\\\/schema\\\/logo\\\/image\\\/\"}}]}<\/script>\n<!-- \/ Yoast SEO Premium plugin. -->","yoast_head_json":{"title":"Peintre \u00e0 Forel (Lavaux) - Artisanlocal","robots":{"index":"index","follow":"follow","max-snippet":"max-snippet:-1","max-image-preview":"max-image-preview:large","max-video-preview":"max-video-preview:-1"},"canonical":"https:\/\/www.artisanlocal.ch\/c\/trouver-le-meilleur-peintre-a-forel\/","og_locale":"fr_FR","og_type":"article","og_title":"Peintre \u00e0 Forel (Lavaux)","og_description":"Besoin d&rsquo;un peintre \u00e0 Forel (Lavaux) ? Artisanlocal, vous propose des services de peinture \u00e0 Forel (Lavaux) et dans les villes proches. Quels sont les services d&rsquo;Artisanlocal ?\u00a0 Peinture int\u00e9rieure : sur vos murs, portes, moulures, et plafonds, ou dans les autres pi\u00e8ces de votre habitation telles que votre salon, chambre, ou salle de bain. [&hellip;]","og_url":"https:\/\/www.artisanlocal.ch\/c\/trouver-le-meilleur-peintre-a-forel\/","og_site_name":"Artisanlocal","article_modified_time":"2025-10-22T18:27:49+00:00","og_image":[{"width":1920,"height":300,"url":"https:\/\/www.artisanlocal.ch\/c\/wp-content\/uploads\/2024\/10\/peintre.jpg","type":"image\/jpeg"}],"twitter_card":"summary_large_image","twitter_misc":{"Dur\u00e9e de lecture estim\u00e9e":"4 minutes"},"schema":{"@context":"https:\/\/schema.org","@graph":[{"@type":"WebPage","@id":"https:\/\/www.artisanlocal.ch\/c\/trouver-le-meilleur-peintre-a-forel\/","url":"https:\/\/www.artisanlocal.ch\/c\/trouver-le-meilleur-peintre-a-forel\/","name":"Peintre \u00e0 Forel (Lavaux) - Artisanlocal","isPartOf":{"@id":"https:\/\/www.artisanlocal.ch\/c\/#website"},"primaryImageOfPage":{"@id":"https:\/\/www.artisanlocal.ch\/c\/trouver-le-meilleur-peintre-a-forel\/#primaryimage"},"image":{"@id":"https:\/\/www.artisanlocal.ch\/c\/trouver-le-meilleur-peintre-a-forel\/#primaryimage"},"thumbnailUrl":"https:\/\/www.artisanlocal.ch\/c\/wp-content\/uploads\/2024\/10\/peintre.jpg","datePublished":"2024-04-15T05:48:15+00:00","dateModified":"2025-10-22T18:27:49+00:00","breadcrumb":{"@id":"https:\/\/www.artisanlocal.ch\/c\/trouver-le-meilleur-peintre-a-forel\/#breadcrumb"},"inLanguage":"fr-FR","potentialAction":[{"@type":"ReadAction","target":["https:\/\/www.artisanlocal.ch\/c\/trouver-le-meilleur-peintre-a-forel\/"]}]},{"@type":"ImageObject","inLanguage":"fr-FR","@id":"https:\/\/www.artisanlocal.ch\/c\/trouver-le-meilleur-peintre-a-forel\/#primaryimage","url":"https:\/\/www.artisanlocal.ch\/c\/wp-content\/uploads\/2024\/10\/peintre.jpg","contentUrl":"https:\/\/www.artisanlocal.ch\/c\/wp-content\/uploads\/2024\/10\/peintre.jpg","width":1920,"height":300},{"@type":"BreadcrumbList","@id":"https:\/\/www.artisanlocal.ch\/c\/trouver-le-meilleur-peintre-a-forel\/#breadcrumb","itemListElement":[{"@type":"ListItem","position":1,"name":"Accueil","item":"https:\/\/www.artisanlocal.ch\/c\/"},{"@type":"ListItem","position":2,"name":"Peintre \u00e0 Forel"}]},{"@type":"WebSite","@id":"https:\/\/www.artisanlocal.ch\/c\/#website","url":"https:\/\/www.artisanlocal.ch\/c\/","name":"Artisanlocal","description":"","publisher":{"@id":"https:\/\/www.artisanlocal.ch\/c\/#organization"},"potentialAction":[{"@type":"SearchAction","target":{"@type":"EntryPoint","urlTemplate":"https:\/\/www.artisanlocal.ch\/c\/?s={search_term_string}"},"query-input":{"@type":"PropertyValueSpecification","valueRequired":true,"valueName":"search_term_string"}}],"inLanguage":"fr-FR"},{"@type":"Organization","@id":"https:\/\/www.artisanlocal.ch\/c\/#organization","name":"Artisanlocal","url":"https:\/\/www.artisanlocal.ch\/c\/","logo":{"@type":"ImageObject","inLanguage":"fr-FR","@id":"https:\/\/www.artisanlocal.ch\/c\/#\/schema\/logo\/image\/","url":"https:\/\/www.artisanlocal.ch\/c\/wp-content\/uploads\/2024\/02\/logo-artisanlocal-h.svg","contentUrl":"https:\/\/www.artisanlocal.ch\/c\/wp-content\/uploads\/2024\/02\/logo-artisanlocal-h.svg","caption":"Artisanlocal"},"image":{"@id":"https:\/\/www.artisanlocal.ch\/c\/#\/schema\/logo\/image\/"}}]}},"_links":{"self":[{"href":"https:\/\/www.artisanlocal.ch\/c\/wp-json\/wp\/v2\/pages\/764","targetHints":{"allow":["GET"]}}],"collection":[{"href":"https:\/\/www.artisanlocal.ch\/c\/wp-json\/wp\/v2\/pages"}],"about":[{"href":"https:\/\/www.artisanlocal.ch\/c\/wp-json\/wp\/v2\/types\/page"}],"author":[{"embeddable":true,"href":"https:\/\/www.artisanlocal.ch\/c\/wp-json\/wp\/v2\/users\/4"}],"replies":[{"embeddable":true,"href":"https:\/\/www.artisanlocal.ch\/c\/wp-json\/wp\/v2\/comments?post=764"}],"version-history":[{"count":0,"href":"https:\/\/www.artisanlocal.ch\/c\/wp-json\/wp\/v2\/pages\/764\/revisions"}],"wp:featuredmedia":[{"embeddable":true,"href":"https:\/\/www.artisanlocal.ch\/c\/wp-json\/wp\/v2\/media\/2756"}],"wp:attachment":[{"href":"https:\/\/www.artisanlocal.ch\/c\/wp-json\/wp\/v2\/media?parent=764"}],"wp:term":[{"taxonomy":"profession","embeddable":true,"href":"https:\/\/www.artisanlocal.ch\/c\/wp-json\/wp\/v2\/profession?post=764"},{"taxonomy":"location","embeddable":true,"href":"https:\/\/www.artisanlocal.ch\/c\/wp-json\/wp\/v2\/location?post=764"},{"taxonomy":"canton","embeddable":true,"href":"https:\/\/www.artisanlocal.ch\/c\/wp-json\/wp\/v2\/canton?post=764"}],"curies":[{"name":"wp","href":"https:\/\/api.w.org\/{rel}","templated":true}]}}