{"id":765,"date":"2024-04-15T15:06:44","date_gmt":"2024-04-15T13:06:44","guid":{"rendered":"https:\/\/www.artisanlocal.ch\/c\/engager-le-meilleur-peintre-a-estavayer-le-lac\/"},"modified":"2025-09-18T11:57:00","modified_gmt":"2025-09-18T09:57:00","slug":"engager-le-meilleur-peintre-a-estavayer-le-lac","status":"publish","type":"page","link":"https:\/\/www.artisanlocal.ch\/c\/engager-le-meilleur-peintre-a-estavayer-le-lac\/","title":{"rendered":"Peintre \u00e0 Estavayer-le-lac"},"content":{"rendered":"<p>Besoin d&rsquo;un peintre \u00e0 Estavayer-le-lac ? Artisanlocal r\u00e9alise la peinture de votre int\u00e9rieur et de votre ext\u00e9rieur \u00e0 Estavayer-le-lac. Nos peintres interviennent rapidement \u00e0 Estavayer-le-lac et aussi dans les villes aux environs.<br \/>\n\r\n<div class=\"box\">\r\n            <div class=\"company-info\">\r\n            <img decoding=\"async\" class=\"company-info__logo\" src=\"https:\/\/www.artisanlocal.ch\/media\/cache\/thumb\/images\/companies\/69bc102834422443458744.png\" alt=\"Logo\">\r\n            <h2 class=\"company-info__name\">Perseghini SA<\/h2>\r\n            <p class=\"company-info__business\">Peinture int\u00e9rieure et ext\u00e9rieure - Pl\u00e2trerie - Isolation p\u00e9riph\u00e9rique - Chape liquide<\/p>\r\n        <\/div>\r\n        <div class=\"company-contact\">\r\n            <p class=\"company-info__address\">Le Piolet 37<\/p>\r\n                            <div class=\"links\">\r\n                                            <a class=\"btn has-accent-background-color js-phoneNumber\" href=\"tel:0266632031\" title=\"Appelez\" data-id=\"34551\" data-type=\"11\">026 663 20 31<\/a>\r\n                                                                <a class=\"btn has-accent-background-color\" href=\"https:\/\/perseghini.ch\/\" target=\"_blank\" title=\"Voir le site internet\" data-id=\"34551\" data-type=\"20\">Site internet<\/a>\r\n                                    <\/div>\r\n                    <\/div>\r\n    \r\n            \r\n<form action=\"https:\/\/www.artisanlocal.ch\/c\/wp-admin\/admin-ajax.php\" method=\"post\" class=\"form-contact\" id=\"artisan_form_contact_company_inline\">\r\n    <div><input type=\"hidden\" name=\"action\" value=\"company_contact\"><\/div>\r\n    <div><input type=\"hidden\" name=\"nonce\" value=\"09754e6304\"><\/div>\r\n    <div><input type=\"hidden\" name=\"company_id\" value=\"34551\"><\/div>\r\n    <div><input type=\"hidden\" name=\"form_id\" value=\"artisan_form_contact_company_inline\"><\/div>\r\n    <div class=\"gglcptch gglcptch_v3 gglcptch_custom\"><input type=\"hidden\" id=\"g-recaptcha-response\" name=\"g-recaptcha-response\" \/><br \/><div class=\"gglcptch_error_text\">La p\u00e9riode de v\u00e9rification reCAPTCHA a expir\u00e9. Veuillez recharger la page.<\/div><\/div>    <div class=\"form-content\">\r\n        <div class=\"form-group\">\r\n            <label for=\"contact_firstName\" class=\"required\">Pr\u00e9nom<\/label>\r\n            <input type=\"text\" name=\"firstName\" class=\"form-control\" required>\r\n        <\/div>\r\n        <div class=\"form-group\">\r\n            <label for=\"contact_lastName\" class=\"required\">Nom<\/label>\r\n            <input type=\"text\" name=\"lastName\" class=\"form-control\" required>\r\n        <\/div>\r\n        <div class=\"form-group\">\r\n            <label for=\"contact_email\" class=\"required\">Email<\/label>\r\n            <input type=\"email\" name=\"email\" class=\"form-control\" required>\r\n        <\/div>\r\n        <div class=\"form-group\">\r\n            <label for=\"contact_phone\" class=\"required\">Num\u00e9ro de t\u00e9l\u00e9phone<\/label>\r\n            <input type=\"tel\" name=\"phone\" class=\"form-control\" placeholder=\"0787117165\" pattern=\"^[0-9]{10}$\" required>\r\n        <\/div>\r\n        <div class=\"form-group\">\r\n            <label for=\"contact_postalCode\" class=\"required\">Code postal et localit\u00e9<\/label>\r\n            <input type=\"text\" name=\"postalCode\" class=\"form-control\" required>\r\n        <\/div>\r\n        <div class=\"form-group\">\r\n            <label for=\"contact_address\" class=\"required\">Adresse<\/label>\r\n            <input type=\"text\" name=\"address\" class=\"form-control\" required>\r\n        <\/div>\r\n        <div class=\"full-width topic\">\r\n            <p class=\"required\">Je souhaite \u00eatre contact\u00e9 pour :<\/p>\r\n            <div class=\"form-check\">\r\n                <input type=\"radio\" name=\"topic\" value=\"D\u00e9pannage\" class=\"form-control\" required>\r\n                <label for=\"d\u00e9pannage\">D\u00e9pannage<\/label>\r\n            <\/div>\r\n            <div class=\"form-check\">\r\n                <input type=\"radio\" name=\"topic\" value=\"Entretien\" class=\"form-control\" required>\r\n                <label for=\"entretien\">Entretien<\/label>\r\n            <\/div>\r\n            <div class=\"form-check\">\r\n                <input type=\"radio\" name=\"topic\" value=\"R\u00e9novation\" class=\"form-control\" required>\r\n                <label for=\"r\u00e9novation\">R\u00e9novation<\/label>\r\n            <\/div>\r\n            <div class=\"form-check\">\r\n                <input type=\"radio\" name=\"topic\" value=\"Autre\" class=\"form-control\" required>\r\n                <label for=\"autre\">Autre<\/label>\r\n            <\/div>\r\n        <\/div>\r\n        <div class=\"form-group full-width\">\r\n            <label for=\"contact_message\">Message<\/label>\r\n            <textarea name=\"message\" rows=\"3\" class=\"form-control\"><\/textarea>\r\n        <\/div>\r\n    <\/div>\r\n    <div class=\"form-actions\">\r\n        <button class=\"wp-block-button__link has-accent-background-color\">Contacter<\/button>\r\n    <\/div>\r\n<\/form>\r\n<div class=\"form-feedback\"><\/div>    <\/div><\/p>\n<h2>Quels sont les services d&rsquo;Artisanlocal ?<\/h2>\n<ul>\n<li>Peinture int\u00e9rieure : les murs, les plafonds, les moulures, les portes d&rsquo;entr\u00e9es, et dans des endroits comme la salle de bain, la chambre et le salon.<\/li>\n<li>Peinture ext\u00e9rieure : sur les portes de garage, les briques, les terrasses, les bardages, le stuc et les cl\u00f4tures.<\/li>\n<li>Peinture d\u00e9corative : afin de concevoir des effets visuels comme le faux marbre, les patines, l&rsquo;effet vieilli, le faux bois et l&rsquo;effet oxyd\u00e9.<\/li>\n<li>Peinture pour cuisine : comme la peinture satin\u00e9e, qui se nettoie facilement.<\/li>\n<li>Les enduits d\u00e9coratifs : ajout des enduits, comme le b\u00e9ton cir\u00e9, ou tadelakt.<\/li>\n<li>Artiste peintre : cr\u00e9ation de fresques murales (ext\u00e9rieur, int\u00e9rieur, artistique ou d\u00e9corative).<\/li>\n<li>Peinture de ravalement de fa\u00e7ade : restauration de la face avant du b\u00e2timent, cr\u00e9pi, bardage, pose d&rsquo;enduit ou de peinture.<\/li>\n<li>Peinture sur des zones en hauteur : nos artisans peintres interviennent dans des environnements difficiles comme les usines, les tours ou les ponts.<\/li>\n<li>Peinture de finition : application des finitions sur les meubles de cuisine ou dans la salle d&rsquo;eau.<\/li>\n<li>Installation et remise en \u00e9tat : r\u00e9paration des fissures dans vos murs, comblement des creux dans les murs et installation de cloisons s\u00e8ches neuves.<\/li>\n<li>Les travaux d&rsquo;enl\u00e8vement et de mise en place de papier peint : le retrait et l&rsquo;installation d&rsquo;une nouvelle d\u00e9coration murale.<\/li>\n<li>Peinture pour entreprise : pour les restaurants, espaces de bureau, complexes sportifs, \u00e9tablissements \u00e9ducatifs et autres locaux commerciaux.<\/li>\n<li>Peinture pour b\u00e2timent : pour la pr\u00e9paration des murs et plafonds \u00e0 peindre, la r\u00e9alisation des travaux de finition et l\u2019application des peintures et rev\u00eatements.<\/li>\n<\/ul>\n<h2>De quelle mani\u00e8re fonctionne votre entreprise ?<\/h2>\n<p>Chez Artisantlocal, nous avons con\u00e7u un syst\u00e8me \u00e9tape par \u00e9tape pour r\u00e9pondre aux demandes de nos clients.<\/p>\n<h3>\u00c9tape 1\u00a0 : demandez votre devis<\/h3>\n<p>Recevez une estimation gratuite par t\u00e9l\u00e9phone ou en ligne et obtenez un devis de vos travaux dans les 24 heures.<\/p>\n<h3>\u00c9tape 2\u00a0 : v\u00e9rifiez votre devis<\/h3>\n<p>Assurez-vous que le devis que vous obtenez fixe bien le prix de vos travaux. En cas de questions sur l&rsquo;estimation, n&rsquo;h\u00e9sitez pas \u00e0 nous contacter pour avoir plus de d\u00e9tails.<\/p>\n<h3>\u00c9tape 3\u00a0 : validez le devis<\/h3>\n<p>D\u00e8s que vous avez valid\u00e9 le devis, nous d\u00e9cidons ensemble la date de commencement de votre projet. Pour assurer la bonne r\u00e9ussite de votre chantier, nous vous attribuons un chef de projet.<\/p>\n<h2>Quel prix pour des travaux de peinture \u00e0 Estavayer-le-lac ?<\/h2>\n<p>Le montant des travaux d\u00e9pend principalement de l&rsquo;\u00e9tat des surfaces \u00e0 peindre. Le plus souvent, les prix se situent entre 60 et 70 francs suisses par heure. \u00c0 peu pr\u00e8s 80% \u00e0 90% du prix sont attribu\u00e9s \u00e0 la main-d&rsquo;\u0153uvre, alors que la peinture ne pr\u00e9sente que 10% \u00e0 20% de l&rsquo;enveloppe financi\u00e8re.<\/p>\n<h2>Pourquoi choisir nos peintres \u00e0 Estavayer-le-lac ?<\/h2>\n<ul>\n<li>Disponibilit\u00e9 : nos peintres sont joignables toute la semaine \u00e0 Estavayer-le-lac pour r\u00e9pondre \u00e0 vos questions.<\/li>\n<li>Excellence : en choisissant notre soci\u00e9t\u00e9, vous optez pour la qualit\u00e9 et le savoir-faire.<\/li>\n<li>Prix accessibles : le prix est fix\u00e9 en fonction de vos d\u00e9sirs et de vos moyens.<\/li>\n<li>Services individualis\u00e9s : nous prenons en consid\u00e9ration les caract\u00e9ristiques de votre projet afin de vous offrir des prestations sur-mesure.<\/li>\n<li>Les comp\u00e9tences, nos peintres professionnels \u00e0 Estavayer-le-lac poss\u00e8dent un large \u00e9ventail de qualifications, comme : la pr\u00e9paration des zones avant la pose de la peinture, la pose des multiples couches et la r\u00e9alisation des touches finales.<\/li>\n<\/ul>\n<h2>FAQ<\/h2>\n<h3>Quelle peinture avez-vous l&rsquo;habitude d&rsquo;utiliser ?<\/h3>\n<p>Nous utilisons uniquement des peintures de qualit\u00e9s. De plus, les pots de peinture que vous avez en stock peuvent \u00eatre aussi appliqu\u00e9s.<\/p>\n<h3>Est-ce que vos artisans peintres sont disponibles le week-end ?<\/h3>\n<p>Oui, notre entreprise intervient les week-ends \u00e0 Estavayer-le-lac et dans les villes alentours.<\/p>\n<h3>Les meubles sont-ils couverts lors de votre intervention ?<\/h3>\n<p>Oui, avant les travaux, nous couvrons vos meubles et \u00e9lectrom\u00e9nagers. Cependant, si vous avez des objets fragiles, nous vous conseillons d&rsquo;en aviser notre \u00e9quipe, nous mettrons en \u0153uvre des mesures suppl\u00e9mentaires.<\/p>\n<h3>Que va-t-il arriver si je ne suis pas content du travail r\u00e9alis\u00e9 ?<\/h3>\n<p>Si notre prestation ne vous satisfait pas, nous nous engageons \u00e0 effectuer les corrections n\u00e9cessaires jusqu&rsquo;\u00e0 ce que vous soyez satisfait.<\/p>\n<h3>Proposez-vous des devis gratuits ?<\/h3>\n<p>Nos devis sont gratuits. Nos artisans se d\u00e9placent \u00e0 votre domicile pour r\u00e9pondre \u00e0 vos questions et valider avec vous votre devis.<\/p>\n<h3>Votre entreprise effectue-t-elle des travaux dans les villes proches de Estavayer-le-lac ?<\/h3>\n<p>Oui, Artisalocal intervient \u00e0 Estavayer-le-lac, mais aussi dans les villes proches, telles que :<\/p>\nCheyres, Estavayer-le-Lac, Bollion, Lully FR, Seiry, Ch\u00e2tillon FR, Font, Ch\u00e2bles FR, Autavaux, Forel FR, Montbrelloz, Cugy FR, Vesin, Frasses, Montet (Broye), Aumont, Granges-de-Vesin, Nuvilly, Murist, Payerne, F\u00e9tigny, M\u00e9ni\u00e8res, Treytorrens (Payerne), Bussy FR, Morens FR, S\u00e9vaz, Rueyres-les-Pr\u00e9s, Grandcour, Chevroux, Vers-chez-Perrin, Trey, Ch\u00e2tonnaye, Corcelles-pr\u00e8s-Payerne, Missy, Cerniat FR, Middes, Cousset, Montagny-les-Monts, Grandsivaz, Mannens, Montagny-la-Ville.\n","protected":false},"excerpt":{"rendered":"<p>Besoin d&rsquo;un peintre \u00e0 Estavayer-le-lac ? Artisanlocal r\u00e9alise la peinture de votre int\u00e9rieur et de votre ext\u00e9rieur \u00e0 Estavayer-le-lac. Nos peintres interviennent rapidement \u00e0 Estavayer-le-lac et aussi dans les villes aux environs. Quels sont les services d&rsquo;Artisanlocal ? Peinture int\u00e9rieure : les murs, les plafonds, les moulures, les portes d&rsquo;entr\u00e9es, et dans des endroits comme [&hellip;]<\/p>\n","protected":false},"author":4,"featured_media":2756,"parent":0,"menu_order":0,"comment_status":"closed","ping_status":"closed","template":"","meta":{"footnotes":""},"profession":[121],"location":[42],"canton":[109],"class_list":["post-765","page","type-page","status-publish","has-post-thumbnail","hentry","profession-peintre","location-estavayer-le-lac","canton-fr"],"yoast_head":"<!-- This site is optimized with the Yoast SEO Premium plugin v25.7.1 (Yoast SEO v27.4) - https:\/\/yoast.com\/product\/yoast-seo-premium-wordpress\/ -->\n<title>Peintre \u00e0 Estavayer-le-lac - Artisanlocal<\/title>\n<meta name=\"robots\" content=\"index, follow, max-snippet:-1, max-image-preview:large, max-video-preview:-1\" \/>\n<link rel=\"canonical\" href=\"https:\/\/www.artisanlocal.ch\/c\/engager-le-meilleur-peintre-a-estavayer-le-lac\/\" \/>\n<meta property=\"og:locale\" content=\"fr_FR\" \/>\n<meta property=\"og:type\" content=\"article\" \/>\n<meta property=\"og:title\" content=\"Peintre \u00e0 Estavayer-le-lac\" \/>\n<meta property=\"og:description\" content=\"Besoin d&rsquo;un peintre \u00e0 Estavayer-le-lac ? Artisanlocal r\u00e9alise la peinture de votre int\u00e9rieur et de votre ext\u00e9rieur \u00e0 Estavayer-le-lac. Nos peintres interviennent rapidement \u00e0 Estavayer-le-lac et aussi dans les villes aux environs. Quels sont les services d&rsquo;Artisanlocal ? Peinture int\u00e9rieure : les murs, les plafonds, les moulures, les portes d&rsquo;entr\u00e9es, et dans des endroits comme [&hellip;]\" \/>\n<meta property=\"og:url\" content=\"https:\/\/www.artisanlocal.ch\/c\/engager-le-meilleur-peintre-a-estavayer-le-lac\/\" \/>\n<meta property=\"og:site_name\" content=\"Artisanlocal\" \/>\n<meta property=\"article:modified_time\" content=\"2025-09-18T09:57:00+00:00\" \/>\n<meta property=\"og:image\" content=\"https:\/\/www.artisanlocal.ch\/c\/wp-content\/uploads\/2024\/10\/peintre.jpg\" \/>\n\t<meta property=\"og:image:width\" content=\"1920\" \/>\n\t<meta property=\"og:image:height\" content=\"300\" \/>\n\t<meta property=\"og:image:type\" content=\"image\/jpeg\" \/>\n<meta name=\"twitter:card\" content=\"summary_large_image\" \/>\n<meta name=\"twitter:label1\" content=\"Dur\u00e9e de lecture estim\u00e9e\" \/>\n\t<meta name=\"twitter:data1\" content=\"4 minutes\" \/>\n<script type=\"application\/ld+json\" class=\"yoast-schema-graph\">{\"@context\":\"https:\\\/\\\/schema.org\",\"@graph\":[{\"@type\":\"WebPage\",\"@id\":\"https:\\\/\\\/www.artisanlocal.ch\\\/c\\\/engager-le-meilleur-peintre-a-estavayer-le-lac\\\/\",\"url\":\"https:\\\/\\\/www.artisanlocal.ch\\\/c\\\/engager-le-meilleur-peintre-a-estavayer-le-lac\\\/\",\"name\":\"Peintre \u00e0 Estavayer-le-lac - Artisanlocal\",\"isPartOf\":{\"@id\":\"https:\\\/\\\/www.artisanlocal.ch\\\/c\\\/#website\"},\"primaryImageOfPage\":{\"@id\":\"https:\\\/\\\/www.artisanlocal.ch\\\/c\\\/engager-le-meilleur-peintre-a-estavayer-le-lac\\\/#primaryimage\"},\"image\":{\"@id\":\"https:\\\/\\\/www.artisanlocal.ch\\\/c\\\/engager-le-meilleur-peintre-a-estavayer-le-lac\\\/#primaryimage\"},\"thumbnailUrl\":\"https:\\\/\\\/www.artisanlocal.ch\\\/c\\\/wp-content\\\/uploads\\\/2024\\\/10\\\/peintre.jpg\",\"datePublished\":\"2024-04-15T13:06:44+00:00\",\"dateModified\":\"2025-09-18T09:57:00+00:00\",\"breadcrumb\":{\"@id\":\"https:\\\/\\\/www.artisanlocal.ch\\\/c\\\/engager-le-meilleur-peintre-a-estavayer-le-lac\\\/#breadcrumb\"},\"inLanguage\":\"fr-FR\",\"potentialAction\":[{\"@type\":\"ReadAction\",\"target\":[\"https:\\\/\\\/www.artisanlocal.ch\\\/c\\\/engager-le-meilleur-peintre-a-estavayer-le-lac\\\/\"]}]},{\"@type\":\"ImageObject\",\"inLanguage\":\"fr-FR\",\"@id\":\"https:\\\/\\\/www.artisanlocal.ch\\\/c\\\/engager-le-meilleur-peintre-a-estavayer-le-lac\\\/#primaryimage\",\"url\":\"https:\\\/\\\/www.artisanlocal.ch\\\/c\\\/wp-content\\\/uploads\\\/2024\\\/10\\\/peintre.jpg\",\"contentUrl\":\"https:\\\/\\\/www.artisanlocal.ch\\\/c\\\/wp-content\\\/uploads\\\/2024\\\/10\\\/peintre.jpg\",\"width\":1920,\"height\":300},{\"@type\":\"BreadcrumbList\",\"@id\":\"https:\\\/\\\/www.artisanlocal.ch\\\/c\\\/engager-le-meilleur-peintre-a-estavayer-le-lac\\\/#breadcrumb\",\"itemListElement\":[{\"@type\":\"ListItem\",\"position\":1,\"name\":\"Accueil\",\"item\":\"https:\\\/\\\/www.artisanlocal.ch\\\/c\\\/\"},{\"@type\":\"ListItem\",\"position\":2,\"name\":\"Peintre \u00e0 Estavayer-le-lac\"}]},{\"@type\":\"WebSite\",\"@id\":\"https:\\\/\\\/www.artisanlocal.ch\\\/c\\\/#website\",\"url\":\"https:\\\/\\\/www.artisanlocal.ch\\\/c\\\/\",\"name\":\"Artisanlocal\",\"description\":\"\",\"publisher\":{\"@id\":\"https:\\\/\\\/www.artisanlocal.ch\\\/c\\\/#organization\"},\"potentialAction\":[{\"@type\":\"SearchAction\",\"target\":{\"@type\":\"EntryPoint\",\"urlTemplate\":\"https:\\\/\\\/www.artisanlocal.ch\\\/c\\\/?s={search_term_string}\"},\"query-input\":{\"@type\":\"PropertyValueSpecification\",\"valueRequired\":true,\"valueName\":\"search_term_string\"}}],\"inLanguage\":\"fr-FR\"},{\"@type\":\"Organization\",\"@id\":\"https:\\\/\\\/www.artisanlocal.ch\\\/c\\\/#organization\",\"name\":\"Artisanlocal\",\"url\":\"https:\\\/\\\/www.artisanlocal.ch\\\/c\\\/\",\"logo\":{\"@type\":\"ImageObject\",\"inLanguage\":\"fr-FR\",\"@id\":\"https:\\\/\\\/www.artisanlocal.ch\\\/c\\\/#\\\/schema\\\/logo\\\/image\\\/\",\"url\":\"https:\\\/\\\/www.artisanlocal.ch\\\/c\\\/wp-content\\\/uploads\\\/2024\\\/02\\\/logo-artisanlocal-h.svg\",\"contentUrl\":\"https:\\\/\\\/www.artisanlocal.ch\\\/c\\\/wp-content\\\/uploads\\\/2024\\\/02\\\/logo-artisanlocal-h.svg\",\"caption\":\"Artisanlocal\"},\"image\":{\"@id\":\"https:\\\/\\\/www.artisanlocal.ch\\\/c\\\/#\\\/schema\\\/logo\\\/image\\\/\"}}]}<\/script>\n<!-- \/ Yoast SEO Premium plugin. -->","yoast_head_json":{"title":"Peintre \u00e0 Estavayer-le-lac - Artisanlocal","robots":{"index":"index","follow":"follow","max-snippet":"max-snippet:-1","max-image-preview":"max-image-preview:large","max-video-preview":"max-video-preview:-1"},"canonical":"https:\/\/www.artisanlocal.ch\/c\/engager-le-meilleur-peintre-a-estavayer-le-lac\/","og_locale":"fr_FR","og_type":"article","og_title":"Peintre \u00e0 Estavayer-le-lac","og_description":"Besoin d&rsquo;un peintre \u00e0 Estavayer-le-lac ? Artisanlocal r\u00e9alise la peinture de votre int\u00e9rieur et de votre ext\u00e9rieur \u00e0 Estavayer-le-lac. Nos peintres interviennent rapidement \u00e0 Estavayer-le-lac et aussi dans les villes aux environs. Quels sont les services d&rsquo;Artisanlocal ? Peinture int\u00e9rieure : les murs, les plafonds, les moulures, les portes d&rsquo;entr\u00e9es, et dans des endroits comme [&hellip;]","og_url":"https:\/\/www.artisanlocal.ch\/c\/engager-le-meilleur-peintre-a-estavayer-le-lac\/","og_site_name":"Artisanlocal","article_modified_time":"2025-09-18T09:57:00+00:00","og_image":[{"width":1920,"height":300,"url":"https:\/\/www.artisanlocal.ch\/c\/wp-content\/uploads\/2024\/10\/peintre.jpg","type":"image\/jpeg"}],"twitter_card":"summary_large_image","twitter_misc":{"Dur\u00e9e de lecture estim\u00e9e":"4 minutes"},"schema":{"@context":"https:\/\/schema.org","@graph":[{"@type":"WebPage","@id":"https:\/\/www.artisanlocal.ch\/c\/engager-le-meilleur-peintre-a-estavayer-le-lac\/","url":"https:\/\/www.artisanlocal.ch\/c\/engager-le-meilleur-peintre-a-estavayer-le-lac\/","name":"Peintre \u00e0 Estavayer-le-lac - Artisanlocal","isPartOf":{"@id":"https:\/\/www.artisanlocal.ch\/c\/#website"},"primaryImageOfPage":{"@id":"https:\/\/www.artisanlocal.ch\/c\/engager-le-meilleur-peintre-a-estavayer-le-lac\/#primaryimage"},"image":{"@id":"https:\/\/www.artisanlocal.ch\/c\/engager-le-meilleur-peintre-a-estavayer-le-lac\/#primaryimage"},"thumbnailUrl":"https:\/\/www.artisanlocal.ch\/c\/wp-content\/uploads\/2024\/10\/peintre.jpg","datePublished":"2024-04-15T13:06:44+00:00","dateModified":"2025-09-18T09:57:00+00:00","breadcrumb":{"@id":"https:\/\/www.artisanlocal.ch\/c\/engager-le-meilleur-peintre-a-estavayer-le-lac\/#breadcrumb"},"inLanguage":"fr-FR","potentialAction":[{"@type":"ReadAction","target":["https:\/\/www.artisanlocal.ch\/c\/engager-le-meilleur-peintre-a-estavayer-le-lac\/"]}]},{"@type":"ImageObject","inLanguage":"fr-FR","@id":"https:\/\/www.artisanlocal.ch\/c\/engager-le-meilleur-peintre-a-estavayer-le-lac\/#primaryimage","url":"https:\/\/www.artisanlocal.ch\/c\/wp-content\/uploads\/2024\/10\/peintre.jpg","contentUrl":"https:\/\/www.artisanlocal.ch\/c\/wp-content\/uploads\/2024\/10\/peintre.jpg","width":1920,"height":300},{"@type":"BreadcrumbList","@id":"https:\/\/www.artisanlocal.ch\/c\/engager-le-meilleur-peintre-a-estavayer-le-lac\/#breadcrumb","itemListElement":[{"@type":"ListItem","position":1,"name":"Accueil","item":"https:\/\/www.artisanlocal.ch\/c\/"},{"@type":"ListItem","position":2,"name":"Peintre \u00e0 Estavayer-le-lac"}]},{"@type":"WebSite","@id":"https:\/\/www.artisanlocal.ch\/c\/#website","url":"https:\/\/www.artisanlocal.ch\/c\/","name":"Artisanlocal","description":"","publisher":{"@id":"https:\/\/www.artisanlocal.ch\/c\/#organization"},"potentialAction":[{"@type":"SearchAction","target":{"@type":"EntryPoint","urlTemplate":"https:\/\/www.artisanlocal.ch\/c\/?s={search_term_string}"},"query-input":{"@type":"PropertyValueSpecification","valueRequired":true,"valueName":"search_term_string"}}],"inLanguage":"fr-FR"},{"@type":"Organization","@id":"https:\/\/www.artisanlocal.ch\/c\/#organization","name":"Artisanlocal","url":"https:\/\/www.artisanlocal.ch\/c\/","logo":{"@type":"ImageObject","inLanguage":"fr-FR","@id":"https:\/\/www.artisanlocal.ch\/c\/#\/schema\/logo\/image\/","url":"https:\/\/www.artisanlocal.ch\/c\/wp-content\/uploads\/2024\/02\/logo-artisanlocal-h.svg","contentUrl":"https:\/\/www.artisanlocal.ch\/c\/wp-content\/uploads\/2024\/02\/logo-artisanlocal-h.svg","caption":"Artisanlocal"},"image":{"@id":"https:\/\/www.artisanlocal.ch\/c\/#\/schema\/logo\/image\/"}}]}},"_links":{"self":[{"href":"https:\/\/www.artisanlocal.ch\/c\/wp-json\/wp\/v2\/pages\/765","targetHints":{"allow":["GET"]}}],"collection":[{"href":"https:\/\/www.artisanlocal.ch\/c\/wp-json\/wp\/v2\/pages"}],"about":[{"href":"https:\/\/www.artisanlocal.ch\/c\/wp-json\/wp\/v2\/types\/page"}],"author":[{"embeddable":true,"href":"https:\/\/www.artisanlocal.ch\/c\/wp-json\/wp\/v2\/users\/4"}],"replies":[{"embeddable":true,"href":"https:\/\/www.artisanlocal.ch\/c\/wp-json\/wp\/v2\/comments?post=765"}],"version-history":[{"count":0,"href":"https:\/\/www.artisanlocal.ch\/c\/wp-json\/wp\/v2\/pages\/765\/revisions"}],"wp:featuredmedia":[{"embeddable":true,"href":"https:\/\/www.artisanlocal.ch\/c\/wp-json\/wp\/v2\/media\/2756"}],"wp:attachment":[{"href":"https:\/\/www.artisanlocal.ch\/c\/wp-json\/wp\/v2\/media?parent=765"}],"wp:term":[{"taxonomy":"profession","embeddable":true,"href":"https:\/\/www.artisanlocal.ch\/c\/wp-json\/wp\/v2\/profession?post=765"},{"taxonomy":"location","embeddable":true,"href":"https:\/\/www.artisanlocal.ch\/c\/wp-json\/wp\/v2\/location?post=765"},{"taxonomy":"canton","embeddable":true,"href":"https:\/\/www.artisanlocal.ch\/c\/wp-json\/wp\/v2\/canton?post=765"}],"curies":[{"name":"wp","href":"https:\/\/api.w.org\/{rel}","templated":true}]}}