{"id":767,"date":"2024-04-16T15:51:41","date_gmt":"2024-04-16T13:51:41","guid":{"rendered":"https:\/\/www.artisanlocal.ch\/c\/societe-de-peintre-a-renens\/"},"modified":"2025-09-18T13:30:57","modified_gmt":"2025-09-18T11:30:57","slug":"societe-de-peintre-a-renens","status":"publish","type":"page","link":"https:\/\/www.artisanlocal.ch\/c\/societe-de-peintre-a-renens\/","title":{"rendered":"Peintre \u00e0 Renens VD"},"content":{"rendered":"<p>Besoin d&rsquo;un peintre \u00e0 Renens VD ? Faites appel \u00e0 Artisanlocal, nous proposons des services de qualit\u00e9, de l&rsquo;\u00e9tude aux finitions, si vous \u00eates un Renanais, nous intervenons rapidement \u00e0 votre domicile et aussi dans les villes aux alentours.<\/p>\n\r\n<div class=\"box\">\r\n            <div class=\"company-info\">\r\n            <img decoding=\"async\" class=\"company-info__logo\" src=\"https:\/\/www.artisanlocal.ch\/media\/cache\/thumb\/images\/companies\/62611d5f9953b292173054.png\" alt=\"Logo\">\r\n            <h2 class=\"company-info__name\">Di Salvo St\u00e9phane<\/h2>\r\n            <p class=\"company-info__business\">Pl\u00e2trerie - Peinture - R\u00e9novation - Papiers peints - Fa\u00e7ades<\/p>\r\n        <\/div>\r\n        <div class=\"company-contact\">\r\n            <p class=\"company-info__address\">Chemin de Bourg-Dessus 9<\/p>\r\n                            <div class=\"links\">\r\n                                            <a class=\"btn has-accent-background-color js-phoneNumber\" href=\"tel:0794180161\" title=\"Appelez\" data-id=\"2907\" data-type=\"11\">079 418 01 61<\/a>\r\n                                                                <a class=\"btn has-accent-background-color\" href=\"https:\/\/www.disalvo-peinture-renens.ch\/\" target=\"_blank\" title=\"Voir le site internet\" data-id=\"2907\" data-type=\"20\">Site internet<\/a>\r\n                                    <\/div>\r\n                    <\/div>\r\n    \r\n            \r\n<form action=\"https:\/\/www.artisanlocal.ch\/c\/wp-admin\/admin-ajax.php\" method=\"post\" class=\"form-contact\" id=\"artisan_form_contact_company_inline\">\r\n    <div><input type=\"hidden\" name=\"action\" value=\"company_contact\"><\/div>\r\n    <div><input type=\"hidden\" name=\"nonce\" value=\"67a23a8c67\"><\/div>\r\n    <div><input type=\"hidden\" name=\"company_id\" value=\"2907\"><\/div>\r\n    <div><input type=\"hidden\" name=\"form_id\" value=\"artisan_form_contact_company_inline\"><\/div>\r\n    <div class=\"gglcptch gglcptch_v3 gglcptch_custom\"><input type=\"hidden\" id=\"g-recaptcha-response\" name=\"g-recaptcha-response\" \/><br \/><div class=\"gglcptch_error_text\">La p\u00e9riode de v\u00e9rification reCAPTCHA a expir\u00e9. Veuillez recharger la page.<\/div><\/div>    <div class=\"form-content\">\r\n        <div class=\"form-group\">\r\n            <label for=\"contact_firstName\" class=\"required\">Pr\u00e9nom<\/label>\r\n            <input type=\"text\" name=\"firstName\" class=\"form-control\" required>\r\n        <\/div>\r\n        <div class=\"form-group\">\r\n            <label for=\"contact_lastName\" class=\"required\">Nom<\/label>\r\n            <input type=\"text\" name=\"lastName\" class=\"form-control\" required>\r\n        <\/div>\r\n        <div class=\"form-group\">\r\n            <label for=\"contact_email\" class=\"required\">Email<\/label>\r\n            <input type=\"email\" name=\"email\" class=\"form-control\" required>\r\n        <\/div>\r\n        <div class=\"form-group\">\r\n            <label for=\"contact_phone\" class=\"required\">Num\u00e9ro de t\u00e9l\u00e9phone<\/label>\r\n            <input type=\"tel\" name=\"phone\" class=\"form-control\" placeholder=\"0787117165\" pattern=\"^[0-9]{10}$\" required>\r\n        <\/div>\r\n        <div class=\"form-group\">\r\n            <label for=\"contact_postalCode\" class=\"required\">Code postal et localit\u00e9<\/label>\r\n            <input type=\"text\" name=\"postalCode\" class=\"form-control\" required>\r\n        <\/div>\r\n        <div class=\"form-group\">\r\n            <label for=\"contact_address\" class=\"required\">Adresse<\/label>\r\n            <input type=\"text\" name=\"address\" class=\"form-control\" required>\r\n        <\/div>\r\n        <div class=\"full-width topic\">\r\n            <p class=\"required\">Je souhaite \u00eatre contact\u00e9 pour :<\/p>\r\n            <div class=\"form-check\">\r\n                <input type=\"radio\" name=\"topic\" value=\"D\u00e9pannage\" class=\"form-control\" required>\r\n                <label for=\"d\u00e9pannage\">D\u00e9pannage<\/label>\r\n            <\/div>\r\n            <div class=\"form-check\">\r\n                <input type=\"radio\" name=\"topic\" value=\"Entretien\" class=\"form-control\" required>\r\n                <label for=\"entretien\">Entretien<\/label>\r\n            <\/div>\r\n            <div class=\"form-check\">\r\n                <input type=\"radio\" name=\"topic\" value=\"R\u00e9novation\" class=\"form-control\" required>\r\n                <label for=\"r\u00e9novation\">R\u00e9novation<\/label>\r\n            <\/div>\r\n            <div class=\"form-check\">\r\n                <input type=\"radio\" name=\"topic\" value=\"Autre\" class=\"form-control\" required>\r\n                <label for=\"autre\">Autre<\/label>\r\n            <\/div>\r\n        <\/div>\r\n        <div class=\"form-group full-width\">\r\n            <label for=\"contact_message\">Message<\/label>\r\n            <textarea name=\"message\" rows=\"3\" class=\"form-control\"><\/textarea>\r\n        <\/div>\r\n    <\/div>\r\n    <div class=\"form-actions\">\r\n        <button class=\"wp-block-button__link has-accent-background-color\">Contacter<\/button>\r\n    <\/div>\r\n<\/form>\r\n<div class=\"form-feedback\"><\/div>    <\/div>\n<h2>Quels sont les services d&rsquo;Artisanlocal ?<\/h2>\n<ul>\n<li>Peinture int\u00e9rieure : sur les murs, les plafonds, les moulures, les portes, et dans des endroits comme la salle d&rsquo;eau, le salon et la chambre.<\/li>\n<li>Peinture ext\u00e9rieure : ajout d&rsquo;une nouvelle couche de peinture sur les portes de garage, les terrasses, les briques, les bardages, les cl\u00f4tures et le stuc.<\/li>\n<li>Peinture d\u00e9corative : pour concevoir des effets visuels comme le faux marbre, l&rsquo;effet oxyd\u00e9, les patines, le faux bois et l&rsquo;effet vieilli.<\/li>\n<li>Peinture de votre cuisine : pose d&rsquo;une couche, comme la peinture satin\u00e9e, qui se lave facilement.<\/li>\n<li>Les projets d&rsquo;enduits d\u00e9coratifs : pose d&rsquo;enduits comme le tadelakt ou le b\u00e9ton cir\u00e9.<\/li>\n<li>Peinture artistique : conception de fresques murales artistiques, d\u00e9coratives, int\u00e9rieures ou ext\u00e9rieures.<\/li>\n<li>Peinture pour le ravalement de fa\u00e7ade : am\u00e9lioration esth\u00e9tique de la face avant du b\u00e2timent, pose d&rsquo;enduit, peinture, bardage ou cr\u00e9pi.<\/li>\n<li>Peintre cordiste : travaux de peinture en hauteur, nous intervenons dans les lieus inaccessibles d\u2019acc\u00e8s, comme les ponts, \u00e9oliennes, tours, ou usines.<\/li>\n<li>Finition de peinture : application d\u2019une peinture de finition sur votre mobilier de coin cuisine ou de votre salle d&rsquo;eau.<\/li>\n<li>Les travaux de r\u00e9novation et d&rsquo;installation : le comblement des br\u00e8ches dans vos murs, l&rsquo;installation de votre placo, ou le rebouchage des trous dans les murs.<\/li>\n<li>Les travaux d&rsquo;enl\u00e8vement et de mise en place de papier peint : le retrait et l&rsquo;installation d&rsquo;une nouvelle tapisserie murale.<\/li>\n<li>Peinture pour professionnelle : pour les espaces de travail, restaurants, \u00e9tablissement scolaire, complexes sportifs et autres biens immobiliers pour les professionnels.<\/li>\n<li>Peinture pour b\u00e2timent : pour la pr\u00e9paration des surfaces avant les travaux de peinture, la r\u00e9alisation des finitions et l\u2019application des rev\u00eatements\/peintures.<\/li>\n<\/ul>\n<h2>Comment marche votre entreprise ?<\/h2>\n<p>Nous avons \u00e9labor\u00e9 un processus afin de r\u00e9pondre avec pr\u00e9cision aux attentes de nos clients.<\/p>\n<h3>\u00c9tape 1\u00a0 : commander une estimation<\/h3>\n<p>Demandez-nous un devis en ligne ou par t\u00e9l\u00e9phone et recevez une estimation de vos travaux rapidement.<\/p>\n<h3>\u00c9tape 2\u00a0 : v\u00e9rifier votre estimation<\/h3>\n<p>Assurez-vous que l&rsquo;estimation que vous obtenez d\u00e9termine correctement le prix de votre projet. Si vous avez un doute, contactez-nous pour en savoir plus sur les d\u00e9tails de votre estimation.<\/p>\n<h3>\u00c9tape 3\u00a0 : organiser la date de d\u00e9but de votre projet peinture<\/h3>\n<p>Une fois que vous avez valid\u00e9 l&rsquo;estimation, nous fixons ensemble la date de commencement de votre r\u00e9novation. Afin d&rsquo;assurer la bonne r\u00e9ussite de votre projet, nous vous assignons un chef de projet d\u00e9di\u00e9.<\/p>\n<h2>Que faut-il d\u00e9bourser pour des travaux de peinture \u00e0 Renens VD ?<\/h2>\n<p>Le prix d&rsquo;une prestation de peinture d\u00e9pend principalement de l&rsquo;\u00e9tat des surfaces \u00e0 r\u00e9nover. G\u00e9n\u00e9ralement, les prix se situent entre 60 et 70 francs suisses par heure. \u00c0 peu pr\u00e8s 80% \u00e0 90% du co\u00fbt total sont attribu\u00e9s \u00e0 la main-d&rsquo;\u0153uvre, tandis que la peinture ne pr\u00e9sente que 10% \u00e0 20% du budget.<\/p>\n<h2>Pourquoi choisir nos artisans peintres \u00e0 Renens VD ?<\/h2>\n<ul>\n<li>Accessibilit\u00e9 : nos artisans peintres sont disponibles en continu \u00e0 Renens VD afin de r\u00e9pondre d\u00e8s que possible \u00e0 vos besoins.<\/li>\n<li>Qualit\u00e9 : en choisissant notre entreprise, vous optez pour la qualit\u00e9 et le professionnalisme.<\/li>\n<li>Prix comp\u00e9titifs : nous mettons en place des tarifs comp\u00e9titifs, adapt\u00e9s \u00e0 vos demandes et \u00e0 vos moyens financiers.<\/li>\n<li>Prestations adapt\u00e9es : nous \u00e9tudions votre projet de mani\u00e8re \u00e0 cr\u00e9er une offre adapt\u00e9e.<\/li>\n<li>Les comp\u00e9tences, nos artisans peintres \u00e0 Renens VD ont un large \u00e9ventail de comp\u00e9tences, comme : la pr\u00e9paration avant les travaux de peinture, l&rsquo;application des diff\u00e9rentes couches et la mise en \u0153uvre des finitions.<\/li>\n<\/ul>\n<h2>Foire aux questions<\/h2>\n<h3>Quel genre de peinture utilisez-vous ?<\/h3>\n<p>Nous choisissons que des peintures premium. Il est possible pour nos artisans peintres d&#8217;employer les pots que vous avez en stock.<\/p>\n<h3>Votre soci\u00e9t\u00e9 est-elle disponible le week-end ?<\/h3>\n<p>Oui, nous sommes disponibles le week-end \u00e0 Renens VD.<\/p>\n<h3>Prot\u00e9gez-vous mon int\u00e9rieur ?<\/h3>\n<p>Oui, avant les travaux, nous prot\u00e9geons vos mobiliers et votre \u00e9lectrom\u00e9nager. Cependant, si vous avez des objets fragiles, nous vous recommandons d&rsquo;en aviser le chef de projet, nous prendrons plus de pr\u00e9cautions.<\/p>\n<h3>Que se passe-t-il si je ne suis pas satisfait du travail effectu\u00e9 ?<\/h3>\n<p>Si vous n&rsquo;\u00eates pas satisfait \u00e0 100% des r\u00e9sultats, nous reviendrons pour r\u00e9soudre les probl\u00e8mes jusqu&rsquo;\u00e0 ce que vous soyez combl\u00e9.<\/p>\n<h3>Vos devis sont-ils gratuits ?<\/h3>\n<p>Oui, nos devis sont gratuits. Si vous voulez plus d&rsquo;informations, un technicien se rend \u00e0 votre foyer afin de valider le devis avec vous.<\/p>\n<h3>Votre entreprise effectue-t-elle des travaux de peintures dans les alentours de Renens VD ?<\/h3>\n<p>Oui, Artisanlocal r\u00e9alise des travaux de peintures \u00e0 Renens VD, et dans les villes proches, comme :<\/p>\nJouxtens-M\u00e9zery, Prilly, Crissier.\n","protected":false},"excerpt":{"rendered":"<p>Besoin d&rsquo;un peintre \u00e0 Renens VD ? Faites appel \u00e0 Artisanlocal, nous proposons des services de qualit\u00e9, de l&rsquo;\u00e9tude aux finitions, si vous \u00eates un Renanais, nous intervenons rapidement \u00e0 votre domicile et aussi dans les villes aux alentours. Quels sont les services d&rsquo;Artisanlocal ? Peinture int\u00e9rieure : sur les murs, les plafonds, les moulures, [&hellip;]<\/p>\n","protected":false},"author":4,"featured_media":2756,"parent":0,"menu_order":0,"comment_status":"closed","ping_status":"closed","template":"","meta":{"footnotes":""},"profession":[121],"location":[53],"canton":[113],"class_list":["post-767","page","type-page","status-publish","has-post-thumbnail","hentry","profession-peintre","location-renens-vd","canton-vd"],"yoast_head":"<!-- This site is optimized with the Yoast SEO Premium plugin v25.7.1 (Yoast SEO v27.3) - https:\/\/yoast.com\/product\/yoast-seo-premium-wordpress\/ -->\n<title>Peintre \u00e0 Renens VD - Artisanlocal<\/title>\n<meta name=\"robots\" content=\"index, follow, max-snippet:-1, max-image-preview:large, max-video-preview:-1\" \/>\n<link rel=\"canonical\" href=\"https:\/\/www.artisanlocal.ch\/c\/societe-de-peintre-a-renens\/\" \/>\n<meta property=\"og:locale\" content=\"fr_FR\" \/>\n<meta property=\"og:type\" content=\"article\" \/>\n<meta property=\"og:title\" content=\"Peintre \u00e0 Renens VD\" \/>\n<meta property=\"og:description\" content=\"Besoin d&rsquo;un peintre \u00e0 Renens VD ? Faites appel \u00e0 Artisanlocal, nous proposons des services de qualit\u00e9, de l&rsquo;\u00e9tude aux finitions, si vous \u00eates un Renanais, nous intervenons rapidement \u00e0 votre domicile et aussi dans les villes aux alentours. Quels sont les services d&rsquo;Artisanlocal ? Peinture int\u00e9rieure : sur les murs, les plafonds, les moulures, [&hellip;]\" \/>\n<meta property=\"og:url\" content=\"https:\/\/www.artisanlocal.ch\/c\/societe-de-peintre-a-renens\/\" \/>\n<meta property=\"og:site_name\" content=\"Artisanlocal\" \/>\n<meta property=\"article:modified_time\" content=\"2025-09-18T11:30:57+00:00\" \/>\n<meta property=\"og:image\" content=\"https:\/\/www.artisanlocal.ch\/c\/wp-content\/uploads\/2024\/10\/peintre.jpg\" \/>\n\t<meta property=\"og:image:width\" content=\"1920\" \/>\n\t<meta property=\"og:image:height\" content=\"300\" \/>\n\t<meta property=\"og:image:type\" content=\"image\/jpeg\" \/>\n<meta name=\"twitter:card\" content=\"summary_large_image\" \/>\n<meta name=\"twitter:label1\" content=\"Dur\u00e9e de lecture estim\u00e9e\" \/>\n\t<meta name=\"twitter:data1\" content=\"5 minutes\" \/>\n<script type=\"application\/ld+json\" class=\"yoast-schema-graph\">{\"@context\":\"https:\\\/\\\/schema.org\",\"@graph\":[{\"@type\":\"WebPage\",\"@id\":\"https:\\\/\\\/www.artisanlocal.ch\\\/c\\\/societe-de-peintre-a-renens\\\/\",\"url\":\"https:\\\/\\\/www.artisanlocal.ch\\\/c\\\/societe-de-peintre-a-renens\\\/\",\"name\":\"Peintre \u00e0 Renens VD - Artisanlocal\",\"isPartOf\":{\"@id\":\"https:\\\/\\\/www.artisanlocal.ch\\\/c\\\/#website\"},\"primaryImageOfPage\":{\"@id\":\"https:\\\/\\\/www.artisanlocal.ch\\\/c\\\/societe-de-peintre-a-renens\\\/#primaryimage\"},\"image\":{\"@id\":\"https:\\\/\\\/www.artisanlocal.ch\\\/c\\\/societe-de-peintre-a-renens\\\/#primaryimage\"},\"thumbnailUrl\":\"https:\\\/\\\/www.artisanlocal.ch\\\/c\\\/wp-content\\\/uploads\\\/2024\\\/10\\\/peintre.jpg\",\"datePublished\":\"2024-04-16T13:51:41+00:00\",\"dateModified\":\"2025-09-18T11:30:57+00:00\",\"breadcrumb\":{\"@id\":\"https:\\\/\\\/www.artisanlocal.ch\\\/c\\\/societe-de-peintre-a-renens\\\/#breadcrumb\"},\"inLanguage\":\"fr-FR\",\"potentialAction\":[{\"@type\":\"ReadAction\",\"target\":[\"https:\\\/\\\/www.artisanlocal.ch\\\/c\\\/societe-de-peintre-a-renens\\\/\"]}]},{\"@type\":\"ImageObject\",\"inLanguage\":\"fr-FR\",\"@id\":\"https:\\\/\\\/www.artisanlocal.ch\\\/c\\\/societe-de-peintre-a-renens\\\/#primaryimage\",\"url\":\"https:\\\/\\\/www.artisanlocal.ch\\\/c\\\/wp-content\\\/uploads\\\/2024\\\/10\\\/peintre.jpg\",\"contentUrl\":\"https:\\\/\\\/www.artisanlocal.ch\\\/c\\\/wp-content\\\/uploads\\\/2024\\\/10\\\/peintre.jpg\",\"width\":1920,\"height\":300},{\"@type\":\"BreadcrumbList\",\"@id\":\"https:\\\/\\\/www.artisanlocal.ch\\\/c\\\/societe-de-peintre-a-renens\\\/#breadcrumb\",\"itemListElement\":[{\"@type\":\"ListItem\",\"position\":1,\"name\":\"Accueil\",\"item\":\"https:\\\/\\\/www.artisanlocal.ch\\\/c\\\/\"},{\"@type\":\"ListItem\",\"position\":2,\"name\":\"Peintre \u00e0 Renens\"}]},{\"@type\":\"WebSite\",\"@id\":\"https:\\\/\\\/www.artisanlocal.ch\\\/c\\\/#website\",\"url\":\"https:\\\/\\\/www.artisanlocal.ch\\\/c\\\/\",\"name\":\"Artisanlocal\",\"description\":\"\",\"publisher\":{\"@id\":\"https:\\\/\\\/www.artisanlocal.ch\\\/c\\\/#organization\"},\"potentialAction\":[{\"@type\":\"SearchAction\",\"target\":{\"@type\":\"EntryPoint\",\"urlTemplate\":\"https:\\\/\\\/www.artisanlocal.ch\\\/c\\\/?s={search_term_string}\"},\"query-input\":{\"@type\":\"PropertyValueSpecification\",\"valueRequired\":true,\"valueName\":\"search_term_string\"}}],\"inLanguage\":\"fr-FR\"},{\"@type\":\"Organization\",\"@id\":\"https:\\\/\\\/www.artisanlocal.ch\\\/c\\\/#organization\",\"name\":\"Artisanlocal\",\"url\":\"https:\\\/\\\/www.artisanlocal.ch\\\/c\\\/\",\"logo\":{\"@type\":\"ImageObject\",\"inLanguage\":\"fr-FR\",\"@id\":\"https:\\\/\\\/www.artisanlocal.ch\\\/c\\\/#\\\/schema\\\/logo\\\/image\\\/\",\"url\":\"https:\\\/\\\/www.artisanlocal.ch\\\/c\\\/wp-content\\\/uploads\\\/2024\\\/02\\\/logo-artisanlocal-h.svg\",\"contentUrl\":\"https:\\\/\\\/www.artisanlocal.ch\\\/c\\\/wp-content\\\/uploads\\\/2024\\\/02\\\/logo-artisanlocal-h.svg\",\"caption\":\"Artisanlocal\"},\"image\":{\"@id\":\"https:\\\/\\\/www.artisanlocal.ch\\\/c\\\/#\\\/schema\\\/logo\\\/image\\\/\"}}]}<\/script>\n<!-- \/ Yoast SEO Premium plugin. -->","yoast_head_json":{"title":"Peintre \u00e0 Renens VD - Artisanlocal","robots":{"index":"index","follow":"follow","max-snippet":"max-snippet:-1","max-image-preview":"max-image-preview:large","max-video-preview":"max-video-preview:-1"},"canonical":"https:\/\/www.artisanlocal.ch\/c\/societe-de-peintre-a-renens\/","og_locale":"fr_FR","og_type":"article","og_title":"Peintre \u00e0 Renens VD","og_description":"Besoin d&rsquo;un peintre \u00e0 Renens VD ? Faites appel \u00e0 Artisanlocal, nous proposons des services de qualit\u00e9, de l&rsquo;\u00e9tude aux finitions, si vous \u00eates un Renanais, nous intervenons rapidement \u00e0 votre domicile et aussi dans les villes aux alentours. Quels sont les services d&rsquo;Artisanlocal ? Peinture int\u00e9rieure : sur les murs, les plafonds, les moulures, [&hellip;]","og_url":"https:\/\/www.artisanlocal.ch\/c\/societe-de-peintre-a-renens\/","og_site_name":"Artisanlocal","article_modified_time":"2025-09-18T11:30:57+00:00","og_image":[{"width":1920,"height":300,"url":"https:\/\/www.artisanlocal.ch\/c\/wp-content\/uploads\/2024\/10\/peintre.jpg","type":"image\/jpeg"}],"twitter_card":"summary_large_image","twitter_misc":{"Dur\u00e9e de lecture estim\u00e9e":"5 minutes"},"schema":{"@context":"https:\/\/schema.org","@graph":[{"@type":"WebPage","@id":"https:\/\/www.artisanlocal.ch\/c\/societe-de-peintre-a-renens\/","url":"https:\/\/www.artisanlocal.ch\/c\/societe-de-peintre-a-renens\/","name":"Peintre \u00e0 Renens VD - Artisanlocal","isPartOf":{"@id":"https:\/\/www.artisanlocal.ch\/c\/#website"},"primaryImageOfPage":{"@id":"https:\/\/www.artisanlocal.ch\/c\/societe-de-peintre-a-renens\/#primaryimage"},"image":{"@id":"https:\/\/www.artisanlocal.ch\/c\/societe-de-peintre-a-renens\/#primaryimage"},"thumbnailUrl":"https:\/\/www.artisanlocal.ch\/c\/wp-content\/uploads\/2024\/10\/peintre.jpg","datePublished":"2024-04-16T13:51:41+00:00","dateModified":"2025-09-18T11:30:57+00:00","breadcrumb":{"@id":"https:\/\/www.artisanlocal.ch\/c\/societe-de-peintre-a-renens\/#breadcrumb"},"inLanguage":"fr-FR","potentialAction":[{"@type":"ReadAction","target":["https:\/\/www.artisanlocal.ch\/c\/societe-de-peintre-a-renens\/"]}]},{"@type":"ImageObject","inLanguage":"fr-FR","@id":"https:\/\/www.artisanlocal.ch\/c\/societe-de-peintre-a-renens\/#primaryimage","url":"https:\/\/www.artisanlocal.ch\/c\/wp-content\/uploads\/2024\/10\/peintre.jpg","contentUrl":"https:\/\/www.artisanlocal.ch\/c\/wp-content\/uploads\/2024\/10\/peintre.jpg","width":1920,"height":300},{"@type":"BreadcrumbList","@id":"https:\/\/www.artisanlocal.ch\/c\/societe-de-peintre-a-renens\/#breadcrumb","itemListElement":[{"@type":"ListItem","position":1,"name":"Accueil","item":"https:\/\/www.artisanlocal.ch\/c\/"},{"@type":"ListItem","position":2,"name":"Peintre \u00e0 Renens"}]},{"@type":"WebSite","@id":"https:\/\/www.artisanlocal.ch\/c\/#website","url":"https:\/\/www.artisanlocal.ch\/c\/","name":"Artisanlocal","description":"","publisher":{"@id":"https:\/\/www.artisanlocal.ch\/c\/#organization"},"potentialAction":[{"@type":"SearchAction","target":{"@type":"EntryPoint","urlTemplate":"https:\/\/www.artisanlocal.ch\/c\/?s={search_term_string}"},"query-input":{"@type":"PropertyValueSpecification","valueRequired":true,"valueName":"search_term_string"}}],"inLanguage":"fr-FR"},{"@type":"Organization","@id":"https:\/\/www.artisanlocal.ch\/c\/#organization","name":"Artisanlocal","url":"https:\/\/www.artisanlocal.ch\/c\/","logo":{"@type":"ImageObject","inLanguage":"fr-FR","@id":"https:\/\/www.artisanlocal.ch\/c\/#\/schema\/logo\/image\/","url":"https:\/\/www.artisanlocal.ch\/c\/wp-content\/uploads\/2024\/02\/logo-artisanlocal-h.svg","contentUrl":"https:\/\/www.artisanlocal.ch\/c\/wp-content\/uploads\/2024\/02\/logo-artisanlocal-h.svg","caption":"Artisanlocal"},"image":{"@id":"https:\/\/www.artisanlocal.ch\/c\/#\/schema\/logo\/image\/"}}]}},"_links":{"self":[{"href":"https:\/\/www.artisanlocal.ch\/c\/wp-json\/wp\/v2\/pages\/767","targetHints":{"allow":["GET"]}}],"collection":[{"href":"https:\/\/www.artisanlocal.ch\/c\/wp-json\/wp\/v2\/pages"}],"about":[{"href":"https:\/\/www.artisanlocal.ch\/c\/wp-json\/wp\/v2\/types\/page"}],"author":[{"embeddable":true,"href":"https:\/\/www.artisanlocal.ch\/c\/wp-json\/wp\/v2\/users\/4"}],"replies":[{"embeddable":true,"href":"https:\/\/www.artisanlocal.ch\/c\/wp-json\/wp\/v2\/comments?post=767"}],"version-history":[{"count":0,"href":"https:\/\/www.artisanlocal.ch\/c\/wp-json\/wp\/v2\/pages\/767\/revisions"}],"wp:featuredmedia":[{"embeddable":true,"href":"https:\/\/www.artisanlocal.ch\/c\/wp-json\/wp\/v2\/media\/2756"}],"wp:attachment":[{"href":"https:\/\/www.artisanlocal.ch\/c\/wp-json\/wp\/v2\/media?parent=767"}],"wp:term":[{"taxonomy":"profession","embeddable":true,"href":"https:\/\/www.artisanlocal.ch\/c\/wp-json\/wp\/v2\/profession?post=767"},{"taxonomy":"location","embeddable":true,"href":"https:\/\/www.artisanlocal.ch\/c\/wp-json\/wp\/v2\/location?post=767"},{"taxonomy":"canton","embeddable":true,"href":"https:\/\/www.artisanlocal.ch\/c\/wp-json\/wp\/v2\/canton?post=767"}],"curies":[{"name":"wp","href":"https:\/\/api.w.org\/{rel}","templated":true}]}}