{"id":769,"date":"2024-04-15T06:15:52","date_gmt":"2024-04-15T04:15:52","guid":{"rendered":"https:\/\/www.artisanlocal.ch\/c\/engager-le-meilleur-peintre-a-montreux\/"},"modified":"2025-09-17T11:16:07","modified_gmt":"2025-09-17T09:16:07","slug":"engager-le-meilleur-peintre-a-montreux","status":"publish","type":"page","link":"https:\/\/www.artisanlocal.ch\/c\/engager-le-meilleur-peintre-a-montreux\/","title":{"rendered":"Peintre \u00e0 Montreux"},"content":{"rendered":"<p>Besoin d&rsquo;un peintre \u00e0 Montreux ? Artisanlocal propose des services de qualit\u00e9, de l&rsquo;\u00e9tude aux finitions de vos peintures, nous nous ajustons \u00e0 vos horaires et nous intervenons rapidement dans votre foyer \u00e0 Montreux et dans les villes \u00e0 proximit\u00e9.<\/p>\n\r\n<div class=\"box\">\r\n            <div class=\"company-info\">\r\n            <img decoding=\"async\" class=\"company-info__logo\" src=\"https:\/\/www.artisanlocal.ch\/media\/cache\/thumb\/images\/companies\/687e356b45890617501541.png\" alt=\"Logo\">\r\n            <h2 class=\"company-info__name\">AM Peinture-R\u00e9novation S\u00e0rl<\/h2>\r\n            <p class=\"company-info__business\">Peinture (int\u00e9rieure, ext\u00e9rieure, \u00e9cologique, d\u00e9corative) - Pl\u00e2trerie - R\u00e9novation (int\u00e9rieure, de fa\u00e7ades) - Isolation - Am\u00e9nagement de nouveaux espaces (cr\u00e9ation, r\u00e9am\u00e9nagement)<\/p>\r\n        <\/div>\r\n        <div class=\"company-contact\">\r\n            <p class=\"company-info__address\">Rue du Cygne 5<\/p>\r\n                            <div class=\"links\">\r\n                                            <a class=\"btn has-accent-background-color js-phoneNumber\" href=\"tel:0763905414\" title=\"Appelez\" data-id=\"11225\" data-type=\"11\">076 390 54 14<\/a>\r\n                                                                <a class=\"btn has-accent-background-color\" href=\"https:\/\/peinture-renovation.ch\/\" target=\"_blank\" title=\"Voir le site internet\" data-id=\"11225\" data-type=\"20\">Site internet<\/a>\r\n                                    <\/div>\r\n                    <\/div>\r\n    \r\n            \r\n<form action=\"https:\/\/www.artisanlocal.ch\/c\/wp-admin\/admin-ajax.php\" method=\"post\" class=\"form-contact\" id=\"artisan_form_contact_company_inline\">\r\n    <div><input type=\"hidden\" name=\"action\" value=\"company_contact\"><\/div>\r\n    <div><input type=\"hidden\" name=\"nonce\" value=\"67a23a8c67\"><\/div>\r\n    <div><input type=\"hidden\" name=\"company_id\" value=\"11225\"><\/div>\r\n    <div><input type=\"hidden\" name=\"form_id\" value=\"artisan_form_contact_company_inline\"><\/div>\r\n    <div class=\"gglcptch gglcptch_v3 gglcptch_custom\"><input type=\"hidden\" id=\"g-recaptcha-response\" name=\"g-recaptcha-response\" \/><br \/><div class=\"gglcptch_error_text\">La p\u00e9riode de v\u00e9rification reCAPTCHA a expir\u00e9. Veuillez recharger la page.<\/div><\/div>    <div class=\"form-content\">\r\n        <div class=\"form-group\">\r\n            <label for=\"contact_firstName\" class=\"required\">Pr\u00e9nom<\/label>\r\n            <input type=\"text\" name=\"firstName\" class=\"form-control\" required>\r\n        <\/div>\r\n        <div class=\"form-group\">\r\n            <label for=\"contact_lastName\" class=\"required\">Nom<\/label>\r\n            <input type=\"text\" name=\"lastName\" class=\"form-control\" required>\r\n        <\/div>\r\n        <div class=\"form-group\">\r\n            <label for=\"contact_email\" class=\"required\">Email<\/label>\r\n            <input type=\"email\" name=\"email\" class=\"form-control\" required>\r\n        <\/div>\r\n        <div class=\"form-group\">\r\n            <label for=\"contact_phone\" class=\"required\">Num\u00e9ro de t\u00e9l\u00e9phone<\/label>\r\n            <input type=\"tel\" name=\"phone\" class=\"form-control\" placeholder=\"0787117165\" pattern=\"^[0-9]{10}$\" required>\r\n        <\/div>\r\n        <div class=\"form-group\">\r\n            <label for=\"contact_postalCode\" class=\"required\">Code postal et localit\u00e9<\/label>\r\n            <input type=\"text\" name=\"postalCode\" class=\"form-control\" required>\r\n        <\/div>\r\n        <div class=\"form-group\">\r\n            <label for=\"contact_address\" class=\"required\">Adresse<\/label>\r\n            <input type=\"text\" name=\"address\" class=\"form-control\" required>\r\n        <\/div>\r\n        <div class=\"full-width topic\">\r\n            <p class=\"required\">Je souhaite \u00eatre contact\u00e9 pour :<\/p>\r\n            <div class=\"form-check\">\r\n                <input type=\"radio\" name=\"topic\" value=\"D\u00e9pannage\" class=\"form-control\" required>\r\n                <label for=\"d\u00e9pannage\">D\u00e9pannage<\/label>\r\n            <\/div>\r\n            <div class=\"form-check\">\r\n                <input type=\"radio\" name=\"topic\" value=\"Entretien\" class=\"form-control\" required>\r\n                <label for=\"entretien\">Entretien<\/label>\r\n            <\/div>\r\n            <div class=\"form-check\">\r\n                <input type=\"radio\" name=\"topic\" value=\"R\u00e9novation\" class=\"form-control\" required>\r\n                <label for=\"r\u00e9novation\">R\u00e9novation<\/label>\r\n            <\/div>\r\n            <div class=\"form-check\">\r\n                <input type=\"radio\" name=\"topic\" value=\"Autre\" class=\"form-control\" required>\r\n                <label for=\"autre\">Autre<\/label>\r\n            <\/div>\r\n        <\/div>\r\n        <div class=\"form-group full-width\">\r\n            <label for=\"contact_message\">Message<\/label>\r\n            <textarea name=\"message\" rows=\"3\" class=\"form-control\"><\/textarea>\r\n        <\/div>\r\n    <\/div>\r\n    <div class=\"form-actions\">\r\n        <button class=\"wp-block-button__link has-accent-background-color\">Contacter<\/button>\r\n    <\/div>\r\n<\/form>\r\n<div class=\"form-feedback\"><\/div>    <\/div>\n<h2>Quels sont les services d&rsquo;Artisanlocal ?<\/h2>\n<ul>\n<li>Peinture int\u00e9rieure : les murs, les plafonds, les moulures, les portes, et dans des espaces comme la salle de bain, la chambre et le salon.<\/li>\n<li>Peinture ext\u00e9rieure : application d&rsquo;une nouvelle couche de peinture sur les terrasses, les cl\u00f4tures, le bardage, les briques, le stuc et les portes de votre parking.<\/li>\n<li>Peinture d\u00e9corative : cr\u00e9ation d\u2019effets, comme le faux marbre, effet vieilli, patines, faux bois, effet oxyd\u00e9.<\/li>\n<li>Peinture de cuisine : pose d&rsquo;une couche de peinture, comme la peinture finition satin\u00e9e, qui se nettoie facilement.<\/li>\n<li>Les travaux d&rsquo;enduits d\u00e9coratifs : installation d&rsquo;enduits comme le b\u00e9ton cir\u00e9 ou le tadelakt.<\/li>\n<li>Artiste peintre : conception de fresques murales (ext\u00e9rieur, int\u00e9rieur, artistique ou d\u00e9corative).<\/li>\n<li>Peinture pour le ravalement de fa\u00e7ade : restauration, r\u00e9novation des fa\u00e7ades de b\u00e2timents avec enduit, bardage, cr\u00e9pi ou peinture.<\/li>\n<li>Peinture cordiste : travaux de peinture sur des zones en hauteurs, nous intervenons dans les endroits compliqu\u00e9s d\u2019acc\u00e8s, comme les usines, tours, ponts ou \u00e9oliennes.<\/li>\n<li>Peinture avec finition : pose des finitions sur les meubles de cuisine ou dans la salle de bain.<\/li>\n<li>Les travaux de r\u00e9novation et d&rsquo;installation : la mise en place de cloisons s\u00e8ches, la r\u00e9paration des creux dans les murs ou la r\u00e9novation des fissures.<\/li>\n<li>Les travaux de d\u00e9collage et de pose de papier peint : le retrait et la mise en place d&rsquo;un rev\u00eatement mural.<\/li>\n<li>Peinture pour les commerces : pour les \u00e9coles, locaux commerciaux, b\u00e2timents d&rsquo;affaires, restaurants et salles de sports.<\/li>\n<li>Peinture pour les immeubles : notre soci\u00e9t\u00e9 pr\u00e9pare les murs et plafonds \u00e0 peindre, et nous effectuons les finitions et posons la peinture.<\/li>\n<\/ul>\n<h2>Comment votre entreprise fonctionne ?<\/h2>\n<p>Chez Artisanlocal, nous avons d\u00e9velopp\u00e9 un syst\u00e8me \u00e9tape par \u00e9tape pour r\u00e9pondre aux demandes de nos clients.<\/p>\n<h3>\u00c9tape 1\u00a0 : demandez une estimation<\/h3>\n<p>Demandez une estimation gratuite en ligne ou par t\u00e9l\u00e9phone et obtenez de notre part une estimation de vos travaux de peintures rapidement.<\/p>\n<h3>\u00c9tape 2\u00a0 : \u00e9tudiez votre devis<\/h3>\n<p>Soyez s\u00fbr que le devis que vous obtenez d\u00e9finit correctement le co\u00fbt de votre projet de peinture. En cas de questionnement sur une partie de votre devis, n&rsquo;h\u00e9sitez pas \u00e0 nous joindre pour obtenir plus de d\u00e9tails.<\/p>\n<h3>\u00c9tape 3\u00a0 : programmez la date de d\u00e9but de votre projet<\/h3>\n<p>Apr\u00e8s avoir valid\u00e9 le devis, nous programmons ensemble le d\u00e9but de votre r\u00e9novation. Pour atteindre vos objectifs, vous avez un chef de projet d\u00e9di\u00e9.<\/p>\n<h2>Combien faut-il payer pour une prestation de peinture \u00e0 Montreux ?<\/h2>\n<p>Le co\u00fbt des travaux repose sur l&rsquo;\u00e9tat des surfaces \u00e0 peindre. En moyenne, les tarifs se situent entre 60 et 70 CHF par heure. Environ 80% \u00e0 90% du montant sont pour la main-d&rsquo;\u0153uvre, tandis que la peinture ne pr\u00e9sente que 10% \u00e0 20% du budget.<\/p>\n<h2>Pourquoi choisir Artisanlocal \u00e0 Montreux ?<\/h2>\n<ul>\n<li>Accessibilit\u00e9 : nos peintres sont disponibles rapidement \u00e0 Montreux pour r\u00e9pondre d\u00e8s que possible \u00e0 vos besoins.<\/li>\n<li>Excellence : en faisant appel \u00e0 nos services de peinture, vous avez l&rsquo;assurance de profiter de prestations de qualit\u00e9, r\u00e9alis\u00e9es avec soin et professionnalisme.<\/li>\n<li>Prix abordables : nos prix sont \u00e9valu\u00e9s en tenant compte de vos d\u00e9sirs et de vos moyens.<\/li>\n<li>Prestations sur mesure : nous prenons en consid\u00e9ration les sp\u00e9cificit\u00e9s de votre projet pour vous proposer des prestations sur-mesure.<\/li>\n<li>Le savoir-faire, nos sp\u00e9cialistes de la peinture \u00e0 Montreux ont un \u00e9ventail de comp\u00e9tences, tels que : la pr\u00e9paration des surfaces avant la pose de la peinture, l&rsquo;application des diff\u00e9rentes couches et la mise en \u0153uvre des finitions.<\/li>\n<\/ul>\n<h2>Foire aux questions<\/h2>\n<h3>Quel type de peinture utilisez-vous ?<\/h3>\n<p>Nous utilisons seulement des peintures premium. Il est aussi possible pour nos peintres d&rsquo;utiliser les pots que vous avez achet\u00e9s.<\/p>\n<h3>Votre entreprise est-elle joignable le week-end ?<\/h3>\n<p>Oui, notre entreprise intervient les samedis et les dimanches \u00e0 Montreux.<\/p>\n<h3>Prot\u00e9gez-vous mon mobilier ?<\/h3>\n<p>Oui, avant la pose de la peinture, nous prot\u00e9geons vos meubles et \u00e9lectrom\u00e9nagers. Cependant, si vous d\u00e9tenez des objets fragiles, nous vous conseillons d&rsquo;en avertir notre \u00e9quipe d&rsquo;artisans, nous prendrons plus de pr\u00e9cautions.<\/p>\n<h3>Quelles sont les solutions si je juge le travail effectu\u00e9 insuffisant ?<\/h3>\n<p>Si notre travail ne vous satisfait pas, nous nous engageons \u00e0 effectuer les corrections n\u00e9cessaires jusqu&rsquo;\u00e0 ce que vous soyez satisfait.<\/p>\n<h3>Vos devis sont-ils sans frais ?<\/h3>\n<p>Oui, nos devis sont 100% gratuits, sans frais cach\u00e9s.<\/p>\n<h3>L&rsquo;entreprise Artisanlocal effectue-t-elle des travaux dans les villes proches de Montreux ?<\/h3>\n<p>Oui, notre soci\u00e9t\u00e9 intervient \u00e0 Montreux, mais aussi dans les villes proches, comme :<\/p>\nPuidoux, Chexbres, Rivaz, St-Saphorin (Lavaux), Aran, Chenaux, Grandvaux, Cully, Villette (Lavaux), Riex, Epesses, Vevey, Le Mont-P\u00e8lerin, Corseaux, Chardonne, Corsier-sur-Vevey, Jongny, St-L\u00e9gier-La Chi\u00e9saz, Blonay, Les Monts-de-Corsier, Fenil-sur-Corsier, La Tour-de-Peilz, Clarens, Chailly-Montreux, Brent, Territet, Veytaux, Chernex, Glion, Caux, Chamby, Villard-sur-Chamby, Les Avants.\n","protected":false},"excerpt":{"rendered":"<p>Besoin d&rsquo;un peintre \u00e0 Montreux ? Artisanlocal propose des services de qualit\u00e9, de l&rsquo;\u00e9tude aux finitions de vos peintures, nous nous ajustons \u00e0 vos horaires et nous intervenons rapidement dans votre foyer \u00e0 Montreux et dans les villes \u00e0 proximit\u00e9. Quels sont les services d&rsquo;Artisanlocal ? Peinture int\u00e9rieure : les murs, les plafonds, les moulures, [&hellip;]<\/p>\n","protected":false},"author":4,"featured_media":2756,"parent":0,"menu_order":0,"comment_status":"closed","ping_status":"closed","template":"","meta":{"footnotes":""},"profession":[121],"location":[17],"canton":[113],"class_list":["post-769","page","type-page","status-publish","has-post-thumbnail","hentry","profession-peintre","location-montreux","canton-vd"],"yoast_head":"<!-- This site is optimized with the Yoast SEO Premium plugin v25.7.1 (Yoast SEO v27.3) - https:\/\/yoast.com\/product\/yoast-seo-premium-wordpress\/ -->\n<title>Peintre \u00e0 Montreux - Artisanlocal<\/title>\n<meta name=\"robots\" content=\"index, follow, max-snippet:-1, max-image-preview:large, max-video-preview:-1\" \/>\n<link rel=\"canonical\" href=\"https:\/\/www.artisanlocal.ch\/c\/engager-le-meilleur-peintre-a-montreux\/\" \/>\n<meta property=\"og:locale\" content=\"fr_FR\" \/>\n<meta property=\"og:type\" content=\"article\" \/>\n<meta property=\"og:title\" content=\"Peintre \u00e0 Montreux\" \/>\n<meta property=\"og:description\" content=\"Besoin d&rsquo;un peintre \u00e0 Montreux ? Artisanlocal propose des services de qualit\u00e9, de l&rsquo;\u00e9tude aux finitions de vos peintures, nous nous ajustons \u00e0 vos horaires et nous intervenons rapidement dans votre foyer \u00e0 Montreux et dans les villes \u00e0 proximit\u00e9. Quels sont les services d&rsquo;Artisanlocal ? Peinture int\u00e9rieure : les murs, les plafonds, les moulures, [&hellip;]\" \/>\n<meta property=\"og:url\" content=\"https:\/\/www.artisanlocal.ch\/c\/engager-le-meilleur-peintre-a-montreux\/\" \/>\n<meta property=\"og:site_name\" content=\"Artisanlocal\" \/>\n<meta property=\"article:modified_time\" content=\"2025-09-17T09:16:07+00:00\" \/>\n<meta property=\"og:image\" content=\"https:\/\/www.artisanlocal.ch\/c\/wp-content\/uploads\/2024\/10\/peintre.jpg\" \/>\n\t<meta property=\"og:image:width\" content=\"1920\" \/>\n\t<meta property=\"og:image:height\" content=\"300\" \/>\n\t<meta property=\"og:image:type\" content=\"image\/jpeg\" \/>\n<meta name=\"twitter:card\" content=\"summary_large_image\" \/>\n<meta name=\"twitter:label1\" content=\"Dur\u00e9e de lecture estim\u00e9e\" \/>\n\t<meta name=\"twitter:data1\" content=\"4 minutes\" \/>\n<script type=\"application\/ld+json\" class=\"yoast-schema-graph\">{\"@context\":\"https:\\\/\\\/schema.org\",\"@graph\":[{\"@type\":\"WebPage\",\"@id\":\"https:\\\/\\\/www.artisanlocal.ch\\\/c\\\/engager-le-meilleur-peintre-a-montreux\\\/\",\"url\":\"https:\\\/\\\/www.artisanlocal.ch\\\/c\\\/engager-le-meilleur-peintre-a-montreux\\\/\",\"name\":\"Peintre \u00e0 Montreux - Artisanlocal\",\"isPartOf\":{\"@id\":\"https:\\\/\\\/www.artisanlocal.ch\\\/c\\\/#website\"},\"primaryImageOfPage\":{\"@id\":\"https:\\\/\\\/www.artisanlocal.ch\\\/c\\\/engager-le-meilleur-peintre-a-montreux\\\/#primaryimage\"},\"image\":{\"@id\":\"https:\\\/\\\/www.artisanlocal.ch\\\/c\\\/engager-le-meilleur-peintre-a-montreux\\\/#primaryimage\"},\"thumbnailUrl\":\"https:\\\/\\\/www.artisanlocal.ch\\\/c\\\/wp-content\\\/uploads\\\/2024\\\/10\\\/peintre.jpg\",\"datePublished\":\"2024-04-15T04:15:52+00:00\",\"dateModified\":\"2025-09-17T09:16:07+00:00\",\"breadcrumb\":{\"@id\":\"https:\\\/\\\/www.artisanlocal.ch\\\/c\\\/engager-le-meilleur-peintre-a-montreux\\\/#breadcrumb\"},\"inLanguage\":\"fr-FR\",\"potentialAction\":[{\"@type\":\"ReadAction\",\"target\":[\"https:\\\/\\\/www.artisanlocal.ch\\\/c\\\/engager-le-meilleur-peintre-a-montreux\\\/\"]}]},{\"@type\":\"ImageObject\",\"inLanguage\":\"fr-FR\",\"@id\":\"https:\\\/\\\/www.artisanlocal.ch\\\/c\\\/engager-le-meilleur-peintre-a-montreux\\\/#primaryimage\",\"url\":\"https:\\\/\\\/www.artisanlocal.ch\\\/c\\\/wp-content\\\/uploads\\\/2024\\\/10\\\/peintre.jpg\",\"contentUrl\":\"https:\\\/\\\/www.artisanlocal.ch\\\/c\\\/wp-content\\\/uploads\\\/2024\\\/10\\\/peintre.jpg\",\"width\":1920,\"height\":300},{\"@type\":\"BreadcrumbList\",\"@id\":\"https:\\\/\\\/www.artisanlocal.ch\\\/c\\\/engager-le-meilleur-peintre-a-montreux\\\/#breadcrumb\",\"itemListElement\":[{\"@type\":\"ListItem\",\"position\":1,\"name\":\"Accueil\",\"item\":\"https:\\\/\\\/www.artisanlocal.ch\\\/c\\\/\"},{\"@type\":\"ListItem\",\"position\":2,\"name\":\"Peintre \u00e0 Montreux\"}]},{\"@type\":\"WebSite\",\"@id\":\"https:\\\/\\\/www.artisanlocal.ch\\\/c\\\/#website\",\"url\":\"https:\\\/\\\/www.artisanlocal.ch\\\/c\\\/\",\"name\":\"Artisanlocal\",\"description\":\"\",\"publisher\":{\"@id\":\"https:\\\/\\\/www.artisanlocal.ch\\\/c\\\/#organization\"},\"potentialAction\":[{\"@type\":\"SearchAction\",\"target\":{\"@type\":\"EntryPoint\",\"urlTemplate\":\"https:\\\/\\\/www.artisanlocal.ch\\\/c\\\/?s={search_term_string}\"},\"query-input\":{\"@type\":\"PropertyValueSpecification\",\"valueRequired\":true,\"valueName\":\"search_term_string\"}}],\"inLanguage\":\"fr-FR\"},{\"@type\":\"Organization\",\"@id\":\"https:\\\/\\\/www.artisanlocal.ch\\\/c\\\/#organization\",\"name\":\"Artisanlocal\",\"url\":\"https:\\\/\\\/www.artisanlocal.ch\\\/c\\\/\",\"logo\":{\"@type\":\"ImageObject\",\"inLanguage\":\"fr-FR\",\"@id\":\"https:\\\/\\\/www.artisanlocal.ch\\\/c\\\/#\\\/schema\\\/logo\\\/image\\\/\",\"url\":\"https:\\\/\\\/www.artisanlocal.ch\\\/c\\\/wp-content\\\/uploads\\\/2024\\\/02\\\/logo-artisanlocal-h.svg\",\"contentUrl\":\"https:\\\/\\\/www.artisanlocal.ch\\\/c\\\/wp-content\\\/uploads\\\/2024\\\/02\\\/logo-artisanlocal-h.svg\",\"caption\":\"Artisanlocal\"},\"image\":{\"@id\":\"https:\\\/\\\/www.artisanlocal.ch\\\/c\\\/#\\\/schema\\\/logo\\\/image\\\/\"}}]}<\/script>\n<!-- \/ Yoast SEO Premium plugin. -->","yoast_head_json":{"title":"Peintre \u00e0 Montreux - Artisanlocal","robots":{"index":"index","follow":"follow","max-snippet":"max-snippet:-1","max-image-preview":"max-image-preview:large","max-video-preview":"max-video-preview:-1"},"canonical":"https:\/\/www.artisanlocal.ch\/c\/engager-le-meilleur-peintre-a-montreux\/","og_locale":"fr_FR","og_type":"article","og_title":"Peintre \u00e0 Montreux","og_description":"Besoin d&rsquo;un peintre \u00e0 Montreux ? Artisanlocal propose des services de qualit\u00e9, de l&rsquo;\u00e9tude aux finitions de vos peintures, nous nous ajustons \u00e0 vos horaires et nous intervenons rapidement dans votre foyer \u00e0 Montreux et dans les villes \u00e0 proximit\u00e9. Quels sont les services d&rsquo;Artisanlocal ? Peinture int\u00e9rieure : les murs, les plafonds, les moulures, [&hellip;]","og_url":"https:\/\/www.artisanlocal.ch\/c\/engager-le-meilleur-peintre-a-montreux\/","og_site_name":"Artisanlocal","article_modified_time":"2025-09-17T09:16:07+00:00","og_image":[{"width":1920,"height":300,"url":"https:\/\/www.artisanlocal.ch\/c\/wp-content\/uploads\/2024\/10\/peintre.jpg","type":"image\/jpeg"}],"twitter_card":"summary_large_image","twitter_misc":{"Dur\u00e9e de lecture estim\u00e9e":"4 minutes"},"schema":{"@context":"https:\/\/schema.org","@graph":[{"@type":"WebPage","@id":"https:\/\/www.artisanlocal.ch\/c\/engager-le-meilleur-peintre-a-montreux\/","url":"https:\/\/www.artisanlocal.ch\/c\/engager-le-meilleur-peintre-a-montreux\/","name":"Peintre \u00e0 Montreux - Artisanlocal","isPartOf":{"@id":"https:\/\/www.artisanlocal.ch\/c\/#website"},"primaryImageOfPage":{"@id":"https:\/\/www.artisanlocal.ch\/c\/engager-le-meilleur-peintre-a-montreux\/#primaryimage"},"image":{"@id":"https:\/\/www.artisanlocal.ch\/c\/engager-le-meilleur-peintre-a-montreux\/#primaryimage"},"thumbnailUrl":"https:\/\/www.artisanlocal.ch\/c\/wp-content\/uploads\/2024\/10\/peintre.jpg","datePublished":"2024-04-15T04:15:52+00:00","dateModified":"2025-09-17T09:16:07+00:00","breadcrumb":{"@id":"https:\/\/www.artisanlocal.ch\/c\/engager-le-meilleur-peintre-a-montreux\/#breadcrumb"},"inLanguage":"fr-FR","potentialAction":[{"@type":"ReadAction","target":["https:\/\/www.artisanlocal.ch\/c\/engager-le-meilleur-peintre-a-montreux\/"]}]},{"@type":"ImageObject","inLanguage":"fr-FR","@id":"https:\/\/www.artisanlocal.ch\/c\/engager-le-meilleur-peintre-a-montreux\/#primaryimage","url":"https:\/\/www.artisanlocal.ch\/c\/wp-content\/uploads\/2024\/10\/peintre.jpg","contentUrl":"https:\/\/www.artisanlocal.ch\/c\/wp-content\/uploads\/2024\/10\/peintre.jpg","width":1920,"height":300},{"@type":"BreadcrumbList","@id":"https:\/\/www.artisanlocal.ch\/c\/engager-le-meilleur-peintre-a-montreux\/#breadcrumb","itemListElement":[{"@type":"ListItem","position":1,"name":"Accueil","item":"https:\/\/www.artisanlocal.ch\/c\/"},{"@type":"ListItem","position":2,"name":"Peintre \u00e0 Montreux"}]},{"@type":"WebSite","@id":"https:\/\/www.artisanlocal.ch\/c\/#website","url":"https:\/\/www.artisanlocal.ch\/c\/","name":"Artisanlocal","description":"","publisher":{"@id":"https:\/\/www.artisanlocal.ch\/c\/#organization"},"potentialAction":[{"@type":"SearchAction","target":{"@type":"EntryPoint","urlTemplate":"https:\/\/www.artisanlocal.ch\/c\/?s={search_term_string}"},"query-input":{"@type":"PropertyValueSpecification","valueRequired":true,"valueName":"search_term_string"}}],"inLanguage":"fr-FR"},{"@type":"Organization","@id":"https:\/\/www.artisanlocal.ch\/c\/#organization","name":"Artisanlocal","url":"https:\/\/www.artisanlocal.ch\/c\/","logo":{"@type":"ImageObject","inLanguage":"fr-FR","@id":"https:\/\/www.artisanlocal.ch\/c\/#\/schema\/logo\/image\/","url":"https:\/\/www.artisanlocal.ch\/c\/wp-content\/uploads\/2024\/02\/logo-artisanlocal-h.svg","contentUrl":"https:\/\/www.artisanlocal.ch\/c\/wp-content\/uploads\/2024\/02\/logo-artisanlocal-h.svg","caption":"Artisanlocal"},"image":{"@id":"https:\/\/www.artisanlocal.ch\/c\/#\/schema\/logo\/image\/"}}]}},"_links":{"self":[{"href":"https:\/\/www.artisanlocal.ch\/c\/wp-json\/wp\/v2\/pages\/769","targetHints":{"allow":["GET"]}}],"collection":[{"href":"https:\/\/www.artisanlocal.ch\/c\/wp-json\/wp\/v2\/pages"}],"about":[{"href":"https:\/\/www.artisanlocal.ch\/c\/wp-json\/wp\/v2\/types\/page"}],"author":[{"embeddable":true,"href":"https:\/\/www.artisanlocal.ch\/c\/wp-json\/wp\/v2\/users\/4"}],"replies":[{"embeddable":true,"href":"https:\/\/www.artisanlocal.ch\/c\/wp-json\/wp\/v2\/comments?post=769"}],"version-history":[{"count":0,"href":"https:\/\/www.artisanlocal.ch\/c\/wp-json\/wp\/v2\/pages\/769\/revisions"}],"wp:featuredmedia":[{"embeddable":true,"href":"https:\/\/www.artisanlocal.ch\/c\/wp-json\/wp\/v2\/media\/2756"}],"wp:attachment":[{"href":"https:\/\/www.artisanlocal.ch\/c\/wp-json\/wp\/v2\/media?parent=769"}],"wp:term":[{"taxonomy":"profession","embeddable":true,"href":"https:\/\/www.artisanlocal.ch\/c\/wp-json\/wp\/v2\/profession?post=769"},{"taxonomy":"location","embeddable":true,"href":"https:\/\/www.artisanlocal.ch\/c\/wp-json\/wp\/v2\/location?post=769"},{"taxonomy":"canton","embeddable":true,"href":"https:\/\/www.artisanlocal.ch\/c\/wp-json\/wp\/v2\/canton?post=769"}],"curies":[{"name":"wp","href":"https:\/\/api.w.org\/{rel}","templated":true}]}}