{"id":771,"date":"2024-04-16T23:49:50","date_gmt":"2024-04-16T21:49:50","guid":{"rendered":"https:\/\/www.artisanlocal.ch\/c\/entreprise-artisanale-de-peinture-a-bienne-artisanlocal-effectue-tous-vos-projets-de-peinture\/"},"modified":"2025-09-17T12:13:18","modified_gmt":"2025-09-17T10:13:18","slug":"entreprise-artisanale-de-peinture-a-bienne-artisanlocal-effectue-tous-vos-projets-de-peinture","status":"publish","type":"page","link":"https:\/\/www.artisanlocal.ch\/c\/entreprise-artisanale-de-peinture-a-bienne-artisanlocal-effectue-tous-vos-projets-de-peinture\/","title":{"rendered":"Peintre \u00e0 Biel\/Bienne"},"content":{"rendered":"<p>Besoin d&rsquo;un peintre \u00e0 Biel\/Bienne ? Faites appel \u00e0 Artisanlocal, nous proposons des services de qualit\u00e9, de la pr\u00e9paration aux finitions, si vous \u00eates un Biennois, nous intervenons rapidement chez vous et aussi dans les villes proches.<br \/>\n\r\n<div class=\"box\">\r\n    <h2 class=\"text-dark\">Nous cherchons un <em class=\"text-primary\">Peintre<\/em> dans la r\u00e9gion de <em class=\"text-primary\">Biel\/Bienne<\/em>  en exclusivit\u00e9, afin de proposer vos services \u00e0 nos clients propri\u00e9taires.<\/h2>\r\n    <p>Une opportunit\u00e9 unique pour booster votre activit\u00e9 \u00e0 <strong>Biel\/Bienne<\/strong> et aux alentours dans votre domaine (Peintre).<\/p>\r\n    <p>Nous travaillons en exclusivit\u00e9 avec qu'une soci\u00e9t\u00e9 par m\u00e9tier et par r\u00e9gion. <br>Votre entreprise est pr\u00e9sente sur tous les documents immobiliers. Afin d'\u00eatre mieux vu sur le net, vous \u00eates \u00e9galement visible sur nos deux sites et sur les pages de r\u00e9f\u00e9rencement de votre r\u00e9gion.<\/p>\r\n    <a href=\"\/contact\" class=\"wp-block-button__link has-accent-background-color has-text-align-center wp-element-button\">R\u00e9server<\/a>\r\n<\/div><\/p>\n<h2>Quels sont les services d&rsquo;Artisanlocal.ch ?<\/h2>\n<ul>\n<li>Peinture int\u00e9rieure : les murs, les plafonds, les moulures, les portes, et dans des endroits comme la salle de bain, le salon et la chambre.<\/li>\n<li>Peinture ext\u00e9rieure : application d&rsquo;une nouvelle couche de peinture sur les portes de garage, les briques, les terrasses, les bardages, les cl\u00f4tures et le stuc.<\/li>\n<li>Peinture d\u00e9corative : cr\u00e9ation des effets, tels que le faux marbre, l&rsquo;effet oxyd\u00e9, le faux bois, les patines et l&rsquo;effet vieilli.<\/li>\n<li>Peinture dans votre cuisine : pose d\u2019une couche peinture d\u00e9corative comme la peinture satin\u00e9e qui est facilement nettoyable.<\/li>\n<li>Enduits d\u00e9coratifs : ajout des enduits, comme le b\u00e9ton cir\u00e9, ou tadelakt.<\/li>\n<li>Peinture artistique : r\u00e9alisation de peintures murales (ext\u00e9rieur, int\u00e9rieur, artistique ou d\u00e9corative).<\/li>\n<li>Peinture de ravalement de fa\u00e7ade : restauration des fa\u00e7ades de b\u00e2timents avec bardage, enduit, peinture ou cr\u00e9pi.<\/li>\n<li>Peinture cordiste : services de peinture en hauteur, nous op\u00e9rons dans les coins compliqu\u00e9s d\u2019acc\u00e8s, comme les ponts, \u00e9oliennes, tours, ou usines.<\/li>\n<li>Peinture de finition : pose des finitions sur le mobilier de cuisine ou dans la salle de bain.<\/li>\n<li>R\u00e9paration et mise en place : colmatage des fissures, colmatage des creux dans les murs, et la mise en place de cloisons s\u00e8ches neuves.<\/li>\n<li>Les services d&rsquo;enl\u00e8vement et d&rsquo;installation de tapisserie : l&rsquo;enl\u00e8vement et la pose d&rsquo;une nouvelle tapisserie murale.<\/li>\n<li>Peinture pour les commerces : pour les \u00e9tablissements scolaire, local commercial, espaces commerciaux, restaurants et complexes sportifs.<\/li>\n<li>Peinture pour b\u00e2timents : notre soci\u00e9t\u00e9 pr\u00e9pare les murs et plafonds \u00e0 peindre, et nous effectuons les finitions et appliquons la peinture.<\/li>\n<\/ul>\n<h2>Comment fonctionne votre entreprise ?<\/h2>\n<p>Dans notre entreprise, nous avons con\u00e7u un processus pour r\u00e9pondre aux attentes de nos clients.<\/p>\n<h3>\u00c9tape 1\u00a0 : recevez une estimation<\/h3>\n<p>Commandez un devis sans frais par t\u00e9l\u00e9phone ou en ligne dans un d\u00e9lai de 24 heures.<\/p>\n<h3>\u00c9tape 2\u00a0 : examinez votre devis<\/h3>\n<p>Soyez s\u00fbr que le devis que vous recevez fixe correctement le co\u00fbt de votre projet. En cas de probl\u00e8me sur votre devis, n&rsquo;h\u00e9sitez pas \u00e0 nous contacter pour obtenir plus de d\u00e9tails.<\/p>\n<h3>\u00c9tape 3\u00a0 : organisez le d\u00e9but de votre projet<\/h3>\n<p>Apr\u00e8s avoir valid\u00e9 le devis, nous programmons ensemble le d\u00e9but de vos travaux. Pour assurer le succ\u00e8s de votre projet, nous vous mettons \u00e0 votre disposition un chef de projet.<\/p>\n<h2>Quel est le co\u00fbt d&rsquo;une prestation de peinture \u00e0 Biel\/Bienne ?<\/h2>\n<p>Le prix de la prestation est impact\u00e9 par l&rsquo;\u00e9tat de vos murs et plafonds. G\u00e9n\u00e9ralement, les prix se situent entre 60 et 70 CHF par heure. Le co\u00fbt de main-d&rsquo;\u0153uvre repr\u00e9sente environ 80% \u00e0 90% du montant, tandis que le montant des peintures ne repr\u00e9sente que 10% \u00e0 20% du tarif.<\/p>\n<h2>Pourquoi choisir notre entreprise de peinture \u00e0 Biel\/Bienne ?<\/h2>\n<ul>\n<li>Disponibilit\u00e9 : nos peintres sont accessibles en continu \u00e0 Biel\/Bienne pour r\u00e9pondre rapidement \u00e0 vos attentes.<\/li>\n<li>Qualit\u00e9 : en faisant appel \u00e0 nos services, vous avez la garantie de profiter de prestations de qualit\u00e9, effectu\u00e9es avec professionnalisme et s\u00e9rieux.<\/li>\n<li>Prix comp\u00e9titifs : les prix sont calcul\u00e9s en tenant compte de vos besoins et de vos moyens financiers.<\/li>\n<li>Services individualis\u00e9s : nous \u00e9tudions votre projet dans le but de cr\u00e9er la meilleure solution.<\/li>\n<li>Le savoir-faire, nos peintres \u00e0 Biel\/Bienne, nous proposons : le lavage et la pr\u00e9paration des surfaces avant l&rsquo;application de la peinture, la pose des diff\u00e9rentes couches et la r\u00e9alisation des finitions.<\/li>\n<\/ul>\n<h2>FAQ<\/h2>\n<h3>Quelle peinture utilisez-vous ?<\/h3>\n<p>Nous choisissons que des peintures premium. Les pots de peinture que vous avez achet\u00e9s peuvent \u00eatre aussi utilis\u00e9s par nos peintres.<\/p>\n<h3>Votre soci\u00e9t\u00e9 est-elle ouverte le week-end ?<\/h3>\n<p>Oui, notre entreprise est ouverte les samedis \u00e0 Biel\/Bienne.<\/p>\n<h3>Prot\u00e9gez-vous les meubles ?<\/h3>\n<p>Oui, nous apportons le mat\u00e9riel n\u00e9cessaire afin de garantir une protection pour vos meubles et votre \u00e9lectrom\u00e9nager pendant notre intervention. Informez-nous avant de commencer, si vous avez des objets fragiles, notre entreprise adoptera des mesures additionnelles.<\/p>\n<h3>Quelles sont les solutions si j&rsquo;estime le travail accompli insuffisant ?<\/h3>\n<p>Si notre travail ne vous satisfait pas, nous prenons l&rsquo;engagement d&rsquo;effectuer les modifications n\u00e9cessaires jusqu&rsquo;\u00e0 ce que vous soyez satisfait.<\/p>\n<h3>Fournissez-vous des estimations gratuites ?<\/h3>\n<p>Oui, nos estimations sont gratuites et sans engagements. Si vous souhaitez plus d&rsquo;informations, un artisan peintre se d\u00e9place chez vous pour valider votre devis avec vous.<\/p>\n<h3>Votre soci\u00e9t\u00e9 intervient dans les villes proches de Biel\/Bienne ?<\/h3>\n<p>Oui, notre soci\u00e9t\u00e9 effectue des interventions \u00e0 Biel\/Bienne, et aussi dans les villes proches, comme :<\/p>\nT\u00fcscherz-Alferm\u00e9e, Twann, Ligerz, Ligni\u00e8res, Le Landeron, Magglingen\/Macolin, Evilard, Les Pr\u00e9s-d'Orvin.\n","protected":false},"excerpt":{"rendered":"<p>Besoin d&rsquo;un peintre \u00e0 Biel\/Bienne ? Faites appel \u00e0 Artisanlocal, nous proposons des services de qualit\u00e9, de la pr\u00e9paration aux finitions, si vous \u00eates un Biennois, nous intervenons rapidement chez vous et aussi dans les villes proches. Quels sont les services d&rsquo;Artisanlocal.ch ? Peinture int\u00e9rieure : les murs, les plafonds, les moulures, les portes, et [&hellip;]<\/p>\n","protected":false},"author":4,"featured_media":2756,"parent":0,"menu_order":0,"comment_status":"closed","ping_status":"closed","template":"","meta":{"footnotes":""},"profession":[121],"location":[59],"canton":[118],"class_list":["post-771","page","type-page","status-publish","has-post-thumbnail","hentry","profession-peintre","location-biel-bienne","canton-be"],"yoast_head":"<!-- This site is optimized with the Yoast SEO Premium plugin v25.7.1 (Yoast SEO v27.4) - https:\/\/yoast.com\/product\/yoast-seo-premium-wordpress\/ -->\n<title>Peintre \u00e0 Biel\/Bienne - Artisanlocal<\/title>\n<meta name=\"robots\" content=\"index, follow, max-snippet:-1, max-image-preview:large, max-video-preview:-1\" \/>\n<link rel=\"canonical\" href=\"https:\/\/www.artisanlocal.ch\/c\/entreprise-artisanale-de-peinture-a-bienne-artisanlocal-effectue-tous-vos-projets-de-peinture\/\" \/>\n<meta property=\"og:locale\" content=\"fr_FR\" \/>\n<meta property=\"og:type\" content=\"article\" \/>\n<meta property=\"og:title\" content=\"Peintre \u00e0 Biel\/Bienne\" \/>\n<meta property=\"og:description\" content=\"Besoin d&rsquo;un peintre \u00e0 Biel\/Bienne ? Faites appel \u00e0 Artisanlocal, nous proposons des services de qualit\u00e9, de la pr\u00e9paration aux finitions, si vous \u00eates un Biennois, nous intervenons rapidement chez vous et aussi dans les villes proches. Quels sont les services d&rsquo;Artisanlocal.ch ? Peinture int\u00e9rieure : les murs, les plafonds, les moulures, les portes, et [&hellip;]\" \/>\n<meta property=\"og:url\" content=\"https:\/\/www.artisanlocal.ch\/c\/entreprise-artisanale-de-peinture-a-bienne-artisanlocal-effectue-tous-vos-projets-de-peinture\/\" \/>\n<meta property=\"og:site_name\" content=\"Artisanlocal\" \/>\n<meta property=\"article:modified_time\" content=\"2025-09-17T10:13:18+00:00\" \/>\n<meta property=\"og:image\" content=\"https:\/\/www.artisanlocal.ch\/c\/wp-content\/uploads\/2024\/10\/peintre.jpg\" \/>\n\t<meta property=\"og:image:width\" content=\"1920\" \/>\n\t<meta property=\"og:image:height\" content=\"300\" \/>\n\t<meta property=\"og:image:type\" content=\"image\/jpeg\" \/>\n<meta name=\"twitter:card\" content=\"summary_large_image\" \/>\n<meta name=\"twitter:label1\" content=\"Dur\u00e9e de lecture estim\u00e9e\" \/>\n\t<meta name=\"twitter:data1\" content=\"4 minutes\" \/>\n<script type=\"application\/ld+json\" class=\"yoast-schema-graph\">{\"@context\":\"https:\\\/\\\/schema.org\",\"@graph\":[{\"@type\":\"WebPage\",\"@id\":\"https:\\\/\\\/www.artisanlocal.ch\\\/c\\\/entreprise-artisanale-de-peinture-a-bienne-artisanlocal-effectue-tous-vos-projets-de-peinture\\\/\",\"url\":\"https:\\\/\\\/www.artisanlocal.ch\\\/c\\\/entreprise-artisanale-de-peinture-a-bienne-artisanlocal-effectue-tous-vos-projets-de-peinture\\\/\",\"name\":\"Peintre \u00e0 Biel\\\/Bienne - Artisanlocal\",\"isPartOf\":{\"@id\":\"https:\\\/\\\/www.artisanlocal.ch\\\/c\\\/#website\"},\"primaryImageOfPage\":{\"@id\":\"https:\\\/\\\/www.artisanlocal.ch\\\/c\\\/entreprise-artisanale-de-peinture-a-bienne-artisanlocal-effectue-tous-vos-projets-de-peinture\\\/#primaryimage\"},\"image\":{\"@id\":\"https:\\\/\\\/www.artisanlocal.ch\\\/c\\\/entreprise-artisanale-de-peinture-a-bienne-artisanlocal-effectue-tous-vos-projets-de-peinture\\\/#primaryimage\"},\"thumbnailUrl\":\"https:\\\/\\\/www.artisanlocal.ch\\\/c\\\/wp-content\\\/uploads\\\/2024\\\/10\\\/peintre.jpg\",\"datePublished\":\"2024-04-16T21:49:50+00:00\",\"dateModified\":\"2025-09-17T10:13:18+00:00\",\"breadcrumb\":{\"@id\":\"https:\\\/\\\/www.artisanlocal.ch\\\/c\\\/entreprise-artisanale-de-peinture-a-bienne-artisanlocal-effectue-tous-vos-projets-de-peinture\\\/#breadcrumb\"},\"inLanguage\":\"fr-FR\",\"potentialAction\":[{\"@type\":\"ReadAction\",\"target\":[\"https:\\\/\\\/www.artisanlocal.ch\\\/c\\\/entreprise-artisanale-de-peinture-a-bienne-artisanlocal-effectue-tous-vos-projets-de-peinture\\\/\"]}]},{\"@type\":\"ImageObject\",\"inLanguage\":\"fr-FR\",\"@id\":\"https:\\\/\\\/www.artisanlocal.ch\\\/c\\\/entreprise-artisanale-de-peinture-a-bienne-artisanlocal-effectue-tous-vos-projets-de-peinture\\\/#primaryimage\",\"url\":\"https:\\\/\\\/www.artisanlocal.ch\\\/c\\\/wp-content\\\/uploads\\\/2024\\\/10\\\/peintre.jpg\",\"contentUrl\":\"https:\\\/\\\/www.artisanlocal.ch\\\/c\\\/wp-content\\\/uploads\\\/2024\\\/10\\\/peintre.jpg\",\"width\":1920,\"height\":300},{\"@type\":\"BreadcrumbList\",\"@id\":\"https:\\\/\\\/www.artisanlocal.ch\\\/c\\\/entreprise-artisanale-de-peinture-a-bienne-artisanlocal-effectue-tous-vos-projets-de-peinture\\\/#breadcrumb\",\"itemListElement\":[{\"@type\":\"ListItem\",\"position\":1,\"name\":\"Accueil\",\"item\":\"https:\\\/\\\/www.artisanlocal.ch\\\/c\\\/\"},{\"@type\":\"ListItem\",\"position\":2,\"name\":\"Peintre \u00e0 Bienne\"}]},{\"@type\":\"WebSite\",\"@id\":\"https:\\\/\\\/www.artisanlocal.ch\\\/c\\\/#website\",\"url\":\"https:\\\/\\\/www.artisanlocal.ch\\\/c\\\/\",\"name\":\"Artisanlocal\",\"description\":\"\",\"publisher\":{\"@id\":\"https:\\\/\\\/www.artisanlocal.ch\\\/c\\\/#organization\"},\"potentialAction\":[{\"@type\":\"SearchAction\",\"target\":{\"@type\":\"EntryPoint\",\"urlTemplate\":\"https:\\\/\\\/www.artisanlocal.ch\\\/c\\\/?s={search_term_string}\"},\"query-input\":{\"@type\":\"PropertyValueSpecification\",\"valueRequired\":true,\"valueName\":\"search_term_string\"}}],\"inLanguage\":\"fr-FR\"},{\"@type\":\"Organization\",\"@id\":\"https:\\\/\\\/www.artisanlocal.ch\\\/c\\\/#organization\",\"name\":\"Artisanlocal\",\"url\":\"https:\\\/\\\/www.artisanlocal.ch\\\/c\\\/\",\"logo\":{\"@type\":\"ImageObject\",\"inLanguage\":\"fr-FR\",\"@id\":\"https:\\\/\\\/www.artisanlocal.ch\\\/c\\\/#\\\/schema\\\/logo\\\/image\\\/\",\"url\":\"https:\\\/\\\/www.artisanlocal.ch\\\/c\\\/wp-content\\\/uploads\\\/2024\\\/02\\\/logo-artisanlocal-h.svg\",\"contentUrl\":\"https:\\\/\\\/www.artisanlocal.ch\\\/c\\\/wp-content\\\/uploads\\\/2024\\\/02\\\/logo-artisanlocal-h.svg\",\"caption\":\"Artisanlocal\"},\"image\":{\"@id\":\"https:\\\/\\\/www.artisanlocal.ch\\\/c\\\/#\\\/schema\\\/logo\\\/image\\\/\"}}]}<\/script>\n<!-- \/ Yoast SEO Premium plugin. -->","yoast_head_json":{"title":"Peintre \u00e0 Biel\/Bienne - Artisanlocal","robots":{"index":"index","follow":"follow","max-snippet":"max-snippet:-1","max-image-preview":"max-image-preview:large","max-video-preview":"max-video-preview:-1"},"canonical":"https:\/\/www.artisanlocal.ch\/c\/entreprise-artisanale-de-peinture-a-bienne-artisanlocal-effectue-tous-vos-projets-de-peinture\/","og_locale":"fr_FR","og_type":"article","og_title":"Peintre \u00e0 Biel\/Bienne","og_description":"Besoin d&rsquo;un peintre \u00e0 Biel\/Bienne ? Faites appel \u00e0 Artisanlocal, nous proposons des services de qualit\u00e9, de la pr\u00e9paration aux finitions, si vous \u00eates un Biennois, nous intervenons rapidement chez vous et aussi dans les villes proches. Quels sont les services d&rsquo;Artisanlocal.ch ? Peinture int\u00e9rieure : les murs, les plafonds, les moulures, les portes, et [&hellip;]","og_url":"https:\/\/www.artisanlocal.ch\/c\/entreprise-artisanale-de-peinture-a-bienne-artisanlocal-effectue-tous-vos-projets-de-peinture\/","og_site_name":"Artisanlocal","article_modified_time":"2025-09-17T10:13:18+00:00","og_image":[{"width":1920,"height":300,"url":"https:\/\/www.artisanlocal.ch\/c\/wp-content\/uploads\/2024\/10\/peintre.jpg","type":"image\/jpeg"}],"twitter_card":"summary_large_image","twitter_misc":{"Dur\u00e9e de lecture estim\u00e9e":"4 minutes"},"schema":{"@context":"https:\/\/schema.org","@graph":[{"@type":"WebPage","@id":"https:\/\/www.artisanlocal.ch\/c\/entreprise-artisanale-de-peinture-a-bienne-artisanlocal-effectue-tous-vos-projets-de-peinture\/","url":"https:\/\/www.artisanlocal.ch\/c\/entreprise-artisanale-de-peinture-a-bienne-artisanlocal-effectue-tous-vos-projets-de-peinture\/","name":"Peintre \u00e0 Biel\/Bienne - Artisanlocal","isPartOf":{"@id":"https:\/\/www.artisanlocal.ch\/c\/#website"},"primaryImageOfPage":{"@id":"https:\/\/www.artisanlocal.ch\/c\/entreprise-artisanale-de-peinture-a-bienne-artisanlocal-effectue-tous-vos-projets-de-peinture\/#primaryimage"},"image":{"@id":"https:\/\/www.artisanlocal.ch\/c\/entreprise-artisanale-de-peinture-a-bienne-artisanlocal-effectue-tous-vos-projets-de-peinture\/#primaryimage"},"thumbnailUrl":"https:\/\/www.artisanlocal.ch\/c\/wp-content\/uploads\/2024\/10\/peintre.jpg","datePublished":"2024-04-16T21:49:50+00:00","dateModified":"2025-09-17T10:13:18+00:00","breadcrumb":{"@id":"https:\/\/www.artisanlocal.ch\/c\/entreprise-artisanale-de-peinture-a-bienne-artisanlocal-effectue-tous-vos-projets-de-peinture\/#breadcrumb"},"inLanguage":"fr-FR","potentialAction":[{"@type":"ReadAction","target":["https:\/\/www.artisanlocal.ch\/c\/entreprise-artisanale-de-peinture-a-bienne-artisanlocal-effectue-tous-vos-projets-de-peinture\/"]}]},{"@type":"ImageObject","inLanguage":"fr-FR","@id":"https:\/\/www.artisanlocal.ch\/c\/entreprise-artisanale-de-peinture-a-bienne-artisanlocal-effectue-tous-vos-projets-de-peinture\/#primaryimage","url":"https:\/\/www.artisanlocal.ch\/c\/wp-content\/uploads\/2024\/10\/peintre.jpg","contentUrl":"https:\/\/www.artisanlocal.ch\/c\/wp-content\/uploads\/2024\/10\/peintre.jpg","width":1920,"height":300},{"@type":"BreadcrumbList","@id":"https:\/\/www.artisanlocal.ch\/c\/entreprise-artisanale-de-peinture-a-bienne-artisanlocal-effectue-tous-vos-projets-de-peinture\/#breadcrumb","itemListElement":[{"@type":"ListItem","position":1,"name":"Accueil","item":"https:\/\/www.artisanlocal.ch\/c\/"},{"@type":"ListItem","position":2,"name":"Peintre \u00e0 Bienne"}]},{"@type":"WebSite","@id":"https:\/\/www.artisanlocal.ch\/c\/#website","url":"https:\/\/www.artisanlocal.ch\/c\/","name":"Artisanlocal","description":"","publisher":{"@id":"https:\/\/www.artisanlocal.ch\/c\/#organization"},"potentialAction":[{"@type":"SearchAction","target":{"@type":"EntryPoint","urlTemplate":"https:\/\/www.artisanlocal.ch\/c\/?s={search_term_string}"},"query-input":{"@type":"PropertyValueSpecification","valueRequired":true,"valueName":"search_term_string"}}],"inLanguage":"fr-FR"},{"@type":"Organization","@id":"https:\/\/www.artisanlocal.ch\/c\/#organization","name":"Artisanlocal","url":"https:\/\/www.artisanlocal.ch\/c\/","logo":{"@type":"ImageObject","inLanguage":"fr-FR","@id":"https:\/\/www.artisanlocal.ch\/c\/#\/schema\/logo\/image\/","url":"https:\/\/www.artisanlocal.ch\/c\/wp-content\/uploads\/2024\/02\/logo-artisanlocal-h.svg","contentUrl":"https:\/\/www.artisanlocal.ch\/c\/wp-content\/uploads\/2024\/02\/logo-artisanlocal-h.svg","caption":"Artisanlocal"},"image":{"@id":"https:\/\/www.artisanlocal.ch\/c\/#\/schema\/logo\/image\/"}}]}},"_links":{"self":[{"href":"https:\/\/www.artisanlocal.ch\/c\/wp-json\/wp\/v2\/pages\/771","targetHints":{"allow":["GET"]}}],"collection":[{"href":"https:\/\/www.artisanlocal.ch\/c\/wp-json\/wp\/v2\/pages"}],"about":[{"href":"https:\/\/www.artisanlocal.ch\/c\/wp-json\/wp\/v2\/types\/page"}],"author":[{"embeddable":true,"href":"https:\/\/www.artisanlocal.ch\/c\/wp-json\/wp\/v2\/users\/4"}],"replies":[{"embeddable":true,"href":"https:\/\/www.artisanlocal.ch\/c\/wp-json\/wp\/v2\/comments?post=771"}],"version-history":[{"count":0,"href":"https:\/\/www.artisanlocal.ch\/c\/wp-json\/wp\/v2\/pages\/771\/revisions"}],"wp:featuredmedia":[{"embeddable":true,"href":"https:\/\/www.artisanlocal.ch\/c\/wp-json\/wp\/v2\/media\/2756"}],"wp:attachment":[{"href":"https:\/\/www.artisanlocal.ch\/c\/wp-json\/wp\/v2\/media?parent=771"}],"wp:term":[{"taxonomy":"profession","embeddable":true,"href":"https:\/\/www.artisanlocal.ch\/c\/wp-json\/wp\/v2\/profession?post=771"},{"taxonomy":"location","embeddable":true,"href":"https:\/\/www.artisanlocal.ch\/c\/wp-json\/wp\/v2\/location?post=771"},{"taxonomy":"canton","embeddable":true,"href":"https:\/\/www.artisanlocal.ch\/c\/wp-json\/wp\/v2\/canton?post=771"}],"curies":[{"name":"wp","href":"https:\/\/api.w.org\/{rel}","templated":true}]}}