{"id":772,"date":"2024-04-16T05:15:46","date_gmt":"2024-04-16T03:15:46","guid":{"rendered":"https:\/\/www.artisanlocal.ch\/c\/trouver-le-meilleur-peintre-a-cheseaux-sur-lausanne\/"},"modified":"2025-09-18T13:14:44","modified_gmt":"2025-09-18T11:14:44","slug":"trouver-le-meilleur-peintre-a-cheseaux-sur-lausanne","status":"publish","type":"page","link":"https:\/\/www.artisanlocal.ch\/c\/trouver-le-meilleur-peintre-a-cheseaux-sur-lausanne\/","title":{"rendered":"Peintre \u00e0 Cheseaux-sur-Lausanne"},"content":{"rendered":"<p>Besoin d&rsquo;un peintre \u00e0 Cheseaux-sur-Lausanne ? Engagez Artisanlocal pour repeindre votre habitation, si vous \u00eates un Gremaullais, nous intervenons rapidement \u00e0 votre domicile et dans les villes \u00e0 proximit\u00e9.<\/p>\n\r\n<div class=\"box\">\r\n            <div class=\"company-info\">\r\n            <img decoding=\"async\" class=\"company-info__logo\" src=\"https:\/\/www.artisanlocal.ch\/media\/cache\/thumb\/images\/companies\/699d785bb3dc4045674931.png\" alt=\"Logo\">\r\n            <h2 class=\"company-info__name\">Maliqi R\u00e9novation<\/h2>\r\n            <p class=\"company-info__business\">Peinture int\u00e9rieure et ext\u00e9rieure (murs, plafonds, boiseries) - Remise en \u00e9tat apr\u00e8s travaux ou d\u00e9part locataire - Pose de plaques de pl\u00e2tre et cloisons - Travaux de pl\u00e2trerie et lissage de surfaces - R\u00e9novation<\/p>\r\n        <\/div>\r\n        <div class=\"company-contact\">\r\n            <p class=\"company-info__address\">Chemin en craux 18<\/p>\r\n                            <div class=\"links\">\r\n                                            <a class=\"btn has-accent-background-color js-phoneNumber\" href=\"tel:0798231315\" title=\"Appelez\" data-id=\"38852\" data-type=\"11\">079 823 13 15<\/a>\r\n                                                        <\/div>\r\n                    <\/div>\r\n    \r\n            \r\n<form action=\"https:\/\/www.artisanlocal.ch\/c\/wp-admin\/admin-ajax.php\" method=\"post\" class=\"form-contact\" id=\"artisan_form_contact_company_inline\">\r\n    <div><input type=\"hidden\" name=\"action\" value=\"company_contact\"><\/div>\r\n    <div><input type=\"hidden\" name=\"nonce\" value=\"67a23a8c67\"><\/div>\r\n    <div><input type=\"hidden\" name=\"company_id\" value=\"38852\"><\/div>\r\n    <div><input type=\"hidden\" name=\"form_id\" value=\"artisan_form_contact_company_inline\"><\/div>\r\n    <div class=\"gglcptch gglcptch_v3 gglcptch_custom\"><input type=\"hidden\" id=\"g-recaptcha-response\" name=\"g-recaptcha-response\" \/><br \/><div class=\"gglcptch_error_text\">La p\u00e9riode de v\u00e9rification reCAPTCHA a expir\u00e9. Veuillez recharger la page.<\/div><\/div>    <div class=\"form-content\">\r\n        <div class=\"form-group\">\r\n            <label for=\"contact_firstName\" class=\"required\">Pr\u00e9nom<\/label>\r\n            <input type=\"text\" name=\"firstName\" class=\"form-control\" required>\r\n        <\/div>\r\n        <div class=\"form-group\">\r\n            <label for=\"contact_lastName\" class=\"required\">Nom<\/label>\r\n            <input type=\"text\" name=\"lastName\" class=\"form-control\" required>\r\n        <\/div>\r\n        <div class=\"form-group\">\r\n            <label for=\"contact_email\" class=\"required\">Email<\/label>\r\n            <input type=\"email\" name=\"email\" class=\"form-control\" required>\r\n        <\/div>\r\n        <div class=\"form-group\">\r\n            <label for=\"contact_phone\" class=\"required\">Num\u00e9ro de t\u00e9l\u00e9phone<\/label>\r\n            <input type=\"tel\" name=\"phone\" class=\"form-control\" placeholder=\"0787117165\" pattern=\"^[0-9]{10}$\" required>\r\n        <\/div>\r\n        <div class=\"form-group\">\r\n            <label for=\"contact_postalCode\" class=\"required\">Code postal et localit\u00e9<\/label>\r\n            <input type=\"text\" name=\"postalCode\" class=\"form-control\" required>\r\n        <\/div>\r\n        <div class=\"form-group\">\r\n            <label for=\"contact_address\" class=\"required\">Adresse<\/label>\r\n            <input type=\"text\" name=\"address\" class=\"form-control\" required>\r\n        <\/div>\r\n        <div class=\"full-width topic\">\r\n            <p class=\"required\">Je souhaite \u00eatre contact\u00e9 pour :<\/p>\r\n            <div class=\"form-check\">\r\n                <input type=\"radio\" name=\"topic\" value=\"D\u00e9pannage\" class=\"form-control\" required>\r\n                <label for=\"d\u00e9pannage\">D\u00e9pannage<\/label>\r\n            <\/div>\r\n            <div class=\"form-check\">\r\n                <input type=\"radio\" name=\"topic\" value=\"Entretien\" class=\"form-control\" required>\r\n                <label for=\"entretien\">Entretien<\/label>\r\n            <\/div>\r\n            <div class=\"form-check\">\r\n                <input type=\"radio\" name=\"topic\" value=\"R\u00e9novation\" class=\"form-control\" required>\r\n                <label for=\"r\u00e9novation\">R\u00e9novation<\/label>\r\n            <\/div>\r\n            <div class=\"form-check\">\r\n                <input type=\"radio\" name=\"topic\" value=\"Autre\" class=\"form-control\" required>\r\n                <label for=\"autre\">Autre<\/label>\r\n            <\/div>\r\n        <\/div>\r\n        <div class=\"form-group full-width\">\r\n            <label for=\"contact_message\">Message<\/label>\r\n            <textarea name=\"message\" rows=\"3\" class=\"form-control\"><\/textarea>\r\n        <\/div>\r\n    <\/div>\r\n    <div class=\"form-actions\">\r\n        <button class=\"wp-block-button__link has-accent-background-color\">Contacter<\/button>\r\n    <\/div>\r\n<\/form>\r\n<div class=\"form-feedback\"><\/div>    <\/div>\n<h2>Quels sont les services que votre entreprise propose ?<\/h2>\n<ul>\n<li>Peinture int\u00e9rieure : sur les murs, les plafonds, les moulures, les portes, et dans des lieux comme la salle d&rsquo;eau, la chambre et le salon.<\/li>\n<li>Peinture ext\u00e9rieure : ajout d&rsquo;une nouvelle couche de peinture sur les terrasses, le bardage, les cl\u00f4tures, les briques, le stuc et les portes de votre parking.<\/li>\n<li>Peinture d\u00e9corative : cr\u00e9ation d&rsquo;effets, comme le faux marbre, patines, effet vieilli, faux bois, effet oxyd\u00e9.<\/li>\n<li>Peinture pour votre cuisine : ajout d&rsquo;une peinture d\u00e9corative telle que la peinture satin\u00e9e qui est facilement nettoyable.<\/li>\n<li>Les projets d&rsquo;enduits d\u00e9coratifs : installation d&rsquo;enduits comme le tadelakt ou le b\u00e9ton cir\u00e9.<\/li>\n<li>Peinture artistique : conception de fresques murales, d\u00e9coratives, artistiques, ext\u00e9rieures ou int\u00e9rieures.<\/li>\n<li>Peinture pour ravalement de fa\u00e7ade : restauration, r\u00e9novation des fa\u00e7ades de b\u00e2timents avec enduit, bardage, cr\u00e9pi ou peinture.<\/li>\n<li>Peinture cordiste : services de peinture sur des zones en hauteurs, nous intervenons dans les endroits difficiles d\u2019acc\u00e8s, comme les ponts, \u00e9oliennes, tours, ou usines.<\/li>\n<li>Peinture de finition : pose des finitions sur le mobilier de cuisine ou dans la salle de bain.<\/li>\n<li>Restauration et installation : r\u00e9paration des fissures dans vos murs, colmatage des trous dans les murs et l&rsquo;installation de cloisons s\u00e8ches neuves.<\/li>\n<li>Retrait et pose de papier peint : remplacement et d\u00e9collage de votre ancien papier peint.<\/li>\n<li>Peinture pour soci\u00e9t\u00e9 : pour les restaurants, espaces de bureau, complexes sportifs, \u00e9coles et autres biens immobiliers commerciaux.<\/li>\n<li>Peinture pour immeuble : pour la pr\u00e9paration des surfaces \u00e0 peindre, la r\u00e9alisation des travaux de finition et la pose des rev\u00eatements\/peintures.<\/li>\n<\/ul>\n<h2>Quel est le processus de fonctionnement de votre soci\u00e9t\u00e9 ?<\/h2>\n<p>Nous avons cr\u00e9\u00e9 une m\u00e9thodologie afin de r\u00e9pondre de la meilleure mani\u00e8re possible aux probl\u00e9matiques nos clients.<\/p>\n<h3>\u00c9tape 1\u00a0 : recevez un devis<\/h3>\n<p>Demandez-nous un devis en ligne ou par t\u00e9l\u00e9phone et recevez votre estimation de vos travaux rapidement.<\/p>\n<h3>\u00c9tape 2\u00a0 : analysez votre devis<\/h3>\n<p>Soyez assur\u00e9 que le devis que vous obtenez d\u00e9termine correctement le prix de votre projet. Si vous avez des questions, contacter notre entreprise pour en savoir plus sur les d\u00e9tails de votre estimation.<\/p>\n<h3>\u00c9tape 3\u00a0 : programmez la date de commencement de votre projet<\/h3>\n<p>Une fois que vous avez valid\u00e9 le devis, nous d\u00e9cidons ensemble la date de d\u00e9marrage de votre projet. Pour assurer la bonne r\u00e9ussite de votre projet, nous vous assignons un chef de projet.<\/p>\n<h2>Combien faut-il d\u00e9penser pour une prestation de peinture \u00e0 Cheseaux-sur-Lausanne ?<\/h2>\n<p>Le prix d&rsquo;une prestation de peinture repose sur l&rsquo;\u00e9tat des surfaces \u00e0 peindre. En r\u00e8gle g\u00e9n\u00e9rale, les montants se situent entre 60 et 70 francs suisses par heure. Environ 80% \u00e0 90% du prix sont allou\u00e9s \u00e0 la main-d&rsquo;\u0153uvre, tandis que la peinture ne repr\u00e9sente que 10% \u00e0 20% de l&rsquo;enveloppe financi\u00e8re.<\/p>\n<h2>Quelles sont les raisons de choisir nos artisans peintres \u00e0 Cheseaux-sur-Lausanne ?<\/h2>\n<ul>\n<li>Accessibilit\u00e9 : install\u00e9s \u00e0 Cheseaux-sur-Lausanne, nos artisans peintres op\u00e8rent d\u00e8s que possible \u00e0 votre domicile.<\/li>\n<li>Qualit\u00e9 : en choisissant notre soci\u00e9t\u00e9, vous optez pour la qualit\u00e9 et le professionnalisme.<\/li>\n<li>Tarifs avantageux : nos tarifs sont calcul\u00e9s selon vos d\u00e9sirs et vos moyens.<\/li>\n<li>Prestations sur mesure : nous prenons en compte les particularit\u00e9s de votre projet afin de vous offrir des prestations sur-mesure.<\/li>\n<li>Le savoir-faire, nos experts de la peinture \u00e0 Cheseaux-sur-Lausanne poss\u00e8dent une large gamme de comp\u00e9tences, comme : la pr\u00e9paration des zones avant la pose de la peinture, l&rsquo;application des multiples couches et la mise en \u0153uvre des touches finales.<\/li>\n<\/ul>\n<h2>Foire aux questions<\/h2>\n<h3>Quel genre de peinture utilisez-vous ?<\/h3>\n<p>Nous s\u00e9lectionnons que des peintures de haute qualit\u00e9. Toutefois, nous pouvons employer la peinture que vous avez d\u00e9j\u00e0 en stock.<\/p>\n<h3>Votre \u00e9quipe est-elle joignable le week-end ?<\/h3>\n<p>Oui, notre soci\u00e9t\u00e9 intervient les week-ends \u00e0 Cheseaux-sur-Lausanne.<\/p>\n<h3>Prot\u00e9gez-vous les meubles ?<\/h3>\n<p>Oui, nous amenons le mat\u00e9riel n\u00e9cessaire pour garantir que vos meubles et votre \u00e9lectrom\u00e9nager soient pr\u00e9serv\u00e9s pendant notre intervention. Signalez-nous, tous vos objets cassables, notre entreprise prendra des pr\u00e9cautions additionnelles.<\/p>\n<h3>Quels sont les recours si je trouve le travail accompli insuffisant ?<\/h3>\n<p>Si notre prestation ne vous satisfait pas, nous nous engageons \u00e0 effectuer les ajustements n\u00e9cessaires jusqu&rsquo;\u00e0 ce que vous soyez satisfait.<\/p>\n<h3>Vos devis sont-ils gratuits ?<\/h3>\n<p>Oui, nos devis sont gratuits. Si vous d\u00e9sirez plus d&rsquo;informations, un technicien se d\u00e9place chez vous pour valider le devis avec vous.<\/p>\n<h3>Votre soci\u00e9t\u00e9 r\u00e9alise des interventions de peintures pr\u00e8s de Cheseaux-sur-Lausanne ?<\/h3>\n<p>Oui, nous intervenons \u00e0 Cheseaux-sur-Lausanne, mais aussi dans les villes proches, comme :<\/p>\nRomanel-sur-Lausanne, Le Mont-sur-Lausanne, Bretigny-sur-Morrens, Cugy VD, Morrens VD, Froideville, Epalinges.\n","protected":false},"excerpt":{"rendered":"<p>Besoin d&rsquo;un peintre \u00e0 Cheseaux-sur-Lausanne ? Engagez Artisanlocal pour repeindre votre habitation, si vous \u00eates un Gremaullais, nous intervenons rapidement \u00e0 votre domicile et dans les villes \u00e0 proximit\u00e9. Quels sont les services que votre entreprise propose ? Peinture int\u00e9rieure : sur les murs, les plafonds, les moulures, les portes, et dans des lieux comme [&hellip;]<\/p>\n","protected":false},"author":4,"featured_media":2756,"parent":0,"menu_order":0,"comment_status":"closed","ping_status":"closed","template":"","meta":{"footnotes":""},"profession":[121],"location":[9],"canton":[113],"class_list":["post-772","page","type-page","status-publish","has-post-thumbnail","hentry","profession-peintre","location-cheseaux-sur-lausanne","canton-vd"],"yoast_head":"<!-- This site is optimized with the Yoast SEO Premium plugin v25.7.1 (Yoast SEO v27.3) - https:\/\/yoast.com\/product\/yoast-seo-premium-wordpress\/ -->\n<title>Peintre \u00e0 Cheseaux-sur-Lausanne - Artisanlocal<\/title>\n<meta name=\"robots\" content=\"index, follow, max-snippet:-1, max-image-preview:large, max-video-preview:-1\" \/>\n<link rel=\"canonical\" href=\"https:\/\/www.artisanlocal.ch\/c\/trouver-le-meilleur-peintre-a-cheseaux-sur-lausanne\/\" \/>\n<meta property=\"og:locale\" content=\"fr_FR\" \/>\n<meta property=\"og:type\" content=\"article\" \/>\n<meta property=\"og:title\" content=\"Peintre \u00e0 Cheseaux-sur-Lausanne\" \/>\n<meta property=\"og:description\" content=\"Besoin d&rsquo;un peintre \u00e0 Cheseaux-sur-Lausanne ? Engagez Artisanlocal pour repeindre votre habitation, si vous \u00eates un Gremaullais, nous intervenons rapidement \u00e0 votre domicile et dans les villes \u00e0 proximit\u00e9. Quels sont les services que votre entreprise propose ? Peinture int\u00e9rieure : sur les murs, les plafonds, les moulures, les portes, et dans des lieux comme [&hellip;]\" \/>\n<meta property=\"og:url\" content=\"https:\/\/www.artisanlocal.ch\/c\/trouver-le-meilleur-peintre-a-cheseaux-sur-lausanne\/\" \/>\n<meta property=\"og:site_name\" content=\"Artisanlocal\" \/>\n<meta property=\"article:modified_time\" content=\"2025-09-18T11:14:44+00:00\" \/>\n<meta property=\"og:image\" content=\"https:\/\/www.artisanlocal.ch\/c\/wp-content\/uploads\/2024\/10\/peintre.jpg\" \/>\n\t<meta property=\"og:image:width\" content=\"1920\" \/>\n\t<meta property=\"og:image:height\" content=\"300\" \/>\n\t<meta property=\"og:image:type\" content=\"image\/jpeg\" \/>\n<meta name=\"twitter:card\" content=\"summary_large_image\" \/>\n<meta name=\"twitter:label1\" content=\"Dur\u00e9e de lecture estim\u00e9e\" \/>\n\t<meta name=\"twitter:data1\" content=\"4 minutes\" \/>\n<script type=\"application\/ld+json\" class=\"yoast-schema-graph\">{\"@context\":\"https:\\\/\\\/schema.org\",\"@graph\":[{\"@type\":\"WebPage\",\"@id\":\"https:\\\/\\\/www.artisanlocal.ch\\\/c\\\/trouver-le-meilleur-peintre-a-cheseaux-sur-lausanne\\\/\",\"url\":\"https:\\\/\\\/www.artisanlocal.ch\\\/c\\\/trouver-le-meilleur-peintre-a-cheseaux-sur-lausanne\\\/\",\"name\":\"Peintre \u00e0 Cheseaux-sur-Lausanne - Artisanlocal\",\"isPartOf\":{\"@id\":\"https:\\\/\\\/www.artisanlocal.ch\\\/c\\\/#website\"},\"primaryImageOfPage\":{\"@id\":\"https:\\\/\\\/www.artisanlocal.ch\\\/c\\\/trouver-le-meilleur-peintre-a-cheseaux-sur-lausanne\\\/#primaryimage\"},\"image\":{\"@id\":\"https:\\\/\\\/www.artisanlocal.ch\\\/c\\\/trouver-le-meilleur-peintre-a-cheseaux-sur-lausanne\\\/#primaryimage\"},\"thumbnailUrl\":\"https:\\\/\\\/www.artisanlocal.ch\\\/c\\\/wp-content\\\/uploads\\\/2024\\\/10\\\/peintre.jpg\",\"datePublished\":\"2024-04-16T03:15:46+00:00\",\"dateModified\":\"2025-09-18T11:14:44+00:00\",\"breadcrumb\":{\"@id\":\"https:\\\/\\\/www.artisanlocal.ch\\\/c\\\/trouver-le-meilleur-peintre-a-cheseaux-sur-lausanne\\\/#breadcrumb\"},\"inLanguage\":\"fr-FR\",\"potentialAction\":[{\"@type\":\"ReadAction\",\"target\":[\"https:\\\/\\\/www.artisanlocal.ch\\\/c\\\/trouver-le-meilleur-peintre-a-cheseaux-sur-lausanne\\\/\"]}]},{\"@type\":\"ImageObject\",\"inLanguage\":\"fr-FR\",\"@id\":\"https:\\\/\\\/www.artisanlocal.ch\\\/c\\\/trouver-le-meilleur-peintre-a-cheseaux-sur-lausanne\\\/#primaryimage\",\"url\":\"https:\\\/\\\/www.artisanlocal.ch\\\/c\\\/wp-content\\\/uploads\\\/2024\\\/10\\\/peintre.jpg\",\"contentUrl\":\"https:\\\/\\\/www.artisanlocal.ch\\\/c\\\/wp-content\\\/uploads\\\/2024\\\/10\\\/peintre.jpg\",\"width\":1920,\"height\":300},{\"@type\":\"BreadcrumbList\",\"@id\":\"https:\\\/\\\/www.artisanlocal.ch\\\/c\\\/trouver-le-meilleur-peintre-a-cheseaux-sur-lausanne\\\/#breadcrumb\",\"itemListElement\":[{\"@type\":\"ListItem\",\"position\":1,\"name\":\"Accueil\",\"item\":\"https:\\\/\\\/www.artisanlocal.ch\\\/c\\\/\"},{\"@type\":\"ListItem\",\"position\":2,\"name\":\"Peintre \u00e0 Cheseaux-sur-Lausanne\"}]},{\"@type\":\"WebSite\",\"@id\":\"https:\\\/\\\/www.artisanlocal.ch\\\/c\\\/#website\",\"url\":\"https:\\\/\\\/www.artisanlocal.ch\\\/c\\\/\",\"name\":\"Artisanlocal\",\"description\":\"\",\"publisher\":{\"@id\":\"https:\\\/\\\/www.artisanlocal.ch\\\/c\\\/#organization\"},\"potentialAction\":[{\"@type\":\"SearchAction\",\"target\":{\"@type\":\"EntryPoint\",\"urlTemplate\":\"https:\\\/\\\/www.artisanlocal.ch\\\/c\\\/?s={search_term_string}\"},\"query-input\":{\"@type\":\"PropertyValueSpecification\",\"valueRequired\":true,\"valueName\":\"search_term_string\"}}],\"inLanguage\":\"fr-FR\"},{\"@type\":\"Organization\",\"@id\":\"https:\\\/\\\/www.artisanlocal.ch\\\/c\\\/#organization\",\"name\":\"Artisanlocal\",\"url\":\"https:\\\/\\\/www.artisanlocal.ch\\\/c\\\/\",\"logo\":{\"@type\":\"ImageObject\",\"inLanguage\":\"fr-FR\",\"@id\":\"https:\\\/\\\/www.artisanlocal.ch\\\/c\\\/#\\\/schema\\\/logo\\\/image\\\/\",\"url\":\"https:\\\/\\\/www.artisanlocal.ch\\\/c\\\/wp-content\\\/uploads\\\/2024\\\/02\\\/logo-artisanlocal-h.svg\",\"contentUrl\":\"https:\\\/\\\/www.artisanlocal.ch\\\/c\\\/wp-content\\\/uploads\\\/2024\\\/02\\\/logo-artisanlocal-h.svg\",\"caption\":\"Artisanlocal\"},\"image\":{\"@id\":\"https:\\\/\\\/www.artisanlocal.ch\\\/c\\\/#\\\/schema\\\/logo\\\/image\\\/\"}}]}<\/script>\n<!-- \/ Yoast SEO Premium plugin. -->","yoast_head_json":{"title":"Peintre \u00e0 Cheseaux-sur-Lausanne - Artisanlocal","robots":{"index":"index","follow":"follow","max-snippet":"max-snippet:-1","max-image-preview":"max-image-preview:large","max-video-preview":"max-video-preview:-1"},"canonical":"https:\/\/www.artisanlocal.ch\/c\/trouver-le-meilleur-peintre-a-cheseaux-sur-lausanne\/","og_locale":"fr_FR","og_type":"article","og_title":"Peintre \u00e0 Cheseaux-sur-Lausanne","og_description":"Besoin d&rsquo;un peintre \u00e0 Cheseaux-sur-Lausanne ? Engagez Artisanlocal pour repeindre votre habitation, si vous \u00eates un Gremaullais, nous intervenons rapidement \u00e0 votre domicile et dans les villes \u00e0 proximit\u00e9. Quels sont les services que votre entreprise propose ? Peinture int\u00e9rieure : sur les murs, les plafonds, les moulures, les portes, et dans des lieux comme [&hellip;]","og_url":"https:\/\/www.artisanlocal.ch\/c\/trouver-le-meilleur-peintre-a-cheseaux-sur-lausanne\/","og_site_name":"Artisanlocal","article_modified_time":"2025-09-18T11:14:44+00:00","og_image":[{"width":1920,"height":300,"url":"https:\/\/www.artisanlocal.ch\/c\/wp-content\/uploads\/2024\/10\/peintre.jpg","type":"image\/jpeg"}],"twitter_card":"summary_large_image","twitter_misc":{"Dur\u00e9e de lecture estim\u00e9e":"4 minutes"},"schema":{"@context":"https:\/\/schema.org","@graph":[{"@type":"WebPage","@id":"https:\/\/www.artisanlocal.ch\/c\/trouver-le-meilleur-peintre-a-cheseaux-sur-lausanne\/","url":"https:\/\/www.artisanlocal.ch\/c\/trouver-le-meilleur-peintre-a-cheseaux-sur-lausanne\/","name":"Peintre \u00e0 Cheseaux-sur-Lausanne - Artisanlocal","isPartOf":{"@id":"https:\/\/www.artisanlocal.ch\/c\/#website"},"primaryImageOfPage":{"@id":"https:\/\/www.artisanlocal.ch\/c\/trouver-le-meilleur-peintre-a-cheseaux-sur-lausanne\/#primaryimage"},"image":{"@id":"https:\/\/www.artisanlocal.ch\/c\/trouver-le-meilleur-peintre-a-cheseaux-sur-lausanne\/#primaryimage"},"thumbnailUrl":"https:\/\/www.artisanlocal.ch\/c\/wp-content\/uploads\/2024\/10\/peintre.jpg","datePublished":"2024-04-16T03:15:46+00:00","dateModified":"2025-09-18T11:14:44+00:00","breadcrumb":{"@id":"https:\/\/www.artisanlocal.ch\/c\/trouver-le-meilleur-peintre-a-cheseaux-sur-lausanne\/#breadcrumb"},"inLanguage":"fr-FR","potentialAction":[{"@type":"ReadAction","target":["https:\/\/www.artisanlocal.ch\/c\/trouver-le-meilleur-peintre-a-cheseaux-sur-lausanne\/"]}]},{"@type":"ImageObject","inLanguage":"fr-FR","@id":"https:\/\/www.artisanlocal.ch\/c\/trouver-le-meilleur-peintre-a-cheseaux-sur-lausanne\/#primaryimage","url":"https:\/\/www.artisanlocal.ch\/c\/wp-content\/uploads\/2024\/10\/peintre.jpg","contentUrl":"https:\/\/www.artisanlocal.ch\/c\/wp-content\/uploads\/2024\/10\/peintre.jpg","width":1920,"height":300},{"@type":"BreadcrumbList","@id":"https:\/\/www.artisanlocal.ch\/c\/trouver-le-meilleur-peintre-a-cheseaux-sur-lausanne\/#breadcrumb","itemListElement":[{"@type":"ListItem","position":1,"name":"Accueil","item":"https:\/\/www.artisanlocal.ch\/c\/"},{"@type":"ListItem","position":2,"name":"Peintre \u00e0 Cheseaux-sur-Lausanne"}]},{"@type":"WebSite","@id":"https:\/\/www.artisanlocal.ch\/c\/#website","url":"https:\/\/www.artisanlocal.ch\/c\/","name":"Artisanlocal","description":"","publisher":{"@id":"https:\/\/www.artisanlocal.ch\/c\/#organization"},"potentialAction":[{"@type":"SearchAction","target":{"@type":"EntryPoint","urlTemplate":"https:\/\/www.artisanlocal.ch\/c\/?s={search_term_string}"},"query-input":{"@type":"PropertyValueSpecification","valueRequired":true,"valueName":"search_term_string"}}],"inLanguage":"fr-FR"},{"@type":"Organization","@id":"https:\/\/www.artisanlocal.ch\/c\/#organization","name":"Artisanlocal","url":"https:\/\/www.artisanlocal.ch\/c\/","logo":{"@type":"ImageObject","inLanguage":"fr-FR","@id":"https:\/\/www.artisanlocal.ch\/c\/#\/schema\/logo\/image\/","url":"https:\/\/www.artisanlocal.ch\/c\/wp-content\/uploads\/2024\/02\/logo-artisanlocal-h.svg","contentUrl":"https:\/\/www.artisanlocal.ch\/c\/wp-content\/uploads\/2024\/02\/logo-artisanlocal-h.svg","caption":"Artisanlocal"},"image":{"@id":"https:\/\/www.artisanlocal.ch\/c\/#\/schema\/logo\/image\/"}}]}},"_links":{"self":[{"href":"https:\/\/www.artisanlocal.ch\/c\/wp-json\/wp\/v2\/pages\/772","targetHints":{"allow":["GET"]}}],"collection":[{"href":"https:\/\/www.artisanlocal.ch\/c\/wp-json\/wp\/v2\/pages"}],"about":[{"href":"https:\/\/www.artisanlocal.ch\/c\/wp-json\/wp\/v2\/types\/page"}],"author":[{"embeddable":true,"href":"https:\/\/www.artisanlocal.ch\/c\/wp-json\/wp\/v2\/users\/4"}],"replies":[{"embeddable":true,"href":"https:\/\/www.artisanlocal.ch\/c\/wp-json\/wp\/v2\/comments?post=772"}],"version-history":[{"count":0,"href":"https:\/\/www.artisanlocal.ch\/c\/wp-json\/wp\/v2\/pages\/772\/revisions"}],"wp:featuredmedia":[{"embeddable":true,"href":"https:\/\/www.artisanlocal.ch\/c\/wp-json\/wp\/v2\/media\/2756"}],"wp:attachment":[{"href":"https:\/\/www.artisanlocal.ch\/c\/wp-json\/wp\/v2\/media?parent=772"}],"wp:term":[{"taxonomy":"profession","embeddable":true,"href":"https:\/\/www.artisanlocal.ch\/c\/wp-json\/wp\/v2\/profession?post=772"},{"taxonomy":"location","embeddable":true,"href":"https:\/\/www.artisanlocal.ch\/c\/wp-json\/wp\/v2\/location?post=772"},{"taxonomy":"canton","embeddable":true,"href":"https:\/\/www.artisanlocal.ch\/c\/wp-json\/wp\/v2\/canton?post=772"}],"curies":[{"name":"wp","href":"https:\/\/api.w.org\/{rel}","templated":true}]}}