{"id":774,"date":"2024-04-16T13:29:08","date_gmt":"2024-04-16T11:29:08","guid":{"rendered":"https:\/\/www.artisanlocal.ch\/c\/engager-le-meilleur-peintre-a-ecublens\/"},"modified":"2025-11-07T11:53:33","modified_gmt":"2025-11-07T10:53:33","slug":"engager-le-meilleur-peintre-a-ecublens","status":"publish","type":"page","link":"https:\/\/www.artisanlocal.ch\/c\/engager-le-meilleur-peintre-a-ecublens\/","title":{"rendered":"Peintre Ecublens VD"},"content":{"rendered":"<p>Besoin d&rsquo;un peintre \u00e0 Ecublens VD ? Artisanlocal.ch effectue vos travaux de peinture de vos surfaces ext\u00e9rieures et int\u00e9rieurs \u00e0 Ecublens VD et dans les villes proches.<br \/>\n\r\n<div class=\"box\">\r\n            <div class=\"company-info\">\r\n            <img decoding=\"async\" class=\"company-info__logo\" src=\"https:\/\/www.artisanlocal.ch\/media\/cache\/thumb\/images\/companies\/zen-peinture.png\" alt=\"Logo\">\r\n            <h2 class=\"company-info__name\">Zen Peinture<\/h2>\r\n            <p class=\"company-info__business\">Entreprise de peinture<\/p>\r\n        <\/div>\r\n        <div class=\"company-contact\">\r\n            <p class=\"company-info__address\">Chemin du Croset 9<\/p>\r\n                            <div class=\"links\">\r\n                                            <a class=\"btn has-accent-background-color js-phoneNumber\" href=\"tel:0765865892\" title=\"Appelez\" data-id=\"1733\" data-type=\"11\">076 586 58 92<\/a>\r\n                                                                <a class=\"btn has-accent-background-color\" href=\"http:\/\/zen-peinture.ch\/\" target=\"_blank\" title=\"Voir le site internet\" data-id=\"1733\" data-type=\"20\">Site internet<\/a>\r\n                                    <\/div>\r\n                    <\/div>\r\n    \r\n            \r\n<form action=\"https:\/\/www.artisanlocal.ch\/c\/wp-admin\/admin-ajax.php\" method=\"post\" class=\"form-contact\" id=\"artisan_form_contact_company_inline\">\r\n    <div><input type=\"hidden\" name=\"action\" value=\"company_contact\"><\/div>\r\n    <div><input type=\"hidden\" name=\"nonce\" value=\"67a23a8c67\"><\/div>\r\n    <div><input type=\"hidden\" name=\"company_id\" value=\"1733\"><\/div>\r\n    <div><input type=\"hidden\" name=\"form_id\" value=\"artisan_form_contact_company_inline\"><\/div>\r\n    <div class=\"gglcptch gglcptch_v3 gglcptch_custom\"><input type=\"hidden\" id=\"g-recaptcha-response\" name=\"g-recaptcha-response\" \/><br \/><div class=\"gglcptch_error_text\">La p\u00e9riode de v\u00e9rification reCAPTCHA a expir\u00e9. Veuillez recharger la page.<\/div><\/div>    <div class=\"form-content\">\r\n        <div class=\"form-group\">\r\n            <label for=\"contact_firstName\" class=\"required\">Pr\u00e9nom<\/label>\r\n            <input type=\"text\" name=\"firstName\" class=\"form-control\" required>\r\n        <\/div>\r\n        <div class=\"form-group\">\r\n            <label for=\"contact_lastName\" class=\"required\">Nom<\/label>\r\n            <input type=\"text\" name=\"lastName\" class=\"form-control\" required>\r\n        <\/div>\r\n        <div class=\"form-group\">\r\n            <label for=\"contact_email\" class=\"required\">Email<\/label>\r\n            <input type=\"email\" name=\"email\" class=\"form-control\" required>\r\n        <\/div>\r\n        <div class=\"form-group\">\r\n            <label for=\"contact_phone\" class=\"required\">Num\u00e9ro de t\u00e9l\u00e9phone<\/label>\r\n            <input type=\"tel\" name=\"phone\" class=\"form-control\" placeholder=\"0787117165\" pattern=\"^[0-9]{10}$\" required>\r\n        <\/div>\r\n        <div class=\"form-group\">\r\n            <label for=\"contact_postalCode\" class=\"required\">Code postal et localit\u00e9<\/label>\r\n            <input type=\"text\" name=\"postalCode\" class=\"form-control\" required>\r\n        <\/div>\r\n        <div class=\"form-group\">\r\n            <label for=\"contact_address\" class=\"required\">Adresse<\/label>\r\n            <input type=\"text\" name=\"address\" class=\"form-control\" required>\r\n        <\/div>\r\n        <div class=\"full-width topic\">\r\n            <p class=\"required\">Je souhaite \u00eatre contact\u00e9 pour :<\/p>\r\n            <div class=\"form-check\">\r\n                <input type=\"radio\" name=\"topic\" value=\"D\u00e9pannage\" class=\"form-control\" required>\r\n                <label for=\"d\u00e9pannage\">D\u00e9pannage<\/label>\r\n            <\/div>\r\n            <div class=\"form-check\">\r\n                <input type=\"radio\" name=\"topic\" value=\"Entretien\" class=\"form-control\" required>\r\n                <label for=\"entretien\">Entretien<\/label>\r\n            <\/div>\r\n            <div class=\"form-check\">\r\n                <input type=\"radio\" name=\"topic\" value=\"R\u00e9novation\" class=\"form-control\" required>\r\n                <label for=\"r\u00e9novation\">R\u00e9novation<\/label>\r\n            <\/div>\r\n            <div class=\"form-check\">\r\n                <input type=\"radio\" name=\"topic\" value=\"Autre\" class=\"form-control\" required>\r\n                <label for=\"autre\">Autre<\/label>\r\n            <\/div>\r\n        <\/div>\r\n        <div class=\"form-group full-width\">\r\n            <label for=\"contact_message\">Message<\/label>\r\n            <textarea name=\"message\" rows=\"3\" class=\"form-control\"><\/textarea>\r\n        <\/div>\r\n    <\/div>\r\n    <div class=\"form-actions\">\r\n        <button class=\"wp-block-button__link has-accent-background-color\">Contacter<\/button>\r\n    <\/div>\r\n<\/form>\r\n<div class=\"form-feedback\"><\/div>    <\/div><\/p>\n<h2>Quels sont les services d&rsquo;Artisanlocal ?<\/h2>\n<ul>\n<li>Peinture int\u00e9rieure : des moulures, murs, plafonds, portes d&rsquo;entr\u00e9e, salles de bain, salons et des chambres.<\/li>\n<li>Peinture ext\u00e9rieure : des terrasses, bardages, cl\u00f4tures, briques, stucs et portes de garage.<\/li>\n<li>Peinture d\u00e9corative : cr\u00e9ation des effets, tels que le faux marbre, les patines, l&rsquo;effet vieilli, le faux bois et l&rsquo;effet oxyd\u00e9.<\/li>\n<li>Peinture pour cuisine : ajout d\u2019une couche peinture d\u00e9corative telle que la peinture satin\u00e9e qui est facilement nettoyable.<\/li>\n<li>Travaux d&rsquo;enduits d\u00e9coratifs : installation d&rsquo;enduits comme le b\u00e9ton cir\u00e9 ou le tadelakt.<\/li>\n<li>Artiste peintre : cr\u00e9ation de fresques murales (ext\u00e9rieur, int\u00e9rieur, artistique ou d\u00e9corative).<\/li>\n<li>Peinture pour le ravalement de fa\u00e7ade : r\u00e9novation de votre fa\u00e7ade ext\u00e9rieure, pose d&rsquo;enduit, peinture, bardage ou cr\u00e9pi.<\/li>\n<li>Peinture cordiste : travaux de peinture sur des zones en hauteurs, nous op\u00e9rons dans les coins inaccessibles d\u2019acc\u00e8s, comme les ponts, \u00e9oliennes, tours, ou usines.<\/li>\n<li>Peinture de finition : pose des finitions sur les meubles de cuisine ou dans la salle d&rsquo;eau.<\/li>\n<li>Mise en place et r\u00e9novation : r\u00e9paration des fissures, colmatage des creux dans les murs, ou encore pose de cloisons s\u00e8ches.<\/li>\n<li>Installation et enl\u00e8vement de votre ancien papier peint : \u00e9limination et changement de votre ancienne tapisserie.<\/li>\n<li>Peinture pour entreprise : pour les locaux commerciaux, restaurants, \u00e9coles, salles de sports et autres propri\u00e9t\u00e9s commerciales.<\/li>\n<li>Peinture pour immeuble : pr\u00e9paration des surfaces avant les travaux de peinture, r\u00e9alisation des travaux de finition et application des peintures et des rev\u00eatements.<\/li>\n<\/ul>\n<h2>Comment fonctionne Artisanlocal.ch ?<\/h2>\n<p>Chez Artisanlocal, nous avons cr\u00e9\u00e9 un syst\u00e8me \u00e9tape par \u00e9tape afin de r\u00e9pondre aux attentes de nos clients.<\/p>\n<h3>\u00c9tape 1\u00a0 : prise de contact et demande de devis<\/h3>\n<p>Prenez contact avec un de nos peintres par mail ou t\u00e9l\u00e9phone et recevez un devis gratuit et d\u00e9taill\u00e9.<\/p>\n<h3>\u00c9tape 2\u00a0 : examinez votre devis<\/h3>\n<p>Examinez le devis, en cas de doutes, n&rsquo;h\u00e9sitez pas \u00e0 nous joindre pour avoir des informations suppl\u00e9mentaires.<\/p>\n<h3>\u00c9tape 3\u00a0 : programmez la date du d\u00e9but de votre projet<\/h3>\n<p>Apr\u00e8s la validation du devis, nous planifions ensemble le d\u00e9but de votre projet. Pour assurer le succ\u00e8s de votre chantier, nous vous mettons \u00e0 votre disposition un chef de projet.<\/p>\n<h2>Quel est le co\u00fbt d&rsquo;une prestation de peinture \u00e0 Ecublens VD ?<\/h2>\n<p>Le co\u00fbt des travaux repose sur l&rsquo;\u00e9tat des surfaces \u00e0 peindre. En moyenne, les prix varient entre 60 et 70 CHF par heure. \u00c0 peu pr\u00e8s 80% \u00e0 90% du montant sont pour la main-d&rsquo;\u0153uvre, tandis que la peinture ne repr\u00e9sente que 10% \u00e0 20%.<\/p>\n<h2>Pourquoi choisir Artisanlocal.ch ?<\/h2>\n<ul>\n<li>Accessibilit\u00e9 : situ\u00e9s \u00e0 Ecublens VD, nos peintres interviennent rapidement chez vous.<\/li>\n<li>Excellence : en choisissant notre entreprise, vous choisissez la qualit\u00e9 et le savoir-faire.<\/li>\n<li>Tarifs attractifs : nos prix sont comp\u00e9titifs et il n&rsquo;y a pas de frais cach\u00e9s.<\/li>\n<li>Services sur mesure : nous prenons en consid\u00e9ration les sp\u00e9cificit\u00e9s de votre projet afin de vous proposer des prestations sur mesure.<\/li>\n<\/ul>\n<h2>FAQ<\/h2>\n<h3>Quelle peinture est-ce que vous utilisez ?<\/h3>\n<p>Nous utilisons que des peintures premium. Il est aussi possible d&rsquo;utiliser les peintures que vous avez achet\u00e9es.<\/p>\n<h3>Est-ce que vos peintres sont disponibles le week-end ?<\/h3>\n<p>Oui, notre entreprise est disponible les week-ends.<\/p>\n<h3>Prot\u00e9gez-vous mon mobilier ?<\/h3>\n<p>Oui, nous prot\u00e9geons votre mobilier et votre \u00e9lectrom\u00e9nager durant les travaux. N\u00e9anmoins, si vous avez des objets fragiles, nous vous recommandons d&rsquo;en avertir notre \u00e9quipe, nous ajouterons des protections suppl\u00e9mentaires.<\/p>\n<h3>Que faire si les travaux r\u00e9alis\u00e9s ne satisfont pas \u00e0 mes d\u00e9sirs ?<\/h3>\n<p>Si notre prestation ne vous satisfait pas, nous prenons l&rsquo;engagement d&rsquo;effectuer les corrections n\u00e9cessaires jusqu&rsquo;\u00e0 ce que vous soyez satisfait.<\/p>\n<h3>Vos devis sont-ils gratuits ?<\/h3>\n<p>Oui, nos devis sont gratuits et sans engagements. Nos peintres se d\u00e9placent dans votre foyer pour r\u00e9pondre \u00e0 vos questions et valider avec vous votre devis.<\/p>\n<h3>Vos services s&rsquo;\u00e9tendent-ils aux villes proches d&rsquo;Ecublens VD ?<\/h3>\n<p>Oui, nous intervenons \u00e0 Ecublens VD, et aussi dans les villes proches, comme :<\/p>\nChavannes-pr\u00e8s-Renens, St-Sulpice VD, Denges, Echandens, Lonay, Pr\u00e9verenges, Villars-Ste-Croix, Bussigny, Morges, Echichens, St-Saphorin-sur-Morges, Colombier VD, Vullierens, Bremblens, Romanel-sur-Morges, Aclens, Monnaz, Vaux-sur-Morges, Clarmont, Reverolle, Tolochenaz, Lully VD, Chigny, Vufflens-le-Ch\u00e2teau, Denens, Bussy-Chardonney, St-Prex, Lussy-sur-Morges.\n","protected":false},"excerpt":{"rendered":"<p>Besoin d&rsquo;un peintre \u00e0 Ecublens VD ? Artisanlocal.ch effectue vos travaux de peinture de vos surfaces ext\u00e9rieures et int\u00e9rieurs \u00e0 Ecublens VD et dans les villes proches. Quels sont les services d&rsquo;Artisanlocal ? Peinture int\u00e9rieure : des moulures, murs, plafonds, portes d&rsquo;entr\u00e9e, salles de bain, salons et des chambres. Peinture ext\u00e9rieure : des terrasses, bardages, [&hellip;]<\/p>\n","protected":false},"author":4,"featured_media":2756,"parent":0,"menu_order":0,"comment_status":"closed","ping_status":"closed","template":"","meta":{"footnotes":""},"profession":[121],"location":[41],"canton":[113],"class_list":["post-774","page","type-page","status-publish","has-post-thumbnail","hentry","profession-peintre","location-ecublens-vd","canton-vd"],"yoast_head":"<!-- This site is optimized with the Yoast SEO Premium plugin v25.7.1 (Yoast SEO v27.3) - https:\/\/yoast.com\/product\/yoast-seo-premium-wordpress\/ -->\n<title>Peintre Ecublens VD - Artisanlocal<\/title>\n<meta name=\"robots\" content=\"index, follow, max-snippet:-1, max-image-preview:large, max-video-preview:-1\" \/>\n<link rel=\"canonical\" href=\"https:\/\/www.artisanlocal.ch\/c\/engager-le-meilleur-peintre-a-ecublens\/\" \/>\n<meta property=\"og:locale\" content=\"fr_FR\" \/>\n<meta property=\"og:type\" content=\"article\" \/>\n<meta property=\"og:title\" content=\"Peintre Ecublens VD\" \/>\n<meta property=\"og:description\" content=\"Besoin d&rsquo;un peintre \u00e0 Ecublens VD ? Artisanlocal.ch effectue vos travaux de peinture de vos surfaces ext\u00e9rieures et int\u00e9rieurs \u00e0 Ecublens VD et dans les villes proches. Quels sont les services d&rsquo;Artisanlocal ? Peinture int\u00e9rieure : des moulures, murs, plafonds, portes d&rsquo;entr\u00e9e, salles de bain, salons et des chambres. Peinture ext\u00e9rieure : des terrasses, bardages, [&hellip;]\" \/>\n<meta property=\"og:url\" content=\"https:\/\/www.artisanlocal.ch\/c\/engager-le-meilleur-peintre-a-ecublens\/\" \/>\n<meta property=\"og:site_name\" content=\"Artisanlocal\" \/>\n<meta property=\"article:modified_time\" content=\"2025-11-07T10:53:33+00:00\" \/>\n<meta property=\"og:image\" content=\"https:\/\/www.artisanlocal.ch\/c\/wp-content\/uploads\/2024\/10\/peintre.jpg\" \/>\n\t<meta property=\"og:image:width\" content=\"1920\" \/>\n\t<meta property=\"og:image:height\" content=\"300\" \/>\n\t<meta property=\"og:image:type\" content=\"image\/jpeg\" \/>\n<meta name=\"twitter:card\" content=\"summary_large_image\" \/>\n<meta name=\"twitter:label1\" content=\"Dur\u00e9e de lecture estim\u00e9e\" \/>\n\t<meta name=\"twitter:data1\" content=\"4 minutes\" \/>\n<script type=\"application\/ld+json\" class=\"yoast-schema-graph\">{\"@context\":\"https:\\\/\\\/schema.org\",\"@graph\":[{\"@type\":\"WebPage\",\"@id\":\"https:\\\/\\\/www.artisanlocal.ch\\\/c\\\/engager-le-meilleur-peintre-a-ecublens\\\/\",\"url\":\"https:\\\/\\\/www.artisanlocal.ch\\\/c\\\/engager-le-meilleur-peintre-a-ecublens\\\/\",\"name\":\"Peintre Ecublens VD - Artisanlocal\",\"isPartOf\":{\"@id\":\"https:\\\/\\\/www.artisanlocal.ch\\\/c\\\/#website\"},\"primaryImageOfPage\":{\"@id\":\"https:\\\/\\\/www.artisanlocal.ch\\\/c\\\/engager-le-meilleur-peintre-a-ecublens\\\/#primaryimage\"},\"image\":{\"@id\":\"https:\\\/\\\/www.artisanlocal.ch\\\/c\\\/engager-le-meilleur-peintre-a-ecublens\\\/#primaryimage\"},\"thumbnailUrl\":\"https:\\\/\\\/www.artisanlocal.ch\\\/c\\\/wp-content\\\/uploads\\\/2024\\\/10\\\/peintre.jpg\",\"datePublished\":\"2024-04-16T11:29:08+00:00\",\"dateModified\":\"2025-11-07T10:53:33+00:00\",\"breadcrumb\":{\"@id\":\"https:\\\/\\\/www.artisanlocal.ch\\\/c\\\/engager-le-meilleur-peintre-a-ecublens\\\/#breadcrumb\"},\"inLanguage\":\"fr-FR\",\"potentialAction\":[{\"@type\":\"ReadAction\",\"target\":[\"https:\\\/\\\/www.artisanlocal.ch\\\/c\\\/engager-le-meilleur-peintre-a-ecublens\\\/\"]}]},{\"@type\":\"ImageObject\",\"inLanguage\":\"fr-FR\",\"@id\":\"https:\\\/\\\/www.artisanlocal.ch\\\/c\\\/engager-le-meilleur-peintre-a-ecublens\\\/#primaryimage\",\"url\":\"https:\\\/\\\/www.artisanlocal.ch\\\/c\\\/wp-content\\\/uploads\\\/2024\\\/10\\\/peintre.jpg\",\"contentUrl\":\"https:\\\/\\\/www.artisanlocal.ch\\\/c\\\/wp-content\\\/uploads\\\/2024\\\/10\\\/peintre.jpg\",\"width\":1920,\"height\":300},{\"@type\":\"BreadcrumbList\",\"@id\":\"https:\\\/\\\/www.artisanlocal.ch\\\/c\\\/engager-le-meilleur-peintre-a-ecublens\\\/#breadcrumb\",\"itemListElement\":[{\"@type\":\"ListItem\",\"position\":1,\"name\":\"Accueil\",\"item\":\"https:\\\/\\\/www.artisanlocal.ch\\\/c\\\/\"},{\"@type\":\"ListItem\",\"position\":2,\"name\":\"Peintre Ecublens VD\"}]},{\"@type\":\"WebSite\",\"@id\":\"https:\\\/\\\/www.artisanlocal.ch\\\/c\\\/#website\",\"url\":\"https:\\\/\\\/www.artisanlocal.ch\\\/c\\\/\",\"name\":\"Artisanlocal\",\"description\":\"\",\"publisher\":{\"@id\":\"https:\\\/\\\/www.artisanlocal.ch\\\/c\\\/#organization\"},\"potentialAction\":[{\"@type\":\"SearchAction\",\"target\":{\"@type\":\"EntryPoint\",\"urlTemplate\":\"https:\\\/\\\/www.artisanlocal.ch\\\/c\\\/?s={search_term_string}\"},\"query-input\":{\"@type\":\"PropertyValueSpecification\",\"valueRequired\":true,\"valueName\":\"search_term_string\"}}],\"inLanguage\":\"fr-FR\"},{\"@type\":\"Organization\",\"@id\":\"https:\\\/\\\/www.artisanlocal.ch\\\/c\\\/#organization\",\"name\":\"Artisanlocal\",\"url\":\"https:\\\/\\\/www.artisanlocal.ch\\\/c\\\/\",\"logo\":{\"@type\":\"ImageObject\",\"inLanguage\":\"fr-FR\",\"@id\":\"https:\\\/\\\/www.artisanlocal.ch\\\/c\\\/#\\\/schema\\\/logo\\\/image\\\/\",\"url\":\"https:\\\/\\\/www.artisanlocal.ch\\\/c\\\/wp-content\\\/uploads\\\/2024\\\/02\\\/logo-artisanlocal-h.svg\",\"contentUrl\":\"https:\\\/\\\/www.artisanlocal.ch\\\/c\\\/wp-content\\\/uploads\\\/2024\\\/02\\\/logo-artisanlocal-h.svg\",\"caption\":\"Artisanlocal\"},\"image\":{\"@id\":\"https:\\\/\\\/www.artisanlocal.ch\\\/c\\\/#\\\/schema\\\/logo\\\/image\\\/\"}}]}<\/script>\n<!-- \/ Yoast SEO Premium plugin. -->","yoast_head_json":{"title":"Peintre Ecublens VD - Artisanlocal","robots":{"index":"index","follow":"follow","max-snippet":"max-snippet:-1","max-image-preview":"max-image-preview:large","max-video-preview":"max-video-preview:-1"},"canonical":"https:\/\/www.artisanlocal.ch\/c\/engager-le-meilleur-peintre-a-ecublens\/","og_locale":"fr_FR","og_type":"article","og_title":"Peintre Ecublens VD","og_description":"Besoin d&rsquo;un peintre \u00e0 Ecublens VD ? Artisanlocal.ch effectue vos travaux de peinture de vos surfaces ext\u00e9rieures et int\u00e9rieurs \u00e0 Ecublens VD et dans les villes proches. Quels sont les services d&rsquo;Artisanlocal ? Peinture int\u00e9rieure : des moulures, murs, plafonds, portes d&rsquo;entr\u00e9e, salles de bain, salons et des chambres. Peinture ext\u00e9rieure : des terrasses, bardages, [&hellip;]","og_url":"https:\/\/www.artisanlocal.ch\/c\/engager-le-meilleur-peintre-a-ecublens\/","og_site_name":"Artisanlocal","article_modified_time":"2025-11-07T10:53:33+00:00","og_image":[{"width":1920,"height":300,"url":"https:\/\/www.artisanlocal.ch\/c\/wp-content\/uploads\/2024\/10\/peintre.jpg","type":"image\/jpeg"}],"twitter_card":"summary_large_image","twitter_misc":{"Dur\u00e9e de lecture estim\u00e9e":"4 minutes"},"schema":{"@context":"https:\/\/schema.org","@graph":[{"@type":"WebPage","@id":"https:\/\/www.artisanlocal.ch\/c\/engager-le-meilleur-peintre-a-ecublens\/","url":"https:\/\/www.artisanlocal.ch\/c\/engager-le-meilleur-peintre-a-ecublens\/","name":"Peintre Ecublens VD - Artisanlocal","isPartOf":{"@id":"https:\/\/www.artisanlocal.ch\/c\/#website"},"primaryImageOfPage":{"@id":"https:\/\/www.artisanlocal.ch\/c\/engager-le-meilleur-peintre-a-ecublens\/#primaryimage"},"image":{"@id":"https:\/\/www.artisanlocal.ch\/c\/engager-le-meilleur-peintre-a-ecublens\/#primaryimage"},"thumbnailUrl":"https:\/\/www.artisanlocal.ch\/c\/wp-content\/uploads\/2024\/10\/peintre.jpg","datePublished":"2024-04-16T11:29:08+00:00","dateModified":"2025-11-07T10:53:33+00:00","breadcrumb":{"@id":"https:\/\/www.artisanlocal.ch\/c\/engager-le-meilleur-peintre-a-ecublens\/#breadcrumb"},"inLanguage":"fr-FR","potentialAction":[{"@type":"ReadAction","target":["https:\/\/www.artisanlocal.ch\/c\/engager-le-meilleur-peintre-a-ecublens\/"]}]},{"@type":"ImageObject","inLanguage":"fr-FR","@id":"https:\/\/www.artisanlocal.ch\/c\/engager-le-meilleur-peintre-a-ecublens\/#primaryimage","url":"https:\/\/www.artisanlocal.ch\/c\/wp-content\/uploads\/2024\/10\/peintre.jpg","contentUrl":"https:\/\/www.artisanlocal.ch\/c\/wp-content\/uploads\/2024\/10\/peintre.jpg","width":1920,"height":300},{"@type":"BreadcrumbList","@id":"https:\/\/www.artisanlocal.ch\/c\/engager-le-meilleur-peintre-a-ecublens\/#breadcrumb","itemListElement":[{"@type":"ListItem","position":1,"name":"Accueil","item":"https:\/\/www.artisanlocal.ch\/c\/"},{"@type":"ListItem","position":2,"name":"Peintre Ecublens VD"}]},{"@type":"WebSite","@id":"https:\/\/www.artisanlocal.ch\/c\/#website","url":"https:\/\/www.artisanlocal.ch\/c\/","name":"Artisanlocal","description":"","publisher":{"@id":"https:\/\/www.artisanlocal.ch\/c\/#organization"},"potentialAction":[{"@type":"SearchAction","target":{"@type":"EntryPoint","urlTemplate":"https:\/\/www.artisanlocal.ch\/c\/?s={search_term_string}"},"query-input":{"@type":"PropertyValueSpecification","valueRequired":true,"valueName":"search_term_string"}}],"inLanguage":"fr-FR"},{"@type":"Organization","@id":"https:\/\/www.artisanlocal.ch\/c\/#organization","name":"Artisanlocal","url":"https:\/\/www.artisanlocal.ch\/c\/","logo":{"@type":"ImageObject","inLanguage":"fr-FR","@id":"https:\/\/www.artisanlocal.ch\/c\/#\/schema\/logo\/image\/","url":"https:\/\/www.artisanlocal.ch\/c\/wp-content\/uploads\/2024\/02\/logo-artisanlocal-h.svg","contentUrl":"https:\/\/www.artisanlocal.ch\/c\/wp-content\/uploads\/2024\/02\/logo-artisanlocal-h.svg","caption":"Artisanlocal"},"image":{"@id":"https:\/\/www.artisanlocal.ch\/c\/#\/schema\/logo\/image\/"}}]}},"_links":{"self":[{"href":"https:\/\/www.artisanlocal.ch\/c\/wp-json\/wp\/v2\/pages\/774","targetHints":{"allow":["GET"]}}],"collection":[{"href":"https:\/\/www.artisanlocal.ch\/c\/wp-json\/wp\/v2\/pages"}],"about":[{"href":"https:\/\/www.artisanlocal.ch\/c\/wp-json\/wp\/v2\/types\/page"}],"author":[{"embeddable":true,"href":"https:\/\/www.artisanlocal.ch\/c\/wp-json\/wp\/v2\/users\/4"}],"replies":[{"embeddable":true,"href":"https:\/\/www.artisanlocal.ch\/c\/wp-json\/wp\/v2\/comments?post=774"}],"version-history":[{"count":0,"href":"https:\/\/www.artisanlocal.ch\/c\/wp-json\/wp\/v2\/pages\/774\/revisions"}],"wp:featuredmedia":[{"embeddable":true,"href":"https:\/\/www.artisanlocal.ch\/c\/wp-json\/wp\/v2\/media\/2756"}],"wp:attachment":[{"href":"https:\/\/www.artisanlocal.ch\/c\/wp-json\/wp\/v2\/media?parent=774"}],"wp:term":[{"taxonomy":"profession","embeddable":true,"href":"https:\/\/www.artisanlocal.ch\/c\/wp-json\/wp\/v2\/profession?post=774"},{"taxonomy":"location","embeddable":true,"href":"https:\/\/www.artisanlocal.ch\/c\/wp-json\/wp\/v2\/location?post=774"},{"taxonomy":"canton","embeddable":true,"href":"https:\/\/www.artisanlocal.ch\/c\/wp-json\/wp\/v2\/canton?post=774"}],"curies":[{"name":"wp","href":"https:\/\/api.w.org\/{rel}","templated":true}]}}