{"id":776,"date":"2024-04-15T10:45:02","date_gmt":"2024-04-15T08:45:02","guid":{"rendered":"https:\/\/www.artisanlocal.ch\/c\/societe-de-peintre-a-sierre\/"},"modified":"2025-09-18T12:36:51","modified_gmt":"2025-09-18T10:36:51","slug":"societe-de-peintre-a-sierre","status":"publish","type":"page","link":"https:\/\/www.artisanlocal.ch\/c\/societe-de-peintre-a-sierre\/","title":{"rendered":"Peintre \u00e0 Sierre"},"content":{"rendered":"<p>Vous avez besoin d&rsquo;une entreprise de peinture \u00e0 Sierre ? Artisanlocal intervient pour peindre votre int\u00e9rieur. Nos peintres s&rsquo;adaptent \u00e0 votre emploi du temps et interviennent rapidement chez vous \u00e0 Sierre et dans les villes aux environs.<br \/>\n\r\n<div class=\"box\">\r\n            <div class=\"company-info\">\r\n            <img decoding=\"async\" class=\"company-info__logo\" src=\"https:\/\/www.artisanlocal.ch\/media\/cache\/thumb\/images\/companies\/69c5032c84132440656790.png\" alt=\"Logo\">\r\n            <h2 class=\"company-info__name\">JF Peinture & D\u00e9coration S\u00e0rl<\/h2>\r\n            <p class=\"company-info__business\">Pl\u00e2trerie - Peinture<\/p>\r\n        <\/div>\r\n        <div class=\"company-contact\">\r\n            <p class=\"company-info__address\">All\u00e9e du Glarier 1<\/p>\r\n                            <div class=\"links\">\r\n                                            <a class=\"btn has-accent-background-color js-phoneNumber\" href=\"tel:0795989268\" title=\"Appelez\" data-id=\"34793\" data-type=\"11\">079 598 92 68<\/a>\r\n                                                                <a class=\"btn has-accent-background-color\" href=\"https:\/\/jfpeinture.ch\/\" target=\"_blank\" title=\"Voir le site internet\" data-id=\"34793\" data-type=\"20\">Site internet<\/a>\r\n                                    <\/div>\r\n                    <\/div>\r\n    \r\n            \r\n<form action=\"https:\/\/www.artisanlocal.ch\/c\/wp-admin\/admin-ajax.php\" method=\"post\" class=\"form-contact\" id=\"artisan_form_contact_company_inline\">\r\n    <div><input type=\"hidden\" name=\"action\" value=\"company_contact\"><\/div>\r\n    <div><input type=\"hidden\" name=\"nonce\" value=\"f071462bb9\"><\/div>\r\n    <div><input type=\"hidden\" name=\"company_id\" value=\"34793\"><\/div>\r\n    <div><input type=\"hidden\" name=\"form_id\" value=\"artisan_form_contact_company_inline\"><\/div>\r\n    <div class=\"gglcptch gglcptch_v3 gglcptch_custom\"><input type=\"hidden\" id=\"g-recaptcha-response\" name=\"g-recaptcha-response\" \/><br \/><div class=\"gglcptch_error_text\">La p\u00e9riode de v\u00e9rification reCAPTCHA a expir\u00e9. Veuillez recharger la page.<\/div><\/div>    <div class=\"form-content\">\r\n        <div class=\"form-group\">\r\n            <label for=\"contact_firstName\" class=\"required\">Pr\u00e9nom<\/label>\r\n            <input type=\"text\" name=\"firstName\" class=\"form-control\" required>\r\n        <\/div>\r\n        <div class=\"form-group\">\r\n            <label for=\"contact_lastName\" class=\"required\">Nom<\/label>\r\n            <input type=\"text\" name=\"lastName\" class=\"form-control\" required>\r\n        <\/div>\r\n        <div class=\"form-group\">\r\n            <label for=\"contact_email\" class=\"required\">Email<\/label>\r\n            <input type=\"email\" name=\"email\" class=\"form-control\" required>\r\n        <\/div>\r\n        <div class=\"form-group\">\r\n            <label for=\"contact_phone\" class=\"required\">Num\u00e9ro de t\u00e9l\u00e9phone<\/label>\r\n            <input type=\"tel\" name=\"phone\" class=\"form-control\" placeholder=\"0787117165\" pattern=\"^[0-9]{10}$\" required>\r\n        <\/div>\r\n        <div class=\"form-group\">\r\n            <label for=\"contact_postalCode\" class=\"required\">Code postal et localit\u00e9<\/label>\r\n            <input type=\"text\" name=\"postalCode\" class=\"form-control\" required>\r\n        <\/div>\r\n        <div class=\"form-group\">\r\n            <label for=\"contact_address\" class=\"required\">Adresse<\/label>\r\n            <input type=\"text\" name=\"address\" class=\"form-control\" required>\r\n        <\/div>\r\n        <div class=\"full-width topic\">\r\n            <p class=\"required\">Je souhaite \u00eatre contact\u00e9 pour :<\/p>\r\n            <div class=\"form-check\">\r\n                <input type=\"radio\" name=\"topic\" value=\"D\u00e9pannage\" class=\"form-control\" required>\r\n                <label for=\"d\u00e9pannage\">D\u00e9pannage<\/label>\r\n            <\/div>\r\n            <div class=\"form-check\">\r\n                <input type=\"radio\" name=\"topic\" value=\"Entretien\" class=\"form-control\" required>\r\n                <label for=\"entretien\">Entretien<\/label>\r\n            <\/div>\r\n            <div class=\"form-check\">\r\n                <input type=\"radio\" name=\"topic\" value=\"R\u00e9novation\" class=\"form-control\" required>\r\n                <label for=\"r\u00e9novation\">R\u00e9novation<\/label>\r\n            <\/div>\r\n            <div class=\"form-check\">\r\n                <input type=\"radio\" name=\"topic\" value=\"Autre\" class=\"form-control\" required>\r\n                <label for=\"autre\">Autre<\/label>\r\n            <\/div>\r\n        <\/div>\r\n        <div class=\"form-group full-width\">\r\n            <label for=\"contact_message\">Message<\/label>\r\n            <textarea name=\"message\" rows=\"3\" class=\"form-control\"><\/textarea>\r\n        <\/div>\r\n    <\/div>\r\n    <div class=\"form-actions\">\r\n        <button class=\"wp-block-button__link has-accent-background-color\">Contacter<\/button>\r\n    <\/div>\r\n<\/form>\r\n<div class=\"form-feedback\"><\/div>    <\/div><\/p>\n<h2>Quelle est la gamme de services d&rsquo;Artisanlocal ?<\/h2>\n<ul>\n<li>Peinture int\u00e9rieure : sur les moulures, les murs, les plafonds, les portes, et dans des espaces comme la salle d&rsquo;eau, la chambre et le salon.<\/li>\n<li>Peinture ext\u00e9rieure : pose d&rsquo;une nouvelle couche de peinture sur les cl\u00f4tures, les terrasses, le bardage, les portes de garage, la brique et le stuc.<\/li>\n<li>Peinture d\u00e9corative : cr\u00e9ation d\u2019effets, comme le faux marbre, effet vieilli, patines, faux bois, effet oxyd\u00e9.<\/li>\n<li>Peinture pour cuisine : application d&rsquo;une couche de peinture, comme la peinture satin\u00e9e, qui se nettoie facilement.<\/li>\n<li>Les travaux d&rsquo;enduits d\u00e9coratifs : pose d&rsquo;enduits comme le tadelakt ou le b\u00e9ton cir\u00e9.<\/li>\n<li>Artiste peintre : cr\u00e9ation de peintures murales (ext\u00e9rieur, int\u00e9rieur, artistique ou d\u00e9corative).<\/li>\n<li>Peinture pour le ravalement de fa\u00e7ade : am\u00e9lioration esth\u00e9tique de la face avant du b\u00e2timent cr\u00e9pi, bardage, pose d&rsquo;enduit ou de peinture.<\/li>\n<li>Peintre cordiste : services de peinture en hauteur, nous intervenons dans les coins compliqu\u00e9s d\u2019acc\u00e8s, comme les usines, tours, ponts ou \u00e9oliennes.<\/li>\n<li>Peinture de finition : ajout d\u2019une peinture de finition dans votre salle de bain ou sur vos meubles pr\u00e9sents dans votre cuisine.<\/li>\n<li>Restauration et installation : colmatage des fissures, colmatage des trous dans les murs, ou encore mise en place de cloisons s\u00e8ches.<\/li>\n<li>Les services d&rsquo;enl\u00e8vement et de pose de tapisserie : l&rsquo;enl\u00e8vement et la mise en place d&rsquo;une nouvelle tapisserie murale.<\/li>\n<li>Peinture pour commerces : pour les locaux commerciaux, restaurants, \u00e9tablissement scolaire, complexes sportifs et autres propri\u00e9t\u00e9s commerciales.<\/li>\n<li>Peinture pour b\u00e2timent : nos peintres op\u00e8rent aussi dans les b\u00e2timents, pour la pr\u00e9paration des surfaces \u00e0 peindre, la r\u00e9alisation des travaux de finition et l\u2019application des rev\u00eatements\/peintures.<\/li>\n<\/ul>\n<h2>Quel est le processus de fonctionnement de votre soci\u00e9t\u00e9 ?<\/h2>\n<h3>\u00c9tape 1\u00a0 : recevez une estimation<\/h3>\n<p>Obtenez une estimation gratuite en ligne ou par t\u00e9l\u00e9phone et recevez un devis de vos travaux de peintures en moins de 24 heures.<\/p>\n<h3>\u00c9tape 2\u00a0 : analysez en d\u00e9tail votre devis<\/h3>\n<p>Ayez la garantie que l&rsquo;estimation que vous recevez fixe bien le prix de vos travaux. Si vous avez des questions, contactez-nous pour en savoir plus sur les \u00e9l\u00e9ments de votre devis.<\/p>\n<h3>\u00c9tape 3\u00a0 : organisez la date de d\u00e9but de votre projet<\/h3>\n<p>Une fois que vous avez approuv\u00e9 le devis, nous d\u00e9cidons ensemble la date de d\u00e9marrage de votre projet. Pour assurer la bonne r\u00e9ussite de votre chantier, nous vous mettons \u00e0 votre disposition un chef de projet d\u00e9di\u00e9.<\/p>\n<h2>Que faut-il d\u00e9penser pour une prestation de peinture \u00e0 Sierre ?<\/h2>\n<p>Le co\u00fbt des travaux repose sur l&rsquo;\u00e9tat des surfaces \u00e0 r\u00e9nover. En g\u00e9n\u00e9ral, les prix oscillent entre 60 et 70 francs suisses par heure. Le co\u00fbt de main-d&rsquo;\u0153uvre repr\u00e9sente environ 80% \u00e0 90% du montant, tandis que le co\u00fbt des travaux peinture ne repr\u00e9sente que 10% \u00e0 20% du prix.<\/p>\n<h2>Quels sont les avantages de faire appel \u00e0 Artisanlocal ?<\/h2>\n<ul>\n<li>Disponibilit\u00e9 : nos artisans peintres sont disponibles en continu \u00e0 Sierre afin de r\u00e9pondre d\u00e8s que possible \u00e0 vos d\u00e9sirs.<\/li>\n<li>Excellence : en choisissant notre soci\u00e9t\u00e9, vous optez pour la qualit\u00e9 et le savoir-faire.<\/li>\n<li>Prix comp\u00e9titifs : nos tarifs sont \u00e9tudi\u00e9s en fonction de vos besoins et vos moyens.<\/li>\n<li>Offres personnalis\u00e9es : nous prenons en consid\u00e9ration les caract\u00e9ristiques de votre r\u00e9novation de peinture pour vous pr\u00e9senter des solutions adapt\u00e9es.<\/li>\n<li>Le savoir-faire, nos artisans peintres \u00e0 Sierre ma\u00eetrisent une gamme de comp\u00e9tences, comme : la pr\u00e9paration avant les travaux de peinture, l&rsquo;application des multiples couches et la r\u00e9alisation des finitions.<\/li>\n<\/ul>\n<h2>FAQ<\/h2>\n<h3>Quelle peinture utilisez-vous ?<\/h3>\n<p>Nous utilisons que des peintures haut de gamme. Cependant, nous pouvons utiliser la peinture que vous avez d\u00e9j\u00e0 en stock.<\/p>\n<h3>Votre \u00e9quipe est-elle joignable le week-end ?<\/h3>\n<p>Oui, nous sommes disponibles le week-end \u00e0 Sierre et dans les villes aux environs.<\/p>\n<h3>Assurez-vous la protection des meubles ?<\/h3>\n<p>Oui, avant les travaux, nous couvrons vos meubles et \u00e9lectrom\u00e9nagers. Toutefois, si vous poss\u00e9dez des objets susceptibles de se briser, nous vous conseillons d&rsquo;en aviser le chef de projet, nous mettrons en \u0153uvre des mesures suppl\u00e9mentaires.<\/p>\n<h3>Quels sont les recours si j&rsquo;estime le travail r\u00e9alis\u00e9 incomplet ?<\/h3>\n<p>Si vous n&rsquo;\u00eates pas content \u00e0 100% des r\u00e9sultats, nous reviendrons pour corriger les manques jusqu&rsquo;\u00e0 ce que vous soyez satisfait.<\/p>\n<h3>Vos devis sont-ils gratuits ?<\/h3>\n<p>Oui, nos devis sont gratuits. Nos artisans peintres se d\u00e9placent chez vous dans le but de r\u00e9pondre \u00e0 vos questions et valider avec vous votre devis.<\/p>\n<h3>Votre entreprise r\u00e9alise des interventions de peintures \u00e0 proximit\u00e9 de Sierre ?<\/h3>\n<p>Oui, Artisalocal intervient \u00e0 Sierre, mais aussi dans les villes proches, comme :<\/p>\nArgnou (Ayent), Blignou (Ayent), Botyre (Ayent), Fortunau (Ayent), La Place (Ayent), Luc (Ayent), Saxonne (Ayent), Sign\u00e8se (Ayent), St-Romain (Ayent), Villa (Ayent), Anz\u00e8re, Icogne, Lens, Corin-de-la-Cr\u00eate, Loc, Muraz (Sierre), Niouc, Ayer, Chandolin, Grimentz, St-Jean VS, St-Luc, Vissoie, Zinal, Aminona, Crans-Montana, Montana, Chippis, Chalais, R\u00e9chy, Vercorin, Veyras, Chermignon, Chermignon-d'en-Bas, Ollon VS, Mi\u00e8ge, Venth\u00f4ne, Mollens VS, Randogne, Champzab\u00e9, No\u00ebs, Granges VS, Flanthey, Gr\u00f4ne.\n","protected":false},"excerpt":{"rendered":"<p>Vous avez besoin d&rsquo;une entreprise de peinture \u00e0 Sierre ? Artisanlocal intervient pour peindre votre int\u00e9rieur. Nos peintres s&rsquo;adaptent \u00e0 votre emploi du temps et interviennent rapidement chez vous \u00e0 Sierre et dans les villes aux environs. Quelle est la gamme de services d&rsquo;Artisanlocal ? Peinture int\u00e9rieure : sur les moulures, les murs, les plafonds, [&hellip;]<\/p>\n","protected":false},"author":4,"featured_media":2756,"parent":0,"menu_order":0,"comment_status":"closed","ping_status":"closed","template":"","meta":{"footnotes":""},"profession":[121],"location":[44],"canton":[110],"class_list":["post-776","page","type-page","status-publish","has-post-thumbnail","hentry","profession-peintre","location-sierre","canton-vs"],"yoast_head":"<!-- This site is optimized with the Yoast SEO Premium plugin v25.7.1 (Yoast SEO v27.4) - https:\/\/yoast.com\/product\/yoast-seo-premium-wordpress\/ -->\n<title>Peintre \u00e0 Sierre - Artisanlocal<\/title>\n<meta name=\"robots\" content=\"index, follow, max-snippet:-1, max-image-preview:large, max-video-preview:-1\" \/>\n<link rel=\"canonical\" href=\"https:\/\/www.artisanlocal.ch\/c\/societe-de-peintre-a-sierre\/\" \/>\n<meta property=\"og:locale\" content=\"fr_FR\" \/>\n<meta property=\"og:type\" content=\"article\" \/>\n<meta property=\"og:title\" content=\"Peintre \u00e0 Sierre\" \/>\n<meta property=\"og:description\" content=\"Vous avez besoin d&rsquo;une entreprise de peinture \u00e0 Sierre ? Artisanlocal intervient pour peindre votre int\u00e9rieur. Nos peintres s&rsquo;adaptent \u00e0 votre emploi du temps et interviennent rapidement chez vous \u00e0 Sierre et dans les villes aux environs. Quelle est la gamme de services d&rsquo;Artisanlocal ? Peinture int\u00e9rieure : sur les moulures, les murs, les plafonds, [&hellip;]\" \/>\n<meta property=\"og:url\" content=\"https:\/\/www.artisanlocal.ch\/c\/societe-de-peintre-a-sierre\/\" \/>\n<meta property=\"og:site_name\" content=\"Artisanlocal\" \/>\n<meta property=\"article:modified_time\" content=\"2025-09-18T10:36:51+00:00\" \/>\n<meta property=\"og:image\" content=\"https:\/\/www.artisanlocal.ch\/c\/wp-content\/uploads\/2024\/10\/peintre.jpg\" \/>\n\t<meta property=\"og:image:width\" content=\"1920\" \/>\n\t<meta property=\"og:image:height\" content=\"300\" \/>\n\t<meta property=\"og:image:type\" content=\"image\/jpeg\" \/>\n<meta name=\"twitter:card\" content=\"summary_large_image\" \/>\n<meta name=\"twitter:label1\" content=\"Dur\u00e9e de lecture estim\u00e9e\" \/>\n\t<meta name=\"twitter:data1\" content=\"5 minutes\" \/>\n<script type=\"application\/ld+json\" class=\"yoast-schema-graph\">{\"@context\":\"https:\\\/\\\/schema.org\",\"@graph\":[{\"@type\":\"WebPage\",\"@id\":\"https:\\\/\\\/www.artisanlocal.ch\\\/c\\\/societe-de-peintre-a-sierre\\\/\",\"url\":\"https:\\\/\\\/www.artisanlocal.ch\\\/c\\\/societe-de-peintre-a-sierre\\\/\",\"name\":\"Peintre \u00e0 Sierre - Artisanlocal\",\"isPartOf\":{\"@id\":\"https:\\\/\\\/www.artisanlocal.ch\\\/c\\\/#website\"},\"primaryImageOfPage\":{\"@id\":\"https:\\\/\\\/www.artisanlocal.ch\\\/c\\\/societe-de-peintre-a-sierre\\\/#primaryimage\"},\"image\":{\"@id\":\"https:\\\/\\\/www.artisanlocal.ch\\\/c\\\/societe-de-peintre-a-sierre\\\/#primaryimage\"},\"thumbnailUrl\":\"https:\\\/\\\/www.artisanlocal.ch\\\/c\\\/wp-content\\\/uploads\\\/2024\\\/10\\\/peintre.jpg\",\"datePublished\":\"2024-04-15T08:45:02+00:00\",\"dateModified\":\"2025-09-18T10:36:51+00:00\",\"breadcrumb\":{\"@id\":\"https:\\\/\\\/www.artisanlocal.ch\\\/c\\\/societe-de-peintre-a-sierre\\\/#breadcrumb\"},\"inLanguage\":\"fr-FR\",\"potentialAction\":[{\"@type\":\"ReadAction\",\"target\":[\"https:\\\/\\\/www.artisanlocal.ch\\\/c\\\/societe-de-peintre-a-sierre\\\/\"]}]},{\"@type\":\"ImageObject\",\"inLanguage\":\"fr-FR\",\"@id\":\"https:\\\/\\\/www.artisanlocal.ch\\\/c\\\/societe-de-peintre-a-sierre\\\/#primaryimage\",\"url\":\"https:\\\/\\\/www.artisanlocal.ch\\\/c\\\/wp-content\\\/uploads\\\/2024\\\/10\\\/peintre.jpg\",\"contentUrl\":\"https:\\\/\\\/www.artisanlocal.ch\\\/c\\\/wp-content\\\/uploads\\\/2024\\\/10\\\/peintre.jpg\",\"width\":1920,\"height\":300},{\"@type\":\"BreadcrumbList\",\"@id\":\"https:\\\/\\\/www.artisanlocal.ch\\\/c\\\/societe-de-peintre-a-sierre\\\/#breadcrumb\",\"itemListElement\":[{\"@type\":\"ListItem\",\"position\":1,\"name\":\"Accueil\",\"item\":\"https:\\\/\\\/www.artisanlocal.ch\\\/c\\\/\"},{\"@type\":\"ListItem\",\"position\":2,\"name\":\"Peintre \u00e0 Sierre\"}]},{\"@type\":\"WebSite\",\"@id\":\"https:\\\/\\\/www.artisanlocal.ch\\\/c\\\/#website\",\"url\":\"https:\\\/\\\/www.artisanlocal.ch\\\/c\\\/\",\"name\":\"Artisanlocal\",\"description\":\"\",\"publisher\":{\"@id\":\"https:\\\/\\\/www.artisanlocal.ch\\\/c\\\/#organization\"},\"potentialAction\":[{\"@type\":\"SearchAction\",\"target\":{\"@type\":\"EntryPoint\",\"urlTemplate\":\"https:\\\/\\\/www.artisanlocal.ch\\\/c\\\/?s={search_term_string}\"},\"query-input\":{\"@type\":\"PropertyValueSpecification\",\"valueRequired\":true,\"valueName\":\"search_term_string\"}}],\"inLanguage\":\"fr-FR\"},{\"@type\":\"Organization\",\"@id\":\"https:\\\/\\\/www.artisanlocal.ch\\\/c\\\/#organization\",\"name\":\"Artisanlocal\",\"url\":\"https:\\\/\\\/www.artisanlocal.ch\\\/c\\\/\",\"logo\":{\"@type\":\"ImageObject\",\"inLanguage\":\"fr-FR\",\"@id\":\"https:\\\/\\\/www.artisanlocal.ch\\\/c\\\/#\\\/schema\\\/logo\\\/image\\\/\",\"url\":\"https:\\\/\\\/www.artisanlocal.ch\\\/c\\\/wp-content\\\/uploads\\\/2024\\\/02\\\/logo-artisanlocal-h.svg\",\"contentUrl\":\"https:\\\/\\\/www.artisanlocal.ch\\\/c\\\/wp-content\\\/uploads\\\/2024\\\/02\\\/logo-artisanlocal-h.svg\",\"caption\":\"Artisanlocal\"},\"image\":{\"@id\":\"https:\\\/\\\/www.artisanlocal.ch\\\/c\\\/#\\\/schema\\\/logo\\\/image\\\/\"}}]}<\/script>\n<!-- \/ Yoast SEO Premium plugin. -->","yoast_head_json":{"title":"Peintre \u00e0 Sierre - Artisanlocal","robots":{"index":"index","follow":"follow","max-snippet":"max-snippet:-1","max-image-preview":"max-image-preview:large","max-video-preview":"max-video-preview:-1"},"canonical":"https:\/\/www.artisanlocal.ch\/c\/societe-de-peintre-a-sierre\/","og_locale":"fr_FR","og_type":"article","og_title":"Peintre \u00e0 Sierre","og_description":"Vous avez besoin d&rsquo;une entreprise de peinture \u00e0 Sierre ? Artisanlocal intervient pour peindre votre int\u00e9rieur. Nos peintres s&rsquo;adaptent \u00e0 votre emploi du temps et interviennent rapidement chez vous \u00e0 Sierre et dans les villes aux environs. Quelle est la gamme de services d&rsquo;Artisanlocal ? Peinture int\u00e9rieure : sur les moulures, les murs, les plafonds, [&hellip;]","og_url":"https:\/\/www.artisanlocal.ch\/c\/societe-de-peintre-a-sierre\/","og_site_name":"Artisanlocal","article_modified_time":"2025-09-18T10:36:51+00:00","og_image":[{"width":1920,"height":300,"url":"https:\/\/www.artisanlocal.ch\/c\/wp-content\/uploads\/2024\/10\/peintre.jpg","type":"image\/jpeg"}],"twitter_card":"summary_large_image","twitter_misc":{"Dur\u00e9e de lecture estim\u00e9e":"5 minutes"},"schema":{"@context":"https:\/\/schema.org","@graph":[{"@type":"WebPage","@id":"https:\/\/www.artisanlocal.ch\/c\/societe-de-peintre-a-sierre\/","url":"https:\/\/www.artisanlocal.ch\/c\/societe-de-peintre-a-sierre\/","name":"Peintre \u00e0 Sierre - Artisanlocal","isPartOf":{"@id":"https:\/\/www.artisanlocal.ch\/c\/#website"},"primaryImageOfPage":{"@id":"https:\/\/www.artisanlocal.ch\/c\/societe-de-peintre-a-sierre\/#primaryimage"},"image":{"@id":"https:\/\/www.artisanlocal.ch\/c\/societe-de-peintre-a-sierre\/#primaryimage"},"thumbnailUrl":"https:\/\/www.artisanlocal.ch\/c\/wp-content\/uploads\/2024\/10\/peintre.jpg","datePublished":"2024-04-15T08:45:02+00:00","dateModified":"2025-09-18T10:36:51+00:00","breadcrumb":{"@id":"https:\/\/www.artisanlocal.ch\/c\/societe-de-peintre-a-sierre\/#breadcrumb"},"inLanguage":"fr-FR","potentialAction":[{"@type":"ReadAction","target":["https:\/\/www.artisanlocal.ch\/c\/societe-de-peintre-a-sierre\/"]}]},{"@type":"ImageObject","inLanguage":"fr-FR","@id":"https:\/\/www.artisanlocal.ch\/c\/societe-de-peintre-a-sierre\/#primaryimage","url":"https:\/\/www.artisanlocal.ch\/c\/wp-content\/uploads\/2024\/10\/peintre.jpg","contentUrl":"https:\/\/www.artisanlocal.ch\/c\/wp-content\/uploads\/2024\/10\/peintre.jpg","width":1920,"height":300},{"@type":"BreadcrumbList","@id":"https:\/\/www.artisanlocal.ch\/c\/societe-de-peintre-a-sierre\/#breadcrumb","itemListElement":[{"@type":"ListItem","position":1,"name":"Accueil","item":"https:\/\/www.artisanlocal.ch\/c\/"},{"@type":"ListItem","position":2,"name":"Peintre \u00e0 Sierre"}]},{"@type":"WebSite","@id":"https:\/\/www.artisanlocal.ch\/c\/#website","url":"https:\/\/www.artisanlocal.ch\/c\/","name":"Artisanlocal","description":"","publisher":{"@id":"https:\/\/www.artisanlocal.ch\/c\/#organization"},"potentialAction":[{"@type":"SearchAction","target":{"@type":"EntryPoint","urlTemplate":"https:\/\/www.artisanlocal.ch\/c\/?s={search_term_string}"},"query-input":{"@type":"PropertyValueSpecification","valueRequired":true,"valueName":"search_term_string"}}],"inLanguage":"fr-FR"},{"@type":"Organization","@id":"https:\/\/www.artisanlocal.ch\/c\/#organization","name":"Artisanlocal","url":"https:\/\/www.artisanlocal.ch\/c\/","logo":{"@type":"ImageObject","inLanguage":"fr-FR","@id":"https:\/\/www.artisanlocal.ch\/c\/#\/schema\/logo\/image\/","url":"https:\/\/www.artisanlocal.ch\/c\/wp-content\/uploads\/2024\/02\/logo-artisanlocal-h.svg","contentUrl":"https:\/\/www.artisanlocal.ch\/c\/wp-content\/uploads\/2024\/02\/logo-artisanlocal-h.svg","caption":"Artisanlocal"},"image":{"@id":"https:\/\/www.artisanlocal.ch\/c\/#\/schema\/logo\/image\/"}}]}},"_links":{"self":[{"href":"https:\/\/www.artisanlocal.ch\/c\/wp-json\/wp\/v2\/pages\/776","targetHints":{"allow":["GET"]}}],"collection":[{"href":"https:\/\/www.artisanlocal.ch\/c\/wp-json\/wp\/v2\/pages"}],"about":[{"href":"https:\/\/www.artisanlocal.ch\/c\/wp-json\/wp\/v2\/types\/page"}],"author":[{"embeddable":true,"href":"https:\/\/www.artisanlocal.ch\/c\/wp-json\/wp\/v2\/users\/4"}],"replies":[{"embeddable":true,"href":"https:\/\/www.artisanlocal.ch\/c\/wp-json\/wp\/v2\/comments?post=776"}],"version-history":[{"count":0,"href":"https:\/\/www.artisanlocal.ch\/c\/wp-json\/wp\/v2\/pages\/776\/revisions"}],"wp:featuredmedia":[{"embeddable":true,"href":"https:\/\/www.artisanlocal.ch\/c\/wp-json\/wp\/v2\/media\/2756"}],"wp:attachment":[{"href":"https:\/\/www.artisanlocal.ch\/c\/wp-json\/wp\/v2\/media?parent=776"}],"wp:term":[{"taxonomy":"profession","embeddable":true,"href":"https:\/\/www.artisanlocal.ch\/c\/wp-json\/wp\/v2\/profession?post=776"},{"taxonomy":"location","embeddable":true,"href":"https:\/\/www.artisanlocal.ch\/c\/wp-json\/wp\/v2\/location?post=776"},{"taxonomy":"canton","embeddable":true,"href":"https:\/\/www.artisanlocal.ch\/c\/wp-json\/wp\/v2\/canton?post=776"}],"curies":[{"name":"wp","href":"https:\/\/api.w.org\/{rel}","templated":true}]}}