{"id":777,"date":"2024-04-16T19:36:37","date_gmt":"2024-04-16T17:36:37","guid":{"rendered":"https:\/\/www.artisanlocal.ch\/c\/engager-le-meilleur-peintre-dans-le-canton-de-fribourg\/"},"modified":"2025-11-06T12:37:28","modified_gmt":"2025-11-06T11:37:28","slug":"engager-le-meilleur-peintre-dans-le-canton-de-fribourg","status":"publish","type":"page","link":"https:\/\/www.artisanlocal.ch\/c\/engager-le-meilleur-peintre-dans-le-canton-de-fribourg\/","title":{"rendered":"Engager le meilleur peintre dans le canton de Fribourg"},"content":{"rendered":"<p>Vos murs et plafonds ont besoin d&rsquo;une nouvelle apparence ? Nous r\u00e9alisons les travaux de peinture des zones int\u00e9rieurs ou ext\u00e9rieurs dans le canton de Fribourg. Faites appel \u00e0 Artisanlocal, nous fournissons des travaux de qualit\u00e9, de l&rsquo;\u00e9tude aux finitions de vos peintures, nous nous accordons \u00e0 votre emploi du temps et nous op\u00e9rons rapidement dans votre foyer, dans le canton de Fribourg et dans les villes \u00e0 proximit\u00e9.<\/p>\n<h2>Quels sont les travaux que votre entreprise propose ?<\/h2>\n<ul>\n<li>Peindre l&rsquo;int\u00e9rieur : les murs, les plafonds, les moulures, les portes d&rsquo;entr\u00e9es, et dans des espaces comme la salle d&rsquo;eau, la chambre et le salon.<\/li>\n<li>Peindre l&rsquo;ext\u00e9rieur : pose d&rsquo;une nouvelle couche de peinture sur les portes de garage, les briques, les terrasses, les bardages, les cl\u00f4tures et le stuc.<\/li>\n<li>Les travaux de peinture d\u00e9corative : afin de concevoir des effets visuels comme le faux marbre, l&rsquo;effet oxyd\u00e9, les patines, le faux bois et l&rsquo;effet vieilli.<\/li>\n<li>Les travaux de peinture dans votre cuisine : pose d&rsquo;une couche, comme la peinture satin\u00e9e, qui est facile \u00e0 nettoyer.<\/li>\n<li>L&rsquo;utilisation d&rsquo;enduits d\u00e9coratifs : ajout des enduits, comme le b\u00e9ton cir\u00e9, ou tadelakt.<\/li>\n<li>Artiste peintre : r\u00e9alisation de peintures murales (d\u00e9corative, artistique, pour ext\u00e9rieur ou int\u00e9rieur).<\/li>\n<li>Les services de peinture pour le ravalement de fa\u00e7ade : am\u00e9lioration esth\u00e9tique de la face avant du b\u00e2timent, cr\u00e9pi, bardage, pose d&rsquo;enduit ou de peinture.<\/li>\n<li>L&rsquo;application de peinture en hauteur : nos artisans peintres op\u00e8rent dans des lieux compliqu\u00e9s comme les usines, les tours ou les ponts.<\/li>\n<li>Les travaux de peinture avec finition : pose des finitions sur les meubles de cuisine ou dans la salle d&rsquo;eau.<\/li>\n<li>R\u00e9paration et mise en place : colmatage des fissures, comblement des creux dans les murs, ou encore mise en place de nouvelles cloisons s\u00e8ches.<\/li>\n<li>Installation et suppression de l&rsquo;ancien de papier peint : changement et d\u00e9collage de votre ancienne tapisserie.<\/li>\n<li>Peinture commerciale : pour les espaces de travail, restaurants, \u00e9tablissements scolaires, salles de sports et autres propri\u00e9t\u00e9s commerciales.<\/li>\n<li>Peintre en b\u00e2timent : nos artisans peintres interviennent aussi dans les b\u00e2timents, pour la pr\u00e9paration des surfaces avant la peinture, la r\u00e9alisation des travaux de finition et la pose des rev\u00eatements\/peintures.<\/li>\n<\/ul>\n<h2>Comment fonctionne votre entreprise ?<\/h2>\n<p>Dans notre entreprise, nous avons d\u00e9velopp\u00e9 un syst\u00e8me \u00e9tape par \u00e9tape pour r\u00e9pondre aux demandes de nos clients.<\/p>\n<h3>\u00c9tape 1\u00a0 : commander un devis<\/h3>\n<p>Recevez un devis gratuit en ligne ou par t\u00e9l\u00e9phone et obtenez un devis de vos travaux dans les 24 heures.<\/p>\n<h3>\u00c9tape 2\u00a0 : \u00e9tudier votre estimation<\/h3>\n<p>Soyez s\u00fbr que le devis que vous obtenez d\u00e9finit bien le co\u00fbt de votre projet de peinture. En cas de probl\u00e9matique sur une partie de votre devis, n&rsquo;h\u00e9sitez pas \u00e0 nous contacter pour obtenir des informations en plus.<\/p>\n<h3>\u00c9tape 3\u00a0 : \u00e9tablir la date de lancement de votre projet<\/h3>\n<p>D\u00e8s que vous avez valid\u00e9 le devis, nous d\u00e9terminons ensemble la date de commencement de votre projet. Pour arriver \u00e0 vos objectifs, nous vous attribuons un chef de projet.<\/p>\n<h2>Quel est le prix d&rsquo;une prestation de peinture dans le canton de Fribourg ?<\/h2>\n<p>Le prix d&rsquo;une intervention est influenc\u00e9 par l&rsquo;\u00e9tat de vos murs et plafonds. Le plus souvent, les tarifs varient entre 60 et 70 CHF par heure. La main-d&rsquo;\u0153uvre constitue environ 80% \u00e0 90% du montant total, tandis que le montant de la peinture ne constitue que 10% \u00e0 20% du montant.<\/p>\n<h2>Pourquoi choisir nos peintres dans le canton de Fribourg ?<\/h2>\n<ul>\n<li>Accessibilit\u00e9 : nos artisans peintres sont disponibles 24 heures sur 24 dans le canton de Fribourg afin de r\u00e9pondre rapidement \u00e0 vos d\u00e9sirs.<\/li>\n<li>Excellence : en choisissant nos services de peinture, vous avez l&rsquo;assurance de b\u00e9n\u00e9ficier de prestations de qualit\u00e9, effectu\u00e9es avec professionnalisme et s\u00e9rieux.<\/li>\n<li>Tarifs \u00e9conomiques : nos tarifs sont calcul\u00e9s selon vos besoins et vos moyens financiers.<\/li>\n<li>Prestations personnalis\u00e9es : nous \u00e9tudions votre projet dans le but de concevoir une offre adapt\u00e9e.<\/li>\n<li>Les comp\u00e9tences, nos peintres dans le canton de Fribourg poss\u00e8dent un large \u00e9ventail d&rsquo;expertises, comme : la pr\u00e9paration avant la pose de peinture, l&rsquo;application des diff\u00e9rentes couches et la r\u00e9alisation des finitions.<\/li>\n<\/ul>\n<h2>Questions fr\u00e9quentes<\/h2>\n<h3>Quelle marque peinture avez-vous l&rsquo;habitude d&rsquo;utiliser ?<\/h3>\n<p>Nous utilisons seulement des peintures haut de gamme. Il est possible pour nos peintres d&rsquo;utiliser les pots que vous avez achet\u00e9s.<\/p>\n<h3>Est-ce que vos artisans peintres sont disponibles le week-end ?<\/h3>\n<p>Oui, notre soci\u00e9t\u00e9 intervient les samedis et les dimanches dans le canton de Fribourg et dans les communes alentours.<\/p>\n<h3>Les meubles sont-ils prot\u00e9g\u00e9s lors de l&rsquo;application de la peinture ?<\/h3>\n<p>Absolument, nous amenons l&rsquo;\u00e9quipement n\u00e9cessaire pour garantir que votre mobilier et votre \u00e9quipement \u00e9lectrom\u00e9nager soient prot\u00e9g\u00e9s durant notre intervention. Signalez-nous, tous vos objets cassables, notre entreprise prendra des pr\u00e9cautions en plus.<\/p>\n<h3>Que faire si les travaux image effectu\u00e9s ne r\u00e9pondent pas \u00e0 mes besoins ?<\/h3>\n<p>Si notre prestation ne vous satisfait pas, nous prenons l&rsquo;engagement d&rsquo;effectuer les ajustements n\u00e9cessaires jusqu&rsquo;\u00e0 ce que vous soyez satisfait.<\/p>\n<h3>Fournissez-vous des \u00e9valuations gratuites ?<\/h3>\n<p>Nos \u00e9valuations sont gratuites et sans engagements. Nos peintres peuvent se d\u00e9placer \u00e0 votre domicile dans le but de r\u00e9pondre \u00e0 vos questions et valider avec vous votre estimation.<\/p>\n<h3>Vos services couvrent-ils aussi les villes aux alentours du canton de Fribourg ?<\/h3>\n<p>Oui, notre entreprise r\u00e9alise des travaux de peintures dans le canton de Fribourg, mais aussi dans les communes, tels que :<\/p>\nMaules, S\u00e2les (Gruy\u00e8re), Romanens, Rueyres-Treyfayes, Treyfayes, Vaulruz, Vuadens, Bulle, Riaz, Marsens, Vuippens, La Roche FR, La Tour-de-Tr\u00eame, Broc, Charmey (Gruy\u00e8re), Morlon, Sorens, Gumefens, Avry-devant-Pont, Le Bry, Echarlens, Corbi\u00e8res, Hauteville, Pont-la-Ville, Villarvolard, Botterens, Villarbeney, Ch\u00e2tel-sur-Montsalvens, Cr\u00e9suz, Im Fang, Jaun, Abl\u00e4ndschen, Le P\u00e2quier-Montbarry, Epagny, Gruy\u00e8res, Mol\u00e9son-sur-Gruy\u00e8res, Pringy, Estavannens, Grandvillard, Villars-sous-Mont, Enney, Albeuve, Lessoc, Montbovon, Neirivue, Les Sciernes-d'Albeuve, Besencens, Fiaug\u00e8res, St-Martin FR, Granges (Veveyse), Bossonnens, Attalens, Tatroz, Remaufens, Ch\u00e2tel-St-Denis, Les Paccots, Semsales, Grattavache, La Verrerie, Progens, Bouloz, Pont (Veveyse), Porsel, Bionnens, Esmonts, Ursy, Auboranges, Ecublens FR, Gillarens, Promasens, Rue, Montet (Gl\u00e2ne), Morlens, Vuarmarens, Blessens, Mossel, Vauderens, Chavannes-les-Forts, Prez-vers-Siviriez, Siviriez, Villaraboud, Berlens, Romont FR, Billens, Hennens, M\u00e9zi\u00e8res FR, Villariaz, Grangettes-pr\u00e8s-Romont, La Neirigue, Est\u00e9venens, La Magne, Vuisternens-devant-Romont, Lieffrens, Sommentier, Le Ch\u00e2telard-pr\u00e8s-Romont, Villaz-St-Pierre, Lussy FR, Villarimboud, Massonnens, Chavannes-sous-Orsonnens, Orsonnens, Villargiroud, Villarsiviriaux, La Joux FR, Les Ecasseys, Torny-le-Grand, Tafers, St. Antoni, Heitenried, Alterswil FR, Oberschrot, Plaffeien, Schwarzsee, St. Ursen, Rechthalten, Br\u00fcnisried, Zumholz, Tentlingen, Giffers, St. Silvester, Plasselb, Flamatt, B\u00f6singen, Ueberstorf, W\u00fcnnewil, Schmitten FR, D\u00fcdingen, Sangernboden, Courtepin, Cournillens, Wallenried, Cressier FR, Courtaman, Cordast, Guschelmuth, Jeuss, Salvenach, Courlevon, Courgevaux, M\u00fcnchenwiler, Kerzers, Gurmels, Kleinb\u00f6singen, Ulmiz, Gempenach, Ried b. Kerzers, Greng, Meyriez, Murten, Fr\u00e4schels, Galmiz, Muntelier, Estavayer-le-Gibloux, Rueyres-St-Laurent, Villarlod, Villarsel-le-Gibloux, Vuisternens-en-Ogoz, Ch\u00e9sopelloz, Corminboeuf, Bourguillon, Marly, Pierrafortscha, Villarsel-sur-Marly, Ferpicloz, Bonnefontaine, Essert FR, Le Mouret, Mont\u00e9vraz, Oberried FR, Z\u00e9nauva, Sen\u00e8des, Posieux, Farvagny-le-Grand, Farvagny-le-Petit, Grenilles, Posat, Corpataux, Magnedens, Rossens FR, Ecuvillens, Ependes FR, Arconciel, Treyvaux, Neyruz FR, Cottens FR, Autigny, Ch\u00e9nens, Lentigny, Prez-vers-Nor\u00e9az, Corserey, Villars-sur-Gl\u00e2ne, Matran, Avry-sur-Matran, Corjolens, Lovens, Onnens FR, Nor\u00e9az, Givisiez, Granges-Paccot, Grolley, Nierlet-les-Bois, Ponthaux, Autafond, Belfaux, Cormagens, Formangueires, La Corbaz, Lossy, Pensier, Barber\u00eache, Fribourg.\n","protected":false},"excerpt":{"rendered":"<p>Vos murs et plafonds ont besoin d&rsquo;une nouvelle apparence ? Nous r\u00e9alisons les travaux de peinture des zones int\u00e9rieurs ou ext\u00e9rieurs dans le canton de Fribourg. Faites appel \u00e0 Artisanlocal, nous fournissons des travaux de qualit\u00e9, de l&rsquo;\u00e9tude aux finitions de vos peintures, nous nous accordons \u00e0 votre emploi du temps et nous op\u00e9rons rapidement [&hellip;]<\/p>\n","protected":false},"author":4,"featured_media":2756,"parent":0,"menu_order":0,"comment_status":"closed","ping_status":"closed","template":"wp-custom-template-page-canton","meta":{"footnotes":""},"profession":[121],"location":[],"canton":[109],"class_list":["post-777","page","type-page","status-publish","has-post-thumbnail","hentry","profession-peintre","canton-fr"],"yoast_head":"<!-- This site is optimized with the Yoast SEO Premium plugin v25.7.1 (Yoast SEO v27.4) - https:\/\/yoast.com\/product\/yoast-seo-premium-wordpress\/ -->\n<title>Engager le meilleur peintre dans le canton de Fribourg - Artisanlocal<\/title>\n<meta name=\"robots\" content=\"index, follow, max-snippet:-1, max-image-preview:large, max-video-preview:-1\" \/>\n<link rel=\"canonical\" href=\"https:\/\/www.artisanlocal.ch\/c\/engager-le-meilleur-peintre-dans-le-canton-de-fribourg\/\" \/>\n<meta property=\"og:locale\" content=\"fr_FR\" \/>\n<meta property=\"og:type\" content=\"article\" \/>\n<meta property=\"og:title\" content=\"Engager le meilleur peintre dans le canton de Fribourg\" \/>\n<meta property=\"og:description\" content=\"Vos murs et plafonds ont besoin d&rsquo;une nouvelle apparence ? Nous r\u00e9alisons les travaux de peinture des zones int\u00e9rieurs ou ext\u00e9rieurs dans le canton de Fribourg. Faites appel \u00e0 Artisanlocal, nous fournissons des travaux de qualit\u00e9, de l&rsquo;\u00e9tude aux finitions de vos peintures, nous nous accordons \u00e0 votre emploi du temps et nous op\u00e9rons rapidement [&hellip;]\" \/>\n<meta property=\"og:url\" content=\"https:\/\/www.artisanlocal.ch\/c\/engager-le-meilleur-peintre-dans-le-canton-de-fribourg\/\" \/>\n<meta property=\"og:site_name\" content=\"Artisanlocal\" \/>\n<meta property=\"article:modified_time\" content=\"2025-11-06T11:37:28+00:00\" \/>\n<meta property=\"og:image\" content=\"https:\/\/www.artisanlocal.ch\/c\/wp-content\/uploads\/2024\/10\/peintre.jpg\" \/>\n\t<meta property=\"og:image:width\" content=\"1920\" \/>\n\t<meta property=\"og:image:height\" content=\"300\" \/>\n\t<meta property=\"og:image:type\" content=\"image\/jpeg\" \/>\n<meta name=\"twitter:card\" content=\"summary_large_image\" \/>\n<meta name=\"twitter:label1\" content=\"Dur\u00e9e de lecture estim\u00e9e\" \/>\n\t<meta name=\"twitter:data1\" content=\"5 minutes\" \/>\n<script type=\"application\/ld+json\" class=\"yoast-schema-graph\">{\"@context\":\"https:\\\/\\\/schema.org\",\"@graph\":[{\"@type\":\"WebPage\",\"@id\":\"https:\\\/\\\/www.artisanlocal.ch\\\/c\\\/engager-le-meilleur-peintre-dans-le-canton-de-fribourg\\\/\",\"url\":\"https:\\\/\\\/www.artisanlocal.ch\\\/c\\\/engager-le-meilleur-peintre-dans-le-canton-de-fribourg\\\/\",\"name\":\"Engager le meilleur peintre dans le canton de Fribourg - Artisanlocal\",\"isPartOf\":{\"@id\":\"https:\\\/\\\/www.artisanlocal.ch\\\/c\\\/#website\"},\"primaryImageOfPage\":{\"@id\":\"https:\\\/\\\/www.artisanlocal.ch\\\/c\\\/engager-le-meilleur-peintre-dans-le-canton-de-fribourg\\\/#primaryimage\"},\"image\":{\"@id\":\"https:\\\/\\\/www.artisanlocal.ch\\\/c\\\/engager-le-meilleur-peintre-dans-le-canton-de-fribourg\\\/#primaryimage\"},\"thumbnailUrl\":\"https:\\\/\\\/www.artisanlocal.ch\\\/c\\\/wp-content\\\/uploads\\\/2024\\\/10\\\/peintre.jpg\",\"datePublished\":\"2024-04-16T17:36:37+00:00\",\"dateModified\":\"2025-11-06T11:37:28+00:00\",\"breadcrumb\":{\"@id\":\"https:\\\/\\\/www.artisanlocal.ch\\\/c\\\/engager-le-meilleur-peintre-dans-le-canton-de-fribourg\\\/#breadcrumb\"},\"inLanguage\":\"fr-FR\",\"potentialAction\":[{\"@type\":\"ReadAction\",\"target\":[\"https:\\\/\\\/www.artisanlocal.ch\\\/c\\\/engager-le-meilleur-peintre-dans-le-canton-de-fribourg\\\/\"]}]},{\"@type\":\"ImageObject\",\"inLanguage\":\"fr-FR\",\"@id\":\"https:\\\/\\\/www.artisanlocal.ch\\\/c\\\/engager-le-meilleur-peintre-dans-le-canton-de-fribourg\\\/#primaryimage\",\"url\":\"https:\\\/\\\/www.artisanlocal.ch\\\/c\\\/wp-content\\\/uploads\\\/2024\\\/10\\\/peintre.jpg\",\"contentUrl\":\"https:\\\/\\\/www.artisanlocal.ch\\\/c\\\/wp-content\\\/uploads\\\/2024\\\/10\\\/peintre.jpg\",\"width\":1920,\"height\":300},{\"@type\":\"BreadcrumbList\",\"@id\":\"https:\\\/\\\/www.artisanlocal.ch\\\/c\\\/engager-le-meilleur-peintre-dans-le-canton-de-fribourg\\\/#breadcrumb\",\"itemListElement\":[{\"@type\":\"ListItem\",\"position\":1,\"name\":\"Accueil\",\"item\":\"https:\\\/\\\/www.artisanlocal.ch\\\/c\\\/\"},{\"@type\":\"ListItem\",\"position\":2,\"name\":\"Engager le meilleur peintre dans le canton de Fribourg\"}]},{\"@type\":\"WebSite\",\"@id\":\"https:\\\/\\\/www.artisanlocal.ch\\\/c\\\/#website\",\"url\":\"https:\\\/\\\/www.artisanlocal.ch\\\/c\\\/\",\"name\":\"Artisanlocal\",\"description\":\"\",\"publisher\":{\"@id\":\"https:\\\/\\\/www.artisanlocal.ch\\\/c\\\/#organization\"},\"potentialAction\":[{\"@type\":\"SearchAction\",\"target\":{\"@type\":\"EntryPoint\",\"urlTemplate\":\"https:\\\/\\\/www.artisanlocal.ch\\\/c\\\/?s={search_term_string}\"},\"query-input\":{\"@type\":\"PropertyValueSpecification\",\"valueRequired\":true,\"valueName\":\"search_term_string\"}}],\"inLanguage\":\"fr-FR\"},{\"@type\":\"Organization\",\"@id\":\"https:\\\/\\\/www.artisanlocal.ch\\\/c\\\/#organization\",\"name\":\"Artisanlocal\",\"url\":\"https:\\\/\\\/www.artisanlocal.ch\\\/c\\\/\",\"logo\":{\"@type\":\"ImageObject\",\"inLanguage\":\"fr-FR\",\"@id\":\"https:\\\/\\\/www.artisanlocal.ch\\\/c\\\/#\\\/schema\\\/logo\\\/image\\\/\",\"url\":\"https:\\\/\\\/www.artisanlocal.ch\\\/c\\\/wp-content\\\/uploads\\\/2024\\\/02\\\/logo-artisanlocal-h.svg\",\"contentUrl\":\"https:\\\/\\\/www.artisanlocal.ch\\\/c\\\/wp-content\\\/uploads\\\/2024\\\/02\\\/logo-artisanlocal-h.svg\",\"caption\":\"Artisanlocal\"},\"image\":{\"@id\":\"https:\\\/\\\/www.artisanlocal.ch\\\/c\\\/#\\\/schema\\\/logo\\\/image\\\/\"}}]}<\/script>\n<!-- \/ Yoast SEO Premium plugin. -->","yoast_head_json":{"title":"Engager le meilleur peintre dans le canton de Fribourg - Artisanlocal","robots":{"index":"index","follow":"follow","max-snippet":"max-snippet:-1","max-image-preview":"max-image-preview:large","max-video-preview":"max-video-preview:-1"},"canonical":"https:\/\/www.artisanlocal.ch\/c\/engager-le-meilleur-peintre-dans-le-canton-de-fribourg\/","og_locale":"fr_FR","og_type":"article","og_title":"Engager le meilleur peintre dans le canton de Fribourg","og_description":"Vos murs et plafonds ont besoin d&rsquo;une nouvelle apparence ? Nous r\u00e9alisons les travaux de peinture des zones int\u00e9rieurs ou ext\u00e9rieurs dans le canton de Fribourg. Faites appel \u00e0 Artisanlocal, nous fournissons des travaux de qualit\u00e9, de l&rsquo;\u00e9tude aux finitions de vos peintures, nous nous accordons \u00e0 votre emploi du temps et nous op\u00e9rons rapidement [&hellip;]","og_url":"https:\/\/www.artisanlocal.ch\/c\/engager-le-meilleur-peintre-dans-le-canton-de-fribourg\/","og_site_name":"Artisanlocal","article_modified_time":"2025-11-06T11:37:28+00:00","og_image":[{"width":1920,"height":300,"url":"https:\/\/www.artisanlocal.ch\/c\/wp-content\/uploads\/2024\/10\/peintre.jpg","type":"image\/jpeg"}],"twitter_card":"summary_large_image","twitter_misc":{"Dur\u00e9e de lecture estim\u00e9e":"5 minutes"},"schema":{"@context":"https:\/\/schema.org","@graph":[{"@type":"WebPage","@id":"https:\/\/www.artisanlocal.ch\/c\/engager-le-meilleur-peintre-dans-le-canton-de-fribourg\/","url":"https:\/\/www.artisanlocal.ch\/c\/engager-le-meilleur-peintre-dans-le-canton-de-fribourg\/","name":"Engager le meilleur peintre dans le canton de Fribourg - Artisanlocal","isPartOf":{"@id":"https:\/\/www.artisanlocal.ch\/c\/#website"},"primaryImageOfPage":{"@id":"https:\/\/www.artisanlocal.ch\/c\/engager-le-meilleur-peintre-dans-le-canton-de-fribourg\/#primaryimage"},"image":{"@id":"https:\/\/www.artisanlocal.ch\/c\/engager-le-meilleur-peintre-dans-le-canton-de-fribourg\/#primaryimage"},"thumbnailUrl":"https:\/\/www.artisanlocal.ch\/c\/wp-content\/uploads\/2024\/10\/peintre.jpg","datePublished":"2024-04-16T17:36:37+00:00","dateModified":"2025-11-06T11:37:28+00:00","breadcrumb":{"@id":"https:\/\/www.artisanlocal.ch\/c\/engager-le-meilleur-peintre-dans-le-canton-de-fribourg\/#breadcrumb"},"inLanguage":"fr-FR","potentialAction":[{"@type":"ReadAction","target":["https:\/\/www.artisanlocal.ch\/c\/engager-le-meilleur-peintre-dans-le-canton-de-fribourg\/"]}]},{"@type":"ImageObject","inLanguage":"fr-FR","@id":"https:\/\/www.artisanlocal.ch\/c\/engager-le-meilleur-peintre-dans-le-canton-de-fribourg\/#primaryimage","url":"https:\/\/www.artisanlocal.ch\/c\/wp-content\/uploads\/2024\/10\/peintre.jpg","contentUrl":"https:\/\/www.artisanlocal.ch\/c\/wp-content\/uploads\/2024\/10\/peintre.jpg","width":1920,"height":300},{"@type":"BreadcrumbList","@id":"https:\/\/www.artisanlocal.ch\/c\/engager-le-meilleur-peintre-dans-le-canton-de-fribourg\/#breadcrumb","itemListElement":[{"@type":"ListItem","position":1,"name":"Accueil","item":"https:\/\/www.artisanlocal.ch\/c\/"},{"@type":"ListItem","position":2,"name":"Engager le meilleur peintre dans le canton de Fribourg"}]},{"@type":"WebSite","@id":"https:\/\/www.artisanlocal.ch\/c\/#website","url":"https:\/\/www.artisanlocal.ch\/c\/","name":"Artisanlocal","description":"","publisher":{"@id":"https:\/\/www.artisanlocal.ch\/c\/#organization"},"potentialAction":[{"@type":"SearchAction","target":{"@type":"EntryPoint","urlTemplate":"https:\/\/www.artisanlocal.ch\/c\/?s={search_term_string}"},"query-input":{"@type":"PropertyValueSpecification","valueRequired":true,"valueName":"search_term_string"}}],"inLanguage":"fr-FR"},{"@type":"Organization","@id":"https:\/\/www.artisanlocal.ch\/c\/#organization","name":"Artisanlocal","url":"https:\/\/www.artisanlocal.ch\/c\/","logo":{"@type":"ImageObject","inLanguage":"fr-FR","@id":"https:\/\/www.artisanlocal.ch\/c\/#\/schema\/logo\/image\/","url":"https:\/\/www.artisanlocal.ch\/c\/wp-content\/uploads\/2024\/02\/logo-artisanlocal-h.svg","contentUrl":"https:\/\/www.artisanlocal.ch\/c\/wp-content\/uploads\/2024\/02\/logo-artisanlocal-h.svg","caption":"Artisanlocal"},"image":{"@id":"https:\/\/www.artisanlocal.ch\/c\/#\/schema\/logo\/image\/"}}]}},"_links":{"self":[{"href":"https:\/\/www.artisanlocal.ch\/c\/wp-json\/wp\/v2\/pages\/777","targetHints":{"allow":["GET"]}}],"collection":[{"href":"https:\/\/www.artisanlocal.ch\/c\/wp-json\/wp\/v2\/pages"}],"about":[{"href":"https:\/\/www.artisanlocal.ch\/c\/wp-json\/wp\/v2\/types\/page"}],"author":[{"embeddable":true,"href":"https:\/\/www.artisanlocal.ch\/c\/wp-json\/wp\/v2\/users\/4"}],"replies":[{"embeddable":true,"href":"https:\/\/www.artisanlocal.ch\/c\/wp-json\/wp\/v2\/comments?post=777"}],"version-history":[{"count":0,"href":"https:\/\/www.artisanlocal.ch\/c\/wp-json\/wp\/v2\/pages\/777\/revisions"}],"wp:featuredmedia":[{"embeddable":true,"href":"https:\/\/www.artisanlocal.ch\/c\/wp-json\/wp\/v2\/media\/2756"}],"wp:attachment":[{"href":"https:\/\/www.artisanlocal.ch\/c\/wp-json\/wp\/v2\/media?parent=777"}],"wp:term":[{"taxonomy":"profession","embeddable":true,"href":"https:\/\/www.artisanlocal.ch\/c\/wp-json\/wp\/v2\/profession?post=777"},{"taxonomy":"location","embeddable":true,"href":"https:\/\/www.artisanlocal.ch\/c\/wp-json\/wp\/v2\/location?post=777"},{"taxonomy":"canton","embeddable":true,"href":"https:\/\/www.artisanlocal.ch\/c\/wp-json\/wp\/v2\/canton?post=777"}],"curies":[{"name":"wp","href":"https:\/\/api.w.org\/{rel}","templated":true}]}}