{"id":780,"date":"2024-04-15T09:34:02","date_gmt":"2024-04-15T07:34:02","guid":{"rendered":"https:\/\/www.artisanlocal.ch\/c\/societe-artisanale-de-peinture-dans-le-canton-du-valais-artisanlocal-effectue-tous-vos-travaux-en-peinture\/"},"modified":"2025-11-06T12:39:44","modified_gmt":"2025-11-06T11:39:44","slug":"societe-artisanale-de-peinture-dans-le-canton-du-valais-artisanlocal-effectue-tous-vos-travaux-en-peinture","status":"publish","type":"page","link":"https:\/\/www.artisanlocal.ch\/c\/societe-artisanale-de-peinture-dans-le-canton-du-valais-artisanlocal-effectue-tous-vos-travaux-en-peinture\/","title":{"rendered":"Peintre dans le canton du Valais"},"content":{"rendered":"<p>Besoin de donner \u00e0 l&rsquo;int\u00e9rieur de votre habitation ou de votre entreprise une nouvelle couleur ? Demandez l&rsquo;intervention d&rsquo;Artisanlocal, nous fournissons des travaux de qualit\u00e9, de la pr\u00e9paration aux finitions de vos peintures, nous nous adaptons \u00e0 vos horaires et nous intervenons rapidement dans votre foyer dans le canton du Valais et dans les villes aux environs.<\/p>\n<h2>Quels sont les travaux que votre soci\u00e9t\u00e9 propose ?<\/h2>\n<ul>\n<li>La peinture int\u00e9rieure : sur vos portes, moulures, murs, et plafonds, ou dans les autres pi\u00e8ces de votre habitation telles que votre salon, chambre, ou salle de bain.<\/li>\n<li>Les services de peinture ext\u00e9rieurs : pose d&rsquo;une nouvelle couche de peinture sur les terrasses, les cl\u00f4tures, le bardage, les portes de garage, la brique et le stuc.<\/li>\n<li>La peinture d\u00e9corative : cr\u00e9ation des effets, tels que le faux marbre, l&rsquo;effet oxyd\u00e9, le faux bois, les patines et l&rsquo;effet vieilli.<\/li>\n<li>Les travaux de peinture dans votre cuisine : application d&rsquo;une couche, comme la peinture finition satin\u00e9e, qui est facile \u00e0 nettoyer.<\/li>\n<li>L&rsquo;utilisation d&rsquo;enduits d\u00e9coratifs : ajout b\u00e9ton cir\u00e9 ou tadelakt, ou des enduits.<\/li>\n<li>Peinture d\u00e9corative artistique : r\u00e9alisation de fresques murales artistiques, d\u00e9coratives, int\u00e9rieures ou ext\u00e9rieures.<\/li>\n<li>La peinture pour le ravalement de fa\u00e7ade : restauration, r\u00e9novation des fa\u00e7ades de b\u00e2timents avec enduit, bardage, cr\u00e9pi ou peinture.<\/li>\n<li>Peinture cordiste : services de peinture en hauteur, nous intervenons dans les endroits difficiles d&rsquo;acc\u00e8s, comme les usines, tours, ponts ou \u00e9oliennes.<\/li>\n<li>Les travaux de peinture avec finition : pose des finitions sur les meubles de cuisine ou dans la salle d&rsquo;eau.<\/li>\n<li>Les services de r\u00e9novation et d&rsquo;installation : le colmatage des br\u00e8ches dans vos murs, l&rsquo;installation de plaques de pl\u00e2tre, ou la r\u00e9paration des trous dans les murs.<\/li>\n<li>Les services d&rsquo;enl\u00e8vement et de mise en place de papier peint : le retrait et l&rsquo;installation d&rsquo;une nouvelle d\u00e9coration murale.<\/li>\n<li>Les services de peinture pour les commerces : pour les locaux commerciaux, restaurants, \u00e9coles, salles de sports et autres propri\u00e9t\u00e9s commerciales.<\/li>\n<li>Artisan peintre pour immeuble : nos peintres op\u00e8rent aussi dans les immeubles, pour la pr\u00e9paration des murs et plafonds \u00e0 peindre, la r\u00e9alisation des finitions et l\u2019application des peintures et rev\u00eatements.<\/li>\n<\/ul>\n<h2>Comment fonctionne votre soci\u00e9t\u00e9 ?<\/h2>\n<p>Dans notre entreprise, nous avons cr\u00e9\u00e9 un syst\u00e8me \u00e9tape par \u00e9tape pour r\u00e9pondre aux besoins de nos partenaires.<\/p>\n<h3>\u00c9tape 1\u00a0 : recevez un devis<\/h3>\n<p>Demandez-nous un devis par t\u00e9l\u00e9phone ou en ligne et vous recevez votre estimation rapidement.<\/p>\n<h3>\u00c9tape 2\u00a0 : examiner en d\u00e9tail votre estimation<\/h3>\n<p>Assurez-vous que l&rsquo;estimation que vous recevez d\u00e9termine correctement le prix de vos travaux. Si vous avez un doute, contacter notre entreprise pour obtenir plus d&rsquo;informations sur les d\u00e9tails de votre estimation.<\/p>\n<h3>\u00c9tape 3\u00a0 : d\u00e9terminer la date de lancement de votre r\u00e9novation de peinture<\/h3>\n<p>D\u00e8s que vous avez approuv\u00e9 l&rsquo;estimation, nous d\u00e9cidons ensemble la date de commencement de votre projet. Pour assurer la bonne r\u00e9ussite de votre projet, nous vous attribuons un chef de projet.<\/p>\n<h2>Combien faut-il payer pour une prestation de peinture dans le canton du Valais ?<\/h2>\n<p>Le montant des travaux repose sur l&rsquo;\u00e9tat des surfaces \u00e0 peindre. En moyenne, les tarifs se situent entre 60 et 70 francs suisses par heure. La main-d&rsquo;\u0153uvre constitue environ 80% \u00e0 90% du prix, tandis que le co\u00fbt des travaux peinture ne constitue que 10% \u00e0 20% du prix.<\/p>\n<h2>Quels sont les avantages de travailler avec Artisanlocal ?<\/h2>\n<ul>\n<li>Disponibilit\u00e9 : situ\u00e9s dans le canton du Valais, nos peintres arrivent rapidement chez vous.<\/li>\n<li>Excellence : en choisissant nos services de peinture, vous avez l&rsquo;assurance de profiter de prestations de qualit\u00e9, r\u00e9alis\u00e9es avec professionnalisme et s\u00e9rieux.<\/li>\n<li>Co\u00fbts comp\u00e9titifs : nous proposons des tarifs attractifs, adapt\u00e9s \u00e0 vos exigences et \u00e0 vos moyens financiers.<\/li>\n<li>Services individualis\u00e9s : nous prenons en consid\u00e9ration les particularit\u00e9s de votre projet pour vous offrir des solutions adapt\u00e9es.<\/li>\n<li>Le savoir-faire, nos peintres dans le canton du Valais ont plusieurs expertises, comme : le nettoyage et la pr\u00e9paration des zones avant l&rsquo;application de la peinture, l&rsquo;application des diff\u00e9rentes couches et la r\u00e9alisation des touches finales.<\/li>\n<\/ul>\n<h2>Questions fr\u00e9quentes<\/h2>\n<h3>Quelle peinture avez-vous l&rsquo;habitude d&rsquo;utiliser ?<\/h3>\n<p>Nous appliquons uniquement des peintures premium. Il est possible pour nos peintres d&rsquo;utiliser les pots que vous avez en stock.<\/p>\n<h3>Vos peintres sont joignables le week-end ?<\/h3>\n<p>Oui, nous sommes disponibles le week-end dans le canton du Valais.<\/p>\n<h3>Les meubles sont-ils prot\u00e9g\u00e9s lors de l&rsquo;application de la peinture ?<\/h3>\n<p>Oui, nous amenons l&rsquo;\u00e9quipement n\u00e9cessaire afin de garantir que vos mobiliers et votre \u00e9quipement \u00e9lectrom\u00e9nager soient pr\u00e9serv\u00e9s pendant notre intervention. Notifiez-nous avant de commencer, tous vos objets fragiles, notre entreprise adoptera des mesures de s\u00e9curit\u00e9 renforc\u00e9es.<\/p>\n<h3>Quelles sont les solutions si je juge le travail r\u00e9alis\u00e9 insuffisant ?<\/h3>\n<p>Si notre travail ne vous satisfait pas, nous nous engageons \u00e0 effectuer les modifications n\u00e9cessaires jusqu&rsquo;\u00e0 ce que vous soyez satisfait.<\/p>\n<h3>Vos devis sont-ils gratuits ?<\/h3>\n<p>Oui, nos devis sont gratuits. Si vous d\u00e9sirez aller plus loin, un artisan se d\u00e9place chez vous pour valider le devis avec vous.<\/p>\n<h3>Votre entreprise r\u00e9alise-t-elle des travaux de peintures dans les alentours dans le canton du Valais ?<\/h3>\n<p>Oui, Artisalocal intervient dans le canton du Valais, et \u00e9galement dans les villes, telles que :<\/p>\nCharrat, Saxon, Riddes, Mayens-de-Chamoson, Ovronnaz, Dugny (Leytron), Leytron, Montagnon (Leytron), Produit (Leytron), Saillon, Is\u00e9rables, Auddes-sur-Riddes, La Tzoumaz, Martigny, Martigny-Croix, Fully, Chemin, Ravoire, Trient, Bovernier, Les Valettes (Bovernier), Chamoille (Sembrancher), La Garde (Sembrancher), Sembrancher, Vens (Sembrancher), Bruson, Le Ch\u00e2ble VS, Verbier, Orsi\u00e8res, Champex-Lac, Cries (Voll\u00e8ges), Voll\u00e8ges, Levron, Praz-de-Fort, La Fouly VS, Chandonne (Liddes), Chez Petit (Liddes), Dranse (Liddes), Fontaine Dessous (Liddes), Fontaine Dessus (Liddes), Fornex (Liddes), Les Moulins VS (Liddes), Liddes, Palasuit (Liddes), Petit Vich\u00e8res (Liddes), Rive Haute (Liddes), Vich\u00e8res (Liddes), Bourg-St-Pierre, Champsec, Verseg\u00e8res, Fionnay, Lourtier, Sarreyer, Collombey, Massongex, Monthey, Cho\u00ebx, Les Giettes, Troistorrents, Champoussin, Les Crosets, Val-d'Illiez, Champ\u00e9ry, Morgins, Mex VS, St-Maurice, V\u00e9rossaz, Morcles, Muraz (Collombey), Vionnaz, Miex, Vouvry, Bouveret, Les Evouettes, St-Gingolph, Torgon, Evionnaz, Collonges, Vernayaz, Dor\u00e9naz, Les Granges (Salvan), Salvan, Le Tr\u00e9tien, Les Mar\u00e9cottes, Finhaut, Le Ch\u00e2telard VS, Sion, Chamoson, Grugnay (Chamoson), Les V\u00e9rines (Chamoson), N\u00e9miaz (Chamoson), St-Pierre-de-Clages, Ardon, St-L\u00e9onard, Uvrier, Vernami\u00e8ge, Pont-de-la-Morge (Sion), V\u00e9troz, Conthey, Savi\u00e8se, Bramois, Mase, Eison (St-Martin), Liez (St-Martin), St-Martin VS, Suen (St-Martin), Trogne (St-Martin), Champlan (Grimisuat), Grimisuat, Nax, Arbaz, St-S\u00e9verin, Aven, Daillon, Erde, Vex, Euseigne, Evol\u00e8ne, Lanna, La Tour VS, Les Haud\u00e8res, La Forclaz VS, La Sage, Villa (Evol\u00e8ne), Arolla, H\u00e9r\u00e9mence, Les Collons, Thyon, Arvillard (Salins), Mis\u00e9riez (Salins), Pravidondaz (Salins), Salins, Turin (Salins), Cr\u00eate-\u00e0-l'Oeil (Les Agettes), La Vernaz (Les Agettes), Les Agettes, Les Mayens-de-Sion, Cl\u00e8bes (Nendaz), Veysonnaz, Aproz (Nendaz), Baar (Nendaz), Basse-Nendaz, Beuson (Nendaz), Bieudron (Nendaz), Brignon (Nendaz), Cond\u00e9mines (Nendaz), Fey (Nendaz), Saclentse, Haute-Nendaz, Siviez (Nendaz), Sornard (Nendaz), Argnou (Ayent), Blignou (Ayent), Botyre (Ayent), Fortunau (Ayent), La Place (Ayent), Luc (Ayent), Saxonne (Ayent), Sign\u00e8se (Ayent), St-Romain (Ayent), Villa (Ayent), Anz\u00e8re, Icogne, Lens, Corin-de-la-Cr\u00eate, Loc, Muraz (Sierre), Sierre, Niouc, Ayer, Chandolin, Grimentz, St-Jean VS, St-Luc, Vissoie, Zinal, Aminona, Crans-Montana, Montana, Chippis, Chalais, R\u00e9chy, Vercorin, Veyras, Chermignon, Chermignon-d'en-Bas, Ollon VS, Mi\u00e8ge, Venth\u00f4ne, Mollens VS, Randogne, Champzab\u00e9, No\u00ebs, Granges VS, Flanthey, Gr\u00f4ne, Saas-Almagell, Saas-Fee, Saas-Balen, Saas-Grund, Ferden, Goppenstein, Kippel, Wiler (L\u00f6tschen), Blatten (L\u00f6tschen), Zermatt, Eisten, Kalpetran, Stalden VS, T\u00f6rbel, St. Niklaus VS, Gr\u00e4chen, Embd, Herbriggen, Randa, T\u00e4sch, Eyholz, Visp, Lalden, Visperterminen, Staldenried, Zeneggen, B\u00fcrchen, Baltschieder, Ausserberg, Steg VS, Niedergesteln, Raron, St. German, Eischoll, Unterb\u00e4ch VS, Gampel, Niedergampel, Gruben, Turtmann, Ergisch, Oberems, Unterems, Hohtenn, Agarn, Susten, Inden, Leuk Stadt, Varen, Leukerbad, Albinen, Guttet-Feschel, Erschmatt, Bratsch, Salgesch, Brig, Brigerbad, Gamsen, Rothwald, Glis, Birgisch, Mund, Naters, Gabi (Simplon), Simplon Dorf, Simplon Hospiz, Gondo, Ried-Brig, Termen, Rosswald, Belalp, Blatten b. Naters, Eggerberg, Bitsch, Bister, Goppisberg, Greich, Filet, M\u00f6rel, Fiesch, Fieschertal, Geschinen, M\u00fcnster VS, Ried-M\u00f6rel, Riederalp, Obergesteln, Ulrichen, Blitzingen, Niederwald, Biel VS, Ritzingen, Selkingen, Betten, Bettmeralp, Grengiols, Lax, Martisberg, Ausserbinn, Ernen, M\u00fchlebach (Goms), Steinhaus, Binn, Bellwald, Gluringen, Reckingen VS, Oberwald.\n","protected":false},"excerpt":{"rendered":"<p>Besoin de donner \u00e0 l&rsquo;int\u00e9rieur de votre habitation ou de votre entreprise une nouvelle couleur ? Demandez l&rsquo;intervention d&rsquo;Artisanlocal, nous fournissons des travaux de qualit\u00e9, de la pr\u00e9paration aux finitions de vos peintures, nous nous adaptons \u00e0 vos horaires et nous intervenons rapidement dans votre foyer dans le canton du Valais et dans les villes [&hellip;]<\/p>\n","protected":false},"author":4,"featured_media":2756,"parent":0,"menu_order":0,"comment_status":"closed","ping_status":"closed","template":"wp-custom-template-page-canton","meta":{"footnotes":""},"profession":[121],"location":[],"canton":[110],"class_list":["post-780","page","type-page","status-publish","has-post-thumbnail","hentry","profession-peintre","canton-vs"],"yoast_head":"<!-- This site is optimized with the Yoast SEO Premium plugin v25.7.1 (Yoast SEO v27.4) - https:\/\/yoast.com\/product\/yoast-seo-premium-wordpress\/ -->\n<title>Peintre dans le canton du Valais - Artisanlocal<\/title>\n<meta name=\"robots\" content=\"index, follow, max-snippet:-1, max-image-preview:large, max-video-preview:-1\" \/>\n<link rel=\"canonical\" href=\"https:\/\/www.artisanlocal.ch\/c\/societe-artisanale-de-peinture-dans-le-canton-du-valais-artisanlocal-effectue-tous-vos-travaux-en-peinture\/\" \/>\n<meta property=\"og:locale\" content=\"fr_FR\" \/>\n<meta property=\"og:type\" content=\"article\" \/>\n<meta property=\"og:title\" content=\"Peintre dans le canton du Valais\" \/>\n<meta property=\"og:description\" content=\"Besoin de donner \u00e0 l&rsquo;int\u00e9rieur de votre habitation ou de votre entreprise une nouvelle couleur ? Demandez l&rsquo;intervention d&rsquo;Artisanlocal, nous fournissons des travaux de qualit\u00e9, de la pr\u00e9paration aux finitions de vos peintures, nous nous adaptons \u00e0 vos horaires et nous intervenons rapidement dans votre foyer dans le canton du Valais et dans les villes [&hellip;]\" \/>\n<meta property=\"og:url\" content=\"https:\/\/www.artisanlocal.ch\/c\/societe-artisanale-de-peinture-dans-le-canton-du-valais-artisanlocal-effectue-tous-vos-travaux-en-peinture\/\" \/>\n<meta property=\"og:site_name\" content=\"Artisanlocal\" \/>\n<meta property=\"article:modified_time\" content=\"2025-11-06T11:39:44+00:00\" \/>\n<meta property=\"og:image\" content=\"https:\/\/www.artisanlocal.ch\/c\/wp-content\/uploads\/2024\/10\/peintre.jpg\" \/>\n\t<meta property=\"og:image:width\" content=\"1920\" \/>\n\t<meta property=\"og:image:height\" content=\"300\" \/>\n\t<meta property=\"og:image:type\" content=\"image\/jpeg\" \/>\n<meta name=\"twitter:card\" content=\"summary_large_image\" \/>\n<meta name=\"twitter:label1\" content=\"Dur\u00e9e de lecture estim\u00e9e\" \/>\n\t<meta name=\"twitter:data1\" content=\"5 minutes\" \/>\n<script type=\"application\/ld+json\" class=\"yoast-schema-graph\">{\"@context\":\"https:\\\/\\\/schema.org\",\"@graph\":[{\"@type\":\"WebPage\",\"@id\":\"https:\\\/\\\/www.artisanlocal.ch\\\/c\\\/societe-artisanale-de-peinture-dans-le-canton-du-valais-artisanlocal-effectue-tous-vos-travaux-en-peinture\\\/\",\"url\":\"https:\\\/\\\/www.artisanlocal.ch\\\/c\\\/societe-artisanale-de-peinture-dans-le-canton-du-valais-artisanlocal-effectue-tous-vos-travaux-en-peinture\\\/\",\"name\":\"Peintre dans le canton du Valais - Artisanlocal\",\"isPartOf\":{\"@id\":\"https:\\\/\\\/www.artisanlocal.ch\\\/c\\\/#website\"},\"primaryImageOfPage\":{\"@id\":\"https:\\\/\\\/www.artisanlocal.ch\\\/c\\\/societe-artisanale-de-peinture-dans-le-canton-du-valais-artisanlocal-effectue-tous-vos-travaux-en-peinture\\\/#primaryimage\"},\"image\":{\"@id\":\"https:\\\/\\\/www.artisanlocal.ch\\\/c\\\/societe-artisanale-de-peinture-dans-le-canton-du-valais-artisanlocal-effectue-tous-vos-travaux-en-peinture\\\/#primaryimage\"},\"thumbnailUrl\":\"https:\\\/\\\/www.artisanlocal.ch\\\/c\\\/wp-content\\\/uploads\\\/2024\\\/10\\\/peintre.jpg\",\"datePublished\":\"2024-04-15T07:34:02+00:00\",\"dateModified\":\"2025-11-06T11:39:44+00:00\",\"breadcrumb\":{\"@id\":\"https:\\\/\\\/www.artisanlocal.ch\\\/c\\\/societe-artisanale-de-peinture-dans-le-canton-du-valais-artisanlocal-effectue-tous-vos-travaux-en-peinture\\\/#breadcrumb\"},\"inLanguage\":\"fr-FR\",\"potentialAction\":[{\"@type\":\"ReadAction\",\"target\":[\"https:\\\/\\\/www.artisanlocal.ch\\\/c\\\/societe-artisanale-de-peinture-dans-le-canton-du-valais-artisanlocal-effectue-tous-vos-travaux-en-peinture\\\/\"]}]},{\"@type\":\"ImageObject\",\"inLanguage\":\"fr-FR\",\"@id\":\"https:\\\/\\\/www.artisanlocal.ch\\\/c\\\/societe-artisanale-de-peinture-dans-le-canton-du-valais-artisanlocal-effectue-tous-vos-travaux-en-peinture\\\/#primaryimage\",\"url\":\"https:\\\/\\\/www.artisanlocal.ch\\\/c\\\/wp-content\\\/uploads\\\/2024\\\/10\\\/peintre.jpg\",\"contentUrl\":\"https:\\\/\\\/www.artisanlocal.ch\\\/c\\\/wp-content\\\/uploads\\\/2024\\\/10\\\/peintre.jpg\",\"width\":1920,\"height\":300},{\"@type\":\"BreadcrumbList\",\"@id\":\"https:\\\/\\\/www.artisanlocal.ch\\\/c\\\/societe-artisanale-de-peinture-dans-le-canton-du-valais-artisanlocal-effectue-tous-vos-travaux-en-peinture\\\/#breadcrumb\",\"itemListElement\":[{\"@type\":\"ListItem\",\"position\":1,\"name\":\"Accueil\",\"item\":\"https:\\\/\\\/www.artisanlocal.ch\\\/c\\\/\"},{\"@type\":\"ListItem\",\"position\":2,\"name\":\"Peintre dans le canton du Valais\"}]},{\"@type\":\"WebSite\",\"@id\":\"https:\\\/\\\/www.artisanlocal.ch\\\/c\\\/#website\",\"url\":\"https:\\\/\\\/www.artisanlocal.ch\\\/c\\\/\",\"name\":\"Artisanlocal\",\"description\":\"\",\"publisher\":{\"@id\":\"https:\\\/\\\/www.artisanlocal.ch\\\/c\\\/#organization\"},\"potentialAction\":[{\"@type\":\"SearchAction\",\"target\":{\"@type\":\"EntryPoint\",\"urlTemplate\":\"https:\\\/\\\/www.artisanlocal.ch\\\/c\\\/?s={search_term_string}\"},\"query-input\":{\"@type\":\"PropertyValueSpecification\",\"valueRequired\":true,\"valueName\":\"search_term_string\"}}],\"inLanguage\":\"fr-FR\"},{\"@type\":\"Organization\",\"@id\":\"https:\\\/\\\/www.artisanlocal.ch\\\/c\\\/#organization\",\"name\":\"Artisanlocal\",\"url\":\"https:\\\/\\\/www.artisanlocal.ch\\\/c\\\/\",\"logo\":{\"@type\":\"ImageObject\",\"inLanguage\":\"fr-FR\",\"@id\":\"https:\\\/\\\/www.artisanlocal.ch\\\/c\\\/#\\\/schema\\\/logo\\\/image\\\/\",\"url\":\"https:\\\/\\\/www.artisanlocal.ch\\\/c\\\/wp-content\\\/uploads\\\/2024\\\/02\\\/logo-artisanlocal-h.svg\",\"contentUrl\":\"https:\\\/\\\/www.artisanlocal.ch\\\/c\\\/wp-content\\\/uploads\\\/2024\\\/02\\\/logo-artisanlocal-h.svg\",\"caption\":\"Artisanlocal\"},\"image\":{\"@id\":\"https:\\\/\\\/www.artisanlocal.ch\\\/c\\\/#\\\/schema\\\/logo\\\/image\\\/\"}}]}<\/script>\n<!-- \/ Yoast SEO Premium plugin. -->","yoast_head_json":{"title":"Peintre dans le canton du Valais - Artisanlocal","robots":{"index":"index","follow":"follow","max-snippet":"max-snippet:-1","max-image-preview":"max-image-preview:large","max-video-preview":"max-video-preview:-1"},"canonical":"https:\/\/www.artisanlocal.ch\/c\/societe-artisanale-de-peinture-dans-le-canton-du-valais-artisanlocal-effectue-tous-vos-travaux-en-peinture\/","og_locale":"fr_FR","og_type":"article","og_title":"Peintre dans le canton du Valais","og_description":"Besoin de donner \u00e0 l&rsquo;int\u00e9rieur de votre habitation ou de votre entreprise une nouvelle couleur ? Demandez l&rsquo;intervention d&rsquo;Artisanlocal, nous fournissons des travaux de qualit\u00e9, de la pr\u00e9paration aux finitions de vos peintures, nous nous adaptons \u00e0 vos horaires et nous intervenons rapidement dans votre foyer dans le canton du Valais et dans les villes [&hellip;]","og_url":"https:\/\/www.artisanlocal.ch\/c\/societe-artisanale-de-peinture-dans-le-canton-du-valais-artisanlocal-effectue-tous-vos-travaux-en-peinture\/","og_site_name":"Artisanlocal","article_modified_time":"2025-11-06T11:39:44+00:00","og_image":[{"width":1920,"height":300,"url":"https:\/\/www.artisanlocal.ch\/c\/wp-content\/uploads\/2024\/10\/peintre.jpg","type":"image\/jpeg"}],"twitter_card":"summary_large_image","twitter_misc":{"Dur\u00e9e de lecture estim\u00e9e":"5 minutes"},"schema":{"@context":"https:\/\/schema.org","@graph":[{"@type":"WebPage","@id":"https:\/\/www.artisanlocal.ch\/c\/societe-artisanale-de-peinture-dans-le-canton-du-valais-artisanlocal-effectue-tous-vos-travaux-en-peinture\/","url":"https:\/\/www.artisanlocal.ch\/c\/societe-artisanale-de-peinture-dans-le-canton-du-valais-artisanlocal-effectue-tous-vos-travaux-en-peinture\/","name":"Peintre dans le canton du Valais - Artisanlocal","isPartOf":{"@id":"https:\/\/www.artisanlocal.ch\/c\/#website"},"primaryImageOfPage":{"@id":"https:\/\/www.artisanlocal.ch\/c\/societe-artisanale-de-peinture-dans-le-canton-du-valais-artisanlocal-effectue-tous-vos-travaux-en-peinture\/#primaryimage"},"image":{"@id":"https:\/\/www.artisanlocal.ch\/c\/societe-artisanale-de-peinture-dans-le-canton-du-valais-artisanlocal-effectue-tous-vos-travaux-en-peinture\/#primaryimage"},"thumbnailUrl":"https:\/\/www.artisanlocal.ch\/c\/wp-content\/uploads\/2024\/10\/peintre.jpg","datePublished":"2024-04-15T07:34:02+00:00","dateModified":"2025-11-06T11:39:44+00:00","breadcrumb":{"@id":"https:\/\/www.artisanlocal.ch\/c\/societe-artisanale-de-peinture-dans-le-canton-du-valais-artisanlocal-effectue-tous-vos-travaux-en-peinture\/#breadcrumb"},"inLanguage":"fr-FR","potentialAction":[{"@type":"ReadAction","target":["https:\/\/www.artisanlocal.ch\/c\/societe-artisanale-de-peinture-dans-le-canton-du-valais-artisanlocal-effectue-tous-vos-travaux-en-peinture\/"]}]},{"@type":"ImageObject","inLanguage":"fr-FR","@id":"https:\/\/www.artisanlocal.ch\/c\/societe-artisanale-de-peinture-dans-le-canton-du-valais-artisanlocal-effectue-tous-vos-travaux-en-peinture\/#primaryimage","url":"https:\/\/www.artisanlocal.ch\/c\/wp-content\/uploads\/2024\/10\/peintre.jpg","contentUrl":"https:\/\/www.artisanlocal.ch\/c\/wp-content\/uploads\/2024\/10\/peintre.jpg","width":1920,"height":300},{"@type":"BreadcrumbList","@id":"https:\/\/www.artisanlocal.ch\/c\/societe-artisanale-de-peinture-dans-le-canton-du-valais-artisanlocal-effectue-tous-vos-travaux-en-peinture\/#breadcrumb","itemListElement":[{"@type":"ListItem","position":1,"name":"Accueil","item":"https:\/\/www.artisanlocal.ch\/c\/"},{"@type":"ListItem","position":2,"name":"Peintre dans le canton du Valais"}]},{"@type":"WebSite","@id":"https:\/\/www.artisanlocal.ch\/c\/#website","url":"https:\/\/www.artisanlocal.ch\/c\/","name":"Artisanlocal","description":"","publisher":{"@id":"https:\/\/www.artisanlocal.ch\/c\/#organization"},"potentialAction":[{"@type":"SearchAction","target":{"@type":"EntryPoint","urlTemplate":"https:\/\/www.artisanlocal.ch\/c\/?s={search_term_string}"},"query-input":{"@type":"PropertyValueSpecification","valueRequired":true,"valueName":"search_term_string"}}],"inLanguage":"fr-FR"},{"@type":"Organization","@id":"https:\/\/www.artisanlocal.ch\/c\/#organization","name":"Artisanlocal","url":"https:\/\/www.artisanlocal.ch\/c\/","logo":{"@type":"ImageObject","inLanguage":"fr-FR","@id":"https:\/\/www.artisanlocal.ch\/c\/#\/schema\/logo\/image\/","url":"https:\/\/www.artisanlocal.ch\/c\/wp-content\/uploads\/2024\/02\/logo-artisanlocal-h.svg","contentUrl":"https:\/\/www.artisanlocal.ch\/c\/wp-content\/uploads\/2024\/02\/logo-artisanlocal-h.svg","caption":"Artisanlocal"},"image":{"@id":"https:\/\/www.artisanlocal.ch\/c\/#\/schema\/logo\/image\/"}}]}},"_links":{"self":[{"href":"https:\/\/www.artisanlocal.ch\/c\/wp-json\/wp\/v2\/pages\/780","targetHints":{"allow":["GET"]}}],"collection":[{"href":"https:\/\/www.artisanlocal.ch\/c\/wp-json\/wp\/v2\/pages"}],"about":[{"href":"https:\/\/www.artisanlocal.ch\/c\/wp-json\/wp\/v2\/types\/page"}],"author":[{"embeddable":true,"href":"https:\/\/www.artisanlocal.ch\/c\/wp-json\/wp\/v2\/users\/4"}],"replies":[{"embeddable":true,"href":"https:\/\/www.artisanlocal.ch\/c\/wp-json\/wp\/v2\/comments?post=780"}],"version-history":[{"count":0,"href":"https:\/\/www.artisanlocal.ch\/c\/wp-json\/wp\/v2\/pages\/780\/revisions"}],"wp:featuredmedia":[{"embeddable":true,"href":"https:\/\/www.artisanlocal.ch\/c\/wp-json\/wp\/v2\/media\/2756"}],"wp:attachment":[{"href":"https:\/\/www.artisanlocal.ch\/c\/wp-json\/wp\/v2\/media?parent=780"}],"wp:term":[{"taxonomy":"profession","embeddable":true,"href":"https:\/\/www.artisanlocal.ch\/c\/wp-json\/wp\/v2\/profession?post=780"},{"taxonomy":"location","embeddable":true,"href":"https:\/\/www.artisanlocal.ch\/c\/wp-json\/wp\/v2\/location?post=780"},{"taxonomy":"canton","embeddable":true,"href":"https:\/\/www.artisanlocal.ch\/c\/wp-json\/wp\/v2\/canton?post=780"}],"curies":[{"name":"wp","href":"https:\/\/api.w.org\/{rel}","templated":true}]}}