{"id":859,"date":"2024-04-23T06:56:13","date_gmt":"2024-04-23T04:56:13","guid":{"rendered":"https:\/\/www.artisanlocal.ch\/c\/artisanlocal-votre-entreprise-de-demenagement-a-broc\/"},"modified":"2025-08-26T19:28:08","modified_gmt":"2025-08-26T17:28:08","slug":"artisanlocal-votre-entreprise-de-demenagement-a-broc","status":"publish","type":"page","link":"https:\/\/www.artisanlocal.ch\/c\/artisanlocal-votre-entreprise-de-demenagement-a-broc\/","title":{"rendered":"Artisanlocal votre entreprise de d\u00e9m\u00e9nagement Broc"},"content":{"rendered":"<p>Le d\u00e9m\u00e9nagement \u00e0 Broc ne devrait pas \u00eatre compliqu\u00e9. Une fois que vous avez trouv\u00e9 nouvel appartement et que vous avez choisi la date du d\u00e9m\u00e9nagement, vous vous demandez peut-\u00eatre de quelle mani\u00e8re organiser au mieux votre d\u00e9m\u00e9nagement et votre installation ? En engageant notre soci\u00e9t\u00e9 \u00e0 Broc, vous \u00e9vitez les situations stressantes, nous prenons en charge tous les aspects de votre d\u00e9m\u00e9nagement, de la location du v\u00e9hicule, jusqu&rsquo;\u00e0 la protection de vos meubles.<\/p>\n\r\n<div class=\"box\">\r\n    <h2 class=\"text-dark\">Nous cherchons un <em class=\"text-primary\">D\u00e9m\u00e9nageur<\/em> dans la r\u00e9gion de <em class=\"text-primary\">Broc<\/em>  en exclusivit\u00e9, afin de proposer vos services \u00e0 nos clients propri\u00e9taires.<\/h2>\r\n    <p>Une opportunit\u00e9 unique pour booster votre activit\u00e9 \u00e0 <strong>Broc<\/strong> et aux alentours dans votre domaine (D\u00e9m\u00e9nageur).<\/p>\r\n    <p>Nous travaillons en exclusivit\u00e9 avec qu'une soci\u00e9t\u00e9 par m\u00e9tier et par r\u00e9gion. <br>Votre entreprise est pr\u00e9sente sur tous les documents immobiliers. Afin d'\u00eatre mieux vu sur le net, vous \u00eates \u00e9galement visible sur nos deux sites et sur les pages de r\u00e9f\u00e9rencement de votre r\u00e9gion.<\/p>\r\n    <a href=\"\/contact\" class=\"wp-block-button__link has-accent-background-color has-text-align-center wp-element-button\">R\u00e9server<\/a>\r\n<\/div>\n<h2>Artisanlocal l&rsquo;expert du d\u00e9m\u00e9nagement \u00e0 Broc<\/h2>\n<p>Notre entreprise est situ\u00e9e au coeur de Broc. Nous r\u00e9alisons le d\u00e9m\u00e9nagement pour les bureaux et les particuliers. Nos d\u00e9m\u00e9nageurs sont exp\u00e9riment\u00e9s et comp\u00e9tents pour r\u00e9aliser tous vos projets.<\/p>\n<h2>Pourquoi choisir Artisanlocal pour votre d\u00e9m\u00e9nagement \u00e0 Broc ?<\/h2>\n<h3>Artisanlocal une entreprise \u00e9coresponsable<\/h3>\n<p>Nos emballages et protections pour d\u00e9m\u00e9nagement sont biod\u00e9gradables afin de limiter l&rsquo;impact environnemental de votre d\u00e9m\u00e9nagement, par ailleurs, nous r\u00e9utilisons tous les mat\u00e9riaux utilis\u00e9s lors du d\u00e9m\u00e9nagement.<\/p>\n<h3>Artisanlocal une entreprise disponible \u00e0 tout moment pour votre d\u00e9m\u00e9nagement<\/h3>\n<p>Notre soci\u00e9t\u00e9 est joignable peu importe le jour dans la semaine pour d\u00e9m\u00e9nager votre maison, studio ou vos locaux professionnels.<\/p>\n<h3>Service de d\u00e9m\u00e9nagement \u00e0 Broc et dans les villes \u00e0 proximit\u00e9<\/h3>\n<p>Notre entreprise intervient \u00e0 Broc et dans les communes voisines, comme : Maules, S\u00e2les (Gruy\u00e8re), Romanens, Rueyres-Treyfayes, Treyfayes, Vaulruz, Vuadens, Bulle, Riaz, Marsens, Vuippens, La Roche FR, La Tour-de-Tr\u00eame, Charmey (Gruy\u00e8re), Morlon, Sorens, Gumefens, Avry-devant-Pont, Le Bry, Echarlens, Corbi\u00e8res, Hauteville, Pont-la-Ville, Villarvolard, Botterens, Villarbeney, Ch\u00e2tel-sur-Montsalvens, Cr\u00e9suz, Im Fang, Jaun, Abl\u00e4ndschen, Le P\u00e2quier-Montbarry, Epagny, Gruy\u00e8res, Mol\u00e9son-sur-Gruy\u00e8res, Pringy, Estavannens, Grandvillard, Villars-sous-Mont, Enney, Albeuve, Lessoc, Montbovon, Neirivue, Les Sciernes-d'Albeuve..<\/p>\n<h3>Intervention \u00e0 l&rsquo;international et dans toute la Suisse<\/h3>\n<p>Si vous vivez \u00e0 Broc, nous pouvons r\u00e9aliser votre d\u00e9m\u00e9nagement vers toutes les villes et communes de Suisse ainsi que les pays frontaliers.&nbsp;<\/p>\n<h3>Des d\u00e9m\u00e9nageurs toujours minutieux \u00e0 Broc<\/h3>\n<p>Nous emballons vos articles et installons des protections sur les sols et murs pour pr\u00e9venir les dommages au cours de votre d\u00e9m\u00e9nagement, \u00e0 titre d&rsquo;illustration pour vos :&nbsp;<\/p>\n<ul>\n<li>Sols : pendant votre d\u00e9m\u00e9nagement, notre \u00e9quipe de d\u00e9m\u00e9nageurs prendra toutes les pr\u00e9cautions pour ne pas d\u00e9t\u00e9riorer vos sols.<\/li>\n<li>Angles : nous couvrons les angles de vos murs pour\u00e9viter les dommages.<\/li>\n<li>Couloirs : avant de d\u00e9m\u00e9nager votre mobilier et votre \u00e9lectrom\u00e9nager, nous pla\u00e7ons des mat\u00e9riaux de protection dans vos couloirs, de mani\u00e8re \u00e0 \u00e9viter tout d\u00e9g\u00e2t.<\/li>\n<li>Portes : notre \u00e9quipe prend soin de d\u00e9m\u00e9nager vos objets pour emp\u00eacher les traces de rayures sur vos portes.<\/li>\n<\/ul>\n<h3>\u00c9valuations gratuites<\/h3>\n<p>Apr\u00e8s qu\u2019un de nos experts est examin\u00e9 vos besoins, notre entreprise vous fournit une estimation gratuite.<\/p>\n<h2>Quels sont les types de services et de d\u00e9m\u00e9nagement que propose Artisanlocal \u00e0 Broc ?<\/h2>\n<h3>D\u00e9m\u00e9nagement de bureaux et de locaux <\/h3>\n<p>Nous planifions le d\u00e9m\u00e9nagement de votre commerce ou de vos bureaux selon votre planning, et de la ville de destination.<\/p>\n<h3>Petits d\u00e9m\u00e9nagements<\/h3>\n<p>Nous r\u00e9alisons le d\u00e9m\u00e9nagement des petits appartements. C&rsquo;est un d\u00e9m\u00e9nagement pour des volumes inf\u00e9rieurs \u00e0 15 m\u00e8tres cubes.<\/p>\n<h3>D\u00e9m\u00e9nagements rapides<\/h3>\n<p>Artisanlocal vous aide \u00e0 vous installer dans votre nouvelle r\u00e9sidence le plus rapidement possible. Nous proposons par ailleurs des prestations de stockage et d&#8217;emballage en urgence.<\/p>\n<h3>Espace de stockage<\/h3>\n<p>Nous r\u00e9cup\u00e9rons vos objets et les stockons dans notre entrep\u00f4t prot\u00e9g\u00e9 \u00e0 Broc. Ils seront stock\u00e9s durant la p\u00e9riode dont vous avez besoin. Il vous suffit de nous indiquer la date \u00e0 laquelle vous souhaitez chercher vos affaires, et nous vous les livrerons \u00e0 la date qui vous arrangera.<\/p>\n<h3>Emballage sur mesure pour vos objets de grande importance<\/h3>\n<p>Vos objets de grande valeur et les \u0153uvres d&rsquo;art vont \u00eatre envelopp\u00e9s avec soin. Nous cr\u00e9ons des cartons personnalis\u00e9s et nous employons des \u00e9quipements de levage appropri\u00e9s.<\/p>\n<h3>Transfert de pianos<\/h3>\n<h3>Transporter un piano de mani\u00e8re s\u00e9curis\u00e9e n\u00e9cessite des expertises, des \u00e9quipements et des connaissances sp\u00e9cifiques. Notre entreprise d\u00e9m\u00e9nage tous types de pianos : interm\u00e9diaires, droits et horizontaux.<\/h3>\n<h3>Service de location monte-meubles \u00e0 Broc <\/h3>\n<p>Notre service de location de monte-meubles facilite le d\u00e9placement de vos mobiliers facilement en Suisse et \u00e0 Broc.<\/p>\n<h3>Vente de cartons de d\u00e9m\u00e9nagement \u00e0 Broc<\/h3>\n<p>Vous avez besoin de protection pour votre emm\u00e9nagement et d\u00e9m\u00e9nagement \u00e0 Broc ? Artisanlocal offre une large gamme de cartons et aussi : de fournitures, d&rsquo;adh\u00e9sifs, et de housses de protection.<\/p>\n<h2>Qu&rsquo;est-ce qui est inclus dans votre service de d\u00e9m\u00e9nagement ?<\/h2>\n<h3>L\u2019emballage sur mesure, pour :<\/h3>\n<ul>\n<li>les matelas,<\/li>\n<li>les t\u00e9l\u00e9viseurs<\/li>\n<li>les fauteuils,<\/li>\n<li>les sofas<\/li>\n<li>les appareils m\u00e9nagers,<\/li>\n<li>les PC,<\/li>\n<li>les ampoules et les lampes,<\/li>\n<li>les tableaux et miroirs.<\/li>\n<\/ul>\n<h3>L&rsquo;installation et d\u00e9montage du mobilier<\/h3>\n<ul>\n<li>les tables,<\/li>\n<li>les meubles de rangement,<\/li>\n<li>les meubles,<\/li>\n<li>les \u00e9tag\u00e8res,<\/li>\n<li>les luminaires.<\/li>\n<\/ul>\n<h2>FAQ<\/h2>\n<h3>Quel est le prix d&rsquo;un d\u00e9m\u00e9nagement \u00e0 Broc et en Suisse ?<\/h3>\n<p>Le prix d&rsquo;un d\u00e9m\u00e9nagement \u00e0 Broc change en fonction du nombre de pi\u00e8ces et du volume.<\/p>\n<p>Ci-dessous, vous retrouverez les tarifs en fonction du nombre de pi\u00e8ces :<\/p>\n<p>Pour un d\u00e9m\u00e9nagement \u00e0 Broc :<\/p>\n<table>\n<tbody>\n<tr>\n<td>Pour un appartement de 1-2 pi\u00e8ces<\/td>\n<td>De 350 \u00e0 600 CHF<\/td>\n<\/tr>\n<tr>\n<td>D\u2019un appartement entre 2-3 pi\u00e8ces<\/td>\n<td>De 700 \u00e0 1300 Francs Suisses<\/td>\n<\/tr>\n<tr>\n<td>Pour un appartement entre 3-4 pi\u00e8ces<\/td>\n<td>Entre 850 \u00e0 2000 Francs Suisses<\/td>\n<\/tr>\n<tr>\n<td>Pour une maison<\/td>\n<td>Entre 1200 \u00e0 2500 Francs Suisses<\/td>\n<\/tr>\n<\/tbody>\n<\/table>\n<p>Pour un service de d\u00e9m\u00e9nagement au-del\u00e0 de 200 km :<\/p>\n<table>\n<tbody>\n<tr>\n<td>D\u2019un appartement de 1-2 pi\u00e8ces<\/td>\n<td>De 600 \u00e0 900 CHF<\/td>\n<\/tr>\n<tr>\n<td>Pour un appartement de 2-3 pi\u00e8ces<\/td>\n<td>De 1200 \u00e0 2500 Francs Suisses<\/td>\n<\/tr>\n<tr>\n<td>Pour un appartement de 3-4 pi\u00e8ces<\/td>\n<td>De 1800 \u00e0 3000 Francs Suisses<\/td>\n<\/tr>\n<tr>\n<td>Pour une maison<\/td>\n<td>Entre 2000 \u00e0 4500 Francs Suisses<\/td>\n<\/tr>\n<\/tbody>\n<\/table>\n<p>Quel est le montant pour la location d&rsquo;un monte-meuble \u00e0 Broc ?<\/p>\n<p>Le montant indicatif pour le service de location d&rsquo;un monte meuble \u00e0 Broc est d&rsquo;environ 150 CHF par heure.<\/p>\n<h3>Quels sont les b\u00e9n\u00e9fices d&rsquo;engager une entreprise sp\u00e9cialis\u00e9e dans le d\u00e9m\u00e9nagement \u00e0 Broc ?<\/h3>\n<p>M\u00eame si vous pourriez \u00e9conomiser de l&rsquo;argent en accomplissant le travail seul, vous vous exposez \u00e0 des blessures plus ou moins graves (notamment si vous n&rsquo;\u00eates pas habitu\u00e9 \u00e0 soulever des objets lourds) ou d&rsquo;ab\u00eemer vos objets au cours de votre d\u00e9m\u00e9nagement. En engageant Artisanlocal pour votre d\u00e9m\u00e9nagement, vous gagnez du temps et vous limitez les risques.<\/p>\n","protected":false},"excerpt":{"rendered":"<p>Le d\u00e9m\u00e9nagement \u00e0 Broc ne devrait pas \u00eatre compliqu\u00e9. Une fois que vous avez trouv\u00e9 nouvel appartement et que vous avez choisi la date du d\u00e9m\u00e9nagement, vous vous demandez peut-\u00eatre de quelle mani\u00e8re organiser au mieux votre d\u00e9m\u00e9nagement et votre installation ? En engageant notre soci\u00e9t\u00e9 \u00e0 Broc, vous \u00e9vitez les situations stressantes, nous prenons [&hellip;]<\/p>\n","protected":false},"author":4,"featured_media":2759,"parent":0,"menu_order":0,"comment_status":"closed","ping_status":"closed","template":"","meta":{"footnotes":""},"profession":[122],"location":[115],"canton":[109],"class_list":["post-859","page","type-page","status-publish","has-post-thumbnail","hentry","profession-demenageur","location-broc","canton-fr"],"yoast_head":"<!-- This site is optimized with the Yoast SEO Premium plugin v25.7.1 (Yoast SEO v27.3) - https:\/\/yoast.com\/product\/yoast-seo-premium-wordpress\/ -->\n<title>Artisanlocal votre entreprise de d\u00e9m\u00e9nagement Broc - Artisanlocal<\/title>\n<meta name=\"robots\" content=\"index, follow, max-snippet:-1, max-image-preview:large, max-video-preview:-1\" \/>\n<link rel=\"canonical\" href=\"https:\/\/www.artisanlocal.ch\/c\/artisanlocal-votre-entreprise-de-demenagement-a-broc\/\" \/>\n<meta property=\"og:locale\" content=\"fr_FR\" \/>\n<meta property=\"og:type\" content=\"article\" \/>\n<meta property=\"og:title\" content=\"Artisanlocal votre entreprise de d\u00e9m\u00e9nagement Broc\" \/>\n<meta property=\"og:description\" content=\"Le d\u00e9m\u00e9nagement \u00e0 Broc ne devrait pas \u00eatre compliqu\u00e9. Une fois que vous avez trouv\u00e9 nouvel appartement et que vous avez choisi la date du d\u00e9m\u00e9nagement, vous vous demandez peut-\u00eatre de quelle mani\u00e8re organiser au mieux votre d\u00e9m\u00e9nagement et votre installation ? En engageant notre soci\u00e9t\u00e9 \u00e0 Broc, vous \u00e9vitez les situations stressantes, nous prenons [&hellip;]\" \/>\n<meta property=\"og:url\" content=\"https:\/\/www.artisanlocal.ch\/c\/artisanlocal-votre-entreprise-de-demenagement-a-broc\/\" \/>\n<meta property=\"og:site_name\" content=\"Artisanlocal\" \/>\n<meta property=\"article:modified_time\" content=\"2025-08-26T17:28:08+00:00\" \/>\n<meta property=\"og:image\" content=\"https:\/\/www.artisanlocal.ch\/c\/wp-content\/uploads\/2024\/10\/demenageur.jpg\" \/>\n\t<meta property=\"og:image:width\" content=\"1920\" \/>\n\t<meta property=\"og:image:height\" content=\"300\" \/>\n\t<meta property=\"og:image:type\" content=\"image\/jpeg\" \/>\n<meta name=\"twitter:card\" content=\"summary_large_image\" \/>\n<meta name=\"twitter:label1\" content=\"Dur\u00e9e de lecture estim\u00e9e\" \/>\n\t<meta name=\"twitter:data1\" content=\"5 minutes\" \/>\n<script type=\"application\/ld+json\" class=\"yoast-schema-graph\">{\"@context\":\"https:\\\/\\\/schema.org\",\"@graph\":[{\"@type\":\"WebPage\",\"@id\":\"https:\\\/\\\/www.artisanlocal.ch\\\/c\\\/artisanlocal-votre-entreprise-de-demenagement-a-broc\\\/\",\"url\":\"https:\\\/\\\/www.artisanlocal.ch\\\/c\\\/artisanlocal-votre-entreprise-de-demenagement-a-broc\\\/\",\"name\":\"Artisanlocal votre entreprise de d\u00e9m\u00e9nagement Broc - Artisanlocal\",\"isPartOf\":{\"@id\":\"https:\\\/\\\/www.artisanlocal.ch\\\/c\\\/#website\"},\"primaryImageOfPage\":{\"@id\":\"https:\\\/\\\/www.artisanlocal.ch\\\/c\\\/artisanlocal-votre-entreprise-de-demenagement-a-broc\\\/#primaryimage\"},\"image\":{\"@id\":\"https:\\\/\\\/www.artisanlocal.ch\\\/c\\\/artisanlocal-votre-entreprise-de-demenagement-a-broc\\\/#primaryimage\"},\"thumbnailUrl\":\"https:\\\/\\\/www.artisanlocal.ch\\\/c\\\/wp-content\\\/uploads\\\/2024\\\/10\\\/demenageur.jpg\",\"datePublished\":\"2024-04-23T04:56:13+00:00\",\"dateModified\":\"2025-08-26T17:28:08+00:00\",\"breadcrumb\":{\"@id\":\"https:\\\/\\\/www.artisanlocal.ch\\\/c\\\/artisanlocal-votre-entreprise-de-demenagement-a-broc\\\/#breadcrumb\"},\"inLanguage\":\"fr-FR\",\"potentialAction\":[{\"@type\":\"ReadAction\",\"target\":[\"https:\\\/\\\/www.artisanlocal.ch\\\/c\\\/artisanlocal-votre-entreprise-de-demenagement-a-broc\\\/\"]}]},{\"@type\":\"ImageObject\",\"inLanguage\":\"fr-FR\",\"@id\":\"https:\\\/\\\/www.artisanlocal.ch\\\/c\\\/artisanlocal-votre-entreprise-de-demenagement-a-broc\\\/#primaryimage\",\"url\":\"https:\\\/\\\/www.artisanlocal.ch\\\/c\\\/wp-content\\\/uploads\\\/2024\\\/10\\\/demenageur.jpg\",\"contentUrl\":\"https:\\\/\\\/www.artisanlocal.ch\\\/c\\\/wp-content\\\/uploads\\\/2024\\\/10\\\/demenageur.jpg\",\"width\":1920,\"height\":300},{\"@type\":\"BreadcrumbList\",\"@id\":\"https:\\\/\\\/www.artisanlocal.ch\\\/c\\\/artisanlocal-votre-entreprise-de-demenagement-a-broc\\\/#breadcrumb\",\"itemListElement\":[{\"@type\":\"ListItem\",\"position\":1,\"name\":\"Accueil\",\"item\":\"https:\\\/\\\/www.artisanlocal.ch\\\/c\\\/\"},{\"@type\":\"ListItem\",\"position\":2,\"name\":\"Artisanlocal votre entreprise de d\u00e9m\u00e9nagement Broc\"}]},{\"@type\":\"WebSite\",\"@id\":\"https:\\\/\\\/www.artisanlocal.ch\\\/c\\\/#website\",\"url\":\"https:\\\/\\\/www.artisanlocal.ch\\\/c\\\/\",\"name\":\"Artisanlocal\",\"description\":\"\",\"publisher\":{\"@id\":\"https:\\\/\\\/www.artisanlocal.ch\\\/c\\\/#organization\"},\"potentialAction\":[{\"@type\":\"SearchAction\",\"target\":{\"@type\":\"EntryPoint\",\"urlTemplate\":\"https:\\\/\\\/www.artisanlocal.ch\\\/c\\\/?s={search_term_string}\"},\"query-input\":{\"@type\":\"PropertyValueSpecification\",\"valueRequired\":true,\"valueName\":\"search_term_string\"}}],\"inLanguage\":\"fr-FR\"},{\"@type\":\"Organization\",\"@id\":\"https:\\\/\\\/www.artisanlocal.ch\\\/c\\\/#organization\",\"name\":\"Artisanlocal\",\"url\":\"https:\\\/\\\/www.artisanlocal.ch\\\/c\\\/\",\"logo\":{\"@type\":\"ImageObject\",\"inLanguage\":\"fr-FR\",\"@id\":\"https:\\\/\\\/www.artisanlocal.ch\\\/c\\\/#\\\/schema\\\/logo\\\/image\\\/\",\"url\":\"https:\\\/\\\/www.artisanlocal.ch\\\/c\\\/wp-content\\\/uploads\\\/2024\\\/02\\\/logo-artisanlocal-h.svg\",\"contentUrl\":\"https:\\\/\\\/www.artisanlocal.ch\\\/c\\\/wp-content\\\/uploads\\\/2024\\\/02\\\/logo-artisanlocal-h.svg\",\"caption\":\"Artisanlocal\"},\"image\":{\"@id\":\"https:\\\/\\\/www.artisanlocal.ch\\\/c\\\/#\\\/schema\\\/logo\\\/image\\\/\"}}]}<\/script>\n<!-- \/ Yoast SEO Premium plugin. -->","yoast_head_json":{"title":"Artisanlocal votre entreprise de d\u00e9m\u00e9nagement Broc - Artisanlocal","robots":{"index":"index","follow":"follow","max-snippet":"max-snippet:-1","max-image-preview":"max-image-preview:large","max-video-preview":"max-video-preview:-1"},"canonical":"https:\/\/www.artisanlocal.ch\/c\/artisanlocal-votre-entreprise-de-demenagement-a-broc\/","og_locale":"fr_FR","og_type":"article","og_title":"Artisanlocal votre entreprise de d\u00e9m\u00e9nagement Broc","og_description":"Le d\u00e9m\u00e9nagement \u00e0 Broc ne devrait pas \u00eatre compliqu\u00e9. Une fois que vous avez trouv\u00e9 nouvel appartement et que vous avez choisi la date du d\u00e9m\u00e9nagement, vous vous demandez peut-\u00eatre de quelle mani\u00e8re organiser au mieux votre d\u00e9m\u00e9nagement et votre installation ? En engageant notre soci\u00e9t\u00e9 \u00e0 Broc, vous \u00e9vitez les situations stressantes, nous prenons [&hellip;]","og_url":"https:\/\/www.artisanlocal.ch\/c\/artisanlocal-votre-entreprise-de-demenagement-a-broc\/","og_site_name":"Artisanlocal","article_modified_time":"2025-08-26T17:28:08+00:00","og_image":[{"width":1920,"height":300,"url":"https:\/\/www.artisanlocal.ch\/c\/wp-content\/uploads\/2024\/10\/demenageur.jpg","type":"image\/jpeg"}],"twitter_card":"summary_large_image","twitter_misc":{"Dur\u00e9e de lecture estim\u00e9e":"5 minutes"},"schema":{"@context":"https:\/\/schema.org","@graph":[{"@type":"WebPage","@id":"https:\/\/www.artisanlocal.ch\/c\/artisanlocal-votre-entreprise-de-demenagement-a-broc\/","url":"https:\/\/www.artisanlocal.ch\/c\/artisanlocal-votre-entreprise-de-demenagement-a-broc\/","name":"Artisanlocal votre entreprise de d\u00e9m\u00e9nagement Broc - Artisanlocal","isPartOf":{"@id":"https:\/\/www.artisanlocal.ch\/c\/#website"},"primaryImageOfPage":{"@id":"https:\/\/www.artisanlocal.ch\/c\/artisanlocal-votre-entreprise-de-demenagement-a-broc\/#primaryimage"},"image":{"@id":"https:\/\/www.artisanlocal.ch\/c\/artisanlocal-votre-entreprise-de-demenagement-a-broc\/#primaryimage"},"thumbnailUrl":"https:\/\/www.artisanlocal.ch\/c\/wp-content\/uploads\/2024\/10\/demenageur.jpg","datePublished":"2024-04-23T04:56:13+00:00","dateModified":"2025-08-26T17:28:08+00:00","breadcrumb":{"@id":"https:\/\/www.artisanlocal.ch\/c\/artisanlocal-votre-entreprise-de-demenagement-a-broc\/#breadcrumb"},"inLanguage":"fr-FR","potentialAction":[{"@type":"ReadAction","target":["https:\/\/www.artisanlocal.ch\/c\/artisanlocal-votre-entreprise-de-demenagement-a-broc\/"]}]},{"@type":"ImageObject","inLanguage":"fr-FR","@id":"https:\/\/www.artisanlocal.ch\/c\/artisanlocal-votre-entreprise-de-demenagement-a-broc\/#primaryimage","url":"https:\/\/www.artisanlocal.ch\/c\/wp-content\/uploads\/2024\/10\/demenageur.jpg","contentUrl":"https:\/\/www.artisanlocal.ch\/c\/wp-content\/uploads\/2024\/10\/demenageur.jpg","width":1920,"height":300},{"@type":"BreadcrumbList","@id":"https:\/\/www.artisanlocal.ch\/c\/artisanlocal-votre-entreprise-de-demenagement-a-broc\/#breadcrumb","itemListElement":[{"@type":"ListItem","position":1,"name":"Accueil","item":"https:\/\/www.artisanlocal.ch\/c\/"},{"@type":"ListItem","position":2,"name":"Artisanlocal votre entreprise de d\u00e9m\u00e9nagement Broc"}]},{"@type":"WebSite","@id":"https:\/\/www.artisanlocal.ch\/c\/#website","url":"https:\/\/www.artisanlocal.ch\/c\/","name":"Artisanlocal","description":"","publisher":{"@id":"https:\/\/www.artisanlocal.ch\/c\/#organization"},"potentialAction":[{"@type":"SearchAction","target":{"@type":"EntryPoint","urlTemplate":"https:\/\/www.artisanlocal.ch\/c\/?s={search_term_string}"},"query-input":{"@type":"PropertyValueSpecification","valueRequired":true,"valueName":"search_term_string"}}],"inLanguage":"fr-FR"},{"@type":"Organization","@id":"https:\/\/www.artisanlocal.ch\/c\/#organization","name":"Artisanlocal","url":"https:\/\/www.artisanlocal.ch\/c\/","logo":{"@type":"ImageObject","inLanguage":"fr-FR","@id":"https:\/\/www.artisanlocal.ch\/c\/#\/schema\/logo\/image\/","url":"https:\/\/www.artisanlocal.ch\/c\/wp-content\/uploads\/2024\/02\/logo-artisanlocal-h.svg","contentUrl":"https:\/\/www.artisanlocal.ch\/c\/wp-content\/uploads\/2024\/02\/logo-artisanlocal-h.svg","caption":"Artisanlocal"},"image":{"@id":"https:\/\/www.artisanlocal.ch\/c\/#\/schema\/logo\/image\/"}}]}},"_links":{"self":[{"href":"https:\/\/www.artisanlocal.ch\/c\/wp-json\/wp\/v2\/pages\/859","targetHints":{"allow":["GET"]}}],"collection":[{"href":"https:\/\/www.artisanlocal.ch\/c\/wp-json\/wp\/v2\/pages"}],"about":[{"href":"https:\/\/www.artisanlocal.ch\/c\/wp-json\/wp\/v2\/types\/page"}],"author":[{"embeddable":true,"href":"https:\/\/www.artisanlocal.ch\/c\/wp-json\/wp\/v2\/users\/4"}],"replies":[{"embeddable":true,"href":"https:\/\/www.artisanlocal.ch\/c\/wp-json\/wp\/v2\/comments?post=859"}],"version-history":[{"count":0,"href":"https:\/\/www.artisanlocal.ch\/c\/wp-json\/wp\/v2\/pages\/859\/revisions"}],"wp:featuredmedia":[{"embeddable":true,"href":"https:\/\/www.artisanlocal.ch\/c\/wp-json\/wp\/v2\/media\/2759"}],"wp:attachment":[{"href":"https:\/\/www.artisanlocal.ch\/c\/wp-json\/wp\/v2\/media?parent=859"}],"wp:term":[{"taxonomy":"profession","embeddable":true,"href":"https:\/\/www.artisanlocal.ch\/c\/wp-json\/wp\/v2\/profession?post=859"},{"taxonomy":"location","embeddable":true,"href":"https:\/\/www.artisanlocal.ch\/c\/wp-json\/wp\/v2\/location?post=859"},{"taxonomy":"canton","embeddable":true,"href":"https:\/\/www.artisanlocal.ch\/c\/wp-json\/wp\/v2\/canton?post=859"}],"curies":[{"name":"wp","href":"https:\/\/api.w.org\/{rel}","templated":true}]}}