{"id":861,"date":"2024-04-22T15:52:45","date_gmt":"2024-04-22T13:52:45","guid":{"rendered":"https:\/\/www.artisanlocal.ch\/c\/votre-demenageur-a-bulle\/"},"modified":"2025-08-26T19:28:34","modified_gmt":"2025-08-26T17:28:34","slug":"votre-demenageur-a-bulle","status":"publish","type":"page","link":"https:\/\/www.artisanlocal.ch\/c\/votre-demenageur-a-bulle\/","title":{"rendered":"Entreprises de d\u00e9m\u00e9nagement \u00e0 Bulle"},"content":{"rendered":"<p>Besoin d&rsquo;une entreprise de d\u00e9m\u00e9nagement \u00e0 Bulle ? Nous prenons en charge votre d\u00e9m\u00e9nagement et am\u00e9nagement, de la protection de vos meubles \u00e0 la location du camion.<br \/>\n\r\n<div class=\"box\">\r\n    <h2 class=\"text-dark\">Nous cherchons un <em class=\"text-primary\">D\u00e9m\u00e9nageur<\/em> dans la r\u00e9gion de <em class=\"text-primary\">Bulle<\/em>  en exclusivit\u00e9, afin de proposer vos services \u00e0 nos clients propri\u00e9taires.<\/h2>\r\n    <p>Une opportunit\u00e9 unique pour booster votre activit\u00e9 \u00e0 <strong>Bulle<\/strong> et aux alentours dans votre domaine (D\u00e9m\u00e9nageur).<\/p>\r\n    <p>Nous travaillons en exclusivit\u00e9 avec qu'une soci\u00e9t\u00e9 par m\u00e9tier et par r\u00e9gion. <br>Votre entreprise est pr\u00e9sente sur tous les documents immobiliers. Afin d'\u00eatre mieux vu sur le net, vous \u00eates \u00e9galement visible sur nos deux sites et sur les pages de r\u00e9f\u00e9rencement de votre r\u00e9gion.<\/p>\r\n    <a href=\"\/contact\" class=\"wp-block-button__link has-accent-background-color has-text-align-center wp-element-button\">R\u00e9server<\/a>\r\n<\/div><\/p>\n<h2>Artisanlocal une soci\u00e9t\u00e9 de confiance pour votre d\u00e9m\u00e9nagement \u00e0 Bulle<\/h2>\n<p>Notre soci\u00e9t\u00e9 est situ\u00e9e au centre de Bulle. Nos artisans exp\u00e9riment\u00e9s r\u00e9alisent le d\u00e9m\u00e9nagement de vos bureaux et votre logement.<\/p>\n<h2>Quels sont les avantages de travailler avec Artisanlocal \u00e0 Bulle ?<\/h2>\n<h3>Une soci\u00e9t\u00e9 engag\u00e9e<\/h3>\n<p>Dans le but de r\u00e9duire notre impact environnemental lors du d\u00e9m\u00e9nagement, nous utilisons des emballages \u00e9coresponsables, et nous recyclons tous les mat\u00e9riaux utilis\u00e9s lors de l&rsquo;intervention.<\/p>\n<h3>Artisanlocal une soci\u00e9t\u00e9 disponible<\/h3>\n<p>Nous sommes disponibles 7 jours sur 7, pour effectuer le d\u00e9m\u00e9nagement de votre studio, r\u00e9sidence ou de vos locaux commerciaux \u00e0 Bulle.<\/p>\n<h3>Service de d\u00e9m\u00e9nagement \u00e0 Bulle et dans les villes \u00e0 proximit\u00e9<\/h3>\n<p>Artisanlocal intervient \u00e0 Bulle et dans les communes proches, telles que : Maules, S\u00e2les (Gruy\u00e8re), Romanens, Rueyres-Treyfayes, Treyfayes, Vaulruz, Vuadens, Riaz, Marsens, Vuippens, La Roche FR, La Tour-de-Tr\u00eame, Broc, Charmey (Gruy\u00e8re), Morlon, Sorens, Gumefens, Avry-devant-Pont, Le Bry, Echarlens, Corbi\u00e8res, Hauteville, Pont-la-Ville, Villarvolard, Botterens, Villarbeney, Ch\u00e2tel-sur-Montsalvens, Cr\u00e9suz, Im Fang, Jaun, Abl\u00e4ndschen, Le P\u00e2quier-Montbarry, Epagny, Gruy\u00e8res, Mol\u00e9son-sur-Gruy\u00e8res, Pringy, Estavannens, Grandvillard, Villars-sous-Mont, Enney, Albeuve, Lessoc, Montbovon, Neirivue, Les Sciernes-d'Albeuve..<\/p>\n<h3>Intervention en Suisse et \u00e0 l&rsquo;international<\/h3>\n<p>Si vous \u00eates un Bullois, nous pouvons vous aider \u00e0 d\u00e9m\u00e9nager dans n&rsquo;importe quelle commune en Suisse et aussi dans les pays limitrophes.<\/p>\n<h3>Des d\u00e9m\u00e9nageurs pr\u00e9cautionneux<\/h3>\n<p>Nous emballons vos articles et installons des protections sur les murs et les sols pour \u00e9viter les dommages au cours de votre d\u00e9m\u00e9nagement, notamment pour vos :<\/p>\n<ul>\n<li>Planchers : le jour de votre d\u00e9m\u00e9nagement, nous ferons attention de marcher avec pr\u00e9caution et \u00e0 d\u00e9m\u00e9nager vos biens pour \u00e9viter d&rsquo;ab\u00eemer vos sols.<\/li>\n<li>Angles : nous veillons \u00e0 prot\u00e9ger les coins de vos murs.<\/li>\n<li>Couloirs : avant le d\u00e9m\u00e9nagement de vos meubles et de votre \u00e9lectrom\u00e9nager, nous appliquons des protections dans vos couloirs, de mani\u00e8re \u00e0 pr\u00e9venir les chocs.<\/li>\n<li>Portes : nous prenons soin de manipuler vos objets pour \u00e9viter de rayer vos portes.<\/li>\n<\/ul>\n<h3>Devis gratuits<\/h3>\n<p>Apr\u00e8s l&rsquo;analyse de votre projet, nous vous fournissons un devis gratuit.<\/p>\n<h2>Quels sont les types de d\u00e9m\u00e9nagement et services que propose Artisanlocal \u00e0 Bulle ?<\/h2>\n<h3>D\u00e9m\u00e9nagement de commerces et de bureaux<\/h3>\n<p>Nous effectuons le d\u00e9m\u00e9nagement des espaces de travail et des locaux commerciaux.<\/p>\n<h3>D\u00e9m\u00e9nagement de petit volume<\/h3>\n<p>Nous d\u00e9m\u00e9nageons les studios et les petits logements (nous parlons d&rsquo;un petit d\u00e9m\u00e9nagement pour des d\u00e9m\u00e9nagements inf\u00e9rieurs ou \u00e9gaux \u00e0 15 m3).<\/p>\n<h3>D\u00e9m\u00e9nagements en urgence<\/h3>\n<p>Si vous avez peu de temps entre le d\u00e9m\u00e9nagement et l&#8217;emm\u00e9nagement dans votre nouveau logement, notre entreprise peut vous aider \u00e0 vous installer rapidement. Nous proposons par ailleurs des services de stockage et de pr\u00e9paration de cartons.<\/p>\n<h3>Espace de stockage<\/h3>\n<p>Notre \u00e9quipe vient chercher vos meubles directement chez vous et ensuite, nous pouvons les stocker. Ils seront entrepos\u00e9s pendant la dur\u00e9e que vous avez choisie. Vous n&rsquo;avez qu&rsquo;\u00e0 nous indiquer la date \u00e0 laquelle vous souhaitez reprendre vos biens, et nous les livrons \u00e0 la date qui vous convient.<\/p>\n<h3>Protection sur mesure de vos objets<\/h3>\n<p>Vos biens pr\u00e9cieux et les \u0153uvres d&rsquo;art vont \u00eatre conditionn\u00e9s avec soin. Nous r\u00e9alisons des cartons personnalis\u00e9s et nous utilisons des mat\u00e9riels de levage adapt\u00e9s pour \u00e9viter tout probl\u00e8me.<\/p>\n<h3>Transfert de pianos<\/h3>\n<p>Manipuler un piano de mani\u00e8re s\u00e9curis\u00e9e demande une expertise, du mat\u00e9riel et des connaissances. Artisanlocal est sp\u00e9cialis\u00e9e dans le d\u00e9m\u00e9nagement de pianos, comme : les pianos droits, interm\u00e9diaires ou \u00e0 queue.<\/p>\n<h3>Service de location monte-meubles \u00e0 Bulle pour d\u00e9m\u00e9nagement<\/h3>\n<p>Nous proposons un service de location de monte-meubles pour faciliter le d\u00e9placement de vos mobiliers lourds en Suisse et \u00e0 Bulle.<\/p>\n<h3>Vente de cartons pour votre d\u00e9m\u00e9nagement \u00e0 Bulle<\/h3>\n<p>Vous avez besoin de carton d&#8217;emballage pour votre d\u00e9m\u00e9nagement \u00e0 Bulle ? Artisanlocal, vous propose une large gamme de cartons de d\u00e9m\u00e9nagement et aussi : d&rsquo;accessoires, de housses de protection, et d&rsquo;adh\u00e9sifs.<\/p>\n<h2>Qu&rsquo;est-ce qui est inclus dans votre service de d\u00e9m\u00e9nagement ?<\/h2>\n<h3>L\u2019emballage sur mesure, pour :<\/h3>\n<ul>\n<li>Les matelas,<\/li>\n<li>les t\u00e9l\u00e9viseurs<\/li>\n<li>les fauteuils,<\/li>\n<li>les sofas<\/li>\n<li>les appareils \u00e9lectrom\u00e9nagers,<\/li>\n<li>les ordinateurs,<\/li>\n<li>les lampes et ampoules,<\/li>\n<li>les tableaux et miroirs.<\/li>\n<\/ul>\n<h3>L&rsquo;installation et d\u00e9montage du mobilier, pour :<\/h3>\n<ul>\n<li>Les tables,<\/li>\n<li>les armoires,<\/li>\n<li>les mobiliers,<\/li>\n<li>les \u00e9tag\u00e8res,<\/li>\n<li>les lustres.<\/li>\n<\/ul>\n<h2>FAQ<\/h2>\n<h3>Quel est le montant d&rsquo;un d\u00e9m\u00e9nagement \u00e0 Bulle et en Suisse ?<\/h3>\n<p>Le co\u00fbt d&rsquo;un d\u00e9m\u00e9nagement \u00e0 Bulle varie en fonction du volume et du nombre de pi\u00e8ces.<\/p>\n<p>Voici les prix pr\u00e9cis en fonction du nombre de pi\u00e8ces :<\/p>\n<p>Pour un d\u00e9m\u00e9nagement \u00e0 Bulle :<\/p>\n<table>\n<tbody>\n<tr>\n<td>D\u2019un appartement de 1-2 pi\u00e8ces<\/td>\n<td>Entre 350 \u00e0 600 CHF<\/td>\n<\/tr>\n<tr>\n<td>D\u2019un appartement entre 2-3 pi\u00e8ces<\/td>\n<td>De 700 \u00e0 1300 CHF<\/td>\n<\/tr>\n<tr>\n<td>Pour un appartement de 3-4 pi\u00e8ces<\/td>\n<td>De 850 \u00e0 2000 Francs Suisses<\/td>\n<\/tr>\n<tr>\n<td>Pour une maison<\/td>\n<td>Entre 1200 \u00e0 2500 Francs Suisses<\/td>\n<\/tr>\n<\/tbody>\n<\/table>\n<p>Pour d\u00e9m\u00e9nager au-del\u00e0 de 200 km :<\/p>\n<table>\n<tbody>\n<tr>\n<td>Pour un appartement de 1-2 pi\u00e8ces<\/td>\n<td>De 600 \u00e0 900 CHF<\/td>\n<\/tr>\n<tr>\n<td>D\u2019un appartement de 2-3 pi\u00e8ces<\/td>\n<td>De 1200 \u00e0 2500 CHF<\/td>\n<\/tr>\n<tr>\n<td>Pour un appartement de 3-4 pi\u00e8ces<\/td>\n<td>Entre 1800 \u00e0 3000 Francs Suisses<\/td>\n<\/tr>\n<tr>\n<td>D\u2019une maison<\/td>\n<td>Entre 2000 \u00e0 4500 CHF<\/td>\n<\/tr>\n<\/tbody>\n<\/table>\n<h3>Quel est le tarif pour la location d&rsquo;un monte-meuble \u00e0 Bulle ?<\/h3>\n<p>Le prix approximatif pour la location d&rsquo;un monte meuble \u00e0 Bulle est approximativement de 150 CHF (par heure).<\/p>\n<h3>Quels sont les avantages d&#8217;embaucher une soci\u00e9t\u00e9 de d\u00e9m\u00e9nagement \u00e0 Bulle ?<\/h3>\n<p>Bien que vous \u00e9vitiez de d\u00e9penser de l&rsquo;argent en faisant le d\u00e9m\u00e9nagement vous-m\u00eame, vous pouvez vous faire mal (si vous n&rsquo;\u00eates pas habitu\u00e9 \u00e0 soulever des charges lourdes) ou vous pouvez aussi d\u00e9t\u00e9riorer vos biens. Avec Artisanlocal, vous gagnez du temps et vous \u00e9vitez des soucis de dos.<\/p>\n","protected":false},"excerpt":{"rendered":"<p>Besoin d&rsquo;une entreprise de d\u00e9m\u00e9nagement \u00e0 Bulle ? Nous prenons en charge votre d\u00e9m\u00e9nagement et am\u00e9nagement, de la protection de vos meubles \u00e0 la location du camion. Artisanlocal une soci\u00e9t\u00e9 de confiance pour votre d\u00e9m\u00e9nagement \u00e0 Bulle Notre soci\u00e9t\u00e9 est situ\u00e9e au centre de Bulle. Nos artisans exp\u00e9riment\u00e9s r\u00e9alisent le d\u00e9m\u00e9nagement de vos bureaux et [&hellip;]<\/p>\n","protected":false},"author":4,"featured_media":2759,"parent":0,"menu_order":0,"comment_status":"closed","ping_status":"closed","template":"","meta":{"footnotes":""},"profession":[122],"location":[58],"canton":[109],"class_list":["post-861","page","type-page","status-publish","has-post-thumbnail","hentry","profession-demenageur","location-bulle","canton-fr"],"yoast_head":"<!-- This site is optimized with the Yoast SEO Premium plugin v25.7.1 (Yoast SEO v27.3) - https:\/\/yoast.com\/product\/yoast-seo-premium-wordpress\/ -->\n<title>Entreprises de d\u00e9m\u00e9nagement \u00e0 Bulle - Artisanlocal<\/title>\n<meta name=\"robots\" content=\"index, follow, max-snippet:-1, max-image-preview:large, max-video-preview:-1\" \/>\n<link rel=\"canonical\" href=\"https:\/\/www.artisanlocal.ch\/c\/votre-demenageur-a-bulle\/\" \/>\n<meta property=\"og:locale\" content=\"fr_FR\" \/>\n<meta property=\"og:type\" content=\"article\" \/>\n<meta property=\"og:title\" content=\"Entreprises de d\u00e9m\u00e9nagement \u00e0 Bulle\" \/>\n<meta property=\"og:description\" content=\"Besoin d&rsquo;une entreprise de d\u00e9m\u00e9nagement \u00e0 Bulle ? Nous prenons en charge votre d\u00e9m\u00e9nagement et am\u00e9nagement, de la protection de vos meubles \u00e0 la location du camion. Artisanlocal une soci\u00e9t\u00e9 de confiance pour votre d\u00e9m\u00e9nagement \u00e0 Bulle Notre soci\u00e9t\u00e9 est situ\u00e9e au centre de Bulle. Nos artisans exp\u00e9riment\u00e9s r\u00e9alisent le d\u00e9m\u00e9nagement de vos bureaux et [&hellip;]\" \/>\n<meta property=\"og:url\" content=\"https:\/\/www.artisanlocal.ch\/c\/votre-demenageur-a-bulle\/\" \/>\n<meta property=\"og:site_name\" content=\"Artisanlocal\" \/>\n<meta property=\"article:modified_time\" content=\"2025-08-26T17:28:34+00:00\" \/>\n<meta property=\"og:image\" content=\"https:\/\/www.artisanlocal.ch\/c\/wp-content\/uploads\/2024\/10\/demenageur.jpg\" \/>\n\t<meta property=\"og:image:width\" content=\"1920\" \/>\n\t<meta property=\"og:image:height\" content=\"300\" \/>\n\t<meta property=\"og:image:type\" content=\"image\/jpeg\" \/>\n<meta name=\"twitter:card\" content=\"summary_large_image\" \/>\n<meta name=\"twitter:label1\" content=\"Dur\u00e9e de lecture estim\u00e9e\" \/>\n\t<meta name=\"twitter:data1\" content=\"5 minutes\" \/>\n<script type=\"application\/ld+json\" class=\"yoast-schema-graph\">{\"@context\":\"https:\\\/\\\/schema.org\",\"@graph\":[{\"@type\":\"WebPage\",\"@id\":\"https:\\\/\\\/www.artisanlocal.ch\\\/c\\\/votre-demenageur-a-bulle\\\/\",\"url\":\"https:\\\/\\\/www.artisanlocal.ch\\\/c\\\/votre-demenageur-a-bulle\\\/\",\"name\":\"Entreprises de d\u00e9m\u00e9nagement \u00e0 Bulle - Artisanlocal\",\"isPartOf\":{\"@id\":\"https:\\\/\\\/www.artisanlocal.ch\\\/c\\\/#website\"},\"primaryImageOfPage\":{\"@id\":\"https:\\\/\\\/www.artisanlocal.ch\\\/c\\\/votre-demenageur-a-bulle\\\/#primaryimage\"},\"image\":{\"@id\":\"https:\\\/\\\/www.artisanlocal.ch\\\/c\\\/votre-demenageur-a-bulle\\\/#primaryimage\"},\"thumbnailUrl\":\"https:\\\/\\\/www.artisanlocal.ch\\\/c\\\/wp-content\\\/uploads\\\/2024\\\/10\\\/demenageur.jpg\",\"datePublished\":\"2024-04-22T13:52:45+00:00\",\"dateModified\":\"2025-08-26T17:28:34+00:00\",\"breadcrumb\":{\"@id\":\"https:\\\/\\\/www.artisanlocal.ch\\\/c\\\/votre-demenageur-a-bulle\\\/#breadcrumb\"},\"inLanguage\":\"fr-FR\",\"potentialAction\":[{\"@type\":\"ReadAction\",\"target\":[\"https:\\\/\\\/www.artisanlocal.ch\\\/c\\\/votre-demenageur-a-bulle\\\/\"]}]},{\"@type\":\"ImageObject\",\"inLanguage\":\"fr-FR\",\"@id\":\"https:\\\/\\\/www.artisanlocal.ch\\\/c\\\/votre-demenageur-a-bulle\\\/#primaryimage\",\"url\":\"https:\\\/\\\/www.artisanlocal.ch\\\/c\\\/wp-content\\\/uploads\\\/2024\\\/10\\\/demenageur.jpg\",\"contentUrl\":\"https:\\\/\\\/www.artisanlocal.ch\\\/c\\\/wp-content\\\/uploads\\\/2024\\\/10\\\/demenageur.jpg\",\"width\":1920,\"height\":300},{\"@type\":\"BreadcrumbList\",\"@id\":\"https:\\\/\\\/www.artisanlocal.ch\\\/c\\\/votre-demenageur-a-bulle\\\/#breadcrumb\",\"itemListElement\":[{\"@type\":\"ListItem\",\"position\":1,\"name\":\"Accueil\",\"item\":\"https:\\\/\\\/www.artisanlocal.ch\\\/c\\\/\"},{\"@type\":\"ListItem\",\"position\":2,\"name\":\"Entreprises de d\u00e9m\u00e9nagement \u00e0 Bulle\"}]},{\"@type\":\"WebSite\",\"@id\":\"https:\\\/\\\/www.artisanlocal.ch\\\/c\\\/#website\",\"url\":\"https:\\\/\\\/www.artisanlocal.ch\\\/c\\\/\",\"name\":\"Artisanlocal\",\"description\":\"\",\"publisher\":{\"@id\":\"https:\\\/\\\/www.artisanlocal.ch\\\/c\\\/#organization\"},\"potentialAction\":[{\"@type\":\"SearchAction\",\"target\":{\"@type\":\"EntryPoint\",\"urlTemplate\":\"https:\\\/\\\/www.artisanlocal.ch\\\/c\\\/?s={search_term_string}\"},\"query-input\":{\"@type\":\"PropertyValueSpecification\",\"valueRequired\":true,\"valueName\":\"search_term_string\"}}],\"inLanguage\":\"fr-FR\"},{\"@type\":\"Organization\",\"@id\":\"https:\\\/\\\/www.artisanlocal.ch\\\/c\\\/#organization\",\"name\":\"Artisanlocal\",\"url\":\"https:\\\/\\\/www.artisanlocal.ch\\\/c\\\/\",\"logo\":{\"@type\":\"ImageObject\",\"inLanguage\":\"fr-FR\",\"@id\":\"https:\\\/\\\/www.artisanlocal.ch\\\/c\\\/#\\\/schema\\\/logo\\\/image\\\/\",\"url\":\"https:\\\/\\\/www.artisanlocal.ch\\\/c\\\/wp-content\\\/uploads\\\/2024\\\/02\\\/logo-artisanlocal-h.svg\",\"contentUrl\":\"https:\\\/\\\/www.artisanlocal.ch\\\/c\\\/wp-content\\\/uploads\\\/2024\\\/02\\\/logo-artisanlocal-h.svg\",\"caption\":\"Artisanlocal\"},\"image\":{\"@id\":\"https:\\\/\\\/www.artisanlocal.ch\\\/c\\\/#\\\/schema\\\/logo\\\/image\\\/\"}}]}<\/script>\n<!-- \/ Yoast SEO Premium plugin. -->","yoast_head_json":{"title":"Entreprises de d\u00e9m\u00e9nagement \u00e0 Bulle - Artisanlocal","robots":{"index":"index","follow":"follow","max-snippet":"max-snippet:-1","max-image-preview":"max-image-preview:large","max-video-preview":"max-video-preview:-1"},"canonical":"https:\/\/www.artisanlocal.ch\/c\/votre-demenageur-a-bulle\/","og_locale":"fr_FR","og_type":"article","og_title":"Entreprises de d\u00e9m\u00e9nagement \u00e0 Bulle","og_description":"Besoin d&rsquo;une entreprise de d\u00e9m\u00e9nagement \u00e0 Bulle ? Nous prenons en charge votre d\u00e9m\u00e9nagement et am\u00e9nagement, de la protection de vos meubles \u00e0 la location du camion. Artisanlocal une soci\u00e9t\u00e9 de confiance pour votre d\u00e9m\u00e9nagement \u00e0 Bulle Notre soci\u00e9t\u00e9 est situ\u00e9e au centre de Bulle. Nos artisans exp\u00e9riment\u00e9s r\u00e9alisent le d\u00e9m\u00e9nagement de vos bureaux et [&hellip;]","og_url":"https:\/\/www.artisanlocal.ch\/c\/votre-demenageur-a-bulle\/","og_site_name":"Artisanlocal","article_modified_time":"2025-08-26T17:28:34+00:00","og_image":[{"width":1920,"height":300,"url":"https:\/\/www.artisanlocal.ch\/c\/wp-content\/uploads\/2024\/10\/demenageur.jpg","type":"image\/jpeg"}],"twitter_card":"summary_large_image","twitter_misc":{"Dur\u00e9e de lecture estim\u00e9e":"5 minutes"},"schema":{"@context":"https:\/\/schema.org","@graph":[{"@type":"WebPage","@id":"https:\/\/www.artisanlocal.ch\/c\/votre-demenageur-a-bulle\/","url":"https:\/\/www.artisanlocal.ch\/c\/votre-demenageur-a-bulle\/","name":"Entreprises de d\u00e9m\u00e9nagement \u00e0 Bulle - Artisanlocal","isPartOf":{"@id":"https:\/\/www.artisanlocal.ch\/c\/#website"},"primaryImageOfPage":{"@id":"https:\/\/www.artisanlocal.ch\/c\/votre-demenageur-a-bulle\/#primaryimage"},"image":{"@id":"https:\/\/www.artisanlocal.ch\/c\/votre-demenageur-a-bulle\/#primaryimage"},"thumbnailUrl":"https:\/\/www.artisanlocal.ch\/c\/wp-content\/uploads\/2024\/10\/demenageur.jpg","datePublished":"2024-04-22T13:52:45+00:00","dateModified":"2025-08-26T17:28:34+00:00","breadcrumb":{"@id":"https:\/\/www.artisanlocal.ch\/c\/votre-demenageur-a-bulle\/#breadcrumb"},"inLanguage":"fr-FR","potentialAction":[{"@type":"ReadAction","target":["https:\/\/www.artisanlocal.ch\/c\/votre-demenageur-a-bulle\/"]}]},{"@type":"ImageObject","inLanguage":"fr-FR","@id":"https:\/\/www.artisanlocal.ch\/c\/votre-demenageur-a-bulle\/#primaryimage","url":"https:\/\/www.artisanlocal.ch\/c\/wp-content\/uploads\/2024\/10\/demenageur.jpg","contentUrl":"https:\/\/www.artisanlocal.ch\/c\/wp-content\/uploads\/2024\/10\/demenageur.jpg","width":1920,"height":300},{"@type":"BreadcrumbList","@id":"https:\/\/www.artisanlocal.ch\/c\/votre-demenageur-a-bulle\/#breadcrumb","itemListElement":[{"@type":"ListItem","position":1,"name":"Accueil","item":"https:\/\/www.artisanlocal.ch\/c\/"},{"@type":"ListItem","position":2,"name":"Entreprises de d\u00e9m\u00e9nagement \u00e0 Bulle"}]},{"@type":"WebSite","@id":"https:\/\/www.artisanlocal.ch\/c\/#website","url":"https:\/\/www.artisanlocal.ch\/c\/","name":"Artisanlocal","description":"","publisher":{"@id":"https:\/\/www.artisanlocal.ch\/c\/#organization"},"potentialAction":[{"@type":"SearchAction","target":{"@type":"EntryPoint","urlTemplate":"https:\/\/www.artisanlocal.ch\/c\/?s={search_term_string}"},"query-input":{"@type":"PropertyValueSpecification","valueRequired":true,"valueName":"search_term_string"}}],"inLanguage":"fr-FR"},{"@type":"Organization","@id":"https:\/\/www.artisanlocal.ch\/c\/#organization","name":"Artisanlocal","url":"https:\/\/www.artisanlocal.ch\/c\/","logo":{"@type":"ImageObject","inLanguage":"fr-FR","@id":"https:\/\/www.artisanlocal.ch\/c\/#\/schema\/logo\/image\/","url":"https:\/\/www.artisanlocal.ch\/c\/wp-content\/uploads\/2024\/02\/logo-artisanlocal-h.svg","contentUrl":"https:\/\/www.artisanlocal.ch\/c\/wp-content\/uploads\/2024\/02\/logo-artisanlocal-h.svg","caption":"Artisanlocal"},"image":{"@id":"https:\/\/www.artisanlocal.ch\/c\/#\/schema\/logo\/image\/"}}]}},"_links":{"self":[{"href":"https:\/\/www.artisanlocal.ch\/c\/wp-json\/wp\/v2\/pages\/861","targetHints":{"allow":["GET"]}}],"collection":[{"href":"https:\/\/www.artisanlocal.ch\/c\/wp-json\/wp\/v2\/pages"}],"about":[{"href":"https:\/\/www.artisanlocal.ch\/c\/wp-json\/wp\/v2\/types\/page"}],"author":[{"embeddable":true,"href":"https:\/\/www.artisanlocal.ch\/c\/wp-json\/wp\/v2\/users\/4"}],"replies":[{"embeddable":true,"href":"https:\/\/www.artisanlocal.ch\/c\/wp-json\/wp\/v2\/comments?post=861"}],"version-history":[{"count":0,"href":"https:\/\/www.artisanlocal.ch\/c\/wp-json\/wp\/v2\/pages\/861\/revisions"}],"wp:featuredmedia":[{"embeddable":true,"href":"https:\/\/www.artisanlocal.ch\/c\/wp-json\/wp\/v2\/media\/2759"}],"wp:attachment":[{"href":"https:\/\/www.artisanlocal.ch\/c\/wp-json\/wp\/v2\/media?parent=861"}],"wp:term":[{"taxonomy":"profession","embeddable":true,"href":"https:\/\/www.artisanlocal.ch\/c\/wp-json\/wp\/v2\/profession?post=861"},{"taxonomy":"location","embeddable":true,"href":"https:\/\/www.artisanlocal.ch\/c\/wp-json\/wp\/v2\/location?post=861"},{"taxonomy":"canton","embeddable":true,"href":"https:\/\/www.artisanlocal.ch\/c\/wp-json\/wp\/v2\/canton?post=861"}],"curies":[{"name":"wp","href":"https:\/\/api.w.org\/{rel}","templated":true}]}}