{"id":863,"date":"2024-04-22T18:59:24","date_gmt":"2024-04-22T16:59:24","guid":{"rendered":"https:\/\/www.artisanlocal.ch\/c\/simplifiez-votre-demenagement-a-romont\/"},"modified":"2025-08-26T19:28:29","modified_gmt":"2025-08-26T17:28:29","slug":"simplifiez-votre-demenagement-a-romont","status":"publish","type":"page","link":"https:\/\/www.artisanlocal.ch\/c\/simplifiez-votre-demenagement-a-romont\/","title":{"rendered":"Simplifiez votre d\u00e9m\u00e9nagement \u00e0 Romont FR"},"content":{"rendered":"<p>D\u00e9m\u00e9nager \u00e0 Romont FR ne doit pas \u00eatre un d\u00e9fi. Si vous avez d\u00e9j\u00e0 trouv\u00e9 votre nouveau logement et fix\u00e9 le jour de votre d\u00e9m\u00e9nagement, vous devez vous questionner sur comment planifier aux mieux votre d\u00e9m\u00e9nagement et installation ? \u00c0 l&rsquo;aide de notre soci\u00e9t\u00e9 de d\u00e9m\u00e9nagement \u00e0 Romont FR, vous \u00e9conomisez votre temps, nous g\u00e9rons tous les aspects de votre d\u00e9m\u00e9nagement, de la location du v\u00e9hicule, jusqu&rsquo;\u00e0 la protection de vos meubles.<\/p>\n\r\n<div class=\"box\">\r\n            <div class=\"company-info\">\r\n            <img decoding=\"async\" class=\"company-info__logo\" src=\"https:\/\/www.artisanlocal.ch\/media\/cache\/thumb\/images\/companies\/rocco-demenagement-nettoyage.jpg\" alt=\"Logo\">\r\n            <h2 class=\"company-info__name\">Rocco D\u00e9m\u00e9nagement & Nettoyage<\/h2>\r\n            <p class=\"company-info__business\">D\u00e9m\u00e9nagements - Transports - Entreprise de nettoyage - Entretien - Conciergerie - D\u00e9barras<\/p>\r\n        <\/div>\r\n        <div class=\"company-contact\">\r\n            <p class=\"company-info__address\">Avenue Jean-Marie-Musy 12<\/p>\r\n                            <div class=\"links\">\r\n                                            <a class=\"btn has-accent-background-color js-phoneNumber\" href=\"tel:0791068988\" title=\"Appelez\" data-id=\"26952\" data-type=\"11\">079 106 89 88<\/a>\r\n                                                                <a class=\"btn has-accent-background-color\" href=\"https:\/\/www.rocco-demenagements.ch\/\" target=\"_blank\" title=\"Voir le site internet\" data-id=\"26952\" data-type=\"20\">Site internet<\/a>\r\n                                    <\/div>\r\n                    <\/div>\r\n    \r\n            \r\n<form action=\"https:\/\/www.artisanlocal.ch\/c\/wp-admin\/admin-ajax.php\" method=\"post\" class=\"form-contact\" id=\"artisan_form_contact_company_inline\">\r\n    <div><input type=\"hidden\" name=\"action\" value=\"company_contact\"><\/div>\r\n    <div><input type=\"hidden\" name=\"nonce\" value=\"3ea75e31ab\"><\/div>\r\n    <div><input type=\"hidden\" name=\"company_id\" value=\"26952\"><\/div>\r\n    <div><input type=\"hidden\" name=\"form_id\" value=\"artisan_form_contact_company_inline\"><\/div>\r\n    <div class=\"gglcptch gglcptch_v3 gglcptch_custom\"><input type=\"hidden\" id=\"g-recaptcha-response\" name=\"g-recaptcha-response\" \/><br \/><div class=\"gglcptch_error_text\">La p\u00e9riode de v\u00e9rification reCAPTCHA a expir\u00e9. Veuillez recharger la page.<\/div><\/div>    <div class=\"form-content\">\r\n        <div class=\"form-group\">\r\n            <label for=\"contact_firstName\" class=\"required\">Pr\u00e9nom<\/label>\r\n            <input type=\"text\" name=\"firstName\" class=\"form-control\" required>\r\n        <\/div>\r\n        <div class=\"form-group\">\r\n            <label for=\"contact_lastName\" class=\"required\">Nom<\/label>\r\n            <input type=\"text\" name=\"lastName\" class=\"form-control\" required>\r\n        <\/div>\r\n        <div class=\"form-group\">\r\n            <label for=\"contact_email\" class=\"required\">Email<\/label>\r\n            <input type=\"email\" name=\"email\" class=\"form-control\" required>\r\n        <\/div>\r\n        <div class=\"form-group\">\r\n            <label for=\"contact_phone\" class=\"required\">Num\u00e9ro de t\u00e9l\u00e9phone<\/label>\r\n            <input type=\"tel\" name=\"phone\" class=\"form-control\" placeholder=\"0787117165\" pattern=\"^[0-9]{10}$\" required>\r\n        <\/div>\r\n        <div class=\"form-group\">\r\n            <label for=\"contact_postalCode\" class=\"required\">Code postal et localit\u00e9<\/label>\r\n            <input type=\"text\" name=\"postalCode\" class=\"form-control\" required>\r\n        <\/div>\r\n        <div class=\"form-group\">\r\n            <label for=\"contact_address\" class=\"required\">Adresse<\/label>\r\n            <input type=\"text\" name=\"address\" class=\"form-control\" required>\r\n        <\/div>\r\n        <div class=\"full-width topic\">\r\n            <p class=\"required\">Je souhaite \u00eatre contact\u00e9 pour :<\/p>\r\n            <div class=\"form-check\">\r\n                <input type=\"radio\" name=\"topic\" value=\"D\u00e9pannage\" class=\"form-control\" required>\r\n                <label for=\"d\u00e9pannage\">D\u00e9pannage<\/label>\r\n            <\/div>\r\n            <div class=\"form-check\">\r\n                <input type=\"radio\" name=\"topic\" value=\"Entretien\" class=\"form-control\" required>\r\n                <label for=\"entretien\">Entretien<\/label>\r\n            <\/div>\r\n            <div class=\"form-check\">\r\n                <input type=\"radio\" name=\"topic\" value=\"R\u00e9novation\" class=\"form-control\" required>\r\n                <label for=\"r\u00e9novation\">R\u00e9novation<\/label>\r\n            <\/div>\r\n            <div class=\"form-check\">\r\n                <input type=\"radio\" name=\"topic\" value=\"Autre\" class=\"form-control\" required>\r\n                <label for=\"autre\">Autre<\/label>\r\n            <\/div>\r\n        <\/div>\r\n        <div class=\"form-group full-width\">\r\n            <label for=\"contact_message\">Message<\/label>\r\n            <textarea name=\"message\" rows=\"3\" class=\"form-control\"><\/textarea>\r\n        <\/div>\r\n    <\/div>\r\n    <div class=\"form-actions\">\r\n        <button class=\"wp-block-button__link has-accent-background-color\">Contacter<\/button>\r\n    <\/div>\r\n<\/form>\r\n<div class=\"form-feedback\"><\/div>    <\/div>\n<h2>Artisanlocal une soci\u00e9t\u00e9 de confiance pour votre d\u00e9m\u00e9nagement <\/h2>\n<p>Notre entreprise est localis\u00e9e \u00e0 Romont FR depuis d\u00e8s ann\u00e9es. Artisanlocal est sp\u00e9cialis\u00e9 dans les d\u00e9m\u00e9nagements d&rsquo;entreprises et de particuliers. Nos d\u00e9m\u00e9nageurs sont comp\u00e9tents et exp\u00e9riment\u00e9s pour faire tous vos projets.<\/p>\n<h2>Quels sont les b\u00e9n\u00e9fices de travailler avec Artisanlocal \u00e0 Romont FR ?<\/h2>\n<h3>Artisanlocal une entreprise engag\u00e9e<\/h3>\n<p>Afin de limiter notre empreinte carbone au cours de votre d\u00e9m\u00e9nagement, nous employons des emballages \u00e9coresponsables, de plus, nous recyclons tous les mat\u00e9riaux employ\u00e9s lors du d\u00e9m\u00e9nagement.<\/p>\n<h3>Artisanlocal une soci\u00e9t\u00e9 disponible \u00e0 tout moment pour votre d\u00e9m\u00e9nagement<\/h3>\n<p>Nous sommes disponibles tous les jours de la semaine, pour effectuer le d\u00e9m\u00e9nagement de votre appartement, r\u00e9sidence ou de vos boutiques et bureaux \u00e0 Romont FR.<\/p>\n<h3>Service de d\u00e9m\u00e9nagement \u00e0 Romont FR et dans les villes aux environs<\/h3>\n<p>Artisanlocal op\u00e8re \u00e0 Romont FR et dans les localit\u00e9s proches, telles que : Bionnens, Esmonts, Ursy, Auboranges, Ecublens FR, Gillarens, Promasens, Rue, Montet (Gl\u00e2ne), Morlens, Vuarmarens, Blessens, Mossel, Vauderens, Chavannes-les-Forts, Prez-vers-Siviriez, Siviriez, Villaraboud, Berlens, Billens, Hennens, M\u00e9zi\u00e8res FR, Villariaz, Grangettes-pr\u00e8s-Romont, La Neirigue, Est\u00e9venens, La Magne, Vuisternens-devant-Romont, Lieffrens, Sommentier, Le Ch\u00e2telard-pr\u00e8s-Romont, Villaz-St-Pierre, Lussy FR, Villarimboud, Massonnens, Chavannes-sous-Orsonnens, Orsonnens, Villargiroud, Villarsiviriaux, La Joux FR, Les Ecasseys, Torny-le-Grand..<\/p>\n<h3>D\u00e9m\u00e9nagement et installation \u00e0 l&rsquo;international et dans toute la Suisse<\/h3>\n<p>Si vous \u00eates un Romont FRois, Artisanlocal vous aide pour d\u00e9m\u00e9nager dans les pays frontaliers et toutes les villes de Suisse.&nbsp;<\/p>\n<h3>Artisanlocal une soci\u00e9t\u00e9 de d\u00e9m\u00e9nagement qui est attentive <\/h3>\n<p>Notre soci\u00e9t\u00e9 s&rsquo;engage \u00e0 prendre toutes les pr\u00e9cautions n\u00e9cessaires pour \u00e9viter de cr\u00e9er des dommages, par exemple pour vos :&nbsp;<\/p>\n<ul>\n<li>Sols : au cours de votre d\u00e9m\u00e9nagement, notre \u00e9quipe prendra toutes les mesures possibles pour ne pas d\u00e9grader vos sols.<\/li>\n<li>Angles : nous veillons \u00e0 pr\u00e9server les coins de vos murs pour\u00e9viter les \u00e9raflures.<\/li>\n<li>Couloirs : avant de d\u00e9placer votre mobilier et votre \u00e9lectrom\u00e9nager, nous pla\u00e7ons des protections dans les couloirs, afin de pr\u00e9venir les dommages.<\/li>\n<li>Portes : si cela le demande, nous installons des protections sur vos portes contre les rayures.<\/li>\n<\/ul>\n<h3>Devis gratuits<\/h3>\n<p>Apr\u00e8s qu\u2019un de nos experts est examin\u00e9 vos besoins, notre soci\u00e9t\u00e9 vous transmet un devis gratuit.<\/p>\n<h2>Quels sont les services de d\u00e9m\u00e9nagement d&rsquo;Artisanlocal ?<\/h2>\n<h3>D\u00e9m\u00e9nagement de magasins et de bureaux<\/h3>\n<p>Nous r\u00e9alisons le d\u00e9m\u00e9nagement des magasins et des bureaux.<\/p>\n<h3>D\u00e9m\u00e9nagement de petit volume<\/h3>\n<p>Nous effectuons le d\u00e9m\u00e9nagement des petits logements. Nous d\u00e9finissons un d\u00e9m\u00e9nagement de petit volume pour des projets inf\u00e9rieurs ou \u00e9gaux \u00e0 15 m\u00e8tres cubes.<\/p>\n<h3>D\u00e9m\u00e9nagements rapides<\/h3>\n<p>Notre \u00e9quipe de d\u00e9m\u00e9nageurs vous aide \u00e0 emm\u00e9nager dans votre nouvelle r\u00e9sidence le plus rapidement possible. Nous avons aussi des services d&#8217;emballage et de stockage en urgence.<\/p>\n<h3>Espace de stockage<\/h3>\n<p>Notre \u00e9quipe vient r\u00e9cup\u00e9rer vos biens et ensuite nous les transportons vers notre lieu de stockage \u00e0 Romont FR. Ils seront stock\u00e9s pendant la dur\u00e9e de votre choix. Il vous suffit de nous signaler la date \u00e0 laquelle vous d\u00e9sirez r\u00e9cup\u00e9rer vos biens, et nous vous les livrerons \u00e0 la date qui vous conviendra.<\/p>\n<h3>Protection sur mesure pour vos articles de grande importance<\/h3>\n<p>Vos biens de grande importance et les \u0153uvres d&rsquo;art seront emball\u00e9s avec pr\u00e9caution. Nous pr\u00e9parons des emballages personnalis\u00e9s et nous employons des appareils de levage appropri\u00e9s.<\/p>\n<h3>Transport de pianos<\/h3>\n<h3>D\u00e9placer un piano avec pr\u00e9caution demande des comp\u00e9tences, des \u00e9quipements et des formations particuli\u00e8res. Notre soci\u00e9t\u00e9 d\u00e9place tous types de pianos : droits, horizontaux et interm\u00e9diaires.<\/h3>\n<h3>Location de monte-meubles \u00e0 Romont FR pour d\u00e9m\u00e9nagement<\/h3>\n<p>Nous offrons une prestation de location de monte-meubles pour simplifier le transfert de vos meubles lourds en Suisse et \u00e0 Romont FR.<\/p>\n<h3>Acheter des cartons pour votre d\u00e9m\u00e9nagement en emm\u00e9nagement \u00e0 Romont FR<\/h3>\n<p>Vous avez besoin de carton d&#8217;emballage pour votre emm\u00e9nagement et d\u00e9m\u00e9nagement \u00e0 Romont FR ? Chez Artisanlocal, nous proposons des cartons de d\u00e9m\u00e9nagement et des \u00e9quipements de protection adapt\u00e9s.<\/p>\n<h2>Qu\u2019est-ce qui est inclus dans le d\u00e9m\u00e9nagement ?<\/h2>\n<h3>L\u2019emballage sur mesure, pour :<\/h3>\n<ul>\n<li>les matelas,<\/li>\n<li>les t\u00e9l\u00e9viseurs<\/li>\n<li>les fauteuils,<\/li>\n<li>les canap\u00e9s<\/li>\n<li>les appareils \u00e9lectrom\u00e9nagers,<\/li>\n<li>les ordinateurs,<\/li>\n<li>les lampes et ampoules,<\/li>\n<li>les miroirs et tableaux.<\/li>\n<\/ul>\n<h3>Le d\u00e9montage des meubles<\/h3>\n<ul>\n<li>les tables,<\/li>\n<li>les meubles de rangement,<\/li>\n<li>les mobiliers,<\/li>\n<li>les supports de rangement,<\/li>\n<li>les lustres.<\/li>\n<\/ul>\n<h2>Foire aux questions<\/h2>\n<h3>Quel est le prix d&rsquo;un d\u00e9m\u00e9nagement \u00e0 Romont FR et en Suisse ?<\/h3>\n<p>Le co\u00fbt d&rsquo;un d\u00e9m\u00e9nagement \u00e0 Romont FR d\u00e9pend du nombre de pi\u00e8ces dans votre logement.<\/p>\n<p>Voici les tarif pr\u00e9cis selon le nombre de chambres et le volume :<\/p>\n<p>Pour un d\u00e9m\u00e9nagement \u00e0 Romont FR :<\/p>\n<table>\n<tbody>\n<tr>\n<td>D\u2019un appartement de 1-2 pi\u00e8ces<\/td>\n<td>De 350 \u00e0 600 Francs Suisses<\/td>\n<\/tr>\n<tr>\n<td>Pour un appartement de 2-3 pi\u00e8ces<\/td>\n<td>De 700 \u00e0 1300 CHF<\/td>\n<\/tr>\n<tr>\n<td>D\u2019un appartement de 3-4 pi\u00e8ces<\/td>\n<td>De 850 \u00e0 2000 Francs Suisses<\/td>\n<\/tr>\n<tr>\n<td>Pour une maison<\/td>\n<td>Entre 1200 \u00e0 2500 Francs Suisses<\/td>\n<\/tr>\n<\/tbody>\n<\/table>\n<p>Pour d\u00e9m\u00e9nager plus loin de 200 km :<\/p>\n<table>\n<tbody>\n<tr>\n<td>D\u2019un appartement de 1-2 pi\u00e8ces<\/td>\n<td>De 600 \u00e0 900 CHF<\/td>\n<\/tr>\n<tr>\n<td>Pour un appartement de 2-3 pi\u00e8ces<\/td>\n<td>De 1200 \u00e0 2500 CHF<\/td>\n<\/tr>\n<tr>\n<td>D\u2019un appartement de 3-4 pi\u00e8ces<\/td>\n<td>De 1800 \u00e0 3000 CHF<\/td>\n<\/tr>\n<tr>\n<td>D\u2019une maison<\/td>\n<td>De 2000 \u00e0 4500 Francs Suisses<\/td>\n<\/tr>\n<\/tbody>\n<\/table>\n<p>Combien faut-il compter pour la location d\u2019un monte meuble \u00e0 Romont FR ?<\/p>\n<p>Le co\u00fbt pour louer un monte-meuble \u00e0 Romont FR est \u00e0 peu pr\u00e8s 150 CHF par heure.<\/p>\n<h3>Quels sont les b\u00e9n\u00e9fices d&#8217;embaucher une soci\u00e9t\u00e9 experte dans le d\u00e9m\u00e9nagement \u00e0 Romont FR ?<\/h3>\n<p>M\u00eame si vous \u00e9vitez de d\u00e9penser de l&rsquo;argent en r\u00e9alisant le d\u00e9m\u00e9nagement vous-m\u00eame, vous pouvez vous blesser (surtout si vous n&rsquo;\u00eates pas entra\u00een\u00e9 \u00e0 lever des objets lourds) ou d&rsquo;ab\u00eemer vos meubles au cours du d\u00e9m\u00e9nagement. En engageant Artisanlocal pour votre d\u00e9m\u00e9nagement, vous gagnez du temps et vous limitez les risques.<\/p>\n","protected":false},"excerpt":{"rendered":"<p>D\u00e9m\u00e9nager \u00e0 Romont FR ne doit pas \u00eatre un d\u00e9fi. Si vous avez d\u00e9j\u00e0 trouv\u00e9 votre nouveau logement et fix\u00e9 le jour de votre d\u00e9m\u00e9nagement, vous devez vous questionner sur comment planifier aux mieux votre d\u00e9m\u00e9nagement et installation ? \u00c0 l&rsquo;aide de notre soci\u00e9t\u00e9 de d\u00e9m\u00e9nagement \u00e0 Romont FR, vous \u00e9conomisez votre temps, nous g\u00e9rons [&hellip;]<\/p>\n","protected":false},"author":4,"featured_media":2759,"parent":0,"menu_order":0,"comment_status":"closed","ping_status":"closed","template":"","meta":{"footnotes":""},"profession":[122],"location":[43],"canton":[109],"class_list":["post-863","page","type-page","status-publish","has-post-thumbnail","hentry","profession-demenageur","location-romont-fr","canton-fr"],"yoast_head":"<!-- This site is optimized with the Yoast SEO Premium plugin v25.7.1 (Yoast SEO v27.3) - https:\/\/yoast.com\/product\/yoast-seo-premium-wordpress\/ -->\n<title>Simplifiez votre d\u00e9m\u00e9nagement \u00e0 Romont FR - Artisanlocal<\/title>\n<meta name=\"robots\" content=\"index, follow, max-snippet:-1, max-image-preview:large, max-video-preview:-1\" \/>\n<link rel=\"canonical\" href=\"https:\/\/www.artisanlocal.ch\/c\/simplifiez-votre-demenagement-a-romont\/\" \/>\n<meta property=\"og:locale\" content=\"fr_FR\" \/>\n<meta property=\"og:type\" content=\"article\" \/>\n<meta property=\"og:title\" content=\"Simplifiez votre d\u00e9m\u00e9nagement \u00e0 Romont FR\" \/>\n<meta property=\"og:description\" content=\"D\u00e9m\u00e9nager \u00e0 Romont FR ne doit pas \u00eatre un d\u00e9fi. Si vous avez d\u00e9j\u00e0 trouv\u00e9 votre nouveau logement et fix\u00e9 le jour de votre d\u00e9m\u00e9nagement, vous devez vous questionner sur comment planifier aux mieux votre d\u00e9m\u00e9nagement et installation ? \u00c0 l&rsquo;aide de notre soci\u00e9t\u00e9 de d\u00e9m\u00e9nagement \u00e0 Romont FR, vous \u00e9conomisez votre temps, nous g\u00e9rons [&hellip;]\" \/>\n<meta property=\"og:url\" content=\"https:\/\/www.artisanlocal.ch\/c\/simplifiez-votre-demenagement-a-romont\/\" \/>\n<meta property=\"og:site_name\" content=\"Artisanlocal\" \/>\n<meta property=\"article:modified_time\" content=\"2025-08-26T17:28:29+00:00\" \/>\n<meta property=\"og:image\" content=\"https:\/\/www.artisanlocal.ch\/c\/wp-content\/uploads\/2024\/10\/demenageur.jpg\" \/>\n\t<meta property=\"og:image:width\" content=\"1920\" \/>\n\t<meta property=\"og:image:height\" content=\"300\" \/>\n\t<meta property=\"og:image:type\" content=\"image\/jpeg\" \/>\n<meta name=\"twitter:card\" content=\"summary_large_image\" \/>\n<meta name=\"twitter:label1\" content=\"Dur\u00e9e de lecture estim\u00e9e\" \/>\n\t<meta name=\"twitter:data1\" content=\"5 minutes\" \/>\n<script type=\"application\/ld+json\" class=\"yoast-schema-graph\">{\"@context\":\"https:\\\/\\\/schema.org\",\"@graph\":[{\"@type\":\"WebPage\",\"@id\":\"https:\\\/\\\/www.artisanlocal.ch\\\/c\\\/simplifiez-votre-demenagement-a-romont\\\/\",\"url\":\"https:\\\/\\\/www.artisanlocal.ch\\\/c\\\/simplifiez-votre-demenagement-a-romont\\\/\",\"name\":\"Simplifiez votre d\u00e9m\u00e9nagement \u00e0 Romont FR - Artisanlocal\",\"isPartOf\":{\"@id\":\"https:\\\/\\\/www.artisanlocal.ch\\\/c\\\/#website\"},\"primaryImageOfPage\":{\"@id\":\"https:\\\/\\\/www.artisanlocal.ch\\\/c\\\/simplifiez-votre-demenagement-a-romont\\\/#primaryimage\"},\"image\":{\"@id\":\"https:\\\/\\\/www.artisanlocal.ch\\\/c\\\/simplifiez-votre-demenagement-a-romont\\\/#primaryimage\"},\"thumbnailUrl\":\"https:\\\/\\\/www.artisanlocal.ch\\\/c\\\/wp-content\\\/uploads\\\/2024\\\/10\\\/demenageur.jpg\",\"datePublished\":\"2024-04-22T16:59:24+00:00\",\"dateModified\":\"2025-08-26T17:28:29+00:00\",\"breadcrumb\":{\"@id\":\"https:\\\/\\\/www.artisanlocal.ch\\\/c\\\/simplifiez-votre-demenagement-a-romont\\\/#breadcrumb\"},\"inLanguage\":\"fr-FR\",\"potentialAction\":[{\"@type\":\"ReadAction\",\"target\":[\"https:\\\/\\\/www.artisanlocal.ch\\\/c\\\/simplifiez-votre-demenagement-a-romont\\\/\"]}]},{\"@type\":\"ImageObject\",\"inLanguage\":\"fr-FR\",\"@id\":\"https:\\\/\\\/www.artisanlocal.ch\\\/c\\\/simplifiez-votre-demenagement-a-romont\\\/#primaryimage\",\"url\":\"https:\\\/\\\/www.artisanlocal.ch\\\/c\\\/wp-content\\\/uploads\\\/2024\\\/10\\\/demenageur.jpg\",\"contentUrl\":\"https:\\\/\\\/www.artisanlocal.ch\\\/c\\\/wp-content\\\/uploads\\\/2024\\\/10\\\/demenageur.jpg\",\"width\":1920,\"height\":300},{\"@type\":\"BreadcrumbList\",\"@id\":\"https:\\\/\\\/www.artisanlocal.ch\\\/c\\\/simplifiez-votre-demenagement-a-romont\\\/#breadcrumb\",\"itemListElement\":[{\"@type\":\"ListItem\",\"position\":1,\"name\":\"Accueil\",\"item\":\"https:\\\/\\\/www.artisanlocal.ch\\\/c\\\/\"},{\"@type\":\"ListItem\",\"position\":2,\"name\":\"Simplifiez votre d\u00e9m\u00e9nagement \u00e0 Romont\"}]},{\"@type\":\"WebSite\",\"@id\":\"https:\\\/\\\/www.artisanlocal.ch\\\/c\\\/#website\",\"url\":\"https:\\\/\\\/www.artisanlocal.ch\\\/c\\\/\",\"name\":\"Artisanlocal\",\"description\":\"\",\"publisher\":{\"@id\":\"https:\\\/\\\/www.artisanlocal.ch\\\/c\\\/#organization\"},\"potentialAction\":[{\"@type\":\"SearchAction\",\"target\":{\"@type\":\"EntryPoint\",\"urlTemplate\":\"https:\\\/\\\/www.artisanlocal.ch\\\/c\\\/?s={search_term_string}\"},\"query-input\":{\"@type\":\"PropertyValueSpecification\",\"valueRequired\":true,\"valueName\":\"search_term_string\"}}],\"inLanguage\":\"fr-FR\"},{\"@type\":\"Organization\",\"@id\":\"https:\\\/\\\/www.artisanlocal.ch\\\/c\\\/#organization\",\"name\":\"Artisanlocal\",\"url\":\"https:\\\/\\\/www.artisanlocal.ch\\\/c\\\/\",\"logo\":{\"@type\":\"ImageObject\",\"inLanguage\":\"fr-FR\",\"@id\":\"https:\\\/\\\/www.artisanlocal.ch\\\/c\\\/#\\\/schema\\\/logo\\\/image\\\/\",\"url\":\"https:\\\/\\\/www.artisanlocal.ch\\\/c\\\/wp-content\\\/uploads\\\/2024\\\/02\\\/logo-artisanlocal-h.svg\",\"contentUrl\":\"https:\\\/\\\/www.artisanlocal.ch\\\/c\\\/wp-content\\\/uploads\\\/2024\\\/02\\\/logo-artisanlocal-h.svg\",\"caption\":\"Artisanlocal\"},\"image\":{\"@id\":\"https:\\\/\\\/www.artisanlocal.ch\\\/c\\\/#\\\/schema\\\/logo\\\/image\\\/\"}}]}<\/script>\n<!-- \/ Yoast SEO Premium plugin. -->","yoast_head_json":{"title":"Simplifiez votre d\u00e9m\u00e9nagement \u00e0 Romont FR - Artisanlocal","robots":{"index":"index","follow":"follow","max-snippet":"max-snippet:-1","max-image-preview":"max-image-preview:large","max-video-preview":"max-video-preview:-1"},"canonical":"https:\/\/www.artisanlocal.ch\/c\/simplifiez-votre-demenagement-a-romont\/","og_locale":"fr_FR","og_type":"article","og_title":"Simplifiez votre d\u00e9m\u00e9nagement \u00e0 Romont FR","og_description":"D\u00e9m\u00e9nager \u00e0 Romont FR ne doit pas \u00eatre un d\u00e9fi. Si vous avez d\u00e9j\u00e0 trouv\u00e9 votre nouveau logement et fix\u00e9 le jour de votre d\u00e9m\u00e9nagement, vous devez vous questionner sur comment planifier aux mieux votre d\u00e9m\u00e9nagement et installation ? \u00c0 l&rsquo;aide de notre soci\u00e9t\u00e9 de d\u00e9m\u00e9nagement \u00e0 Romont FR, vous \u00e9conomisez votre temps, nous g\u00e9rons [&hellip;]","og_url":"https:\/\/www.artisanlocal.ch\/c\/simplifiez-votre-demenagement-a-romont\/","og_site_name":"Artisanlocal","article_modified_time":"2025-08-26T17:28:29+00:00","og_image":[{"width":1920,"height":300,"url":"https:\/\/www.artisanlocal.ch\/c\/wp-content\/uploads\/2024\/10\/demenageur.jpg","type":"image\/jpeg"}],"twitter_card":"summary_large_image","twitter_misc":{"Dur\u00e9e de lecture estim\u00e9e":"5 minutes"},"schema":{"@context":"https:\/\/schema.org","@graph":[{"@type":"WebPage","@id":"https:\/\/www.artisanlocal.ch\/c\/simplifiez-votre-demenagement-a-romont\/","url":"https:\/\/www.artisanlocal.ch\/c\/simplifiez-votre-demenagement-a-romont\/","name":"Simplifiez votre d\u00e9m\u00e9nagement \u00e0 Romont FR - Artisanlocal","isPartOf":{"@id":"https:\/\/www.artisanlocal.ch\/c\/#website"},"primaryImageOfPage":{"@id":"https:\/\/www.artisanlocal.ch\/c\/simplifiez-votre-demenagement-a-romont\/#primaryimage"},"image":{"@id":"https:\/\/www.artisanlocal.ch\/c\/simplifiez-votre-demenagement-a-romont\/#primaryimage"},"thumbnailUrl":"https:\/\/www.artisanlocal.ch\/c\/wp-content\/uploads\/2024\/10\/demenageur.jpg","datePublished":"2024-04-22T16:59:24+00:00","dateModified":"2025-08-26T17:28:29+00:00","breadcrumb":{"@id":"https:\/\/www.artisanlocal.ch\/c\/simplifiez-votre-demenagement-a-romont\/#breadcrumb"},"inLanguage":"fr-FR","potentialAction":[{"@type":"ReadAction","target":["https:\/\/www.artisanlocal.ch\/c\/simplifiez-votre-demenagement-a-romont\/"]}]},{"@type":"ImageObject","inLanguage":"fr-FR","@id":"https:\/\/www.artisanlocal.ch\/c\/simplifiez-votre-demenagement-a-romont\/#primaryimage","url":"https:\/\/www.artisanlocal.ch\/c\/wp-content\/uploads\/2024\/10\/demenageur.jpg","contentUrl":"https:\/\/www.artisanlocal.ch\/c\/wp-content\/uploads\/2024\/10\/demenageur.jpg","width":1920,"height":300},{"@type":"BreadcrumbList","@id":"https:\/\/www.artisanlocal.ch\/c\/simplifiez-votre-demenagement-a-romont\/#breadcrumb","itemListElement":[{"@type":"ListItem","position":1,"name":"Accueil","item":"https:\/\/www.artisanlocal.ch\/c\/"},{"@type":"ListItem","position":2,"name":"Simplifiez votre d\u00e9m\u00e9nagement \u00e0 Romont"}]},{"@type":"WebSite","@id":"https:\/\/www.artisanlocal.ch\/c\/#website","url":"https:\/\/www.artisanlocal.ch\/c\/","name":"Artisanlocal","description":"","publisher":{"@id":"https:\/\/www.artisanlocal.ch\/c\/#organization"},"potentialAction":[{"@type":"SearchAction","target":{"@type":"EntryPoint","urlTemplate":"https:\/\/www.artisanlocal.ch\/c\/?s={search_term_string}"},"query-input":{"@type":"PropertyValueSpecification","valueRequired":true,"valueName":"search_term_string"}}],"inLanguage":"fr-FR"},{"@type":"Organization","@id":"https:\/\/www.artisanlocal.ch\/c\/#organization","name":"Artisanlocal","url":"https:\/\/www.artisanlocal.ch\/c\/","logo":{"@type":"ImageObject","inLanguage":"fr-FR","@id":"https:\/\/www.artisanlocal.ch\/c\/#\/schema\/logo\/image\/","url":"https:\/\/www.artisanlocal.ch\/c\/wp-content\/uploads\/2024\/02\/logo-artisanlocal-h.svg","contentUrl":"https:\/\/www.artisanlocal.ch\/c\/wp-content\/uploads\/2024\/02\/logo-artisanlocal-h.svg","caption":"Artisanlocal"},"image":{"@id":"https:\/\/www.artisanlocal.ch\/c\/#\/schema\/logo\/image\/"}}]}},"_links":{"self":[{"href":"https:\/\/www.artisanlocal.ch\/c\/wp-json\/wp\/v2\/pages\/863","targetHints":{"allow":["GET"]}}],"collection":[{"href":"https:\/\/www.artisanlocal.ch\/c\/wp-json\/wp\/v2\/pages"}],"about":[{"href":"https:\/\/www.artisanlocal.ch\/c\/wp-json\/wp\/v2\/types\/page"}],"author":[{"embeddable":true,"href":"https:\/\/www.artisanlocal.ch\/c\/wp-json\/wp\/v2\/users\/4"}],"replies":[{"embeddable":true,"href":"https:\/\/www.artisanlocal.ch\/c\/wp-json\/wp\/v2\/comments?post=863"}],"version-history":[{"count":0,"href":"https:\/\/www.artisanlocal.ch\/c\/wp-json\/wp\/v2\/pages\/863\/revisions"}],"wp:featuredmedia":[{"embeddable":true,"href":"https:\/\/www.artisanlocal.ch\/c\/wp-json\/wp\/v2\/media\/2759"}],"wp:attachment":[{"href":"https:\/\/www.artisanlocal.ch\/c\/wp-json\/wp\/v2\/media?parent=863"}],"wp:term":[{"taxonomy":"profession","embeddable":true,"href":"https:\/\/www.artisanlocal.ch\/c\/wp-json\/wp\/v2\/profession?post=863"},{"taxonomy":"location","embeddable":true,"href":"https:\/\/www.artisanlocal.ch\/c\/wp-json\/wp\/v2\/location?post=863"},{"taxonomy":"canton","embeddable":true,"href":"https:\/\/www.artisanlocal.ch\/c\/wp-json\/wp\/v2\/canton?post=863"}],"curies":[{"name":"wp","href":"https:\/\/api.w.org\/{rel}","templated":true}]}}