{"id":864,"date":"2024-04-22T10:19:34","date_gmt":"2024-04-22T08:19:34","guid":{"rendered":"https:\/\/www.artisanlocal.ch\/c\/votre-demenageur-a-fribourg\/"},"modified":"2025-08-26T19:28:49","modified_gmt":"2025-08-26T17:28:49","slug":"votre-demenageur-a-fribourg","status":"publish","type":"page","link":"https:\/\/www.artisanlocal.ch\/c\/votre-demenageur-a-fribourg\/","title":{"rendered":"D\u00e9m\u00e9nageur Fribourg"},"content":{"rendered":"<p>Votre d\u00e9m\u00e9nagement \u00e0 Fribourg ne doit pas \u00eatre un probl\u00e8me. Si vous avez d\u00e9j\u00e0 trouv\u00e9 votre nouveau domicile et fix\u00e9 le jour de votre d\u00e9m\u00e9nagement, vous devez vous demander comment programmer aux mieux votre d\u00e9m\u00e9nagement et installation. Avec notre Artisanlocal, vous \u00e9vitez les situations stressantes, nous g\u00e9rons toutes les parties de votre d\u00e9m\u00e9nagement et am\u00e9nagement, de la location du fourgon, \u00e0 la protection de votre mobilier.<br \/>\n\r\n<div class=\"box\">\r\n            <div class=\"company-info\">\r\n            <img decoding=\"async\" class=\"company-info__logo\" src=\"https:\/\/www.artisanlocal.ch\/media\/cache\/thumb\/images\/companies\/rocco-demenagement-nettoyage.jpg\" alt=\"Logo\">\r\n            <h2 class=\"company-info__name\">Rocco D\u00e9m\u00e9nagement & Nettoyage<\/h2>\r\n            <p class=\"company-info__business\">D\u00e9m\u00e9nagements - Transports - Entreprise de nettoyage - Entretien - Conciergerie - D\u00e9barras<\/p>\r\n        <\/div>\r\n        <div class=\"company-contact\">\r\n            <p class=\"company-info__address\">Avenue Jean-Marie-Musy 12<\/p>\r\n                            <div class=\"links\">\r\n                                            <a class=\"btn has-accent-background-color js-phoneNumber\" href=\"tel:0791068988\" title=\"Appelez\" data-id=\"26952\" data-type=\"11\">079 106 89 88<\/a>\r\n                                                                <a class=\"btn has-accent-background-color\" href=\"https:\/\/www.rocco-demenagements.ch\/\" target=\"_blank\" title=\"Voir le site internet\" data-id=\"26952\" data-type=\"20\">Site internet<\/a>\r\n                                    <\/div>\r\n                    <\/div>\r\n    \r\n            \r\n<form action=\"https:\/\/www.artisanlocal.ch\/c\/wp-admin\/admin-ajax.php\" method=\"post\" class=\"form-contact\" id=\"artisan_form_contact_company_inline\">\r\n    <div><input type=\"hidden\" name=\"action\" value=\"company_contact\"><\/div>\r\n    <div><input type=\"hidden\" name=\"nonce\" value=\"3ea75e31ab\"><\/div>\r\n    <div><input type=\"hidden\" name=\"company_id\" value=\"26952\"><\/div>\r\n    <div><input type=\"hidden\" name=\"form_id\" value=\"artisan_form_contact_company_inline\"><\/div>\r\n    <div class=\"gglcptch gglcptch_v3 gglcptch_custom\"><input type=\"hidden\" id=\"g-recaptcha-response\" name=\"g-recaptcha-response\" \/><br \/><div class=\"gglcptch_error_text\">La p\u00e9riode de v\u00e9rification reCAPTCHA a expir\u00e9. Veuillez recharger la page.<\/div><\/div>    <div class=\"form-content\">\r\n        <div class=\"form-group\">\r\n            <label for=\"contact_firstName\" class=\"required\">Pr\u00e9nom<\/label>\r\n            <input type=\"text\" name=\"firstName\" class=\"form-control\" required>\r\n        <\/div>\r\n        <div class=\"form-group\">\r\n            <label for=\"contact_lastName\" class=\"required\">Nom<\/label>\r\n            <input type=\"text\" name=\"lastName\" class=\"form-control\" required>\r\n        <\/div>\r\n        <div class=\"form-group\">\r\n            <label for=\"contact_email\" class=\"required\">Email<\/label>\r\n            <input type=\"email\" name=\"email\" class=\"form-control\" required>\r\n        <\/div>\r\n        <div class=\"form-group\">\r\n            <label for=\"contact_phone\" class=\"required\">Num\u00e9ro de t\u00e9l\u00e9phone<\/label>\r\n            <input type=\"tel\" name=\"phone\" class=\"form-control\" placeholder=\"0787117165\" pattern=\"^[0-9]{10}$\" required>\r\n        <\/div>\r\n        <div class=\"form-group\">\r\n            <label for=\"contact_postalCode\" class=\"required\">Code postal et localit\u00e9<\/label>\r\n            <input type=\"text\" name=\"postalCode\" class=\"form-control\" required>\r\n        <\/div>\r\n        <div class=\"form-group\">\r\n            <label for=\"contact_address\" class=\"required\">Adresse<\/label>\r\n            <input type=\"text\" name=\"address\" class=\"form-control\" required>\r\n        <\/div>\r\n        <div class=\"full-width topic\">\r\n            <p class=\"required\">Je souhaite \u00eatre contact\u00e9 pour :<\/p>\r\n            <div class=\"form-check\">\r\n                <input type=\"radio\" name=\"topic\" value=\"D\u00e9pannage\" class=\"form-control\" required>\r\n                <label for=\"d\u00e9pannage\">D\u00e9pannage<\/label>\r\n            <\/div>\r\n            <div class=\"form-check\">\r\n                <input type=\"radio\" name=\"topic\" value=\"Entretien\" class=\"form-control\" required>\r\n                <label for=\"entretien\">Entretien<\/label>\r\n            <\/div>\r\n            <div class=\"form-check\">\r\n                <input type=\"radio\" name=\"topic\" value=\"R\u00e9novation\" class=\"form-control\" required>\r\n                <label for=\"r\u00e9novation\">R\u00e9novation<\/label>\r\n            <\/div>\r\n            <div class=\"form-check\">\r\n                <input type=\"radio\" name=\"topic\" value=\"Autre\" class=\"form-control\" required>\r\n                <label for=\"autre\">Autre<\/label>\r\n            <\/div>\r\n        <\/div>\r\n        <div class=\"form-group full-width\">\r\n            <label for=\"contact_message\">Message<\/label>\r\n            <textarea name=\"message\" rows=\"3\" class=\"form-control\"><\/textarea>\r\n        <\/div>\r\n    <\/div>\r\n    <div class=\"form-actions\">\r\n        <button class=\"wp-block-button__link has-accent-background-color\">Contacter<\/button>\r\n    <\/div>\r\n<\/form>\r\n<div class=\"form-feedback\"><\/div>    <\/div><\/p>\n<h2>Artisanlocal l&rsquo;expert du d\u00e9m\u00e9nagement \u00e0 Fribourg<\/h2>\n<p>Notre soci\u00e9t\u00e9 est situ\u00e9e au c\u0153ur de Fribourg. Nous r\u00e9alisons le d\u00e9m\u00e9nagement pour les entreprises et les particuliers. Nos d\u00e9m\u00e9nageurs sont comp\u00e9tents et exp\u00e9riment\u00e9s pour accomplir tous vos projets.<\/p>\n<h2>Pourquoi choisir Artisanlocal pour votre d\u00e9m\u00e9nagement \u00e0 Fribourg ?<\/h2>\n<h3>Une entreprise engag\u00e9e<\/h3>\n<p>Pour limiter notre empreinte carbone lors de votre d\u00e9m\u00e9nagement, nous employons des emballages biod\u00e9gradables, par ailleurs, nous r\u00e9utilisons tous les mat\u00e9riaux utilis\u00e9s lors du d\u00e9m\u00e9nagement.<\/p>\n<h3>Artisanlocal une soci\u00e9t\u00e9 joignable \u00e0 tout moment<\/h3>\n<p>Nous sommes disponibles 7 jours sur 7, pour r\u00e9aliser le d\u00e9m\u00e9nagement de votre appartement, r\u00e9sidence ou de vos boutiques et bureaux \u00e0 Fribourg.<\/p>\n<h3>Artisanlocal op\u00e8re \u00e0 Fribourg et dans les alentours<\/h3>\n<p>Nous effectuons les d\u00e9m\u00e9nagements \u00e0 Fribourg et aussi dans toutes les communes \u00e0 proximit\u00e9, comme : ..<\/p>\n<h3>Prestation de d\u00e9m\u00e9nagement dans les pays frontaliers et en Suisse<\/h3>\n<p>Si vous \u00eates un Fribourgeois, Artisanlocal vous aide pour d\u00e9m\u00e9nager dans les pays frontaliers et toutes les localit\u00e9s de Suisse.<\/p>\n<h3>Des d\u00e9m\u00e9nageurs toujours minutieux \u00e0 Fribourg<\/h3>\n<p>Nous nous engageons \u00e0 prendre toutes les pr\u00e9cautions n\u00e9cessaires pour \u00e9viter d&rsquo;abimer vos objets et meubles, \u00e0 titre d&rsquo;illustration pour vos :<\/p>\n<ul>\n<li>Planchers : nous nous assurerons de marcher avec pr\u00e9caution et \u00e0 transporter vos objets pour \u00e9viter d&rsquo;ab\u00eemer vos planchers.<\/li>\n<li>Coins : nous veillons \u00e0 prot\u00e9ger les angles de vos murs afin d&rsquo;\u00e9viter les d\u00e9gradations.<\/li>\n<li>Couloirs : nous installons des protections dans les couloirs.<\/li>\n<li>Portes : nous prot\u00e9geons vos portes contre les dommages.<\/li>\n<\/ul>\n<h3>Devis gratuits<\/h3>\n<p>Apr\u00e8s qu&rsquo;un de nos d\u00e9m\u00e9nageurs a examin\u00e9 votre projet, nous vous fournissons un devis gratuit.<\/p>\n<h2>Quels sont les types de services et de d\u00e9m\u00e9nagement que propose Artisanlocal \u00e0 Fribourg ?<\/h2>\n<h3>D\u00e9m\u00e9nagement de boutiques et de bureaux<\/h3>\n<p>Nous organisons le d\u00e9m\u00e9nagement de votre commerce ou de vos bureaux en fonction de votre planning, et de la ville de destination.<\/p>\n<h3>D\u00e9m\u00e9nagement de petit volume<\/h3>\n<p>Nous d\u00e9m\u00e9nageons les studios et les petits logements. Nous parlons d&rsquo;un d\u00e9m\u00e9nagement de petit volume pour des d\u00e9m\u00e9nagements inf\u00e9rieurs ou \u00e9gaux \u00e0 15 m\u00e8tres cubes.<\/p>\n<h3>D\u00e9m\u00e9nagements rapides<\/h3>\n<p>Artisanlocal vous aide \u00e0 vous installer dans votre nouvelle habitation le plus rapidement possible. Nous avons aussi des services d&#8217;emballage et de stockage en urgence.<\/p>\n<h3>Espace de stockage<\/h3>\n<p>Notre \u00e9quipe vient r\u00e9cup\u00e9rer vos meubles et ensuite, nous les transportons vers notre lieu de stockage \u00e0 Fribourg. Ils y seront en s\u00fbret\u00e9 pour la dur\u00e9e que vous d\u00e9sirez. Il vous suffit de nous indiquer la date \u00e0 laquelle vous souhaitez r\u00e9cup\u00e9rer vos biens, et nous vous les livrerons \u00e0 la date qui vous arrangera.<\/p>\n<h3>Emballage sur mesure pour vos objets de grande valeur<\/h3>\n<p>Vos \u0153uvres d&rsquo;art ou vos objets de grande valeur seront emball\u00e9s avec pr\u00e9cautions. Nous cr\u00e9ons des emballages adapt\u00e9s, de plus, nous recourons des \u00e9quipements de levage adapt\u00e9s pour votre d\u00e9m\u00e9nagement.<\/p>\n<h3>D\u00e9placement de pianos<\/h3>\n<p>Nous d\u00e9pla\u00e7ons votre piano en toute s\u00fbret\u00e9. Notre soci\u00e9t\u00e9 d\u00e9m\u00e9nage tous les mod\u00e8les de pianos : droits, horizontaux et interm\u00e9diaires.<\/p>\n<h3>Location de monte-meubles \u00e0 Fribourg pour d\u00e9m\u00e9nagement<\/h3>\n<p>Nous offrons une prestation de location de monte-meubles pour faciliter le transfert de vos meubles lourds en Suisse et \u00e0 Fribourg.<\/p>\n<h3>Vente de cartons pour votre d\u00e9m\u00e9nagement \u00e0 Fribourg<\/h3>\n<p>Vous recherchez des cartons de protection pour votre projet \u00e0 Fribourg ? Artisanlocal offre une gamme compl\u00e8te d&#8217;emballages et aussi : d&rsquo;accessoires, de housses de protection, et d&rsquo;adh\u00e9sifs.<\/p>\n<h2>Qu&rsquo;est-ce qui est pr\u00e9vu dans votre service de d\u00e9m\u00e9nagement ?<\/h2>\n<h3>L\u2019emballage sur mesure, pour :<\/h3>\n<ul>\n<li>les literies,<\/li>\n<li>les \u00e9crans de t\u00e9l\u00e9vision<\/li>\n<li>les fauteuils,<\/li>\n<li>les sofas<\/li>\n<li>les \u00e9lectrom\u00e9nagers,<\/li>\n<li>les ordinateurs,<\/li>\n<li>les ampoules et les lampes,<\/li>\n<li>les miroirs et tableaux.<\/li>\n<\/ul>\n<h3>Le d\u00e9montage des meubles<\/h3>\n<ul>\n<li>les tables,<\/li>\n<li>les armoires,<\/li>\n<li>les meubles,<\/li>\n<li>les supports de rangement,<\/li>\n<li>les luminaires.<\/li>\n<\/ul>\n<h2>FAQ<\/h2>\n<h3>Combien co\u00fbte un d\u00e9m\u00e9nagement \u00e0 Fribourg et en Suisse ?<\/h3>\n<p>Le co\u00fbt d&rsquo;un d\u00e9m\u00e9nagement \u00e0 Fribourg varie en fonction du volume et du nombre de pi\u00e8ces.<\/p>\n<p>Voici les prix selon le nombre de chambres et le volume :<\/p>\n<p>Pour un d\u00e9m\u00e9nagement \u00e0 Fribourg :<\/p>\n<table>\n<tbody>\n<tr>\n<td>Pour un appartement de 1-2 pi\u00e8ces<\/td>\n<td>De 350 \u00e0 600 Francs Suisses<\/td>\n<\/tr>\n<tr>\n<td>D\u2019un appartement de 2-3 pi\u00e8ces<\/td>\n<td>Entre 700 \u00e0 1300 CHF<\/td>\n<\/tr>\n<tr>\n<td>D\u2019un appartement de 3-4 pi\u00e8ces<\/td>\n<td>De 850 \u00e0 2000 Francs Suisses<\/td>\n<\/tr>\n<tr>\n<td>Pour une maison<\/td>\n<td>De 1200 \u00e0 2500 CHF<\/td>\n<\/tr>\n<\/tbody>\n<\/table>\n<p>Pour d\u00e9m\u00e9nager plus loin de 200 km :<\/p>\n<table>\n<tbody>\n<tr>\n<td>D\u2019un appartement de 1-2 pi\u00e8ces<\/td>\n<td>De 600 \u00e0 900 CHF<\/td>\n<\/tr>\n<tr>\n<td>D\u2019un appartement de 2-3 pi\u00e8ces<\/td>\n<td>De 1200 \u00e0 2500 CHF<\/td>\n<\/tr>\n<tr>\n<td>D\u2019un appartement de 3-4 pi\u00e8ces<\/td>\n<td>Entre 1800 \u00e0 3000 CHF<\/td>\n<\/tr>\n<tr>\n<td>D\u2019une maison<\/td>\n<td>Entre 2000 \u00e0 4500 Francs Suisses<\/td>\n<\/tr>\n<\/tbody>\n<\/table>\n<h3>Combien faut-il compter pour la location d\u2019un monte meuble \u00e0 Fribourg ?<\/h3>\n<p>Le prix indicatif pour le service de location d&rsquo;un monte meuble \u00e0 Fribourg est d&rsquo;environ 150 CHF par heure.<\/p>\n<h3>Quels sont les avantages d&rsquo;engager une entreprise experte dans le d\u00e9m\u00e9nagement \u00e0 Fribourg ?<\/h3>\n<p>Bien que vous \u00e9vitiez de perdre de l&rsquo;argent en faisant le d\u00e9m\u00e9nagement vous-m\u00eame, vous pouvez vous blesser (si vous n&rsquo;\u00eates pas habitu\u00e9 \u00e0 porter des charges importantes) ou vous pouvez endommager vos biens. En faisant appel \u00e0 Artisanlocal pour votre d\u00e9m\u00e9nagement, vous \u00e9conomisez du temps et vous restez en s\u00e9curit\u00e9.<\/p>\n","protected":false},"excerpt":{"rendered":"<p>Votre d\u00e9m\u00e9nagement \u00e0 Fribourg ne doit pas \u00eatre un probl\u00e8me. Si vous avez d\u00e9j\u00e0 trouv\u00e9 votre nouveau domicile et fix\u00e9 le jour de votre d\u00e9m\u00e9nagement, vous devez vous demander comment programmer aux mieux votre d\u00e9m\u00e9nagement et installation. Avec notre Artisanlocal, vous \u00e9vitez les situations stressantes, nous g\u00e9rons toutes les parties de votre d\u00e9m\u00e9nagement et am\u00e9nagement, [&hellip;]<\/p>\n","protected":false},"author":4,"featured_media":2759,"parent":0,"menu_order":0,"comment_status":"closed","ping_status":"closed","template":"","meta":{"footnotes":""},"profession":[122],"location":[10],"canton":[109],"class_list":["post-864","page","type-page","status-publish","has-post-thumbnail","hentry","profession-demenageur","location-fribourg","canton-fr"],"yoast_head":"<!-- This site is optimized with the Yoast SEO Premium plugin v25.7.1 (Yoast SEO v27.3) - https:\/\/yoast.com\/product\/yoast-seo-premium-wordpress\/ -->\n<title>D\u00e9m\u00e9nageur Fribourg - Artisanlocal<\/title>\n<meta name=\"robots\" content=\"index, follow, max-snippet:-1, max-image-preview:large, max-video-preview:-1\" \/>\n<link rel=\"canonical\" href=\"https:\/\/www.artisanlocal.ch\/c\/votre-demenageur-a-fribourg\/\" \/>\n<meta property=\"og:locale\" content=\"fr_FR\" \/>\n<meta property=\"og:type\" content=\"article\" \/>\n<meta property=\"og:title\" content=\"D\u00e9m\u00e9nageur Fribourg\" \/>\n<meta property=\"og:description\" content=\"Votre d\u00e9m\u00e9nagement \u00e0 Fribourg ne doit pas \u00eatre un probl\u00e8me. Si vous avez d\u00e9j\u00e0 trouv\u00e9 votre nouveau domicile et fix\u00e9 le jour de votre d\u00e9m\u00e9nagement, vous devez vous demander comment programmer aux mieux votre d\u00e9m\u00e9nagement et installation. Avec notre Artisanlocal, vous \u00e9vitez les situations stressantes, nous g\u00e9rons toutes les parties de votre d\u00e9m\u00e9nagement et am\u00e9nagement, [&hellip;]\" \/>\n<meta property=\"og:url\" content=\"https:\/\/www.artisanlocal.ch\/c\/votre-demenageur-a-fribourg\/\" \/>\n<meta property=\"og:site_name\" content=\"Artisanlocal\" \/>\n<meta property=\"article:modified_time\" content=\"2025-08-26T17:28:49+00:00\" \/>\n<meta property=\"og:image\" content=\"https:\/\/www.artisanlocal.ch\/c\/wp-content\/uploads\/2024\/10\/demenageur.jpg\" \/>\n\t<meta property=\"og:image:width\" content=\"1920\" \/>\n\t<meta property=\"og:image:height\" content=\"300\" \/>\n\t<meta property=\"og:image:type\" content=\"image\/jpeg\" \/>\n<meta name=\"twitter:card\" content=\"summary_large_image\" \/>\n<meta name=\"twitter:label1\" content=\"Dur\u00e9e de lecture estim\u00e9e\" \/>\n\t<meta name=\"twitter:data1\" content=\"5 minutes\" \/>\n<script type=\"application\/ld+json\" class=\"yoast-schema-graph\">{\"@context\":\"https:\\\/\\\/schema.org\",\"@graph\":[{\"@type\":\"WebPage\",\"@id\":\"https:\\\/\\\/www.artisanlocal.ch\\\/c\\\/votre-demenageur-a-fribourg\\\/\",\"url\":\"https:\\\/\\\/www.artisanlocal.ch\\\/c\\\/votre-demenageur-a-fribourg\\\/\",\"name\":\"D\u00e9m\u00e9nageur Fribourg - Artisanlocal\",\"isPartOf\":{\"@id\":\"https:\\\/\\\/www.artisanlocal.ch\\\/c\\\/#website\"},\"primaryImageOfPage\":{\"@id\":\"https:\\\/\\\/www.artisanlocal.ch\\\/c\\\/votre-demenageur-a-fribourg\\\/#primaryimage\"},\"image\":{\"@id\":\"https:\\\/\\\/www.artisanlocal.ch\\\/c\\\/votre-demenageur-a-fribourg\\\/#primaryimage\"},\"thumbnailUrl\":\"https:\\\/\\\/www.artisanlocal.ch\\\/c\\\/wp-content\\\/uploads\\\/2024\\\/10\\\/demenageur.jpg\",\"datePublished\":\"2024-04-22T08:19:34+00:00\",\"dateModified\":\"2025-08-26T17:28:49+00:00\",\"breadcrumb\":{\"@id\":\"https:\\\/\\\/www.artisanlocal.ch\\\/c\\\/votre-demenageur-a-fribourg\\\/#breadcrumb\"},\"inLanguage\":\"fr-FR\",\"potentialAction\":[{\"@type\":\"ReadAction\",\"target\":[\"https:\\\/\\\/www.artisanlocal.ch\\\/c\\\/votre-demenageur-a-fribourg\\\/\"]}]},{\"@type\":\"ImageObject\",\"inLanguage\":\"fr-FR\",\"@id\":\"https:\\\/\\\/www.artisanlocal.ch\\\/c\\\/votre-demenageur-a-fribourg\\\/#primaryimage\",\"url\":\"https:\\\/\\\/www.artisanlocal.ch\\\/c\\\/wp-content\\\/uploads\\\/2024\\\/10\\\/demenageur.jpg\",\"contentUrl\":\"https:\\\/\\\/www.artisanlocal.ch\\\/c\\\/wp-content\\\/uploads\\\/2024\\\/10\\\/demenageur.jpg\",\"width\":1920,\"height\":300},{\"@type\":\"BreadcrumbList\",\"@id\":\"https:\\\/\\\/www.artisanlocal.ch\\\/c\\\/votre-demenageur-a-fribourg\\\/#breadcrumb\",\"itemListElement\":[{\"@type\":\"ListItem\",\"position\":1,\"name\":\"Accueil\",\"item\":\"https:\\\/\\\/www.artisanlocal.ch\\\/c\\\/\"},{\"@type\":\"ListItem\",\"position\":2,\"name\":\"D\u00e9m\u00e9nageur Fribourg\"}]},{\"@type\":\"WebSite\",\"@id\":\"https:\\\/\\\/www.artisanlocal.ch\\\/c\\\/#website\",\"url\":\"https:\\\/\\\/www.artisanlocal.ch\\\/c\\\/\",\"name\":\"Artisanlocal\",\"description\":\"\",\"publisher\":{\"@id\":\"https:\\\/\\\/www.artisanlocal.ch\\\/c\\\/#organization\"},\"potentialAction\":[{\"@type\":\"SearchAction\",\"target\":{\"@type\":\"EntryPoint\",\"urlTemplate\":\"https:\\\/\\\/www.artisanlocal.ch\\\/c\\\/?s={search_term_string}\"},\"query-input\":{\"@type\":\"PropertyValueSpecification\",\"valueRequired\":true,\"valueName\":\"search_term_string\"}}],\"inLanguage\":\"fr-FR\"},{\"@type\":\"Organization\",\"@id\":\"https:\\\/\\\/www.artisanlocal.ch\\\/c\\\/#organization\",\"name\":\"Artisanlocal\",\"url\":\"https:\\\/\\\/www.artisanlocal.ch\\\/c\\\/\",\"logo\":{\"@type\":\"ImageObject\",\"inLanguage\":\"fr-FR\",\"@id\":\"https:\\\/\\\/www.artisanlocal.ch\\\/c\\\/#\\\/schema\\\/logo\\\/image\\\/\",\"url\":\"https:\\\/\\\/www.artisanlocal.ch\\\/c\\\/wp-content\\\/uploads\\\/2024\\\/02\\\/logo-artisanlocal-h.svg\",\"contentUrl\":\"https:\\\/\\\/www.artisanlocal.ch\\\/c\\\/wp-content\\\/uploads\\\/2024\\\/02\\\/logo-artisanlocal-h.svg\",\"caption\":\"Artisanlocal\"},\"image\":{\"@id\":\"https:\\\/\\\/www.artisanlocal.ch\\\/c\\\/#\\\/schema\\\/logo\\\/image\\\/\"}}]}<\/script>\n<!-- \/ Yoast SEO Premium plugin. -->","yoast_head_json":{"title":"D\u00e9m\u00e9nageur Fribourg - Artisanlocal","robots":{"index":"index","follow":"follow","max-snippet":"max-snippet:-1","max-image-preview":"max-image-preview:large","max-video-preview":"max-video-preview:-1"},"canonical":"https:\/\/www.artisanlocal.ch\/c\/votre-demenageur-a-fribourg\/","og_locale":"fr_FR","og_type":"article","og_title":"D\u00e9m\u00e9nageur Fribourg","og_description":"Votre d\u00e9m\u00e9nagement \u00e0 Fribourg ne doit pas \u00eatre un probl\u00e8me. Si vous avez d\u00e9j\u00e0 trouv\u00e9 votre nouveau domicile et fix\u00e9 le jour de votre d\u00e9m\u00e9nagement, vous devez vous demander comment programmer aux mieux votre d\u00e9m\u00e9nagement et installation. Avec notre Artisanlocal, vous \u00e9vitez les situations stressantes, nous g\u00e9rons toutes les parties de votre d\u00e9m\u00e9nagement et am\u00e9nagement, [&hellip;]","og_url":"https:\/\/www.artisanlocal.ch\/c\/votre-demenageur-a-fribourg\/","og_site_name":"Artisanlocal","article_modified_time":"2025-08-26T17:28:49+00:00","og_image":[{"width":1920,"height":300,"url":"https:\/\/www.artisanlocal.ch\/c\/wp-content\/uploads\/2024\/10\/demenageur.jpg","type":"image\/jpeg"}],"twitter_card":"summary_large_image","twitter_misc":{"Dur\u00e9e de lecture estim\u00e9e":"5 minutes"},"schema":{"@context":"https:\/\/schema.org","@graph":[{"@type":"WebPage","@id":"https:\/\/www.artisanlocal.ch\/c\/votre-demenageur-a-fribourg\/","url":"https:\/\/www.artisanlocal.ch\/c\/votre-demenageur-a-fribourg\/","name":"D\u00e9m\u00e9nageur Fribourg - Artisanlocal","isPartOf":{"@id":"https:\/\/www.artisanlocal.ch\/c\/#website"},"primaryImageOfPage":{"@id":"https:\/\/www.artisanlocal.ch\/c\/votre-demenageur-a-fribourg\/#primaryimage"},"image":{"@id":"https:\/\/www.artisanlocal.ch\/c\/votre-demenageur-a-fribourg\/#primaryimage"},"thumbnailUrl":"https:\/\/www.artisanlocal.ch\/c\/wp-content\/uploads\/2024\/10\/demenageur.jpg","datePublished":"2024-04-22T08:19:34+00:00","dateModified":"2025-08-26T17:28:49+00:00","breadcrumb":{"@id":"https:\/\/www.artisanlocal.ch\/c\/votre-demenageur-a-fribourg\/#breadcrumb"},"inLanguage":"fr-FR","potentialAction":[{"@type":"ReadAction","target":["https:\/\/www.artisanlocal.ch\/c\/votre-demenageur-a-fribourg\/"]}]},{"@type":"ImageObject","inLanguage":"fr-FR","@id":"https:\/\/www.artisanlocal.ch\/c\/votre-demenageur-a-fribourg\/#primaryimage","url":"https:\/\/www.artisanlocal.ch\/c\/wp-content\/uploads\/2024\/10\/demenageur.jpg","contentUrl":"https:\/\/www.artisanlocal.ch\/c\/wp-content\/uploads\/2024\/10\/demenageur.jpg","width":1920,"height":300},{"@type":"BreadcrumbList","@id":"https:\/\/www.artisanlocal.ch\/c\/votre-demenageur-a-fribourg\/#breadcrumb","itemListElement":[{"@type":"ListItem","position":1,"name":"Accueil","item":"https:\/\/www.artisanlocal.ch\/c\/"},{"@type":"ListItem","position":2,"name":"D\u00e9m\u00e9nageur Fribourg"}]},{"@type":"WebSite","@id":"https:\/\/www.artisanlocal.ch\/c\/#website","url":"https:\/\/www.artisanlocal.ch\/c\/","name":"Artisanlocal","description":"","publisher":{"@id":"https:\/\/www.artisanlocal.ch\/c\/#organization"},"potentialAction":[{"@type":"SearchAction","target":{"@type":"EntryPoint","urlTemplate":"https:\/\/www.artisanlocal.ch\/c\/?s={search_term_string}"},"query-input":{"@type":"PropertyValueSpecification","valueRequired":true,"valueName":"search_term_string"}}],"inLanguage":"fr-FR"},{"@type":"Organization","@id":"https:\/\/www.artisanlocal.ch\/c\/#organization","name":"Artisanlocal","url":"https:\/\/www.artisanlocal.ch\/c\/","logo":{"@type":"ImageObject","inLanguage":"fr-FR","@id":"https:\/\/www.artisanlocal.ch\/c\/#\/schema\/logo\/image\/","url":"https:\/\/www.artisanlocal.ch\/c\/wp-content\/uploads\/2024\/02\/logo-artisanlocal-h.svg","contentUrl":"https:\/\/www.artisanlocal.ch\/c\/wp-content\/uploads\/2024\/02\/logo-artisanlocal-h.svg","caption":"Artisanlocal"},"image":{"@id":"https:\/\/www.artisanlocal.ch\/c\/#\/schema\/logo\/image\/"}}]}},"_links":{"self":[{"href":"https:\/\/www.artisanlocal.ch\/c\/wp-json\/wp\/v2\/pages\/864","targetHints":{"allow":["GET"]}}],"collection":[{"href":"https:\/\/www.artisanlocal.ch\/c\/wp-json\/wp\/v2\/pages"}],"about":[{"href":"https:\/\/www.artisanlocal.ch\/c\/wp-json\/wp\/v2\/types\/page"}],"author":[{"embeddable":true,"href":"https:\/\/www.artisanlocal.ch\/c\/wp-json\/wp\/v2\/users\/4"}],"replies":[{"embeddable":true,"href":"https:\/\/www.artisanlocal.ch\/c\/wp-json\/wp\/v2\/comments?post=864"}],"version-history":[{"count":0,"href":"https:\/\/www.artisanlocal.ch\/c\/wp-json\/wp\/v2\/pages\/864\/revisions"}],"wp:featuredmedia":[{"embeddable":true,"href":"https:\/\/www.artisanlocal.ch\/c\/wp-json\/wp\/v2\/media\/2759"}],"wp:attachment":[{"href":"https:\/\/www.artisanlocal.ch\/c\/wp-json\/wp\/v2\/media?parent=864"}],"wp:term":[{"taxonomy":"profession","embeddable":true,"href":"https:\/\/www.artisanlocal.ch\/c\/wp-json\/wp\/v2\/profession?post=864"},{"taxonomy":"location","embeddable":true,"href":"https:\/\/www.artisanlocal.ch\/c\/wp-json\/wp\/v2\/location?post=864"},{"taxonomy":"canton","embeddable":true,"href":"https:\/\/www.artisanlocal.ch\/c\/wp-json\/wp\/v2\/canton?post=864"}],"curies":[{"name":"wp","href":"https:\/\/api.w.org\/{rel}","templated":true}]}}