{"id":869,"date":"2024-04-23T03:17:10","date_gmt":"2024-04-23T01:17:10","guid":{"rendered":"https:\/\/www.artisanlocal.ch\/c\/facilitez-votre-demenagement-a-le-locle\/"},"modified":"2025-08-26T19:28:13","modified_gmt":"2025-08-26T17:28:13","slug":"facilitez-votre-demenagement-a-le-locle","status":"publish","type":"page","link":"https:\/\/www.artisanlocal.ch\/c\/facilitez-votre-demenagement-a-le-locle\/","title":{"rendered":"D\u00e9m\u00e9nageur au Locle"},"content":{"rendered":"<p>D\u00e9m\u00e9nager au Locle ne doit pas \u00eatre un probl\u00e8me. Si vous avez d\u00e9j\u00e0 trouv\u00e9 votre nouvel appartement et fix\u00e9 la date de votre d\u00e9m\u00e9nagement, vous devez vous interroger sur comment pr\u00e9voir aux mieux votre d\u00e9m\u00e9nagement et installation ? En engageant notre entreprise au Locle, vous gagnez du temps, nous nous occupons de toutes les parties de votre d\u00e9m\u00e9nagement, de la r\u00e9servation du v\u00e9hicule, \u00e0 la protection de votre mobilier.<br \/>\n\r\n<div class=\"box\">\r\n            <div class=\"company-info\">\r\n            <img decoding=\"async\" class=\"company-info__logo\" src=\"https:\/\/www.artisanlocal.ch\/media\/cache\/thumb\/images\/companies\/ald-services-sarl.jpg\" alt=\"Logo\">\r\n            <h2 class=\"company-info__name\">ALD Services S\u00e0rl<\/h2>\r\n            <p class=\"company-info__business\">Entreprise de nettoyage - Conciergerie, entretien d'immeuble - D\u00e9m\u00e9nagements<\/p>\r\n        <\/div>\r\n        <div class=\"company-contact\">\r\n            <p class=\"company-info__address\">Les Raies 2<\/p>\r\n                            <div class=\"links\">\r\n                                            <a class=\"btn has-accent-background-color js-phoneNumber\" href=\"tel:0798194795\" title=\"Appelez\" data-id=\"26973\" data-type=\"11\">079 819 47 95<\/a>\r\n                                                                <a class=\"btn has-accent-background-color\" href=\"https:\/\/ald-services.digitalone.site\/\" target=\"_blank\" title=\"Voir le site internet\" data-id=\"26973\" data-type=\"20\">Site internet<\/a>\r\n                                    <\/div>\r\n                    <\/div>\r\n    \r\n            \r\n<form action=\"https:\/\/www.artisanlocal.ch\/c\/wp-admin\/admin-ajax.php\" method=\"post\" class=\"form-contact\" id=\"artisan_form_contact_company_inline\">\r\n    <div><input type=\"hidden\" name=\"action\" value=\"company_contact\"><\/div>\r\n    <div><input type=\"hidden\" name=\"nonce\" value=\"85ec494698\"><\/div>\r\n    <div><input type=\"hidden\" name=\"company_id\" value=\"26973\"><\/div>\r\n    <div><input type=\"hidden\" name=\"form_id\" value=\"artisan_form_contact_company_inline\"><\/div>\r\n    <div class=\"gglcptch gglcptch_v3 gglcptch_custom\"><input type=\"hidden\" id=\"g-recaptcha-response\" name=\"g-recaptcha-response\" \/><br \/><div class=\"gglcptch_error_text\">La p\u00e9riode de v\u00e9rification reCAPTCHA a expir\u00e9. Veuillez recharger la page.<\/div><\/div>    <div class=\"form-content\">\r\n        <div class=\"form-group\">\r\n            <label for=\"contact_firstName\" class=\"required\">Pr\u00e9nom<\/label>\r\n            <input type=\"text\" name=\"firstName\" class=\"form-control\" required>\r\n        <\/div>\r\n        <div class=\"form-group\">\r\n            <label for=\"contact_lastName\" class=\"required\">Nom<\/label>\r\n            <input type=\"text\" name=\"lastName\" class=\"form-control\" required>\r\n        <\/div>\r\n        <div class=\"form-group\">\r\n            <label for=\"contact_email\" class=\"required\">Email<\/label>\r\n            <input type=\"email\" name=\"email\" class=\"form-control\" required>\r\n        <\/div>\r\n        <div class=\"form-group\">\r\n            <label for=\"contact_phone\" class=\"required\">Num\u00e9ro de t\u00e9l\u00e9phone<\/label>\r\n            <input type=\"tel\" name=\"phone\" class=\"form-control\" placeholder=\"0787117165\" pattern=\"^[0-9]{10}$\" required>\r\n        <\/div>\r\n        <div class=\"form-group\">\r\n            <label for=\"contact_postalCode\" class=\"required\">Code postal et localit\u00e9<\/label>\r\n            <input type=\"text\" name=\"postalCode\" class=\"form-control\" required>\r\n        <\/div>\r\n        <div class=\"form-group\">\r\n            <label for=\"contact_address\" class=\"required\">Adresse<\/label>\r\n            <input type=\"text\" name=\"address\" class=\"form-control\" required>\r\n        <\/div>\r\n        <div class=\"full-width topic\">\r\n            <p class=\"required\">Je souhaite \u00eatre contact\u00e9 pour :<\/p>\r\n            <div class=\"form-check\">\r\n                <input type=\"radio\" name=\"topic\" value=\"D\u00e9pannage\" class=\"form-control\" required>\r\n                <label for=\"d\u00e9pannage\">D\u00e9pannage<\/label>\r\n            <\/div>\r\n            <div class=\"form-check\">\r\n                <input type=\"radio\" name=\"topic\" value=\"Entretien\" class=\"form-control\" required>\r\n                <label for=\"entretien\">Entretien<\/label>\r\n            <\/div>\r\n            <div class=\"form-check\">\r\n                <input type=\"radio\" name=\"topic\" value=\"R\u00e9novation\" class=\"form-control\" required>\r\n                <label for=\"r\u00e9novation\">R\u00e9novation<\/label>\r\n            <\/div>\r\n            <div class=\"form-check\">\r\n                <input type=\"radio\" name=\"topic\" value=\"Autre\" class=\"form-control\" required>\r\n                <label for=\"autre\">Autre<\/label>\r\n            <\/div>\r\n        <\/div>\r\n        <div class=\"form-group full-width\">\r\n            <label for=\"contact_message\">Message<\/label>\r\n            <textarea name=\"message\" rows=\"3\" class=\"form-control\"><\/textarea>\r\n        <\/div>\r\n    <\/div>\r\n    <div class=\"form-actions\">\r\n        <button class=\"wp-block-button__link has-accent-background-color\">Contacter<\/button>\r\n    <\/div>\r\n<\/form>\r\n<div class=\"form-feedback\"><\/div>    <\/div><\/p>\n<h2>Artisanlocal une soci\u00e9t\u00e9 de confiance pour votre d\u00e9m\u00e9nagement au Locle<\/h2>\n<p>Notre soci\u00e9t\u00e9 est situ\u00e9e au Locle depuis d\u00e8s ann\u00e9es. Artisanlocal est sp\u00e9cialis\u00e9 dans les d\u00e9m\u00e9nagements d&rsquo;entreprises et de particuliers. Nos d\u00e9m\u00e9nageurs sont exp\u00e9riment\u00e9s et form\u00e9s aux derni\u00e8res techniques pour faire tous vos projets.<\/p>\n<h2>Pourquoi choisir Artisanlocal pour votre d\u00e9m\u00e9nagement au Locle ?<\/h2>\n<h3>Une entreprise \u00e9coresponsable<\/h3>\n<p>Pour limiter notre empreinte carbone pendant votre d\u00e9m\u00e9nagement, nous utilisons des emballages biod\u00e9gradables, par ailleurs, nous recyclons tous les mat\u00e9riaux employ\u00e9s lors du d\u00e9m\u00e9nagement.<\/p>\n<h3>Une soci\u00e9t\u00e9 de d\u00e9m\u00e9nagement tout le temps disponible<\/h3>\n<p>Nous sommes disponibles 7 jours sur 7, pour effectuer le d\u00e9m\u00e9nagement de votre appartement, habitation ou de vos locaux commerciaux au Locle.<\/p>\n<h3>Prestation de d\u00e9m\u00e9nagement au Locle et dans les localit\u00e9s aux alentours<\/h3>\n<p>Notre entreprise op\u00e8re au Locle et dans les localit\u00e9s voisines, telles que : Noiraigue, Travers, Couvet, M\u00f4tiers NE, Boveresse, Fleurier, Buttes, Mont-de-Buttes, La C\u00f4te-aux-F\u00e9es, St-Sulpice NE, Les Sagnettes, Les Verri\u00e8res, Les Bayards, Brot-Dessous, Fretereules, Petit-Martel, Les Ponts-de-Martel, Brot-Plamboz, Le Pr\u00e9voux, La Chaux-du-Milieu, La Br\u00e9vine, La Ch\u00e2tagne, Le Brouillet, Les Taill\u00e8res, Le Cerneux-P\u00e9quignot, Les Brenets..<\/p>\n<h3>D\u00e9m\u00e9nagement et installation \u00e0 l&rsquo;international et dans toute la Suisse<\/h3>\n<p>Si vous r\u00e9sidez au Locle, nous pouvons organiser votre d\u00e9m\u00e9nagement dans tous les pays frontaliers et les villes de Suisse.<\/p>\n<h3>Des d\u00e9m\u00e9nageurs toujours pr\u00e9cautionneux au Locle<\/h3>\n<p>Notre entreprise s&rsquo;engage \u00e0 prendre toutes les mesures possibles afin d&rsquo;\u00e9viter d&rsquo;occasionner des dommages, notamment pour vos :<\/p>\n<ul>\n<li>Sols : lors de votre d\u00e9m\u00e9nagement, nous veillerons \u00e0 marcher avec prudence et \u00e0 transporter vos biens dans le but d&rsquo;\u00e9viter de rayer votre plancher.<\/li>\n<li>Angles : nous couvrons les angles de vos murs pour \u00e9viter les dommages.<\/li>\n<li>Couloirs : avant le d\u00e9m\u00e9nagement de vos meubles et de votre \u00e9lectrom\u00e9nager, nous pla\u00e7ons des protections dans vos couloirs, pour pr\u00e9venir les dommages.<\/li>\n<li>Portes : nous prenons soin de transporter vos objets pour \u00e9viter les traces de rayures sur vos portes.<\/li>\n<\/ul>\n<h3>\u00c9stimations gratuites<\/h3>\n<p>Apr\u00e8s qu\u2019un de nos d\u00e9m\u00e9nageurs est examin\u00e9 votre projet, notre entreprise vous transmet une estimation gratuite.<\/p>\n<h2>Quels sont les types de services et de d\u00e9m\u00e9nagement que propose Artisanlocal au Locle ?<\/h2>\n<h3>D\u00e9m\u00e9nagement de boutiques et de bureaux<\/h3>\n<p>Nous programmons le d\u00e9m\u00e9nagement de votre commerce ou de vos bureaux en fonction de votre calendrier, et de la ville d&rsquo;arriv\u00e9e.<\/p>\n<h3>Petits d\u00e9m\u00e9nagements<\/h3>\n<p>Nous r\u00e9alisons le d\u00e9m\u00e9nagement des petits logements. C&rsquo;est un d\u00e9m\u00e9nagement pour des volumes inf\u00e9rieurs \u00e0 15 m\u00b3.<\/p>\n<h3>D\u00e9m\u00e9nagements en urgence<\/h3>\n<p>Artisanlocal vous aide \u00e0 vous installer dans votre nouvelle maison rapidement. Nous offrons par ailleurs des services de stockage et d&#8217;emballage en urgence.<\/p>\n<h3>Espace de stockage<\/h3>\n<p>Nous venons r\u00e9cup\u00e9rer vos biens et ensuite, nous les transportons vers notre d\u00e9p\u00f4t au Locle. Ils seront entrepos\u00e9s pendant la p\u00e9riode que vous avez choisie. Il vous suffit de nous mentionner la date \u00e0 laquelle vous voulez chercher vos affaires, et nous vous les remettrons \u00e0 l&rsquo;heure qui vous arrangera.<\/p>\n<h3>Emballage des objets de valeur<\/h3>\n<p>Vos objets pr\u00e9cieux et les \u0153uvres d&rsquo;art seront envelopp\u00e9s avec soin. Nous \u00e9laborons des cartons sur mesure et nous les enveloppons, de plus, nous utilisons des appareils de levage adapt\u00e9s \u00e0 vos meubles et objets.<\/p>\n<h3>D\u00e9placement de pianos<\/h3>\n<p>Nous d\u00e9m\u00e9nageons votre piano en toute s\u00fbret\u00e9. Notre soci\u00e9t\u00e9 d\u00e9m\u00e9nage tous mod\u00e8les de pianos : interm\u00e9diaires, droits et horizontaux.<\/p>\n<h3>Service de location monte-meubles au Locle<\/h3>\n<p>Nous proposons une prestation de location de monte-meubles pour simplifier le d\u00e9placement de vos meubles massifs en Suisse et au Locle.<\/p>\n<h3>Acheter des cartons pour votre d\u00e9m\u00e9nagement en emm\u00e9nagement au Locle<\/h3>\n<p>Vous avez besoin de protection pour votre emm\u00e9nagement et d\u00e9m\u00e9nagement au Locle ? Chez Artisanlocal, nous offrons \u00e0 nos clients des cartons de d\u00e9m\u00e9nagement et des \u00e9quipements de protection adapt\u00e9s.<\/p>\n<h2>Qu&rsquo;est-ce qui est pr\u00e9vu dans votre service de d\u00e9m\u00e9nagement ?<\/h2>\n<h3>L&#8217;emballage personnalis\u00e9, pour :<\/h3>\n<ul>\n<li>Les literies,<\/li>\n<li>les t\u00e9l\u00e9viseurs<\/li>\n<li>les fauteuils,<\/li>\n<li>les canap\u00e9s<\/li>\n<li>les \u00e9lectrom\u00e9nagers,<\/li>\n<li>les ordinateurs,<\/li>\n<li>les lampes et ampoules,<\/li>\n<li>les miroirs et tableaux.<\/li>\n<\/ul>\n<h3>Le d\u00e9montage des meubles<\/h3>\n<ul>\n<li>Les tables,<\/li>\n<li>les armoires,<\/li>\n<li>les mobiliers,<\/li>\n<li>les \u00e9tag\u00e8res,<\/li>\n<li>les luminaires.<\/li>\n<\/ul>\n<h2>Aide et r\u00e9ponses<\/h2>\n<h3>Quel budget pour un d\u00e9m\u00e9nagement au Locle et en Suisse ?<\/h3>\n<p>La somme \u00e0 pr\u00e9voir pour un d\u00e9m\u00e9nagement au Locle change en fonction du volume et du nombre de pi\u00e8ces.<\/p>\n<p>Voici les prix (\u00e0 titre indicatif) en fonction du nombre de pi\u00e8ces :<\/p>\n<p>Pour un d\u00e9m\u00e9nagement au Locle :<\/p>\n<table>\n<tbody>\n<tr>\n<td>D\u2019un appartement de 1-2 pi\u00e8ces<\/td>\n<td>De 350 \u00e0 600 CHF<\/td>\n<\/tr>\n<tr>\n<td>Pour un appartement de 2-3 pi\u00e8ces<\/td>\n<td>Entre 700 \u00e0 1300 CHF<\/td>\n<\/tr>\n<tr>\n<td>Pour un appartement entre 3-4 pi\u00e8ces<\/td>\n<td>De 850 \u00e0 2000 CHF<\/td>\n<\/tr>\n<tr>\n<td>Pour une maison<\/td>\n<td>De 1200 \u00e0 2500 CHF<\/td>\n<\/tr>\n<\/tbody>\n<\/table>\n<p>Pour un d\u00e9m\u00e9nagement au-del\u00e0 de 200 km :<\/p>\n<table>\n<tbody>\n<tr>\n<td>D\u2019un appartement de 1-2 pi\u00e8ces<\/td>\n<td>Entre 600 \u00e0 900 CHF<\/td>\n<\/tr>\n<tr>\n<td>Pour un appartement de 2-3 pi\u00e8ces<\/td>\n<td>Entre 1200 \u00e0 2500 Francs Suisses<\/td>\n<\/tr>\n<tr>\n<td>Pour un appartement de 3-4 pi\u00e8ces<\/td>\n<td>Entre 1800 \u00e0 3000 CHF<\/td>\n<\/tr>\n<tr>\n<td>Pour une maison<\/td>\n<td>Entre 2000 \u00e0 4500 CHF<\/td>\n<\/tr>\n<\/tbody>\n<\/table>\n<h3>Quel est le montant pour la location d&rsquo;un monte-meuble au Locle ?<\/h3>\n<p>Le prix indicatif pour le service de location d&rsquo;un monte meuble au Locle est approximativement 150 Francs Suisses par heure.<\/p>\n<h3>Pourquoi faire appel \u00e0 une soci\u00e9t\u00e9 de d\u00e9m\u00e9nagement au Locle ?<\/h3>\n<p>M\u00eame si vous \u00e9conomisez de l&rsquo;argent en faisant le d\u00e9m\u00e9nagement vous-m\u00eame, vous pouvez vous faire mal (si vous n\u2019avez pas l\u2019habitude de porter des charges lourdes) ou d\u2019endommager vos meubles au cours du d\u00e9m\u00e9nagement. En engageant Artisanlocal pour votre d\u00e9m\u00e9nagement, vous gagnez du temps et vous restez en s\u00e9curit\u00e9.<\/p>\n","protected":false},"excerpt":{"rendered":"<p>D\u00e9m\u00e9nager au Locle ne doit pas \u00eatre un probl\u00e8me. Si vous avez d\u00e9j\u00e0 trouv\u00e9 votre nouvel appartement et fix\u00e9 la date de votre d\u00e9m\u00e9nagement, vous devez vous interroger sur comment pr\u00e9voir aux mieux votre d\u00e9m\u00e9nagement et installation ? En engageant notre entreprise au Locle, vous gagnez du temps, nous nous occupons de toutes les parties [&hellip;]<\/p>\n","protected":false},"author":4,"featured_media":2759,"parent":0,"menu_order":0,"comment_status":"closed","ping_status":"closed","template":"","meta":{"footnotes":""},"profession":[122],"location":[83],"canton":[114],"class_list":["post-869","page","type-page","status-publish","has-post-thumbnail","hentry","profession-demenageur","location-le-locle","canton-ne"],"yoast_head":"<!-- This site is optimized with the Yoast SEO Premium plugin v25.7.1 (Yoast SEO v27.3) - https:\/\/yoast.com\/product\/yoast-seo-premium-wordpress\/ -->\n<title>D\u00e9m\u00e9nageur au Locle - Artisanlocal<\/title>\n<meta name=\"robots\" content=\"index, follow, max-snippet:-1, max-image-preview:large, max-video-preview:-1\" \/>\n<link rel=\"canonical\" href=\"https:\/\/www.artisanlocal.ch\/c\/facilitez-votre-demenagement-a-le-locle\/\" \/>\n<meta property=\"og:locale\" content=\"fr_FR\" \/>\n<meta property=\"og:type\" content=\"article\" \/>\n<meta property=\"og:title\" content=\"D\u00e9m\u00e9nageur au Locle\" \/>\n<meta property=\"og:description\" content=\"D\u00e9m\u00e9nager au Locle ne doit pas \u00eatre un probl\u00e8me. Si vous avez d\u00e9j\u00e0 trouv\u00e9 votre nouvel appartement et fix\u00e9 la date de votre d\u00e9m\u00e9nagement, vous devez vous interroger sur comment pr\u00e9voir aux mieux votre d\u00e9m\u00e9nagement et installation ? En engageant notre entreprise au Locle, vous gagnez du temps, nous nous occupons de toutes les parties [&hellip;]\" \/>\n<meta property=\"og:url\" content=\"https:\/\/www.artisanlocal.ch\/c\/facilitez-votre-demenagement-a-le-locle\/\" \/>\n<meta property=\"og:site_name\" content=\"Artisanlocal\" \/>\n<meta property=\"article:modified_time\" content=\"2025-08-26T17:28:13+00:00\" \/>\n<meta property=\"og:image\" content=\"https:\/\/www.artisanlocal.ch\/c\/wp-content\/uploads\/2024\/10\/demenageur.jpg\" \/>\n\t<meta property=\"og:image:width\" content=\"1920\" \/>\n\t<meta property=\"og:image:height\" content=\"300\" \/>\n\t<meta property=\"og:image:type\" content=\"image\/jpeg\" \/>\n<meta name=\"twitter:card\" content=\"summary_large_image\" \/>\n<meta name=\"twitter:label1\" content=\"Dur\u00e9e de lecture estim\u00e9e\" \/>\n\t<meta name=\"twitter:data1\" content=\"5 minutes\" \/>\n<script type=\"application\/ld+json\" class=\"yoast-schema-graph\">{\"@context\":\"https:\\\/\\\/schema.org\",\"@graph\":[{\"@type\":\"WebPage\",\"@id\":\"https:\\\/\\\/www.artisanlocal.ch\\\/c\\\/facilitez-votre-demenagement-a-le-locle\\\/\",\"url\":\"https:\\\/\\\/www.artisanlocal.ch\\\/c\\\/facilitez-votre-demenagement-a-le-locle\\\/\",\"name\":\"D\u00e9m\u00e9nageur au Locle - Artisanlocal\",\"isPartOf\":{\"@id\":\"https:\\\/\\\/www.artisanlocal.ch\\\/c\\\/#website\"},\"primaryImageOfPage\":{\"@id\":\"https:\\\/\\\/www.artisanlocal.ch\\\/c\\\/facilitez-votre-demenagement-a-le-locle\\\/#primaryimage\"},\"image\":{\"@id\":\"https:\\\/\\\/www.artisanlocal.ch\\\/c\\\/facilitez-votre-demenagement-a-le-locle\\\/#primaryimage\"},\"thumbnailUrl\":\"https:\\\/\\\/www.artisanlocal.ch\\\/c\\\/wp-content\\\/uploads\\\/2024\\\/10\\\/demenageur.jpg\",\"datePublished\":\"2024-04-23T01:17:10+00:00\",\"dateModified\":\"2025-08-26T17:28:13+00:00\",\"breadcrumb\":{\"@id\":\"https:\\\/\\\/www.artisanlocal.ch\\\/c\\\/facilitez-votre-demenagement-a-le-locle\\\/#breadcrumb\"},\"inLanguage\":\"fr-FR\",\"potentialAction\":[{\"@type\":\"ReadAction\",\"target\":[\"https:\\\/\\\/www.artisanlocal.ch\\\/c\\\/facilitez-votre-demenagement-a-le-locle\\\/\"]}]},{\"@type\":\"ImageObject\",\"inLanguage\":\"fr-FR\",\"@id\":\"https:\\\/\\\/www.artisanlocal.ch\\\/c\\\/facilitez-votre-demenagement-a-le-locle\\\/#primaryimage\",\"url\":\"https:\\\/\\\/www.artisanlocal.ch\\\/c\\\/wp-content\\\/uploads\\\/2024\\\/10\\\/demenageur.jpg\",\"contentUrl\":\"https:\\\/\\\/www.artisanlocal.ch\\\/c\\\/wp-content\\\/uploads\\\/2024\\\/10\\\/demenageur.jpg\",\"width\":1920,\"height\":300},{\"@type\":\"BreadcrumbList\",\"@id\":\"https:\\\/\\\/www.artisanlocal.ch\\\/c\\\/facilitez-votre-demenagement-a-le-locle\\\/#breadcrumb\",\"itemListElement\":[{\"@type\":\"ListItem\",\"position\":1,\"name\":\"Accueil\",\"item\":\"https:\\\/\\\/www.artisanlocal.ch\\\/c\\\/\"},{\"@type\":\"ListItem\",\"position\":2,\"name\":\"D\u00e9m\u00e9nageur au Locle\"}]},{\"@type\":\"WebSite\",\"@id\":\"https:\\\/\\\/www.artisanlocal.ch\\\/c\\\/#website\",\"url\":\"https:\\\/\\\/www.artisanlocal.ch\\\/c\\\/\",\"name\":\"Artisanlocal\",\"description\":\"\",\"publisher\":{\"@id\":\"https:\\\/\\\/www.artisanlocal.ch\\\/c\\\/#organization\"},\"potentialAction\":[{\"@type\":\"SearchAction\",\"target\":{\"@type\":\"EntryPoint\",\"urlTemplate\":\"https:\\\/\\\/www.artisanlocal.ch\\\/c\\\/?s={search_term_string}\"},\"query-input\":{\"@type\":\"PropertyValueSpecification\",\"valueRequired\":true,\"valueName\":\"search_term_string\"}}],\"inLanguage\":\"fr-FR\"},{\"@type\":\"Organization\",\"@id\":\"https:\\\/\\\/www.artisanlocal.ch\\\/c\\\/#organization\",\"name\":\"Artisanlocal\",\"url\":\"https:\\\/\\\/www.artisanlocal.ch\\\/c\\\/\",\"logo\":{\"@type\":\"ImageObject\",\"inLanguage\":\"fr-FR\",\"@id\":\"https:\\\/\\\/www.artisanlocal.ch\\\/c\\\/#\\\/schema\\\/logo\\\/image\\\/\",\"url\":\"https:\\\/\\\/www.artisanlocal.ch\\\/c\\\/wp-content\\\/uploads\\\/2024\\\/02\\\/logo-artisanlocal-h.svg\",\"contentUrl\":\"https:\\\/\\\/www.artisanlocal.ch\\\/c\\\/wp-content\\\/uploads\\\/2024\\\/02\\\/logo-artisanlocal-h.svg\",\"caption\":\"Artisanlocal\"},\"image\":{\"@id\":\"https:\\\/\\\/www.artisanlocal.ch\\\/c\\\/#\\\/schema\\\/logo\\\/image\\\/\"}}]}<\/script>\n<!-- \/ Yoast SEO Premium plugin. -->","yoast_head_json":{"title":"D\u00e9m\u00e9nageur au Locle - Artisanlocal","robots":{"index":"index","follow":"follow","max-snippet":"max-snippet:-1","max-image-preview":"max-image-preview:large","max-video-preview":"max-video-preview:-1"},"canonical":"https:\/\/www.artisanlocal.ch\/c\/facilitez-votre-demenagement-a-le-locle\/","og_locale":"fr_FR","og_type":"article","og_title":"D\u00e9m\u00e9nageur au Locle","og_description":"D\u00e9m\u00e9nager au Locle ne doit pas \u00eatre un probl\u00e8me. Si vous avez d\u00e9j\u00e0 trouv\u00e9 votre nouvel appartement et fix\u00e9 la date de votre d\u00e9m\u00e9nagement, vous devez vous interroger sur comment pr\u00e9voir aux mieux votre d\u00e9m\u00e9nagement et installation ? En engageant notre entreprise au Locle, vous gagnez du temps, nous nous occupons de toutes les parties [&hellip;]","og_url":"https:\/\/www.artisanlocal.ch\/c\/facilitez-votre-demenagement-a-le-locle\/","og_site_name":"Artisanlocal","article_modified_time":"2025-08-26T17:28:13+00:00","og_image":[{"width":1920,"height":300,"url":"https:\/\/www.artisanlocal.ch\/c\/wp-content\/uploads\/2024\/10\/demenageur.jpg","type":"image\/jpeg"}],"twitter_card":"summary_large_image","twitter_misc":{"Dur\u00e9e de lecture estim\u00e9e":"5 minutes"},"schema":{"@context":"https:\/\/schema.org","@graph":[{"@type":"WebPage","@id":"https:\/\/www.artisanlocal.ch\/c\/facilitez-votre-demenagement-a-le-locle\/","url":"https:\/\/www.artisanlocal.ch\/c\/facilitez-votre-demenagement-a-le-locle\/","name":"D\u00e9m\u00e9nageur au Locle - Artisanlocal","isPartOf":{"@id":"https:\/\/www.artisanlocal.ch\/c\/#website"},"primaryImageOfPage":{"@id":"https:\/\/www.artisanlocal.ch\/c\/facilitez-votre-demenagement-a-le-locle\/#primaryimage"},"image":{"@id":"https:\/\/www.artisanlocal.ch\/c\/facilitez-votre-demenagement-a-le-locle\/#primaryimage"},"thumbnailUrl":"https:\/\/www.artisanlocal.ch\/c\/wp-content\/uploads\/2024\/10\/demenageur.jpg","datePublished":"2024-04-23T01:17:10+00:00","dateModified":"2025-08-26T17:28:13+00:00","breadcrumb":{"@id":"https:\/\/www.artisanlocal.ch\/c\/facilitez-votre-demenagement-a-le-locle\/#breadcrumb"},"inLanguage":"fr-FR","potentialAction":[{"@type":"ReadAction","target":["https:\/\/www.artisanlocal.ch\/c\/facilitez-votre-demenagement-a-le-locle\/"]}]},{"@type":"ImageObject","inLanguage":"fr-FR","@id":"https:\/\/www.artisanlocal.ch\/c\/facilitez-votre-demenagement-a-le-locle\/#primaryimage","url":"https:\/\/www.artisanlocal.ch\/c\/wp-content\/uploads\/2024\/10\/demenageur.jpg","contentUrl":"https:\/\/www.artisanlocal.ch\/c\/wp-content\/uploads\/2024\/10\/demenageur.jpg","width":1920,"height":300},{"@type":"BreadcrumbList","@id":"https:\/\/www.artisanlocal.ch\/c\/facilitez-votre-demenagement-a-le-locle\/#breadcrumb","itemListElement":[{"@type":"ListItem","position":1,"name":"Accueil","item":"https:\/\/www.artisanlocal.ch\/c\/"},{"@type":"ListItem","position":2,"name":"D\u00e9m\u00e9nageur au Locle"}]},{"@type":"WebSite","@id":"https:\/\/www.artisanlocal.ch\/c\/#website","url":"https:\/\/www.artisanlocal.ch\/c\/","name":"Artisanlocal","description":"","publisher":{"@id":"https:\/\/www.artisanlocal.ch\/c\/#organization"},"potentialAction":[{"@type":"SearchAction","target":{"@type":"EntryPoint","urlTemplate":"https:\/\/www.artisanlocal.ch\/c\/?s={search_term_string}"},"query-input":{"@type":"PropertyValueSpecification","valueRequired":true,"valueName":"search_term_string"}}],"inLanguage":"fr-FR"},{"@type":"Organization","@id":"https:\/\/www.artisanlocal.ch\/c\/#organization","name":"Artisanlocal","url":"https:\/\/www.artisanlocal.ch\/c\/","logo":{"@type":"ImageObject","inLanguage":"fr-FR","@id":"https:\/\/www.artisanlocal.ch\/c\/#\/schema\/logo\/image\/","url":"https:\/\/www.artisanlocal.ch\/c\/wp-content\/uploads\/2024\/02\/logo-artisanlocal-h.svg","contentUrl":"https:\/\/www.artisanlocal.ch\/c\/wp-content\/uploads\/2024\/02\/logo-artisanlocal-h.svg","caption":"Artisanlocal"},"image":{"@id":"https:\/\/www.artisanlocal.ch\/c\/#\/schema\/logo\/image\/"}}]}},"_links":{"self":[{"href":"https:\/\/www.artisanlocal.ch\/c\/wp-json\/wp\/v2\/pages\/869","targetHints":{"allow":["GET"]}}],"collection":[{"href":"https:\/\/www.artisanlocal.ch\/c\/wp-json\/wp\/v2\/pages"}],"about":[{"href":"https:\/\/www.artisanlocal.ch\/c\/wp-json\/wp\/v2\/types\/page"}],"author":[{"embeddable":true,"href":"https:\/\/www.artisanlocal.ch\/c\/wp-json\/wp\/v2\/users\/4"}],"replies":[{"embeddable":true,"href":"https:\/\/www.artisanlocal.ch\/c\/wp-json\/wp\/v2\/comments?post=869"}],"version-history":[{"count":0,"href":"https:\/\/www.artisanlocal.ch\/c\/wp-json\/wp\/v2\/pages\/869\/revisions"}],"wp:featuredmedia":[{"embeddable":true,"href":"https:\/\/www.artisanlocal.ch\/c\/wp-json\/wp\/v2\/media\/2759"}],"wp:attachment":[{"href":"https:\/\/www.artisanlocal.ch\/c\/wp-json\/wp\/v2\/media?parent=869"}],"wp:term":[{"taxonomy":"profession","embeddable":true,"href":"https:\/\/www.artisanlocal.ch\/c\/wp-json\/wp\/v2\/profession?post=869"},{"taxonomy":"location","embeddable":true,"href":"https:\/\/www.artisanlocal.ch\/c\/wp-json\/wp\/v2\/location?post=869"},{"taxonomy":"canton","embeddable":true,"href":"https:\/\/www.artisanlocal.ch\/c\/wp-json\/wp\/v2\/canton?post=869"}],"curies":[{"name":"wp","href":"https:\/\/api.w.org\/{rel}","templated":true}]}}