{"id":871,"date":"2024-04-22T05:22:52","date_gmt":"2024-04-22T03:22:52","guid":{"rendered":"https:\/\/www.artisanlocal.ch\/c\/facilitez-votre-demenagement-a-aubonne\/"},"modified":"2025-08-26T19:29:02","modified_gmt":"2025-08-26T17:29:02","slug":"facilitez-votre-demenagement-a-aubonne","status":"publish","type":"page","link":"https:\/\/www.artisanlocal.ch\/c\/facilitez-votre-demenagement-a-aubonne\/","title":{"rendered":"D\u00e9m\u00e9nageur \u00e0 Aubonne"},"content":{"rendered":"<p>D\u00e9m\u00e9nager \u00e0 Aubonne ne devrait pas \u00eatre compliqu\u00e9. Une fois que vous avez trouv\u00e9 votre nouvel appartement et que vous avez fix\u00e9 la date du d\u00e9m\u00e9nagement, il est possible que vous vous demandiez comment planifier au mieux votre d\u00e9m\u00e9nagement et votre installation ? En faisant appel \u00e0 Artisanlocal \u00e0 Aubonne, vous \u00e9vitez les situations stressantes, Notre soci\u00e9t\u00e9 prend en charge la totalit\u00e9 de votre d\u00e9m\u00e9nagement, de la protection de vos meubles \u00e0 la location du camion.<br \/>\n\r\n<div class=\"box\">\r\n    <h2 class=\"text-dark\">Nous cherchons un <em class=\"text-primary\">D\u00e9m\u00e9nageur<\/em> dans la r\u00e9gion de <em class=\"text-primary\">Aubonne<\/em>  en exclusivit\u00e9, afin de proposer vos services \u00e0 nos clients propri\u00e9taires.<\/h2>\r\n    <p>Une opportunit\u00e9 unique pour booster votre activit\u00e9 \u00e0 <strong>Aubonne<\/strong> et aux alentours dans votre domaine (D\u00e9m\u00e9nageur).<\/p>\r\n    <p>Nous travaillons en exclusivit\u00e9 avec qu'une soci\u00e9t\u00e9 par m\u00e9tier et par r\u00e9gion. <br>Votre entreprise est pr\u00e9sente sur tous les documents immobiliers. Afin d'\u00eatre mieux vu sur le net, vous \u00eates \u00e9galement visible sur nos deux sites et sur les pages de r\u00e9f\u00e9rencement de votre r\u00e9gion.<\/p>\r\n    <a href=\"\/contact\" class=\"wp-block-button__link has-accent-background-color has-text-align-center wp-element-button\">R\u00e9server<\/a>\r\n<\/div><\/p>\n<h2>Artisanlocal votre entreprise de confiance \u00e0 Aubonne<\/h2>\n<p>Notre entreprise est install\u00e9e au centre d&rsquo;Aubonne. Nous effectuons le d\u00e9m\u00e9nagement pour les bureaux et les particuliers. Nos \u00e9quipes sont form\u00e9es et exp\u00e9riment\u00e9es pour vous aider, peu importe la complexit\u00e9 de votre projet.<\/p>\n<h2>Quels sont les avantages de travailler avec Artisanlocal \u00e0 Aubonne ?<\/h2>\n<h3>Une soci\u00e9t\u00e9 \u00e9coresponsable<\/h3>\n<p>Nos emballages et protections pour d\u00e9m\u00e9nagement sont biod\u00e9gradables afin de r\u00e9duire l&rsquo;impact \u00e9cologique de votre d\u00e9m\u00e9nagement, de plus, nous recyclons tous les mat\u00e9riaux utilis\u00e9s lors du d\u00e9m\u00e9nagement.<\/p>\n<h3>Une soci\u00e9t\u00e9 de d\u00e9m\u00e9nagement tout le temps disponible<\/h3>\n<p>Nos sommes disponibles n&rsquo;importe quel jour de la semaine pour d\u00e9m\u00e9nager votre maison, studio ou vos locaux professionnels.<\/p>\n<h3>Entreprise de d\u00e9m\u00e9nagement qui intervient \u00e0 Aubonne et dans les alentours<\/h3>\n<p>Artisanlocal intervient \u00e0 Aubonne et dans les communes voisines, telles que : Apples, Ballens, Bi\u00e8re, Mollens VD, Berolle, Etoy, Buchillon, Allaman, Perroy, Villars-sous-Yens, Yens, Bougy-Villars, F\u00e9chy, Pizy, Montherod, Lavigny, St-Livres, Saubraz..<\/p>\n<h3>Prestation de d\u00e9m\u00e9nagement en Suisse et dans les pays frontaliers<\/h3>\n<p>Si vous \u00eates un Aubonnois, Artisanlocal vous aide pour d\u00e9m\u00e9nager dans n&rsquo;importe quelle commune en Suisse et dans les pays voisins.<\/p>\n<h3>Artisanlocal une entreprise de d\u00e9m\u00e9nagement qui est attentive aux d\u00e9tails<\/h3>\n<p>Notre soci\u00e9t\u00e9 s&rsquo;engage \u00e0 prendre toutes les pr\u00e9cautions pour \u00e9viter d&rsquo;abimer, vos :<\/p>\n<ul>\n<li>Planchers : le jour de votre d\u00e9m\u00e9nagement, Artisanlocal prendra toutes les pr\u00e9cautions pour ne pas d\u00e9t\u00e9riorer vos sols.<\/li>\n<li>Angles : nous veillons \u00e0 prot\u00e9ger les angles de vos murs pour \u00e9viter les d\u00e9gradations.<\/li>\n<li>Couloirs : avant le d\u00e9m\u00e9nagement de votre mobilier et de votre \u00e9lectrom\u00e9nager, nous pla\u00e7ons des protections dans vos couloirs, de mani\u00e8re \u00e0 pr\u00e9venir les chocs.<\/li>\n<li>Portes : si cela le demande, nous installons des protections sur vos portes contre les dommages.<\/li>\n<\/ul>\n<h3>Devis gratuits<\/h3>\n<p>Apr\u00e8s \u00e9tude de votre projet, nous vous offrons une \u00e9valuation gratuite.<\/p>\n<h2>Quels sont les types de services et de d\u00e9m\u00e9nagement que propose Artisanlocal \u00e0 Aubonne ?<\/h2>\n<h3>D\u00e9m\u00e9nagement de bureaux et de locaux de bureau<\/h3>\n<p>Nous organisons le d\u00e9m\u00e9nagement de votre commerce ou de vos bureaux en fonction de votre calendrier, et de la commune de destination.<\/p>\n<h3>D\u00e9m\u00e9nagement de petit volume<\/h3>\n<p>Nous d\u00e9m\u00e9nageons les petits appartements. Nous parlons d&rsquo;un petit d\u00e9m\u00e9nagement pour des projets inf\u00e9rieurs ou \u00e9gaux \u00e0 15 m\u00e8tres cubes.<\/p>\n<h3>D\u00e9m\u00e9nagements rapides<\/h3>\n<p>Notre \u00e9quipe vous aide \u00e0 vous installer dans votre nouvelle r\u00e9sidence le plus rapidement possible. Nous avons aussi des prestations d&#8217;emballage et de stockage en urgence.<\/p>\n<h3>Garde-meubles<\/h3>\n<p>Nous venons r\u00e9cup\u00e9rer vos meubles et ensuite, nous les d\u00e9pla\u00e7ons vers notre zone de stockage \u00e0 Aubonne. Ils seront stock\u00e9s durant la p\u00e9riode de votre choix. Il vous suffit de nous indiquer la date \u00e0 laquelle vous voulez chercher vos biens, et nous vous les remettrons \u00e0 la date qui vous conviendra.<\/p>\n<h3>Emballage des biens pr\u00e9cieux<\/h3>\n<p>Vos biens de grande valeur et les \u0153uvres d&rsquo;art seront envelopp\u00e9s avec attention. Nous fabriquons des cartons sur mesure, par ailleurs, nous employons des appareils de levage appropri\u00e9s.<\/p>\n<h3>D\u00e9placement de pianos<\/h3>\n<p>Manipuler un piano avec pr\u00e9caution exige des expertises, des \u00e9quipements et des connaissances particuli\u00e8res. Notre entreprise d\u00e9place tous types de pianos : interm\u00e9diaires, droits et horizontaux.<\/p>\n<h3>Location de monte-meubles \u00e0 Aubonne pour d\u00e9m\u00e9nagement<\/h3>\n<p>Nous offrons une prestation de location de monte-meubles pour simplifier le transfert de vos meubles lourds en Suisse et \u00e0 Aubonne.<\/p>\n<h3>Vente de cartons de d\u00e9m\u00e9nagement \u00e0 Aubonne<\/h3>\n<p>Vous avez besoin de carton d&#8217;emballage pour votre d\u00e9m\u00e9nagement \u00e0 Aubonne ? Notre entreprise propose une large gamme de cartons et aussi : de fournitures, d&rsquo;adh\u00e9sifs, et de housses de protection.<\/p>\n<h2>Qu&rsquo;est-ce qui est pr\u00e9vu dans votre service de d\u00e9m\u00e9nagement ?<\/h2>\n<h3>L&#8217;emballage personnalis\u00e9, pour :<\/h3>\n<ul>\n<li>Les literies,<\/li>\n<li>les t\u00e9l\u00e9viseurs<\/li>\n<li>les fauteuils,<\/li>\n<li>les canap\u00e9s<\/li>\n<li>les appareils m\u00e9nagers,<\/li>\n<li>les PC,<\/li>\n<li>les lampes et ampoules,<\/li>\n<li>les tableaux et miroirs.<\/li>\n<\/ul>\n<h3>L&rsquo;installation et d\u00e9montage du mobilier<\/h3>\n<ul>\n<li>Les tables,<\/li>\n<li>les armoires,<\/li>\n<li>les mobiliers,<\/li>\n<li>les supports de rangement,<\/li>\n<li>les lustres.<\/li>\n<\/ul>\n<h2>Aide et r\u00e9ponses<\/h2>\n<h3>Quel est le tarif d&rsquo;un d\u00e9m\u00e9nagement \u00e0 Aubonne et en Suisse ?<\/h3>\n<p>Le co\u00fbt d&rsquo;un d\u00e9m\u00e9nagement \u00e0 Aubonne varie en fonction du nombre de pi\u00e8ces et du volume.<\/p>\n<p>Voici les tarifs en fonction du nombre de pi\u00e8ces :<\/p>\n<p>Pour un d\u00e9m\u00e9nagement \u00e0 Aubonne :<\/p>\n<table>\n<tbody>\n<tr>\n<td>D&rsquo;un appartement de 1-2 pi\u00e8ces<\/td>\n<td>De 350 \u00e0 600 CHF<\/td>\n<\/tr>\n<tr>\n<td>Pour un appartement de 2-3 pi\u00e8ces<\/td>\n<td>De 700 \u00e0 1300 CHF<\/td>\n<\/tr>\n<tr>\n<td>D\u2019un appartement de 3-4 pi\u00e8ces<\/td>\n<td>Entre 850 \u00e0 2000 CHF<\/td>\n<\/tr>\n<tr>\n<td>Pour une maison<\/td>\n<td>Entre 1200 \u00e0 2500 Francs Suisses<\/td>\n<\/tr>\n<\/tbody>\n<\/table>\n<p>Pour d\u00e9m\u00e9nager au-del\u00e0 de 200 km :<\/p>\n<table>\n<tbody>\n<tr>\n<td>D\u2019un appartement de 1-2 pi\u00e8ces<\/td>\n<td>De 600 \u00e0 900 CHF<\/td>\n<\/tr>\n<tr>\n<td>D\u2019un appartement de 2-3 pi\u00e8ces<\/td>\n<td>De 1200 \u00e0 2500 CHF<\/td>\n<\/tr>\n<tr>\n<td>D\u2019un appartement de 3-4 pi\u00e8ces<\/td>\n<td>Entre 1800 \u00e0 3000 Francs Suisses<\/td>\n<\/tr>\n<tr>\n<td>Pour une maison<\/td>\n<td>Entre 2000 \u00e0 4500 Francs Suisses<\/td>\n<\/tr>\n<\/tbody>\n<\/table>\n<h2>Combien faut-il compter pour la location d\u2019un monte meuble \u00e0 Aubonne ?<\/h2>\n<p>Le tarif pour louer un monte-meuble \u00e0 Aubonne est approximativement 150 Francs Suisses par heure.<\/p>\n<h3>Quels sont les avantages d&rsquo;engager une entreprise sp\u00e9cialis\u00e9e dans le d\u00e9m\u00e9nagement \u00e0 Aubonne ?<\/h3>\n<p>Bien que vous \u00e9vitiez de perdre de l&rsquo;argent en r\u00e9alisant le travail vous-m\u00eame, vous pouvez vous faire mal (surtout si vous n&rsquo;\u00eates pas entra\u00een\u00e9 \u00e0 lever des objets lourds) ou vous pouvez aussi ab\u00eemer vos meubles. Avec Artisanlocal, vous gagnez du temps et vous \u00e9vitez les probl\u00e8mes de dos.<\/p>\n","protected":false},"excerpt":{"rendered":"<p>D\u00e9m\u00e9nager \u00e0 Aubonne ne devrait pas \u00eatre compliqu\u00e9. Une fois que vous avez trouv\u00e9 votre nouvel appartement et que vous avez fix\u00e9 la date du d\u00e9m\u00e9nagement, il est possible que vous vous demandiez comment planifier au mieux votre d\u00e9m\u00e9nagement et votre installation ? En faisant appel \u00e0 Artisanlocal \u00e0 Aubonne, vous \u00e9vitez les situations stressantes, [&hellip;]<\/p>\n","protected":false},"author":4,"featured_media":2759,"parent":0,"menu_order":0,"comment_status":"closed","ping_status":"closed","template":"","meta":{"footnotes":""},"profession":[122],"location":[27],"canton":[113],"class_list":["post-871","page","type-page","status-publish","has-post-thumbnail","hentry","profession-demenageur","location-aubonne","canton-vd"],"yoast_head":"<!-- This site is optimized with the Yoast SEO Premium plugin v25.7.1 (Yoast SEO v27.3) - https:\/\/yoast.com\/product\/yoast-seo-premium-wordpress\/ -->\n<title>D\u00e9m\u00e9nageur \u00e0 Aubonne - Artisanlocal<\/title>\n<meta name=\"robots\" content=\"index, follow, max-snippet:-1, max-image-preview:large, max-video-preview:-1\" \/>\n<link rel=\"canonical\" href=\"https:\/\/www.artisanlocal.ch\/c\/facilitez-votre-demenagement-a-aubonne\/\" \/>\n<meta property=\"og:locale\" content=\"fr_FR\" \/>\n<meta property=\"og:type\" content=\"article\" \/>\n<meta property=\"og:title\" content=\"D\u00e9m\u00e9nageur \u00e0 Aubonne\" \/>\n<meta property=\"og:description\" content=\"D\u00e9m\u00e9nager \u00e0 Aubonne ne devrait pas \u00eatre compliqu\u00e9. Une fois que vous avez trouv\u00e9 votre nouvel appartement et que vous avez fix\u00e9 la date du d\u00e9m\u00e9nagement, il est possible que vous vous demandiez comment planifier au mieux votre d\u00e9m\u00e9nagement et votre installation ? En faisant appel \u00e0 Artisanlocal \u00e0 Aubonne, vous \u00e9vitez les situations stressantes, [&hellip;]\" \/>\n<meta property=\"og:url\" content=\"https:\/\/www.artisanlocal.ch\/c\/facilitez-votre-demenagement-a-aubonne\/\" \/>\n<meta property=\"og:site_name\" content=\"Artisanlocal\" \/>\n<meta property=\"article:modified_time\" content=\"2025-08-26T17:29:02+00:00\" \/>\n<meta property=\"og:image\" content=\"https:\/\/www.artisanlocal.ch\/c\/wp-content\/uploads\/2024\/10\/demenageur.jpg\" \/>\n\t<meta property=\"og:image:width\" content=\"1920\" \/>\n\t<meta property=\"og:image:height\" content=\"300\" \/>\n\t<meta property=\"og:image:type\" content=\"image\/jpeg\" \/>\n<meta name=\"twitter:card\" content=\"summary_large_image\" \/>\n<meta name=\"twitter:label1\" content=\"Dur\u00e9e de lecture estim\u00e9e\" \/>\n\t<meta name=\"twitter:data1\" content=\"5 minutes\" \/>\n<script type=\"application\/ld+json\" class=\"yoast-schema-graph\">{\"@context\":\"https:\\\/\\\/schema.org\",\"@graph\":[{\"@type\":\"WebPage\",\"@id\":\"https:\\\/\\\/www.artisanlocal.ch\\\/c\\\/facilitez-votre-demenagement-a-aubonne\\\/\",\"url\":\"https:\\\/\\\/www.artisanlocal.ch\\\/c\\\/facilitez-votre-demenagement-a-aubonne\\\/\",\"name\":\"D\u00e9m\u00e9nageur \u00e0 Aubonne - Artisanlocal\",\"isPartOf\":{\"@id\":\"https:\\\/\\\/www.artisanlocal.ch\\\/c\\\/#website\"},\"primaryImageOfPage\":{\"@id\":\"https:\\\/\\\/www.artisanlocal.ch\\\/c\\\/facilitez-votre-demenagement-a-aubonne\\\/#primaryimage\"},\"image\":{\"@id\":\"https:\\\/\\\/www.artisanlocal.ch\\\/c\\\/facilitez-votre-demenagement-a-aubonne\\\/#primaryimage\"},\"thumbnailUrl\":\"https:\\\/\\\/www.artisanlocal.ch\\\/c\\\/wp-content\\\/uploads\\\/2024\\\/10\\\/demenageur.jpg\",\"datePublished\":\"2024-04-22T03:22:52+00:00\",\"dateModified\":\"2025-08-26T17:29:02+00:00\",\"breadcrumb\":{\"@id\":\"https:\\\/\\\/www.artisanlocal.ch\\\/c\\\/facilitez-votre-demenagement-a-aubonne\\\/#breadcrumb\"},\"inLanguage\":\"fr-FR\",\"potentialAction\":[{\"@type\":\"ReadAction\",\"target\":[\"https:\\\/\\\/www.artisanlocal.ch\\\/c\\\/facilitez-votre-demenagement-a-aubonne\\\/\"]}]},{\"@type\":\"ImageObject\",\"inLanguage\":\"fr-FR\",\"@id\":\"https:\\\/\\\/www.artisanlocal.ch\\\/c\\\/facilitez-votre-demenagement-a-aubonne\\\/#primaryimage\",\"url\":\"https:\\\/\\\/www.artisanlocal.ch\\\/c\\\/wp-content\\\/uploads\\\/2024\\\/10\\\/demenageur.jpg\",\"contentUrl\":\"https:\\\/\\\/www.artisanlocal.ch\\\/c\\\/wp-content\\\/uploads\\\/2024\\\/10\\\/demenageur.jpg\",\"width\":1920,\"height\":300},{\"@type\":\"BreadcrumbList\",\"@id\":\"https:\\\/\\\/www.artisanlocal.ch\\\/c\\\/facilitez-votre-demenagement-a-aubonne\\\/#breadcrumb\",\"itemListElement\":[{\"@type\":\"ListItem\",\"position\":1,\"name\":\"Accueil\",\"item\":\"https:\\\/\\\/www.artisanlocal.ch\\\/c\\\/\"},{\"@type\":\"ListItem\",\"position\":2,\"name\":\"D\u00e9m\u00e9nageur \u00e0 Aubonne\"}]},{\"@type\":\"WebSite\",\"@id\":\"https:\\\/\\\/www.artisanlocal.ch\\\/c\\\/#website\",\"url\":\"https:\\\/\\\/www.artisanlocal.ch\\\/c\\\/\",\"name\":\"Artisanlocal\",\"description\":\"\",\"publisher\":{\"@id\":\"https:\\\/\\\/www.artisanlocal.ch\\\/c\\\/#organization\"},\"potentialAction\":[{\"@type\":\"SearchAction\",\"target\":{\"@type\":\"EntryPoint\",\"urlTemplate\":\"https:\\\/\\\/www.artisanlocal.ch\\\/c\\\/?s={search_term_string}\"},\"query-input\":{\"@type\":\"PropertyValueSpecification\",\"valueRequired\":true,\"valueName\":\"search_term_string\"}}],\"inLanguage\":\"fr-FR\"},{\"@type\":\"Organization\",\"@id\":\"https:\\\/\\\/www.artisanlocal.ch\\\/c\\\/#organization\",\"name\":\"Artisanlocal\",\"url\":\"https:\\\/\\\/www.artisanlocal.ch\\\/c\\\/\",\"logo\":{\"@type\":\"ImageObject\",\"inLanguage\":\"fr-FR\",\"@id\":\"https:\\\/\\\/www.artisanlocal.ch\\\/c\\\/#\\\/schema\\\/logo\\\/image\\\/\",\"url\":\"https:\\\/\\\/www.artisanlocal.ch\\\/c\\\/wp-content\\\/uploads\\\/2024\\\/02\\\/logo-artisanlocal-h.svg\",\"contentUrl\":\"https:\\\/\\\/www.artisanlocal.ch\\\/c\\\/wp-content\\\/uploads\\\/2024\\\/02\\\/logo-artisanlocal-h.svg\",\"caption\":\"Artisanlocal\"},\"image\":{\"@id\":\"https:\\\/\\\/www.artisanlocal.ch\\\/c\\\/#\\\/schema\\\/logo\\\/image\\\/\"}}]}<\/script>\n<!-- \/ Yoast SEO Premium plugin. -->","yoast_head_json":{"title":"D\u00e9m\u00e9nageur \u00e0 Aubonne - Artisanlocal","robots":{"index":"index","follow":"follow","max-snippet":"max-snippet:-1","max-image-preview":"max-image-preview:large","max-video-preview":"max-video-preview:-1"},"canonical":"https:\/\/www.artisanlocal.ch\/c\/facilitez-votre-demenagement-a-aubonne\/","og_locale":"fr_FR","og_type":"article","og_title":"D\u00e9m\u00e9nageur \u00e0 Aubonne","og_description":"D\u00e9m\u00e9nager \u00e0 Aubonne ne devrait pas \u00eatre compliqu\u00e9. Une fois que vous avez trouv\u00e9 votre nouvel appartement et que vous avez fix\u00e9 la date du d\u00e9m\u00e9nagement, il est possible que vous vous demandiez comment planifier au mieux votre d\u00e9m\u00e9nagement et votre installation ? En faisant appel \u00e0 Artisanlocal \u00e0 Aubonne, vous \u00e9vitez les situations stressantes, [&hellip;]","og_url":"https:\/\/www.artisanlocal.ch\/c\/facilitez-votre-demenagement-a-aubonne\/","og_site_name":"Artisanlocal","article_modified_time":"2025-08-26T17:29:02+00:00","og_image":[{"width":1920,"height":300,"url":"https:\/\/www.artisanlocal.ch\/c\/wp-content\/uploads\/2024\/10\/demenageur.jpg","type":"image\/jpeg"}],"twitter_card":"summary_large_image","twitter_misc":{"Dur\u00e9e de lecture estim\u00e9e":"5 minutes"},"schema":{"@context":"https:\/\/schema.org","@graph":[{"@type":"WebPage","@id":"https:\/\/www.artisanlocal.ch\/c\/facilitez-votre-demenagement-a-aubonne\/","url":"https:\/\/www.artisanlocal.ch\/c\/facilitez-votre-demenagement-a-aubonne\/","name":"D\u00e9m\u00e9nageur \u00e0 Aubonne - Artisanlocal","isPartOf":{"@id":"https:\/\/www.artisanlocal.ch\/c\/#website"},"primaryImageOfPage":{"@id":"https:\/\/www.artisanlocal.ch\/c\/facilitez-votre-demenagement-a-aubonne\/#primaryimage"},"image":{"@id":"https:\/\/www.artisanlocal.ch\/c\/facilitez-votre-demenagement-a-aubonne\/#primaryimage"},"thumbnailUrl":"https:\/\/www.artisanlocal.ch\/c\/wp-content\/uploads\/2024\/10\/demenageur.jpg","datePublished":"2024-04-22T03:22:52+00:00","dateModified":"2025-08-26T17:29:02+00:00","breadcrumb":{"@id":"https:\/\/www.artisanlocal.ch\/c\/facilitez-votre-demenagement-a-aubonne\/#breadcrumb"},"inLanguage":"fr-FR","potentialAction":[{"@type":"ReadAction","target":["https:\/\/www.artisanlocal.ch\/c\/facilitez-votre-demenagement-a-aubonne\/"]}]},{"@type":"ImageObject","inLanguage":"fr-FR","@id":"https:\/\/www.artisanlocal.ch\/c\/facilitez-votre-demenagement-a-aubonne\/#primaryimage","url":"https:\/\/www.artisanlocal.ch\/c\/wp-content\/uploads\/2024\/10\/demenageur.jpg","contentUrl":"https:\/\/www.artisanlocal.ch\/c\/wp-content\/uploads\/2024\/10\/demenageur.jpg","width":1920,"height":300},{"@type":"BreadcrumbList","@id":"https:\/\/www.artisanlocal.ch\/c\/facilitez-votre-demenagement-a-aubonne\/#breadcrumb","itemListElement":[{"@type":"ListItem","position":1,"name":"Accueil","item":"https:\/\/www.artisanlocal.ch\/c\/"},{"@type":"ListItem","position":2,"name":"D\u00e9m\u00e9nageur \u00e0 Aubonne"}]},{"@type":"WebSite","@id":"https:\/\/www.artisanlocal.ch\/c\/#website","url":"https:\/\/www.artisanlocal.ch\/c\/","name":"Artisanlocal","description":"","publisher":{"@id":"https:\/\/www.artisanlocal.ch\/c\/#organization"},"potentialAction":[{"@type":"SearchAction","target":{"@type":"EntryPoint","urlTemplate":"https:\/\/www.artisanlocal.ch\/c\/?s={search_term_string}"},"query-input":{"@type":"PropertyValueSpecification","valueRequired":true,"valueName":"search_term_string"}}],"inLanguage":"fr-FR"},{"@type":"Organization","@id":"https:\/\/www.artisanlocal.ch\/c\/#organization","name":"Artisanlocal","url":"https:\/\/www.artisanlocal.ch\/c\/","logo":{"@type":"ImageObject","inLanguage":"fr-FR","@id":"https:\/\/www.artisanlocal.ch\/c\/#\/schema\/logo\/image\/","url":"https:\/\/www.artisanlocal.ch\/c\/wp-content\/uploads\/2024\/02\/logo-artisanlocal-h.svg","contentUrl":"https:\/\/www.artisanlocal.ch\/c\/wp-content\/uploads\/2024\/02\/logo-artisanlocal-h.svg","caption":"Artisanlocal"},"image":{"@id":"https:\/\/www.artisanlocal.ch\/c\/#\/schema\/logo\/image\/"}}]}},"_links":{"self":[{"href":"https:\/\/www.artisanlocal.ch\/c\/wp-json\/wp\/v2\/pages\/871","targetHints":{"allow":["GET"]}}],"collection":[{"href":"https:\/\/www.artisanlocal.ch\/c\/wp-json\/wp\/v2\/pages"}],"about":[{"href":"https:\/\/www.artisanlocal.ch\/c\/wp-json\/wp\/v2\/types\/page"}],"author":[{"embeddable":true,"href":"https:\/\/www.artisanlocal.ch\/c\/wp-json\/wp\/v2\/users\/4"}],"replies":[{"embeddable":true,"href":"https:\/\/www.artisanlocal.ch\/c\/wp-json\/wp\/v2\/comments?post=871"}],"version-history":[{"count":0,"href":"https:\/\/www.artisanlocal.ch\/c\/wp-json\/wp\/v2\/pages\/871\/revisions"}],"wp:featuredmedia":[{"embeddable":true,"href":"https:\/\/www.artisanlocal.ch\/c\/wp-json\/wp\/v2\/media\/2759"}],"wp:attachment":[{"href":"https:\/\/www.artisanlocal.ch\/c\/wp-json\/wp\/v2\/media?parent=871"}],"wp:term":[{"taxonomy":"profession","embeddable":true,"href":"https:\/\/www.artisanlocal.ch\/c\/wp-json\/wp\/v2\/profession?post=871"},{"taxonomy":"location","embeddable":true,"href":"https:\/\/www.artisanlocal.ch\/c\/wp-json\/wp\/v2\/location?post=871"},{"taxonomy":"canton","embeddable":true,"href":"https:\/\/www.artisanlocal.ch\/c\/wp-json\/wp\/v2\/canton?post=871"}],"curies":[{"name":"wp","href":"https:\/\/api.w.org\/{rel}","templated":true}]}}