{"id":873,"date":"2024-04-22T05:24:37","date_gmt":"2024-04-22T03:24:37","guid":{"rendered":"https:\/\/www.artisanlocal.ch\/c\/facilitez-votre-demenagement-a-coppet\/"},"modified":"2025-08-26T19:29:01","modified_gmt":"2025-08-26T17:29:01","slug":"facilitez-votre-demenagement-a-coppet","status":"publish","type":"page","link":"https:\/\/www.artisanlocal.ch\/c\/facilitez-votre-demenagement-a-coppet\/","title":{"rendered":"Facilitez votre d\u00e9m\u00e9nagement \u00e0 Coppet"},"content":{"rendered":"<p>D\u00e9m\u00e9nager \u00e0 Coppet ne doit pas \u00eatre une crise d&rsquo;angoisse. Une fois que vous avez trouv\u00e9 votre logement et que vous avez fix\u00e9 la date du d\u00e9m\u00e9nagement, vous vous demandez peut-\u00eatre comment organiser au mieux votre d\u00e9m\u00e9nagement ? En engageant notre soci\u00e9t\u00e9 \u00e0 Coppet, vous gagnez du temps, nous g\u00e9rons toutes les parties de votre d\u00e9m\u00e9nagement, de la r\u00e9servation du camion, \u00e0 la protection de vos meubles.<\/p>\n\r\n<div class=\"box\">\r\n    <h2 class=\"text-dark\">Nous cherchons un <em class=\"text-primary\">D\u00e9m\u00e9nageur<\/em> dans la r\u00e9gion de <em class=\"text-primary\">Coppet<\/em>  en exclusivit\u00e9, afin de proposer vos services \u00e0 nos clients propri\u00e9taires.<\/h2>\r\n    <p>Une opportunit\u00e9 unique pour booster votre activit\u00e9 \u00e0 <strong>Coppet<\/strong> et aux alentours dans votre domaine (D\u00e9m\u00e9nageur).<\/p>\r\n    <p>Nous travaillons en exclusivit\u00e9 avec qu'une soci\u00e9t\u00e9 par m\u00e9tier et par r\u00e9gion. <br>Votre entreprise est pr\u00e9sente sur tous les documents immobiliers. Afin d'\u00eatre mieux vu sur le net, vous \u00eates \u00e9galement visible sur nos deux sites et sur les pages de r\u00e9f\u00e9rencement de votre r\u00e9gion.<\/p>\r\n    <a href=\"\/contact\" class=\"wp-block-button__link has-accent-background-color has-text-align-center wp-element-button\">R\u00e9server<\/a>\r\n<\/div>\n<h2>Artisanlocal l&rsquo;expert du d\u00e9m\u00e9nagement \u00e0 Coppet<\/h2>\n<p>Notre soci\u00e9t\u00e9 est situ\u00e9e au coeur de Coppet. Artisanlocal est sp\u00e9cialis\u00e9 dans les d\u00e9m\u00e9nagements de bureaux et de particuliers. Notre \u00e9quipe est exp\u00e9riment\u00e9e et form\u00e9e aux derni\u00e8res techniques pour vous assister, quelle que soit la difficult\u00e9 de votre d\u00e9m\u00e9nagement.<\/p>\n<h2>Pourquoi choisir Artisanlocal pour votre d\u00e9m\u00e9nagement \u00e0 Coppet ?<\/h2>\n<h3>Artisanlocal une entreprise \u00e9coresponsable<\/h3>\n<p>Pour r\u00e9duire notre impact environnemental lors de votre d\u00e9m\u00e9nagement, nous employons des emballages \u00e9coresponsables, de plus, nous r\u00e9utilisons tous les mat\u00e9riaux utilis\u00e9s lors de notre intervention.<\/p>\n<h3>Artisanlocal une entreprise joignable \u00e0 tout moment <\/h3>\n<p>Nous sommes disponibles 7 jours sur 7, pour r\u00e9aliser le d\u00e9m\u00e9nagement de votre appartement, maison ou de vos boutiques et bureaux \u00e0 Coppet.<\/p>\n<h3>Soci\u00e9t\u00e9 de d\u00e9m\u00e9nagement qui op\u00e8re \u00e0 Coppet et dans les alentours<\/h3>\n<p>Nous effectuons les d\u00e9m\u00e9nagements \u00e0 Coppet et aussi dans toutes les villes proches, comme : Bogis-Bossey, Chavannes-de-Bogis, Chavannes-des-Bois, Versoix, Commugny, Bellevue, Genthod, Mies, Tannay, Founex, C\u00e9ligny..<\/p>\n<h3>Prestation de d\u00e9m\u00e9nagement en Suisse et dans les pays frontaliers<\/h3>\n<p>Si vous vivez \u00e0 Coppet, nous pouvons planifier votre d\u00e9m\u00e9nagement dans toutes les pays frontaliers et les villes de Suisse.&nbsp;<\/p>\n<h3>Artisanlocal une entreprise de d\u00e9m\u00e9nagement qui fait attention<\/h3>\n<p>Notre soci\u00e9t\u00e9 s&rsquo;engage \u00e0 prendre toutes les pr\u00e9cautions n\u00e9cessaires afin d&rsquo;\u00e9viter d&rsquo;occasionner des d\u00e9g\u00e2ts, \u00e0 titre d&rsquo;illustration pour vos :&nbsp;<\/p>\n<ul>\n<li>Sols : le jour de votre d\u00e9m\u00e9nagement, nous ferons attention de marcher avec prudence et \u00e0 d\u00e9placer vos biens pour \u00e9viter d&rsquo;ab\u00eemer vos planchers.<\/li>\n<li>Coins : nous veillons \u00e0 prot\u00e9ger les angles de vos murs pour \u00e9viter les \u00e9raflures.<\/li>\n<li>Couloirs : avant le d\u00e9placement de votre \u00e9lectrom\u00e9nager et de votre mobilier, nous mettons en place des protections dans vos couloirs, dans le but de pr\u00e9venir les chocs.<\/li>\n<li>Portes : nous prenons soin de transporter vos objets pour emp\u00eacher les traces de rayures sur vos portes.<\/li>\n<\/ul>\n<h3>Devis gratuits<\/h3>\n<p>Apr\u00e8s \u00e9tude de votre projet, nous vous offrons une \u00e9valuation gratuite.<\/p>\n<h2>Quels sont les services de d\u00e9m\u00e9nagement d&rsquo;Artisanlocal ?<\/h2>\n<h3>D\u00e9m\u00e9nagement de boutiques et de bureaux<\/h3>\n<p>Nous effectuons le d\u00e9m\u00e9nagement des magasins et des bureaux.<\/p>\n<h3>Petits d\u00e9m\u00e9nagements<\/h3>\n<p>Nous d\u00e9m\u00e9nageons les petits logements et les studios. C&rsquo;est un d\u00e9m\u00e9nagement pour des volumes inf\u00e9rieurs \u00e0 15 m3.<\/p>\n<h3>D\u00e9m\u00e9nagements express<\/h3>\n<p>Artisanlocal vous aide \u00e0 vous installer dans votre nouvelle habitation le plus rapidement possible. Nous offrons par ailleurs des prestations de garde-meuble et d&#8217;emballage en urgence.<\/p>\n<h3>Garde-meubles<\/h3>\n<p>Nous r\u00e9cup\u00e9rons vos meubles et objets et les entreposons dans notre d\u00e9p\u00f4t s\u00e9curis\u00e9 \u00e0 Coppet. Ils seront stock\u00e9s durant la p\u00e9riode de votre choix. Il vous suffit de nous mentionner la date \u00e0 laquelle vous voulez r\u00e9cup\u00e9rer vos biens, et nous vous les remettrons \u00e0 la date qui vous arrangera.<\/p>\n<h3>Conditionnement des objets de valeur<\/h3>\n<p>Vos \u0153uvres d&rsquo;art ou vos objets de mobiliers pr\u00e9cieux seront prot\u00e9g\u00e9s. Nous fabriquons des emballages adapt\u00e9s et nous les enveloppons, de plus, nous employons des mat\u00e9riels de levage adapt\u00e9s pour votre d\u00e9m\u00e9nagement.<\/p>\n<h3>Transport de pianos<\/h3>\n<h3>Transporter un piano avec pr\u00e9caution requiert des comp\u00e9tences, des mat\u00e9riels et des formations sp\u00e9cifiques. Notre entreprise est sp\u00e9cialis\u00e9e dans le transport de pianos, comme : les droits, les interm\u00e9diaires ou \u00e0 queue.<\/h3>\n<h3>Location de monte-meubles \u00e0 Coppet pour d\u00e9m\u00e9nagement<\/h3>\n<p>Notre prestation de location de monte-meubles facilite le d\u00e9m\u00e9nagement de vos mobiliers facilement en Suisse et \u00e0 Coppet.<\/p>\n<h3>Acheter des cartons de d\u00e9m\u00e9nagement \u00e0 Coppet<\/h3>\n<p>Vous recherchez des cartons de protection pour votre projet de d\u00e9m\u00e9nagement \u00e0 Coppet ? Artisanlocal propose une gamme compl\u00e8te de cartons et aussi : d&rsquo;accessoires, d&rsquo;adh\u00e9sifs, et de housses de protection.<\/p>\n<h2>Qu&rsquo;est-ce qui est pr\u00e9vu dans votre prestation de d\u00e9m\u00e9nagement ?<\/h2>\n<h3>L&#8217;emballage sur mesure, pour :<\/h3>\n<ul>\n<li>les literies,<\/li>\n<li>les \u00e9crans de t\u00e9l\u00e9vision <\/li>\n<li>les fauteuils,<\/li>\n<li>les canap\u00e9s<\/li>\n<li>les appareils m\u00e9nagers,<\/li>\n<li>les ordinateurs,<\/li>\n<li>les lampes et ampoules,<\/li>\n<li>les tableaux et miroirs.<\/li>\n<\/ul>\n<h3>Le d\u00e9montage des meubles<\/h3>\n<ul>\n<li>les tables,<\/li>\n<li>les meubles de rangement,<\/li>\n<li>les meubles,<\/li>\n<li>les \u00e9tag\u00e8res,<\/li>\n<li>les lustres.<\/li>\n<\/ul>\n<h2>Aide et r\u00e9ponses<\/h2>\n<h3>Quel budget pour un d\u00e9m\u00e9nagement \u00e0 Coppet et en Suisse ?<\/h3>\n<p>Le co\u00fbt d&rsquo;un d\u00e9m\u00e9nagement \u00e0 Coppet d\u00e9pend du nombre de pi\u00e8ces dans votre habitat.<\/p>\n<p>Ci-dessous, vous retrouverez les tarifs en fonction du nombre de pi\u00e8ces :<\/p>\n<p>Pour un d\u00e9m\u00e9nagement \u00e0 Coppet :<\/p>\n<table>\n<tbody>\n<tr>\n<td>Pour un appartement de 1-2 pi\u00e8ces<\/td>\n<td>Entre 350 \u00e0 600 Francs Suisses<\/td>\n<\/tr>\n<tr>\n<td>D\u2019un appartement de 2-3 pi\u00e8ces<\/td>\n<td>De 700 \u00e0 1300 Francs Suisses<\/td>\n<\/tr>\n<tr>\n<td>Pour un appartement entre 3-4 pi\u00e8ces<\/td>\n<td>Entre 850 \u00e0 2000 Francs Suisses<\/td>\n<\/tr>\n<tr>\n<td>Pour une maison<\/td>\n<td>De 1200 \u00e0 2500 Francs Suisses<\/td>\n<\/tr>\n<\/tbody>\n<\/table>\n<p>Pour un service de d\u00e9m\u00e9nagement au-del\u00e0 de 200 km :<\/p>\n<table>\n<tbody>\n<tr>\n<td>Pour un appartement de 1-2 pi\u00e8ces<\/td>\n<td>Entre 600 \u00e0 900 Francs Suisses<\/td>\n<\/tr>\n<tr>\n<td>D\u2019un appartement de 2-3 pi\u00e8ces<\/td>\n<td>De 1200 \u00e0 2500 CHF<\/td>\n<\/tr>\n<tr>\n<td>Pour un appartement de 3-4 pi\u00e8ces<\/td>\n<td>Entre 1800 \u00e0 3000 Francs Suisses<\/td>\n<\/tr>\n<tr>\n<td>D\u2019une maison<\/td>\n<td>De 2000 \u00e0 4500 Francs Suisses<\/td>\n<\/tr>\n<\/tbody>\n<\/table>\n<p>Quel est le tarif pour louer un monte-meuble \u00e0 Coppet ?<\/p>\n<p>Le montant pour louer un monte-meuble \u00e0 Coppet est approximativement 150 CHF par heure.<\/p>\n<h3>Pourquoi faire appel \u00e0 une entreprise de d\u00e9m\u00e9nagement \u00e0 Coppet ?<\/h3>\n<p>Bien que vous \u00e9vitez de perdre de l&rsquo;argent en accomplissant le travail vous-m\u00eame, vous pouvez vous blesser (si vous n&rsquo;\u00eates pas habitu\u00e9 \u00e0 soulever des charges lourdes) ou vous pouvez ab\u00eemer vos meubles. Avec Artisanlocal, vous \u00e9conomisez du temps et vous \u00e9vitez des maux de dos.<\/p>\n","protected":false},"excerpt":{"rendered":"<p>D\u00e9m\u00e9nager \u00e0 Coppet ne doit pas \u00eatre une crise d&rsquo;angoisse. Une fois que vous avez trouv\u00e9 votre logement et que vous avez fix\u00e9 la date du d\u00e9m\u00e9nagement, vous vous demandez peut-\u00eatre comment organiser au mieux votre d\u00e9m\u00e9nagement ? En engageant notre soci\u00e9t\u00e9 \u00e0 Coppet, vous gagnez du temps, nous g\u00e9rons toutes les parties de votre [&hellip;]<\/p>\n","protected":false},"author":4,"featured_media":2759,"parent":0,"menu_order":0,"comment_status":"closed","ping_status":"closed","template":"","meta":{"footnotes":""},"profession":[122],"location":[45],"canton":[113],"class_list":["post-873","page","type-page","status-publish","has-post-thumbnail","hentry","profession-demenageur","location-coppet","canton-vd"],"yoast_head":"<!-- This site is optimized with the Yoast SEO Premium plugin v25.7.1 (Yoast SEO v27.3) - https:\/\/yoast.com\/product\/yoast-seo-premium-wordpress\/ -->\n<title>Facilitez votre d\u00e9m\u00e9nagement \u00e0 Coppet - Artisanlocal<\/title>\n<meta name=\"robots\" content=\"index, follow, max-snippet:-1, max-image-preview:large, max-video-preview:-1\" \/>\n<link rel=\"canonical\" href=\"https:\/\/www.artisanlocal.ch\/c\/facilitez-votre-demenagement-a-coppet\/\" \/>\n<meta property=\"og:locale\" content=\"fr_FR\" \/>\n<meta property=\"og:type\" content=\"article\" \/>\n<meta property=\"og:title\" content=\"Facilitez votre d\u00e9m\u00e9nagement \u00e0 Coppet\" \/>\n<meta property=\"og:description\" content=\"D\u00e9m\u00e9nager \u00e0 Coppet ne doit pas \u00eatre une crise d&rsquo;angoisse. Une fois que vous avez trouv\u00e9 votre logement et que vous avez fix\u00e9 la date du d\u00e9m\u00e9nagement, vous vous demandez peut-\u00eatre comment organiser au mieux votre d\u00e9m\u00e9nagement ? En engageant notre soci\u00e9t\u00e9 \u00e0 Coppet, vous gagnez du temps, nous g\u00e9rons toutes les parties de votre [&hellip;]\" \/>\n<meta property=\"og:url\" content=\"https:\/\/www.artisanlocal.ch\/c\/facilitez-votre-demenagement-a-coppet\/\" \/>\n<meta property=\"og:site_name\" content=\"Artisanlocal\" \/>\n<meta property=\"article:modified_time\" content=\"2025-08-26T17:29:01+00:00\" \/>\n<meta property=\"og:image\" content=\"https:\/\/www.artisanlocal.ch\/c\/wp-content\/uploads\/2024\/10\/demenageur.jpg\" \/>\n\t<meta property=\"og:image:width\" content=\"1920\" \/>\n\t<meta property=\"og:image:height\" content=\"300\" \/>\n\t<meta property=\"og:image:type\" content=\"image\/jpeg\" \/>\n<meta name=\"twitter:card\" content=\"summary_large_image\" \/>\n<meta name=\"twitter:label1\" content=\"Dur\u00e9e de lecture estim\u00e9e\" \/>\n\t<meta name=\"twitter:data1\" content=\"5 minutes\" \/>\n<script type=\"application\/ld+json\" class=\"yoast-schema-graph\">{\"@context\":\"https:\\\/\\\/schema.org\",\"@graph\":[{\"@type\":\"WebPage\",\"@id\":\"https:\\\/\\\/www.artisanlocal.ch\\\/c\\\/facilitez-votre-demenagement-a-coppet\\\/\",\"url\":\"https:\\\/\\\/www.artisanlocal.ch\\\/c\\\/facilitez-votre-demenagement-a-coppet\\\/\",\"name\":\"Facilitez votre d\u00e9m\u00e9nagement \u00e0 Coppet - Artisanlocal\",\"isPartOf\":{\"@id\":\"https:\\\/\\\/www.artisanlocal.ch\\\/c\\\/#website\"},\"primaryImageOfPage\":{\"@id\":\"https:\\\/\\\/www.artisanlocal.ch\\\/c\\\/facilitez-votre-demenagement-a-coppet\\\/#primaryimage\"},\"image\":{\"@id\":\"https:\\\/\\\/www.artisanlocal.ch\\\/c\\\/facilitez-votre-demenagement-a-coppet\\\/#primaryimage\"},\"thumbnailUrl\":\"https:\\\/\\\/www.artisanlocal.ch\\\/c\\\/wp-content\\\/uploads\\\/2024\\\/10\\\/demenageur.jpg\",\"datePublished\":\"2024-04-22T03:24:37+00:00\",\"dateModified\":\"2025-08-26T17:29:01+00:00\",\"breadcrumb\":{\"@id\":\"https:\\\/\\\/www.artisanlocal.ch\\\/c\\\/facilitez-votre-demenagement-a-coppet\\\/#breadcrumb\"},\"inLanguage\":\"fr-FR\",\"potentialAction\":[{\"@type\":\"ReadAction\",\"target\":[\"https:\\\/\\\/www.artisanlocal.ch\\\/c\\\/facilitez-votre-demenagement-a-coppet\\\/\"]}]},{\"@type\":\"ImageObject\",\"inLanguage\":\"fr-FR\",\"@id\":\"https:\\\/\\\/www.artisanlocal.ch\\\/c\\\/facilitez-votre-demenagement-a-coppet\\\/#primaryimage\",\"url\":\"https:\\\/\\\/www.artisanlocal.ch\\\/c\\\/wp-content\\\/uploads\\\/2024\\\/10\\\/demenageur.jpg\",\"contentUrl\":\"https:\\\/\\\/www.artisanlocal.ch\\\/c\\\/wp-content\\\/uploads\\\/2024\\\/10\\\/demenageur.jpg\",\"width\":1920,\"height\":300},{\"@type\":\"BreadcrumbList\",\"@id\":\"https:\\\/\\\/www.artisanlocal.ch\\\/c\\\/facilitez-votre-demenagement-a-coppet\\\/#breadcrumb\",\"itemListElement\":[{\"@type\":\"ListItem\",\"position\":1,\"name\":\"Accueil\",\"item\":\"https:\\\/\\\/www.artisanlocal.ch\\\/c\\\/\"},{\"@type\":\"ListItem\",\"position\":2,\"name\":\"Facilitez votre d\u00e9m\u00e9nagement \u00e0 Coppet\"}]},{\"@type\":\"WebSite\",\"@id\":\"https:\\\/\\\/www.artisanlocal.ch\\\/c\\\/#website\",\"url\":\"https:\\\/\\\/www.artisanlocal.ch\\\/c\\\/\",\"name\":\"Artisanlocal\",\"description\":\"\",\"publisher\":{\"@id\":\"https:\\\/\\\/www.artisanlocal.ch\\\/c\\\/#organization\"},\"potentialAction\":[{\"@type\":\"SearchAction\",\"target\":{\"@type\":\"EntryPoint\",\"urlTemplate\":\"https:\\\/\\\/www.artisanlocal.ch\\\/c\\\/?s={search_term_string}\"},\"query-input\":{\"@type\":\"PropertyValueSpecification\",\"valueRequired\":true,\"valueName\":\"search_term_string\"}}],\"inLanguage\":\"fr-FR\"},{\"@type\":\"Organization\",\"@id\":\"https:\\\/\\\/www.artisanlocal.ch\\\/c\\\/#organization\",\"name\":\"Artisanlocal\",\"url\":\"https:\\\/\\\/www.artisanlocal.ch\\\/c\\\/\",\"logo\":{\"@type\":\"ImageObject\",\"inLanguage\":\"fr-FR\",\"@id\":\"https:\\\/\\\/www.artisanlocal.ch\\\/c\\\/#\\\/schema\\\/logo\\\/image\\\/\",\"url\":\"https:\\\/\\\/www.artisanlocal.ch\\\/c\\\/wp-content\\\/uploads\\\/2024\\\/02\\\/logo-artisanlocal-h.svg\",\"contentUrl\":\"https:\\\/\\\/www.artisanlocal.ch\\\/c\\\/wp-content\\\/uploads\\\/2024\\\/02\\\/logo-artisanlocal-h.svg\",\"caption\":\"Artisanlocal\"},\"image\":{\"@id\":\"https:\\\/\\\/www.artisanlocal.ch\\\/c\\\/#\\\/schema\\\/logo\\\/image\\\/\"}}]}<\/script>\n<!-- \/ Yoast SEO Premium plugin. -->","yoast_head_json":{"title":"Facilitez votre d\u00e9m\u00e9nagement \u00e0 Coppet - Artisanlocal","robots":{"index":"index","follow":"follow","max-snippet":"max-snippet:-1","max-image-preview":"max-image-preview:large","max-video-preview":"max-video-preview:-1"},"canonical":"https:\/\/www.artisanlocal.ch\/c\/facilitez-votre-demenagement-a-coppet\/","og_locale":"fr_FR","og_type":"article","og_title":"Facilitez votre d\u00e9m\u00e9nagement \u00e0 Coppet","og_description":"D\u00e9m\u00e9nager \u00e0 Coppet ne doit pas \u00eatre une crise d&rsquo;angoisse. Une fois que vous avez trouv\u00e9 votre logement et que vous avez fix\u00e9 la date du d\u00e9m\u00e9nagement, vous vous demandez peut-\u00eatre comment organiser au mieux votre d\u00e9m\u00e9nagement ? En engageant notre soci\u00e9t\u00e9 \u00e0 Coppet, vous gagnez du temps, nous g\u00e9rons toutes les parties de votre [&hellip;]","og_url":"https:\/\/www.artisanlocal.ch\/c\/facilitez-votre-demenagement-a-coppet\/","og_site_name":"Artisanlocal","article_modified_time":"2025-08-26T17:29:01+00:00","og_image":[{"width":1920,"height":300,"url":"https:\/\/www.artisanlocal.ch\/c\/wp-content\/uploads\/2024\/10\/demenageur.jpg","type":"image\/jpeg"}],"twitter_card":"summary_large_image","twitter_misc":{"Dur\u00e9e de lecture estim\u00e9e":"5 minutes"},"schema":{"@context":"https:\/\/schema.org","@graph":[{"@type":"WebPage","@id":"https:\/\/www.artisanlocal.ch\/c\/facilitez-votre-demenagement-a-coppet\/","url":"https:\/\/www.artisanlocal.ch\/c\/facilitez-votre-demenagement-a-coppet\/","name":"Facilitez votre d\u00e9m\u00e9nagement \u00e0 Coppet - Artisanlocal","isPartOf":{"@id":"https:\/\/www.artisanlocal.ch\/c\/#website"},"primaryImageOfPage":{"@id":"https:\/\/www.artisanlocal.ch\/c\/facilitez-votre-demenagement-a-coppet\/#primaryimage"},"image":{"@id":"https:\/\/www.artisanlocal.ch\/c\/facilitez-votre-demenagement-a-coppet\/#primaryimage"},"thumbnailUrl":"https:\/\/www.artisanlocal.ch\/c\/wp-content\/uploads\/2024\/10\/demenageur.jpg","datePublished":"2024-04-22T03:24:37+00:00","dateModified":"2025-08-26T17:29:01+00:00","breadcrumb":{"@id":"https:\/\/www.artisanlocal.ch\/c\/facilitez-votre-demenagement-a-coppet\/#breadcrumb"},"inLanguage":"fr-FR","potentialAction":[{"@type":"ReadAction","target":["https:\/\/www.artisanlocal.ch\/c\/facilitez-votre-demenagement-a-coppet\/"]}]},{"@type":"ImageObject","inLanguage":"fr-FR","@id":"https:\/\/www.artisanlocal.ch\/c\/facilitez-votre-demenagement-a-coppet\/#primaryimage","url":"https:\/\/www.artisanlocal.ch\/c\/wp-content\/uploads\/2024\/10\/demenageur.jpg","contentUrl":"https:\/\/www.artisanlocal.ch\/c\/wp-content\/uploads\/2024\/10\/demenageur.jpg","width":1920,"height":300},{"@type":"BreadcrumbList","@id":"https:\/\/www.artisanlocal.ch\/c\/facilitez-votre-demenagement-a-coppet\/#breadcrumb","itemListElement":[{"@type":"ListItem","position":1,"name":"Accueil","item":"https:\/\/www.artisanlocal.ch\/c\/"},{"@type":"ListItem","position":2,"name":"Facilitez votre d\u00e9m\u00e9nagement \u00e0 Coppet"}]},{"@type":"WebSite","@id":"https:\/\/www.artisanlocal.ch\/c\/#website","url":"https:\/\/www.artisanlocal.ch\/c\/","name":"Artisanlocal","description":"","publisher":{"@id":"https:\/\/www.artisanlocal.ch\/c\/#organization"},"potentialAction":[{"@type":"SearchAction","target":{"@type":"EntryPoint","urlTemplate":"https:\/\/www.artisanlocal.ch\/c\/?s={search_term_string}"},"query-input":{"@type":"PropertyValueSpecification","valueRequired":true,"valueName":"search_term_string"}}],"inLanguage":"fr-FR"},{"@type":"Organization","@id":"https:\/\/www.artisanlocal.ch\/c\/#organization","name":"Artisanlocal","url":"https:\/\/www.artisanlocal.ch\/c\/","logo":{"@type":"ImageObject","inLanguage":"fr-FR","@id":"https:\/\/www.artisanlocal.ch\/c\/#\/schema\/logo\/image\/","url":"https:\/\/www.artisanlocal.ch\/c\/wp-content\/uploads\/2024\/02\/logo-artisanlocal-h.svg","contentUrl":"https:\/\/www.artisanlocal.ch\/c\/wp-content\/uploads\/2024\/02\/logo-artisanlocal-h.svg","caption":"Artisanlocal"},"image":{"@id":"https:\/\/www.artisanlocal.ch\/c\/#\/schema\/logo\/image\/"}}]}},"_links":{"self":[{"href":"https:\/\/www.artisanlocal.ch\/c\/wp-json\/wp\/v2\/pages\/873","targetHints":{"allow":["GET"]}}],"collection":[{"href":"https:\/\/www.artisanlocal.ch\/c\/wp-json\/wp\/v2\/pages"}],"about":[{"href":"https:\/\/www.artisanlocal.ch\/c\/wp-json\/wp\/v2\/types\/page"}],"author":[{"embeddable":true,"href":"https:\/\/www.artisanlocal.ch\/c\/wp-json\/wp\/v2\/users\/4"}],"replies":[{"embeddable":true,"href":"https:\/\/www.artisanlocal.ch\/c\/wp-json\/wp\/v2\/comments?post=873"}],"version-history":[{"count":0,"href":"https:\/\/www.artisanlocal.ch\/c\/wp-json\/wp\/v2\/pages\/873\/revisions"}],"wp:featuredmedia":[{"embeddable":true,"href":"https:\/\/www.artisanlocal.ch\/c\/wp-json\/wp\/v2\/media\/2759"}],"wp:attachment":[{"href":"https:\/\/www.artisanlocal.ch\/c\/wp-json\/wp\/v2\/media?parent=873"}],"wp:term":[{"taxonomy":"profession","embeddable":true,"href":"https:\/\/www.artisanlocal.ch\/c\/wp-json\/wp\/v2\/profession?post=873"},{"taxonomy":"location","embeddable":true,"href":"https:\/\/www.artisanlocal.ch\/c\/wp-json\/wp\/v2\/location?post=873"},{"taxonomy":"canton","embeddable":true,"href":"https:\/\/www.artisanlocal.ch\/c\/wp-json\/wp\/v2\/canton?post=873"}],"curies":[{"name":"wp","href":"https:\/\/api.w.org\/{rel}","templated":true}]}}