{"id":877,"date":"2024-04-23T03:36:42","date_gmt":"2024-04-23T01:36:42","guid":{"rendered":"https:\/\/www.artisanlocal.ch\/c\/artisanlocal-votre-demenageur-a-morges\/"},"modified":"2025-08-26T19:28:12","modified_gmt":"2025-08-26T17:28:12","slug":"artisanlocal-votre-demenageur-a-morges","status":"publish","type":"page","link":"https:\/\/www.artisanlocal.ch\/c\/artisanlocal-votre-demenageur-a-morges\/","title":{"rendered":"D\u00e9m\u00e9nagement \u00e0 Morges"},"content":{"rendered":"<p>D\u00e9m\u00e9nager \u00e0 Morges ne devrait pas \u00eatre compliqu\u00e9. Une fois que vous avez trouv\u00e9 votre nouveau logement et que vous avez d\u00e9termin\u00e9 la date du d\u00e9m\u00e9nagement, il est possible que vous vous demandiez de quelle mani\u00e8re organiser au mieux votre d\u00e9m\u00e9nagement ? Gr\u00e2ce \u00e0 notre soci\u00e9t\u00e9 de d\u00e9m\u00e9nagement \u00e0 Morges, vous gagnez du temps, nous g\u00e9rons toutes les parties de votre d\u00e9m\u00e9nagement, de la location du v\u00e9hicule, \u00e0 la protection de vos meubles.<br \/>\n\r\n<div class=\"box\">\r\n            <div class=\"company-info\">\r\n            <img decoding=\"async\" class=\"company-info__logo\" src=\"https:\/\/www.artisanlocal.ch\/media\/cache\/thumb\/images\/companies\/65d4802831483792464079.png\" alt=\"Logo\">\r\n            <h2 class=\"company-info__name\">MTS Transports & D\u00e9m\u00e9nagements<\/h2>\r\n            <p class=\"company-info__business\">D\u00e9m\u00e9nagements - Transports<\/p>\r\n        <\/div>\r\n        <div class=\"company-contact\">\r\n            <p class=\"company-info__address\">Chemin de Fagne 1<\/p>\r\n                            <div class=\"links\">\r\n                                            <a class=\"btn has-accent-background-color js-phoneNumber\" href=\"tel:0792097552\" title=\"Appelez\" data-id=\"2265\" data-type=\"11\">079 209 75 52<\/a>\r\n                                                                <a class=\"btn has-accent-background-color\" href=\"https:\/\/www.mts-demenagement.com\/\" target=\"_blank\" title=\"Voir le site internet\" data-id=\"2265\" data-type=\"20\">Site internet<\/a>\r\n                                    <\/div>\r\n                    <\/div>\r\n    \r\n            \r\n<form action=\"https:\/\/www.artisanlocal.ch\/c\/wp-admin\/admin-ajax.php\" method=\"post\" class=\"form-contact\" id=\"artisan_form_contact_company_inline\">\r\n    <div><input type=\"hidden\" name=\"action\" value=\"company_contact\"><\/div>\r\n    <div><input type=\"hidden\" name=\"nonce\" value=\"85ec494698\"><\/div>\r\n    <div><input type=\"hidden\" name=\"company_id\" value=\"2265\"><\/div>\r\n    <div><input type=\"hidden\" name=\"form_id\" value=\"artisan_form_contact_company_inline\"><\/div>\r\n    <div class=\"gglcptch gglcptch_v3 gglcptch_custom\"><input type=\"hidden\" id=\"g-recaptcha-response\" name=\"g-recaptcha-response\" \/><br \/><div class=\"gglcptch_error_text\">La p\u00e9riode de v\u00e9rification reCAPTCHA a expir\u00e9. Veuillez recharger la page.<\/div><\/div>    <div class=\"form-content\">\r\n        <div class=\"form-group\">\r\n            <label for=\"contact_firstName\" class=\"required\">Pr\u00e9nom<\/label>\r\n            <input type=\"text\" name=\"firstName\" class=\"form-control\" required>\r\n        <\/div>\r\n        <div class=\"form-group\">\r\n            <label for=\"contact_lastName\" class=\"required\">Nom<\/label>\r\n            <input type=\"text\" name=\"lastName\" class=\"form-control\" required>\r\n        <\/div>\r\n        <div class=\"form-group\">\r\n            <label for=\"contact_email\" class=\"required\">Email<\/label>\r\n            <input type=\"email\" name=\"email\" class=\"form-control\" required>\r\n        <\/div>\r\n        <div class=\"form-group\">\r\n            <label for=\"contact_phone\" class=\"required\">Num\u00e9ro de t\u00e9l\u00e9phone<\/label>\r\n            <input type=\"tel\" name=\"phone\" class=\"form-control\" placeholder=\"0787117165\" pattern=\"^[0-9]{10}$\" required>\r\n        <\/div>\r\n        <div class=\"form-group\">\r\n            <label for=\"contact_postalCode\" class=\"required\">Code postal et localit\u00e9<\/label>\r\n            <input type=\"text\" name=\"postalCode\" class=\"form-control\" required>\r\n        <\/div>\r\n        <div class=\"form-group\">\r\n            <label for=\"contact_address\" class=\"required\">Adresse<\/label>\r\n            <input type=\"text\" name=\"address\" class=\"form-control\" required>\r\n        <\/div>\r\n        <div class=\"full-width topic\">\r\n            <p class=\"required\">Je souhaite \u00eatre contact\u00e9 pour :<\/p>\r\n            <div class=\"form-check\">\r\n                <input type=\"radio\" name=\"topic\" value=\"D\u00e9pannage\" class=\"form-control\" required>\r\n                <label for=\"d\u00e9pannage\">D\u00e9pannage<\/label>\r\n            <\/div>\r\n            <div class=\"form-check\">\r\n                <input type=\"radio\" name=\"topic\" value=\"Entretien\" class=\"form-control\" required>\r\n                <label for=\"entretien\">Entretien<\/label>\r\n            <\/div>\r\n            <div class=\"form-check\">\r\n                <input type=\"radio\" name=\"topic\" value=\"R\u00e9novation\" class=\"form-control\" required>\r\n                <label for=\"r\u00e9novation\">R\u00e9novation<\/label>\r\n            <\/div>\r\n            <div class=\"form-check\">\r\n                <input type=\"radio\" name=\"topic\" value=\"Autre\" class=\"form-control\" required>\r\n                <label for=\"autre\">Autre<\/label>\r\n            <\/div>\r\n        <\/div>\r\n        <div class=\"form-group full-width\">\r\n            <label for=\"contact_message\">Message<\/label>\r\n            <textarea name=\"message\" rows=\"3\" class=\"form-control\"><\/textarea>\r\n        <\/div>\r\n    <\/div>\r\n    <div class=\"form-actions\">\r\n        <button class=\"wp-block-button__link has-accent-background-color\">Contacter<\/button>\r\n    <\/div>\r\n<\/form>\r\n<div class=\"form-feedback\"><\/div>    <\/div><\/p>\n<h2>Artisanlocal le professionnel du d\u00e9m\u00e9nagement \u00e0 Morges<\/h2>\n<p>Notre entreprise est implant\u00e9e \u00e0 Morges depuis d\u00e8s ann\u00e9es. Nous r\u00e9alisons le d\u00e9m\u00e9nagement pour les particuliers et les entreprises. Nos d\u00e9m\u00e9nageurs sont exp\u00e9riment\u00e9s et form\u00e9s aux derni\u00e8res techniques pour vous aider et peu importe la complexit\u00e9 de votre projet.<\/p>\n<h2>Pourquoi choisir Artisanlocal pour votre d\u00e9m\u00e9nagement \u00e0 Morges ?<\/h2>\n<h3>Une entreprise engag\u00e9e<\/h3>\n<p>Dans le but de limiter notre empreinte carbone durant votre d\u00e9m\u00e9nagement, nous employons des emballages biod\u00e9gradables, de plus, nous r\u00e9cup\u00e9rons tous les mat\u00e9riaux employ\u00e9s lors de notre intervention.<\/p>\n<h3>Une entreprise de d\u00e9m\u00e9nagement disponible<\/h3>\n<p>Artisanlocal est disponible tous les jours de la semaine, pour effectuer le d\u00e9m\u00e9nagement de votre appartement, r\u00e9sidence ou de vos locaux commerciaux \u00e0 Morges.<\/p>\n<h3>Entreprise de d\u00e9m\u00e9nagement qui op\u00e8re \u00e0 Morges et dans les environs<\/h3>\n<p>Artisanlocal intervient \u00e0 Morges et dans les villes proches, comme : Chavannes-pr\u00e8s-Renens, Ecublens VD, St-Sulpice VD, Denges, Echandens, Lonay, Pr\u00e9verenges, Villars-Ste-Croix, Bussigny, Echichens, St-Saphorin-sur-Morges, Colombier VD, Vullierens, Bremblens, Romanel-sur-Morges, Aclens, Monnaz, Vaux-sur-Morges, Clarmont, Reverolle, Tolochenaz, Lully VD, Chigny, Vufflens-le-Ch\u00e2teau, Denens, Bussy-Chardonney, St-Prex, Lussy-sur-Morges..<\/p>\n<h3>D\u00e9m\u00e9nagement et installation \u00e0 l&rsquo;international et dans toute la Suisse<\/h3>\n<p>Si vous \u00eates un Morgien, nous pouvons vous aider \u00e0 d\u00e9m\u00e9nager dans les pays frontaliers et toutes les communes de Suisse.<\/p>\n<h3>Des d\u00e9m\u00e9nageurs toujours pr\u00e9cautionneux \u00e0 Morges<\/h3>\n<ul>\n<li>Sols : lors de votre d\u00e9m\u00e9nagement, nous nous assurerons de marcher avec prudence et \u00e0 d\u00e9placer vos biens pour \u00e9viter de rayer vos sols.<\/li>\n<li>Angles : nous prot\u00e9geons les angles de vos murs de sorte \u00e0 \u00e9viter les \u00e9raflures.<\/li>\n<li>Couloirs : avant de transporter votre mobilier, nous appliquons des protections dans les couloirs, afin de pr\u00e9venir les chocs.<\/li>\n<li>Portes : nous prenons soin de d\u00e9placer vos objets pour pr\u00e9venir les rayures sur vos portes.<\/li>\n<\/ul>\n<h3>Devis gratuits<\/h3>\n<p>Apr\u00e8s analyse de votre projet, nous vous fournissons une \u00e9valuation gratuite.<\/p>\n<h2>Quels sont les services de d\u00e9m\u00e9nagement d&rsquo;Artisanlocal ?<\/h2>\n<h3>D\u00e9m\u00e9nagement de magasins et de bureaux<\/h3>\n<p>Nous organisons le d\u00e9m\u00e9nagement de vos bureaux ou de votre commerce selon votre calendrier, et de la commune de destination.<\/p>\n<h3>D\u00e9m\u00e9nagement de petit volume<\/h3>\n<p>Nous d\u00e9m\u00e9nageons les studios et les petits appartements. Nous parlons d\u2019un petit d\u00e9m\u00e9nagement pour des volumes inf\u00e9rieurs \u00e0 15 m\u00e8tres cubes.<\/p>\n<h3>D\u00e9m\u00e9nagements rapides<\/h3>\n<p>Notre \u00e9quipe de d\u00e9m\u00e9nageurs vous aide \u00e0 vous installer dans votre nouvelle habitation le plus rapidement possible. Nous offrons aussi des services de stockage et de pr\u00e9paration des cartons en urgence.<\/p>\n<h3>Garde-meubles<\/h3>\n<p>Nous r\u00e9cup\u00e9rons vos biens \u00e0 votre domicile et les stockons dans notre entrep\u00f4t prot\u00e9g\u00e9 \u00e0 Morges. Vos affaires seront en s\u00fbret\u00e9 pour la dur\u00e9e que vous d\u00e9sirez. Vous n&rsquo;avez qu&rsquo;\u00e0 nous communiquer le jour et l&rsquo;heure \u00e0 laquelle vous souhaitez reprendre vos biens, et nous les livrerons chez vous \u00e0 la date qui vous arrange.<\/p>\n<h3>Emballage sur mesure pour vos articles de grande valeur<\/h3>\n<p>Vos biens pr\u00e9cieux et les \u0153uvres d&rsquo;art seront emball\u00e9s avec soin. Nous r\u00e9alisons des emballages sur mesure et nous utilisons des \u00e9quipements de levage adapt\u00e9s.<\/p>\n<h3>D\u00e9placement de pianos<\/h3>\n<p>Nous d\u00e9pla\u00e7ons votre piano en toute s\u00e9curit\u00e9. Nos d\u00e9m\u00e9nageurs sont sp\u00e9cialis\u00e9s dans le d\u00e9m\u00e9nagement de pianos : interm\u00e9diaires, droits ou \u00e0 queue.<\/p>\n<h3>Location de monte-meubles \u00e0 Morges<\/h3>\n<p>Nous proposons une prestation de location de monte-meubles pour simplifier le d\u00e9placement de vos meubles lourds en Suisse et \u00e0 Morges.<\/p>\n<h3>Acheter des cartons de d\u00e9m\u00e9nagement \u00e0 Morges<\/h3>\n<p>Vous recherchez des cartons de protection pour votre d\u00e9m\u00e9nagement \u00e0 Morges ? Artisanlocal propose une gamme compl\u00e8te de cartons et aussi : d&rsquo;accessoires, d&rsquo;adh\u00e9sifs, et de housses de protection.<\/p>\n<h2>Qu&rsquo;est-ce qui est inclus dans votre prestation de d\u00e9m\u00e9nagement ?<\/h2>\n<h3>L&#8217;emballage personnalis\u00e9, pour :<\/h3>\n<ul>\n<li>les literies,<\/li>\n<li>les \u00e9crans de t\u00e9l\u00e9vision<\/li>\n<li>les si\u00e8ges,<\/li>\n<li>les sofas<\/li>\n<li>les appareils \u00e9lectrom\u00e9nagers,<\/li>\n<li>les ordinateurs,<\/li>\n<li>les ampoules et les lampes,<\/li>\n<li>les miroirs et tableaux.<\/li>\n<\/ul>\n<h3>L&rsquo;installation et d\u00e9montage du mobilier<\/h3>\n<ul>\n<li>les tables,<\/li>\n<li>les meubles de rangement,<\/li>\n<li>les mobiliers,<\/li>\n<li>les \u00e9tag\u00e8res,<\/li>\n<li>les lustres.<\/li>\n<\/ul>\n<h2>Aide et r\u00e9ponses<\/h2>\n<h3>Quel est le tarif d&rsquo;un d\u00e9m\u00e9nagement \u00e0 Morges et en Suisse ?<\/h3>\n<p>Le co\u00fbt d&rsquo;un d\u00e9m\u00e9nagement \u00e0 Morges varie en fonction du nombre de pi\u00e8ces dans votre habitat.<\/p>\n<p>Voici les prix pr\u00e9cis selon le volume et le nombre de chambres :<\/p>\n<p>Pour un d\u00e9m\u00e9nagement \u00e0 Morges :<\/p>\n<table>\n<tbody>\n<tr>\n<td>Pour un appartement entre 1-2 pi\u00e8ces<\/td>\n<td>Entre 350 \u00e0 600 CHF<\/td>\n<\/tr>\n<tr>\n<td>Pour un appartement entre 2-3 pi\u00e8ces<\/td>\n<td>Entre 700 \u00e0 1300 Francs Suisses<\/td>\n<\/tr>\n<tr>\n<td>Pour un appartement de 3-4 pi\u00e8ces<\/td>\n<td>De 850 \u00e0 2000 CHF<\/td>\n<\/tr>\n<tr>\n<td>Pour une maison<\/td>\n<td>De 1200 \u00e0 2500 Francs Suisses<\/td>\n<\/tr>\n<\/tbody>\n<\/table>\n<p>Pour un service de d\u00e9m\u00e9nagement au-del\u00e0 de 200 km :<\/p>\n<table>\n<tbody>\n<tr>\n<td>Pour un appartement de 1-2 pi\u00e8ces<\/td>\n<td>De 600 \u00e0 900 CHF<\/td>\n<\/tr>\n<tr>\n<td>Pour un appartement de 2-3 pi\u00e8ces<\/td>\n<td>De 1200 \u00e0 2500 CHF<\/td>\n<\/tr>\n<tr>\n<td>Pour un appartement de 3-4 pi\u00e8ces<\/td>\n<td>Entre 1800 \u00e0 3000 CHF<\/td>\n<\/tr>\n<tr>\n<td>D\u2019une maison<\/td>\n<td>Entre 2000 \u00e0 4500 CHF<\/td>\n<\/tr>\n<\/tbody>\n<\/table>\n<h3>Quel est le tarif pour la location d&rsquo;un monte-meuble \u00e0 Morges ?<\/h3>\n<p>Le co\u00fbt pour louer un monte-meuble \u00e0 Morges est d&rsquo;environ 150 CHF par heure.<\/p>\n<h3>Pourquoi faire appel \u00e0 une soci\u00e9t\u00e9 de d\u00e9m\u00e9nagement \u00e0 Morges ?<\/h3>\n<p>M\u00eame si vous \u00e9conomisez de l&rsquo;argent en r\u00e9alisant votre d\u00e9m\u00e9nagement seul, vous vous exposez \u00e0 des blessures plus ou moins graves (surtout si vous n&rsquo;\u00eates pas entra\u00een\u00e9 \u00e0 lever des objets lourds) ou d&rsquo;ab\u00eemer vos meubles au cours du d\u00e9m\u00e9nagement. Avec une entreprise de d\u00e9m\u00e9nagement comme Artisanlocal, vous \u00e9conomisez du temps et vous \u00e9vitez des soucis de dos.<\/p>\n","protected":false},"excerpt":{"rendered":"<p>D\u00e9m\u00e9nager \u00e0 Morges ne devrait pas \u00eatre compliqu\u00e9. Une fois que vous avez trouv\u00e9 votre nouveau logement et que vous avez d\u00e9termin\u00e9 la date du d\u00e9m\u00e9nagement, il est possible que vous vous demandiez de quelle mani\u00e8re organiser au mieux votre d\u00e9m\u00e9nagement ? Gr\u00e2ce \u00e0 notre soci\u00e9t\u00e9 de d\u00e9m\u00e9nagement \u00e0 Morges, vous gagnez du temps, nous [&hellip;]<\/p>\n","protected":false},"author":4,"featured_media":2759,"parent":0,"menu_order":0,"comment_status":"closed","ping_status":"closed","template":"","meta":{"footnotes":""},"profession":[122],"location":[56],"canton":[113],"class_list":["post-877","page","type-page","status-publish","has-post-thumbnail","hentry","profession-demenageur","location-morges","canton-vd"],"yoast_head":"<!-- This site is optimized with the Yoast SEO Premium plugin v25.7.1 (Yoast SEO v27.3) - https:\/\/yoast.com\/product\/yoast-seo-premium-wordpress\/ -->\n<title>D\u00e9m\u00e9nagement \u00e0 Morges - Artisanlocal<\/title>\n<meta name=\"robots\" content=\"index, follow, max-snippet:-1, max-image-preview:large, max-video-preview:-1\" \/>\n<link rel=\"canonical\" href=\"https:\/\/www.artisanlocal.ch\/c\/artisanlocal-votre-demenageur-a-morges\/\" \/>\n<meta property=\"og:locale\" content=\"fr_FR\" \/>\n<meta property=\"og:type\" content=\"article\" \/>\n<meta property=\"og:title\" content=\"D\u00e9m\u00e9nagement \u00e0 Morges\" \/>\n<meta property=\"og:description\" content=\"D\u00e9m\u00e9nager \u00e0 Morges ne devrait pas \u00eatre compliqu\u00e9. Une fois que vous avez trouv\u00e9 votre nouveau logement et que vous avez d\u00e9termin\u00e9 la date du d\u00e9m\u00e9nagement, il est possible que vous vous demandiez de quelle mani\u00e8re organiser au mieux votre d\u00e9m\u00e9nagement ? Gr\u00e2ce \u00e0 notre soci\u00e9t\u00e9 de d\u00e9m\u00e9nagement \u00e0 Morges, vous gagnez du temps, nous [&hellip;]\" \/>\n<meta property=\"og:url\" content=\"https:\/\/www.artisanlocal.ch\/c\/artisanlocal-votre-demenageur-a-morges\/\" \/>\n<meta property=\"og:site_name\" content=\"Artisanlocal\" \/>\n<meta property=\"article:modified_time\" content=\"2025-08-26T17:28:12+00:00\" \/>\n<meta property=\"og:image\" content=\"https:\/\/www.artisanlocal.ch\/c\/wp-content\/uploads\/2024\/10\/demenageur.jpg\" \/>\n\t<meta property=\"og:image:width\" content=\"1920\" \/>\n\t<meta property=\"og:image:height\" content=\"300\" \/>\n\t<meta property=\"og:image:type\" content=\"image\/jpeg\" \/>\n<meta name=\"twitter:card\" content=\"summary_large_image\" \/>\n<meta name=\"twitter:label1\" content=\"Dur\u00e9e de lecture estim\u00e9e\" \/>\n\t<meta name=\"twitter:data1\" content=\"5 minutes\" \/>\n<script type=\"application\/ld+json\" class=\"yoast-schema-graph\">{\"@context\":\"https:\\\/\\\/schema.org\",\"@graph\":[{\"@type\":\"WebPage\",\"@id\":\"https:\\\/\\\/www.artisanlocal.ch\\\/c\\\/artisanlocal-votre-demenageur-a-morges\\\/\",\"url\":\"https:\\\/\\\/www.artisanlocal.ch\\\/c\\\/artisanlocal-votre-demenageur-a-morges\\\/\",\"name\":\"D\u00e9m\u00e9nagement \u00e0 Morges - Artisanlocal\",\"isPartOf\":{\"@id\":\"https:\\\/\\\/www.artisanlocal.ch\\\/c\\\/#website\"},\"primaryImageOfPage\":{\"@id\":\"https:\\\/\\\/www.artisanlocal.ch\\\/c\\\/artisanlocal-votre-demenageur-a-morges\\\/#primaryimage\"},\"image\":{\"@id\":\"https:\\\/\\\/www.artisanlocal.ch\\\/c\\\/artisanlocal-votre-demenageur-a-morges\\\/#primaryimage\"},\"thumbnailUrl\":\"https:\\\/\\\/www.artisanlocal.ch\\\/c\\\/wp-content\\\/uploads\\\/2024\\\/10\\\/demenageur.jpg\",\"datePublished\":\"2024-04-23T01:36:42+00:00\",\"dateModified\":\"2025-08-26T17:28:12+00:00\",\"breadcrumb\":{\"@id\":\"https:\\\/\\\/www.artisanlocal.ch\\\/c\\\/artisanlocal-votre-demenageur-a-morges\\\/#breadcrumb\"},\"inLanguage\":\"fr-FR\",\"potentialAction\":[{\"@type\":\"ReadAction\",\"target\":[\"https:\\\/\\\/www.artisanlocal.ch\\\/c\\\/artisanlocal-votre-demenageur-a-morges\\\/\"]}]},{\"@type\":\"ImageObject\",\"inLanguage\":\"fr-FR\",\"@id\":\"https:\\\/\\\/www.artisanlocal.ch\\\/c\\\/artisanlocal-votre-demenageur-a-morges\\\/#primaryimage\",\"url\":\"https:\\\/\\\/www.artisanlocal.ch\\\/c\\\/wp-content\\\/uploads\\\/2024\\\/10\\\/demenageur.jpg\",\"contentUrl\":\"https:\\\/\\\/www.artisanlocal.ch\\\/c\\\/wp-content\\\/uploads\\\/2024\\\/10\\\/demenageur.jpg\",\"width\":1920,\"height\":300},{\"@type\":\"BreadcrumbList\",\"@id\":\"https:\\\/\\\/www.artisanlocal.ch\\\/c\\\/artisanlocal-votre-demenageur-a-morges\\\/#breadcrumb\",\"itemListElement\":[{\"@type\":\"ListItem\",\"position\":1,\"name\":\"Accueil\",\"item\":\"https:\\\/\\\/www.artisanlocal.ch\\\/c\\\/\"},{\"@type\":\"ListItem\",\"position\":2,\"name\":\"D\u00e9m\u00e9nagement \u00e0 Morges\"}]},{\"@type\":\"WebSite\",\"@id\":\"https:\\\/\\\/www.artisanlocal.ch\\\/c\\\/#website\",\"url\":\"https:\\\/\\\/www.artisanlocal.ch\\\/c\\\/\",\"name\":\"Artisanlocal\",\"description\":\"\",\"publisher\":{\"@id\":\"https:\\\/\\\/www.artisanlocal.ch\\\/c\\\/#organization\"},\"potentialAction\":[{\"@type\":\"SearchAction\",\"target\":{\"@type\":\"EntryPoint\",\"urlTemplate\":\"https:\\\/\\\/www.artisanlocal.ch\\\/c\\\/?s={search_term_string}\"},\"query-input\":{\"@type\":\"PropertyValueSpecification\",\"valueRequired\":true,\"valueName\":\"search_term_string\"}}],\"inLanguage\":\"fr-FR\"},{\"@type\":\"Organization\",\"@id\":\"https:\\\/\\\/www.artisanlocal.ch\\\/c\\\/#organization\",\"name\":\"Artisanlocal\",\"url\":\"https:\\\/\\\/www.artisanlocal.ch\\\/c\\\/\",\"logo\":{\"@type\":\"ImageObject\",\"inLanguage\":\"fr-FR\",\"@id\":\"https:\\\/\\\/www.artisanlocal.ch\\\/c\\\/#\\\/schema\\\/logo\\\/image\\\/\",\"url\":\"https:\\\/\\\/www.artisanlocal.ch\\\/c\\\/wp-content\\\/uploads\\\/2024\\\/02\\\/logo-artisanlocal-h.svg\",\"contentUrl\":\"https:\\\/\\\/www.artisanlocal.ch\\\/c\\\/wp-content\\\/uploads\\\/2024\\\/02\\\/logo-artisanlocal-h.svg\",\"caption\":\"Artisanlocal\"},\"image\":{\"@id\":\"https:\\\/\\\/www.artisanlocal.ch\\\/c\\\/#\\\/schema\\\/logo\\\/image\\\/\"}}]}<\/script>\n<!-- \/ Yoast SEO Premium plugin. -->","yoast_head_json":{"title":"D\u00e9m\u00e9nagement \u00e0 Morges - Artisanlocal","robots":{"index":"index","follow":"follow","max-snippet":"max-snippet:-1","max-image-preview":"max-image-preview:large","max-video-preview":"max-video-preview:-1"},"canonical":"https:\/\/www.artisanlocal.ch\/c\/artisanlocal-votre-demenageur-a-morges\/","og_locale":"fr_FR","og_type":"article","og_title":"D\u00e9m\u00e9nagement \u00e0 Morges","og_description":"D\u00e9m\u00e9nager \u00e0 Morges ne devrait pas \u00eatre compliqu\u00e9. Une fois que vous avez trouv\u00e9 votre nouveau logement et que vous avez d\u00e9termin\u00e9 la date du d\u00e9m\u00e9nagement, il est possible que vous vous demandiez de quelle mani\u00e8re organiser au mieux votre d\u00e9m\u00e9nagement ? Gr\u00e2ce \u00e0 notre soci\u00e9t\u00e9 de d\u00e9m\u00e9nagement \u00e0 Morges, vous gagnez du temps, nous [&hellip;]","og_url":"https:\/\/www.artisanlocal.ch\/c\/artisanlocal-votre-demenageur-a-morges\/","og_site_name":"Artisanlocal","article_modified_time":"2025-08-26T17:28:12+00:00","og_image":[{"width":1920,"height":300,"url":"https:\/\/www.artisanlocal.ch\/c\/wp-content\/uploads\/2024\/10\/demenageur.jpg","type":"image\/jpeg"}],"twitter_card":"summary_large_image","twitter_misc":{"Dur\u00e9e de lecture estim\u00e9e":"5 minutes"},"schema":{"@context":"https:\/\/schema.org","@graph":[{"@type":"WebPage","@id":"https:\/\/www.artisanlocal.ch\/c\/artisanlocal-votre-demenageur-a-morges\/","url":"https:\/\/www.artisanlocal.ch\/c\/artisanlocal-votre-demenageur-a-morges\/","name":"D\u00e9m\u00e9nagement \u00e0 Morges - Artisanlocal","isPartOf":{"@id":"https:\/\/www.artisanlocal.ch\/c\/#website"},"primaryImageOfPage":{"@id":"https:\/\/www.artisanlocal.ch\/c\/artisanlocal-votre-demenageur-a-morges\/#primaryimage"},"image":{"@id":"https:\/\/www.artisanlocal.ch\/c\/artisanlocal-votre-demenageur-a-morges\/#primaryimage"},"thumbnailUrl":"https:\/\/www.artisanlocal.ch\/c\/wp-content\/uploads\/2024\/10\/demenageur.jpg","datePublished":"2024-04-23T01:36:42+00:00","dateModified":"2025-08-26T17:28:12+00:00","breadcrumb":{"@id":"https:\/\/www.artisanlocal.ch\/c\/artisanlocal-votre-demenageur-a-morges\/#breadcrumb"},"inLanguage":"fr-FR","potentialAction":[{"@type":"ReadAction","target":["https:\/\/www.artisanlocal.ch\/c\/artisanlocal-votre-demenageur-a-morges\/"]}]},{"@type":"ImageObject","inLanguage":"fr-FR","@id":"https:\/\/www.artisanlocal.ch\/c\/artisanlocal-votre-demenageur-a-morges\/#primaryimage","url":"https:\/\/www.artisanlocal.ch\/c\/wp-content\/uploads\/2024\/10\/demenageur.jpg","contentUrl":"https:\/\/www.artisanlocal.ch\/c\/wp-content\/uploads\/2024\/10\/demenageur.jpg","width":1920,"height":300},{"@type":"BreadcrumbList","@id":"https:\/\/www.artisanlocal.ch\/c\/artisanlocal-votre-demenageur-a-morges\/#breadcrumb","itemListElement":[{"@type":"ListItem","position":1,"name":"Accueil","item":"https:\/\/www.artisanlocal.ch\/c\/"},{"@type":"ListItem","position":2,"name":"D\u00e9m\u00e9nagement \u00e0 Morges"}]},{"@type":"WebSite","@id":"https:\/\/www.artisanlocal.ch\/c\/#website","url":"https:\/\/www.artisanlocal.ch\/c\/","name":"Artisanlocal","description":"","publisher":{"@id":"https:\/\/www.artisanlocal.ch\/c\/#organization"},"potentialAction":[{"@type":"SearchAction","target":{"@type":"EntryPoint","urlTemplate":"https:\/\/www.artisanlocal.ch\/c\/?s={search_term_string}"},"query-input":{"@type":"PropertyValueSpecification","valueRequired":true,"valueName":"search_term_string"}}],"inLanguage":"fr-FR"},{"@type":"Organization","@id":"https:\/\/www.artisanlocal.ch\/c\/#organization","name":"Artisanlocal","url":"https:\/\/www.artisanlocal.ch\/c\/","logo":{"@type":"ImageObject","inLanguage":"fr-FR","@id":"https:\/\/www.artisanlocal.ch\/c\/#\/schema\/logo\/image\/","url":"https:\/\/www.artisanlocal.ch\/c\/wp-content\/uploads\/2024\/02\/logo-artisanlocal-h.svg","contentUrl":"https:\/\/www.artisanlocal.ch\/c\/wp-content\/uploads\/2024\/02\/logo-artisanlocal-h.svg","caption":"Artisanlocal"},"image":{"@id":"https:\/\/www.artisanlocal.ch\/c\/#\/schema\/logo\/image\/"}}]}},"_links":{"self":[{"href":"https:\/\/www.artisanlocal.ch\/c\/wp-json\/wp\/v2\/pages\/877","targetHints":{"allow":["GET"]}}],"collection":[{"href":"https:\/\/www.artisanlocal.ch\/c\/wp-json\/wp\/v2\/pages"}],"about":[{"href":"https:\/\/www.artisanlocal.ch\/c\/wp-json\/wp\/v2\/types\/page"}],"author":[{"embeddable":true,"href":"https:\/\/www.artisanlocal.ch\/c\/wp-json\/wp\/v2\/users\/4"}],"replies":[{"embeddable":true,"href":"https:\/\/www.artisanlocal.ch\/c\/wp-json\/wp\/v2\/comments?post=877"}],"version-history":[{"count":0,"href":"https:\/\/www.artisanlocal.ch\/c\/wp-json\/wp\/v2\/pages\/877\/revisions"}],"wp:featuredmedia":[{"embeddable":true,"href":"https:\/\/www.artisanlocal.ch\/c\/wp-json\/wp\/v2\/media\/2759"}],"wp:attachment":[{"href":"https:\/\/www.artisanlocal.ch\/c\/wp-json\/wp\/v2\/media?parent=877"}],"wp:term":[{"taxonomy":"profession","embeddable":true,"href":"https:\/\/www.artisanlocal.ch\/c\/wp-json\/wp\/v2\/profession?post=877"},{"taxonomy":"location","embeddable":true,"href":"https:\/\/www.artisanlocal.ch\/c\/wp-json\/wp\/v2\/location?post=877"},{"taxonomy":"canton","embeddable":true,"href":"https:\/\/www.artisanlocal.ch\/c\/wp-json\/wp\/v2\/canton?post=877"}],"curies":[{"name":"wp","href":"https:\/\/api.w.org\/{rel}","templated":true}]}}