{"id":878,"date":"2024-04-23T07:42:22","date_gmt":"2024-04-23T05:42:22","guid":{"rendered":"https:\/\/www.artisanlocal.ch\/c\/votre-demenageur-a-moudon\/"},"modified":"2025-08-26T19:28:07","modified_gmt":"2025-08-26T17:28:07","slug":"votre-demenageur-a-moudon","status":"publish","type":"page","link":"https:\/\/www.artisanlocal.ch\/c\/votre-demenageur-a-moudon\/","title":{"rendered":"Votre d\u00e9m\u00e9nageur \u00e0 Moudon"},"content":{"rendered":"<p>D\u00e9m\u00e9nager \u00e0 Moudon ne doit pas \u00eatre un casse-t\u00eate. Une fois que vous avez trouv\u00e9 votre appartement et que vous avez fix\u00e9 la date du d\u00e9m\u00e9nagement, il est possible que vous vous demandiez comment pr\u00e9voir au mieux votre d\u00e9m\u00e9nagement et votre installation ? \u00c0 l&rsquo;aide de notre entreprise de d\u00e9m\u00e9nagement \u00e0 Moudon, vous gagnez du temps, nous g\u00e9rons tous les aspects de votre d\u00e9m\u00e9nagement et am\u00e9nagement, de la location du v\u00e9hicule, jusqu&rsquo;\u00e0 la protection de vos meubles.<\/p>\n\r\n<div class=\"box\">\r\n    <h2 class=\"text-dark\">Nous cherchons un <em class=\"text-primary\">D\u00e9m\u00e9nageur<\/em> dans la r\u00e9gion de <em class=\"text-primary\">Moudon<\/em>  en exclusivit\u00e9, afin de proposer vos services \u00e0 nos clients propri\u00e9taires.<\/h2>\r\n    <p>Une opportunit\u00e9 unique pour booster votre activit\u00e9 \u00e0 <strong>Moudon<\/strong> et aux alentours dans votre domaine (D\u00e9m\u00e9nageur).<\/p>\r\n    <p>Nous travaillons en exclusivit\u00e9 avec qu'une soci\u00e9t\u00e9 par m\u00e9tier et par r\u00e9gion. <br>Votre entreprise est pr\u00e9sente sur tous les documents immobiliers. Afin d'\u00eatre mieux vu sur le net, vous \u00eates \u00e9galement visible sur nos deux sites et sur les pages de r\u00e9f\u00e9rencement de votre r\u00e9gion.<\/p>\r\n    <a href=\"\/contact\" class=\"wp-block-button__link has-accent-background-color has-text-align-center wp-element-button\">R\u00e9server<\/a>\r\n<\/div>\n<h2>Artisanlocal une soci\u00e9t\u00e9 de confiance pour votre d\u00e9m\u00e9nagement <\/h2>\n<p>Notre soci\u00e9t\u00e9 est localis\u00e9e au centre de Moudon. Nous sommes sp\u00e9cialis\u00e9s dans les d\u00e9m\u00e9nagements de bureaux et de particuliers. Nos d\u00e9m\u00e9nageurs sont comp\u00e9tents et exp\u00e9riment\u00e9s pour accomplir tous vos projets.<\/p>\n<h2>Quels sont les b\u00e9n\u00e9fices de collaborer avec Artisanlocal \u00e0 Moudon ?<\/h2>\n<h3>Une soci\u00e9t\u00e9 \u00e9coresponsable<\/h3>\n<p>Pour limiter notre impact environnemental durant votre d\u00e9m\u00e9nagement, nous employons des protections biod\u00e9gradables, de plus, nous r\u00e9utilisons tous les mat\u00e9riaux employ\u00e9s lors du d\u00e9m\u00e9nagement.<\/p>\n<h3>Artisanlocal une soci\u00e9t\u00e9 disponible \u00e0 tout moment pour votre d\u00e9m\u00e9nagement<\/h3>\n<p>Nous sommes disponibles 7 jours sur 7, pour r\u00e9aliser le d\u00e9m\u00e9nagement de votre studio, r\u00e9sidence ou de vos locaux commerciaux \u00e0 Moudon.<\/p>\n<h3>Prestation de d\u00e9m\u00e9nagement \u00e0 Moudon et dans les localit\u00e9s \u00e0 proximit\u00e9<\/h3>\n<p>Notre soci\u00e9t\u00e9 intervient \u00e0 Moudon et dans les localit\u00e9s proches, telles que : Ogens, Villars-Mendraz, Sottens, Boulens, Chapelle-sur-Moudon, Martherenges, Peyres-Possens, Chan\u00e9az, Pr\u00e9vondavaux, Correvon, Denezy, St-Cierges, Thierrens, Vuissens, Vucherens, Syens, Chavannes-sur-Moudon, Hermenches, Rossenges, Bussy-sur-Moudon, Neyruz-sur-Moudon, Villars-le-Comte, Curtilles, Lucens, Oulens-sur-Lucens, Granges-pr\u00e8s-Marnand, Marnand, Henniez, Seigneux, Cremin, Forel-sur-Lucens, Villeneuve FR, Praratoud, Surpierre, Cheiry, Chapelle (Broye), Sassel, Combremont-le-Grand, Combremont-le-Petit, Champtauroz, Rossens VD, S\u00e9deilles, Villarzel, Dompierre VD, Lovatens, Pr\u00e9vonloup, Cerniaz VD, Villars-Bramard, Brenles, Chesalles-sur-Moudon, Sarzens..<\/p>\n<h3>Intervention \u00e0 l&rsquo;international et dans toute la Suisse<\/h3>\n<p>Si vous \u00eates un Moudonnois, Artisanlocal vous aide pour d\u00e9m\u00e9nager dans n&rsquo;importe quelle commune en Suisse et dans les pays voisins.&nbsp;<\/p>\n<h3>Des d\u00e9m\u00e9nageurs toujours minutieux \u00e0 Moudon<\/h3>\n<p>Nous nous engageons \u00e0 prendre toutes les mesures n\u00e9cessaires afin d&rsquo;\u00e9viter d&rsquo;occasionner des pr\u00e9judices, \u00e0 titre d&rsquo;illustration pour vos :&nbsp;<\/p>\n<ul>\n<li>Sols : pendant votre d\u00e9m\u00e9nagement, nous veillerons \u00e0 marcher avec pr\u00e9caution et \u00e0 d\u00e9m\u00e9nager vos objets afin d\u2019\u00e9viter d&rsquo;ab\u00eemer vos planchers.<\/li>\n<li>Coins : nous veillons \u00e0 pr\u00e9server les angles de vos murs pour\u00e9viter les dommages.<\/li>\n<li>Couloirs : avant de d\u00e9m\u00e9nager votre mobilier, nous pla\u00e7ons des protections dans les couloirs, dans le but de pr\u00e9venir les chocs.<\/li>\n<li>Portes : si cela le demande, nous prot\u00e9geons vos portes contre les dommages.<\/li>\n<\/ul>\n<h3>\u00c9valuations gratuites<\/h3>\n<p>Apr\u00e8s qu\u2019un de nos d\u00e9m\u00e9nageurs est examin\u00e9 vos besoins, notre entreprise vous fournit une estimation gratuite.<\/p>\n<h2>Quels sont les types de services et de d\u00e9m\u00e9nagement que propose Artisanlocal \u00e0 Moudon ?<\/h2>\n<h3>D\u00e9m\u00e9nagement de boutiques et de bureaux<\/h3>\n<p>Nous r\u00e9alisons le d\u00e9m\u00e9nagement des espaces de travail et des magasins.<\/p>\n<h3>Petits d\u00e9m\u00e9nagements<\/h3>\n<p>Nous nous occupons aussi de d\u00e9m\u00e9nager des petits appartements. Nous d\u00e9finissons un petit d\u00e9m\u00e9nagement pour des projets inf\u00e9rieurs \u00e0 15 m\u00e8tres cubes.<\/p>\n<h3>D\u00e9m\u00e9nagements express<\/h3>\n<p>Nous vous aiderons \u00e0 emm\u00e9nager dans votre nouvelle habitation rapidement. Nous avons aussi des prestations de stockage et d&#8217;emballage en urgence.<\/p>\n<h3>Espace de stockage<\/h3>\n<p>Nous venons chercher vos biens et ensuite nous les transportons vers notre entrep\u00f4t \u00e0 Moudon. Ils seront stock\u00e9s pendant la p\u00e9riode de votre choix. Pour cela, il vous suffit de nous signaler la date \u00e0 laquelle vous d\u00e9sirez chercher vos meubles, et nous vous les remettrons \u00e0 l&rsquo;heure qui vous conviendra.<\/p>\n<h3>Emballage sur mesure pour vos objets de grande valeur<\/h3>\n<p>Vos biens pr\u00e9cieux et les \u0153uvres d&rsquo;art vont \u00eatre emball\u00e9s avec soin. Nous \u00e9laborons des emballages personnalis\u00e9s et nous les enveloppons, par ailleurs, nous employons des mat\u00e9riels de levage appropri\u00e9s.<\/p>\n<h3>Transfert de pianos<\/h3>\n<h3>D\u00e9placer un piano de mani\u00e8re s\u00e9curis\u00e9e n\u00e9cessite des expertises, des mat\u00e9riels et des formations sp\u00e9cifiques. Notre entreprise d\u00e9m\u00e9nage tous mod\u00e8les de pianos : droits, horizontaux et interm\u00e9diaires.<\/h3>\n<h3>Location de monte-meubles \u00e0 Moudon <\/h3>\n<p>Notre prestation de location de monte-meubles permet le d\u00e9m\u00e9nagement de vos mobiliers facilement en Suisse et \u00e0 Moudon.<\/p>\n<h3>Acheter des cartons de d\u00e9m\u00e9nagement \u00e0 Moudon<\/h3>\n<p>Vous \u00eates \u00e0 la recherche de cartons de protection pour votre projet \u00e0 Moudon ? Chez Artisanlocal, nous proposons des emballages et des protections adapt\u00e9es.<\/p>\n<h2>Qu&rsquo;est-ce qui est pr\u00e9vu dans votre service de d\u00e9m\u00e9nagement ?<\/h2>\n<h3>L\u2019emballage sur mesure, pour :<\/h3>\n<ul>\n<li>les literies,<\/li>\n<li>les t\u00e9l\u00e9viseurs<\/li>\n<li>les chaises,<\/li>\n<li>les sofas<\/li>\n<li>les appareils \u00e9lectrom\u00e9nagers,<\/li>\n<li>les ordinateurs,<\/li>\n<li>les lampes et ampoules,<\/li>\n<li>les tableaux et miroirs.<\/li>\n<\/ul>\n<h3>Le d\u00e9montage des meubles<\/h3>\n<ul>\n<li>les tables,<\/li>\n<li>les meubles de rangement,<\/li>\n<li>les mobiliers,<\/li>\n<li>les \u00e9tag\u00e8res,<\/li>\n<li>les lustres.<\/li>\n<\/ul>\n<h2>Aide et r\u00e9ponses<\/h2>\n<h3>Quel est le prix d&rsquo;un d\u00e9m\u00e9nagement \u00e0 Moudon et en Suisse ?<\/h3>\n<p>La somme \u00e0 pr\u00e9voir pour un d\u00e9m\u00e9nagement \u00e0 Moudon change en fonction du nombre de pi\u00e8ces dans votre habitat.<\/p>\n<p>Voici les prix d\u00e9taill\u00e9s selon le nombre de chambres et le volume :<\/p>\n<p>Pour un d\u00e9m\u00e9nagement \u00e0 Moudon :<\/p>\n<table>\n<tbody>\n<tr>\n<td>Pour un appartement entre 1-2 pi\u00e8ces<\/td>\n<td>De 350 \u00e0 600 Francs Suisses<\/td>\n<\/tr>\n<tr>\n<td>Pour un appartement de 2-3 pi\u00e8ces<\/td>\n<td>Entre 700 \u00e0 1300 CHF<\/td>\n<\/tr>\n<tr>\n<td>D\u2019un appartement entre 3-4 pi\u00e8ces<\/td>\n<td>De 850 \u00e0 2000 CHF<\/td>\n<\/tr>\n<tr>\n<td>Pour une maison<\/td>\n<td>Entre 1200 \u00e0 2500 Francs Suisses<\/td>\n<\/tr>\n<\/tbody>\n<\/table>\n<p>Pour d\u00e9m\u00e9nager au-del\u00e0 de 200 km :<\/p>\n<table>\n<tbody>\n<tr>\n<td>D\u2019un appartement de 1-2 pi\u00e8ces<\/td>\n<td>De 600 \u00e0 900 Francs Suisses<\/td>\n<\/tr>\n<tr>\n<td>D\u2019un appartement de 2-3 pi\u00e8ces<\/td>\n<td>De 1200 \u00e0 2500 Francs Suisses<\/td>\n<\/tr>\n<tr>\n<td>D\u2019un appartement de 3-4 pi\u00e8ces<\/td>\n<td>De 1800 \u00e0 3000 CHF<\/td>\n<\/tr>\n<tr>\n<td>D\u2019une maison<\/td>\n<td>De 2000 \u00e0 4500 CHF<\/td>\n<\/tr>\n<\/tbody>\n<\/table>\n<p>Quel est le tarif pour louer un monte-meuble \u00e0 Moudon ?<\/p>\n<p>Le montant approximatif pour la location d&rsquo;un monte meuble \u00e0 Moudon est d&rsquo;environ 150 CHF par heure.<\/p>\n<h3>Quels sont les b\u00e9n\u00e9fices d&rsquo;engager une entreprise sp\u00e9cialis\u00e9e dans le d\u00e9m\u00e9nagement \u00e0 Moudon ?<\/h3>\n<p>M\u00eame si vous \u00e9vitez de perdre de l&rsquo;argent en faisant le d\u00e9m\u00e9nagement vous-m\u00eame, vous pouvez vous blesser (surtout si vous n&rsquo;\u00eates pas entra\u00een\u00e9 \u00e0 lever des objets lourds) ou vous pouvez ab\u00eemer vos biens. En engageant Artisanlocal pour votre d\u00e9m\u00e9nagement, vous \u00e9conomisez du temps et vous limitez les risques.<\/p>\n","protected":false},"excerpt":{"rendered":"<p>D\u00e9m\u00e9nager \u00e0 Moudon ne doit pas \u00eatre un casse-t\u00eate. Une fois que vous avez trouv\u00e9 votre appartement et que vous avez fix\u00e9 la date du d\u00e9m\u00e9nagement, il est possible que vous vous demandiez comment pr\u00e9voir au mieux votre d\u00e9m\u00e9nagement et votre installation ? \u00c0 l&rsquo;aide de notre entreprise de d\u00e9m\u00e9nagement \u00e0 Moudon, vous gagnez du [&hellip;]<\/p>\n","protected":false},"author":4,"featured_media":2759,"parent":0,"menu_order":0,"comment_status":"closed","ping_status":"closed","template":"","meta":{"footnotes":""},"profession":[122],"location":[63],"canton":[113],"class_list":["post-878","page","type-page","status-publish","has-post-thumbnail","hentry","profession-demenageur","location-moudon","canton-vd"],"yoast_head":"<!-- This site is optimized with the Yoast SEO Premium plugin v25.7.1 (Yoast SEO v27.3) - https:\/\/yoast.com\/product\/yoast-seo-premium-wordpress\/ -->\n<title>Votre d\u00e9m\u00e9nageur \u00e0 Moudon - Artisanlocal<\/title>\n<meta name=\"robots\" content=\"index, follow, max-snippet:-1, max-image-preview:large, max-video-preview:-1\" \/>\n<link rel=\"canonical\" href=\"https:\/\/www.artisanlocal.ch\/c\/votre-demenageur-a-moudon\/\" \/>\n<meta property=\"og:locale\" content=\"fr_FR\" \/>\n<meta property=\"og:type\" content=\"article\" \/>\n<meta property=\"og:title\" content=\"Votre d\u00e9m\u00e9nageur \u00e0 Moudon\" \/>\n<meta property=\"og:description\" content=\"D\u00e9m\u00e9nager \u00e0 Moudon ne doit pas \u00eatre un casse-t\u00eate. Une fois que vous avez trouv\u00e9 votre appartement et que vous avez fix\u00e9 la date du d\u00e9m\u00e9nagement, il est possible que vous vous demandiez comment pr\u00e9voir au mieux votre d\u00e9m\u00e9nagement et votre installation ? \u00c0 l&rsquo;aide de notre entreprise de d\u00e9m\u00e9nagement \u00e0 Moudon, vous gagnez du [&hellip;]\" \/>\n<meta property=\"og:url\" content=\"https:\/\/www.artisanlocal.ch\/c\/votre-demenageur-a-moudon\/\" \/>\n<meta property=\"og:site_name\" content=\"Artisanlocal\" \/>\n<meta property=\"article:modified_time\" content=\"2025-08-26T17:28:07+00:00\" \/>\n<meta property=\"og:image\" content=\"https:\/\/www.artisanlocal.ch\/c\/wp-content\/uploads\/2024\/10\/demenageur.jpg\" \/>\n\t<meta property=\"og:image:width\" content=\"1920\" \/>\n\t<meta property=\"og:image:height\" content=\"300\" \/>\n\t<meta property=\"og:image:type\" content=\"image\/jpeg\" \/>\n<meta name=\"twitter:card\" content=\"summary_large_image\" \/>\n<meta name=\"twitter:label1\" content=\"Dur\u00e9e de lecture estim\u00e9e\" \/>\n\t<meta name=\"twitter:data1\" content=\"5 minutes\" \/>\n<script type=\"application\/ld+json\" class=\"yoast-schema-graph\">{\"@context\":\"https:\\\/\\\/schema.org\",\"@graph\":[{\"@type\":\"WebPage\",\"@id\":\"https:\\\/\\\/www.artisanlocal.ch\\\/c\\\/votre-demenageur-a-moudon\\\/\",\"url\":\"https:\\\/\\\/www.artisanlocal.ch\\\/c\\\/votre-demenageur-a-moudon\\\/\",\"name\":\"Votre d\u00e9m\u00e9nageur \u00e0 Moudon - Artisanlocal\",\"isPartOf\":{\"@id\":\"https:\\\/\\\/www.artisanlocal.ch\\\/c\\\/#website\"},\"primaryImageOfPage\":{\"@id\":\"https:\\\/\\\/www.artisanlocal.ch\\\/c\\\/votre-demenageur-a-moudon\\\/#primaryimage\"},\"image\":{\"@id\":\"https:\\\/\\\/www.artisanlocal.ch\\\/c\\\/votre-demenageur-a-moudon\\\/#primaryimage\"},\"thumbnailUrl\":\"https:\\\/\\\/www.artisanlocal.ch\\\/c\\\/wp-content\\\/uploads\\\/2024\\\/10\\\/demenageur.jpg\",\"datePublished\":\"2024-04-23T05:42:22+00:00\",\"dateModified\":\"2025-08-26T17:28:07+00:00\",\"breadcrumb\":{\"@id\":\"https:\\\/\\\/www.artisanlocal.ch\\\/c\\\/votre-demenageur-a-moudon\\\/#breadcrumb\"},\"inLanguage\":\"fr-FR\",\"potentialAction\":[{\"@type\":\"ReadAction\",\"target\":[\"https:\\\/\\\/www.artisanlocal.ch\\\/c\\\/votre-demenageur-a-moudon\\\/\"]}]},{\"@type\":\"ImageObject\",\"inLanguage\":\"fr-FR\",\"@id\":\"https:\\\/\\\/www.artisanlocal.ch\\\/c\\\/votre-demenageur-a-moudon\\\/#primaryimage\",\"url\":\"https:\\\/\\\/www.artisanlocal.ch\\\/c\\\/wp-content\\\/uploads\\\/2024\\\/10\\\/demenageur.jpg\",\"contentUrl\":\"https:\\\/\\\/www.artisanlocal.ch\\\/c\\\/wp-content\\\/uploads\\\/2024\\\/10\\\/demenageur.jpg\",\"width\":1920,\"height\":300},{\"@type\":\"BreadcrumbList\",\"@id\":\"https:\\\/\\\/www.artisanlocal.ch\\\/c\\\/votre-demenageur-a-moudon\\\/#breadcrumb\",\"itemListElement\":[{\"@type\":\"ListItem\",\"position\":1,\"name\":\"Accueil\",\"item\":\"https:\\\/\\\/www.artisanlocal.ch\\\/c\\\/\"},{\"@type\":\"ListItem\",\"position\":2,\"name\":\"Votre d\u00e9m\u00e9nageur \u00e0 Moudon\"}]},{\"@type\":\"WebSite\",\"@id\":\"https:\\\/\\\/www.artisanlocal.ch\\\/c\\\/#website\",\"url\":\"https:\\\/\\\/www.artisanlocal.ch\\\/c\\\/\",\"name\":\"Artisanlocal\",\"description\":\"\",\"publisher\":{\"@id\":\"https:\\\/\\\/www.artisanlocal.ch\\\/c\\\/#organization\"},\"potentialAction\":[{\"@type\":\"SearchAction\",\"target\":{\"@type\":\"EntryPoint\",\"urlTemplate\":\"https:\\\/\\\/www.artisanlocal.ch\\\/c\\\/?s={search_term_string}\"},\"query-input\":{\"@type\":\"PropertyValueSpecification\",\"valueRequired\":true,\"valueName\":\"search_term_string\"}}],\"inLanguage\":\"fr-FR\"},{\"@type\":\"Organization\",\"@id\":\"https:\\\/\\\/www.artisanlocal.ch\\\/c\\\/#organization\",\"name\":\"Artisanlocal\",\"url\":\"https:\\\/\\\/www.artisanlocal.ch\\\/c\\\/\",\"logo\":{\"@type\":\"ImageObject\",\"inLanguage\":\"fr-FR\",\"@id\":\"https:\\\/\\\/www.artisanlocal.ch\\\/c\\\/#\\\/schema\\\/logo\\\/image\\\/\",\"url\":\"https:\\\/\\\/www.artisanlocal.ch\\\/c\\\/wp-content\\\/uploads\\\/2024\\\/02\\\/logo-artisanlocal-h.svg\",\"contentUrl\":\"https:\\\/\\\/www.artisanlocal.ch\\\/c\\\/wp-content\\\/uploads\\\/2024\\\/02\\\/logo-artisanlocal-h.svg\",\"caption\":\"Artisanlocal\"},\"image\":{\"@id\":\"https:\\\/\\\/www.artisanlocal.ch\\\/c\\\/#\\\/schema\\\/logo\\\/image\\\/\"}}]}<\/script>\n<!-- \/ Yoast SEO Premium plugin. -->","yoast_head_json":{"title":"Votre d\u00e9m\u00e9nageur \u00e0 Moudon - Artisanlocal","robots":{"index":"index","follow":"follow","max-snippet":"max-snippet:-1","max-image-preview":"max-image-preview:large","max-video-preview":"max-video-preview:-1"},"canonical":"https:\/\/www.artisanlocal.ch\/c\/votre-demenageur-a-moudon\/","og_locale":"fr_FR","og_type":"article","og_title":"Votre d\u00e9m\u00e9nageur \u00e0 Moudon","og_description":"D\u00e9m\u00e9nager \u00e0 Moudon ne doit pas \u00eatre un casse-t\u00eate. Une fois que vous avez trouv\u00e9 votre appartement et que vous avez fix\u00e9 la date du d\u00e9m\u00e9nagement, il est possible que vous vous demandiez comment pr\u00e9voir au mieux votre d\u00e9m\u00e9nagement et votre installation ? \u00c0 l&rsquo;aide de notre entreprise de d\u00e9m\u00e9nagement \u00e0 Moudon, vous gagnez du [&hellip;]","og_url":"https:\/\/www.artisanlocal.ch\/c\/votre-demenageur-a-moudon\/","og_site_name":"Artisanlocal","article_modified_time":"2025-08-26T17:28:07+00:00","og_image":[{"width":1920,"height":300,"url":"https:\/\/www.artisanlocal.ch\/c\/wp-content\/uploads\/2024\/10\/demenageur.jpg","type":"image\/jpeg"}],"twitter_card":"summary_large_image","twitter_misc":{"Dur\u00e9e de lecture estim\u00e9e":"5 minutes"},"schema":{"@context":"https:\/\/schema.org","@graph":[{"@type":"WebPage","@id":"https:\/\/www.artisanlocal.ch\/c\/votre-demenageur-a-moudon\/","url":"https:\/\/www.artisanlocal.ch\/c\/votre-demenageur-a-moudon\/","name":"Votre d\u00e9m\u00e9nageur \u00e0 Moudon - Artisanlocal","isPartOf":{"@id":"https:\/\/www.artisanlocal.ch\/c\/#website"},"primaryImageOfPage":{"@id":"https:\/\/www.artisanlocal.ch\/c\/votre-demenageur-a-moudon\/#primaryimage"},"image":{"@id":"https:\/\/www.artisanlocal.ch\/c\/votre-demenageur-a-moudon\/#primaryimage"},"thumbnailUrl":"https:\/\/www.artisanlocal.ch\/c\/wp-content\/uploads\/2024\/10\/demenageur.jpg","datePublished":"2024-04-23T05:42:22+00:00","dateModified":"2025-08-26T17:28:07+00:00","breadcrumb":{"@id":"https:\/\/www.artisanlocal.ch\/c\/votre-demenageur-a-moudon\/#breadcrumb"},"inLanguage":"fr-FR","potentialAction":[{"@type":"ReadAction","target":["https:\/\/www.artisanlocal.ch\/c\/votre-demenageur-a-moudon\/"]}]},{"@type":"ImageObject","inLanguage":"fr-FR","@id":"https:\/\/www.artisanlocal.ch\/c\/votre-demenageur-a-moudon\/#primaryimage","url":"https:\/\/www.artisanlocal.ch\/c\/wp-content\/uploads\/2024\/10\/demenageur.jpg","contentUrl":"https:\/\/www.artisanlocal.ch\/c\/wp-content\/uploads\/2024\/10\/demenageur.jpg","width":1920,"height":300},{"@type":"BreadcrumbList","@id":"https:\/\/www.artisanlocal.ch\/c\/votre-demenageur-a-moudon\/#breadcrumb","itemListElement":[{"@type":"ListItem","position":1,"name":"Accueil","item":"https:\/\/www.artisanlocal.ch\/c\/"},{"@type":"ListItem","position":2,"name":"Votre d\u00e9m\u00e9nageur \u00e0 Moudon"}]},{"@type":"WebSite","@id":"https:\/\/www.artisanlocal.ch\/c\/#website","url":"https:\/\/www.artisanlocal.ch\/c\/","name":"Artisanlocal","description":"","publisher":{"@id":"https:\/\/www.artisanlocal.ch\/c\/#organization"},"potentialAction":[{"@type":"SearchAction","target":{"@type":"EntryPoint","urlTemplate":"https:\/\/www.artisanlocal.ch\/c\/?s={search_term_string}"},"query-input":{"@type":"PropertyValueSpecification","valueRequired":true,"valueName":"search_term_string"}}],"inLanguage":"fr-FR"},{"@type":"Organization","@id":"https:\/\/www.artisanlocal.ch\/c\/#organization","name":"Artisanlocal","url":"https:\/\/www.artisanlocal.ch\/c\/","logo":{"@type":"ImageObject","inLanguage":"fr-FR","@id":"https:\/\/www.artisanlocal.ch\/c\/#\/schema\/logo\/image\/","url":"https:\/\/www.artisanlocal.ch\/c\/wp-content\/uploads\/2024\/02\/logo-artisanlocal-h.svg","contentUrl":"https:\/\/www.artisanlocal.ch\/c\/wp-content\/uploads\/2024\/02\/logo-artisanlocal-h.svg","caption":"Artisanlocal"},"image":{"@id":"https:\/\/www.artisanlocal.ch\/c\/#\/schema\/logo\/image\/"}}]}},"_links":{"self":[{"href":"https:\/\/www.artisanlocal.ch\/c\/wp-json\/wp\/v2\/pages\/878","targetHints":{"allow":["GET"]}}],"collection":[{"href":"https:\/\/www.artisanlocal.ch\/c\/wp-json\/wp\/v2\/pages"}],"about":[{"href":"https:\/\/www.artisanlocal.ch\/c\/wp-json\/wp\/v2\/types\/page"}],"author":[{"embeddable":true,"href":"https:\/\/www.artisanlocal.ch\/c\/wp-json\/wp\/v2\/users\/4"}],"replies":[{"embeddable":true,"href":"https:\/\/www.artisanlocal.ch\/c\/wp-json\/wp\/v2\/comments?post=878"}],"version-history":[{"count":0,"href":"https:\/\/www.artisanlocal.ch\/c\/wp-json\/wp\/v2\/pages\/878\/revisions"}],"wp:featuredmedia":[{"embeddable":true,"href":"https:\/\/www.artisanlocal.ch\/c\/wp-json\/wp\/v2\/media\/2759"}],"wp:attachment":[{"href":"https:\/\/www.artisanlocal.ch\/c\/wp-json\/wp\/v2\/media?parent=878"}],"wp:term":[{"taxonomy":"profession","embeddable":true,"href":"https:\/\/www.artisanlocal.ch\/c\/wp-json\/wp\/v2\/profession?post=878"},{"taxonomy":"location","embeddable":true,"href":"https:\/\/www.artisanlocal.ch\/c\/wp-json\/wp\/v2\/location?post=878"},{"taxonomy":"canton","embeddable":true,"href":"https:\/\/www.artisanlocal.ch\/c\/wp-json\/wp\/v2\/canton?post=878"}],"curies":[{"name":"wp","href":"https:\/\/api.w.org\/{rel}","templated":true}]}}