{"id":886,"date":"2024-04-23T11:10:45","date_gmt":"2024-04-23T09:10:45","guid":{"rendered":"https:\/\/www.artisanlocal.ch\/c\/votre-demenageur-a-monthey\/"},"modified":"2025-08-26T19:28:03","modified_gmt":"2025-08-26T17:28:03","slug":"votre-demenageur-a-monthey","status":"publish","type":"page","link":"https:\/\/www.artisanlocal.ch\/c\/votre-demenageur-a-monthey\/","title":{"rendered":"Votre d\u00e9m\u00e9nageur \u00e0 Monthey"},"content":{"rendered":"<p>Le d\u00e9m\u00e9nagement \u00e0 Monthey ne devrait pas \u00eatre compliqu\u00e9. Une fois que vous avez trouv\u00e9 nouvel appartement et que vous avez fix\u00e9 la date du d\u00e9m\u00e9nagement, vous vous demandez peut-\u00eatre comment pr\u00e9voir au mieux votre d\u00e9m\u00e9nagement ? En faisant appel \u00e0 notre soci\u00e9t\u00e9 \u00e0 Monthey, vous gagnez du temps, Artisanlocal prend en charge la globalit\u00e9 de votre d\u00e9m\u00e9nagement, de la location du v\u00e9hicule, jusqu&rsquo;\u00e0 la protection de vos meubles.<br \/>\n\r\n<div class=\"box\">\r\n            <div class=\"company-info\">\r\n            <img decoding=\"async\" class=\"company-info__logo\" src=\"https:\/\/www.artisanlocal.ch\/media\/cache\/thumb\/images\/companies\/66573f4807137721559831.png\" alt=\"Logo\">\r\n            <h2 class=\"company-info__name\">Ma Bulle Services D\u00e9m\u00e9nagements S\u00e0rl<\/h2>\r\n            <p class=\"company-info__business\">D\u00e9m\u00e9nagements - D\u00e9barras - Emballages - Montages des meubles<\/p>\r\n        <\/div>\r\n        <div class=\"company-contact\">\r\n            <p class=\"company-info__address\">Route de Morgins 6<\/p>\r\n                            <div class=\"links\">\r\n                                            <a class=\"btn has-accent-background-color js-phoneNumber\" href=\"tel:0787005680\" title=\"Appelez\" data-id=\"18857\" data-type=\"11\">078 700 56 80<\/a>\r\n                                                                <a class=\"btn has-accent-background-color\" href=\"https:\/\/ma-bulle.ch\/\" target=\"_blank\" title=\"Voir le site internet\" data-id=\"18857\" data-type=\"20\">Site internet<\/a>\r\n                                    <\/div>\r\n                    <\/div>\r\n    \r\n            \r\n<form action=\"https:\/\/www.artisanlocal.ch\/c\/wp-admin\/admin-ajax.php\" method=\"post\" class=\"form-contact\" id=\"artisan_form_contact_company_inline\">\r\n    <div><input type=\"hidden\" name=\"action\" value=\"company_contact\"><\/div>\r\n    <div><input type=\"hidden\" name=\"nonce\" value=\"972bc58192\"><\/div>\r\n    <div><input type=\"hidden\" name=\"company_id\" value=\"18857\"><\/div>\r\n    <div><input type=\"hidden\" name=\"form_id\" value=\"artisan_form_contact_company_inline\"><\/div>\r\n    <div class=\"gglcptch gglcptch_v3 gglcptch_custom\"><input type=\"hidden\" id=\"g-recaptcha-response\" name=\"g-recaptcha-response\" \/><br \/><div class=\"gglcptch_error_text\">La p\u00e9riode de v\u00e9rification reCAPTCHA a expir\u00e9. Veuillez recharger la page.<\/div><\/div>    <div class=\"form-content\">\r\n        <div class=\"form-group\">\r\n            <label for=\"contact_firstName\" class=\"required\">Pr\u00e9nom<\/label>\r\n            <input type=\"text\" name=\"firstName\" class=\"form-control\" required>\r\n        <\/div>\r\n        <div class=\"form-group\">\r\n            <label for=\"contact_lastName\" class=\"required\">Nom<\/label>\r\n            <input type=\"text\" name=\"lastName\" class=\"form-control\" required>\r\n        <\/div>\r\n        <div class=\"form-group\">\r\n            <label for=\"contact_email\" class=\"required\">Email<\/label>\r\n            <input type=\"email\" name=\"email\" class=\"form-control\" required>\r\n        <\/div>\r\n        <div class=\"form-group\">\r\n            <label for=\"contact_phone\" class=\"required\">Num\u00e9ro de t\u00e9l\u00e9phone<\/label>\r\n            <input type=\"tel\" name=\"phone\" class=\"form-control\" placeholder=\"0787117165\" pattern=\"^[0-9]{10}$\" required>\r\n        <\/div>\r\n        <div class=\"form-group\">\r\n            <label for=\"contact_postalCode\" class=\"required\">Code postal et localit\u00e9<\/label>\r\n            <input type=\"text\" name=\"postalCode\" class=\"form-control\" required>\r\n        <\/div>\r\n        <div class=\"form-group\">\r\n            <label for=\"contact_address\" class=\"required\">Adresse<\/label>\r\n            <input type=\"text\" name=\"address\" class=\"form-control\" required>\r\n        <\/div>\r\n        <div class=\"full-width topic\">\r\n            <p class=\"required\">Je souhaite \u00eatre contact\u00e9 pour :<\/p>\r\n            <div class=\"form-check\">\r\n                <input type=\"radio\" name=\"topic\" value=\"D\u00e9pannage\" class=\"form-control\" required>\r\n                <label for=\"d\u00e9pannage\">D\u00e9pannage<\/label>\r\n            <\/div>\r\n            <div class=\"form-check\">\r\n                <input type=\"radio\" name=\"topic\" value=\"Entretien\" class=\"form-control\" required>\r\n                <label for=\"entretien\">Entretien<\/label>\r\n            <\/div>\r\n            <div class=\"form-check\">\r\n                <input type=\"radio\" name=\"topic\" value=\"R\u00e9novation\" class=\"form-control\" required>\r\n                <label for=\"r\u00e9novation\">R\u00e9novation<\/label>\r\n            <\/div>\r\n            <div class=\"form-check\">\r\n                <input type=\"radio\" name=\"topic\" value=\"Autre\" class=\"form-control\" required>\r\n                <label for=\"autre\">Autre<\/label>\r\n            <\/div>\r\n        <\/div>\r\n        <div class=\"form-group full-width\">\r\n            <label for=\"contact_message\">Message<\/label>\r\n            <textarea name=\"message\" rows=\"3\" class=\"form-control\"><\/textarea>\r\n        <\/div>\r\n    <\/div>\r\n    <div class=\"form-actions\">\r\n        <button class=\"wp-block-button__link has-accent-background-color\">Contacter<\/button>\r\n    <\/div>\r\n<\/form>\r\n<div class=\"form-feedback\"><\/div>    <\/div><\/p>\n<h2>Artisanlocal une soci\u00e9t\u00e9 de confiance pour votre projet de d\u00e9m\u00e9nagement \u00e0 Monthey<\/h2>\n<p>Notre soci\u00e9t\u00e9 est situ\u00e9e au c\u0153ur de Monthey. Nous effectuons le d\u00e9m\u00e9nagement pour les particuliers et les bureaux. Nos \u00e9quipes sont form\u00e9es et exp\u00e9riment\u00e9es pour vous assister, quelle que soit la difficult\u00e9 de votre d\u00e9m\u00e9nagement.<\/p>\n<h2>Pourquoi choisir Artisanlocal pour votre d\u00e9m\u00e9nagement \u00e0 Monthey ?<\/h2>\n<h3>Une soci\u00e9t\u00e9 \u00e9coresponsable<\/h3>\n<p>Nos emballages sont biod\u00e9gradables afin de limiter l&rsquo;impact \u00e9cologique de votre d\u00e9m\u00e9nagement, et nous recyclons tous les \u00e9l\u00e9ments utilis\u00e9s lors du d\u00e9m\u00e9nagement.<\/p>\n<h3>Une entreprise de d\u00e9m\u00e9nagement tout le temps disponible<\/h3>\n<p>Notre soci\u00e9t\u00e9 est joignable \u00e0 tout moment et n&rsquo;importe quel jour de la semaine pour d\u00e9m\u00e9nager votre habitation, studio ou vos locaux professionnels.<\/p>\n<h3>Entreprise de d\u00e9m\u00e9nagement qui intervient \u00e0 Monthey et dans les environs<\/h3>\n<p>Nous effectuons les d\u00e9m\u00e9nagements \u00e0 Monthey et aussi dans toutes les localit\u00e9s proches, par exemple : Collombey, Massongex, Cho\u00ebx, Les Giettes, Troistorrents, Champoussin, Les Crosets, Val-d'Illiez, Champ\u00e9ry, Morgins, Mex VS, St-Maurice, V\u00e9rossaz, Morcles, Muraz (Collombey), Vionnaz, Miex, Vouvry, Bouveret, Les Evouettes, St-Gingolph, Torgon, Evionnaz, Collonges, Vernayaz, Dor\u00e9naz, Les Granges (Salvan), Salvan, Le Tr\u00e9tien, Les Mar\u00e9cottes, Finhaut, Le Ch\u00e2telard VS..<\/p>\n<h3>Service de d\u00e9m\u00e9nagement en Suisse et dans les pays frontaliers<\/h3>\n<p>Si vous \u00eates un Montheysan, Artisanlocal vous aide pour d\u00e9m\u00e9nager dans n&rsquo;importe quelle ville en Suisse et dans les pays frontaliers.<\/p>\n<h3>Une entreprise de d\u00e9m\u00e9nagement qui fait attention<\/h3>\n<ul>\n<li>Sols : le jour de votre d\u00e9m\u00e9nagement, nous ferons attention de marcher avec prudence et \u00e0 d\u00e9m\u00e9nager vos biens pour \u00e9viter d&rsquo;ab\u00eemer vos planchers.<\/li>\n<li>Angles : nous prot\u00e9geons les coins de vos murs pour \u00e9viter les \u00e9raflures.<\/li>\n<li>Couloirs : avant le d\u00e9placement de votre mobilier et de votre \u00e9lectrom\u00e9nager, nous installons des protections dans vos couloirs, de sorte \u00e0 \u00e9viter tout casse.<\/li>\n<li>Portes : notre \u00e9quipe prend soin de manipuler vos objets pour \u00e9viter les rayures sur vos portes.<\/li>\n<\/ul>\n<h3>Devis gratuits<\/h3>\n<p>Apr\u00e8s qu&rsquo;un de nos experts est \u00e9tudi\u00e9 votre projet, nous vous offrons une estimation gratuite.<\/p>\n<h2>Quels sont les types de d\u00e9m\u00e9nagement et services que propose Artisanlocal \u00e0 Monthey ?<\/h2>\n<h3>D\u00e9m\u00e9nagement de magasins et de bureaux<\/h3>\n<p>Nous programmons le d\u00e9m\u00e9nagement de vos bureaux ou de votre commerce selon votre planning, et de la commune d&rsquo;arriv\u00e9e.<\/p>\n<h3>Petits d\u00e9m\u00e9nagements<\/h3>\n<p>Nous nous occupons aussi de d\u00e9m\u00e9nager des petits appartements ou studios. C&rsquo;est un d\u00e9m\u00e9nagement pour des volumes inf\u00e9rieurs \u00e0 15 m\u00e8tres cubes.<\/p>\n<h3>D\u00e9m\u00e9nagements rapides<\/h3>\n<p>Nous vous aiderons \u00e0 vous installer dans votre nouvelle habitation le plus rapidement possible. Nous avons aussi des prestations d&#8217;emballage et de stockage en urgence.<\/p>\n<h3>Garde-meubles<\/h3>\n<p>Notre \u00e9quipe vient chercher vos biens et ensuite, nous les transportons vers notre lieu de stockage \u00e0 Monthey. Vos objets seront en s\u00fbret\u00e9 pour la dur\u00e9e que vous souhaitez. Il vous suffit de nous renseigner la date \u00e0 laquelle vous souhaitez chercher vos meubles, et nous vous les remettrons \u00e0 l&rsquo;heure qui vous conviendra.<\/p>\n<h3>Conditionnement des objets de valeur<\/h3>\n<p>Vos objets de grande importance et les \u0153uvres d&rsquo;art vont \u00eatre envelopp\u00e9s avec soin. Nous cr\u00e9ons des emballages adapt\u00e9s et nous les enveloppons, d&rsquo;autre part, nous usons des appareils de levage adapt\u00e9s pour votre d\u00e9m\u00e9nagement.<\/p>\n<h3>Transfert de pianos<\/h3>\n<p>Nous transportons votre piano en toute s\u00e9curit\u00e9. Notre soci\u00e9t\u00e9 d\u00e9m\u00e9nage tous types de pianos : interm\u00e9diaires, droits et horizontaux.<\/p>\n<h3>Service de location monte-meubles \u00e0 Monthey pour d\u00e9m\u00e9nagement<\/h3>\n<p>Nous offrons une prestation de location de monte-meubles pour simplifier le transfert de vos mobiliers lourds en Suisse et \u00e0 Monthey.<\/p>\n<h3>Acheter des cartons pour votre d\u00e9m\u00e9nagement en emm\u00e9nagement \u00e0 Monthey<\/h3>\n<p>Vous recherchez des cartons de protection pour votre projet \u00e0 Monthey ? Notre entreprise offre une large gamme de cartons et aussi : de fournitures, de housses de protection, et d&rsquo;adh\u00e9sifs.<\/p>\n<h2>Qu&rsquo;est-ce qui est pr\u00e9vu dans votre service de d\u00e9m\u00e9nagement ?<\/h2>\n<h3>L&#8217;emballage personnalis\u00e9, pour :<\/h3>\n<ul>\n<li>les literies,<\/li>\n<li>les \u00e9crans de t\u00e9l\u00e9vision<\/li>\n<li>les fauteuils,<\/li>\n<li>les canap\u00e9s<\/li>\n<li>les appareils \u00e9lectrom\u00e9nagers,<\/li>\n<li>les PC,<\/li>\n<li>les ampoules et les lampes,<\/li>\n<li>les tableaux et miroirs.<\/li>\n<\/ul>\n<h3>Le montage et d\u00e9montage du mobilier<\/h3>\n<ul>\n<li>les tables,<\/li>\n<li>les meubles de rangement,<\/li>\n<li>les meubles,<\/li>\n<li>les \u00e9tag\u00e8res,<\/li>\n<li>les lustres.<\/li>\n<\/ul>\n<h2>Foire aux questions<\/h2>\n<h3>Combien co\u00fbte un d\u00e9m\u00e9nagement \u00e0 Monthey et en Suisse ?<\/h3>\n<p>Le co\u00fbt d&rsquo;un d\u00e9m\u00e9nagement \u00e0 Monthey change en fonction du nombre de pi\u00e8ces dans votre logement.<\/p>\n<p>Ci-dessous, vous retrouverez les montants en fonction du nombre de pi\u00e8ces :<\/p>\n<p>Pour un d\u00e9m\u00e9nagement \u00e0 Monthey :<\/p>\n<table>\n<tbody>\n<tr>\n<td>D\u2019un appartement de 1-2 pi\u00e8ces<\/td>\n<td>Entre 350 \u00e0 600 CHF<\/td>\n<\/tr>\n<tr>\n<td>D\u2019un appartement entre 2-3 pi\u00e8ces<\/td>\n<td>Entre 700 \u00e0 1300 Francs Suisses<\/td>\n<\/tr>\n<tr>\n<td>D\u2019un appartement de 3-4 pi\u00e8ces<\/td>\n<td>De 850 \u00e0 2000 Francs Suisses<\/td>\n<\/tr>\n<tr>\n<td>Pour une maison<\/td>\n<td>De 1200 \u00e0 2500 CHF<\/td>\n<\/tr>\n<\/tbody>\n<\/table>\n<p>Pour d\u00e9m\u00e9nager au-del\u00e0 de 200 km :<\/p>\n<table>\n<tbody>\n<tr>\n<td>Pour un appartement de 1-2 pi\u00e8ces<\/td>\n<td>De 600 \u00e0 900 Francs Suisses<\/td>\n<\/tr>\n<tr>\n<td>Pour un appartement de 2-3 pi\u00e8ces<\/td>\n<td>De 1200 \u00e0 2500 Francs Suisses<\/td>\n<\/tr>\n<tr>\n<td>D\u2019un appartement de 3-4 pi\u00e8ces<\/td>\n<td>Entre 1800 \u00e0 3000 CHF<\/td>\n<\/tr>\n<tr>\n<td>D\u2019une maison<\/td>\n<td>De 2000 \u00e0 4500 Francs Suisses<\/td>\n<\/tr>\n<\/tbody>\n<\/table>\n<h3>Combien faut-il compter pour la location d\u2019un monte meuble \u00e0 Monthey ?<\/h3>\n<p>Le montant approximatif pour la location d&rsquo;un monte meuble \u00e0 Monthey est approximativement 150 CHF par heure.<\/p>\n<h3>Quels sont les avantages d&#8217;embaucher une soci\u00e9t\u00e9 experte dans le d\u00e9m\u00e9nagement \u00e0 Monthey ?<\/h3>\n<p>M\u00eame si vous \u00e9conomisez de l&rsquo;argent en effectuant le travail vous-m\u00eame, vous vous exposez \u00e0 des blessures plus ou moins graves (notamment si vous n&rsquo;\u00eates pas entra\u00een\u00e9 \u00e0 lever des objets lourds) ou d\u2019endommager vos meubles au cours du d\u00e9m\u00e9nagement. En faisant appel \u00e0 Artisanlocal pour votre d\u00e9m\u00e9nagement, vous gagnez du temps et vous limitez les risques.<\/p>\n","protected":false},"excerpt":{"rendered":"<p>Le d\u00e9m\u00e9nagement \u00e0 Monthey ne devrait pas \u00eatre compliqu\u00e9. Une fois que vous avez trouv\u00e9 nouvel appartement et que vous avez fix\u00e9 la date du d\u00e9m\u00e9nagement, vous vous demandez peut-\u00eatre comment pr\u00e9voir au mieux votre d\u00e9m\u00e9nagement ? En faisant appel \u00e0 notre soci\u00e9t\u00e9 \u00e0 Monthey, vous gagnez du temps, Artisanlocal prend en charge la globalit\u00e9 [&hellip;]<\/p>\n","protected":false},"author":4,"featured_media":2759,"parent":0,"menu_order":0,"comment_status":"closed","ping_status":"closed","template":"","meta":{"footnotes":""},"profession":[122],"location":[71],"canton":[110],"class_list":["post-886","page","type-page","status-publish","has-post-thumbnail","hentry","profession-demenageur","location-monthey","canton-vs"],"yoast_head":"<!-- This site is optimized with the Yoast SEO Premium plugin v25.7.1 (Yoast SEO v27.4) - https:\/\/yoast.com\/product\/yoast-seo-premium-wordpress\/ -->\n<title>Votre d\u00e9m\u00e9nageur \u00e0 Monthey - Artisanlocal<\/title>\n<meta name=\"robots\" content=\"index, follow, max-snippet:-1, max-image-preview:large, max-video-preview:-1\" \/>\n<link rel=\"canonical\" href=\"https:\/\/www.artisanlocal.ch\/c\/votre-demenageur-a-monthey\/\" \/>\n<meta property=\"og:locale\" content=\"fr_FR\" \/>\n<meta property=\"og:type\" content=\"article\" \/>\n<meta property=\"og:title\" content=\"Votre d\u00e9m\u00e9nageur \u00e0 Monthey\" \/>\n<meta property=\"og:description\" content=\"Le d\u00e9m\u00e9nagement \u00e0 Monthey ne devrait pas \u00eatre compliqu\u00e9. Une fois que vous avez trouv\u00e9 nouvel appartement et que vous avez fix\u00e9 la date du d\u00e9m\u00e9nagement, vous vous demandez peut-\u00eatre comment pr\u00e9voir au mieux votre d\u00e9m\u00e9nagement ? En faisant appel \u00e0 notre soci\u00e9t\u00e9 \u00e0 Monthey, vous gagnez du temps, Artisanlocal prend en charge la globalit\u00e9 [&hellip;]\" \/>\n<meta property=\"og:url\" content=\"https:\/\/www.artisanlocal.ch\/c\/votre-demenageur-a-monthey\/\" \/>\n<meta property=\"og:site_name\" content=\"Artisanlocal\" \/>\n<meta property=\"article:modified_time\" content=\"2025-08-26T17:28:03+00:00\" \/>\n<meta property=\"og:image\" content=\"https:\/\/www.artisanlocal.ch\/c\/wp-content\/uploads\/2024\/10\/demenageur.jpg\" \/>\n\t<meta property=\"og:image:width\" content=\"1920\" \/>\n\t<meta property=\"og:image:height\" content=\"300\" \/>\n\t<meta property=\"og:image:type\" content=\"image\/jpeg\" \/>\n<meta name=\"twitter:card\" content=\"summary_large_image\" \/>\n<meta name=\"twitter:label1\" content=\"Dur\u00e9e de lecture estim\u00e9e\" \/>\n\t<meta name=\"twitter:data1\" content=\"5 minutes\" \/>\n<script type=\"application\/ld+json\" class=\"yoast-schema-graph\">{\"@context\":\"https:\\\/\\\/schema.org\",\"@graph\":[{\"@type\":\"WebPage\",\"@id\":\"https:\\\/\\\/www.artisanlocal.ch\\\/c\\\/votre-demenageur-a-monthey\\\/\",\"url\":\"https:\\\/\\\/www.artisanlocal.ch\\\/c\\\/votre-demenageur-a-monthey\\\/\",\"name\":\"Votre d\u00e9m\u00e9nageur \u00e0 Monthey - Artisanlocal\",\"isPartOf\":{\"@id\":\"https:\\\/\\\/www.artisanlocal.ch\\\/c\\\/#website\"},\"primaryImageOfPage\":{\"@id\":\"https:\\\/\\\/www.artisanlocal.ch\\\/c\\\/votre-demenageur-a-monthey\\\/#primaryimage\"},\"image\":{\"@id\":\"https:\\\/\\\/www.artisanlocal.ch\\\/c\\\/votre-demenageur-a-monthey\\\/#primaryimage\"},\"thumbnailUrl\":\"https:\\\/\\\/www.artisanlocal.ch\\\/c\\\/wp-content\\\/uploads\\\/2024\\\/10\\\/demenageur.jpg\",\"datePublished\":\"2024-04-23T09:10:45+00:00\",\"dateModified\":\"2025-08-26T17:28:03+00:00\",\"breadcrumb\":{\"@id\":\"https:\\\/\\\/www.artisanlocal.ch\\\/c\\\/votre-demenageur-a-monthey\\\/#breadcrumb\"},\"inLanguage\":\"fr-FR\",\"potentialAction\":[{\"@type\":\"ReadAction\",\"target\":[\"https:\\\/\\\/www.artisanlocal.ch\\\/c\\\/votre-demenageur-a-monthey\\\/\"]}]},{\"@type\":\"ImageObject\",\"inLanguage\":\"fr-FR\",\"@id\":\"https:\\\/\\\/www.artisanlocal.ch\\\/c\\\/votre-demenageur-a-monthey\\\/#primaryimage\",\"url\":\"https:\\\/\\\/www.artisanlocal.ch\\\/c\\\/wp-content\\\/uploads\\\/2024\\\/10\\\/demenageur.jpg\",\"contentUrl\":\"https:\\\/\\\/www.artisanlocal.ch\\\/c\\\/wp-content\\\/uploads\\\/2024\\\/10\\\/demenageur.jpg\",\"width\":1920,\"height\":300},{\"@type\":\"BreadcrumbList\",\"@id\":\"https:\\\/\\\/www.artisanlocal.ch\\\/c\\\/votre-demenageur-a-monthey\\\/#breadcrumb\",\"itemListElement\":[{\"@type\":\"ListItem\",\"position\":1,\"name\":\"Accueil\",\"item\":\"https:\\\/\\\/www.artisanlocal.ch\\\/c\\\/\"},{\"@type\":\"ListItem\",\"position\":2,\"name\":\"Votre d\u00e9m\u00e9nageur \u00e0 Monthey\"}]},{\"@type\":\"WebSite\",\"@id\":\"https:\\\/\\\/www.artisanlocal.ch\\\/c\\\/#website\",\"url\":\"https:\\\/\\\/www.artisanlocal.ch\\\/c\\\/\",\"name\":\"Artisanlocal\",\"description\":\"\",\"publisher\":{\"@id\":\"https:\\\/\\\/www.artisanlocal.ch\\\/c\\\/#organization\"},\"potentialAction\":[{\"@type\":\"SearchAction\",\"target\":{\"@type\":\"EntryPoint\",\"urlTemplate\":\"https:\\\/\\\/www.artisanlocal.ch\\\/c\\\/?s={search_term_string}\"},\"query-input\":{\"@type\":\"PropertyValueSpecification\",\"valueRequired\":true,\"valueName\":\"search_term_string\"}}],\"inLanguage\":\"fr-FR\"},{\"@type\":\"Organization\",\"@id\":\"https:\\\/\\\/www.artisanlocal.ch\\\/c\\\/#organization\",\"name\":\"Artisanlocal\",\"url\":\"https:\\\/\\\/www.artisanlocal.ch\\\/c\\\/\",\"logo\":{\"@type\":\"ImageObject\",\"inLanguage\":\"fr-FR\",\"@id\":\"https:\\\/\\\/www.artisanlocal.ch\\\/c\\\/#\\\/schema\\\/logo\\\/image\\\/\",\"url\":\"https:\\\/\\\/www.artisanlocal.ch\\\/c\\\/wp-content\\\/uploads\\\/2024\\\/02\\\/logo-artisanlocal-h.svg\",\"contentUrl\":\"https:\\\/\\\/www.artisanlocal.ch\\\/c\\\/wp-content\\\/uploads\\\/2024\\\/02\\\/logo-artisanlocal-h.svg\",\"caption\":\"Artisanlocal\"},\"image\":{\"@id\":\"https:\\\/\\\/www.artisanlocal.ch\\\/c\\\/#\\\/schema\\\/logo\\\/image\\\/\"}}]}<\/script>\n<!-- \/ Yoast SEO Premium plugin. -->","yoast_head_json":{"title":"Votre d\u00e9m\u00e9nageur \u00e0 Monthey - Artisanlocal","robots":{"index":"index","follow":"follow","max-snippet":"max-snippet:-1","max-image-preview":"max-image-preview:large","max-video-preview":"max-video-preview:-1"},"canonical":"https:\/\/www.artisanlocal.ch\/c\/votre-demenageur-a-monthey\/","og_locale":"fr_FR","og_type":"article","og_title":"Votre d\u00e9m\u00e9nageur \u00e0 Monthey","og_description":"Le d\u00e9m\u00e9nagement \u00e0 Monthey ne devrait pas \u00eatre compliqu\u00e9. Une fois que vous avez trouv\u00e9 nouvel appartement et que vous avez fix\u00e9 la date du d\u00e9m\u00e9nagement, vous vous demandez peut-\u00eatre comment pr\u00e9voir au mieux votre d\u00e9m\u00e9nagement ? En faisant appel \u00e0 notre soci\u00e9t\u00e9 \u00e0 Monthey, vous gagnez du temps, Artisanlocal prend en charge la globalit\u00e9 [&hellip;]","og_url":"https:\/\/www.artisanlocal.ch\/c\/votre-demenageur-a-monthey\/","og_site_name":"Artisanlocal","article_modified_time":"2025-08-26T17:28:03+00:00","og_image":[{"width":1920,"height":300,"url":"https:\/\/www.artisanlocal.ch\/c\/wp-content\/uploads\/2024\/10\/demenageur.jpg","type":"image\/jpeg"}],"twitter_card":"summary_large_image","twitter_misc":{"Dur\u00e9e de lecture estim\u00e9e":"5 minutes"},"schema":{"@context":"https:\/\/schema.org","@graph":[{"@type":"WebPage","@id":"https:\/\/www.artisanlocal.ch\/c\/votre-demenageur-a-monthey\/","url":"https:\/\/www.artisanlocal.ch\/c\/votre-demenageur-a-monthey\/","name":"Votre d\u00e9m\u00e9nageur \u00e0 Monthey - Artisanlocal","isPartOf":{"@id":"https:\/\/www.artisanlocal.ch\/c\/#website"},"primaryImageOfPage":{"@id":"https:\/\/www.artisanlocal.ch\/c\/votre-demenageur-a-monthey\/#primaryimage"},"image":{"@id":"https:\/\/www.artisanlocal.ch\/c\/votre-demenageur-a-monthey\/#primaryimage"},"thumbnailUrl":"https:\/\/www.artisanlocal.ch\/c\/wp-content\/uploads\/2024\/10\/demenageur.jpg","datePublished":"2024-04-23T09:10:45+00:00","dateModified":"2025-08-26T17:28:03+00:00","breadcrumb":{"@id":"https:\/\/www.artisanlocal.ch\/c\/votre-demenageur-a-monthey\/#breadcrumb"},"inLanguage":"fr-FR","potentialAction":[{"@type":"ReadAction","target":["https:\/\/www.artisanlocal.ch\/c\/votre-demenageur-a-monthey\/"]}]},{"@type":"ImageObject","inLanguage":"fr-FR","@id":"https:\/\/www.artisanlocal.ch\/c\/votre-demenageur-a-monthey\/#primaryimage","url":"https:\/\/www.artisanlocal.ch\/c\/wp-content\/uploads\/2024\/10\/demenageur.jpg","contentUrl":"https:\/\/www.artisanlocal.ch\/c\/wp-content\/uploads\/2024\/10\/demenageur.jpg","width":1920,"height":300},{"@type":"BreadcrumbList","@id":"https:\/\/www.artisanlocal.ch\/c\/votre-demenageur-a-monthey\/#breadcrumb","itemListElement":[{"@type":"ListItem","position":1,"name":"Accueil","item":"https:\/\/www.artisanlocal.ch\/c\/"},{"@type":"ListItem","position":2,"name":"Votre d\u00e9m\u00e9nageur \u00e0 Monthey"}]},{"@type":"WebSite","@id":"https:\/\/www.artisanlocal.ch\/c\/#website","url":"https:\/\/www.artisanlocal.ch\/c\/","name":"Artisanlocal","description":"","publisher":{"@id":"https:\/\/www.artisanlocal.ch\/c\/#organization"},"potentialAction":[{"@type":"SearchAction","target":{"@type":"EntryPoint","urlTemplate":"https:\/\/www.artisanlocal.ch\/c\/?s={search_term_string}"},"query-input":{"@type":"PropertyValueSpecification","valueRequired":true,"valueName":"search_term_string"}}],"inLanguage":"fr-FR"},{"@type":"Organization","@id":"https:\/\/www.artisanlocal.ch\/c\/#organization","name":"Artisanlocal","url":"https:\/\/www.artisanlocal.ch\/c\/","logo":{"@type":"ImageObject","inLanguage":"fr-FR","@id":"https:\/\/www.artisanlocal.ch\/c\/#\/schema\/logo\/image\/","url":"https:\/\/www.artisanlocal.ch\/c\/wp-content\/uploads\/2024\/02\/logo-artisanlocal-h.svg","contentUrl":"https:\/\/www.artisanlocal.ch\/c\/wp-content\/uploads\/2024\/02\/logo-artisanlocal-h.svg","caption":"Artisanlocal"},"image":{"@id":"https:\/\/www.artisanlocal.ch\/c\/#\/schema\/logo\/image\/"}}]}},"_links":{"self":[{"href":"https:\/\/www.artisanlocal.ch\/c\/wp-json\/wp\/v2\/pages\/886","targetHints":{"allow":["GET"]}}],"collection":[{"href":"https:\/\/www.artisanlocal.ch\/c\/wp-json\/wp\/v2\/pages"}],"about":[{"href":"https:\/\/www.artisanlocal.ch\/c\/wp-json\/wp\/v2\/types\/page"}],"author":[{"embeddable":true,"href":"https:\/\/www.artisanlocal.ch\/c\/wp-json\/wp\/v2\/users\/4"}],"replies":[{"embeddable":true,"href":"https:\/\/www.artisanlocal.ch\/c\/wp-json\/wp\/v2\/comments?post=886"}],"version-history":[{"count":0,"href":"https:\/\/www.artisanlocal.ch\/c\/wp-json\/wp\/v2\/pages\/886\/revisions"}],"wp:featuredmedia":[{"embeddable":true,"href":"https:\/\/www.artisanlocal.ch\/c\/wp-json\/wp\/v2\/media\/2759"}],"wp:attachment":[{"href":"https:\/\/www.artisanlocal.ch\/c\/wp-json\/wp\/v2\/media?parent=886"}],"wp:term":[{"taxonomy":"profession","embeddable":true,"href":"https:\/\/www.artisanlocal.ch\/c\/wp-json\/wp\/v2\/profession?post=886"},{"taxonomy":"location","embeddable":true,"href":"https:\/\/www.artisanlocal.ch\/c\/wp-json\/wp\/v2\/location?post=886"},{"taxonomy":"canton","embeddable":true,"href":"https:\/\/www.artisanlocal.ch\/c\/wp-json\/wp\/v2\/canton?post=886"}],"curies":[{"name":"wp","href":"https:\/\/api.w.org\/{rel}","templated":true}]}}