{"id":889,"date":"2024-04-22T07:08:23","date_gmt":"2024-04-22T05:08:23","guid":{"rendered":"https:\/\/www.artisanlocal.ch\/c\/artisanlocal-votre-societe-de-demenagement-a-chatel-st-denis\/"},"modified":"2025-08-26T19:28:58","modified_gmt":"2025-08-26T17:28:58","slug":"artisanlocal-votre-societe-de-demenagement-a-chatel-st-denis","status":"publish","type":"page","link":"https:\/\/www.artisanlocal.ch\/c\/artisanlocal-votre-societe-de-demenagement-a-chatel-st-denis\/","title":{"rendered":"D\u00e9m\u00e9nagement \u00e0 Ch\u00e2tel-St-Denis"},"content":{"rendered":"<p>D\u00e9m\u00e9nager \u00e0 Ch\u00e2tel-St-Denis ne doit pas \u00eatre un probl\u00e8me. Une fois que vous avez trouv\u00e9 votre domicile et que vous avez choisi la date du d\u00e9m\u00e9nagement, vous vous demandez peut-\u00eatre comment pr\u00e9parer au mieux votre d\u00e9m\u00e9nagement ? En faisant appel \u00e0 notre soci\u00e9t\u00e9 \u00e0 Ch\u00e2tel-St-Denis, vous \u00e9chappez aux situations stressantes, nous g\u00e9rons toutes les parties de votre d\u00e9m\u00e9nagement et am\u00e9nagement, de la location du v\u00e9hicule, jusqu&rsquo;\u00e0 la protection de vos meubles.<br \/>\n\r\n<div class=\"box\">\r\n    <h2 class=\"text-dark\">Nous cherchons un <em class=\"text-primary\">D\u00e9m\u00e9nageur<\/em> dans la r\u00e9gion de <em class=\"text-primary\">Ch\u00e2tel-St-Denis<\/em>  en exclusivit\u00e9, afin de proposer vos services \u00e0 nos clients propri\u00e9taires.<\/h2>\r\n    <p>Une opportunit\u00e9 unique pour booster votre activit\u00e9 \u00e0 <strong>Ch\u00e2tel-St-Denis<\/strong> et aux alentours dans votre domaine (D\u00e9m\u00e9nageur).<\/p>\r\n    <p>Nous travaillons en exclusivit\u00e9 avec qu'une soci\u00e9t\u00e9 par m\u00e9tier et par r\u00e9gion. <br>Votre entreprise est pr\u00e9sente sur tous les documents immobiliers. Afin d'\u00eatre mieux vu sur le net, vous \u00eates \u00e9galement visible sur nos deux sites et sur les pages de r\u00e9f\u00e9rencement de votre r\u00e9gion.<\/p>\r\n    <a href=\"\/contact\" class=\"wp-block-button__link has-accent-background-color has-text-align-center wp-element-button\">R\u00e9server<\/a>\r\n<\/div><\/p>\n<h2>Artisanlocal une soci\u00e9t\u00e9 de confiance pour votre d\u00e9m\u00e9nagement<\/h2>\n<p>Notre soci\u00e9t\u00e9 est install\u00e9e au c\u0153ur de Ch\u00e2tel-St-Denis. Nous sommes sp\u00e9cialis\u00e9s dans les d\u00e9m\u00e9nagements de bureaux et de particuliers. Nos \u00e9quipes sont form\u00e9es et exp\u00e9riment\u00e9es pour vous assister, peu importe la complexit\u00e9 de votre d\u00e9m\u00e9nagement.<\/p>\n<h2>Pourquoi choisir Artisanlocal pour votre d\u00e9m\u00e9nagement \u00e0 Ch\u00e2tel-St-Denis ?<\/h2>\n<h3>Artisanlocal une soci\u00e9t\u00e9 \u00e9coresponsable<\/h3>\n<p>Nos emballages et protections pour d\u00e9m\u00e9nagement sont biod\u00e9gradables afin de limiter l&rsquo;impact \u00e9cologique de votre d\u00e9m\u00e9nagement, de plus, nous r\u00e9employons tous les \u00e9l\u00e9ments employ\u00e9s lors du d\u00e9m\u00e9nagement.<\/p>\n<h3>Artisanlocal une entreprise disponible \u00e0 tout moment pour votre d\u00e9m\u00e9nagement<\/h3>\n<p>Nos sommes disponibles peu importe le jour dans la semaine pour d\u00e9m\u00e9nager votre maison, appartement ou vos bureaux.<\/p>\n<h3>Artisanlocal op\u00e8re \u00e0 Ch\u00e2tel-St-Denis et dans les environs<\/h3>\n<p>Artisanlocal intervient \u00e0 Ch\u00e2tel-St-Denis et dans les villes proches, telles que : Besencens, Fiaug\u00e8res, St-Martin FR, Granges (Veveyse), Bossonnens, Attalens, Tatroz, Remaufens, Les Paccots, Semsales, Grattavache, La Verrerie, Progens, Bouloz, Pont (Veveyse), Porsel..<\/p>\n<h3>Service de d\u00e9m\u00e9nagement en Suisse et dans les pays frontaliers<\/h3>\n<p>Si vous \u00eates un Ch\u00e2telois, Artisanlocal vous aide pour d\u00e9m\u00e9nager dans les pays limitrophes et toutes les villes de Suisse.<\/p>\n<h3>Une entreprise de d\u00e9m\u00e9nagement qui est attentive aux d\u00e9tails<\/h3>\n<p>Nous enveloppons vos objets et mettons en place des protections sur les murs et les sols pour pr\u00e9venir les dommages au cours de votre d\u00e9m\u00e9nagement, notamment pour vos :<\/p>\n<ul>\n<li>Sols : le jour de votre d\u00e9m\u00e9nagement, nous nous assurerons de marcher avec prudence et \u00e0 d\u00e9m\u00e9nager vos objets afin d&rsquo;\u00e9viter de rayer vos sols.<\/li>\n<li>Angles : nous veillons \u00e0 pr\u00e9server les coins de vos murs pour \u00e9viter les \u00e9raflures.<\/li>\n<li>Couloirs : avant le d\u00e9m\u00e9nagement de votre mobilier et de votre \u00e9lectrom\u00e9nager, nous installons des protections dans vos couloirs, pour \u00e9viter tout dommage.<\/li>\n<li>Portes : nous prot\u00e9geons vos portes contre les rayures.<\/li>\n<\/ul>\n<h3>\u00c9valuations gratuites<\/h3>\n<p>Apr\u00e8s \u00e9tude de votre projet de d\u00e9m\u00e9nagement, nous vous fournissons une \u00e9valuation gratuite.<\/p>\n<h2>Quels sont les services de d\u00e9m\u00e9nagement d&rsquo;Artisanlocal ?<\/h2>\n<h3>D\u00e9m\u00e9nagement de magasins et de bureaux<\/h3>\n<p>Nous effectuons le d\u00e9m\u00e9nagement des commerces et des espaces de travail.<\/p>\n<h3>Petits d\u00e9m\u00e9nagements<\/h3>\n<p>Nous d\u00e9m\u00e9nageons les petits appartements et les studios. Nous d\u00e9finissons un petit d\u00e9m\u00e9nagement pour des projets inf\u00e9rieurs ou \u00e9gaux \u00e0 15 m\u00e8tres cubes.<\/p>\n<h3>D\u00e9m\u00e9nagements en urgence<\/h3>\n<p>Artisanlocal vous aide \u00e0 vous installer dans votre nouvelle maison le plus rapidement possible. Nous offrons par ailleurs des services de garde-meuble et d&#8217;emballage en urgence.<\/p>\n<h3>Espace de stockage<\/h3>\n<p>Nous r\u00e9cup\u00e9rons vos objets et les stockons dans notre entrep\u00f4t s\u00e9curis\u00e9 \u00e0 Ch\u00e2tel-St-Denis. Ils seront entrepos\u00e9s pendant la dur\u00e9e que vous avez choisie. Vous n&rsquo;avez qu&rsquo;\u00e0 nous communiquer le jour et l&rsquo;heure \u00e0 laquelle vous souhaitez r\u00e9cup\u00e9rer vos biens, et nous les apporterons chez vous \u00e0 la date qui vous arrange.<\/p>\n<h3>Emballage des objets de valeur<\/h3>\n<p>Vos \u0153uvres d&rsquo;art ou vos objets de mobiliers pr\u00e9cieux seront pr\u00e9serv\u00e9s. Nous cr\u00e9ons des cartons sur mesure et nous employons des outils de levage appropri\u00e9s.<\/p>\n<h3>D\u00e9placement de pianos<\/h3>\n<p>Nous d\u00e9pla\u00e7ons votre piano en toute s\u00fbret\u00e9. Notre soci\u00e9t\u00e9 d\u00e9place tous mod\u00e8les de pianos : droits, horizontaux et interm\u00e9diaires.<\/p>\n<h3>Service de location monte-meubles \u00e0 Ch\u00e2tel-St-Denis<\/h3>\n<p>Notre service de location de monte-meubles facilite le transfert de vos meubles facilement en Suisse et \u00e0 Ch\u00e2tel-St-Denis.<\/p>\n<h3>Acheter des cartons de d\u00e9m\u00e9nagement \u00e0 Ch\u00e2tel-St-Denis<\/h3>\n<p>Vous cherchez des cartons d&#8217;emballage pour votre projet \u00e0 Ch\u00e2tel-St-Denis ? Artisanlocal propose une gamme compl\u00e8te d&#8217;emballages de d\u00e9m\u00e9nagement et aussi : de fournitures, de housses de protection, et des adh\u00e9sifs.<\/p>\n<h2>Qu&rsquo;est-ce qui est inclus dans votre service de d\u00e9m\u00e9nagement ?<\/h2>\n<h3>L&#8217;emballage personnalis\u00e9, pour :<\/h3>\n<ul>\n<li>les matelas,<\/li>\n<li>les \u00e9crans de t\u00e9l\u00e9vision<\/li>\n<li>les si\u00e8ges,<\/li>\n<li>les sofas<\/li>\n<li>les appareils \u00e9lectrom\u00e9nagers,<\/li>\n<li>les PC,<\/li>\n<li>les lampes et ampoules,<\/li>\n<li>les tableaux et miroirs.<\/li>\n<\/ul>\n<h3>Le montage et d\u00e9montage du mobilier<\/h3>\n<ul>\n<li>les tables,<\/li>\n<li>les armoires,<\/li>\n<li>les meubles,<\/li>\n<li>les supports de rangement,<\/li>\n<li>les lustres.<\/li>\n<\/ul>\n<h2>Foire aux questions<\/h2>\n<h3>Combien co\u00fbte un d\u00e9m\u00e9nagement \u00e0 Ch\u00e2tel-St-Denis et en Suisse ?<\/h3>\n<p>Le prix d&rsquo;un d\u00e9m\u00e9nagement \u00e0 Ch\u00e2tel-St-Denis change en fonction du nombre de pi\u00e8ces dans votre habitat.<\/p>\n<p>Voici les prix pr\u00e9cis selon le volume et le nombre de chambres :<\/p>\n<p>Pour un d\u00e9m\u00e9nagement \u00e0 Ch\u00e2tel-St-Denis :<\/p>\n<table>\n<tbody>\n<tr>\n<td>Pour un appartement entre 1-2 pi\u00e8ces<\/td>\n<td>De 350 \u00e0 600 Francs Suisses<\/td>\n<\/tr>\n<tr>\n<td>D\u2019un appartement entre 2-3 pi\u00e8ces<\/td>\n<td>De 700 \u00e0 1300 CHF<\/td>\n<\/tr>\n<tr>\n<td>D\u2019un appartement entre 3-4 pi\u00e8ces<\/td>\n<td>Entre 850 \u00e0 2000 CHF<\/td>\n<\/tr>\n<tr>\n<td>D\u2019une maison<\/td>\n<td>De 1200 \u00e0 2500 Francs Suisses<\/td>\n<\/tr>\n<\/tbody>\n<\/table>\n<p>Pour d\u00e9m\u00e9nager plus loin de 200 km :<\/p>\n<table>\n<tbody>\n<tr>\n<td>Pour un appartement de 1-2 pi\u00e8ces<\/td>\n<td>Entre 600 \u00e0 900 Francs Suisses<\/td>\n<\/tr>\n<tr>\n<td>Pour un appartement de 2-3 pi\u00e8ces<\/td>\n<td>De 1200 \u00e0 2500 Francs Suisses<\/td>\n<\/tr>\n<tr>\n<td>Pour un appartement de 3-4 pi\u00e8ces<\/td>\n<td>Entre 1800 \u00e0 3000 CHF<\/td>\n<\/tr>\n<tr>\n<td>Pour une maison<\/td>\n<td>Entre 2000 \u00e0 4500 Francs Suisses<\/td>\n<\/tr>\n<\/tbody>\n<\/table>\n<h3>Quel est le tarif pour louer un monte-meuble \u00e0 Ch\u00e2tel-St-Denis ?<\/h3>\n<p>Le montant pour louer un monte-meuble \u00e0 Ch\u00e2tel-St-Denis est d&rsquo;environ 150 Francs Suisses par heure.<\/p>\n<h3>Quels sont les avantages d&rsquo;engager une entreprise experte dans le d\u00e9m\u00e9nagement \u00e0 Ch\u00e2tel-St-Denis ?<\/h3>\n<p>Bien que vous \u00e9vitiez de d\u00e9penser de l&rsquo;argent en accomplissant le d\u00e9m\u00e9nagement vous-m\u00eame, vous risquez de vous blesser (si vous n&rsquo;\u00eates pas habitu\u00e9 \u00e0 soulever des charges importantes) ou d\u2019endommager vos objets au cours de votre d\u00e9m\u00e9nagement. Avec Artisanlocal, vous gagnez du temps et vous \u00e9vitez des soucis de dos.<\/p>\n","protected":false},"excerpt":{"rendered":"<p>D\u00e9m\u00e9nager \u00e0 Ch\u00e2tel-St-Denis ne doit pas \u00eatre un probl\u00e8me. Une fois que vous avez trouv\u00e9 votre domicile et que vous avez choisi la date du d\u00e9m\u00e9nagement, vous vous demandez peut-\u00eatre comment pr\u00e9parer au mieux votre d\u00e9m\u00e9nagement ? En faisant appel \u00e0 notre soci\u00e9t\u00e9 \u00e0 Ch\u00e2tel-St-Denis, vous \u00e9chappez aux situations stressantes, nous g\u00e9rons toutes les parties [&hellip;]<\/p>\n","protected":false},"author":4,"featured_media":2759,"parent":0,"menu_order":0,"comment_status":"closed","ping_status":"closed","template":"","meta":{"footnotes":""},"profession":[122],"location":[52],"canton":[109],"class_list":["post-889","page","type-page","status-publish","has-post-thumbnail","hentry","profession-demenageur","location-chatel-st-denis","canton-fr"],"yoast_head":"<!-- This site is optimized with the Yoast SEO Premium plugin v25.7.1 (Yoast SEO v27.3) - https:\/\/yoast.com\/product\/yoast-seo-premium-wordpress\/ -->\n<title>D\u00e9m\u00e9nagement \u00e0 Ch\u00e2tel-St-Denis - Artisanlocal<\/title>\n<meta name=\"robots\" content=\"index, follow, max-snippet:-1, max-image-preview:large, max-video-preview:-1\" \/>\n<link rel=\"canonical\" href=\"https:\/\/www.artisanlocal.ch\/c\/artisanlocal-votre-societe-de-demenagement-a-chatel-st-denis\/\" \/>\n<meta property=\"og:locale\" content=\"fr_FR\" \/>\n<meta property=\"og:type\" content=\"article\" \/>\n<meta property=\"og:title\" content=\"D\u00e9m\u00e9nagement \u00e0 Ch\u00e2tel-St-Denis\" \/>\n<meta property=\"og:description\" content=\"D\u00e9m\u00e9nager \u00e0 Ch\u00e2tel-St-Denis ne doit pas \u00eatre un probl\u00e8me. Une fois que vous avez trouv\u00e9 votre domicile et que vous avez choisi la date du d\u00e9m\u00e9nagement, vous vous demandez peut-\u00eatre comment pr\u00e9parer au mieux votre d\u00e9m\u00e9nagement ? En faisant appel \u00e0 notre soci\u00e9t\u00e9 \u00e0 Ch\u00e2tel-St-Denis, vous \u00e9chappez aux situations stressantes, nous g\u00e9rons toutes les parties [&hellip;]\" \/>\n<meta property=\"og:url\" content=\"https:\/\/www.artisanlocal.ch\/c\/artisanlocal-votre-societe-de-demenagement-a-chatel-st-denis\/\" \/>\n<meta property=\"og:site_name\" content=\"Artisanlocal\" \/>\n<meta property=\"article:modified_time\" content=\"2025-08-26T17:28:58+00:00\" \/>\n<meta property=\"og:image\" content=\"https:\/\/www.artisanlocal.ch\/c\/wp-content\/uploads\/2024\/10\/demenageur.jpg\" \/>\n\t<meta property=\"og:image:width\" content=\"1920\" \/>\n\t<meta property=\"og:image:height\" content=\"300\" \/>\n\t<meta property=\"og:image:type\" content=\"image\/jpeg\" \/>\n<meta name=\"twitter:card\" content=\"summary_large_image\" \/>\n<meta name=\"twitter:label1\" content=\"Dur\u00e9e de lecture estim\u00e9e\" \/>\n\t<meta name=\"twitter:data1\" content=\"5 minutes\" \/>\n<script type=\"application\/ld+json\" class=\"yoast-schema-graph\">{\"@context\":\"https:\\\/\\\/schema.org\",\"@graph\":[{\"@type\":\"WebPage\",\"@id\":\"https:\\\/\\\/www.artisanlocal.ch\\\/c\\\/artisanlocal-votre-societe-de-demenagement-a-chatel-st-denis\\\/\",\"url\":\"https:\\\/\\\/www.artisanlocal.ch\\\/c\\\/artisanlocal-votre-societe-de-demenagement-a-chatel-st-denis\\\/\",\"name\":\"D\u00e9m\u00e9nagement \u00e0 Ch\u00e2tel-St-Denis - Artisanlocal\",\"isPartOf\":{\"@id\":\"https:\\\/\\\/www.artisanlocal.ch\\\/c\\\/#website\"},\"primaryImageOfPage\":{\"@id\":\"https:\\\/\\\/www.artisanlocal.ch\\\/c\\\/artisanlocal-votre-societe-de-demenagement-a-chatel-st-denis\\\/#primaryimage\"},\"image\":{\"@id\":\"https:\\\/\\\/www.artisanlocal.ch\\\/c\\\/artisanlocal-votre-societe-de-demenagement-a-chatel-st-denis\\\/#primaryimage\"},\"thumbnailUrl\":\"https:\\\/\\\/www.artisanlocal.ch\\\/c\\\/wp-content\\\/uploads\\\/2024\\\/10\\\/demenageur.jpg\",\"datePublished\":\"2024-04-22T05:08:23+00:00\",\"dateModified\":\"2025-08-26T17:28:58+00:00\",\"breadcrumb\":{\"@id\":\"https:\\\/\\\/www.artisanlocal.ch\\\/c\\\/artisanlocal-votre-societe-de-demenagement-a-chatel-st-denis\\\/#breadcrumb\"},\"inLanguage\":\"fr-FR\",\"potentialAction\":[{\"@type\":\"ReadAction\",\"target\":[\"https:\\\/\\\/www.artisanlocal.ch\\\/c\\\/artisanlocal-votre-societe-de-demenagement-a-chatel-st-denis\\\/\"]}]},{\"@type\":\"ImageObject\",\"inLanguage\":\"fr-FR\",\"@id\":\"https:\\\/\\\/www.artisanlocal.ch\\\/c\\\/artisanlocal-votre-societe-de-demenagement-a-chatel-st-denis\\\/#primaryimage\",\"url\":\"https:\\\/\\\/www.artisanlocal.ch\\\/c\\\/wp-content\\\/uploads\\\/2024\\\/10\\\/demenageur.jpg\",\"contentUrl\":\"https:\\\/\\\/www.artisanlocal.ch\\\/c\\\/wp-content\\\/uploads\\\/2024\\\/10\\\/demenageur.jpg\",\"width\":1920,\"height\":300},{\"@type\":\"BreadcrumbList\",\"@id\":\"https:\\\/\\\/www.artisanlocal.ch\\\/c\\\/artisanlocal-votre-societe-de-demenagement-a-chatel-st-denis\\\/#breadcrumb\",\"itemListElement\":[{\"@type\":\"ListItem\",\"position\":1,\"name\":\"Accueil\",\"item\":\"https:\\\/\\\/www.artisanlocal.ch\\\/c\\\/\"},{\"@type\":\"ListItem\",\"position\":2,\"name\":\"D\u00e9m\u00e9nagement \u00e0 Ch\u00e2tel-St-Denis\"}]},{\"@type\":\"WebSite\",\"@id\":\"https:\\\/\\\/www.artisanlocal.ch\\\/c\\\/#website\",\"url\":\"https:\\\/\\\/www.artisanlocal.ch\\\/c\\\/\",\"name\":\"Artisanlocal\",\"description\":\"\",\"publisher\":{\"@id\":\"https:\\\/\\\/www.artisanlocal.ch\\\/c\\\/#organization\"},\"potentialAction\":[{\"@type\":\"SearchAction\",\"target\":{\"@type\":\"EntryPoint\",\"urlTemplate\":\"https:\\\/\\\/www.artisanlocal.ch\\\/c\\\/?s={search_term_string}\"},\"query-input\":{\"@type\":\"PropertyValueSpecification\",\"valueRequired\":true,\"valueName\":\"search_term_string\"}}],\"inLanguage\":\"fr-FR\"},{\"@type\":\"Organization\",\"@id\":\"https:\\\/\\\/www.artisanlocal.ch\\\/c\\\/#organization\",\"name\":\"Artisanlocal\",\"url\":\"https:\\\/\\\/www.artisanlocal.ch\\\/c\\\/\",\"logo\":{\"@type\":\"ImageObject\",\"inLanguage\":\"fr-FR\",\"@id\":\"https:\\\/\\\/www.artisanlocal.ch\\\/c\\\/#\\\/schema\\\/logo\\\/image\\\/\",\"url\":\"https:\\\/\\\/www.artisanlocal.ch\\\/c\\\/wp-content\\\/uploads\\\/2024\\\/02\\\/logo-artisanlocal-h.svg\",\"contentUrl\":\"https:\\\/\\\/www.artisanlocal.ch\\\/c\\\/wp-content\\\/uploads\\\/2024\\\/02\\\/logo-artisanlocal-h.svg\",\"caption\":\"Artisanlocal\"},\"image\":{\"@id\":\"https:\\\/\\\/www.artisanlocal.ch\\\/c\\\/#\\\/schema\\\/logo\\\/image\\\/\"}}]}<\/script>\n<!-- \/ Yoast SEO Premium plugin. -->","yoast_head_json":{"title":"D\u00e9m\u00e9nagement \u00e0 Ch\u00e2tel-St-Denis - Artisanlocal","robots":{"index":"index","follow":"follow","max-snippet":"max-snippet:-1","max-image-preview":"max-image-preview:large","max-video-preview":"max-video-preview:-1"},"canonical":"https:\/\/www.artisanlocal.ch\/c\/artisanlocal-votre-societe-de-demenagement-a-chatel-st-denis\/","og_locale":"fr_FR","og_type":"article","og_title":"D\u00e9m\u00e9nagement \u00e0 Ch\u00e2tel-St-Denis","og_description":"D\u00e9m\u00e9nager \u00e0 Ch\u00e2tel-St-Denis ne doit pas \u00eatre un probl\u00e8me. Une fois que vous avez trouv\u00e9 votre domicile et que vous avez choisi la date du d\u00e9m\u00e9nagement, vous vous demandez peut-\u00eatre comment pr\u00e9parer au mieux votre d\u00e9m\u00e9nagement ? En faisant appel \u00e0 notre soci\u00e9t\u00e9 \u00e0 Ch\u00e2tel-St-Denis, vous \u00e9chappez aux situations stressantes, nous g\u00e9rons toutes les parties [&hellip;]","og_url":"https:\/\/www.artisanlocal.ch\/c\/artisanlocal-votre-societe-de-demenagement-a-chatel-st-denis\/","og_site_name":"Artisanlocal","article_modified_time":"2025-08-26T17:28:58+00:00","og_image":[{"width":1920,"height":300,"url":"https:\/\/www.artisanlocal.ch\/c\/wp-content\/uploads\/2024\/10\/demenageur.jpg","type":"image\/jpeg"}],"twitter_card":"summary_large_image","twitter_misc":{"Dur\u00e9e de lecture estim\u00e9e":"5 minutes"},"schema":{"@context":"https:\/\/schema.org","@graph":[{"@type":"WebPage","@id":"https:\/\/www.artisanlocal.ch\/c\/artisanlocal-votre-societe-de-demenagement-a-chatel-st-denis\/","url":"https:\/\/www.artisanlocal.ch\/c\/artisanlocal-votre-societe-de-demenagement-a-chatel-st-denis\/","name":"D\u00e9m\u00e9nagement \u00e0 Ch\u00e2tel-St-Denis - Artisanlocal","isPartOf":{"@id":"https:\/\/www.artisanlocal.ch\/c\/#website"},"primaryImageOfPage":{"@id":"https:\/\/www.artisanlocal.ch\/c\/artisanlocal-votre-societe-de-demenagement-a-chatel-st-denis\/#primaryimage"},"image":{"@id":"https:\/\/www.artisanlocal.ch\/c\/artisanlocal-votre-societe-de-demenagement-a-chatel-st-denis\/#primaryimage"},"thumbnailUrl":"https:\/\/www.artisanlocal.ch\/c\/wp-content\/uploads\/2024\/10\/demenageur.jpg","datePublished":"2024-04-22T05:08:23+00:00","dateModified":"2025-08-26T17:28:58+00:00","breadcrumb":{"@id":"https:\/\/www.artisanlocal.ch\/c\/artisanlocal-votre-societe-de-demenagement-a-chatel-st-denis\/#breadcrumb"},"inLanguage":"fr-FR","potentialAction":[{"@type":"ReadAction","target":["https:\/\/www.artisanlocal.ch\/c\/artisanlocal-votre-societe-de-demenagement-a-chatel-st-denis\/"]}]},{"@type":"ImageObject","inLanguage":"fr-FR","@id":"https:\/\/www.artisanlocal.ch\/c\/artisanlocal-votre-societe-de-demenagement-a-chatel-st-denis\/#primaryimage","url":"https:\/\/www.artisanlocal.ch\/c\/wp-content\/uploads\/2024\/10\/demenageur.jpg","contentUrl":"https:\/\/www.artisanlocal.ch\/c\/wp-content\/uploads\/2024\/10\/demenageur.jpg","width":1920,"height":300},{"@type":"BreadcrumbList","@id":"https:\/\/www.artisanlocal.ch\/c\/artisanlocal-votre-societe-de-demenagement-a-chatel-st-denis\/#breadcrumb","itemListElement":[{"@type":"ListItem","position":1,"name":"Accueil","item":"https:\/\/www.artisanlocal.ch\/c\/"},{"@type":"ListItem","position":2,"name":"D\u00e9m\u00e9nagement \u00e0 Ch\u00e2tel-St-Denis"}]},{"@type":"WebSite","@id":"https:\/\/www.artisanlocal.ch\/c\/#website","url":"https:\/\/www.artisanlocal.ch\/c\/","name":"Artisanlocal","description":"","publisher":{"@id":"https:\/\/www.artisanlocal.ch\/c\/#organization"},"potentialAction":[{"@type":"SearchAction","target":{"@type":"EntryPoint","urlTemplate":"https:\/\/www.artisanlocal.ch\/c\/?s={search_term_string}"},"query-input":{"@type":"PropertyValueSpecification","valueRequired":true,"valueName":"search_term_string"}}],"inLanguage":"fr-FR"},{"@type":"Organization","@id":"https:\/\/www.artisanlocal.ch\/c\/#organization","name":"Artisanlocal","url":"https:\/\/www.artisanlocal.ch\/c\/","logo":{"@type":"ImageObject","inLanguage":"fr-FR","@id":"https:\/\/www.artisanlocal.ch\/c\/#\/schema\/logo\/image\/","url":"https:\/\/www.artisanlocal.ch\/c\/wp-content\/uploads\/2024\/02\/logo-artisanlocal-h.svg","contentUrl":"https:\/\/www.artisanlocal.ch\/c\/wp-content\/uploads\/2024\/02\/logo-artisanlocal-h.svg","caption":"Artisanlocal"},"image":{"@id":"https:\/\/www.artisanlocal.ch\/c\/#\/schema\/logo\/image\/"}}]}},"_links":{"self":[{"href":"https:\/\/www.artisanlocal.ch\/c\/wp-json\/wp\/v2\/pages\/889","targetHints":{"allow":["GET"]}}],"collection":[{"href":"https:\/\/www.artisanlocal.ch\/c\/wp-json\/wp\/v2\/pages"}],"about":[{"href":"https:\/\/www.artisanlocal.ch\/c\/wp-json\/wp\/v2\/types\/page"}],"author":[{"embeddable":true,"href":"https:\/\/www.artisanlocal.ch\/c\/wp-json\/wp\/v2\/users\/4"}],"replies":[{"embeddable":true,"href":"https:\/\/www.artisanlocal.ch\/c\/wp-json\/wp\/v2\/comments?post=889"}],"version-history":[{"count":0,"href":"https:\/\/www.artisanlocal.ch\/c\/wp-json\/wp\/v2\/pages\/889\/revisions"}],"wp:featuredmedia":[{"embeddable":true,"href":"https:\/\/www.artisanlocal.ch\/c\/wp-json\/wp\/v2\/media\/2759"}],"wp:attachment":[{"href":"https:\/\/www.artisanlocal.ch\/c\/wp-json\/wp\/v2\/media?parent=889"}],"wp:term":[{"taxonomy":"profession","embeddable":true,"href":"https:\/\/www.artisanlocal.ch\/c\/wp-json\/wp\/v2\/profession?post=889"},{"taxonomy":"location","embeddable":true,"href":"https:\/\/www.artisanlocal.ch\/c\/wp-json\/wp\/v2\/location?post=889"},{"taxonomy":"canton","embeddable":true,"href":"https:\/\/www.artisanlocal.ch\/c\/wp-json\/wp\/v2\/canton?post=889"}],"curies":[{"name":"wp","href":"https:\/\/api.w.org\/{rel}","templated":true}]}}