{"id":897,"date":"2024-04-23T11:16:51","date_gmt":"2024-04-23T09:16:51","guid":{"rendered":"https:\/\/www.artisanlocal.ch\/c\/artisanlocal-votre-societe-de-demenagement-a-sion\/"},"modified":"2025-08-26T19:28:02","modified_gmt":"2025-08-26T17:28:02","slug":"artisanlocal-votre-societe-de-demenagement-a-sion","status":"publish","type":"page","link":"https:\/\/www.artisanlocal.ch\/c\/artisanlocal-votre-societe-de-demenagement-a-sion\/","title":{"rendered":"D\u00e9m\u00e9nagement \u00e0 Sion"},"content":{"rendered":"<p>D\u00e9m\u00e9nager \u00e0 Sion ne devrait pas \u00eatre difficile. Si vous avez d\u00e9j\u00e0 trouv\u00e9 votre nouvel appartement et d\u00e9cid\u00e9 le jour de votre d\u00e9m\u00e9nagement, vous devez vous interroger sur comment organiser aux mieux votre d\u00e9m\u00e9nagement et installation ? En faisant appel \u00e0 notre soci\u00e9t\u00e9 \u00e0 Sion, vous \u00e9chappez aux situations stressantes, nous nous occupons de tous les aspects de votre d\u00e9m\u00e9nagement, de la r\u00e9servation du v\u00e9hicule, \u00e0 la protection de votre mobilier.<br \/>\n\r\n<div class=\"box\">\r\n    <h2 class=\"text-dark\">Nous cherchons un <em class=\"text-primary\">D\u00e9m\u00e9nageur<\/em> dans la r\u00e9gion de <em class=\"text-primary\">Sion<\/em>  en exclusivit\u00e9, afin de proposer vos services \u00e0 nos clients propri\u00e9taires.<\/h2>\r\n    <p>Une opportunit\u00e9 unique pour booster votre activit\u00e9 \u00e0 <strong>Sion<\/strong> et aux alentours dans votre domaine (D\u00e9m\u00e9nageur).<\/p>\r\n    <p>Nous travaillons en exclusivit\u00e9 avec qu'une soci\u00e9t\u00e9 par m\u00e9tier et par r\u00e9gion. <br>Votre entreprise est pr\u00e9sente sur tous les documents immobiliers. Afin d'\u00eatre mieux vu sur le net, vous \u00eates \u00e9galement visible sur nos deux sites et sur les pages de r\u00e9f\u00e9rencement de votre r\u00e9gion.<\/p>\r\n    <a href=\"\/contact\" class=\"wp-block-button__link has-accent-background-color has-text-align-center wp-element-button\">R\u00e9server<\/a>\r\n<\/div><\/p>\n<h2>Artisanlocal le professionnel du d\u00e9m\u00e9nagement \u00e0 Sion<\/h2>\n<p>Notre entreprise est situ\u00e9e au centre de Sion. Nous effectuons le d\u00e9m\u00e9nagement pour les particuliers et les entreprises. Nos d\u00e9m\u00e9nageurs sont exp\u00e9riment\u00e9s et comp\u00e9tents pour accomplir tous vos projets.<\/p>\n<h2>Pourquoi choisir Artisanlocal pour votre d\u00e9m\u00e9nagement \u00e0 Sion ?<\/h2>\n<h3>Une soci\u00e9t\u00e9 \u00e9coresponsable<\/h3>\n<p>Pour r\u00e9duire notre empreinte carbone au moment de votre d\u00e9m\u00e9nagement, nous utilisons des emballages biod\u00e9gradables, de plus, nous r\u00e9cup\u00e9rons tous les \u00e9l\u00e9ments et d\u00e9chets employ\u00e9s lors du d\u00e9m\u00e9nagement.<\/p>\n<h3>Artisanlocal une entreprise accessible \u00e0 tout moment pour votre d\u00e9m\u00e9nagement<\/h3>\n<p>Artisanlocal est disponible tous les jours de la semaine, pour r\u00e9aliser le d\u00e9m\u00e9nagement de votre appartement, maison ou de vos bureaux \u00e0 Sion.<\/p>\n<h3>Prestation de d\u00e9m\u00e9nagement \u00e0 Sion et dans les localit\u00e9s aux environs<\/h3>\n<p>Nous effectuons les d\u00e9m\u00e9nagements \u00e0 Sion et aussi dans toutes les communes proches, comme : Chamoson, Grugnay (Chamoson), Les V\u00e9rines (Chamoson), N\u00e9miaz (Chamoson), St-Pierre-de-Clages, Ardon, St-L\u00e9onard, Uvrier, Vernami\u00e8ge, Pont-de-la-Morge (Sion), V\u00e9troz, Conthey, Savi\u00e8se, Bramois, Mase, Eison (St-Martin), Liez (St-Martin), St-Martin VS, Suen (St-Martin), Trogne (St-Martin), Champlan (Grimisuat), Grimisuat, Nax, Arbaz, St-S\u00e9verin, Aven, Daillon, Erde, Vex, Euseigne, Evol\u00e8ne, Lanna, La Tour VS, Les Haud\u00e8res, La Forclaz VS, La Sage, Villa (Evol\u00e8ne), Arolla, H\u00e9r\u00e9mence, Les Collons, Thyon, Arvillard (Salins), Mis\u00e9riez (Salins), Pravidondaz (Salins), Salins, Turin (Salins), Cr\u00eate-\u00e0-l'Oeil (Les Agettes), La Vernaz (Les Agettes), Les Agettes, Les Mayens-de-Sion, Cl\u00e8bes (Nendaz), Veysonnaz, Aproz (Nendaz), Baar (Nendaz), Basse-Nendaz, Beuson (Nendaz), Bieudron (Nendaz), Brignon (Nendaz), Cond\u00e9mines (Nendaz), Fey (Nendaz), Saclentse, Haute-Nendaz, Siviez (Nendaz), Sornard (Nendaz)..<\/p>\n<h3>Service de d\u00e9m\u00e9nagement en Suisse et dans les pays frontaliers<\/h3>\n<p>Si vous r\u00e9sidez \u00e0 Sion, nous pouvons r\u00e9aliser votre d\u00e9m\u00e9nagement vers toutes les villes et communes de Suisse ainsi que les pays frontaliers.<\/p>\n<h3>Des d\u00e9m\u00e9nageurs toujours pr\u00e9cautionneux \u00e0 Sion<\/h3>\n<ul>\n<li>Planchers : le jour de votre d\u00e9m\u00e9nagement, nous nous assurerons de marcher avec prudence et \u00e0 d\u00e9placer vos biens afin d&rsquo;\u00e9viter de rayer vos planchers.<\/li>\n<li>Angles : nous prot\u00e9geons les angles de vos murs dans le but d&rsquo;\u00e9viter les dommages.<\/li>\n<li>Couloirs : avant le d\u00e9m\u00e9nagement de votre \u00e9lectrom\u00e9nager et de votre mobilier, nous mettons en place des protections dans les couloirs, pour pr\u00e9venir les d\u00e9g\u00e2ts.<\/li>\n<li>Portes : si cela le demande, nous installons des protections sur vos portes contre les rayures.<\/li>\n<\/ul>\n<h3>Devis gratuits<\/h3>\n<p>Apr\u00e8s analyse de votre d\u00e9m\u00e9nagement, notre soci\u00e9t\u00e9 vous fournit une estimation gratuite.<\/p>\n<h2>Quels sont les services de d\u00e9m\u00e9nagement d&rsquo;Artisanlocal ?<\/h2>\n<h3>D\u00e9m\u00e9nagement de bureaux et de locaux de bureau<\/h3>\n<p>Nous effectuons le d\u00e9m\u00e9nagement des espaces de travail et des magasins.<\/p>\n<h3>Petits d\u00e9m\u00e9nagements<\/h3>\n<p>Nous r\u00e9alisons le d\u00e9m\u00e9nagement des petits appartements ou studios. Nous parlons d&rsquo;un d\u00e9m\u00e9nagement de petit volume pour des projets inf\u00e9rieurs ou \u00e9gaux \u00e0 15 m\u00b3.<\/p>\n<h3>D\u00e9m\u00e9nagements rapides<\/h3>\n<p>Artisanlocal vous aide \u00e0 emm\u00e9nager dans votre nouvelle habitation le plus rapidement possible. Nous vous proposons aussi des prestations d&#8217;emballage et de stockage en urgence.<\/p>\n<h3>Espace de stockage<\/h3>\n<p>Nous r\u00e9cup\u00e9rons vos affaires et meubles et les stockons dans notre entrep\u00f4t s\u00e9curis\u00e9 \u00e0 Sion. Vos affaires seront en s\u00fbret\u00e9 pour la p\u00e9riode que vous souhaitez. Il vous suffit de nous indiquer la date \u00e0 laquelle vous souhaitez r\u00e9cup\u00e9rer vos affaires, et nous vous les remettrons \u00e0 l&rsquo;heure qui vous convient.<\/p>\n<h3>Emballage sur mesure pour vos objets de grande valeur<\/h3>\n<p>Vos biens de grande importance et les \u0153uvres d&rsquo;art vont \u00eatre emball\u00e9s avec soin. Nous pr\u00e9parons des emballages personnalis\u00e9s et nous utilisons des appareils de levage appropri\u00e9s.<\/p>\n<h3>Transfert de pianos<\/h3>\n<p>D\u00e9placer un piano de mani\u00e8re s\u00e9curis\u00e9e n\u00e9cessite des comp\u00e9tences, des mat\u00e9riels et des connaissances sp\u00e9cifiques. Notre soci\u00e9t\u00e9 d\u00e9place tous mod\u00e8les de pianos : droits, horizontaux et interm\u00e9diaires.<\/p>\n<h3>Service de location monte-meubles \u00e0 Sion pour d\u00e9m\u00e9nagement<\/h3>\n<p>Notre service de location de monte-meubles permet le transfert de vos mobiliers facilement en Suisse et \u00e0 Sion.<\/p>\n<h3>Acheter des cartons pour votre d\u00e9m\u00e9nagement en emm\u00e9nagement \u00e0 Sion<\/h3>\n<p>Vous \u00eates \u00e0 la recherche de cartons de protection pour votre projet de d\u00e9m\u00e9nagement \u00e0 Sion ? Chez Artisanlocal, nous proposons \u00e0 nos clients des emballages et des protections adapt\u00e9es.<\/p>\n<h2>Qu&rsquo;est-ce qui est inclus dans votre prestation de d\u00e9m\u00e9nagement ?<\/h2>\n<h3>L&#8217;emballage personnalis\u00e9, pour :<\/h3>\n<ul>\n<li>les matelas,<\/li>\n<li>les \u00e9crans plats<\/li>\n<li>les si\u00e8ges,<\/li>\n<li>les sofas<\/li>\n<li>les \u00e9lectrom\u00e9nagers,<\/li>\n<li>les ordinateurs,<\/li>\n<li>les ampoules et les lampes,<\/li>\n<li>les miroirs et tableaux.<\/li>\n<\/ul>\n<h3>Le montage et d\u00e9montage du mobilier<\/h3>\n<ul>\n<li>les tables,<\/li>\n<li>les meubles de rangement,<\/li>\n<li>les mobiliers,<\/li>\n<li>les supports de rangement,<\/li>\n<li>les luminaires.<\/li>\n<\/ul>\n<h2>Aide et r\u00e9ponses<\/h2>\n<h3>Quel est le montant d&rsquo;un d\u00e9m\u00e9nagement \u00e0 Sion et en Suisse ?<\/h3>\n<p>Le co\u00fbt d&rsquo;un d\u00e9m\u00e9nagement \u00e0 Sion change en fonction du nombre de pi\u00e8ces et du volume.<\/p>\n<p>Ci-dessous, vous trouverez les montants en fonction du nombre de pi\u00e8ces :<\/p>\n<p>Pour un d\u00e9m\u00e9nagement \u00e0 Sion :<\/p>\n<table>\n<tbody>\n<tr>\n<td>Pour un appartement de 1-2 pi\u00e8ces<\/td>\n<td>De 350 \u00e0 600 Francs Suisses<\/td>\n<\/tr>\n<tr>\n<td>D\u2019un appartement de 2-3 pi\u00e8ces<\/td>\n<td>Entre 700 \u00e0 1300 CHF<\/td>\n<\/tr>\n<tr>\n<td>D\u2019un appartement de 3-4 pi\u00e8ces<\/td>\n<td>De 850 \u00e0 2000 CHF<\/td>\n<\/tr>\n<tr>\n<td>Pour une maison<\/td>\n<td>Entre 1200 \u00e0 2500 Francs Suisses<\/td>\n<\/tr>\n<\/tbody>\n<\/table>\n<p>Pour un d\u00e9m\u00e9nagement au-del\u00e0 de 200 km :<\/p>\n<table>\n<tbody>\n<tr>\n<td>Pour un appartement de 1-2 pi\u00e8ces<\/td>\n<td>Entre 600 \u00e0 900 CHF<\/td>\n<\/tr>\n<tr>\n<td>D\u2019un appartement de 2-3 pi\u00e8ces<\/td>\n<td>Entre 1200 \u00e0 2500 Francs Suisses<\/td>\n<\/tr>\n<tr>\n<td>Pour un appartement de 3-4 pi\u00e8ces<\/td>\n<td>De 1800 \u00e0 3000 CHF<\/td>\n<\/tr>\n<tr>\n<td>D\u2019une maison<\/td>\n<td>Entre 2000 \u00e0 4500 CHF<\/td>\n<\/tr>\n<\/tbody>\n<\/table>\n<h3>Combien co\u00fbte la location d\u2019un monte meuble \u00e0 Sion ?<\/h3>\n<p>Le tarif indicatif pour le service de location d&rsquo;un monte meuble \u00e0 Sion est approximativement 150 Francs Suisses par heure.<\/p>\n<h3>Quels sont les avantages d&#8217;embaucher une soci\u00e9t\u00e9 sp\u00e9cialis\u00e9e dans le d\u00e9m\u00e9nagement \u00e0 Sion ?<\/h3>\n<p>Bien que vous \u00e9vitiez de perdre de l&rsquo;argent en faisant le d\u00e9m\u00e9nagement vous-m\u00eame, vous pouvez vous blesser (si vous n\u2019avez pas l\u2019habitude de porter des charges lourdes) ou d&rsquo;ab\u00eemer vos objets au cours du d\u00e9m\u00e9nagement. Avec une entreprise de d\u00e9m\u00e9nagement comme Artisanlocal, vous gagnez du temps et vous \u00e9vitez des soucis de dos.<\/p>\n","protected":false},"excerpt":{"rendered":"<p>D\u00e9m\u00e9nager \u00e0 Sion ne devrait pas \u00eatre difficile. Si vous avez d\u00e9j\u00e0 trouv\u00e9 votre nouvel appartement et d\u00e9cid\u00e9 le jour de votre d\u00e9m\u00e9nagement, vous devez vous interroger sur comment organiser aux mieux votre d\u00e9m\u00e9nagement et installation ? En faisant appel \u00e0 notre soci\u00e9t\u00e9 \u00e0 Sion, vous \u00e9chappez aux situations stressantes, nous nous occupons de tous [&hellip;]<\/p>\n","protected":false},"author":4,"featured_media":2759,"parent":0,"menu_order":0,"comment_status":"closed","ping_status":"closed","template":"","meta":{"footnotes":""},"profession":[122],"location":[105],"canton":[110],"class_list":["post-897","page","type-page","status-publish","has-post-thumbnail","hentry","profession-demenageur","location-sion","canton-vs"],"yoast_head":"<!-- This site is optimized with the Yoast SEO Premium plugin v25.7.1 (Yoast SEO v27.4) - https:\/\/yoast.com\/product\/yoast-seo-premium-wordpress\/ -->\n<title>D\u00e9m\u00e9nagement \u00e0 Sion - Artisanlocal<\/title>\n<meta name=\"robots\" content=\"index, follow, max-snippet:-1, max-image-preview:large, max-video-preview:-1\" \/>\n<link rel=\"canonical\" href=\"https:\/\/www.artisanlocal.ch\/c\/artisanlocal-votre-societe-de-demenagement-a-sion\/\" \/>\n<meta property=\"og:locale\" content=\"fr_FR\" \/>\n<meta property=\"og:type\" content=\"article\" \/>\n<meta property=\"og:title\" content=\"D\u00e9m\u00e9nagement \u00e0 Sion\" \/>\n<meta property=\"og:description\" content=\"D\u00e9m\u00e9nager \u00e0 Sion ne devrait pas \u00eatre difficile. Si vous avez d\u00e9j\u00e0 trouv\u00e9 votre nouvel appartement et d\u00e9cid\u00e9 le jour de votre d\u00e9m\u00e9nagement, vous devez vous interroger sur comment organiser aux mieux votre d\u00e9m\u00e9nagement et installation ? En faisant appel \u00e0 notre soci\u00e9t\u00e9 \u00e0 Sion, vous \u00e9chappez aux situations stressantes, nous nous occupons de tous [&hellip;]\" \/>\n<meta property=\"og:url\" content=\"https:\/\/www.artisanlocal.ch\/c\/artisanlocal-votre-societe-de-demenagement-a-sion\/\" \/>\n<meta property=\"og:site_name\" content=\"Artisanlocal\" \/>\n<meta property=\"article:modified_time\" content=\"2025-08-26T17:28:02+00:00\" \/>\n<meta property=\"og:image\" content=\"https:\/\/www.artisanlocal.ch\/c\/wp-content\/uploads\/2024\/10\/demenageur.jpg\" \/>\n\t<meta property=\"og:image:width\" content=\"1920\" \/>\n\t<meta property=\"og:image:height\" content=\"300\" \/>\n\t<meta property=\"og:image:type\" content=\"image\/jpeg\" \/>\n<meta name=\"twitter:card\" content=\"summary_large_image\" \/>\n<meta name=\"twitter:label1\" content=\"Dur\u00e9e de lecture estim\u00e9e\" \/>\n\t<meta name=\"twitter:data1\" content=\"5 minutes\" \/>\n<script type=\"application\/ld+json\" class=\"yoast-schema-graph\">{\"@context\":\"https:\\\/\\\/schema.org\",\"@graph\":[{\"@type\":\"WebPage\",\"@id\":\"https:\\\/\\\/www.artisanlocal.ch\\\/c\\\/artisanlocal-votre-societe-de-demenagement-a-sion\\\/\",\"url\":\"https:\\\/\\\/www.artisanlocal.ch\\\/c\\\/artisanlocal-votre-societe-de-demenagement-a-sion\\\/\",\"name\":\"D\u00e9m\u00e9nagement \u00e0 Sion - Artisanlocal\",\"isPartOf\":{\"@id\":\"https:\\\/\\\/www.artisanlocal.ch\\\/c\\\/#website\"},\"primaryImageOfPage\":{\"@id\":\"https:\\\/\\\/www.artisanlocal.ch\\\/c\\\/artisanlocal-votre-societe-de-demenagement-a-sion\\\/#primaryimage\"},\"image\":{\"@id\":\"https:\\\/\\\/www.artisanlocal.ch\\\/c\\\/artisanlocal-votre-societe-de-demenagement-a-sion\\\/#primaryimage\"},\"thumbnailUrl\":\"https:\\\/\\\/www.artisanlocal.ch\\\/c\\\/wp-content\\\/uploads\\\/2024\\\/10\\\/demenageur.jpg\",\"datePublished\":\"2024-04-23T09:16:51+00:00\",\"dateModified\":\"2025-08-26T17:28:02+00:00\",\"breadcrumb\":{\"@id\":\"https:\\\/\\\/www.artisanlocal.ch\\\/c\\\/artisanlocal-votre-societe-de-demenagement-a-sion\\\/#breadcrumb\"},\"inLanguage\":\"fr-FR\",\"potentialAction\":[{\"@type\":\"ReadAction\",\"target\":[\"https:\\\/\\\/www.artisanlocal.ch\\\/c\\\/artisanlocal-votre-societe-de-demenagement-a-sion\\\/\"]}]},{\"@type\":\"ImageObject\",\"inLanguage\":\"fr-FR\",\"@id\":\"https:\\\/\\\/www.artisanlocal.ch\\\/c\\\/artisanlocal-votre-societe-de-demenagement-a-sion\\\/#primaryimage\",\"url\":\"https:\\\/\\\/www.artisanlocal.ch\\\/c\\\/wp-content\\\/uploads\\\/2024\\\/10\\\/demenageur.jpg\",\"contentUrl\":\"https:\\\/\\\/www.artisanlocal.ch\\\/c\\\/wp-content\\\/uploads\\\/2024\\\/10\\\/demenageur.jpg\",\"width\":1920,\"height\":300},{\"@type\":\"BreadcrumbList\",\"@id\":\"https:\\\/\\\/www.artisanlocal.ch\\\/c\\\/artisanlocal-votre-societe-de-demenagement-a-sion\\\/#breadcrumb\",\"itemListElement\":[{\"@type\":\"ListItem\",\"position\":1,\"name\":\"Accueil\",\"item\":\"https:\\\/\\\/www.artisanlocal.ch\\\/c\\\/\"},{\"@type\":\"ListItem\",\"position\":2,\"name\":\"D\u00e9m\u00e9nagement \u00e0 Sion\"}]},{\"@type\":\"WebSite\",\"@id\":\"https:\\\/\\\/www.artisanlocal.ch\\\/c\\\/#website\",\"url\":\"https:\\\/\\\/www.artisanlocal.ch\\\/c\\\/\",\"name\":\"Artisanlocal\",\"description\":\"\",\"publisher\":{\"@id\":\"https:\\\/\\\/www.artisanlocal.ch\\\/c\\\/#organization\"},\"potentialAction\":[{\"@type\":\"SearchAction\",\"target\":{\"@type\":\"EntryPoint\",\"urlTemplate\":\"https:\\\/\\\/www.artisanlocal.ch\\\/c\\\/?s={search_term_string}\"},\"query-input\":{\"@type\":\"PropertyValueSpecification\",\"valueRequired\":true,\"valueName\":\"search_term_string\"}}],\"inLanguage\":\"fr-FR\"},{\"@type\":\"Organization\",\"@id\":\"https:\\\/\\\/www.artisanlocal.ch\\\/c\\\/#organization\",\"name\":\"Artisanlocal\",\"url\":\"https:\\\/\\\/www.artisanlocal.ch\\\/c\\\/\",\"logo\":{\"@type\":\"ImageObject\",\"inLanguage\":\"fr-FR\",\"@id\":\"https:\\\/\\\/www.artisanlocal.ch\\\/c\\\/#\\\/schema\\\/logo\\\/image\\\/\",\"url\":\"https:\\\/\\\/www.artisanlocal.ch\\\/c\\\/wp-content\\\/uploads\\\/2024\\\/02\\\/logo-artisanlocal-h.svg\",\"contentUrl\":\"https:\\\/\\\/www.artisanlocal.ch\\\/c\\\/wp-content\\\/uploads\\\/2024\\\/02\\\/logo-artisanlocal-h.svg\",\"caption\":\"Artisanlocal\"},\"image\":{\"@id\":\"https:\\\/\\\/www.artisanlocal.ch\\\/c\\\/#\\\/schema\\\/logo\\\/image\\\/\"}}]}<\/script>\n<!-- \/ Yoast SEO Premium plugin. -->","yoast_head_json":{"title":"D\u00e9m\u00e9nagement \u00e0 Sion - Artisanlocal","robots":{"index":"index","follow":"follow","max-snippet":"max-snippet:-1","max-image-preview":"max-image-preview:large","max-video-preview":"max-video-preview:-1"},"canonical":"https:\/\/www.artisanlocal.ch\/c\/artisanlocal-votre-societe-de-demenagement-a-sion\/","og_locale":"fr_FR","og_type":"article","og_title":"D\u00e9m\u00e9nagement \u00e0 Sion","og_description":"D\u00e9m\u00e9nager \u00e0 Sion ne devrait pas \u00eatre difficile. Si vous avez d\u00e9j\u00e0 trouv\u00e9 votre nouvel appartement et d\u00e9cid\u00e9 le jour de votre d\u00e9m\u00e9nagement, vous devez vous interroger sur comment organiser aux mieux votre d\u00e9m\u00e9nagement et installation ? En faisant appel \u00e0 notre soci\u00e9t\u00e9 \u00e0 Sion, vous \u00e9chappez aux situations stressantes, nous nous occupons de tous [&hellip;]","og_url":"https:\/\/www.artisanlocal.ch\/c\/artisanlocal-votre-societe-de-demenagement-a-sion\/","og_site_name":"Artisanlocal","article_modified_time":"2025-08-26T17:28:02+00:00","og_image":[{"width":1920,"height":300,"url":"https:\/\/www.artisanlocal.ch\/c\/wp-content\/uploads\/2024\/10\/demenageur.jpg","type":"image\/jpeg"}],"twitter_card":"summary_large_image","twitter_misc":{"Dur\u00e9e de lecture estim\u00e9e":"5 minutes"},"schema":{"@context":"https:\/\/schema.org","@graph":[{"@type":"WebPage","@id":"https:\/\/www.artisanlocal.ch\/c\/artisanlocal-votre-societe-de-demenagement-a-sion\/","url":"https:\/\/www.artisanlocal.ch\/c\/artisanlocal-votre-societe-de-demenagement-a-sion\/","name":"D\u00e9m\u00e9nagement \u00e0 Sion - Artisanlocal","isPartOf":{"@id":"https:\/\/www.artisanlocal.ch\/c\/#website"},"primaryImageOfPage":{"@id":"https:\/\/www.artisanlocal.ch\/c\/artisanlocal-votre-societe-de-demenagement-a-sion\/#primaryimage"},"image":{"@id":"https:\/\/www.artisanlocal.ch\/c\/artisanlocal-votre-societe-de-demenagement-a-sion\/#primaryimage"},"thumbnailUrl":"https:\/\/www.artisanlocal.ch\/c\/wp-content\/uploads\/2024\/10\/demenageur.jpg","datePublished":"2024-04-23T09:16:51+00:00","dateModified":"2025-08-26T17:28:02+00:00","breadcrumb":{"@id":"https:\/\/www.artisanlocal.ch\/c\/artisanlocal-votre-societe-de-demenagement-a-sion\/#breadcrumb"},"inLanguage":"fr-FR","potentialAction":[{"@type":"ReadAction","target":["https:\/\/www.artisanlocal.ch\/c\/artisanlocal-votre-societe-de-demenagement-a-sion\/"]}]},{"@type":"ImageObject","inLanguage":"fr-FR","@id":"https:\/\/www.artisanlocal.ch\/c\/artisanlocal-votre-societe-de-demenagement-a-sion\/#primaryimage","url":"https:\/\/www.artisanlocal.ch\/c\/wp-content\/uploads\/2024\/10\/demenageur.jpg","contentUrl":"https:\/\/www.artisanlocal.ch\/c\/wp-content\/uploads\/2024\/10\/demenageur.jpg","width":1920,"height":300},{"@type":"BreadcrumbList","@id":"https:\/\/www.artisanlocal.ch\/c\/artisanlocal-votre-societe-de-demenagement-a-sion\/#breadcrumb","itemListElement":[{"@type":"ListItem","position":1,"name":"Accueil","item":"https:\/\/www.artisanlocal.ch\/c\/"},{"@type":"ListItem","position":2,"name":"D\u00e9m\u00e9nagement \u00e0 Sion"}]},{"@type":"WebSite","@id":"https:\/\/www.artisanlocal.ch\/c\/#website","url":"https:\/\/www.artisanlocal.ch\/c\/","name":"Artisanlocal","description":"","publisher":{"@id":"https:\/\/www.artisanlocal.ch\/c\/#organization"},"potentialAction":[{"@type":"SearchAction","target":{"@type":"EntryPoint","urlTemplate":"https:\/\/www.artisanlocal.ch\/c\/?s={search_term_string}"},"query-input":{"@type":"PropertyValueSpecification","valueRequired":true,"valueName":"search_term_string"}}],"inLanguage":"fr-FR"},{"@type":"Organization","@id":"https:\/\/www.artisanlocal.ch\/c\/#organization","name":"Artisanlocal","url":"https:\/\/www.artisanlocal.ch\/c\/","logo":{"@type":"ImageObject","inLanguage":"fr-FR","@id":"https:\/\/www.artisanlocal.ch\/c\/#\/schema\/logo\/image\/","url":"https:\/\/www.artisanlocal.ch\/c\/wp-content\/uploads\/2024\/02\/logo-artisanlocal-h.svg","contentUrl":"https:\/\/www.artisanlocal.ch\/c\/wp-content\/uploads\/2024\/02\/logo-artisanlocal-h.svg","caption":"Artisanlocal"},"image":{"@id":"https:\/\/www.artisanlocal.ch\/c\/#\/schema\/logo\/image\/"}}]}},"_links":{"self":[{"href":"https:\/\/www.artisanlocal.ch\/c\/wp-json\/wp\/v2\/pages\/897","targetHints":{"allow":["GET"]}}],"collection":[{"href":"https:\/\/www.artisanlocal.ch\/c\/wp-json\/wp\/v2\/pages"}],"about":[{"href":"https:\/\/www.artisanlocal.ch\/c\/wp-json\/wp\/v2\/types\/page"}],"author":[{"embeddable":true,"href":"https:\/\/www.artisanlocal.ch\/c\/wp-json\/wp\/v2\/users\/4"}],"replies":[{"embeddable":true,"href":"https:\/\/www.artisanlocal.ch\/c\/wp-json\/wp\/v2\/comments?post=897"}],"version-history":[{"count":0,"href":"https:\/\/www.artisanlocal.ch\/c\/wp-json\/wp\/v2\/pages\/897\/revisions"}],"wp:featuredmedia":[{"embeddable":true,"href":"https:\/\/www.artisanlocal.ch\/c\/wp-json\/wp\/v2\/media\/2759"}],"wp:attachment":[{"href":"https:\/\/www.artisanlocal.ch\/c\/wp-json\/wp\/v2\/media?parent=897"}],"wp:term":[{"taxonomy":"profession","embeddable":true,"href":"https:\/\/www.artisanlocal.ch\/c\/wp-json\/wp\/v2\/profession?post=897"},{"taxonomy":"location","embeddable":true,"href":"https:\/\/www.artisanlocal.ch\/c\/wp-json\/wp\/v2\/location?post=897"},{"taxonomy":"canton","embeddable":true,"href":"https:\/\/www.artisanlocal.ch\/c\/wp-json\/wp\/v2\/canton?post=897"}],"curies":[{"name":"wp","href":"https:\/\/api.w.org\/{rel}","templated":true}]}}