{"id":900,"date":"2024-04-23T04:23:55","date_gmt":"2024-04-23T02:23:55","guid":{"rendered":"https:\/\/www.artisanlocal.ch\/c\/artisanlocal-votre-demenageur-a-villeneuve\/"},"modified":"2025-08-26T19:28:10","modified_gmt":"2025-08-26T17:28:10","slug":"artisanlocal-votre-demenageur-a-villeneuve","status":"publish","type":"page","link":"https:\/\/www.artisanlocal.ch\/c\/artisanlocal-votre-demenageur-a-villeneuve\/","title":{"rendered":"Artisanlocal votre d\u00e9m\u00e9nageur \u00e0 Villeneuve VD"},"content":{"rendered":"<p>Le d\u00e9m\u00e9nagement \u00e0 Villeneuve VD ne devrait pas \u00eatre complexe. Si vous avez d\u00e9j\u00e0 trouv\u00e9 votre nouveau logement et d\u00e9cid\u00e9 la date de votre d\u00e9m\u00e9nagement, il est possible que vous vous demandiez comment organiser au mieux votre d\u00e9m\u00e9nagement et votre installation ? En faisant appel \u00e0 notre soci\u00e9t\u00e9 \u00e0 Villeneuve VD, vous \u00e9vitez les situations stressantes, Notre entreprise g\u00e8re la totalit\u00e9 de votre d\u00e9m\u00e9nagement, de la protection de vos meubles \u00e0 la location du camion.<\/p>\n\r\n<div class=\"box\">\r\n    <h2 class=\"text-dark\">Nous cherchons un <em class=\"text-primary\">D\u00e9m\u00e9nageur<\/em> dans la r\u00e9gion de <em class=\"text-primary\">Villeneuve VD<\/em>  en exclusivit\u00e9, afin de proposer vos services \u00e0 nos clients propri\u00e9taires.<\/h2>\r\n    <p>Une opportunit\u00e9 unique pour booster votre activit\u00e9 \u00e0 <strong>Villeneuve VD<\/strong> et aux alentours dans votre domaine (D\u00e9m\u00e9nageur).<\/p>\r\n    <p>Nous travaillons en exclusivit\u00e9 avec qu'une soci\u00e9t\u00e9 par m\u00e9tier et par r\u00e9gion. <br>Votre entreprise est pr\u00e9sente sur tous les documents immobiliers. Afin d'\u00eatre mieux vu sur le net, vous \u00eates \u00e9galement visible sur nos deux sites et sur les pages de r\u00e9f\u00e9rencement de votre r\u00e9gion.<\/p>\r\n    <a href=\"\/contact\" class=\"wp-block-button__link has-accent-background-color has-text-align-center wp-element-button\">R\u00e9server<\/a>\r\n<\/div>\n<h2>Artisanlocal l&rsquo;expert du d\u00e9m\u00e9nagement \u00e0 Villeneuve VD<\/h2>\n<p>Notre soci\u00e9t\u00e9 est implant\u00e9e \u00e0 Villeneuve VD depuis d\u00e8s ann\u00e9es. Nous r\u00e9alisons le d\u00e9m\u00e9nagement pour les particuliers et les entreprises. Nos \u00e9quipes sont form\u00e9es et exp\u00e9riment\u00e9es pour vous assister, quelle que soit la difficult\u00e9 de votre projet.<\/p>\n<h2>Quels sont les avantages de collaborer avec Artisanlocal \u00e0 Villeneuve VD ?<\/h2>\n<h3>Artisanlocal une entreprise engag\u00e9e<\/h3>\n<p>Nos emballages sont biod\u00e9gradables afin de r\u00e9duire l&rsquo;impact \u00e9cologique de votre d\u00e9m\u00e9nagement, de plus, nous r\u00e9utilisons tous les mat\u00e9riaux utilis\u00e9s lors de notre intervention.<\/p>\n<h3>Artisanlocal une entreprise joignable \u00e0 tout moment <\/h3>\n<p>Artisanlocal est disponible tous les jours de la semaine, pour effectuer le d\u00e9m\u00e9nagement de votre studio, r\u00e9sidence ou de vos locaux commerciaux \u00e0 Villeneuve VD.<\/p>\n<h3>Service de d\u00e9m\u00e9nagement \u00e0 Villeneuve VD et dans les communes aux alentours<\/h3>\n<p>Artisanlocal intervient \u00e0 Villeneuve VD et dans les villes proches, comme : La Tine, Rossini\u00e8re, Flendruz, Rougemont, Ch\u00e2teau-d'Oex, L'Etivaz, La L\u00e9cherette, Les Moulins, Noville, Chessel, Rennaz, Roche VD, Yvorne, Leysin, Corbeyrier, Aigle, La Comballaz, Les Mosses, Le S\u00e9pey, Vers-l'Eglise, Les Diablerets, La Forclaz VD, Ollon VD, Panex, St-Triphon, Bex, Fenalet-sur-Bex, Freni\u00e8res-sur-Bex, Les Plans-sur-Bex, Gryon, Les Posses-sur-Bex, Arveyes, Hu\u00e9moz, Villars-sur-Ollon, Chesi\u00e8res, Lavey-les-Bains, Lavey-Village..<\/p>\n<h3>Prestation de d\u00e9m\u00e9nagement en Suisse et dans les pays frontaliers<\/h3>\n<p>Si vous habitez \u00e0 Villeneuve VD, nous pouvons organiser votre d\u00e9m\u00e9nagement dans toutes les pays frontaliers et les villes de Suisse.&nbsp;<\/p>\n<h3>Des d\u00e9m\u00e9nageurs toujours pr\u00e9cautionneux \u00e0 Villeneuve VD<\/h3>\n<p>Nous emballons vos articles et installons des protections sur les sols et murs pour \u00e9viter les dommages lors de votre d\u00e9m\u00e9nagement, notamment pour vos :&nbsp;<\/p>\n<ul>\n<li>Planchers : le jour de votre d\u00e9m\u00e9nagement, notre \u00e9quipe prendra toutes les mesures possibles pour ne pas endommager vos sols.<\/li>\n<li>Angles : nous veillons \u00e0 pr\u00e9server les angles de vos murs pour\u00e9viter les \u00e9raflures.<\/li>\n<li>Couloirs : avant de d\u00e9placer votre mobilier et votre \u00e9lectrom\u00e9nager, nous installons des protections dans vos couloirs, afin d&rsquo;\u00e9viter tout dommage.<\/li>\n<li>Portes : si cela le demande, nous prot\u00e9geons vos portes contre les dommages.<\/li>\n<\/ul>\n<h3>\u00c9valuations gratuites<\/h3>\n<p>Apr\u00e8s qu&rsquo;un de nos experts est analys\u00e9 votre projet, notre soci\u00e9t\u00e9 vous fournit un devis gratuit.<\/p>\n<h2>Quels sont les services de d\u00e9m\u00e9nagement d&rsquo;Artisanlocal ?<\/h2>\n<h3>D\u00e9m\u00e9nagement de magasins et de bureaux<\/h3>\n<p>Nous organisons le d\u00e9m\u00e9nagement de votre commerce ou de vos bureaux par rapport \u00e0 votre calendrier, et de la commune de destination.<\/p>\n<h3>D\u00e9m\u00e9nagement de petit volume<\/h3>\n<p>Nous d\u00e9m\u00e9nageons les studios et les petits logements. C&rsquo;est un d\u00e9m\u00e9nagement pour des volumes inf\u00e9rieurs ou \u00e9gaux \u00e0 15 m3.<\/p>\n<h3>D\u00e9m\u00e9nagements en urgence<\/h3>\n<p>Si vous avez un temps limit\u00e9 entre le d\u00e9m\u00e9nagement et l&#8217;emm\u00e9nagement dans votre nouvel appartement, Artisanlocal d\u00e9m\u00e9nage et vous installe en urgence. Nous vous offrons aussi des prestations d&#8217;emballage et de stockage en urgence.<\/p>\n<h3>Garde-meubles<\/h3>\n<p>Nous r\u00e9cup\u00e9rons vos meubles et objets et les entreposons dans notre d\u00e9p\u00f4t s\u00e9curis\u00e9 \u00e0 Villeneuve VD. Vos affaires seront en s\u00fbret\u00e9 pour la dur\u00e9e que vous d\u00e9sirez. Vous n&rsquo;avez qu&rsquo;\u00e0 nous communiquer la date \u00e0 laquelle vous souhaitez r\u00e9cup\u00e9rer vos biens et mobiliers, et nous les apporterons chez vous \u00e0 la date qui vous arrange.<\/p>\n<h3>Emballage des biens pr\u00e9cieux<\/h3>\n<p>Vos biens de grande valeur et les \u0153uvres d&rsquo;art vont \u00eatre emball\u00e9s avec attention. Nous construisons des emballages personnalis\u00e9s, par ailleurs, nous employons des \u00e9quipements de levage adapt\u00e9s pour votre d\u00e9m\u00e9nagement.<\/p>\n<h3>D\u00e9placement de pianos<\/h3>\n<h3>Transporter un piano en toute s\u00e9curit\u00e9 n\u00e9cessite des comp\u00e9tences, des \u00e9quipements et des formations sp\u00e9cifiques. Notre soci\u00e9t\u00e9 Artisanlocal est sp\u00e9cialis\u00e9e dans le transport de pianos, comme : les droits, les interm\u00e9diaires ou \u00e0 queue.<\/h3>\n<h3>Service de location monte-meubles \u00e0 Villeneuve VD pour d\u00e9m\u00e9nagement<\/h3>\n<p>Notre prestation de location de monte-meubles facilite le d\u00e9m\u00e9nagement de vos mobiliers facilement en Suisse et \u00e0 Villeneuve VD.<\/p>\n<h3>Vente de cartons de d\u00e9m\u00e9nagement \u00e0 Villeneuve VD<\/h3>\n<p>Vous \u00eates \u00e0 la recherche de cartons de protection pour votre projet \u00e0 Villeneuve VD ? Chez Artisanlocal, nous offrons \u00e0 nos clients des cartons de d\u00e9m\u00e9nagement et des protections adapt\u00e9es.<\/p>\n<h2>Qu\u2019est-ce qui est compris dans le d\u00e9m\u00e9nagement ?<\/h2>\n<h3>L&#8217;emballage personnalis\u00e9, pour :<\/h3>\n<ul>\n<li>les matelas,<\/li>\n<li>les \u00e9crans de t\u00e9l\u00e9vision <\/li>\n<li>les chaises,<\/li>\n<li>les canap\u00e9s<\/li>\n<li>les \u00e9lectrom\u00e9nagers,<\/li>\n<li>les ordinateurs,<\/li>\n<li>les lampes et ampoules,<\/li>\n<li>les tableaux et miroirs.<\/li>\n<\/ul>\n<h3>Le montage et d\u00e9montage du mobilier<\/h3>\n<ul>\n<li>les tables,<\/li>\n<li>les armoires,<\/li>\n<li>les mobiliers,<\/li>\n<li>les supports de rangement,<\/li>\n<li>les lustres.<\/li>\n<\/ul>\n<h2>Aide et r\u00e9ponses<\/h2>\n<h3>Quel est le montant d&rsquo;un d\u00e9m\u00e9nagement \u00e0 Villeneuve VD et en Suisse ?<\/h3>\n<p>Le co\u00fbt d&rsquo;un d\u00e9m\u00e9nagement \u00e0 Villeneuve VD change en fonction du volume et du nombre de pi\u00e8ces.<\/p>\n<p>Ci-dessous, vous retrouverez les prix en fonction du nombre de pi\u00e8ces :<\/p>\n<p>Pour un d\u00e9m\u00e9nagement \u00e0 Villeneuve VD :<\/p>\n<table>\n<tbody>\n<tr>\n<td>Pour un appartement entre 1-2 pi\u00e8ces<\/td>\n<td>De 350 \u00e0 600 CHF<\/td>\n<\/tr>\n<tr>\n<td>Pour un appartement de 2-3 pi\u00e8ces<\/td>\n<td>Entre 700 \u00e0 1300 CHF<\/td>\n<\/tr>\n<tr>\n<td>Pour un appartement de 3-4 pi\u00e8ces<\/td>\n<td>Entre 850 \u00e0 2000 CHF<\/td>\n<\/tr>\n<tr>\n<td>Pour une maison<\/td>\n<td>De 1200 \u00e0 2500 Francs Suisses<\/td>\n<\/tr>\n<\/tbody>\n<\/table>\n<p>Pour un service de d\u00e9m\u00e9nagement au-del\u00e0 de 200 km :<\/p>\n<table>\n<tbody>\n<tr>\n<td>D\u2019un appartement de 1-2 pi\u00e8ces<\/td>\n<td>Entre 600 \u00e0 900 CHF<\/td>\n<\/tr>\n<tr>\n<td>Pour un appartement de 2-3 pi\u00e8ces<\/td>\n<td>De 1200 \u00e0 2500 Francs Suisses<\/td>\n<\/tr>\n<tr>\n<td>D\u2019un appartement de 3-4 pi\u00e8ces<\/td>\n<td>Entre 1800 \u00e0 3000 CHF<\/td>\n<\/tr>\n<tr>\n<td>D\u2019une maison<\/td>\n<td>Entre 2000 \u00e0 4500 Francs Suisses<\/td>\n<\/tr>\n<\/tbody>\n<\/table>\n<p>Combien faut-il compter pour la location d\u2019un monte meuble \u00e0 Villeneuve VD ?<\/p>\n<p>Le tarif indicatif pour la location d&rsquo;un monte meuble \u00e0 Villeneuve VD est d&rsquo;environ 150 CHF par heure.<\/p>\n<h3>Pourquoi faire appel \u00e0 une soci\u00e9t\u00e9 de d\u00e9m\u00e9nagement \u00e0 Villeneuve VD ?<\/h3>\n<p>Bien que vous \u00e9vitez de perdre de l&rsquo;argent en r\u00e9alisant le travail vous-m\u00eame, vous pouvez vous blesser (si vous n\u2019avez pas l\u2019habitude de porter des charges lourdes) ou d\u2019endommager vos objets au cours de votre d\u00e9m\u00e9nagement. En faisant appel \u00e0 Artisanlocal pour votre d\u00e9m\u00e9nagement, vous gagnez du temps et vous restez en s\u00e9curit\u00e9.<\/p>\n","protected":false},"excerpt":{"rendered":"<p>Le d\u00e9m\u00e9nagement \u00e0 Villeneuve VD ne devrait pas \u00eatre complexe. Si vous avez d\u00e9j\u00e0 trouv\u00e9 votre nouveau logement et d\u00e9cid\u00e9 la date de votre d\u00e9m\u00e9nagement, il est possible que vous vous demandiez comment organiser au mieux votre d\u00e9m\u00e9nagement et votre installation ? En faisant appel \u00e0 notre soci\u00e9t\u00e9 \u00e0 Villeneuve VD, vous \u00e9vitez les situations [&hellip;]<\/p>\n","protected":false},"author":4,"featured_media":2759,"parent":0,"menu_order":0,"comment_status":"closed","ping_status":"closed","template":"","meta":{"footnotes":""},"profession":[122],"location":[6],"canton":[113],"class_list":["post-900","page","type-page","status-publish","has-post-thumbnail","hentry","profession-demenageur","location-villeneuve-vd","canton-vd"],"yoast_head":"<!-- This site is optimized with the Yoast SEO Premium plugin v25.7.1 (Yoast SEO v27.3) - https:\/\/yoast.com\/product\/yoast-seo-premium-wordpress\/ -->\n<title>Artisanlocal votre d\u00e9m\u00e9nageur \u00e0 Villeneuve VD - Artisanlocal<\/title>\n<meta name=\"robots\" content=\"index, follow, max-snippet:-1, max-image-preview:large, max-video-preview:-1\" \/>\n<link rel=\"canonical\" href=\"https:\/\/www.artisanlocal.ch\/c\/artisanlocal-votre-demenageur-a-villeneuve\/\" \/>\n<meta property=\"og:locale\" content=\"fr_FR\" \/>\n<meta property=\"og:type\" content=\"article\" \/>\n<meta property=\"og:title\" content=\"Artisanlocal votre d\u00e9m\u00e9nageur \u00e0 Villeneuve VD\" \/>\n<meta property=\"og:description\" content=\"Le d\u00e9m\u00e9nagement \u00e0 Villeneuve VD ne devrait pas \u00eatre complexe. Si vous avez d\u00e9j\u00e0 trouv\u00e9 votre nouveau logement et d\u00e9cid\u00e9 la date de votre d\u00e9m\u00e9nagement, il est possible que vous vous demandiez comment organiser au mieux votre d\u00e9m\u00e9nagement et votre installation ? En faisant appel \u00e0 notre soci\u00e9t\u00e9 \u00e0 Villeneuve VD, vous \u00e9vitez les situations [&hellip;]\" \/>\n<meta property=\"og:url\" content=\"https:\/\/www.artisanlocal.ch\/c\/artisanlocal-votre-demenageur-a-villeneuve\/\" \/>\n<meta property=\"og:site_name\" content=\"Artisanlocal\" \/>\n<meta property=\"article:modified_time\" content=\"2025-08-26T17:28:10+00:00\" \/>\n<meta property=\"og:image\" content=\"https:\/\/www.artisanlocal.ch\/c\/wp-content\/uploads\/2024\/10\/demenageur.jpg\" \/>\n\t<meta property=\"og:image:width\" content=\"1920\" \/>\n\t<meta property=\"og:image:height\" content=\"300\" \/>\n\t<meta property=\"og:image:type\" content=\"image\/jpeg\" \/>\n<meta name=\"twitter:card\" content=\"summary_large_image\" \/>\n<meta name=\"twitter:label1\" content=\"Dur\u00e9e de lecture estim\u00e9e\" \/>\n\t<meta name=\"twitter:data1\" content=\"5 minutes\" \/>\n<script type=\"application\/ld+json\" class=\"yoast-schema-graph\">{\"@context\":\"https:\\\/\\\/schema.org\",\"@graph\":[{\"@type\":\"WebPage\",\"@id\":\"https:\\\/\\\/www.artisanlocal.ch\\\/c\\\/artisanlocal-votre-demenageur-a-villeneuve\\\/\",\"url\":\"https:\\\/\\\/www.artisanlocal.ch\\\/c\\\/artisanlocal-votre-demenageur-a-villeneuve\\\/\",\"name\":\"Artisanlocal votre d\u00e9m\u00e9nageur \u00e0 Villeneuve VD - Artisanlocal\",\"isPartOf\":{\"@id\":\"https:\\\/\\\/www.artisanlocal.ch\\\/c\\\/#website\"},\"primaryImageOfPage\":{\"@id\":\"https:\\\/\\\/www.artisanlocal.ch\\\/c\\\/artisanlocal-votre-demenageur-a-villeneuve\\\/#primaryimage\"},\"image\":{\"@id\":\"https:\\\/\\\/www.artisanlocal.ch\\\/c\\\/artisanlocal-votre-demenageur-a-villeneuve\\\/#primaryimage\"},\"thumbnailUrl\":\"https:\\\/\\\/www.artisanlocal.ch\\\/c\\\/wp-content\\\/uploads\\\/2024\\\/10\\\/demenageur.jpg\",\"datePublished\":\"2024-04-23T02:23:55+00:00\",\"dateModified\":\"2025-08-26T17:28:10+00:00\",\"breadcrumb\":{\"@id\":\"https:\\\/\\\/www.artisanlocal.ch\\\/c\\\/artisanlocal-votre-demenageur-a-villeneuve\\\/#breadcrumb\"},\"inLanguage\":\"fr-FR\",\"potentialAction\":[{\"@type\":\"ReadAction\",\"target\":[\"https:\\\/\\\/www.artisanlocal.ch\\\/c\\\/artisanlocal-votre-demenageur-a-villeneuve\\\/\"]}]},{\"@type\":\"ImageObject\",\"inLanguage\":\"fr-FR\",\"@id\":\"https:\\\/\\\/www.artisanlocal.ch\\\/c\\\/artisanlocal-votre-demenageur-a-villeneuve\\\/#primaryimage\",\"url\":\"https:\\\/\\\/www.artisanlocal.ch\\\/c\\\/wp-content\\\/uploads\\\/2024\\\/10\\\/demenageur.jpg\",\"contentUrl\":\"https:\\\/\\\/www.artisanlocal.ch\\\/c\\\/wp-content\\\/uploads\\\/2024\\\/10\\\/demenageur.jpg\",\"width\":1920,\"height\":300},{\"@type\":\"BreadcrumbList\",\"@id\":\"https:\\\/\\\/www.artisanlocal.ch\\\/c\\\/artisanlocal-votre-demenageur-a-villeneuve\\\/#breadcrumb\",\"itemListElement\":[{\"@type\":\"ListItem\",\"position\":1,\"name\":\"Accueil\",\"item\":\"https:\\\/\\\/www.artisanlocal.ch\\\/c\\\/\"},{\"@type\":\"ListItem\",\"position\":2,\"name\":\"Artisanlocal votre d\u00e9m\u00e9nageur \u00e0 Villeneuve\"}]},{\"@type\":\"WebSite\",\"@id\":\"https:\\\/\\\/www.artisanlocal.ch\\\/c\\\/#website\",\"url\":\"https:\\\/\\\/www.artisanlocal.ch\\\/c\\\/\",\"name\":\"Artisanlocal\",\"description\":\"\",\"publisher\":{\"@id\":\"https:\\\/\\\/www.artisanlocal.ch\\\/c\\\/#organization\"},\"potentialAction\":[{\"@type\":\"SearchAction\",\"target\":{\"@type\":\"EntryPoint\",\"urlTemplate\":\"https:\\\/\\\/www.artisanlocal.ch\\\/c\\\/?s={search_term_string}\"},\"query-input\":{\"@type\":\"PropertyValueSpecification\",\"valueRequired\":true,\"valueName\":\"search_term_string\"}}],\"inLanguage\":\"fr-FR\"},{\"@type\":\"Organization\",\"@id\":\"https:\\\/\\\/www.artisanlocal.ch\\\/c\\\/#organization\",\"name\":\"Artisanlocal\",\"url\":\"https:\\\/\\\/www.artisanlocal.ch\\\/c\\\/\",\"logo\":{\"@type\":\"ImageObject\",\"inLanguage\":\"fr-FR\",\"@id\":\"https:\\\/\\\/www.artisanlocal.ch\\\/c\\\/#\\\/schema\\\/logo\\\/image\\\/\",\"url\":\"https:\\\/\\\/www.artisanlocal.ch\\\/c\\\/wp-content\\\/uploads\\\/2024\\\/02\\\/logo-artisanlocal-h.svg\",\"contentUrl\":\"https:\\\/\\\/www.artisanlocal.ch\\\/c\\\/wp-content\\\/uploads\\\/2024\\\/02\\\/logo-artisanlocal-h.svg\",\"caption\":\"Artisanlocal\"},\"image\":{\"@id\":\"https:\\\/\\\/www.artisanlocal.ch\\\/c\\\/#\\\/schema\\\/logo\\\/image\\\/\"}}]}<\/script>\n<!-- \/ Yoast SEO Premium plugin. -->","yoast_head_json":{"title":"Artisanlocal votre d\u00e9m\u00e9nageur \u00e0 Villeneuve VD - Artisanlocal","robots":{"index":"index","follow":"follow","max-snippet":"max-snippet:-1","max-image-preview":"max-image-preview:large","max-video-preview":"max-video-preview:-1"},"canonical":"https:\/\/www.artisanlocal.ch\/c\/artisanlocal-votre-demenageur-a-villeneuve\/","og_locale":"fr_FR","og_type":"article","og_title":"Artisanlocal votre d\u00e9m\u00e9nageur \u00e0 Villeneuve VD","og_description":"Le d\u00e9m\u00e9nagement \u00e0 Villeneuve VD ne devrait pas \u00eatre complexe. Si vous avez d\u00e9j\u00e0 trouv\u00e9 votre nouveau logement et d\u00e9cid\u00e9 la date de votre d\u00e9m\u00e9nagement, il est possible que vous vous demandiez comment organiser au mieux votre d\u00e9m\u00e9nagement et votre installation ? En faisant appel \u00e0 notre soci\u00e9t\u00e9 \u00e0 Villeneuve VD, vous \u00e9vitez les situations [&hellip;]","og_url":"https:\/\/www.artisanlocal.ch\/c\/artisanlocal-votre-demenageur-a-villeneuve\/","og_site_name":"Artisanlocal","article_modified_time":"2025-08-26T17:28:10+00:00","og_image":[{"width":1920,"height":300,"url":"https:\/\/www.artisanlocal.ch\/c\/wp-content\/uploads\/2024\/10\/demenageur.jpg","type":"image\/jpeg"}],"twitter_card":"summary_large_image","twitter_misc":{"Dur\u00e9e de lecture estim\u00e9e":"5 minutes"},"schema":{"@context":"https:\/\/schema.org","@graph":[{"@type":"WebPage","@id":"https:\/\/www.artisanlocal.ch\/c\/artisanlocal-votre-demenageur-a-villeneuve\/","url":"https:\/\/www.artisanlocal.ch\/c\/artisanlocal-votre-demenageur-a-villeneuve\/","name":"Artisanlocal votre d\u00e9m\u00e9nageur \u00e0 Villeneuve VD - Artisanlocal","isPartOf":{"@id":"https:\/\/www.artisanlocal.ch\/c\/#website"},"primaryImageOfPage":{"@id":"https:\/\/www.artisanlocal.ch\/c\/artisanlocal-votre-demenageur-a-villeneuve\/#primaryimage"},"image":{"@id":"https:\/\/www.artisanlocal.ch\/c\/artisanlocal-votre-demenageur-a-villeneuve\/#primaryimage"},"thumbnailUrl":"https:\/\/www.artisanlocal.ch\/c\/wp-content\/uploads\/2024\/10\/demenageur.jpg","datePublished":"2024-04-23T02:23:55+00:00","dateModified":"2025-08-26T17:28:10+00:00","breadcrumb":{"@id":"https:\/\/www.artisanlocal.ch\/c\/artisanlocal-votre-demenageur-a-villeneuve\/#breadcrumb"},"inLanguage":"fr-FR","potentialAction":[{"@type":"ReadAction","target":["https:\/\/www.artisanlocal.ch\/c\/artisanlocal-votre-demenageur-a-villeneuve\/"]}]},{"@type":"ImageObject","inLanguage":"fr-FR","@id":"https:\/\/www.artisanlocal.ch\/c\/artisanlocal-votre-demenageur-a-villeneuve\/#primaryimage","url":"https:\/\/www.artisanlocal.ch\/c\/wp-content\/uploads\/2024\/10\/demenageur.jpg","contentUrl":"https:\/\/www.artisanlocal.ch\/c\/wp-content\/uploads\/2024\/10\/demenageur.jpg","width":1920,"height":300},{"@type":"BreadcrumbList","@id":"https:\/\/www.artisanlocal.ch\/c\/artisanlocal-votre-demenageur-a-villeneuve\/#breadcrumb","itemListElement":[{"@type":"ListItem","position":1,"name":"Accueil","item":"https:\/\/www.artisanlocal.ch\/c\/"},{"@type":"ListItem","position":2,"name":"Artisanlocal votre d\u00e9m\u00e9nageur \u00e0 Villeneuve"}]},{"@type":"WebSite","@id":"https:\/\/www.artisanlocal.ch\/c\/#website","url":"https:\/\/www.artisanlocal.ch\/c\/","name":"Artisanlocal","description":"","publisher":{"@id":"https:\/\/www.artisanlocal.ch\/c\/#organization"},"potentialAction":[{"@type":"SearchAction","target":{"@type":"EntryPoint","urlTemplate":"https:\/\/www.artisanlocal.ch\/c\/?s={search_term_string}"},"query-input":{"@type":"PropertyValueSpecification","valueRequired":true,"valueName":"search_term_string"}}],"inLanguage":"fr-FR"},{"@type":"Organization","@id":"https:\/\/www.artisanlocal.ch\/c\/#organization","name":"Artisanlocal","url":"https:\/\/www.artisanlocal.ch\/c\/","logo":{"@type":"ImageObject","inLanguage":"fr-FR","@id":"https:\/\/www.artisanlocal.ch\/c\/#\/schema\/logo\/image\/","url":"https:\/\/www.artisanlocal.ch\/c\/wp-content\/uploads\/2024\/02\/logo-artisanlocal-h.svg","contentUrl":"https:\/\/www.artisanlocal.ch\/c\/wp-content\/uploads\/2024\/02\/logo-artisanlocal-h.svg","caption":"Artisanlocal"},"image":{"@id":"https:\/\/www.artisanlocal.ch\/c\/#\/schema\/logo\/image\/"}}]}},"_links":{"self":[{"href":"https:\/\/www.artisanlocal.ch\/c\/wp-json\/wp\/v2\/pages\/900","targetHints":{"allow":["GET"]}}],"collection":[{"href":"https:\/\/www.artisanlocal.ch\/c\/wp-json\/wp\/v2\/pages"}],"about":[{"href":"https:\/\/www.artisanlocal.ch\/c\/wp-json\/wp\/v2\/types\/page"}],"author":[{"embeddable":true,"href":"https:\/\/www.artisanlocal.ch\/c\/wp-json\/wp\/v2\/users\/4"}],"replies":[{"embeddable":true,"href":"https:\/\/www.artisanlocal.ch\/c\/wp-json\/wp\/v2\/comments?post=900"}],"version-history":[{"count":0,"href":"https:\/\/www.artisanlocal.ch\/c\/wp-json\/wp\/v2\/pages\/900\/revisions"}],"wp:featuredmedia":[{"embeddable":true,"href":"https:\/\/www.artisanlocal.ch\/c\/wp-json\/wp\/v2\/media\/2759"}],"wp:attachment":[{"href":"https:\/\/www.artisanlocal.ch\/c\/wp-json\/wp\/v2\/media?parent=900"}],"wp:term":[{"taxonomy":"profession","embeddable":true,"href":"https:\/\/www.artisanlocal.ch\/c\/wp-json\/wp\/v2\/profession?post=900"},{"taxonomy":"location","embeddable":true,"href":"https:\/\/www.artisanlocal.ch\/c\/wp-json\/wp\/v2\/location?post=900"},{"taxonomy":"canton","embeddable":true,"href":"https:\/\/www.artisanlocal.ch\/c\/wp-json\/wp\/v2\/canton?post=900"}],"curies":[{"name":"wp","href":"https:\/\/api.w.org\/{rel}","templated":true}]}}