{"id":905,"date":"2024-04-22T21:35:22","date_gmt":"2024-04-22T19:35:22","guid":{"rendered":"https:\/\/www.artisanlocal.ch\/c\/votre-demenageur-a-pully\/"},"modified":"2025-08-26T19:28:23","modified_gmt":"2025-08-26T17:28:23","slug":"votre-demenageur-a-pully","status":"publish","type":"page","link":"https:\/\/www.artisanlocal.ch\/c\/votre-demenageur-a-pully\/","title":{"rendered":"Votre d\u00e9m\u00e9nageur \u00e0 Pully"},"content":{"rendered":"<p>Le d\u00e9m\u00e9nagement \u00e0 Pully ne devrait pas \u00eatre difficile. Une fois que vous avez trouv\u00e9 votre logement et que vous avez choisi la date du d\u00e9m\u00e9nagement, vous devez vous questionner sur comment pr\u00e9voir aux mieux votre d\u00e9m\u00e9nagement ? En faisant appel \u00e0 notre entreprise \u00e0 Pully, vous \u00e9vitez les situations stressantes, Artisanlocal prend en charge la totalit\u00e9 de votre d\u00e9m\u00e9nagement, de la protection de vos meubles \u00e0 la location du camion.<\/p>\n\r\n<div class=\"box\">\r\n            <div class=\"company-info\">\r\n            <img decoding=\"async\" class=\"company-info__logo\" src=\"https:\/\/www.artisanlocal.ch\/media\/cache\/thumb\/images\/companies\/6261245fbc730454673720.png\" alt=\"Logo\">\r\n            <h2 class=\"company-info__name\">Veillard & Fils SA<\/h2>\r\n            <p class=\"company-info__business\">D\u00e9m\u00e9nagements - Garde-meubles - Transports<\/p>\r\n        <\/div>\r\n        <div class=\"company-contact\">\r\n            <p class=\"company-info__address\">Avenue de la Piscine 26<\/p>\r\n                            <div class=\"links\">\r\n                                            <a class=\"btn has-accent-background-color js-phoneNumber\" href=\"tel:0216344668\" title=\"Appelez\" data-id=\"2226\" data-type=\"11\">021 634 46 68<\/a>\r\n                                                                <a class=\"btn has-accent-background-color\" href=\"https:\/\/www.veillard.ch\/\" target=\"_blank\" title=\"Voir le site internet\" data-id=\"2226\" data-type=\"20\">Site internet<\/a>\r\n                                    <\/div>\r\n                    <\/div>\r\n    \r\n            \r\n<form action=\"https:\/\/www.artisanlocal.ch\/c\/wp-admin\/admin-ajax.php\" method=\"post\" class=\"form-contact\" id=\"artisan_form_contact_company_inline\">\r\n    <div><input type=\"hidden\" name=\"action\" value=\"company_contact\"><\/div>\r\n    <div><input type=\"hidden\" name=\"nonce\" value=\"09754e6304\"><\/div>\r\n    <div><input type=\"hidden\" name=\"company_id\" value=\"2226\"><\/div>\r\n    <div><input type=\"hidden\" name=\"form_id\" value=\"artisan_form_contact_company_inline\"><\/div>\r\n    <div class=\"gglcptch gglcptch_v3 gglcptch_custom\"><input type=\"hidden\" id=\"g-recaptcha-response\" name=\"g-recaptcha-response\" \/><br \/><div class=\"gglcptch_error_text\">La p\u00e9riode de v\u00e9rification reCAPTCHA a expir\u00e9. Veuillez recharger la page.<\/div><\/div>    <div class=\"form-content\">\r\n        <div class=\"form-group\">\r\n            <label for=\"contact_firstName\" class=\"required\">Pr\u00e9nom<\/label>\r\n            <input type=\"text\" name=\"firstName\" class=\"form-control\" required>\r\n        <\/div>\r\n        <div class=\"form-group\">\r\n            <label for=\"contact_lastName\" class=\"required\">Nom<\/label>\r\n            <input type=\"text\" name=\"lastName\" class=\"form-control\" required>\r\n        <\/div>\r\n        <div class=\"form-group\">\r\n            <label for=\"contact_email\" class=\"required\">Email<\/label>\r\n            <input type=\"email\" name=\"email\" class=\"form-control\" required>\r\n        <\/div>\r\n        <div class=\"form-group\">\r\n            <label for=\"contact_phone\" class=\"required\">Num\u00e9ro de t\u00e9l\u00e9phone<\/label>\r\n            <input type=\"tel\" name=\"phone\" class=\"form-control\" placeholder=\"0787117165\" pattern=\"^[0-9]{10}$\" required>\r\n        <\/div>\r\n        <div class=\"form-group\">\r\n            <label for=\"contact_postalCode\" class=\"required\">Code postal et localit\u00e9<\/label>\r\n            <input type=\"text\" name=\"postalCode\" class=\"form-control\" required>\r\n        <\/div>\r\n        <div class=\"form-group\">\r\n            <label for=\"contact_address\" class=\"required\">Adresse<\/label>\r\n            <input type=\"text\" name=\"address\" class=\"form-control\" required>\r\n        <\/div>\r\n        <div class=\"full-width topic\">\r\n            <p class=\"required\">Je souhaite \u00eatre contact\u00e9 pour :<\/p>\r\n            <div class=\"form-check\">\r\n                <input type=\"radio\" name=\"topic\" value=\"D\u00e9pannage\" class=\"form-control\" required>\r\n                <label for=\"d\u00e9pannage\">D\u00e9pannage<\/label>\r\n            <\/div>\r\n            <div class=\"form-check\">\r\n                <input type=\"radio\" name=\"topic\" value=\"Entretien\" class=\"form-control\" required>\r\n                <label for=\"entretien\">Entretien<\/label>\r\n            <\/div>\r\n            <div class=\"form-check\">\r\n                <input type=\"radio\" name=\"topic\" value=\"R\u00e9novation\" class=\"form-control\" required>\r\n                <label for=\"r\u00e9novation\">R\u00e9novation<\/label>\r\n            <\/div>\r\n            <div class=\"form-check\">\r\n                <input type=\"radio\" name=\"topic\" value=\"Autre\" class=\"form-control\" required>\r\n                <label for=\"autre\">Autre<\/label>\r\n            <\/div>\r\n        <\/div>\r\n        <div class=\"form-group full-width\">\r\n            <label for=\"contact_message\">Message<\/label>\r\n            <textarea name=\"message\" rows=\"3\" class=\"form-control\"><\/textarea>\r\n        <\/div>\r\n    <\/div>\r\n    <div class=\"form-actions\">\r\n        <button class=\"wp-block-button__link has-accent-background-color\">Contacter<\/button>\r\n    <\/div>\r\n<\/form>\r\n<div class=\"form-feedback\"><\/div>    <\/div>\n<h2>Artisanlocal une entreprise de confiance pour votre d\u00e9m\u00e9nagement <\/h2>\n<p>Notre soci\u00e9t\u00e9 est \u00e9tablie \u00e0 Pully depuis plusieurs ann\u00e9es. Nous sommes sp\u00e9cialis\u00e9s dans les d\u00e9m\u00e9nagements de bureaux et de particuliers. Nos \u00e9quipes sont form\u00e9es et exp\u00e9riment\u00e9es pour vous aider, peu importe la difficult\u00e9 de votre d\u00e9m\u00e9nagement.<\/p>\n<h2>Pourquoi choisir Artisanlocal pour votre d\u00e9m\u00e9nagement \u00e0 Pully ?<\/h2>\n<h3>Artisanlocal une entreprise engag\u00e9e<\/h3>\n<p>Dans le but de diminuer notre empreinte carbone au moment de votre d\u00e9m\u00e9nagement, nous employons des emballages biod\u00e9gradables, de plus, nous r\u00e9cup\u00e9rons tous les mat\u00e9riaux employ\u00e9s lors de notre intervention.<\/p>\n<h3>Une soci\u00e9t\u00e9 de d\u00e9m\u00e9nagement disponible<\/h3>\n<p>Nous sommes disponibles 7 jours sur 7, pour r\u00e9aliser le d\u00e9m\u00e9nagement de votre appartement, r\u00e9sidence ou de vos locaux commerciaux \u00e0 Pully.<\/p>\n<h3>Service de d\u00e9m\u00e9nagement \u00e0 Pully et dans les communes aux alentours<\/h3>\n<p>Notre entreprise intervient \u00e0 Pully et dans les localit\u00e9s voisines, comme : Les Monts-de-Pully, La Croix (Lutry), Belmont-sur-Lausanne, La Conversion, Paudex, Lutry..<\/p>\n<h3>Prestation de d\u00e9m\u00e9nagement en Suisse et dans les pays frontaliers<\/h3>\n<p>Si vous vivez \u00e0 Pully, nous pouvons r\u00e9aliser votre d\u00e9m\u00e9nagement vers toutes les villes et communes de Suisse ainsi que les pays limitrophes.&nbsp;<\/p>\n<h3>Artisanlocal une soci\u00e9t\u00e9 de d\u00e9m\u00e9nagement qui fait attention<\/h3>\n<p>Nous enveloppons vos objets et installons des protections sur les sols et murs pour \u00e9viter les dommages au cours de votre d\u00e9m\u00e9nagement, notamment pour vos :&nbsp;<\/p>\n<ul>\n<li>Sols : pendant votre d\u00e9m\u00e9nagement, nous veillerons \u00e0 marcher avec prudence et \u00e0 manipuler vos biens pour \u00e9viter d&rsquo;ab\u00eemer vos planchers.<\/li>\n<li>Coins : nous veillons \u00e0 prot\u00e9ger les coins de vos murs pour\u00e9viter les dommages.<\/li>\n<li>Couloirs : avant le d\u00e9placement de votre \u00e9lectrom\u00e9nager et de votre mobilier, nous appliquons des protections dans les couloirs, de mani\u00e8re \u00e0 pr\u00e9venir les d\u00e9g\u00e2ts.<\/li>\n<li>Portes : nous prenons soin de d\u00e9m\u00e9nager vos objets pour pr\u00e9venir les rayures sur vos portes.<\/li>\n<\/ul>\n<h3>\u00c9valuations gratuites<\/h3>\n<p>Apr\u00e8s \u00e9tude de votre projet, nous vous offrons une estimation gratuite.<\/p>\n<h2>Quels sont les services de d\u00e9m\u00e9nagement d&rsquo;Artisanlocal ?<\/h2>\n<h3>D\u00e9m\u00e9nagement de magasins et de bureaux<\/h3>\n<p>Nous effectuons le d\u00e9m\u00e9nagement des magasins et des espaces de travail.<\/p>\n<h3>D\u00e9m\u00e9nagement de petit volume<\/h3>\n<p>Nous d\u00e9m\u00e9nageons les petits appartements et les studios. C&rsquo;est un d\u00e9m\u00e9nagement pour des volumes inf\u00e9rieurs \u00e0 15 m\u00e8tres cubes.<\/p>\n<h3>D\u00e9m\u00e9nagements en urgence<\/h3>\n<p>Nous vous aiderons \u00e0 emm\u00e9nager dans votre nouvelle r\u00e9sidence le plus rapidement possible. Nous proposons aussi des prestations de garde-meuble et de pr\u00e9paration des cartons en urgence.<\/p>\n<h3>Espace de stockage<\/h3>\n<p>Notre \u00e9quipe vient r\u00e9cup\u00e9rer vos biens et ensuite nous les transportons vers notre zone de stockage \u00e0 Pully. Ils y seront en s\u00fbret\u00e9 pour la dur\u00e9e que vous d\u00e9sirez. Vous n&rsquo;avez qu&rsquo;\u00e0 nous indiquer le jour et l&rsquo;heure \u00e0 laquelle vous d\u00e9sirez reprendre vos biens et mobiliers, et nous les livrerons chez vous \u00e0 la date qui vous convient.<\/p>\n<h3>Conditionnement des biens pr\u00e9cieux<\/h3>\n<p>Vos biens de grande valeur et les \u0153uvres d&rsquo;art vont \u00eatre emball\u00e9s avec soin. Nous \u00e9laborons des cartons adapt\u00e9s, de plus, nous recourons des mat\u00e9riels de levage adapt\u00e9s pour votre d\u00e9m\u00e9nagement.<\/p>\n<h3>Transport de pianos<\/h3>\n<h3>Manipuler un piano avec pr\u00e9caution n\u00e9cessite des expertises, des \u00e9quipements et des connaissances sp\u00e9cifiques. Notre entreprise d\u00e9m\u00e9nage tous types de pianos : interm\u00e9diaires, droits et horizontaux.<\/h3>\n<h3>Service de location monte-meubles \u00e0 Pully pour d\u00e9m\u00e9nagement<\/h3>\n<p>Nous offrons une prestation de location de monte-meubles pour faciliter le d\u00e9placement de vos mobiliers massifs en Suisse et \u00e0 Pully.<\/p>\n<h3>Vente de cartons pour votre d\u00e9m\u00e9nagement en emm\u00e9nagement \u00e0 Pully<\/h3>\n<p>Vous recherchez des cartons de protection pour votre projet de d\u00e9m\u00e9nagement \u00e0 Pully ? Chez Artisanlocal, nous offrons des cartons de d\u00e9m\u00e9nagement et des \u00e9quipements de protection adapt\u00e9s.<\/p>\n<h2>Qu&rsquo;est-ce qui est inclus dans votre service de d\u00e9m\u00e9nagement ?<\/h2>\n<h3>L&#8217;emballage personnalis\u00e9, pour :<\/h3>\n<ul>\n<li>les matelas,<\/li>\n<li>les \u00e9crans plats<\/li>\n<li>les fauteuils,<\/li>\n<li>les sofas<\/li>\n<li>les appareils \u00e9lectrom\u00e9nagers,<\/li>\n<li>les ordinateurs,<\/li>\n<li>les lampes et ampoules,<\/li>\n<li>les tableaux et miroirs.<\/li>\n<\/ul>\n<h3>Le d\u00e9montage des meubles<\/h3>\n<ul>\n<li>les tables,<\/li>\n<li>les armoires,<\/li>\n<li>les mobiliers,<\/li>\n<li>les \u00e9tag\u00e8res,<\/li>\n<li>les luminaires.<\/li>\n<\/ul>\n<h2>FAQ<\/h2>\n<h3>Quel est le prix d&rsquo;un service d\u00e9m\u00e9nagement \u00e0 Pully et en Suisse ?<\/h3>\n<p>Le montant d&rsquo;un d\u00e9m\u00e9nagement \u00e0 Pully change en fonction du nombre de pi\u00e8ces dans votre logement.<\/p>\n<p>Ci-dessous, vous trouverez les tarifs en fonction du nombre de pi\u00e8ces :<\/p>\n<p>Pour un d\u00e9m\u00e9nagement \u00e0 Pully :<\/p>\n<table>\n<tbody>\n<tr>\n<td>D&rsquo;un appartement de 1-2 pi\u00e8ces<\/td>\n<td>De 350 \u00e0 600 Francs Suisses<\/td>\n<\/tr>\n<tr>\n<td>D\u2019un appartement de 2-3 pi\u00e8ces<\/td>\n<td>Entre 700 \u00e0 1300 Francs Suisses<\/td>\n<\/tr>\n<tr>\n<td>D\u2019un appartement de 3-4 pi\u00e8ces<\/td>\n<td>Entre 850 \u00e0 2000 Francs Suisses<\/td>\n<\/tr>\n<tr>\n<td>D\u2019une maison<\/td>\n<td>De 1200 \u00e0 2500 CHF<\/td>\n<\/tr>\n<\/tbody>\n<\/table>\n<p>Pour un service de d\u00e9m\u00e9nagement au-del\u00e0 de 200 km :<\/p>\n<table>\n<tbody>\n<tr>\n<td>Pour un appartement de 1-2 pi\u00e8ces<\/td>\n<td>De 600 \u00e0 900 Francs Suisses<\/td>\n<\/tr>\n<tr>\n<td>D\u2019un appartement de 2-3 pi\u00e8ces<\/td>\n<td>De 1200 \u00e0 2500 CHF<\/td>\n<\/tr>\n<tr>\n<td>D\u2019un appartement de 3-4 pi\u00e8ces<\/td>\n<td>De 1800 \u00e0 3000 Francs Suisses<\/td>\n<\/tr>\n<tr>\n<td>Pour une maison<\/td>\n<td>De 2000 \u00e0 4500 CHF<\/td>\n<\/tr>\n<\/tbody>\n<\/table>\n<p>Quel est le prix pour la location d&rsquo;un monte-meuble \u00e0 Pully ?<\/p>\n<p>Le tarif pour louer un monte-meuble \u00e0 Pully est approximativement 150 Francs Suisses par heure.<\/p>\n<h3>Quels sont les avantages d&#8217;embaucher une entreprise sp\u00e9cialis\u00e9e dans le d\u00e9m\u00e9nagement \u00e0 Pully ?<\/h3>\n<p>M\u00eame si vous pourriez \u00e9conomiser de l&rsquo;argent en effectuant le travail seul, vous risquez de subir des blessures (si vous n\u2019avez pas l\u2019habitude de porter des charges importantes) ou vous pouvez d\u00e9t\u00e9riorer vos biens. En engageant Artisanlocal pour votre d\u00e9m\u00e9nagement, vous gagnez du temps et vous limitez les risques.<\/p>\n","protected":false},"excerpt":{"rendered":"<p>Le d\u00e9m\u00e9nagement \u00e0 Pully ne devrait pas \u00eatre difficile. Une fois que vous avez trouv\u00e9 votre logement et que vous avez choisi la date du d\u00e9m\u00e9nagement, vous devez vous questionner sur comment pr\u00e9voir aux mieux votre d\u00e9m\u00e9nagement ? En faisant appel \u00e0 notre entreprise \u00e0 Pully, vous \u00e9vitez les situations stressantes, Artisanlocal prend en charge [&hellip;]<\/p>\n","protected":false},"author":4,"featured_media":2759,"parent":0,"menu_order":0,"comment_status":"closed","ping_status":"closed","template":"","meta":{"footnotes":""},"profession":[122],"location":[80],"canton":[113],"class_list":["post-905","page","type-page","status-publish","has-post-thumbnail","hentry","profession-demenageur","location-pully","canton-vd"],"yoast_head":"<!-- This site is optimized with the Yoast SEO Premium plugin v25.7.1 (Yoast SEO v27.4) - https:\/\/yoast.com\/product\/yoast-seo-premium-wordpress\/ -->\n<title>Votre d\u00e9m\u00e9nageur \u00e0 Pully - Artisanlocal<\/title>\n<meta name=\"robots\" content=\"index, follow, max-snippet:-1, max-image-preview:large, max-video-preview:-1\" \/>\n<link rel=\"canonical\" href=\"https:\/\/www.artisanlocal.ch\/c\/votre-demenageur-a-pully\/\" \/>\n<meta property=\"og:locale\" content=\"fr_FR\" \/>\n<meta property=\"og:type\" content=\"article\" \/>\n<meta property=\"og:title\" content=\"Votre d\u00e9m\u00e9nageur \u00e0 Pully\" \/>\n<meta property=\"og:description\" content=\"Le d\u00e9m\u00e9nagement \u00e0 Pully ne devrait pas \u00eatre difficile. Une fois que vous avez trouv\u00e9 votre logement et que vous avez choisi la date du d\u00e9m\u00e9nagement, vous devez vous questionner sur comment pr\u00e9voir aux mieux votre d\u00e9m\u00e9nagement ? En faisant appel \u00e0 notre entreprise \u00e0 Pully, vous \u00e9vitez les situations stressantes, Artisanlocal prend en charge [&hellip;]\" \/>\n<meta property=\"og:url\" content=\"https:\/\/www.artisanlocal.ch\/c\/votre-demenageur-a-pully\/\" \/>\n<meta property=\"og:site_name\" content=\"Artisanlocal\" \/>\n<meta property=\"article:modified_time\" content=\"2025-08-26T17:28:23+00:00\" \/>\n<meta property=\"og:image\" content=\"https:\/\/www.artisanlocal.ch\/c\/wp-content\/uploads\/2024\/10\/demenageur.jpg\" \/>\n\t<meta property=\"og:image:width\" content=\"1920\" \/>\n\t<meta property=\"og:image:height\" content=\"300\" \/>\n\t<meta property=\"og:image:type\" content=\"image\/jpeg\" \/>\n<meta name=\"twitter:card\" content=\"summary_large_image\" \/>\n<meta name=\"twitter:label1\" content=\"Dur\u00e9e de lecture estim\u00e9e\" \/>\n\t<meta name=\"twitter:data1\" content=\"5 minutes\" \/>\n<script type=\"application\/ld+json\" class=\"yoast-schema-graph\">{\"@context\":\"https:\\\/\\\/schema.org\",\"@graph\":[{\"@type\":\"WebPage\",\"@id\":\"https:\\\/\\\/www.artisanlocal.ch\\\/c\\\/votre-demenageur-a-pully\\\/\",\"url\":\"https:\\\/\\\/www.artisanlocal.ch\\\/c\\\/votre-demenageur-a-pully\\\/\",\"name\":\"Votre d\u00e9m\u00e9nageur \u00e0 Pully - Artisanlocal\",\"isPartOf\":{\"@id\":\"https:\\\/\\\/www.artisanlocal.ch\\\/c\\\/#website\"},\"primaryImageOfPage\":{\"@id\":\"https:\\\/\\\/www.artisanlocal.ch\\\/c\\\/votre-demenageur-a-pully\\\/#primaryimage\"},\"image\":{\"@id\":\"https:\\\/\\\/www.artisanlocal.ch\\\/c\\\/votre-demenageur-a-pully\\\/#primaryimage\"},\"thumbnailUrl\":\"https:\\\/\\\/www.artisanlocal.ch\\\/c\\\/wp-content\\\/uploads\\\/2024\\\/10\\\/demenageur.jpg\",\"datePublished\":\"2024-04-22T19:35:22+00:00\",\"dateModified\":\"2025-08-26T17:28:23+00:00\",\"breadcrumb\":{\"@id\":\"https:\\\/\\\/www.artisanlocal.ch\\\/c\\\/votre-demenageur-a-pully\\\/#breadcrumb\"},\"inLanguage\":\"fr-FR\",\"potentialAction\":[{\"@type\":\"ReadAction\",\"target\":[\"https:\\\/\\\/www.artisanlocal.ch\\\/c\\\/votre-demenageur-a-pully\\\/\"]}]},{\"@type\":\"ImageObject\",\"inLanguage\":\"fr-FR\",\"@id\":\"https:\\\/\\\/www.artisanlocal.ch\\\/c\\\/votre-demenageur-a-pully\\\/#primaryimage\",\"url\":\"https:\\\/\\\/www.artisanlocal.ch\\\/c\\\/wp-content\\\/uploads\\\/2024\\\/10\\\/demenageur.jpg\",\"contentUrl\":\"https:\\\/\\\/www.artisanlocal.ch\\\/c\\\/wp-content\\\/uploads\\\/2024\\\/10\\\/demenageur.jpg\",\"width\":1920,\"height\":300},{\"@type\":\"BreadcrumbList\",\"@id\":\"https:\\\/\\\/www.artisanlocal.ch\\\/c\\\/votre-demenageur-a-pully\\\/#breadcrumb\",\"itemListElement\":[{\"@type\":\"ListItem\",\"position\":1,\"name\":\"Accueil\",\"item\":\"https:\\\/\\\/www.artisanlocal.ch\\\/c\\\/\"},{\"@type\":\"ListItem\",\"position\":2,\"name\":\"Votre d\u00e9m\u00e9nageur \u00e0 Pully\"}]},{\"@type\":\"WebSite\",\"@id\":\"https:\\\/\\\/www.artisanlocal.ch\\\/c\\\/#website\",\"url\":\"https:\\\/\\\/www.artisanlocal.ch\\\/c\\\/\",\"name\":\"Artisanlocal\",\"description\":\"\",\"publisher\":{\"@id\":\"https:\\\/\\\/www.artisanlocal.ch\\\/c\\\/#organization\"},\"potentialAction\":[{\"@type\":\"SearchAction\",\"target\":{\"@type\":\"EntryPoint\",\"urlTemplate\":\"https:\\\/\\\/www.artisanlocal.ch\\\/c\\\/?s={search_term_string}\"},\"query-input\":{\"@type\":\"PropertyValueSpecification\",\"valueRequired\":true,\"valueName\":\"search_term_string\"}}],\"inLanguage\":\"fr-FR\"},{\"@type\":\"Organization\",\"@id\":\"https:\\\/\\\/www.artisanlocal.ch\\\/c\\\/#organization\",\"name\":\"Artisanlocal\",\"url\":\"https:\\\/\\\/www.artisanlocal.ch\\\/c\\\/\",\"logo\":{\"@type\":\"ImageObject\",\"inLanguage\":\"fr-FR\",\"@id\":\"https:\\\/\\\/www.artisanlocal.ch\\\/c\\\/#\\\/schema\\\/logo\\\/image\\\/\",\"url\":\"https:\\\/\\\/www.artisanlocal.ch\\\/c\\\/wp-content\\\/uploads\\\/2024\\\/02\\\/logo-artisanlocal-h.svg\",\"contentUrl\":\"https:\\\/\\\/www.artisanlocal.ch\\\/c\\\/wp-content\\\/uploads\\\/2024\\\/02\\\/logo-artisanlocal-h.svg\",\"caption\":\"Artisanlocal\"},\"image\":{\"@id\":\"https:\\\/\\\/www.artisanlocal.ch\\\/c\\\/#\\\/schema\\\/logo\\\/image\\\/\"}}]}<\/script>\n<!-- \/ Yoast SEO Premium plugin. -->","yoast_head_json":{"title":"Votre d\u00e9m\u00e9nageur \u00e0 Pully - Artisanlocal","robots":{"index":"index","follow":"follow","max-snippet":"max-snippet:-1","max-image-preview":"max-image-preview:large","max-video-preview":"max-video-preview:-1"},"canonical":"https:\/\/www.artisanlocal.ch\/c\/votre-demenageur-a-pully\/","og_locale":"fr_FR","og_type":"article","og_title":"Votre d\u00e9m\u00e9nageur \u00e0 Pully","og_description":"Le d\u00e9m\u00e9nagement \u00e0 Pully ne devrait pas \u00eatre difficile. Une fois que vous avez trouv\u00e9 votre logement et que vous avez choisi la date du d\u00e9m\u00e9nagement, vous devez vous questionner sur comment pr\u00e9voir aux mieux votre d\u00e9m\u00e9nagement ? En faisant appel \u00e0 notre entreprise \u00e0 Pully, vous \u00e9vitez les situations stressantes, Artisanlocal prend en charge [&hellip;]","og_url":"https:\/\/www.artisanlocal.ch\/c\/votre-demenageur-a-pully\/","og_site_name":"Artisanlocal","article_modified_time":"2025-08-26T17:28:23+00:00","og_image":[{"width":1920,"height":300,"url":"https:\/\/www.artisanlocal.ch\/c\/wp-content\/uploads\/2024\/10\/demenageur.jpg","type":"image\/jpeg"}],"twitter_card":"summary_large_image","twitter_misc":{"Dur\u00e9e de lecture estim\u00e9e":"5 minutes"},"schema":{"@context":"https:\/\/schema.org","@graph":[{"@type":"WebPage","@id":"https:\/\/www.artisanlocal.ch\/c\/votre-demenageur-a-pully\/","url":"https:\/\/www.artisanlocal.ch\/c\/votre-demenageur-a-pully\/","name":"Votre d\u00e9m\u00e9nageur \u00e0 Pully - Artisanlocal","isPartOf":{"@id":"https:\/\/www.artisanlocal.ch\/c\/#website"},"primaryImageOfPage":{"@id":"https:\/\/www.artisanlocal.ch\/c\/votre-demenageur-a-pully\/#primaryimage"},"image":{"@id":"https:\/\/www.artisanlocal.ch\/c\/votre-demenageur-a-pully\/#primaryimage"},"thumbnailUrl":"https:\/\/www.artisanlocal.ch\/c\/wp-content\/uploads\/2024\/10\/demenageur.jpg","datePublished":"2024-04-22T19:35:22+00:00","dateModified":"2025-08-26T17:28:23+00:00","breadcrumb":{"@id":"https:\/\/www.artisanlocal.ch\/c\/votre-demenageur-a-pully\/#breadcrumb"},"inLanguage":"fr-FR","potentialAction":[{"@type":"ReadAction","target":["https:\/\/www.artisanlocal.ch\/c\/votre-demenageur-a-pully\/"]}]},{"@type":"ImageObject","inLanguage":"fr-FR","@id":"https:\/\/www.artisanlocal.ch\/c\/votre-demenageur-a-pully\/#primaryimage","url":"https:\/\/www.artisanlocal.ch\/c\/wp-content\/uploads\/2024\/10\/demenageur.jpg","contentUrl":"https:\/\/www.artisanlocal.ch\/c\/wp-content\/uploads\/2024\/10\/demenageur.jpg","width":1920,"height":300},{"@type":"BreadcrumbList","@id":"https:\/\/www.artisanlocal.ch\/c\/votre-demenageur-a-pully\/#breadcrumb","itemListElement":[{"@type":"ListItem","position":1,"name":"Accueil","item":"https:\/\/www.artisanlocal.ch\/c\/"},{"@type":"ListItem","position":2,"name":"Votre d\u00e9m\u00e9nageur \u00e0 Pully"}]},{"@type":"WebSite","@id":"https:\/\/www.artisanlocal.ch\/c\/#website","url":"https:\/\/www.artisanlocal.ch\/c\/","name":"Artisanlocal","description":"","publisher":{"@id":"https:\/\/www.artisanlocal.ch\/c\/#organization"},"potentialAction":[{"@type":"SearchAction","target":{"@type":"EntryPoint","urlTemplate":"https:\/\/www.artisanlocal.ch\/c\/?s={search_term_string}"},"query-input":{"@type":"PropertyValueSpecification","valueRequired":true,"valueName":"search_term_string"}}],"inLanguage":"fr-FR"},{"@type":"Organization","@id":"https:\/\/www.artisanlocal.ch\/c\/#organization","name":"Artisanlocal","url":"https:\/\/www.artisanlocal.ch\/c\/","logo":{"@type":"ImageObject","inLanguage":"fr-FR","@id":"https:\/\/www.artisanlocal.ch\/c\/#\/schema\/logo\/image\/","url":"https:\/\/www.artisanlocal.ch\/c\/wp-content\/uploads\/2024\/02\/logo-artisanlocal-h.svg","contentUrl":"https:\/\/www.artisanlocal.ch\/c\/wp-content\/uploads\/2024\/02\/logo-artisanlocal-h.svg","caption":"Artisanlocal"},"image":{"@id":"https:\/\/www.artisanlocal.ch\/c\/#\/schema\/logo\/image\/"}}]}},"_links":{"self":[{"href":"https:\/\/www.artisanlocal.ch\/c\/wp-json\/wp\/v2\/pages\/905","targetHints":{"allow":["GET"]}}],"collection":[{"href":"https:\/\/www.artisanlocal.ch\/c\/wp-json\/wp\/v2\/pages"}],"about":[{"href":"https:\/\/www.artisanlocal.ch\/c\/wp-json\/wp\/v2\/types\/page"}],"author":[{"embeddable":true,"href":"https:\/\/www.artisanlocal.ch\/c\/wp-json\/wp\/v2\/users\/4"}],"replies":[{"embeddable":true,"href":"https:\/\/www.artisanlocal.ch\/c\/wp-json\/wp\/v2\/comments?post=905"}],"version-history":[{"count":0,"href":"https:\/\/www.artisanlocal.ch\/c\/wp-json\/wp\/v2\/pages\/905\/revisions"}],"wp:featuredmedia":[{"embeddable":true,"href":"https:\/\/www.artisanlocal.ch\/c\/wp-json\/wp\/v2\/media\/2759"}],"wp:attachment":[{"href":"https:\/\/www.artisanlocal.ch\/c\/wp-json\/wp\/v2\/media?parent=905"}],"wp:term":[{"taxonomy":"profession","embeddable":true,"href":"https:\/\/www.artisanlocal.ch\/c\/wp-json\/wp\/v2\/profession?post=905"},{"taxonomy":"location","embeddable":true,"href":"https:\/\/www.artisanlocal.ch\/c\/wp-json\/wp\/v2\/location?post=905"},{"taxonomy":"canton","embeddable":true,"href":"https:\/\/www.artisanlocal.ch\/c\/wp-json\/wp\/v2\/canton?post=905"}],"curies":[{"name":"wp","href":"https:\/\/api.w.org\/{rel}","templated":true}]}}