{"id":911,"date":"2024-04-23T13:33:08","date_gmt":"2024-04-23T11:33:08","guid":{"rendered":"https:\/\/www.artisanlocal.ch\/c\/facilitez-votre-demenagement-a-fetigny\/"},"modified":"2025-08-26T19:28:00","modified_gmt":"2025-08-26T17:28:00","slug":"facilitez-votre-demenagement-a-fetigny","status":"publish","type":"page","link":"https:\/\/www.artisanlocal.ch\/c\/facilitez-votre-demenagement-a-fetigny\/","title":{"rendered":"Facilitez votre d\u00e9m\u00e9nagement \u00e0 F\u00e9tigny"},"content":{"rendered":"<p>D\u00e9m\u00e9nager \u00e0 F\u00e9tigny ne doit pas \u00eatre une source de stress. Une fois que vous avez trouv\u00e9 votre appartement et que vous avez d\u00e9termin\u00e9 la date du d\u00e9m\u00e9nagement, vous vous demandez peut-\u00eatre comment pr\u00e9parer au mieux votre d\u00e9m\u00e9nagement et votre installation ? En faisant appel \u00e0 notre entreprise \u00e0 F\u00e9tigny, vous \u00e9chappez aux situations stressantes, Artisanlocal g\u00e8re la totalit\u00e9 de votre d\u00e9m\u00e9nagement, de la location du fourgon, \u00e0 la protection de votre mobilier.<\/p>\n\r\n<div class=\"box\">\r\n            <div class=\"company-info\">\r\n            <img decoding=\"async\" class=\"company-info__logo\" src=\"https:\/\/www.artisanlocal.ch\/media\/cache\/thumb\/images\/companies\/65b8d065d2d09010211638.png\" alt=\"Logo\">\r\n            <h2 class=\"company-info__name\">Sigrist services S\u00e0rl<\/h2>\r\n            <p class=\"company-info__business\">D\u00e9barras - Livraison - Montage de meuble - D\u00e9m\u00e9nagement<\/p>\r\n        <\/div>\r\n        <div class=\"company-contact\">\r\n            <p class=\"company-info__address\">Chemin des Tenevi\u00e8res 19<\/p>\r\n                            <div class=\"links\">\r\n                                            <a class=\"btn has-accent-background-color js-phoneNumber\" href=\"tel:0799192529\" title=\"Appelez\" data-id=\"25053\" data-type=\"11\">079 919 25 29<\/a>\r\n                                                                <a class=\"btn has-accent-background-color\" href=\"https:\/\/www.sigristservices.ch\/\" target=\"_blank\" title=\"Voir le site internet\" data-id=\"25053\" data-type=\"20\">Site internet<\/a>\r\n                                    <\/div>\r\n                    <\/div>\r\n    \r\n            \r\n<form action=\"https:\/\/www.artisanlocal.ch\/c\/wp-admin\/admin-ajax.php\" method=\"post\" class=\"form-contact\" id=\"artisan_form_contact_company_inline\">\r\n    <div><input type=\"hidden\" name=\"action\" value=\"company_contact\"><\/div>\r\n    <div><input type=\"hidden\" name=\"nonce\" value=\"3ea75e31ab\"><\/div>\r\n    <div><input type=\"hidden\" name=\"company_id\" value=\"25053\"><\/div>\r\n    <div><input type=\"hidden\" name=\"form_id\" value=\"artisan_form_contact_company_inline\"><\/div>\r\n    <div class=\"gglcptch gglcptch_v3 gglcptch_custom\"><input type=\"hidden\" id=\"g-recaptcha-response\" name=\"g-recaptcha-response\" \/><br \/><div class=\"gglcptch_error_text\">La p\u00e9riode de v\u00e9rification reCAPTCHA a expir\u00e9. Veuillez recharger la page.<\/div><\/div>    <div class=\"form-content\">\r\n        <div class=\"form-group\">\r\n            <label for=\"contact_firstName\" class=\"required\">Pr\u00e9nom<\/label>\r\n            <input type=\"text\" name=\"firstName\" class=\"form-control\" required>\r\n        <\/div>\r\n        <div class=\"form-group\">\r\n            <label for=\"contact_lastName\" class=\"required\">Nom<\/label>\r\n            <input type=\"text\" name=\"lastName\" class=\"form-control\" required>\r\n        <\/div>\r\n        <div class=\"form-group\">\r\n            <label for=\"contact_email\" class=\"required\">Email<\/label>\r\n            <input type=\"email\" name=\"email\" class=\"form-control\" required>\r\n        <\/div>\r\n        <div class=\"form-group\">\r\n            <label for=\"contact_phone\" class=\"required\">Num\u00e9ro de t\u00e9l\u00e9phone<\/label>\r\n            <input type=\"tel\" name=\"phone\" class=\"form-control\" placeholder=\"0787117165\" pattern=\"^[0-9]{10}$\" required>\r\n        <\/div>\r\n        <div class=\"form-group\">\r\n            <label for=\"contact_postalCode\" class=\"required\">Code postal et localit\u00e9<\/label>\r\n            <input type=\"text\" name=\"postalCode\" class=\"form-control\" required>\r\n        <\/div>\r\n        <div class=\"form-group\">\r\n            <label for=\"contact_address\" class=\"required\">Adresse<\/label>\r\n            <input type=\"text\" name=\"address\" class=\"form-control\" required>\r\n        <\/div>\r\n        <div class=\"full-width topic\">\r\n            <p class=\"required\">Je souhaite \u00eatre contact\u00e9 pour :<\/p>\r\n            <div class=\"form-check\">\r\n                <input type=\"radio\" name=\"topic\" value=\"D\u00e9pannage\" class=\"form-control\" required>\r\n                <label for=\"d\u00e9pannage\">D\u00e9pannage<\/label>\r\n            <\/div>\r\n            <div class=\"form-check\">\r\n                <input type=\"radio\" name=\"topic\" value=\"Entretien\" class=\"form-control\" required>\r\n                <label for=\"entretien\">Entretien<\/label>\r\n            <\/div>\r\n            <div class=\"form-check\">\r\n                <input type=\"radio\" name=\"topic\" value=\"R\u00e9novation\" class=\"form-control\" required>\r\n                <label for=\"r\u00e9novation\">R\u00e9novation<\/label>\r\n            <\/div>\r\n            <div class=\"form-check\">\r\n                <input type=\"radio\" name=\"topic\" value=\"Autre\" class=\"form-control\" required>\r\n                <label for=\"autre\">Autre<\/label>\r\n            <\/div>\r\n        <\/div>\r\n        <div class=\"form-group full-width\">\r\n            <label for=\"contact_message\">Message<\/label>\r\n            <textarea name=\"message\" rows=\"3\" class=\"form-control\"><\/textarea>\r\n        <\/div>\r\n    <\/div>\r\n    <div class=\"form-actions\">\r\n        <button class=\"wp-block-button__link has-accent-background-color\">Contacter<\/button>\r\n    <\/div>\r\n<\/form>\r\n<div class=\"form-feedback\"><\/div>    <\/div>\n<h2>Artisanlocal l&rsquo;expert du d\u00e9m\u00e9nagement \u00e0 F\u00e9tigny<\/h2>\n<p>Notre entreprise est implant\u00e9e \u00e0 F\u00e9tigny depuis d\u00e8s ann\u00e9es. Nous sommes sp\u00e9cialis\u00e9s dans les d\u00e9m\u00e9nagements de bureaux et de particuliers. Notre \u00e9quipe est exp\u00e9riment\u00e9e et form\u00e9e aux derni\u00e8res techniques pour vous aider, quelle que soit la difficult\u00e9 de votre d\u00e9m\u00e9nagement.<\/p>\n<h2>Quels sont les avantages de travailler avec Artisanlocal \u00e0 F\u00e9tigny ?<\/h2>\n<h3>Artisanlocal une soci\u00e9t\u00e9 engag\u00e9e<\/h3>\n<p>Dans le but de r\u00e9duire notre empreinte carbone au cours de votre d\u00e9m\u00e9nagement, nous employons des emballages biod\u00e9gradables, de plus, nous r\u00e9cup\u00e9rons tous les mat\u00e9riaux employ\u00e9s lors de notre intervention.<\/p>\n<h3>Artisanlocal une soci\u00e9t\u00e9 disponible \u00e0 tout moment pour votre d\u00e9m\u00e9nagement<\/h3>\n<p>Nous sommes disponibles 7 jours sur 7, pour r\u00e9aliser le d\u00e9m\u00e9nagement de votre appartement, maison ou de vos locaux commerciaux \u00e0 F\u00e9tigny.<\/p>\n<h3>Service de d\u00e9m\u00e9nagement \u00e0 F\u00e9tigny et dans les communes aux alentours<\/h3>\n<p>Artisanlocal op\u00e8re \u00e0 F\u00e9tigny et dans les communes proches, telles que : Cheyres, Estavayer-le-Lac, Bollion, Lully FR, Seiry, Ch\u00e2tillon FR, Font, Ch\u00e2bles FR, Autavaux, Forel FR, Montbrelloz, Cugy FR, Vesin, Frasses, Montet (Broye), Aumont, Granges-de-Vesin, Nuvilly, Murist, Payerne, M\u00e9ni\u00e8res, Treytorrens (Payerne), Bussy FR, Morens FR, S\u00e9vaz, Rueyres-les-Pr\u00e9s, Grandcour, Chevroux, Vers-chez-Perrin, Trey, Ch\u00e2tonnaye, Corcelles-pr\u00e8s-Payerne, Missy, Cerniat FR, Middes, Cousset, Montagny-les-Monts, Grandsivaz, Mannens, Montagny-la-Ville..<\/p>\n<h3>Prestation de d\u00e9m\u00e9nagement en Suisse et dans les pays frontaliers<\/h3>\n<p>Si vous vivez \u00e0 F\u00e9tigny, nous pouvons planifier votre d\u00e9m\u00e9nagement dans toutes les villes en Suisse ou les pays frontaliers.&nbsp;<\/p>\n<h3>Artisanlocal une entreprise de d\u00e9m\u00e9nagement qui fait attention<\/h3>\n<p>Nous emballons vos articles et installons des protections sur les sols et murs pour pr\u00e9venir les dommages au moment de votre d\u00e9m\u00e9nagement, \u00e0 titre d&rsquo;illustration pour vos :&nbsp;<\/p>\n<ul>\n<li>Sols : au cours de votre d\u00e9m\u00e9nagement, Artisanlocal prendra toutes les mesures possibles pour ne pas d\u00e9grader vos planchers.<\/li>\n<li>Coins : nous veillons \u00e0 prot\u00e9ger les coins de vos murs pour\u00e9viter les \u00e9raflures.<\/li>\n<li>Couloirs : avant de transporter votre mobilier, nous pla\u00e7ons des protections dans vos couloirs, pour pr\u00e9venir les pr\u00e9judices.<\/li>\n<li>Portes : si cela le demande, nous prot\u00e9geons vos portes contre les dommages.<\/li>\n<\/ul>\n<h3>Devis gratuits<\/h3>\n<p>Apr\u00e8s analyse de votre projet, notre entreprise vous fournit une estimation gratuite.<\/p>\n<h2>Quels sont les types de d\u00e9m\u00e9nagement et services que propose Artisanlocal \u00e0 F\u00e9tigny ?<\/h2>\n<h3>D\u00e9m\u00e9nagement de bureaux et de locaux de bureau<\/h3>\n<p>Nous r\u00e9alisons le d\u00e9m\u00e9nagement des espaces de travail et des boutiques.<\/p>\n<h3>D\u00e9m\u00e9nagement de petit volume<\/h3>\n<p>Nous d\u00e9m\u00e9nageons les petits appartements et les studios. C&rsquo;est un d\u00e9m\u00e9nagement pour des volumes inf\u00e9rieurs ou \u00e9gaux \u00e0 15 m3.<\/p>\n<h3>D\u00e9m\u00e9nagements en urgence<\/h3>\n<p>Si vous avez peu de temps entre le d\u00e9m\u00e9nagement et l&#8217;emm\u00e9nagement dans votre nouveau logement, Artisanlocal d\u00e9m\u00e9nage et vous installe rapidement. Nous avons aussi des prestations de stockage et d&#8217;emballage en urgence.<\/p>\n<h3>Espace de stockage<\/h3>\n<p>Nous r\u00e9cup\u00e9rons vos objets et les stockons dans notre d\u00e9p\u00f4t s\u00e9curis\u00e9 \u00e0 F\u00e9tigny. Ils seront stock\u00e9s durant la dur\u00e9e dont vous avez besoin. Vous n&rsquo;avez qu&rsquo;\u00e0 nous communiquer la date \u00e0 laquelle vous voulez reprendre vos biens et mobiliers, et nous les transporterons \u00e0 votre logement.<\/p>\n<h3>Protection sur mesure pour vos objets de grande valeur<\/h3>\n<p>Vos meubles pr\u00e9cieux ou vos \u0153uvres d&rsquo;art seront prot\u00e9g\u00e9s. Nous pr\u00e9parons des emballages personnalis\u00e9s et nous utilisons des mat\u00e9riels de levage adapt\u00e9s.<\/p>\n<h3>Transfert de pianos<\/h3>\n<h3>D\u00e9placer un piano avec pr\u00e9caution n\u00e9cessite des comp\u00e9tences, des \u00e9quipements et des connaissances sp\u00e9cifiques. Notre soci\u00e9t\u00e9 d\u00e9m\u00e9nage tous mod\u00e8les de pianos : droits, horizontaux et interm\u00e9diaires.<\/h3>\n<h3>Service de location monte-meubles \u00e0 F\u00e9tigny <\/h3>\n<p>Notre prestation de location de monte-meubles permet le transfert de vos meubles facilement en Suisse et \u00e0 F\u00e9tigny.<\/p>\n<h3>Acheter des cartons pour votre d\u00e9m\u00e9nagement \u00e0 F\u00e9tigny<\/h3>\n<p>Vous avez besoin de protection pour votre emm\u00e9nagement et d\u00e9m\u00e9nagement \u00e0 F\u00e9tigny ? Chez Artisanlocal, nous proposons \u00e0 nos clients des cartons de d\u00e9m\u00e9nagement et des protections adapt\u00e9es.<\/p>\n<h2>Qu&rsquo;est-ce qui est inclus dans votre service de d\u00e9m\u00e9nagement ?<\/h2>\n<h3>L&#8217;emballage sur mesure, pour :<\/h3>\n<ul>\n<li>les matelas,<\/li>\n<li>les \u00e9crans plats<\/li>\n<li>les chaises,<\/li>\n<li>les sofas<\/li>\n<li>les appareils \u00e9lectrom\u00e9nagers,<\/li>\n<li>les PC,<\/li>\n<li>les lampes et ampoules,<\/li>\n<li>les miroirs et tableaux.<\/li>\n<\/ul>\n<h3>Le montage et d\u00e9montage du mobilier<\/h3>\n<ul>\n<li>les tables,<\/li>\n<li>les armoires,<\/li>\n<li>les mobiliers,<\/li>\n<li>les supports de rangement,<\/li>\n<li>les luminaires.<\/li>\n<\/ul>\n<h2>Foire aux questions<\/h2>\n<h3>Quel budget pour un d\u00e9m\u00e9nagement \u00e0 F\u00e9tigny et en Suisse ?<\/h3>\n<p>La somme \u00e0 pr\u00e9voir pour un d\u00e9m\u00e9nagement \u00e0 F\u00e9tigny change en fonction du volume et du nombre de pi\u00e8ces.<\/p>\n<p>Voici les tarif pr\u00e9cis selon le volume et le nombre de chambres :<\/p>\n<p>Pour un d\u00e9m\u00e9nagement \u00e0 F\u00e9tigny :<\/p>\n<table>\n<tbody>\n<tr>\n<td>Pour un appartement de 1-2 pi\u00e8ces<\/td>\n<td>Entre 350 \u00e0 600 CHF<\/td>\n<\/tr>\n<tr>\n<td>D\u2019un appartement entre 2-3 pi\u00e8ces<\/td>\n<td>Entre 700 \u00e0 1300 Francs Suisses<\/td>\n<\/tr>\n<tr>\n<td>Pour un appartement entre 3-4 pi\u00e8ces<\/td>\n<td>De 850 \u00e0 2000 Francs Suisses<\/td>\n<\/tr>\n<tr>\n<td>Pour une maison<\/td>\n<td>Entre 1200 \u00e0 2500 CHF<\/td>\n<\/tr>\n<\/tbody>\n<\/table>\n<p>Pour d\u00e9m\u00e9nager au-del\u00e0 de 200 km :<\/p>\n<table>\n<tbody>\n<tr>\n<td>D\u2019un appartement de 1-2 pi\u00e8ces<\/td>\n<td>De 600 \u00e0 900 CHF<\/td>\n<\/tr>\n<tr>\n<td>Pour un appartement de 2-3 pi\u00e8ces<\/td>\n<td>Entre 1200 \u00e0 2500 CHF<\/td>\n<\/tr>\n<tr>\n<td>Pour un appartement de 3-4 pi\u00e8ces<\/td>\n<td>Entre 1800 \u00e0 3000 CHF<\/td>\n<\/tr>\n<tr>\n<td>D\u2019une maison<\/td>\n<td>Entre 2000 \u00e0 4500 CHF<\/td>\n<\/tr>\n<\/tbody>\n<\/table>\n<p>Quel est le prix pour louer un monte-meuble \u00e0 F\u00e9tigny ?<\/p>\n<p>Le prix pour louer un monte-meuble \u00e0 F\u00e9tigny est approximativement 150 Francs Suisses par heure.<\/p>\n<h3>Quels sont les b\u00e9n\u00e9fices d&#8217;embaucher une soci\u00e9t\u00e9 experte dans le d\u00e9m\u00e9nagement \u00e0 F\u00e9tigny ?<\/h3>\n<p>Bien que vous \u00e9vitez de perdre de l&rsquo;argent en r\u00e9alisant le d\u00e9m\u00e9nagement vous-m\u00eame, vous pouvez vous faire mal (si vous n&rsquo;\u00eates pas habitu\u00e9 \u00e0 soulever des charges importantes) ou d\u2019endommager vos objets au cours de votre d\u00e9m\u00e9nagement. Avec Artisanlocal, vous gagnez du temps et vous \u00e9vitez des maux de dos.<\/p>\n","protected":false},"excerpt":{"rendered":"<p>D\u00e9m\u00e9nager \u00e0 F\u00e9tigny ne doit pas \u00eatre une source de stress. Une fois que vous avez trouv\u00e9 votre appartement et que vous avez d\u00e9termin\u00e9 la date du d\u00e9m\u00e9nagement, vous vous demandez peut-\u00eatre comment pr\u00e9parer au mieux votre d\u00e9m\u00e9nagement et votre installation ? En faisant appel \u00e0 notre entreprise \u00e0 F\u00e9tigny, vous \u00e9chappez aux situations stressantes, [&hellip;]<\/p>\n","protected":false},"author":4,"featured_media":2759,"parent":0,"menu_order":0,"comment_status":"closed","ping_status":"closed","template":"","meta":{"footnotes":""},"profession":[122],"location":[76],"canton":[109],"class_list":["post-911","page","type-page","status-publish","has-post-thumbnail","hentry","profession-demenageur","location-fetigny","canton-fr"],"yoast_head":"<!-- This site is optimized with the Yoast SEO Premium plugin v25.7.1 (Yoast SEO v27.3) - https:\/\/yoast.com\/product\/yoast-seo-premium-wordpress\/ -->\n<title>Facilitez votre d\u00e9m\u00e9nagement \u00e0 F\u00e9tigny - Artisanlocal<\/title>\n<meta name=\"robots\" content=\"index, follow, max-snippet:-1, max-image-preview:large, max-video-preview:-1\" \/>\n<link rel=\"canonical\" href=\"https:\/\/www.artisanlocal.ch\/c\/facilitez-votre-demenagement-a-fetigny\/\" \/>\n<meta property=\"og:locale\" content=\"fr_FR\" \/>\n<meta property=\"og:type\" content=\"article\" \/>\n<meta property=\"og:title\" content=\"Facilitez votre d\u00e9m\u00e9nagement \u00e0 F\u00e9tigny\" \/>\n<meta property=\"og:description\" content=\"D\u00e9m\u00e9nager \u00e0 F\u00e9tigny ne doit pas \u00eatre une source de stress. Une fois que vous avez trouv\u00e9 votre appartement et que vous avez d\u00e9termin\u00e9 la date du d\u00e9m\u00e9nagement, vous vous demandez peut-\u00eatre comment pr\u00e9parer au mieux votre d\u00e9m\u00e9nagement et votre installation ? En faisant appel \u00e0 notre entreprise \u00e0 F\u00e9tigny, vous \u00e9chappez aux situations stressantes, [&hellip;]\" \/>\n<meta property=\"og:url\" content=\"https:\/\/www.artisanlocal.ch\/c\/facilitez-votre-demenagement-a-fetigny\/\" \/>\n<meta property=\"og:site_name\" content=\"Artisanlocal\" \/>\n<meta property=\"article:modified_time\" content=\"2025-08-26T17:28:00+00:00\" \/>\n<meta property=\"og:image\" content=\"https:\/\/www.artisanlocal.ch\/c\/wp-content\/uploads\/2024\/10\/demenageur.jpg\" \/>\n\t<meta property=\"og:image:width\" content=\"1920\" \/>\n\t<meta property=\"og:image:height\" content=\"300\" \/>\n\t<meta property=\"og:image:type\" content=\"image\/jpeg\" \/>\n<meta name=\"twitter:card\" content=\"summary_large_image\" \/>\n<meta name=\"twitter:label1\" content=\"Dur\u00e9e de lecture estim\u00e9e\" \/>\n\t<meta name=\"twitter:data1\" content=\"5 minutes\" \/>\n<script type=\"application\/ld+json\" class=\"yoast-schema-graph\">{\"@context\":\"https:\\\/\\\/schema.org\",\"@graph\":[{\"@type\":\"WebPage\",\"@id\":\"https:\\\/\\\/www.artisanlocal.ch\\\/c\\\/facilitez-votre-demenagement-a-fetigny\\\/\",\"url\":\"https:\\\/\\\/www.artisanlocal.ch\\\/c\\\/facilitez-votre-demenagement-a-fetigny\\\/\",\"name\":\"Facilitez votre d\u00e9m\u00e9nagement \u00e0 F\u00e9tigny - Artisanlocal\",\"isPartOf\":{\"@id\":\"https:\\\/\\\/www.artisanlocal.ch\\\/c\\\/#website\"},\"primaryImageOfPage\":{\"@id\":\"https:\\\/\\\/www.artisanlocal.ch\\\/c\\\/facilitez-votre-demenagement-a-fetigny\\\/#primaryimage\"},\"image\":{\"@id\":\"https:\\\/\\\/www.artisanlocal.ch\\\/c\\\/facilitez-votre-demenagement-a-fetigny\\\/#primaryimage\"},\"thumbnailUrl\":\"https:\\\/\\\/www.artisanlocal.ch\\\/c\\\/wp-content\\\/uploads\\\/2024\\\/10\\\/demenageur.jpg\",\"datePublished\":\"2024-04-23T11:33:08+00:00\",\"dateModified\":\"2025-08-26T17:28:00+00:00\",\"breadcrumb\":{\"@id\":\"https:\\\/\\\/www.artisanlocal.ch\\\/c\\\/facilitez-votre-demenagement-a-fetigny\\\/#breadcrumb\"},\"inLanguage\":\"fr-FR\",\"potentialAction\":[{\"@type\":\"ReadAction\",\"target\":[\"https:\\\/\\\/www.artisanlocal.ch\\\/c\\\/facilitez-votre-demenagement-a-fetigny\\\/\"]}]},{\"@type\":\"ImageObject\",\"inLanguage\":\"fr-FR\",\"@id\":\"https:\\\/\\\/www.artisanlocal.ch\\\/c\\\/facilitez-votre-demenagement-a-fetigny\\\/#primaryimage\",\"url\":\"https:\\\/\\\/www.artisanlocal.ch\\\/c\\\/wp-content\\\/uploads\\\/2024\\\/10\\\/demenageur.jpg\",\"contentUrl\":\"https:\\\/\\\/www.artisanlocal.ch\\\/c\\\/wp-content\\\/uploads\\\/2024\\\/10\\\/demenageur.jpg\",\"width\":1920,\"height\":300},{\"@type\":\"BreadcrumbList\",\"@id\":\"https:\\\/\\\/www.artisanlocal.ch\\\/c\\\/facilitez-votre-demenagement-a-fetigny\\\/#breadcrumb\",\"itemListElement\":[{\"@type\":\"ListItem\",\"position\":1,\"name\":\"Accueil\",\"item\":\"https:\\\/\\\/www.artisanlocal.ch\\\/c\\\/\"},{\"@type\":\"ListItem\",\"position\":2,\"name\":\"Facilitez votre d\u00e9m\u00e9nagement \u00e0 F\u00e9tigny\"}]},{\"@type\":\"WebSite\",\"@id\":\"https:\\\/\\\/www.artisanlocal.ch\\\/c\\\/#website\",\"url\":\"https:\\\/\\\/www.artisanlocal.ch\\\/c\\\/\",\"name\":\"Artisanlocal\",\"description\":\"\",\"publisher\":{\"@id\":\"https:\\\/\\\/www.artisanlocal.ch\\\/c\\\/#organization\"},\"potentialAction\":[{\"@type\":\"SearchAction\",\"target\":{\"@type\":\"EntryPoint\",\"urlTemplate\":\"https:\\\/\\\/www.artisanlocal.ch\\\/c\\\/?s={search_term_string}\"},\"query-input\":{\"@type\":\"PropertyValueSpecification\",\"valueRequired\":true,\"valueName\":\"search_term_string\"}}],\"inLanguage\":\"fr-FR\"},{\"@type\":\"Organization\",\"@id\":\"https:\\\/\\\/www.artisanlocal.ch\\\/c\\\/#organization\",\"name\":\"Artisanlocal\",\"url\":\"https:\\\/\\\/www.artisanlocal.ch\\\/c\\\/\",\"logo\":{\"@type\":\"ImageObject\",\"inLanguage\":\"fr-FR\",\"@id\":\"https:\\\/\\\/www.artisanlocal.ch\\\/c\\\/#\\\/schema\\\/logo\\\/image\\\/\",\"url\":\"https:\\\/\\\/www.artisanlocal.ch\\\/c\\\/wp-content\\\/uploads\\\/2024\\\/02\\\/logo-artisanlocal-h.svg\",\"contentUrl\":\"https:\\\/\\\/www.artisanlocal.ch\\\/c\\\/wp-content\\\/uploads\\\/2024\\\/02\\\/logo-artisanlocal-h.svg\",\"caption\":\"Artisanlocal\"},\"image\":{\"@id\":\"https:\\\/\\\/www.artisanlocal.ch\\\/c\\\/#\\\/schema\\\/logo\\\/image\\\/\"}}]}<\/script>\n<!-- \/ Yoast SEO Premium plugin. -->","yoast_head_json":{"title":"Facilitez votre d\u00e9m\u00e9nagement \u00e0 F\u00e9tigny - Artisanlocal","robots":{"index":"index","follow":"follow","max-snippet":"max-snippet:-1","max-image-preview":"max-image-preview:large","max-video-preview":"max-video-preview:-1"},"canonical":"https:\/\/www.artisanlocal.ch\/c\/facilitez-votre-demenagement-a-fetigny\/","og_locale":"fr_FR","og_type":"article","og_title":"Facilitez votre d\u00e9m\u00e9nagement \u00e0 F\u00e9tigny","og_description":"D\u00e9m\u00e9nager \u00e0 F\u00e9tigny ne doit pas \u00eatre une source de stress. Une fois que vous avez trouv\u00e9 votre appartement et que vous avez d\u00e9termin\u00e9 la date du d\u00e9m\u00e9nagement, vous vous demandez peut-\u00eatre comment pr\u00e9parer au mieux votre d\u00e9m\u00e9nagement et votre installation ? En faisant appel \u00e0 notre entreprise \u00e0 F\u00e9tigny, vous \u00e9chappez aux situations stressantes, [&hellip;]","og_url":"https:\/\/www.artisanlocal.ch\/c\/facilitez-votre-demenagement-a-fetigny\/","og_site_name":"Artisanlocal","article_modified_time":"2025-08-26T17:28:00+00:00","og_image":[{"width":1920,"height":300,"url":"https:\/\/www.artisanlocal.ch\/c\/wp-content\/uploads\/2024\/10\/demenageur.jpg","type":"image\/jpeg"}],"twitter_card":"summary_large_image","twitter_misc":{"Dur\u00e9e de lecture estim\u00e9e":"5 minutes"},"schema":{"@context":"https:\/\/schema.org","@graph":[{"@type":"WebPage","@id":"https:\/\/www.artisanlocal.ch\/c\/facilitez-votre-demenagement-a-fetigny\/","url":"https:\/\/www.artisanlocal.ch\/c\/facilitez-votre-demenagement-a-fetigny\/","name":"Facilitez votre d\u00e9m\u00e9nagement \u00e0 F\u00e9tigny - Artisanlocal","isPartOf":{"@id":"https:\/\/www.artisanlocal.ch\/c\/#website"},"primaryImageOfPage":{"@id":"https:\/\/www.artisanlocal.ch\/c\/facilitez-votre-demenagement-a-fetigny\/#primaryimage"},"image":{"@id":"https:\/\/www.artisanlocal.ch\/c\/facilitez-votre-demenagement-a-fetigny\/#primaryimage"},"thumbnailUrl":"https:\/\/www.artisanlocal.ch\/c\/wp-content\/uploads\/2024\/10\/demenageur.jpg","datePublished":"2024-04-23T11:33:08+00:00","dateModified":"2025-08-26T17:28:00+00:00","breadcrumb":{"@id":"https:\/\/www.artisanlocal.ch\/c\/facilitez-votre-demenagement-a-fetigny\/#breadcrumb"},"inLanguage":"fr-FR","potentialAction":[{"@type":"ReadAction","target":["https:\/\/www.artisanlocal.ch\/c\/facilitez-votre-demenagement-a-fetigny\/"]}]},{"@type":"ImageObject","inLanguage":"fr-FR","@id":"https:\/\/www.artisanlocal.ch\/c\/facilitez-votre-demenagement-a-fetigny\/#primaryimage","url":"https:\/\/www.artisanlocal.ch\/c\/wp-content\/uploads\/2024\/10\/demenageur.jpg","contentUrl":"https:\/\/www.artisanlocal.ch\/c\/wp-content\/uploads\/2024\/10\/demenageur.jpg","width":1920,"height":300},{"@type":"BreadcrumbList","@id":"https:\/\/www.artisanlocal.ch\/c\/facilitez-votre-demenagement-a-fetigny\/#breadcrumb","itemListElement":[{"@type":"ListItem","position":1,"name":"Accueil","item":"https:\/\/www.artisanlocal.ch\/c\/"},{"@type":"ListItem","position":2,"name":"Facilitez votre d\u00e9m\u00e9nagement \u00e0 F\u00e9tigny"}]},{"@type":"WebSite","@id":"https:\/\/www.artisanlocal.ch\/c\/#website","url":"https:\/\/www.artisanlocal.ch\/c\/","name":"Artisanlocal","description":"","publisher":{"@id":"https:\/\/www.artisanlocal.ch\/c\/#organization"},"potentialAction":[{"@type":"SearchAction","target":{"@type":"EntryPoint","urlTemplate":"https:\/\/www.artisanlocal.ch\/c\/?s={search_term_string}"},"query-input":{"@type":"PropertyValueSpecification","valueRequired":true,"valueName":"search_term_string"}}],"inLanguage":"fr-FR"},{"@type":"Organization","@id":"https:\/\/www.artisanlocal.ch\/c\/#organization","name":"Artisanlocal","url":"https:\/\/www.artisanlocal.ch\/c\/","logo":{"@type":"ImageObject","inLanguage":"fr-FR","@id":"https:\/\/www.artisanlocal.ch\/c\/#\/schema\/logo\/image\/","url":"https:\/\/www.artisanlocal.ch\/c\/wp-content\/uploads\/2024\/02\/logo-artisanlocal-h.svg","contentUrl":"https:\/\/www.artisanlocal.ch\/c\/wp-content\/uploads\/2024\/02\/logo-artisanlocal-h.svg","caption":"Artisanlocal"},"image":{"@id":"https:\/\/www.artisanlocal.ch\/c\/#\/schema\/logo\/image\/"}}]}},"_links":{"self":[{"href":"https:\/\/www.artisanlocal.ch\/c\/wp-json\/wp\/v2\/pages\/911","targetHints":{"allow":["GET"]}}],"collection":[{"href":"https:\/\/www.artisanlocal.ch\/c\/wp-json\/wp\/v2\/pages"}],"about":[{"href":"https:\/\/www.artisanlocal.ch\/c\/wp-json\/wp\/v2\/types\/page"}],"author":[{"embeddable":true,"href":"https:\/\/www.artisanlocal.ch\/c\/wp-json\/wp\/v2\/users\/4"}],"replies":[{"embeddable":true,"href":"https:\/\/www.artisanlocal.ch\/c\/wp-json\/wp\/v2\/comments?post=911"}],"version-history":[{"count":0,"href":"https:\/\/www.artisanlocal.ch\/c\/wp-json\/wp\/v2\/pages\/911\/revisions"}],"wp:featuredmedia":[{"embeddable":true,"href":"https:\/\/www.artisanlocal.ch\/c\/wp-json\/wp\/v2\/media\/2759"}],"wp:attachment":[{"href":"https:\/\/www.artisanlocal.ch\/c\/wp-json\/wp\/v2\/media?parent=911"}],"wp:term":[{"taxonomy":"profession","embeddable":true,"href":"https:\/\/www.artisanlocal.ch\/c\/wp-json\/wp\/v2\/profession?post=911"},{"taxonomy":"location","embeddable":true,"href":"https:\/\/www.artisanlocal.ch\/c\/wp-json\/wp\/v2\/location?post=911"},{"taxonomy":"canton","embeddable":true,"href":"https:\/\/www.artisanlocal.ch\/c\/wp-json\/wp\/v2\/canton?post=911"}],"curies":[{"name":"wp","href":"https:\/\/api.w.org\/{rel}","templated":true}]}}